{"id":1244,"date":"2025-02-06T21:22:25","date_gmt":"2025-02-06T20:22:25","guid":{"rendered":"https:\/\/planet-ka.de\/?page_id=1244"},"modified":"2025-09-27T12:36:45","modified_gmt":"2025-09-27T10:36:45","slug":"besucherinfos","status":"publish","type":"page","link":"https:\/\/planet-ka.de\/en\/besucherinfos\/","title":{"rendered":"Ihr Besuch"},"content":{"rendered":"<div class=\"wp-block-media-text is-stacked-on-mobile\" style=\"grid-template-columns:41% auto\"><figure class=\"wp-block-media-text__media\"><img loading=\"lazy\" decoding=\"async\" width=\"873\" height=\"922\" src=\"https:\/\/planet-ka.de\/wp-content\/uploads\/2025\/02\/marslandung-2002271756418478.webp\" alt=\"\" class=\"wp-image-1245 size-full\" srcset=\"https:\/\/planet-ka.de\/wp-content\/uploads\/2025\/02\/marslandung-2002271756418478.webp 873w, https:\/\/planet-ka.de\/wp-content\/uploads\/2025\/02\/marslandung-2002271756418478-284x300.webp 284w, https:\/\/planet-ka.de\/wp-content\/uploads\/2025\/02\/marslandung-2002271756418478-768x811.webp 768w\" sizes=\"auto, (max-width: 873px) 100vw, 873px\" \/><\/figure><div class=\"wp-block-media-text__content\">\n<h2 class=\"wp-block-heading\" id=\"0-willkommen-auf-planet-ka\">Willkommen auf PLANET KA<\/h2>\n\n\n\n<h3 class=\"wp-block-heading\" id=\"1-dem-neuen-planetarium-karlsruhe\">dem neuen Planetarium Karlsruhe!<\/h3>\n\n\n\n<div style=\"height:55px\" aria-hidden=\"true\" class=\"wp-block-spacer\"><\/div>\n\n\n\n<p class=\"has-medium-font-size\">Wir w\u00fcnschen einen angenehmen Aufenthalt <br>mit wahrhaft &#8222;himmlischen&#8220; Ausblicken!<\/p>\n\n\n\n<div style=\"height:32px\" aria-hidden=\"true\" class=\"wp-block-spacer\"><\/div>\n\n\n\n<p class=\"has-medium-font-size\">Sternstunden garantiert.<\/p>\n<\/div><\/div>\n\n\n\n<div style=\"height:49px\" aria-hidden=\"true\" class=\"wp-block-spacer\"><\/div>\n\n\n\n<h3 class=\"wp-block-heading\" id=\"2-wichtige-informationen\">Wichtige Informationen zu Ihrem Besuch<\/h3>\n\n\n\n<p>Auf den folgenden Seiten erhalten Sie Informationen zu <\/p>\n\n\n<ul>\n<li><a href=\"https:\/\/planet-ka.de\/en\/contact\/\">Anreise und Kontakt<\/a> &#8211; hier auch zu Parkm\u00f6glichkeiten<\/li>\n<li><a href=\"https:\/\/planet-ka.de\/en\/eintrittspreise-oeffnungszeiten\/\">Eintrittspreisen und \u00d6ffnungszeiten<\/a><\/li>\n<li><a href=\"https:\/\/planet-ka.de\/en\/barrierefreiheit\/\">Accessibility<\/a><\/li>\n<li>sowie den <a href=\"#besuchsregeln\">allgemeinen Besuchsregeln<\/a><\/li>\n<\/ul>\n\n\n<p>F\u00fcr alle weiteren Fragen kontaktieren Sie uns gern im Vorfeld.<\/p>\n\n\n\n<div style=\"height:59px\" aria-hidden=\"true\" class=\"wp-block-spacer\"><\/div>\n\n\n<div class=\"wp-block-ub-divider ub_divider ub-divider-orientation-horizontal\" id=\"ub_divider_4dd29071-1490-4127-a0a7-83d48137090e\"><div class=\"ub_divider_wrapper\" style=\"position: relative; margin-bottom: 2px; width: 100%; height: 2px; \" data-divider-alignment=\"center\"><div class=\"ub_divider_line\" style=\"border-top: 2px solid #ccc; margin-top: 2px; \"><\/div><\/div><\/div>\n\n\n<div style=\"height:22px\" aria-hidden=\"true\" class=\"wp-block-spacer\"><\/div>\n\n\n\n<h3 class=\"wp-block-heading\" id=\"besuchsregeln\">Alle n\u00f6tigen Informationen zu Besuch und Aufenthalt beim PLANET KA<\/h3>\n\n\n\n<ol class=\"wp-block-list\">\n<li>Bitte beachten Sie unser Veranstaltungsprogramm sowie die individuell buchbaren Angebote. <strong>Ein Besuch des Planetariums ist nur zu einer \u00f6ffentlichen Veranstaltung oder nach vorheriger individueller Terminbuchung m\u00f6glich.<\/strong> Wir haben in dem Sinne also keine &#8222;\u00d6ffnungszeiten&#8220;, wo man &#8222;einfach so&#8220; kommen kann. Der Besuch ist nur in Verbindung zu einer Veranstaltung m\u00f6glich. F\u00fcr die \u00f6ffentlichen Veranstaltungen empfiehlt sich ein Online-Ticketkauf vorab, um eine Platzgarantie zu haben. Ohne vorab erworbenes g\u00fcltiges Ticket k\u00f6nnen wir Ihnen leider keine Platzgarantie geben. Restkarten sind nicht immer, und wenn, dann meist nur in sehr begrenzter Zahl vorhanden.<br><\/li>\n\n\n\n<li>Ein <strong>Nacheinlass<\/strong> ist leider <strong><span style=\"text-decoration: underline;\">nicht m\u00f6glich<\/span><\/strong>. Nicht eingel\u00f6ste Tickets verlieren mit Beginn der Veranstaltung ihre G\u00fcltigkeit und es besteht kein Anspruch auf Erstattung oder Umbuchung. Bitte seien Sie daher p\u00fcnktlich und am besten sp\u00e4testens 5-10 Minuten vor Beginn vor Ort. Die Tages- \/ Abendkasse schlie\u00dft sp\u00e4testens 5 Minuten vor Beginn der Veranstaltung. Wir empfehlen eine Online-Ticketbuchung vorab. Es gibt keine Garantie f\u00fcr Restkarten. <br>Der Einlass beginnt in aller Regel ca. 25-30 Minuten vor Veranstaltungsbeginn. Vorher ist kein Zutritt zum Geb\u00e4ude m\u00f6glich (auch nicht zum Foyer mit Sanit\u00e4rbereich). Bitte richten Sie Ihre Ankunft so ein, dass Sie fr\u00fchestens 30 Minuten vor Beginn vor Ort sind, um Wartezeiten vor verschlossener T\u00fcr zu vermeiden. Wir bitten um Verst\u00e4ndnis, dass es bei \u00dcberziehung einzelner Veranstaltung oder durch au\u00dfergew\u00f6hnliche Vorkommnisse dennoch zu einem versp\u00e4teten Einlass und einer entsprechenden Wartezeit kommen kann. Bislang lagen diese ausnahmsweisen Versp\u00e4tungen in der Gr\u00f6\u00dfenordnung von maximal 5-10 Minuten (also Einlass erst 25-20 Minuten vor Beginn).<br>Sie k\u00f6nnen sich in der Zeit zwischen Einlass und Beginn in unserer Ausstellung umsehen, es sich in unserem Wartebereich gem\u00fctlich machen oder in unserem kleinen Museumsshop ein paar Souvenirs erwerben.<br><\/li>\n\n\n\n<li>W\u00e4hrend einer laufenden Veranstaltung bleiben die Haust\u00fcren geschlossen. Ein Einlass ins Geb\u00e4ude ist dann nicht m\u00f6glich &#8211; auch nicht, wenn es nur um Informationen oder um den Kauf von Tickets oder Postkarten oder dgl. geht. Sofern Sie ein Anliegen haben, und keine gebuchte Veranstaltung besuchen, bitten wir um vorherige Terminabsprache. Nur so k\u00f6nnen wir sicherstellen, dass Sie nicht vor verschlossener T\u00fcre stehen. Am besten fragen Sie bitte per Mail oder Telefon vorher an!<br><\/li>\n\n\n\n<li>Wenn ein Gast den Kuppelraum w\u00e4hrend einer laufenden Veranstaltung verlassen muss, besteht kein Anspruch und keine Garantie auf Wiedereinlass. Eine R\u00fcckerstattung, auch von Teilbetr\u00e4gen, ist ausgeschlossen.<br><\/li>\n\n\n\n<li>Kinder und Jugendliche bis einschlie\u00dflich 15 Jahren haben nur in Begleitung einer erwachsenen Aufsichtsperson Zutritt. Kinder sollten generell erst ab einem Alter von etwa 4 bis 5 Jahren (je nach Entwicklung) ins Planetarium mitgenommen werden. J\u00fcngere Kinder sind von den Eindr\u00fccken oft eher \u00fcberfordert und bekommen im Dunkeln Angst. Veranstaltungen und Angebote richten sich daher ausdr\u00fccklich erst an Kinder ab 4 Jahren. <br>Sollten ausnahmsweise j\u00fcngere Kinder (unter 4 Jahren) mitgenommen werden m\u00fcssen, so ben\u00f6tigen diese bei Buchung dennoch eine (kostenlose) Platzkarte. Oft kommt es vor, dass diese Kleinkinder w\u00e4hrend der laufenden Vorstellung unruhig werden und den Saal verlassen m\u00f6chten &#8211; selbstverst\u00e4ndlich dann bitte nur in Begleitung einer erziehungsbeauftragten Person. Im Seminarraum haben wir eine Spielecke eingerichtet, wo der Aufenthalt w\u00e4hrend der restlichen Veranstaltung m\u00f6glich ist. Eine R\u00fcck- oder auch nur Teilerstattung von Tickets ist deswegen weiterhin nicht m\u00f6glich.<br><\/li>\n\n\n\n<li>Mobiltelefone und sonstige elektronische Ger\u00e4te sind w\u00e4hrend des gesamten Aufenthalts im PLANET KA bitte ausgeschaltet bzw. stummgeschaltet und in Taschen zu verwahren. Foto-, Film- und Audioaufnahmen sind, auch zum Schutz und im Interesse anderer G\u00e4ste, nicht gestattet.  <br>Im \u00dcbrigen gilt unsere Film- und Fotorichtlinie, wie am Eingang ausgeh\u00e4ngt, deren G\u00fcltigkeit mit Betreten der R\u00e4umlichkeiten als akzeptiert gilt.<br><\/li>\n\n\n\n<li>Essen und Trinken sind im Planetarium w\u00e4hrend der laufenden Veranstaltung nicht gestattet. Im Aufenthaltsraum (Wartebereich) besteht u.U. die M\u00f6glichkeit, sich vor oder nach einer Veranstaltung mit mitgebrachter Verpflegung kurz zu st\u00e4rken. Bei sch\u00f6nem Wetter empfehlen wir hierf\u00fcr freilich den direkt vor der T\u00fcr beginnenden Park sowie, wetterunabh\u00e4ngig, die zahlreichen gastronomischen Angebot der n\u00e4heren Umgebung (alle in gut 5 Minuten fu\u00dfl\u00e4ufig erreichbar).<br>Insbesondere auch Glasflaschen, offene Getr\u00e4nke u.\u00e4. sind in der Kuppel nicht erlaubt; ebensowenig wie gro\u00dfe Taschen, Koffer, Rucks\u00e4cke, spitze oder lange Gegenst\u00e4nde wie z.B. Regenschirme oder andere gef\u00e4hrliche Gegenst\u00e4nde. Die Entscheidung hier\u00fcber, was in die Kuppel mitgenommen werden darf und was nicht, obliegt dem Personal vor Ort und ist zu befolgen.<br><\/li>\n\n\n\n<li>Tiere haben keine Zutritt. Ausgenommen sind Assistenztiere. Wir bitten um vorherige Anmeldung; eine entsprechende Bescheinigung ist vorzuweisen.<br><\/li>\n\n\n\n<li>Im Bereich von Planetarium und Ausstellung gibt es empfindliche Ger\u00e4te und Gegenst\u00e4nde. Wir bitten unsere G\u00e4ste um r\u00fccksichtsvolles und ruhiges Verhalten. Insbesondere ist Spielen und Toben f\u00fcr Kinder hier bitte nicht m\u00f6glich &#8211; auch daf\u00fcr bietet sich der Park vor der T\u00fcr an! Eltern haften f\u00fcr ihre Kinder. <br>Insbesondere in den Abendstunden, aber auch an Sonn- und Feiertagen, sowie generell, wird um R\u00fccksicht auf die umliegende Nachbarschaft gebeten. Alkoholkonsum oder Rauchen ist in bzw. im direkten Umfeld des Planetariums daher nicht gestattet. Personen, die es an R\u00fccksicht oder Respekt fehlen lassen, k\u00f6nnen des Ortes verwiesen werden (Hausrecht).<br><\/li>\n\n\n\n<li>Den Anweisungen des Personals &#8211; insbesondere auch im Gefahrfall &#8211; ist bitte unbedingt Folge zu leisten, um geordnete Abl\u00e4ufe und gr\u00f6\u00dftm\u00f6gliche Sicherheit f\u00fcr alle zu gew\u00e4hrleisten.<\/li>\n<\/ol>","protected":false},"excerpt":{"rendered":"<p>Wichtige Informationen zu Ihrem Besuch Auf den folgenden Seiten erhalten Sie Informationen zu Anreise und Kontakt &#8211; hier auch zu Parkm\u00f6glichkeiten Eintrittspreisen und \u00d6ffnungszeiten Barrierefreiheit sowie den allgemeinen Besuchsregeln F\u00fcr alle weiteren Fragen kontaktieren Sie uns gern im Vorfeld. Alle<\/p>","protected":false},"author":1,"featured_media":0,"parent":0,"menu_order":0,"comment_status":"closed","ping_status":"closed","template":"","meta":{"footnotes":""},"class_list":["post-1244","page","type-page","status-publish","hentry","","tg-column-two"],"featured_image_src":null,"yoast_head":"<!-- This site is optimized with the Yoast SEO plugin v27.3 - https:\/\/yoast.com\/product\/yoast-seo-wordpress\/ -->\n<title>Ihr Besuch - PLANET KA<\/title>\n<meta name=\"description\" content=\"So planen Sie Ihren Besuch im neuen Planetarium Karlsruhe: Anfahrt, Parken, Barrierefreiheit &amp; hilfreiche Infos f\u00fcr Familien.\" \/>\n<meta name=\"robots\" content=\"index, follow, max-snippet:-1, max-image-preview:large, max-video-preview:-1\" \/>\n<link rel=\"canonical\" href=\"https:\/\/planet-ka.de\/en\/besucherinfos\/\" \/>\n<meta property=\"og:locale\" content=\"en_US\" \/>\n<meta property=\"og:type\" content=\"article\" \/>\n<meta property=\"og:title\" content=\"Ihr Besuch - PLANET KA\" \/>\n<meta property=\"og:description\" content=\"So planen Sie Ihren Besuch im neuen Planetarium Karlsruhe: Anfahrt, Parken, Barrierefreiheit &amp; hilfreiche Infos f\u00fcr Familien.\" \/>\n<meta property=\"og:url\" content=\"https:\/\/planet-ka.de\/en\/besucherinfos\/\" \/>\n<meta property=\"og:site_name\" content=\"PLANET KA\" \/>\n<meta property=\"article:publisher\" content=\"https:\/\/www.facebook.com\/people\/Planet-KA-Planetarium-Karlsruhe\/61573710254024\/\" \/>\n<meta property=\"article:modified_time\" content=\"2025-09-27T10:36:45+00:00\" \/>\n<meta property=\"og:image\" content=\"https:\/\/planet-ka.de\/wp-content\/uploads\/2025\/02\/marslandung-2002271756418478.webp\" \/>\n\t<meta property=\"og:image:width\" content=\"873\" \/>\n\t<meta property=\"og:image:height\" content=\"922\" \/>\n\t<meta property=\"og:image:type\" content=\"image\/webp\" \/>\n<script type=\"application\/ld+json\" class=\"yoast-schema-graph\">{\"@context\":\"https:\\\/\\\/schema.org\",\"@graph\":[{\"@type\":\"WebPage\",\"@id\":\"https:\\\/\\\/planet-ka.de\\\/besucherinfos\\\/\",\"url\":\"https:\\\/\\\/planet-ka.de\\\/besucherinfos\\\/\",\"name\":\"Ihr Besuch - PLANET KA\",\"isPartOf\":{\"@id\":\"https:\\\/\\\/planet-ka.de\\\/#website\"},\"primaryImageOfPage\":{\"@id\":\"https:\\\/\\\/planet-ka.de\\\/besucherinfos\\\/#primaryimage\"},\"image\":{\"@id\":\"https:\\\/\\\/planet-ka.de\\\/besucherinfos\\\/#primaryimage\"},\"thumbnailUrl\":\"https:\\\/\\\/planet-ka.de\\\/wp-content\\\/uploads\\\/2025\\\/02\\\/marslandung-2002271756418478.webp\",\"datePublished\":\"2025-02-06T20:22:25+00:00\",\"dateModified\":\"2025-09-27T10:36:45+00:00\",\"description\":\"So planen Sie Ihren Besuch im neuen Planetarium Karlsruhe: Anfahrt, Parken, Barrierefreiheit & hilfreiche Infos f\u00fcr Familien.\",\"breadcrumb\":{\"@id\":\"https:\\\/\\\/planet-ka.de\\\/besucherinfos\\\/#breadcrumb\"},\"inLanguage\":\"en-US\",\"potentialAction\":[{\"@type\":\"ReadAction\",\"target\":[\"https:\\\/\\\/planet-ka.de\\\/besucherinfos\\\/\"]}]},{\"@type\":\"ImageObject\",\"inLanguage\":\"en-US\",\"@id\":\"https:\\\/\\\/planet-ka.de\\\/besucherinfos\\\/#primaryimage\",\"url\":\"https:\\\/\\\/planet-ka.de\\\/wp-content\\\/uploads\\\/2025\\\/02\\\/marslandung-2002271756418478.webp\",\"contentUrl\":\"https:\\\/\\\/planet-ka.de\\\/wp-content\\\/uploads\\\/2025\\\/02\\\/marslandung-2002271756418478.webp\"},{\"@type\":\"BreadcrumbList\",\"@id\":\"https:\\\/\\\/planet-ka.de\\\/besucherinfos\\\/#breadcrumb\",\"itemListElement\":[{\"@type\":\"ListItem\",\"position\":1,\"name\":\"Startseite\",\"item\":\"https:\\\/\\\/planet-ka.de\\\/\"},{\"@type\":\"ListItem\",\"position\":2,\"name\":\"Ihr Besuch\"}]},{\"@type\":\"WebSite\",\"@id\":\"https:\\\/\\\/planet-ka.de\\\/#website\",\"url\":\"https:\\\/\\\/planet-ka.de\\\/\",\"name\":\"PLANET KA\",\"description\":\"Faszination Kosmos\",\"publisher\":{\"@id\":\"https:\\\/\\\/planet-ka.de\\\/#organization\"},\"potentialAction\":[{\"@type\":\"SearchAction\",\"target\":{\"@type\":\"EntryPoint\",\"urlTemplate\":\"https:\\\/\\\/planet-ka.de\\\/?s={search_term_string}\"},\"query-input\":{\"@type\":\"PropertyValueSpecification\",\"valueRequired\":true,\"valueName\":\"search_term_string\"}}],\"inLanguage\":\"en-US\"},{\"@type\":\"Organization\",\"@id\":\"https:\\\/\\\/planet-ka.de\\\/#organization\",\"name\":\"PLANET KA\",\"url\":\"https:\\\/\\\/planet-ka.de\\\/\",\"logo\":{\"@type\":\"ImageObject\",\"inLanguage\":\"en-US\",\"@id\":\"https:\\\/\\\/planet-ka.de\\\/#\\\/schema\\\/logo\\\/image\\\/\",\"url\":\"https:\\\/\\\/planet-ka.de\\\/wp-content\\\/uploads\\\/2025\\\/03\\\/cropped-Logo-Banner-Website-Jan-25_19.png\",\"contentUrl\":\"https:\\\/\\\/planet-ka.de\\\/wp-content\\\/uploads\\\/2025\\\/03\\\/cropped-Logo-Banner-Website-Jan-25_19.png\",\"width\":225,\"height\":66,\"caption\":\"PLANET KA\"},\"image\":{\"@id\":\"https:\\\/\\\/planet-ka.de\\\/#\\\/schema\\\/logo\\\/image\\\/\"},\"sameAs\":[\"https:\\\/\\\/www.facebook.com\\\/people\\\/Planet-KA-Planetarium-Karlsruhe\\\/61573710254024\\\/\",\"https:\\\/\\\/www.instagram.com\\\/planetarium_karlsruhe\\\/\"]}]}<\/script>\n<!-- \/ Yoast SEO plugin. -->","yoast_head_json":{"title":"Ihr Besuch - PLANET KA","description":"So planen Sie Ihren Besuch im neuen Planetarium Karlsruhe: Anfahrt, Parken, Barrierefreiheit & hilfreiche Infos f\u00fcr Familien.","robots":{"index":"index","follow":"follow","max-snippet":"max-snippet:-1","max-image-preview":"max-image-preview:large","max-video-preview":"max-video-preview:-1"},"canonical":"https:\/\/planet-ka.de\/en\/besucherinfos\/","og_locale":"en_US","og_type":"article","og_title":"Ihr Besuch - PLANET KA","og_description":"So planen Sie Ihren Besuch im neuen Planetarium Karlsruhe: Anfahrt, Parken, Barrierefreiheit & hilfreiche Infos f\u00fcr Familien.","og_url":"https:\/\/planet-ka.de\/en\/besucherinfos\/","og_site_name":"PLANET KA","article_publisher":"https:\/\/www.facebook.com\/people\/Planet-KA-Planetarium-Karlsruhe\/61573710254024\/","article_modified_time":"2025-09-27T10:36:45+00:00","og_image":[{"width":873,"height":922,"url":"https:\/\/planet-ka.de\/wp-content\/uploads\/2025\/02\/marslandung-2002271756418478.webp","type":"image\/webp"}],"schema":{"@context":"https:\/\/schema.org","@graph":[{"@type":"WebPage","@id":"https:\/\/planet-ka.de\/besucherinfos\/","url":"https:\/\/planet-ka.de\/besucherinfos\/","name":"Ihr Besuch - PLANET KA","isPartOf":{"@id":"https:\/\/planet-ka.de\/#website"},"primaryImageOfPage":{"@id":"https:\/\/planet-ka.de\/besucherinfos\/#primaryimage"},"image":{"@id":"https:\/\/planet-ka.de\/besucherinfos\/#primaryimage"},"thumbnailUrl":"https:\/\/planet-ka.de\/wp-content\/uploads\/2025\/02\/marslandung-2002271756418478.webp","datePublished":"2025-02-06T20:22:25+00:00","dateModified":"2025-09-27T10:36:45+00:00","description":"So planen Sie Ihren Besuch im neuen Planetarium Karlsruhe: Anfahrt, Parken, Barrierefreiheit & hilfreiche Infos f\u00fcr Familien.","breadcrumb":{"@id":"https:\/\/planet-ka.de\/besucherinfos\/#breadcrumb"},"inLanguage":"en-US","potentialAction":[{"@type":"ReadAction","target":["https:\/\/planet-ka.de\/besucherinfos\/"]}]},{"@type":"ImageObject","inLanguage":"en-US","@id":"https:\/\/planet-ka.de\/besucherinfos\/#primaryimage","url":"https:\/\/planet-ka.de\/wp-content\/uploads\/2025\/02\/marslandung-2002271756418478.webp","contentUrl":"https:\/\/planet-ka.de\/wp-content\/uploads\/2025\/02\/marslandung-2002271756418478.webp"},{"@type":"BreadcrumbList","@id":"https:\/\/planet-ka.de\/besucherinfos\/#breadcrumb","itemListElement":[{"@type":"ListItem","position":1,"name":"Startseite","item":"https:\/\/planet-ka.de\/"},{"@type":"ListItem","position":2,"name":"Ihr Besuch"}]},{"@type":"WebSite","@id":"https:\/\/planet-ka.de\/#website","url":"https:\/\/planet-ka.de\/","name":"PLANET KA","description":"Cosmic Fascination","publisher":{"@id":"https:\/\/planet-ka.de\/#organization"},"potentialAction":[{"@type":"SearchAction","target":{"@type":"EntryPoint","urlTemplate":"https:\/\/planet-ka.de\/?s={search_term_string}"},"query-input":{"@type":"PropertyValueSpecification","valueRequired":true,"valueName":"search_term_string"}}],"inLanguage":"en-US"},{"@type":"Organization","@id":"https:\/\/planet-ka.de\/#organization","name":"PLANET KA","url":"https:\/\/planet-ka.de\/","logo":{"@type":"ImageObject","inLanguage":"en-US","@id":"https:\/\/planet-ka.de\/#\/schema\/logo\/image\/","url":"https:\/\/planet-ka.de\/wp-content\/uploads\/2025\/03\/cropped-Logo-Banner-Website-Jan-25_19.png","contentUrl":"https:\/\/planet-ka.de\/wp-content\/uploads\/2025\/03\/cropped-Logo-Banner-Website-Jan-25_19.png","width":225,"height":66,"caption":"PLANET KA"},"image":{"@id":"https:\/\/planet-ka.de\/#\/schema\/logo\/image\/"},"sameAs":["https:\/\/www.facebook.com\/people\/Planet-KA-Planetarium-Karlsruhe\/61573710254024\/","https:\/\/www.instagram.com\/planetarium_karlsruhe\/"]}]}},"_links":{"self":[{"href":"https:\/\/planet-ka.de\/en\/wp-json\/wp\/v2\/pages\/1244","targetHints":{"allow":["GET"]}}],"collection":[{"href":"https:\/\/planet-ka.de\/en\/wp-json\/wp\/v2\/pages"}],"about":[{"href":"https:\/\/planet-ka.de\/en\/wp-json\/wp\/v2\/types\/page"}],"author":[{"embeddable":true,"href":"https:\/\/planet-ka.de\/en\/wp-json\/wp\/v2\/users\/1"}],"replies":[{"embeddable":true,"href":"https:\/\/planet-ka.de\/en\/wp-json\/wp\/v2\/comments?post=1244"}],"version-history":[{"count":9,"href":"https:\/\/planet-ka.de\/en\/wp-json\/wp\/v2\/pages\/1244\/revisions"}],"predecessor-version":[{"id":3046,"href":"https:\/\/planet-ka.de\/en\/wp-json\/wp\/v2\/pages\/1244\/revisions\/3046"}],"wp:attachment":[{"href":"https:\/\/planet-ka.de\/en\/wp-json\/wp\/v2\/media?parent=1244"}],"curies":[{"name":"wp","href":"https:\/\/api.w.org\/{rel}","templated":true}]}}