{"id":13,"date":"2014-04-26T16:58:25","date_gmt":"2014-04-26T16:58:25","guid":{"rendered":"http:\/\/demo.themegrill.com\/accelerate\/?page_id=13"},"modified":"2025-01-03T23:11:08","modified_gmt":"2025-01-03T22:11:08","slug":"cool-design","status":"publish","type":"page","link":"https:\/\/planet-ka.de\/en\/cool-design\/","title":{"rendered":"Space for you!"},"content":{"rendered":"<p class=\"paragraph ng-attr-widget\"><span class=\"ng-directive ng-binding\">Toffee cookie wafer candy cupcake drag\u00e9e powder. Pie bonbon souffl\u00e9. Chocolate biscuit chupa chups dessert chocolate powder pudding bear claw halvah. Carrot cake topping oat cake candy sugar plum.<\/span><\/p>\n\n\n<noscript>\r\n\t<div class=\"pretix-widget-no-script\">\r\n        JavaScript is disabled in your browser. To access our ticket shop without JavaScript, please click <a target=\"_blank\" rel=\"noopener\" href=\"https:\/\/pretix.eu\/teststernwarte\/\">here<\/a>.\t<\/div>\r\n<\/noscript>\r\n<pretix-widget event=\"https:\/\/pretix.eu\/teststernwarte\/\" class=\"wp-block-pretix-widget\"><\/pretix-widget>\n\n\n<pre class=\"wp-block-preformatted\">Lollipop gummi bears tart pastry applicake carrot cake macaroon. Lollipop lollipop jelly applicake cake cake souffl\u00e9 carrot cake.  chocolate bar tootsie roll. Lemon drops toffee lemon drops sugar plum brownie chocolate cake pastry gummies jelly-o.<\/pre>\n\n\n\n<p class=\"paragraph ng-attr-widget\"><span class=\"ng-directive ng-binding\">Pastry gingerbread wafer powder oat cake carrot cake sugar plum macaroon. Donut toffee tart jelly pudding. Candy canes caramels macaroon cookie dessert macaroon souffl\u00e9 chocolate cake.<\/span><\/p>\n\n\n\n<p class=\"paragraph ng-attr-widget\"><span class=\"ng-directive ng-binding\">Muffin drag\u00e9e icing pudding gummies. Dessert pastry halvah wafer chupa chups candy sugar plum. Cake chupa chups fruitcake candy canes pie.<\/span><\/p>\n\n\n\n<p class=\"paragraph ng-attr-widget\"><span class=\"ng-directive ng-binding\">Tiramisu croissant bear claw gingerbread jujubes. Wafer tiramisu chocolate bar candy canes tiramisu liquorice chocolate cake brownie. Bonbon cupcake bear claw halvah jujubes tootsie roll pudding.<\/span><\/p>","protected":false},"excerpt":{"rendered":"<p>Reisen Sie mit uns bis an die Anf\u00e4nge von Raum &#038; Zeit &#8211; einmal Urknall und zur\u00fcck! Sterne f\u00fcr alle!<\/p>","protected":false},"author":1,"featured_media":358,"parent":0,"menu_order":0,"comment_status":"closed","ping_status":"closed","template":"","meta":{"footnotes":""},"class_list":["post-13","page","type-page","status-publish","has-post-thumbnail","hentry","","tg-column-two"],"featured_image_src":"https:\/\/planet-ka.de\/wp-content\/uploads\/2024\/05\/cosmic_cliff_1-sixteen_nine.jpg","yoast_head":"<!-- This site is optimized with the Yoast SEO plugin v27.3 - https:\/\/yoast.com\/product\/yoast-seo-wordpress\/ -->\n<title>Space for you! - PLANET KA<\/title>\n<meta name=\"robots\" content=\"index, follow, max-snippet:-1, max-image-preview:large, max-video-preview:-1\" \/>\n<link rel=\"canonical\" href=\"https:\/\/planet-ka.de\/en\/cool-design\/\" \/>\n<meta property=\"og:locale\" content=\"en_US\" \/>\n<meta property=\"og:type\" content=\"article\" \/>\n<meta property=\"og:title\" content=\"Space for you! - PLANET KA\" \/>\n<meta property=\"og:description\" content=\"Reisen Sie mit uns bis an die Anf\u00e4nge von Raum &amp; Zeit - einmal Urknall und zur\u00fcck! Sterne f\u00fcr alle!\" \/>\n<meta property=\"og:url\" content=\"https:\/\/planet-ka.de\/en\/cool-design\/\" \/>\n<meta property=\"og:site_name\" content=\"PLANET KA\" \/>\n<meta property=\"article:publisher\" content=\"https:\/\/www.facebook.com\/people\/Planet-KA-Planetarium-Karlsruhe\/61573710254024\/\" \/>\n<meta property=\"article:modified_time\" content=\"2025-01-03T22:11:08+00:00\" \/>\n<meta property=\"og:image\" content=\"https:\/\/planet-ka.de\/wp-content\/uploads\/2024\/05\/cosmic_cliff_1-sixteen_nine.jpg\" \/>\n\t<meta property=\"og:image:width\" content=\"1200\" \/>\n\t<meta property=\"og:image:height\" content=\"675\" \/>\n\t<meta property=\"og:image:type\" content=\"image\/jpeg\" \/>\n<script type=\"application\/ld+json\" class=\"yoast-schema-graph\">{\"@context\":\"https:\\\/\\\/schema.org\",\"@graph\":[{\"@type\":\"WebPage\",\"@id\":\"https:\\\/\\\/planet-ka.de\\\/cool-design\\\/\",\"url\":\"https:\\\/\\\/planet-ka.de\\\/cool-design\\\/\",\"name\":\"Space for you! - PLANET KA\",\"isPartOf\":{\"@id\":\"https:\\\/\\\/planet-ka.de\\\/#website\"},\"primaryImageOfPage\":{\"@id\":\"https:\\\/\\\/planet-ka.de\\\/cool-design\\\/#primaryimage\"},\"image\":{\"@id\":\"https:\\\/\\\/planet-ka.de\\\/cool-design\\\/#primaryimage\"},\"thumbnailUrl\":\"https:\\\/\\\/planet-ka.de\\\/wp-content\\\/uploads\\\/2024\\\/05\\\/cosmic_cliff_1-sixteen_nine.jpg\",\"datePublished\":\"2014-04-26T16:58:25+00:00\",\"dateModified\":\"2025-01-03T22:11:08+00:00\",\"breadcrumb\":{\"@id\":\"https:\\\/\\\/planet-ka.de\\\/cool-design\\\/#breadcrumb\"},\"inLanguage\":\"en-US\",\"potentialAction\":[{\"@type\":\"ReadAction\",\"target\":[\"https:\\\/\\\/planet-ka.de\\\/cool-design\\\/\"]}]},{\"@type\":\"ImageObject\",\"inLanguage\":\"en-US\",\"@id\":\"https:\\\/\\\/planet-ka.de\\\/cool-design\\\/#primaryimage\",\"url\":\"https:\\\/\\\/planet-ka.de\\\/wp-content\\\/uploads\\\/2024\\\/05\\\/cosmic_cliff_1-sixteen_nine.jpg\",\"contentUrl\":\"https:\\\/\\\/planet-ka.de\\\/wp-content\\\/uploads\\\/2024\\\/05\\\/cosmic_cliff_1-sixteen_nine.jpg\",\"width\":1200,\"height\":675},{\"@type\":\"BreadcrumbList\",\"@id\":\"https:\\\/\\\/planet-ka.de\\\/cool-design\\\/#breadcrumb\",\"itemListElement\":[{\"@type\":\"ListItem\",\"position\":1,\"name\":\"Startseite\",\"item\":\"https:\\\/\\\/planet-ka.de\\\/\"},{\"@type\":\"ListItem\",\"position\":2,\"name\":\"Space for you!\"}]},{\"@type\":\"WebSite\",\"@id\":\"https:\\\/\\\/planet-ka.de\\\/#website\",\"url\":\"https:\\\/\\\/planet-ka.de\\\/\",\"name\":\"PLANET KA\",\"description\":\"Faszination Kosmos\",\"publisher\":{\"@id\":\"https:\\\/\\\/planet-ka.de\\\/#organization\"},\"potentialAction\":[{\"@type\":\"SearchAction\",\"target\":{\"@type\":\"EntryPoint\",\"urlTemplate\":\"https:\\\/\\\/planet-ka.de\\\/?s={search_term_string}\"},\"query-input\":{\"@type\":\"PropertyValueSpecification\",\"valueRequired\":true,\"valueName\":\"search_term_string\"}}],\"inLanguage\":\"en-US\"},{\"@type\":\"Organization\",\"@id\":\"https:\\\/\\\/planet-ka.de\\\/#organization\",\"name\":\"PLANET KA\",\"url\":\"https:\\\/\\\/planet-ka.de\\\/\",\"logo\":{\"@type\":\"ImageObject\",\"inLanguage\":\"en-US\",\"@id\":\"https:\\\/\\\/planet-ka.de\\\/#\\\/schema\\\/logo\\\/image\\\/\",\"url\":\"https:\\\/\\\/planet-ka.de\\\/wp-content\\\/uploads\\\/2025\\\/03\\\/cropped-Logo-Banner-Website-Jan-25_19.png\",\"contentUrl\":\"https:\\\/\\\/planet-ka.de\\\/wp-content\\\/uploads\\\/2025\\\/03\\\/cropped-Logo-Banner-Website-Jan-25_19.png\",\"width\":225,\"height\":66,\"caption\":\"PLANET KA\"},\"image\":{\"@id\":\"https:\\\/\\\/planet-ka.de\\\/#\\\/schema\\\/logo\\\/image\\\/\"},\"sameAs\":[\"https:\\\/\\\/www.facebook.com\\\/people\\\/Planet-KA-Planetarium-Karlsruhe\\\/61573710254024\\\/\",\"https:\\\/\\\/www.instagram.com\\\/planetarium_karlsruhe\\\/\"]}]}<\/script>\n<!-- \/ Yoast SEO plugin. -->","yoast_head_json":{"title":"Space for you! - PLANET KA","robots":{"index":"index","follow":"follow","max-snippet":"max-snippet:-1","max-image-preview":"max-image-preview:large","max-video-preview":"max-video-preview:-1"},"canonical":"https:\/\/planet-ka.de\/en\/cool-design\/","og_locale":"en_US","og_type":"article","og_title":"Space for you! - PLANET KA","og_description":"Reisen Sie mit uns bis an die Anf\u00e4nge von Raum & Zeit - einmal Urknall und zur\u00fcck! Sterne f\u00fcr alle!","og_url":"https:\/\/planet-ka.de\/en\/cool-design\/","og_site_name":"PLANET KA","article_publisher":"https:\/\/www.facebook.com\/people\/Planet-KA-Planetarium-Karlsruhe\/61573710254024\/","article_modified_time":"2025-01-03T22:11:08+00:00","og_image":[{"width":1200,"height":675,"url":"https:\/\/planet-ka.de\/wp-content\/uploads\/2024\/05\/cosmic_cliff_1-sixteen_nine.jpg","type":"image\/jpeg"}],"schema":{"@context":"https:\/\/schema.org","@graph":[{"@type":"WebPage","@id":"https:\/\/planet-ka.de\/cool-design\/","url":"https:\/\/planet-ka.de\/cool-design\/","name":"Space for you! - PLANET KA","isPartOf":{"@id":"https:\/\/planet-ka.de\/#website"},"primaryImageOfPage":{"@id":"https:\/\/planet-ka.de\/cool-design\/#primaryimage"},"image":{"@id":"https:\/\/planet-ka.de\/cool-design\/#primaryimage"},"thumbnailUrl":"https:\/\/planet-ka.de\/wp-content\/uploads\/2024\/05\/cosmic_cliff_1-sixteen_nine.jpg","datePublished":"2014-04-26T16:58:25+00:00","dateModified":"2025-01-03T22:11:08+00:00","breadcrumb":{"@id":"https:\/\/planet-ka.de\/cool-design\/#breadcrumb"},"inLanguage":"en-US","potentialAction":[{"@type":"ReadAction","target":["https:\/\/planet-ka.de\/cool-design\/"]}]},{"@type":"ImageObject","inLanguage":"en-US","@id":"https:\/\/planet-ka.de\/cool-design\/#primaryimage","url":"https:\/\/planet-ka.de\/wp-content\/uploads\/2024\/05\/cosmic_cliff_1-sixteen_nine.jpg","contentUrl":"https:\/\/planet-ka.de\/wp-content\/uploads\/2024\/05\/cosmic_cliff_1-sixteen_nine.jpg","width":1200,"height":675},{"@type":"BreadcrumbList","@id":"https:\/\/planet-ka.de\/cool-design\/#breadcrumb","itemListElement":[{"@type":"ListItem","position":1,"name":"Startseite","item":"https:\/\/planet-ka.de\/"},{"@type":"ListItem","position":2,"name":"Space for you!"}]},{"@type":"WebSite","@id":"https:\/\/planet-ka.de\/#website","url":"https:\/\/planet-ka.de\/","name":"PLANET KA","description":"Cosmic Fascination","publisher":{"@id":"https:\/\/planet-ka.de\/#organization"},"potentialAction":[{"@type":"SearchAction","target":{"@type":"EntryPoint","urlTemplate":"https:\/\/planet-ka.de\/?s={search_term_string}"},"query-input":{"@type":"PropertyValueSpecification","valueRequired":true,"valueName":"search_term_string"}}],"inLanguage":"en-US"},{"@type":"Organization","@id":"https:\/\/planet-ka.de\/#organization","name":"PLANET KA","url":"https:\/\/planet-ka.de\/","logo":{"@type":"ImageObject","inLanguage":"en-US","@id":"https:\/\/planet-ka.de\/#\/schema\/logo\/image\/","url":"https:\/\/planet-ka.de\/wp-content\/uploads\/2025\/03\/cropped-Logo-Banner-Website-Jan-25_19.png","contentUrl":"https:\/\/planet-ka.de\/wp-content\/uploads\/2025\/03\/cropped-Logo-Banner-Website-Jan-25_19.png","width":225,"height":66,"caption":"PLANET KA"},"image":{"@id":"https:\/\/planet-ka.de\/#\/schema\/logo\/image\/"},"sameAs":["https:\/\/www.facebook.com\/people\/Planet-KA-Planetarium-Karlsruhe\/61573710254024\/","https:\/\/www.instagram.com\/planetarium_karlsruhe\/"]}]}},"_links":{"self":[{"href":"https:\/\/planet-ka.de\/en\/wp-json\/wp\/v2\/pages\/13","targetHints":{"allow":["GET"]}}],"collection":[{"href":"https:\/\/planet-ka.de\/en\/wp-json\/wp\/v2\/pages"}],"about":[{"href":"https:\/\/planet-ka.de\/en\/wp-json\/wp\/v2\/types\/page"}],"author":[{"embeddable":true,"href":"https:\/\/planet-ka.de\/en\/wp-json\/wp\/v2\/users\/1"}],"replies":[{"embeddable":true,"href":"https:\/\/planet-ka.de\/en\/wp-json\/wp\/v2\/comments?post=13"}],"version-history":[{"count":7,"href":"https:\/\/planet-ka.de\/en\/wp-json\/wp\/v2\/pages\/13\/revisions"}],"predecessor-version":[{"id":665,"href":"https:\/\/planet-ka.de\/en\/wp-json\/wp\/v2\/pages\/13\/revisions\/665"}],"wp:featuredmedia":[{"embeddable":true,"href":"https:\/\/planet-ka.de\/en\/wp-json\/wp\/v2\/media\/358"}],"wp:attachment":[{"href":"https:\/\/planet-ka.de\/en\/wp-json\/wp\/v2\/media?parent=13"}],"curies":[{"name":"wp","href":"https:\/\/api.w.org\/{rel}","templated":true}]}}