{"id":1349,"date":"2025-02-07T16:54:18","date_gmt":"2025-02-07T15:54:18","guid":{"rendered":"https:\/\/planet-ka.de\/?page_id=1349"},"modified":"2026-02-28T15:45:12","modified_gmt":"2026-02-28T14:45:12","slug":"kindergeburtstag-im-planetarium","status":"publish","type":"page","link":"https:\/\/planet-ka.de\/en\/kindergeburtstag-im-planetarium\/","title":{"rendered":"Children's birthday party at the planetarium"},"content":{"rendered":"<div class=\"wp-block-media-text is-stacked-on-mobile\"><figure class=\"wp-block-media-text__media\"><img loading=\"lazy\" decoding=\"async\" width=\"1024\" height=\"676\" src=\"https:\/\/planet-ka.de\/wp-content\/uploads\/2025\/01\/pexels-magda-ehlers-pexels-4239886-2-1024x676.jpg\" alt=\"\" class=\"wp-image-649 size-full\" srcset=\"https:\/\/planet-ka.de\/wp-content\/uploads\/2025\/01\/pexels-magda-ehlers-pexels-4239886-2-1024x676.jpg 1024w, https:\/\/planet-ka.de\/wp-content\/uploads\/2025\/01\/pexels-magda-ehlers-pexels-4239886-2-300x198.jpg 300w, https:\/\/planet-ka.de\/wp-content\/uploads\/2025\/01\/pexels-magda-ehlers-pexels-4239886-2-768x507.jpg 768w, https:\/\/planet-ka.de\/wp-content\/uploads\/2025\/01\/pexels-magda-ehlers-pexels-4239886-2.jpg 1280w\" sizes=\"auto, (max-width: 1024px) 100vw, 1024px\" \/><\/figure><div class=\"wp-block-media-text__content\">\n<h2 class=\"wp-block-heading\" id=\"0-hurra-hurra-die-sonne-brennt\">Hurra, hurra die Sonne brennt!<\/h2>\n\n\n\n<p>Wieder eine Runde um die Sonne geschafft? &#8212; Das muss gefeiert werden!<\/p>\n\n\n\n<p>Starte dein neues Lebensjahr mit einer wahrhaft himmlischen Star-Party mit Familie &amp; Freunden im Planetarium. In einer Weltraum-Rallye erlangt ihr euren Astronauten-Pass.<br><\/p>\n\n\n\n<div class=\"wp-block-buttons is-content-justification-center is-layout-flex wp-container-core-buttons-is-layout-16018d1d wp-block-buttons-is-layout-flex\">\n<div class=\"wp-block-button has-custom-width wp-block-button__width-50 is-style-outline is-style-outline--1\"><a class=\"wp-block-button__link has-custom-font-size wp-element-button\" href=\"#kigeb-termin\" style=\"font-size:15px\">Gleich Termin buchen!<\/a><\/div>\n<\/div>\n<\/div><\/div>\n\n\n\n<h3 class=\"wp-block-heading\" id=\"1-geburtstag-feiern-im-planetarium\">Geburtstag feiern im Planetarium<\/h3>\n\n\n\n<p>Wir Erdlinge feiern mit unseren Geburtstagen jede vollbrachte Runde um die Sonne &#8211; immerhin fast eine Milliarde Kilometer haben wir dann zur\u00fcckgelegt. Das muss nat\u00fcrlich gefeiert werden. <br>Doch warum hat das Jahr (gar nicht) genau 365 Tage, und warum gibt es \u00fcberhaupt Jahreszeiten &#8211; und ist das auf anderen Planeten genauso? Wie alt w\u00e4rest du z.B. auf dem Mars oder auf Jupiter? Und feiern Aliens auch Geburtstag?<\/p>\n\n\n\n<p>Wo l\u00e4sst sich also passender feiern als im Planetarium, wo du Sonne, Erde, Mond, den Sternen und Planeten bei ihrem Tanz umeinander zuschauen kannst und die Zusammenh\u00e4nge anschaulich <em>be<\/em>greifst!?<\/p>\n\n\n\n<p>Neben einer vollen <strong>Planetariumsvorstellung<\/strong> mit deinem <strong>Wunschprogramm<\/strong> (vgl. <span style=\"text-decoration: underline;\"><a href=\"https:\/\/planet-ka.de\/en\/kinderprogramme-flappi-co\/\" target=\"_blank\" rel=\"noreferrer noopener\">Auswahl in unserem Programm f\u00fcr Kinder &amp; Familien<\/a><\/span>) gibt es drum herum eine <strong>Weltraum-Rallye<\/strong>, wo ihr Aufgaben l\u00f6sen m\u00fcsst und Punkte f\u00fcr euren Astronauten-Pass sammeln k\u00f6nnt, den hoffentlich am Ende alle Kinder bekommen. 1,5 Stunden seid ihr (quasi) im All unterwegs, so lange wie eine Erd-Umrundung mit der Internationalen Raumstation <em>ISS<\/em>.<\/p>\n\n\n\n<p>Zur\u00fcck auf der Erde k\u00f6nnt ihr w\u00e4hlen, ob ihr noch in unserem <strong>Partyraum<\/strong> weiterfeiern wollt (den m\u00fcssten eure Eltern dann bitte im Vorfeld bei der Buchung mitgemietet haben) oder im <strong>Otto-D.-Park vor der T\u00fcr<\/strong> weiterspielen wollt (gut bei sch\u00f6nem Wetter!). So oder so wird euer Geburtstag im PLANET KA sicher ein unvergessliches Erlebnis!<\/p>\n\n\n\n<p>-&gt; Einladungskarten zum Verschicken findet ihr in K\u00fcrze \u00fcbrigens auch hier.<\/p>\n\n\n\n<div style=\"height:17px\" aria-hidden=\"true\" class=\"wp-block-spacer\"><\/div>\n\n\n<div class=\"wp-block-ub-divider ub_divider ub-divider-orientation-horizontal\" id=\"ub_divider_7e153dee-efdb-42e5-9d89-48f6e8f0bdd7\"><div class=\"ub_divider_wrapper\" style=\"position: relative; margin-bottom: 2px; width: 100%; height: 2px; \" data-divider-alignment=\"center\"><div class=\"ub_divider_line\" style=\"border-top: 1px solid #ccc; margin-top: 2px; \"><\/div><\/div><\/div>\n\n\n<div style=\"height:20px\" aria-hidden=\"true\" class=\"wp-block-spacer\"><\/div>\n\n\n\n<h4 class=\"wp-block-heading\" id=\"2-der-ablauf\">Der Ablauf<\/h4>\n\n\n\n<p>Dies h\u00e4ngt davon ab, ob ihr euren Geburtstag exklusiv bei uns feiern m\u00f6chtet &#8211; dann seid nur ihr mit euren G\u00e4sten im Haus und entscheidet selbst mit \u00fcber den 90-min\u00fctigen Ablauf und das Programm. Dies sprechen wir vorher gemeinsam ab.<\/p>\n\n\n\n<p>\u00dcblicherweise beginnen wir in der Ausstellung und bei den Teleskopen. Wir schauen uns z.B. die Planeten-Modelle an, die Bewegungen von Erde und Mond umeinander und um die Sonne und je nach Wetter und Tageszeit wom\u00f6glich sogar Himmelsobjekte (wie Sonne oder Mond) im Teleskop (Achtung: die Sonne nur mit geeigneten Schutzma\u00dfnahmen beobachten &#8211; sonst drohen schwere Augensch\u00e4den!) und noch so manches andere &#8230; Lasst euch \u00fcberraschen!<br>Auf Wunsch auch im Rallye-Format, wo ihr euren &#8220;Weltraum-F\u00fchrerschein&#8221; absolviert.<br>Dann geht es f\u00fcr rund eine Stunde in die Planetariumskuppel und erfahren etwas \u00fcber den aktuellen Sternenhimmel und schauen dann zusammen euer Wunschprogramm an.<\/p>\n\n\n\n<h4 class=\"wp-block-heading\" id=\"3-zum-programm\">Zum Programm<\/h4>\n\n\n\n<ul class=\"wp-block-list\">\n<li>F\u00fcr Kinder von etwa 5 bis 10 Jahren empfehlen wir unsere &#8211;&gt; <a href=\"https:\/\/planet-ka.de\/en\/kinderprogramme-flappi-co\/\" target=\"_blank\" rel=\"noreferrer noopener\">Kinderprogramme &#8220;Flappi &amp; Co.&#8221;<\/a>.<\/li>\n\n\n\n<li>F\u00fcr sehr interessierte Kinder ab etwa 8 bis 10 Jahren und \u00e4ltere kommen auch unsere allgemeinen &#8211;&gt; <a href=\"https:\/\/planet-ka.de\/en\/astronomieprogramme\/\" target=\"_blank\" rel=\"noreferrer noopener\">&#8220;Sternstunden&#8221;-Astronomieprogramme<\/a> infrage.<\/li>\n<\/ul>\n\n\n\n<p>Dieser Programmteil dauert je nach gew\u00e4hltem Hauptfilm in der Regel zwischen 30 und 45 Minuten. Erg\u00e4nzend dazu gibt es immer einen live moderierten Teil zum aktuellen Sternenhimmel f\u00fcr ca. 10-15 Minuten.<br>Die Hauptfilme sind 360\u00b0-Fulldome-Projektionen an der Planetariumskuppel, Dadurch taucht man in die dargestellten Inhalte noch viel intensiver ein als beim normalen Kino.<\/p>\n\n\n<div class=\"wp-block-ub-divider ub_divider ub-divider-orientation-horizontal\" id=\"ub_divider_b3d58efb-0bf8-434b-9e0c-dc1a251a205f\"><div class=\"ub_divider_wrapper\" style=\"position: relative; margin-bottom: 2px; width: 100%; height: 2px; \" data-divider-alignment=\"center\"><div class=\"ub_divider_line\" style=\"border-top: 2px solid #ccc; margin-top: 2px; \"><\/div><\/div><\/div>\n\n\n<div style=\"height:24px\" aria-hidden=\"true\" class=\"wp-block-spacer\"><\/div>\n\n\n\n<h3 class=\"wp-block-heading\" id=\"4-preise-amp-buchungshinweise\">Preise &amp; Buchungshinweise<\/h3>\n\n\n\n<p>Es gibt <span style=\"text-decoration: underline;\">zwei M\u00f6glichkeiten<\/span>, wie du <strong>im Planetarium Geburtstag feiern<\/strong> kannst. <br><br><span style=\"text-decoration: underline;\">M\u00f6glichkeit 1: <em><strong>Freier Eintritt<\/strong> f\u00fcr Geburtstagskinder (bis 13 J.)<\/em> in regul\u00e4rer Veranstaltung<br><\/span>Am einfachsten und g\u00fcnstigsten ist es, wenn du dir mit deinen G\u00e4sten (Freunde &amp; Familie) eine regul\u00e4re Veranstaltung aus unserem Programm aussuchst und ganz normal Tickets f\u00fcr alle, die mitkommen wollen, gebucht werden. Wenn das Datum eures Besuchs genau auf deinen <strong>Geburtstag<\/strong> f\u00e4llt (bitte Nachweis vorlegen!), bekommst du als Kind (bis einschlie\u00dflich 13. Lebensjahr) <strong>freien Eintritt! <\/strong><br><em>Bitte beachten<\/em>: Auch bei freiem Eintritt ist bitte unbedingt ein (kostenloses) Ticket zu l\u00f6sen, damit dein Sitzplatz reserviert wird &#8211; sonst kann u.U. kein Einlass garantiert werden! Und das w\u00e4re ja sehr schade&#8230;<br><em>Wie geht das? <\/em>&#8212; Ganz einfach. Bitte im normalen Programmkalender die gew\u00fcnschte Veranstaltung ausw\u00e4hlen. F\u00fcr dich, das Geburtstagskind selbst, ggf. eine Freikarte w\u00e4hlen (sofern du nicht \u00e4lter als 13 Jahre bist und der Besuch taggenau auf deinen Geburtstag f\u00e4llt und einen entsprechenden Nachweis wie z.B. Kinderausweis\/ Sch\u00fclerausweis vorlegen kannst) und f\u00fcr alle deine G\u00e4ste die entsprechenden normalen Tickets (Kinder und Erwachsene).<br>In dieser Variante gibt es freilich keine Rallye. Ihr werdet ganz normal wie auch die anderen anwesenden G\u00e4ste durch das Programm gef\u00fchrt.<\/p>\n\n\n\n<p><span style=\"text-decoration: underline;\">M\u00f6glichkeit 2: <em><strong>Exklusive Buchung<\/strong> des gesamten PLANET KA Planetariums <strong>&#8212; bitte fr\u00fchzeitig buchen!<\/strong><\/em><\/span><br>Wenn du das ganze Planetarium allein f\u00fcr dich und deine G\u00e4ste haben m\u00f6chtest, k\u00f6nnt ihr PLANET KA f\u00fcr euren Kindergeburtstag mieten. Je nachdem, ob mit oder ohne Partyraum zum Weiterfeiern, w\u00e4re das f\u00fcr 1,5 Stunden oder bis zu 3 Stunden. W\u00e4hrend ihr im Partyraum seid, kann jedoch u.U. schon die n\u00e4chste Gruppe ins Planetarium kommen. In dem Fall habt ihr 90 Minuten das ganze PLANET KA f\u00fcr euch, und die restlichen 90 Minuten den Partyraum samt K\u00fcche. <br>Die K\u00fcche ist normal ausgestattet (Wasserkocher, Kaffeemaschine, Herd, Mikrowelle, kleiner Ofen, K\u00fchlschrank, Geschirr usw.). Alles an Verpflegungs- und Verbrauchsmaterialien aber bitte selbst mitbringen bzw. mit uns absprechen. Alle R\u00e4ume (insbes. auch die K\u00fcche) bitte aufger\u00e4umt und sauber (alles abgewaschen) wieder verlassen. Eine externe Endreinigung kann gg. Aufpreis vereinbart werden.<\/p>\n\n\n\n<p>Zum <a href=\"#kigeb-ablauf\">Ablauf<\/a> s. bitte oben!<\/p>\n\n\n\n<p>Das Wichtigste: <strong>Bitte fr\u00fchzeitig buchen, wir empfehlen mindestens 2-3 Monate im Voraus!<\/strong> Denn andernfalls ist zu dem Zeitpunkt vermutlich schon eine Veranstaltung im Spielplan eingetragen und wom\u00f6glich haben dort schon andere G\u00e4ste gebucht. Ihr k\u00f6nnt also auch schon ein Vierteljahr oder ein halbes Jahr vorher buchen. Je fr\u00fcher, desto besser.<\/p>\n\n\n\n<p><strong>Buchungsanfragen<\/strong> bitte ausschlie\u00dflich per Mail an <strong><a href=\"mailto:buchung@planet-ka.de\">buchung@planet-ka.de<\/a><\/strong>  <\/p>\n\n\n\n<p><strong>Preise:<\/strong><\/p>\n\n\n\n<figure class=\"wp-block-table\"><table class=\"has-fixed-layout\"><tbody><tr><td><strong>Kindergeburtstag MINI (Mo-Mi tags\u00fcber):<\/strong><br>60 Min. exklusive Planetariumsvorstellung mit Wunschprogramm f\u00fcr bis zu 20 Personen &#8211; g\u00fcnstigstes Angebot! Ab &lt; 5 Euro pro Kind!<br><br>optional mit Raum zum Feiern (90 Min. im Anschluss)<br><\/td><td>99 Euro &#8212; g\u00fcnstigstes Angebot!<br><br><br><br>149 Euro mit Raum<\/td><\/tr><tr><td><strong><strong>Kindergeburtstag Woche (Mo-Do nachm.)<\/strong>: <\/strong><br>exklusive Geburtstags-F\u00fchrung mit Rallye und Wunschprogramm f\u00fcr bis zu 20 Personen;<br>Dauer: 90 Minuten, davon 60 Minuten in der Kuppel<br><br>optional mit Raum zum Feiern (90 Min. im Anschluss)<\/td><td>149 Euro <br><br><br><br><br>199 Euro mit Raum<\/td><\/tr><tr><td><strong><strong>Kindergeburtstag Woche<\/strong> (Freitagnachmittag): <\/strong> <br>exklusive Geburtstags-F\u00fchrung mit Rallye und Wunschprogramm f\u00fcr bis zu 20 Personen;<br>Dauer: 90 Minuten, davon 60 Minuten in der Kuppel<br><br>optional mit Raum zum Feiern (90 Min. im Anschluss)<\/td><td>199 Euro <br><br><br><br><br>249 Euro mit Raum<\/td><\/tr><tr><td><strong>Kindergeburtstag Wochenende (Sa, So, Feiertag):<\/strong> <br>exklusive Geburtstags-F\u00fchrung mit Rallye und Wunschprogramm f\u00fcr bis zu 20 Personen;<br>Dauer: 90 Minuten, davon 60 Minuten in der Kuppel<br><br><br>optional mit Raum zum Feiern (90 Min. im Anschluss)<\/td><td>299 Euro<br><br><br><br><br><br>369 Euro<\/td><\/tr><\/tbody><\/table><\/figure>\n\n\n\n<p>Zus\u00e4tzliche Personen auf Anfrage gegen Aufpreis.<\/p>\n\n\n\n<p>Absage \/ Stornierung: Sollte etwas Unvorhergesehenes dazwischenkommen, gelten unsere <span style=\"text-decoration: underline;\"><a href=\"https:\/\/planet-ka.de\/en\/eintrittspreise-oeffnungszeiten\/#stornori\" data-type=\"page\" data-id=\"1254\" target=\"_blank\" rel=\"noreferrer noopener\">Stornierungs-Richtlinien<\/a><\/span>.<br>Bitte auch hier so fr\u00fch wie m\u00f6glich Bescheid geben.<\/p>\n\n\n<div class=\"wp-block-ub-divider ub_divider ub-divider-orientation-horizontal\" id=\"ub_divider_29cd1696-3216-475d-ad8c-1d24afc99b78\"><div class=\"ub_divider_wrapper\" style=\"position: relative; margin-bottom: 2px; width: 100%; height: 2px; \" data-divider-alignment=\"center\"><div class=\"ub_divider_line\" style=\"border-top: 2px solid #ccc; margin-top: 2px; \"><\/div><\/div><\/div>\n\n\n<div style=\"height:26px\" aria-hidden=\"true\" class=\"wp-block-spacer\"><\/div>\n\n\n\n<h3 class=\"wp-block-heading\" id=\"5-termine-amp-buchung\">Termine &amp; Buchung<\/h3>\n\n\n\n<p><strong>Hier<\/strong> ist in Zukunft ein <strong>Booking Calendar<\/strong> geplant<br>Aktuell richten Sie Ihre Anfrage bitte bevorzugt per Mail an: <strong><a href=\"mailto:buchung@planet-ka.de\">buchung@planet-ka.de<\/a>.<\/strong><\/p>\n\n\n\n<p>Wir reagieren auf Ihre Buchungsanfrage in der Regel bis zum n\u00e4chsten Werktag. Offene Fragen k\u00f6nnen in Ruhe gekl\u00e4rt werden, bevor Sie entscheiden, ob Sie eine verbindliche Buchung eintragen m\u00f6chten.<\/p>\n\n\n\n<p>Sp\u00e4testens 1-2 Wochen vor dem Termin sollten wir noch einmal alle Einzelheiten absprechen. Sehr gern ber\u00fccksichtigen wir bei der Gestaltung von Inhalt und Ablauf Ihre W\u00fcnsche und beantworten vorab alle Ihre Fragen.<br><\/p>","protected":false},"excerpt":{"rendered":"<p>Geburtstag feiern im Planetarium Wir Erdlinge feiern mit unseren Geburtstagen jede vollbrachte Runde um die Sonne &#8211; immerhin fast eine Milliarde Kilometer haben wir dann zur\u00fcckgelegt. Das muss nat\u00fcrlich gefeiert werden. Doch warum hat das Jahr (gar nicht) genau 365<\/p>","protected":false},"author":1,"featured_media":0,"parent":0,"menu_order":0,"comment_status":"closed","ping_status":"closed","template":"","meta":{"footnotes":""},"class_list":["post-1349","page","type-page","status-publish","hentry","","tg-column-two"],"featured_image_src":null,"yoast_head":"<!-- This site is optimized with the Yoast SEO plugin v27.3 - https:\/\/yoast.com\/product\/yoast-seo-wordpress\/ -->\n<title>Kindergeburtstag im Planetarium - PLANET KA<\/title>\n<meta name=\"robots\" content=\"index, follow, max-snippet:-1, max-image-preview:large, max-video-preview:-1\" \/>\n<link rel=\"canonical\" href=\"https:\/\/planet-ka.de\/en\/kindergeburtstag-im-planetarium\/\" \/>\n<meta property=\"og:locale\" content=\"en_US\" \/>\n<meta property=\"og:type\" content=\"article\" \/>\n<meta property=\"og:title\" content=\"Kindergeburtstag im Planetarium - PLANET KA\" \/>\n<meta property=\"og:description\" content=\"Geburtstag feiern im Planetarium Wir Erdlinge feiern mit unseren Geburtstagen jede vollbrachte Runde um die Sonne &#8211; immerhin fast eine Milliarde Kilometer haben wir dann zur\u00fcckgelegt. Das muss nat\u00fcrlich gefeiert werden. Doch warum hat das Jahr (gar nicht) genau 365\" \/>\n<meta property=\"og:url\" content=\"https:\/\/planet-ka.de\/en\/kindergeburtstag-im-planetarium\/\" \/>\n<meta property=\"og:site_name\" content=\"PLANET KA\" \/>\n<meta property=\"article:publisher\" content=\"https:\/\/www.facebook.com\/people\/Planet-KA-Planetarium-Karlsruhe\/61573710254024\/\" \/>\n<meta property=\"article:modified_time\" content=\"2026-02-28T14:45:12+00:00\" \/>\n<meta property=\"og:image\" content=\"https:\/\/planet-ka.de\/wp-content\/uploads\/2025\/01\/pexels-magda-ehlers-pexels-4239886-2.jpg\" \/>\n\t<meta property=\"og:image:width\" content=\"1280\" \/>\n\t<meta property=\"og:image:height\" content=\"845\" \/>\n\t<meta property=\"og:image:type\" content=\"image\/jpeg\" \/>\n<script type=\"application\/ld+json\" class=\"yoast-schema-graph\">{\"@context\":\"https:\\\/\\\/schema.org\",\"@graph\":[{\"@type\":\"WebPage\",\"@id\":\"https:\\\/\\\/planet-ka.de\\\/kindergeburtstag-im-planetarium\\\/\",\"url\":\"https:\\\/\\\/planet-ka.de\\\/kindergeburtstag-im-planetarium\\\/\",\"name\":\"Kindergeburtstag im Planetarium - PLANET KA\",\"isPartOf\":{\"@id\":\"https:\\\/\\\/planet-ka.de\\\/#website\"},\"primaryImageOfPage\":{\"@id\":\"https:\\\/\\\/planet-ka.de\\\/kindergeburtstag-im-planetarium\\\/#primaryimage\"},\"image\":{\"@id\":\"https:\\\/\\\/planet-ka.de\\\/kindergeburtstag-im-planetarium\\\/#primaryimage\"},\"thumbnailUrl\":\"https:\\\/\\\/planet-ka.de\\\/wp-content\\\/uploads\\\/2025\\\/01\\\/pexels-magda-ehlers-pexels-4239886-2-1024x676.jpg\",\"datePublished\":\"2025-02-07T15:54:18+00:00\",\"dateModified\":\"2026-02-28T14:45:12+00:00\",\"breadcrumb\":{\"@id\":\"https:\\\/\\\/planet-ka.de\\\/kindergeburtstag-im-planetarium\\\/#breadcrumb\"},\"inLanguage\":\"en-US\",\"potentialAction\":[{\"@type\":\"ReadAction\",\"target\":[\"https:\\\/\\\/planet-ka.de\\\/kindergeburtstag-im-planetarium\\\/\"]}]},{\"@type\":\"ImageObject\",\"inLanguage\":\"en-US\",\"@id\":\"https:\\\/\\\/planet-ka.de\\\/kindergeburtstag-im-planetarium\\\/#primaryimage\",\"url\":\"https:\\\/\\\/planet-ka.de\\\/wp-content\\\/uploads\\\/2025\\\/01\\\/pexels-magda-ehlers-pexels-4239886-2-1024x676.jpg\",\"contentUrl\":\"https:\\\/\\\/planet-ka.de\\\/wp-content\\\/uploads\\\/2025\\\/01\\\/pexels-magda-ehlers-pexels-4239886-2-1024x676.jpg\"},{\"@type\":\"BreadcrumbList\",\"@id\":\"https:\\\/\\\/planet-ka.de\\\/kindergeburtstag-im-planetarium\\\/#breadcrumb\",\"itemListElement\":[{\"@type\":\"ListItem\",\"position\":1,\"name\":\"Startseite\",\"item\":\"https:\\\/\\\/planet-ka.de\\\/\"},{\"@type\":\"ListItem\",\"position\":2,\"name\":\"Kindergeburtstag im Planetarium\"}]},{\"@type\":\"WebSite\",\"@id\":\"https:\\\/\\\/planet-ka.de\\\/#website\",\"url\":\"https:\\\/\\\/planet-ka.de\\\/\",\"name\":\"PLANET KA\",\"description\":\"Faszination Kosmos\",\"publisher\":{\"@id\":\"https:\\\/\\\/planet-ka.de\\\/#organization\"},\"potentialAction\":[{\"@type\":\"SearchAction\",\"target\":{\"@type\":\"EntryPoint\",\"urlTemplate\":\"https:\\\/\\\/planet-ka.de\\\/?s={search_term_string}\"},\"query-input\":{\"@type\":\"PropertyValueSpecification\",\"valueRequired\":true,\"valueName\":\"search_term_string\"}}],\"inLanguage\":\"en-US\"},{\"@type\":\"Organization\",\"@id\":\"https:\\\/\\\/planet-ka.de\\\/#organization\",\"name\":\"PLANET KA\",\"url\":\"https:\\\/\\\/planet-ka.de\\\/\",\"logo\":{\"@type\":\"ImageObject\",\"inLanguage\":\"en-US\",\"@id\":\"https:\\\/\\\/planet-ka.de\\\/#\\\/schema\\\/logo\\\/image\\\/\",\"url\":\"https:\\\/\\\/planet-ka.de\\\/wp-content\\\/uploads\\\/2025\\\/03\\\/cropped-Logo-Banner-Website-Jan-25_19.png\",\"contentUrl\":\"https:\\\/\\\/planet-ka.de\\\/wp-content\\\/uploads\\\/2025\\\/03\\\/cropped-Logo-Banner-Website-Jan-25_19.png\",\"width\":225,\"height\":66,\"caption\":\"PLANET KA\"},\"image\":{\"@id\":\"https:\\\/\\\/planet-ka.de\\\/#\\\/schema\\\/logo\\\/image\\\/\"},\"sameAs\":[\"https:\\\/\\\/www.facebook.com\\\/people\\\/Planet-KA-Planetarium-Karlsruhe\\\/61573710254024\\\/\",\"https:\\\/\\\/www.instagram.com\\\/planetarium_karlsruhe\\\/\"]}]}<\/script>\n<!-- \/ Yoast SEO plugin. -->","yoast_head_json":{"title":"Kindergeburtstag im Planetarium - PLANET KA","robots":{"index":"index","follow":"follow","max-snippet":"max-snippet:-1","max-image-preview":"max-image-preview:large","max-video-preview":"max-video-preview:-1"},"canonical":"https:\/\/planet-ka.de\/en\/kindergeburtstag-im-planetarium\/","og_locale":"en_US","og_type":"article","og_title":"Kindergeburtstag im Planetarium - PLANET KA","og_description":"Geburtstag feiern im Planetarium Wir Erdlinge feiern mit unseren Geburtstagen jede vollbrachte Runde um die Sonne &#8211; immerhin fast eine Milliarde Kilometer haben wir dann zur\u00fcckgelegt. Das muss nat\u00fcrlich gefeiert werden. Doch warum hat das Jahr (gar nicht) genau 365","og_url":"https:\/\/planet-ka.de\/en\/kindergeburtstag-im-planetarium\/","og_site_name":"PLANET KA","article_publisher":"https:\/\/www.facebook.com\/people\/Planet-KA-Planetarium-Karlsruhe\/61573710254024\/","article_modified_time":"2026-02-28T14:45:12+00:00","og_image":[{"width":1280,"height":845,"url":"https:\/\/planet-ka.de\/wp-content\/uploads\/2025\/01\/pexels-magda-ehlers-pexels-4239886-2.jpg","type":"image\/jpeg"}],"schema":{"@context":"https:\/\/schema.org","@graph":[{"@type":"WebPage","@id":"https:\/\/planet-ka.de\/kindergeburtstag-im-planetarium\/","url":"https:\/\/planet-ka.de\/kindergeburtstag-im-planetarium\/","name":"Kindergeburtstag im Planetarium - PLANET KA","isPartOf":{"@id":"https:\/\/planet-ka.de\/#website"},"primaryImageOfPage":{"@id":"https:\/\/planet-ka.de\/kindergeburtstag-im-planetarium\/#primaryimage"},"image":{"@id":"https:\/\/planet-ka.de\/kindergeburtstag-im-planetarium\/#primaryimage"},"thumbnailUrl":"https:\/\/planet-ka.de\/wp-content\/uploads\/2025\/01\/pexels-magda-ehlers-pexels-4239886-2-1024x676.jpg","datePublished":"2025-02-07T15:54:18+00:00","dateModified":"2026-02-28T14:45:12+00:00","breadcrumb":{"@id":"https:\/\/planet-ka.de\/kindergeburtstag-im-planetarium\/#breadcrumb"},"inLanguage":"en-US","potentialAction":[{"@type":"ReadAction","target":["https:\/\/planet-ka.de\/kindergeburtstag-im-planetarium\/"]}]},{"@type":"ImageObject","inLanguage":"en-US","@id":"https:\/\/planet-ka.de\/kindergeburtstag-im-planetarium\/#primaryimage","url":"https:\/\/planet-ka.de\/wp-content\/uploads\/2025\/01\/pexels-magda-ehlers-pexels-4239886-2-1024x676.jpg","contentUrl":"https:\/\/planet-ka.de\/wp-content\/uploads\/2025\/01\/pexels-magda-ehlers-pexels-4239886-2-1024x676.jpg"},{"@type":"BreadcrumbList","@id":"https:\/\/planet-ka.de\/kindergeburtstag-im-planetarium\/#breadcrumb","itemListElement":[{"@type":"ListItem","position":1,"name":"Startseite","item":"https:\/\/planet-ka.de\/"},{"@type":"ListItem","position":2,"name":"Kindergeburtstag im Planetarium"}]},{"@type":"WebSite","@id":"https:\/\/planet-ka.de\/#website","url":"https:\/\/planet-ka.de\/","name":"PLANET KA","description":"Cosmic Fascination","publisher":{"@id":"https:\/\/planet-ka.de\/#organization"},"potentialAction":[{"@type":"SearchAction","target":{"@type":"EntryPoint","urlTemplate":"https:\/\/planet-ka.de\/?s={search_term_string}"},"query-input":{"@type":"PropertyValueSpecification","valueRequired":true,"valueName":"search_term_string"}}],"inLanguage":"en-US"},{"@type":"Organization","@id":"https:\/\/planet-ka.de\/#organization","name":"PLANET KA","url":"https:\/\/planet-ka.de\/","logo":{"@type":"ImageObject","inLanguage":"en-US","@id":"https:\/\/planet-ka.de\/#\/schema\/logo\/image\/","url":"https:\/\/planet-ka.de\/wp-content\/uploads\/2025\/03\/cropped-Logo-Banner-Website-Jan-25_19.png","contentUrl":"https:\/\/planet-ka.de\/wp-content\/uploads\/2025\/03\/cropped-Logo-Banner-Website-Jan-25_19.png","width":225,"height":66,"caption":"PLANET KA"},"image":{"@id":"https:\/\/planet-ka.de\/#\/schema\/logo\/image\/"},"sameAs":["https:\/\/www.facebook.com\/people\/Planet-KA-Planetarium-Karlsruhe\/61573710254024\/","https:\/\/www.instagram.com\/planetarium_karlsruhe\/"]}]}},"_links":{"self":[{"href":"https:\/\/planet-ka.de\/en\/wp-json\/wp\/v2\/pages\/1349","targetHints":{"allow":["GET"]}}],"collection":[{"href":"https:\/\/planet-ka.de\/en\/wp-json\/wp\/v2\/pages"}],"about":[{"href":"https:\/\/planet-ka.de\/en\/wp-json\/wp\/v2\/types\/page"}],"author":[{"embeddable":true,"href":"https:\/\/planet-ka.de\/en\/wp-json\/wp\/v2\/users\/1"}],"replies":[{"embeddable":true,"href":"https:\/\/planet-ka.de\/en\/wp-json\/wp\/v2\/comments?post=1349"}],"version-history":[{"count":10,"href":"https:\/\/planet-ka.de\/en\/wp-json\/wp\/v2\/pages\/1349\/revisions"}],"predecessor-version":[{"id":3533,"href":"https:\/\/planet-ka.de\/en\/wp-json\/wp\/v2\/pages\/1349\/revisions\/3533"}],"wp:attachment":[{"href":"https:\/\/planet-ka.de\/en\/wp-json\/wp\/v2\/media?parent=1349"}],"curies":[{"name":"wp","href":"https:\/\/api.w.org\/{rel}","templated":true}]}}