{"id":1365,"date":"2025-02-07T23:50:17","date_gmt":"2025-02-07T22:50:17","guid":{"rendered":"https:\/\/planet-ka.de\/?page_id=1365"},"modified":"2026-02-24T18:18:15","modified_gmt":"2026-02-24T17:18:15","slug":"familienfeier-bis-firmenevent","status":"publish","type":"page","link":"https:\/\/planet-ka.de\/en\/familienfeier-bis-firmenevent\/","title":{"rendered":"Familienfeiern \/ Firmenevents"},"content":{"rendered":"<div class=\"wp-block-media-text is-stacked-on-mobile\"><figure class=\"wp-block-media-text__media\"><img loading=\"lazy\" decoding=\"async\" width=\"1024\" height=\"676\" src=\"https:\/\/planet-ka.de\/wp-content\/uploads\/2025\/01\/pexels-magda-ehlers-pexels-4239886-2-1024x676.jpg\" alt=\"\" class=\"wp-image-649 size-full\" srcset=\"https:\/\/planet-ka.de\/wp-content\/uploads\/2025\/01\/pexels-magda-ehlers-pexels-4239886-2-1024x676.jpg 1024w, https:\/\/planet-ka.de\/wp-content\/uploads\/2025\/01\/pexels-magda-ehlers-pexels-4239886-2-300x198.jpg 300w, https:\/\/planet-ka.de\/wp-content\/uploads\/2025\/01\/pexels-magda-ehlers-pexels-4239886-2-768x507.jpg 768w, https:\/\/planet-ka.de\/wp-content\/uploads\/2025\/01\/pexels-magda-ehlers-pexels-4239886-2.jpg 1280w\" sizes=\"auto, (max-width: 1024px) 100vw, 1024px\" \/><\/figure><div class=\"wp-block-media-text__content\">\n<h2 class=\"wp-block-heading\">Holen Sie die Sterne vom Himmel!<\/h2>\n\n\n\n<p class=\"has-medium-font-size\">F\u00fcr sich selbst, f\u00fcr Ihre Liebsten &#8212; oder f\u00fcr ein Firmenevent. Feiern in der dritten Dimension!<\/p>\n\n\n\n<div style=\"height:47px\" aria-hidden=\"true\" class=\"wp-block-spacer\"><\/div>\n\n\n\n<p>Das Planetarium bietet f\u00fcr jeden Anlass, ob freudig oder ernst, eine w\u00fcrdige Kulisse. Mit oder ohne Rahmenprogramm, ganz nach Ihren Vorstellungen.<\/p>\n\n\n\n<div style=\"height:54px\" aria-hidden=\"true\" class=\"wp-block-spacer\"><\/div>\n\n\n\n<div class=\"wp-block-columns is-layout-flex wp-container-core-columns-is-layout-9d6595d7 wp-block-columns-is-layout-flex\">\n<div class=\"wp-block-column is-layout-flow wp-block-column-is-layout-flow\">\n<div class=\"wp-block-buttons is-content-justification-center is-layout-flex wp-container-core-buttons-is-layout-16018d1d wp-block-buttons-is-layout-flex\">\n<div class=\"wp-block-button has-custom-width wp-block-button__width-75 is-style-outline is-style-outline--1\"><a class=\"wp-block-button__link has-custom-font-size wp-element-button\" href=\"#event-buchung\" style=\"font-size:15px\">Termin finden<\/a><\/div>\n<\/div>\n<\/div>\n\n\n\n<div class=\"wp-block-column is-layout-flow wp-block-column-is-layout-flow\">\n<div class=\"wp-block-buttons is-content-justification-center is-layout-flex wp-container-core-buttons-is-layout-16018d1d wp-block-buttons-is-layout-flex\">\n<div class=\"wp-block-button has-custom-width wp-block-button__width-75 is-style-outline is-style-outline--2\"><a class=\"wp-block-button__link has-custom-font-size wp-element-button\" href=\"https:\/\/planet-ka.de\/en\/contact\/\" style=\"font-size:15px\" target=\"_blank\" rel=\"noreferrer noopener\">Uns kontaktieren<\/a><\/div>\n<\/div>\n<\/div>\n<\/div>\n<\/div><\/div>\n\n\n\n<h3 class=\"wp-block-heading\">Events, Feiern oder Pr\u00e4sentationen im Planetarium<\/h3>\n\n\n\n<h5 class=\"wp-block-heading\"><em>Den Sternen so nah!<\/em><\/h5>\n\n\n\n<p><strong>Sie suchen den <em>besonderen<\/em> <em>Ort<\/em> f\u00fcr <em>Ihren<\/em> <em>besonderen<\/em> <em>Anlass<\/em>? <\/strong><br><strong>Sehr sch\u00f6n: Hier im PLANET KA haben Sie ihn (wom\u00f6glich) schon gefunden! <\/strong><\/p>\n\n\n\n<p>Im PLANET KA, dem neuen Planetarium Karlsruhe, l\u00e4sst sich in historisch-denkmalgesch\u00fctztem Ambiente des Alten Gaswerks Ost mit Kurhaus-Atmosph\u00e4re und in post-industriellem Charme, zwischen dem direkt angrenzenden Gel\u00e4nde des Alten Schlachthofs auf der einen, und dem stadtplanerisch neu angelegten Otto-Dullenkopf-Park auf der anderen Seite, und in Sichtweite zum Schloss Gottesaue, jeder Anlass w\u00fcrdig zelebrieren. <\/p>\n\n\n\n<p>Ob Hochzeit, Taufe, Firmenjubil\u00e4um, Produktpr\u00e4sentation, Album-Release-Party, Geburtstag oder Betriebsausflug &#8212; wir erstellen mit Ihnen zusammen das geeignete Rahmenprogramm und bieten auf Wunsch von Catering \u00fcber Live-Band und Pausen-Rallye bis Pr\u00e4sentationstechnik in Break-out-R\u00e4umen jedes Extra. <\/p>\n\n\n\n<p>Wahlweise ist eine reine Vermietung, stunden-, halbtage- oder tageweise, m\u00f6glich. Inwieweit das Planetarium f\u00fcr Ihre Sternstunden mit einbezogen wird, \u00fcberlassen wir Ihnen. <br><em>Nota bene: <\/em>Unter der Planetariumskuppel ist viel mehr als nur astronomische Sternenprogramme m\u00f6glich. Von 3D-Produkt-, Design- und Architektur-Pr\u00e4sentation \u00fcber Visual Arts bis hin zu reiner Atmo ist alles drin.<br><br>&#8211; Warum zum Beispiel nicht mal eine Mediation unter der Kuppel versuchen<br>&#8211; oder eine Meditation<br>&#8211; oder ein Impuls Keynote der dritten Dimension?<\/p>\n\n\n\n<p>Die Sitzanordnung kann wahlweise unidirektional (Theaterbestuhlung) oder zirkul\u00e4r (Plenum) sein. <br>Wahlweise kann ein Podest f\u00fcr Vortr\u00e4ge oder Podiumsdiskussionen aufgestellt werden.<\/p>\n\n\n\n<p>Stehtische, ein voll ausgestattete K\u00fcche f\u00fcr Eigenbewirtung, und bei gutem Wetter die Terrasse unter einer riesigen Platane, w\u00e4hrend vom Alten Schlachthof her die Stra\u00dfenbahn vorbeirumpelt &#8212; sprechen Sie uns an, kommen Sie (mit Termin) zu einer unverbindlichen Besichtigung vorbei.<br>Lassen Sie sich von der Location verzaubern &#8212; und verzaubern Sie die Location mit Ihrem Event!<\/p>\n\n\n\n<p><\/p>\n\n\n<div class=\"wp-block-ub-divider ub_divider ub-divider-orientation-horizontal\" id=\"ub_divider_7f3fbcd5-9998-4092-a205-43caa4fdb005\"><div class=\"ub_divider_wrapper\" style=\"position: relative; margin-bottom: 2px; width: 100%; height: 2px; \" data-divider-alignment=\"center\"><div class=\"ub_divider_line\" style=\"border-top: 2px solid #ccc; margin-top: 2px; \"><\/div><\/div><\/div>\n\n\n<div style=\"height:24px\" aria-hidden=\"true\" class=\"wp-block-spacer\"><\/div>\n\n\n\n<h3 class=\"wp-block-heading\">Preise &amp; Buchungshinweise<\/h3>\n\n\n\n<p>Es gibt grunds\u00e4tzlich zwei Arten, wie Sie mit Ihrer Gruppe Sternstunden bei uns erleben k\u00f6nnen.<\/p>\n\n\n\n<p><span style=\"text-decoration: underline;\">M\u00f6glichkeit 1: <\/span> Selbstverst\u00e4ndlich besteht die einfachste (und auch g\u00fcnstigste) M\u00f6glichkeit darin, mit Ihrer Geburtstagsgruppe oder dem Betriebsausflug einfach an einer unserer regul\u00e4ren Veranstaltungen teilzunehmen. Sofern Sie mehr als 10 Personen sind, buchen Sie die gew\u00fcnschte Platzzahl einfach in mehreren Buchungen (da pro Buchung maximal 10 Tickets m\u00f6glich sind). Alternativ erhalten Sie als Gruppe von mehr als 10 Personen gern ein individuelles Angebot. So l\u00e4sst sich beispielsweise ein Empfang vorab arrangieren, oder auch ein l\u00e4ngeres Verweilen nach dem regul\u00e4ren Ende der Veranstaltung, wo Sie jeweils unter sich sein k\u00f6nnen. Nur w\u00e4hrend der Vorstellung sind freilich auch andere G\u00e4ste vor Ort; es sei denn, Sie haben alle Pl\u00e4tze einer Veranstaltung gebucht. <\/p>\n\n\n\n<p><span style=\"text-decoration: underline;\">M\u00f6glichkeit 2:<\/span> Bei einer <em><strong>exklusiven Buchung<\/strong> des gesamten PLANET KA <strong>bitten wir um m\u00f6glichst fr\u00fchzeitige Buchung!<\/strong><\/em><br>Am besten, Sie fragen mindestens 2-3 Monate im Voraus an, gern auch l\u00e4nger. Andernfalls besteht immer eine gewisse Wahrscheinlichkeit, dass zu Ihrem Wunschtermin bereits andere Buchungen vorliegen. <br>Den Buchungskalender finden Sie hier auf der Seite weiter unten.<\/p>\n\n\n\n<div style=\"height:37px\" aria-hidden=\"true\" class=\"wp-block-spacer\"><\/div>\n\n\n\n<h4 class=\"wp-block-heading\" id=\"vermiet-pa\">Unsere preislichen Angebote <\/h4>\n\n\n\n<p>Alle Preise verstehen sich als Bruttopreise inklusive der gesetzlich vorgeschriebenen Mehrwertsteueranteile. <\/p>\n\n\n\n<div class=\"wp-block-group\"><div class=\"wp-block-group__inner-container is-layout-constrained wp-block-group-is-layout-constrained\">\n<div class=\"wp-block-columns is-layout-flex wp-container-core-columns-is-layout-9d6595d7 wp-block-columns-is-layout-flex\">\n<div class=\"wp-block-column is-layout-flow wp-block-column-is-layout-flow\" style=\"flex-basis:66.66%\">\n<p><span style=\"text-decoration: underline;\">Gruppen-Angebote bei regul\u00e4ren Programmen<\/span><br><br>ab Gruppen von 15 Personen <br>optional mit Raum zum Feiern (bis 30, 60 oder 90 Min. im Anschluss)<\/p>\n<\/div>\n\n\n\n<div class=\"wp-block-column is-layout-flow wp-block-column-is-layout-flow\" style=\"flex-basis:33.33%\">\n<p><br><br>bitte anfragen; ab 10 Euro pro Person<br>zzgl.  ab 49 Euro <\/p>\n<\/div>\n<\/div>\n<\/div><\/div>\n\n\n\n<div class=\"wp-block-group\"><div class=\"wp-block-group__inner-container is-layout-constrained wp-block-group-is-layout-constrained\">\n<div class=\"wp-block-columns is-layout-flex wp-container-core-columns-is-layout-9d6595d7 wp-block-columns-is-layout-flex\">\n<div class=\"wp-block-column is-layout-flow wp-block-column-is-layout-flow\" style=\"flex-basis:66.66%\">\n<p><span style=\"text-decoration: underline;\">Exklusiv-Angebote f\u00fcr Ihr Event<\/span><br><br><strong><em>&#8220;Sternstunde spezial&#8221;<\/em>  <\/strong>im Planetarium (90 Min.)<br>60 Min. Planetariumsprogramm Ihrer Wahl plus vorab 30 Min. F\u00fchrung durch die Ausstellung und ggf. Teleskopbeobachtung (wetter- und zeitabh\u00e4ngig); optional zzgl. Raumanmietung (ab 50 Euro) f\u00fcr weitere 1,5 Std. f\u00fcr Empfang und Feier\/ Beisammensein (K\u00fcche vorhanden) davor oder danach; max. 40 Personen, n.V.<br><br>Vermietung halbtags (bis 4 Std.; gerechnet f\u00fcr 20 Pers.; mehr n.V.)<br>Mo-Do tags\u00fcber <br>Mo-Do abends<br>Fr-So tags\u00fcber <br>Fr-So abends<br><br>Vermietung ganztags (bis 12 Std.; bis 40 Pers., mehr n.V.)<br>Mo-Do <br>Fr-So<\/p>\n<\/div>\n\n\n\n<div class=\"wp-block-column is-layout-flow wp-block-column-is-layout-flow\" style=\"flex-basis:33.33%\">\n<p><br><br>ab 250 Euro (f\u00fcr 20 Pers.)<br><br><\/p>\n\n\n\n<p><br><\/p>\n\n\n\n<p><\/p>\n\n\n\n<p>ab 450 Euro<br>ab 450 Euro<br>ab 750 Euro<br>ab 750 Euro<\/p>\n\n\n\n<p><br>ab 750 Euro<br>ab 1400 Euro<br><\/p>\n<\/div>\n<\/div>\n<\/div><\/div>\n\n\n\n<p>Zus\u00e4tzliche Personen oder Leistungen entsprechend individuellem Angebot, das wir Ihnen gern unverbindlich erstellen.<br>Alle Preise verstehen sich als Bruttopreise inkl. der gesetzlichen Mehrwertsteuer.<\/p>\n\n\n\n<p>Absage \/ Stornierung: Sollte etwas Unvorhergesehenes dazwischenkommen, gelten unsere <a href=\"https:\/\/planet-ka.de\/en\/eintrittspreise-oeffnungszeiten\/#stornori\" target=\"_blank\" rel=\"noreferrer noopener\">Stornierungs-Richtlinien<\/a>.<br>Bitte auch hier so fr\u00fch wie m\u00f6glich Bescheid geben.<\/p>\n\n\n<div class=\"wp-block-ub-divider ub_divider ub-divider-orientation-horizontal\" id=\"ub_divider_8e6eccab-434d-448a-88ef-2cb1c9652a98\"><div class=\"ub_divider_wrapper\" style=\"position: relative; margin-bottom: 2px; width: 100%; height: 2px; \" data-divider-alignment=\"center\"><div class=\"ub_divider_line\" style=\"border-top: 2px solid #ccc; margin-top: 2px; \"><\/div><\/div><\/div>\n\n\n<div style=\"height:26px\" aria-hidden=\"true\" class=\"wp-block-spacer\"><\/div>\n\n\n\n<h3 class=\"wp-block-heading\" id=\"event-buchung\">Termine &amp; Buchung<\/h3>\n\n\n\n<p><strong>Hier<\/strong> finden Sie <span style=\"text-decoration: underline;\">demn\u00e4chst<\/span> den <strong>Booking Calendar<\/strong>, wo die Anfrage f\u00fcr einen Wunschtermin gestellt werden kann. Eine Wunsch-Uhrzeit kann angegeben werden. Es ist hier auch bereits eine Online-Bezahlung m\u00f6glich.<br>Sie k\u00f6nnen Ihre Buchungsanfrage selbstverst\u00e4ndlich auch \u00fcber Email oder Telefon stellen.<\/p>\n\n\n\n<p>Wir best\u00e4tigen Ihre Buchungsanfrage in der Regel bis zum n\u00e4chsten Werktag.<\/p>\n\n\n\n<p>Sp\u00e4testens 1-2 Wochen vor dem Termin sollten wir noch einmal alle Einzelheiten absprechen. Sehr gern ber\u00fccksichtigen wir bei der Gestaltung von Inhalt und Ablauf Ihre W\u00fcnsche und beantworten vorab alle Ihre Fragen.<\/p>\n\n\n\n<p>Bei umf\u00e4nglicheren Arrangements, insbesondere mit Catering, empfehlen wir eine Buchung und detaillierte Planung mit uns mindestens 2-3 Monate im Voraus abzusprechen.<br><\/p>","protected":false},"excerpt":{"rendered":"<p>Events, Feiern oder Pr\u00e4sentationen im Planetarium Den Sternen so nah! Sie suchen den besonderen Ort f\u00fcr Ihren besonderen Anlass? Sehr sch\u00f6n: Hier im PLANET KA haben Sie ihn (wom\u00f6glich) schon gefunden! Im PLANET KA, dem neuen Planetarium Karlsruhe, l\u00e4sst sich<\/p>","protected":false},"author":1,"featured_media":0,"parent":0,"menu_order":0,"comment_status":"closed","ping_status":"closed","template":"","meta":{"footnotes":""},"class_list":["post-1365","page","type-page","status-publish","hentry","","tg-column-two"],"featured_image_src":null,"yoast_head":"<!-- This site is optimized with the Yoast SEO plugin v27.3 - https:\/\/yoast.com\/product\/yoast-seo-wordpress\/ -->\n<title>Familienfeiern \/ Firmenevents - PLANET KA<\/title>\n<meta name=\"robots\" content=\"index, follow, max-snippet:-1, max-image-preview:large, max-video-preview:-1\" \/>\n<link rel=\"canonical\" href=\"https:\/\/planet-ka.de\/en\/familienfeier-bis-firmenevent\/\" \/>\n<meta property=\"og:locale\" content=\"en_US\" \/>\n<meta property=\"og:type\" content=\"article\" \/>\n<meta property=\"og:title\" content=\"Familienfeiern \/ Firmenevents - PLANET KA\" \/>\n<meta property=\"og:description\" content=\"Events, Feiern oder Pr\u00e4sentationen im Planetarium Den Sternen so nah! Sie suchen den besonderen Ort f\u00fcr Ihren besonderen Anlass? Sehr sch\u00f6n: Hier im PLANET KA haben Sie ihn (wom\u00f6glich) schon gefunden! Im PLANET KA, dem neuen Planetarium Karlsruhe, l\u00e4sst sich\" \/>\n<meta property=\"og:url\" content=\"https:\/\/planet-ka.de\/en\/familienfeier-bis-firmenevent\/\" \/>\n<meta property=\"og:site_name\" content=\"PLANET KA\" \/>\n<meta property=\"article:publisher\" content=\"https:\/\/www.facebook.com\/people\/Planet-KA-Planetarium-Karlsruhe\/61573710254024\/\" \/>\n<meta property=\"article:modified_time\" content=\"2026-02-24T17:18:15+00:00\" \/>\n<meta property=\"og:image\" content=\"https:\/\/planet-ka.de\/wp-content\/uploads\/2025\/01\/pexels-magda-ehlers-pexels-4239886-2.jpg\" \/>\n\t<meta property=\"og:image:width\" content=\"1280\" \/>\n\t<meta property=\"og:image:height\" content=\"845\" \/>\n\t<meta property=\"og:image:type\" content=\"image\/jpeg\" \/>\n<script type=\"application\/ld+json\" class=\"yoast-schema-graph\">{\"@context\":\"https:\\\/\\\/schema.org\",\"@graph\":[{\"@type\":\"WebPage\",\"@id\":\"https:\\\/\\\/planet-ka.de\\\/familienfeier-bis-firmenevent\\\/\",\"url\":\"https:\\\/\\\/planet-ka.de\\\/familienfeier-bis-firmenevent\\\/\",\"name\":\"Familienfeiern \\\/ Firmenevents - PLANET KA\",\"isPartOf\":{\"@id\":\"https:\\\/\\\/planet-ka.de\\\/#website\"},\"primaryImageOfPage\":{\"@id\":\"https:\\\/\\\/planet-ka.de\\\/familienfeier-bis-firmenevent\\\/#primaryimage\"},\"image\":{\"@id\":\"https:\\\/\\\/planet-ka.de\\\/familienfeier-bis-firmenevent\\\/#primaryimage\"},\"thumbnailUrl\":\"https:\\\/\\\/planet-ka.de\\\/wp-content\\\/uploads\\\/2025\\\/01\\\/pexels-magda-ehlers-pexels-4239886-2-1024x676.jpg\",\"datePublished\":\"2025-02-07T22:50:17+00:00\",\"dateModified\":\"2026-02-24T17:18:15+00:00\",\"breadcrumb\":{\"@id\":\"https:\\\/\\\/planet-ka.de\\\/familienfeier-bis-firmenevent\\\/#breadcrumb\"},\"inLanguage\":\"en-US\",\"potentialAction\":[{\"@type\":\"ReadAction\",\"target\":[\"https:\\\/\\\/planet-ka.de\\\/familienfeier-bis-firmenevent\\\/\"]}]},{\"@type\":\"ImageObject\",\"inLanguage\":\"en-US\",\"@id\":\"https:\\\/\\\/planet-ka.de\\\/familienfeier-bis-firmenevent\\\/#primaryimage\",\"url\":\"https:\\\/\\\/planet-ka.de\\\/wp-content\\\/uploads\\\/2025\\\/01\\\/pexels-magda-ehlers-pexels-4239886-2-1024x676.jpg\",\"contentUrl\":\"https:\\\/\\\/planet-ka.de\\\/wp-content\\\/uploads\\\/2025\\\/01\\\/pexels-magda-ehlers-pexels-4239886-2-1024x676.jpg\"},{\"@type\":\"BreadcrumbList\",\"@id\":\"https:\\\/\\\/planet-ka.de\\\/familienfeier-bis-firmenevent\\\/#breadcrumb\",\"itemListElement\":[{\"@type\":\"ListItem\",\"position\":1,\"name\":\"Startseite\",\"item\":\"https:\\\/\\\/planet-ka.de\\\/\"},{\"@type\":\"ListItem\",\"position\":2,\"name\":\"Familienfeiern \\\/ Firmenevents\"}]},{\"@type\":\"WebSite\",\"@id\":\"https:\\\/\\\/planet-ka.de\\\/#website\",\"url\":\"https:\\\/\\\/planet-ka.de\\\/\",\"name\":\"PLANET KA\",\"description\":\"Faszination Kosmos\",\"publisher\":{\"@id\":\"https:\\\/\\\/planet-ka.de\\\/#organization\"},\"potentialAction\":[{\"@type\":\"SearchAction\",\"target\":{\"@type\":\"EntryPoint\",\"urlTemplate\":\"https:\\\/\\\/planet-ka.de\\\/?s={search_term_string}\"},\"query-input\":{\"@type\":\"PropertyValueSpecification\",\"valueRequired\":true,\"valueName\":\"search_term_string\"}}],\"inLanguage\":\"en-US\"},{\"@type\":\"Organization\",\"@id\":\"https:\\\/\\\/planet-ka.de\\\/#organization\",\"name\":\"PLANET KA\",\"url\":\"https:\\\/\\\/planet-ka.de\\\/\",\"logo\":{\"@type\":\"ImageObject\",\"inLanguage\":\"en-US\",\"@id\":\"https:\\\/\\\/planet-ka.de\\\/#\\\/schema\\\/logo\\\/image\\\/\",\"url\":\"https:\\\/\\\/planet-ka.de\\\/wp-content\\\/uploads\\\/2025\\\/03\\\/cropped-Logo-Banner-Website-Jan-25_19.png\",\"contentUrl\":\"https:\\\/\\\/planet-ka.de\\\/wp-content\\\/uploads\\\/2025\\\/03\\\/cropped-Logo-Banner-Website-Jan-25_19.png\",\"width\":225,\"height\":66,\"caption\":\"PLANET KA\"},\"image\":{\"@id\":\"https:\\\/\\\/planet-ka.de\\\/#\\\/schema\\\/logo\\\/image\\\/\"},\"sameAs\":[\"https:\\\/\\\/www.facebook.com\\\/people\\\/Planet-KA-Planetarium-Karlsruhe\\\/61573710254024\\\/\",\"https:\\\/\\\/www.instagram.com\\\/planetarium_karlsruhe\\\/\"]}]}<\/script>\n<!-- \/ Yoast SEO plugin. -->","yoast_head_json":{"title":"Familienfeiern \/ Firmenevents - PLANET KA","robots":{"index":"index","follow":"follow","max-snippet":"max-snippet:-1","max-image-preview":"max-image-preview:large","max-video-preview":"max-video-preview:-1"},"canonical":"https:\/\/planet-ka.de\/en\/familienfeier-bis-firmenevent\/","og_locale":"en_US","og_type":"article","og_title":"Familienfeiern \/ Firmenevents - PLANET KA","og_description":"Events, Feiern oder Pr\u00e4sentationen im Planetarium Den Sternen so nah! Sie suchen den besonderen Ort f\u00fcr Ihren besonderen Anlass? Sehr sch\u00f6n: Hier im PLANET KA haben Sie ihn (wom\u00f6glich) schon gefunden! Im PLANET KA, dem neuen Planetarium Karlsruhe, l\u00e4sst sich","og_url":"https:\/\/planet-ka.de\/en\/familienfeier-bis-firmenevent\/","og_site_name":"PLANET KA","article_publisher":"https:\/\/www.facebook.com\/people\/Planet-KA-Planetarium-Karlsruhe\/61573710254024\/","article_modified_time":"2026-02-24T17:18:15+00:00","og_image":[{"width":1280,"height":845,"url":"https:\/\/planet-ka.de\/wp-content\/uploads\/2025\/01\/pexels-magda-ehlers-pexels-4239886-2.jpg","type":"image\/jpeg"}],"schema":{"@context":"https:\/\/schema.org","@graph":[{"@type":"WebPage","@id":"https:\/\/planet-ka.de\/familienfeier-bis-firmenevent\/","url":"https:\/\/planet-ka.de\/familienfeier-bis-firmenevent\/","name":"Familienfeiern \/ Firmenevents - PLANET KA","isPartOf":{"@id":"https:\/\/planet-ka.de\/#website"},"primaryImageOfPage":{"@id":"https:\/\/planet-ka.de\/familienfeier-bis-firmenevent\/#primaryimage"},"image":{"@id":"https:\/\/planet-ka.de\/familienfeier-bis-firmenevent\/#primaryimage"},"thumbnailUrl":"https:\/\/planet-ka.de\/wp-content\/uploads\/2025\/01\/pexels-magda-ehlers-pexels-4239886-2-1024x676.jpg","datePublished":"2025-02-07T22:50:17+00:00","dateModified":"2026-02-24T17:18:15+00:00","breadcrumb":{"@id":"https:\/\/planet-ka.de\/familienfeier-bis-firmenevent\/#breadcrumb"},"inLanguage":"en-US","potentialAction":[{"@type":"ReadAction","target":["https:\/\/planet-ka.de\/familienfeier-bis-firmenevent\/"]}]},{"@type":"ImageObject","inLanguage":"en-US","@id":"https:\/\/planet-ka.de\/familienfeier-bis-firmenevent\/#primaryimage","url":"https:\/\/planet-ka.de\/wp-content\/uploads\/2025\/01\/pexels-magda-ehlers-pexels-4239886-2-1024x676.jpg","contentUrl":"https:\/\/planet-ka.de\/wp-content\/uploads\/2025\/01\/pexels-magda-ehlers-pexels-4239886-2-1024x676.jpg"},{"@type":"BreadcrumbList","@id":"https:\/\/planet-ka.de\/familienfeier-bis-firmenevent\/#breadcrumb","itemListElement":[{"@type":"ListItem","position":1,"name":"Startseite","item":"https:\/\/planet-ka.de\/"},{"@type":"ListItem","position":2,"name":"Familienfeiern \/ Firmenevents"}]},{"@type":"WebSite","@id":"https:\/\/planet-ka.de\/#website","url":"https:\/\/planet-ka.de\/","name":"PLANET KA","description":"Cosmic Fascination","publisher":{"@id":"https:\/\/planet-ka.de\/#organization"},"potentialAction":[{"@type":"SearchAction","target":{"@type":"EntryPoint","urlTemplate":"https:\/\/planet-ka.de\/?s={search_term_string}"},"query-input":{"@type":"PropertyValueSpecification","valueRequired":true,"valueName":"search_term_string"}}],"inLanguage":"en-US"},{"@type":"Organization","@id":"https:\/\/planet-ka.de\/#organization","name":"PLANET KA","url":"https:\/\/planet-ka.de\/","logo":{"@type":"ImageObject","inLanguage":"en-US","@id":"https:\/\/planet-ka.de\/#\/schema\/logo\/image\/","url":"https:\/\/planet-ka.de\/wp-content\/uploads\/2025\/03\/cropped-Logo-Banner-Website-Jan-25_19.png","contentUrl":"https:\/\/planet-ka.de\/wp-content\/uploads\/2025\/03\/cropped-Logo-Banner-Website-Jan-25_19.png","width":225,"height":66,"caption":"PLANET KA"},"image":{"@id":"https:\/\/planet-ka.de\/#\/schema\/logo\/image\/"},"sameAs":["https:\/\/www.facebook.com\/people\/Planet-KA-Planetarium-Karlsruhe\/61573710254024\/","https:\/\/www.instagram.com\/planetarium_karlsruhe\/"]}]}},"_links":{"self":[{"href":"https:\/\/planet-ka.de\/en\/wp-json\/wp\/v2\/pages\/1365","targetHints":{"allow":["GET"]}}],"collection":[{"href":"https:\/\/planet-ka.de\/en\/wp-json\/wp\/v2\/pages"}],"about":[{"href":"https:\/\/planet-ka.de\/en\/wp-json\/wp\/v2\/types\/page"}],"author":[{"embeddable":true,"href":"https:\/\/planet-ka.de\/en\/wp-json\/wp\/v2\/users\/1"}],"replies":[{"embeddable":true,"href":"https:\/\/planet-ka.de\/en\/wp-json\/wp\/v2\/comments?post=1365"}],"version-history":[{"count":11,"href":"https:\/\/planet-ka.de\/en\/wp-json\/wp\/v2\/pages\/1365\/revisions"}],"predecessor-version":[{"id":3520,"href":"https:\/\/planet-ka.de\/en\/wp-json\/wp\/v2\/pages\/1365\/revisions\/3520"}],"wp:attachment":[{"href":"https:\/\/planet-ka.de\/en\/wp-json\/wp\/v2\/media?parent=1365"}],"curies":[{"name":"wp","href":"https:\/\/api.w.org\/{rel}","templated":true}]}}