{"id":1396,"date":"2025-02-08T17:03:10","date_gmt":"2025-02-08T16:03:10","guid":{"rendered":"https:\/\/planet-ka.de\/?page_id=1396"},"modified":"2025-02-24T13:04:20","modified_gmt":"2025-02-24T12:04:20","slug":"angebote","status":"publish","type":"page","link":"https:\/\/planet-ka.de\/en\/angebote\/","title":{"rendered":"Offers"},"content":{"rendered":"<div class=\"wp-block-media-text is-stacked-on-mobile\" style=\"grid-template-columns:57% auto\"><figure class=\"wp-block-media-text__media\"><img loading=\"lazy\" decoding=\"async\" width=\"1024\" height=\"640\" src=\"https:\/\/planet-ka.de\/wp-content\/uploads\/2025\/02\/M4-eso1235d-1024x640.jpg\" alt=\"\" class=\"wp-image-1397 size-full\" srcset=\"https:\/\/planet-ka.de\/wp-content\/uploads\/2025\/02\/M4-eso1235d-1024x640.jpg 1024w, https:\/\/planet-ka.de\/wp-content\/uploads\/2025\/02\/M4-eso1235d-300x188.jpg 300w, https:\/\/planet-ka.de\/wp-content\/uploads\/2025\/02\/M4-eso1235d-768x480.jpg 768w, https:\/\/planet-ka.de\/wp-content\/uploads\/2025\/02\/M4-eso1235d-1536x960.jpg 1536w, https:\/\/planet-ka.de\/wp-content\/uploads\/2025\/02\/M4-eso1235d.jpg 1920w\" sizes=\"auto, (max-width: 1024px) 100vw, 1024px\" \/><\/figure><div class=\"wp-block-media-text__content\">\n<h2 class=\"wp-block-heading\" id=\"0-unsere-angebote-f%C3%BCr-sie\">Unsere Angebote f\u00fcr Sie<\/h2>\n\n\n\n<div style=\"height:25px\" aria-hidden=\"true\" class=\"wp-block-spacer\"><\/div>\n\n\n\n<p>So bunt und vielf\u00e4ltig wie dieser Sternhaufen ist unsere Angebotspalette f\u00fcr Sie!<\/p>\n\n\n\n<p>Ob Kindergeburtstag, Hochzeit oder Firmen-Event &#8211; wir erstellen Ihnen ein passendes Angebot f\u00fcr Ihre Feier \/ Ihr Event.<\/p>\n\n\n\n<p>Zum Verschenken bieten wir Gutscheine und Sternpatenschaften an sowie viele &#8222;himmlische&#8220; Gimmicks &amp; B\u00fccher in unserem Shop.<\/p>\n\n\n\n<div style=\"height:18px\" aria-hidden=\"true\" class=\"wp-block-spacer\"><\/div>\n\n\n\n<div class=\"wp-block-buttons is-content-justification-center is-layout-flex wp-container-core-buttons-is-layout-16018d1d wp-block-buttons-is-layout-flex\">\n<div class=\"wp-block-button has-custom-width wp-block-button__width-75 has-custom-font-size is-style-outline is-style-outline--1\" style=\"font-size:15px\"><a class=\"wp-block-button__link wp-element-button\" href=\"#1-unsere-angebote-im-%C3%BCberblick\">Jetzt entdecken!<\/a><\/div>\n<\/div>\n<\/div><\/div>\n\n\n\n<div style=\"height:22px\" aria-hidden=\"true\" class=\"wp-block-spacer\"><\/div>\n\n\n\n<h3 class=\"wp-block-heading\" id=\"1-unsere-angebote-im-%C3%BCberblick\">Unsere Angebote im \u00dcberblick<\/h3>\n\n\n\n<p>Hier geben wir Ihnen einen \u00dcberblick \u00fcber alle <strong>individuellen Angebote<\/strong>. Daneben bieten wir nat\u00fcrlich weiterhin <strong>unser \u00f6ffentliches Programm<\/strong> an, das Sie im <strong>Programmkalender<\/strong> einsehen und dort direkt buchen k\u00f6nnen.<\/p>\n\n\n\n<p>\u00dcber folgende Links gelangen Sie zu der jeweiligen Angebotsseite:<\/p>\n\n\n<p><span style=\"text-decoration: underline;\">Offers<\/span>:<\/p>\n<ul>\n<li><a href=\"https:\/\/planet-ka.de\/en\/schulen-kitas\/\">f\u00fcr Schulen &amp; Kitas<\/a><\/li>\n<li><a href=\"https:\/\/planet-ka.de\/en\/weitere-studien-bildungsgruppen\/\">f\u00fcr soziale, gemeinn\u00fctzig-kulturelle oder sonstige Bildungsgruppen<\/a><\/li>\n<li>Programme f\u00fcr Kinder &amp; die ganze Familie<\/li>\n<li>\u00f6ffentliche <a href=\"https:\/\/planet-ka.de\/en\/astronomieprogramme\/\">Astronomieprogramme<\/a> f\u00fcr alle Altersgruppen<\/li>\n<li>Kulturveranstaltungen \/ <a href=\"https:\/\/planet-ka.de\/en\/special-events\/\">Specials<\/a><\/li>\n<li><a href=\"https:\/\/planet-ka.de\/en\/kindergeburtstag-im-planetarium\/\">Kindergeburtstage<\/a><\/li>\n<li><a href=\"https:\/\/planet-ka.de\/en\/familienfeier-bis-firmenevent\/\">Familienfeiern<\/a> (z.B. Hochzeiten) oder <a href=\"https:\/\/planet-ka.de\/en\/familienfeier-bis-firmenevent\/\">Firmen-Events<\/a><\/li>\n<li><a href=\"https:\/\/planet-ka.de\/en\/familienfeier-bis-firmenevent\/\">Vermietungen<\/a><\/li>\n<li><a href=\"https:\/\/planet-ka.de\/en\/gutscheine\/\">Gift certificates<\/a>\u00a0<\/li>\n<li><a href=\"https:\/\/planet-ka.de\/en\/sternpatenschaften\/\">Star sponsorships<\/a><\/li>\n<li>Starry&#8217;s &#8211; unser kleiner Museumsshop (Seite ist noch in Arbeit)<\/li>\n<\/ul>\n<p>Sollten Sie hier nicht f\u00fcndig werden, z\u00f6gern Sie bitte nicht, uns zu fragen! <a href=\"https:\/\/planet-ka.de\/en\/contact\/\" target=\"_blank\" rel=\"noopener\">Hier geht es zur Kontaktseite<\/a>.<\/p>","protected":false},"excerpt":{"rendered":"<p>Unsere Angebote im \u00dcberblick Hier geben wir Ihnen einen \u00dcberblick \u00fcber alle individuellen Angebote. Daneben bieten wir nat\u00fcrlich weiterhin unser \u00f6ffentliches Programm an, das Sie im Programmkalender einsehen und dort direkt buchen k\u00f6nnen. \u00dcber folgende Links gelangen Sie zu der<\/p>","protected":false},"author":1,"featured_media":0,"parent":0,"menu_order":0,"comment_status":"closed","ping_status":"closed","template":"","meta":{"footnotes":""},"class_list":["post-1396","page","type-page","status-publish","hentry","","tg-column-two"],"featured_image_src":null,"yoast_head":"<!-- This site is optimized with the Yoast SEO plugin v27.3 - https:\/\/yoast.com\/product\/yoast-seo-wordpress\/ -->\n<title>Angebote - PLANET KA<\/title>\n<meta name=\"robots\" content=\"index, follow, max-snippet:-1, max-image-preview:large, max-video-preview:-1\" \/>\n<link rel=\"canonical\" href=\"https:\/\/planet-ka.de\/en\/angebote\/\" \/>\n<meta property=\"og:locale\" content=\"en_US\" \/>\n<meta property=\"og:type\" content=\"article\" \/>\n<meta property=\"og:title\" content=\"Angebote - PLANET KA\" \/>\n<meta property=\"og:description\" content=\"Unsere Angebote im \u00dcberblick Hier geben wir Ihnen einen \u00dcberblick \u00fcber alle individuellen Angebote. Daneben bieten wir nat\u00fcrlich weiterhin unser \u00f6ffentliches Programm an, das Sie im Programmkalender einsehen und dort direkt buchen k\u00f6nnen. \u00dcber folgende Links gelangen Sie zu der\" \/>\n<meta property=\"og:url\" content=\"https:\/\/planet-ka.de\/en\/angebote\/\" \/>\n<meta property=\"og:site_name\" content=\"PLANET KA\" \/>\n<meta property=\"article:publisher\" content=\"https:\/\/www.facebook.com\/people\/Planet-KA-Planetarium-Karlsruhe\/61573710254024\/\" \/>\n<meta property=\"article:modified_time\" content=\"2025-02-24T12:04:20+00:00\" \/>\n<meta property=\"og:image\" content=\"https:\/\/planet-ka.de\/wp-content\/uploads\/2025\/02\/M4-eso1235d-1024x640.jpg\" \/>\n<script type=\"application\/ld+json\" class=\"yoast-schema-graph\">{\"@context\":\"https:\\\/\\\/schema.org\",\"@graph\":[{\"@type\":\"WebPage\",\"@id\":\"https:\\\/\\\/planet-ka.de\\\/angebote\\\/\",\"url\":\"https:\\\/\\\/planet-ka.de\\\/angebote\\\/\",\"name\":\"Angebote - PLANET KA\",\"isPartOf\":{\"@id\":\"https:\\\/\\\/planet-ka.de\\\/#website\"},\"primaryImageOfPage\":{\"@id\":\"https:\\\/\\\/planet-ka.de\\\/angebote\\\/#primaryimage\"},\"image\":{\"@id\":\"https:\\\/\\\/planet-ka.de\\\/angebote\\\/#primaryimage\"},\"thumbnailUrl\":\"https:\\\/\\\/planet-ka.de\\\/wp-content\\\/uploads\\\/2025\\\/02\\\/M4-eso1235d-1024x640.jpg\",\"datePublished\":\"2025-02-08T16:03:10+00:00\",\"dateModified\":\"2025-02-24T12:04:20+00:00\",\"breadcrumb\":{\"@id\":\"https:\\\/\\\/planet-ka.de\\\/angebote\\\/#breadcrumb\"},\"inLanguage\":\"en-US\",\"potentialAction\":[{\"@type\":\"ReadAction\",\"target\":[\"https:\\\/\\\/planet-ka.de\\\/angebote\\\/\"]}]},{\"@type\":\"ImageObject\",\"inLanguage\":\"en-US\",\"@id\":\"https:\\\/\\\/planet-ka.de\\\/angebote\\\/#primaryimage\",\"url\":\"https:\\\/\\\/planet-ka.de\\\/wp-content\\\/uploads\\\/2025\\\/02\\\/M4-eso1235d-1024x640.jpg\",\"contentUrl\":\"https:\\\/\\\/planet-ka.de\\\/wp-content\\\/uploads\\\/2025\\\/02\\\/M4-eso1235d-1024x640.jpg\"},{\"@type\":\"BreadcrumbList\",\"@id\":\"https:\\\/\\\/planet-ka.de\\\/angebote\\\/#breadcrumb\",\"itemListElement\":[{\"@type\":\"ListItem\",\"position\":1,\"name\":\"Startseite\",\"item\":\"https:\\\/\\\/planet-ka.de\\\/\"},{\"@type\":\"ListItem\",\"position\":2,\"name\":\"Angebote\"}]},{\"@type\":\"WebSite\",\"@id\":\"https:\\\/\\\/planet-ka.de\\\/#website\",\"url\":\"https:\\\/\\\/planet-ka.de\\\/\",\"name\":\"PLANET KA\",\"description\":\"Faszination Kosmos\",\"publisher\":{\"@id\":\"https:\\\/\\\/planet-ka.de\\\/#organization\"},\"potentialAction\":[{\"@type\":\"SearchAction\",\"target\":{\"@type\":\"EntryPoint\",\"urlTemplate\":\"https:\\\/\\\/planet-ka.de\\\/?s={search_term_string}\"},\"query-input\":{\"@type\":\"PropertyValueSpecification\",\"valueRequired\":true,\"valueName\":\"search_term_string\"}}],\"inLanguage\":\"en-US\"},{\"@type\":\"Organization\",\"@id\":\"https:\\\/\\\/planet-ka.de\\\/#organization\",\"name\":\"PLANET KA\",\"url\":\"https:\\\/\\\/planet-ka.de\\\/\",\"logo\":{\"@type\":\"ImageObject\",\"inLanguage\":\"en-US\",\"@id\":\"https:\\\/\\\/planet-ka.de\\\/#\\\/schema\\\/logo\\\/image\\\/\",\"url\":\"https:\\\/\\\/planet-ka.de\\\/wp-content\\\/uploads\\\/2025\\\/03\\\/cropped-Logo-Banner-Website-Jan-25_19.png\",\"contentUrl\":\"https:\\\/\\\/planet-ka.de\\\/wp-content\\\/uploads\\\/2025\\\/03\\\/cropped-Logo-Banner-Website-Jan-25_19.png\",\"width\":225,\"height\":66,\"caption\":\"PLANET KA\"},\"image\":{\"@id\":\"https:\\\/\\\/planet-ka.de\\\/#\\\/schema\\\/logo\\\/image\\\/\"},\"sameAs\":[\"https:\\\/\\\/www.facebook.com\\\/people\\\/Planet-KA-Planetarium-Karlsruhe\\\/61573710254024\\\/\",\"https:\\\/\\\/www.instagram.com\\\/planetarium_karlsruhe\\\/\"]}]}<\/script>\n<!-- \/ Yoast SEO plugin. -->","yoast_head_json":{"title":"Angebote - PLANET KA","robots":{"index":"index","follow":"follow","max-snippet":"max-snippet:-1","max-image-preview":"max-image-preview:large","max-video-preview":"max-video-preview:-1"},"canonical":"https:\/\/planet-ka.de\/en\/angebote\/","og_locale":"en_US","og_type":"article","og_title":"Angebote - PLANET KA","og_description":"Unsere Angebote im \u00dcberblick Hier geben wir Ihnen einen \u00dcberblick \u00fcber alle individuellen Angebote. Daneben bieten wir nat\u00fcrlich weiterhin unser \u00f6ffentliches Programm an, das Sie im Programmkalender einsehen und dort direkt buchen k\u00f6nnen. \u00dcber folgende Links gelangen Sie zu der","og_url":"https:\/\/planet-ka.de\/en\/angebote\/","og_site_name":"PLANET KA","article_publisher":"https:\/\/www.facebook.com\/people\/Planet-KA-Planetarium-Karlsruhe\/61573710254024\/","article_modified_time":"2025-02-24T12:04:20+00:00","og_image":[{"url":"https:\/\/planet-ka.de\/wp-content\/uploads\/2025\/02\/M4-eso1235d-1024x640.jpg","type":"","width":"","height":""}],"schema":{"@context":"https:\/\/schema.org","@graph":[{"@type":"WebPage","@id":"https:\/\/planet-ka.de\/angebote\/","url":"https:\/\/planet-ka.de\/angebote\/","name":"Angebote - PLANET KA","isPartOf":{"@id":"https:\/\/planet-ka.de\/#website"},"primaryImageOfPage":{"@id":"https:\/\/planet-ka.de\/angebote\/#primaryimage"},"image":{"@id":"https:\/\/planet-ka.de\/angebote\/#primaryimage"},"thumbnailUrl":"https:\/\/planet-ka.de\/wp-content\/uploads\/2025\/02\/M4-eso1235d-1024x640.jpg","datePublished":"2025-02-08T16:03:10+00:00","dateModified":"2025-02-24T12:04:20+00:00","breadcrumb":{"@id":"https:\/\/planet-ka.de\/angebote\/#breadcrumb"},"inLanguage":"en-US","potentialAction":[{"@type":"ReadAction","target":["https:\/\/planet-ka.de\/angebote\/"]}]},{"@type":"ImageObject","inLanguage":"en-US","@id":"https:\/\/planet-ka.de\/angebote\/#primaryimage","url":"https:\/\/planet-ka.de\/wp-content\/uploads\/2025\/02\/M4-eso1235d-1024x640.jpg","contentUrl":"https:\/\/planet-ka.de\/wp-content\/uploads\/2025\/02\/M4-eso1235d-1024x640.jpg"},{"@type":"BreadcrumbList","@id":"https:\/\/planet-ka.de\/angebote\/#breadcrumb","itemListElement":[{"@type":"ListItem","position":1,"name":"Startseite","item":"https:\/\/planet-ka.de\/"},{"@type":"ListItem","position":2,"name":"Angebote"}]},{"@type":"WebSite","@id":"https:\/\/planet-ka.de\/#website","url":"https:\/\/planet-ka.de\/","name":"PLANET KA","description":"Cosmic Fascination","publisher":{"@id":"https:\/\/planet-ka.de\/#organization"},"potentialAction":[{"@type":"SearchAction","target":{"@type":"EntryPoint","urlTemplate":"https:\/\/planet-ka.de\/?s={search_term_string}"},"query-input":{"@type":"PropertyValueSpecification","valueRequired":true,"valueName":"search_term_string"}}],"inLanguage":"en-US"},{"@type":"Organization","@id":"https:\/\/planet-ka.de\/#organization","name":"PLANET KA","url":"https:\/\/planet-ka.de\/","logo":{"@type":"ImageObject","inLanguage":"en-US","@id":"https:\/\/planet-ka.de\/#\/schema\/logo\/image\/","url":"https:\/\/planet-ka.de\/wp-content\/uploads\/2025\/03\/cropped-Logo-Banner-Website-Jan-25_19.png","contentUrl":"https:\/\/planet-ka.de\/wp-content\/uploads\/2025\/03\/cropped-Logo-Banner-Website-Jan-25_19.png","width":225,"height":66,"caption":"PLANET KA"},"image":{"@id":"https:\/\/planet-ka.de\/#\/schema\/logo\/image\/"},"sameAs":["https:\/\/www.facebook.com\/people\/Planet-KA-Planetarium-Karlsruhe\/61573710254024\/","https:\/\/www.instagram.com\/planetarium_karlsruhe\/"]}]}},"_links":{"self":[{"href":"https:\/\/planet-ka.de\/en\/wp-json\/wp\/v2\/pages\/1396","targetHints":{"allow":["GET"]}}],"collection":[{"href":"https:\/\/planet-ka.de\/en\/wp-json\/wp\/v2\/pages"}],"about":[{"href":"https:\/\/planet-ka.de\/en\/wp-json\/wp\/v2\/types\/page"}],"author":[{"embeddable":true,"href":"https:\/\/planet-ka.de\/en\/wp-json\/wp\/v2\/users\/1"}],"replies":[{"embeddable":true,"href":"https:\/\/planet-ka.de\/en\/wp-json\/wp\/v2\/comments?post=1396"}],"version-history":[{"count":9,"href":"https:\/\/planet-ka.de\/en\/wp-json\/wp\/v2\/pages\/1396\/revisions"}],"predecessor-version":[{"id":1853,"href":"https:\/\/planet-ka.de\/en\/wp-json\/wp\/v2\/pages\/1396\/revisions\/1853"}],"wp:attachment":[{"href":"https:\/\/planet-ka.de\/en\/wp-json\/wp\/v2\/media?parent=1396"}],"curies":[{"name":"wp","href":"https:\/\/api.w.org\/{rel}","templated":true}]}}