{"id":1413,"date":"2025-02-08T17:31:25","date_gmt":"2025-02-08T16:31:25","guid":{"rendered":"https:\/\/planet-ka.de\/?page_id=1413"},"modified":"2025-06-06T13:09:57","modified_gmt":"2025-06-06T11:09:57","slug":"gutscheine","status":"publish","type":"page","link":"https:\/\/planet-ka.de\/en\/gutscheine\/","title":{"rendered":"Gutscheine"},"content":{"rendered":"<div class=\"wp-block-media-text is-stacked-on-mobile\"><figure  class=\"wp-block-media-text__media\"><img loading=\"lazy\" decoding=\"async\" width=\"2560\" height=\"994\" alt=\"\" src=\"https:\/\/planet-ka.de\/wp-content\/uploads\/2025\/02\/Saturn_captured_with_an_ethereal_glow_as_it_is_backlit_from_the_Sun-scaled.jpeg\" class=\"wp-image-1414 size-full\" srcset=\"https:\/\/planet-ka.de\/wp-content\/uploads\/2025\/02\/Saturn_captured_with_an_ethereal_glow_as_it_is_backlit_from_the_Sun-scaled.jpeg 2560w, https:\/\/planet-ka.de\/wp-content\/uploads\/2025\/02\/Saturn_captured_with_an_ethereal_glow_as_it_is_backlit_from_the_Sun-300x116.jpeg 300w, https:\/\/planet-ka.de\/wp-content\/uploads\/2025\/02\/Saturn_captured_with_an_ethereal_glow_as_it_is_backlit_from_the_Sun-1024x398.jpeg 1024w, https:\/\/planet-ka.de\/wp-content\/uploads\/2025\/02\/Saturn_captured_with_an_ethereal_glow_as_it_is_backlit_from_the_Sun-768x298.jpeg 768w, https:\/\/planet-ka.de\/wp-content\/uploads\/2025\/02\/Saturn_captured_with_an_ethereal_glow_as_it_is_backlit_from_the_Sun-1536x596.jpeg 1536w, https:\/\/planet-ka.de\/wp-content\/uploads\/2025\/02\/Saturn_captured_with_an_ethereal_glow_as_it_is_backlit_from_the_Sun-2048x795.jpeg 2048w\" sizes=\"auto, (max-width: 2560px) 100vw, 2560px\" \/><\/figure><div class=\"wp-block-media-text__content\">\n<h2 class=\"wp-block-heading\">Geschenkgutscheine f\u00fcr jeden Anlass<\/h2>\n\n\n\n<p>Verschenken Sie Sternstunden! F\u00fcr jetzt oder sp\u00e4ter. Die Sterne leuchten immer f\u00fcr Sie.<\/p>\n\n\n\n<p>Unsere Gutscheine sind f\u00fcr alle unsere Programme und Angebote einl\u00f6sbar. Sie sind \u00fcbertragbar, verrechenbar und \u00fcber drei Jahre g\u00fcltig. <\/p>\n\n\n\n<div class=\"wp-block-buttons is-content-justification-center is-layout-flex wp-container-core-buttons-is-layout-16018d1d wp-block-buttons-is-layout-flex\">\n<div class=\"wp-block-button has-custom-width wp-block-button__width-75 has-custom-font-size is-style-outline is-style-outline--1\" style=\"font-size:15px\"><a class=\"wp-block-button__link wp-element-button\" href=\"#Gutschein-erwerben\">Gutschein erwerben<\/a><\/div>\n<\/div>\n<\/div><\/div>\n\n\n\n<div style=\"height:33px\" aria-hidden=\"true\" class=\"wp-block-spacer\"><\/div>\n\n\n\n<h2 class=\"wp-block-heading\">Wie funktionieren die Gutscheine von PLANET KA?<\/h2>\n\n\n\n<p>Ganz einfach: Der Gutschein funktioniert wie eine Geld- oder Wertkarte, die mit einem Guthaben aufgeladen wird. Sie selbst oder die beschenkte Person kann dieses Guthaben f\u00fcr alle unsere Programme und Angebote einl\u00f6sen &#8211; und sogar Artikel wie z.B. B\u00fccher und Postkarten in unserem kleinen Museumsshop bezahlen. Restguthaben bleibt erhalten. <br>Sollte der Guthabenwert einmal nicht ausreichen, kann die Differenz einfach mit einem anderen Zahlungsmittel beglichen werden. Eine Auszahlung oder Erstattung, wenn das Guthaben (noch) nicht ganz verbraucht wurde, ist jedoch nicht m\u00f6glich. Das Restguthaben verf\u00e4llt nicht, sondern bleibt bestehen und kann auch sp\u00e4ter f\u00fcr K\u00e4ufe eingesetzt werden.<\/p>\n\n\n\n<p>Gutscheine bleiben f\u00fcr volle drei Kalenderjahre nach dem Jahr des Erwerbs g\u00fcltig. Sie sind frei \u00fcbertragbar, jedoch nicht erstattungsf\u00e4hig.<\/p>\n\n\n\n<p>Bei weiteren Fragen zu Kauf und Anwendung von Gutscheinen fragen Sie gern nach. <\/p>\n\n\n<div class=\"wp-block-ub-divider ub_divider ub-divider-orientation-horizontal\" id=\"ub_divider_64750b18-31b4-4b8b-8ef8-2da56991ba10\"><div class=\"ub_divider_wrapper\" style=\"position: relative; margin-bottom: 2px; width: 100%; height: 2px; \" data-divider-alignment=\"center\"><div class=\"ub_divider_line\" style=\"border-top: 2px solid #ccc; margin-top: 2px; \"><\/div><\/div><\/div>\n\n\n<div style=\"height:36px\" aria-hidden=\"true\" class=\"wp-block-spacer\"><\/div>\n\n\n\n<h2 class=\"wp-block-heading\" id=\"Gutschein-erwerben\">Gutschein erwerben<\/h2>\n\n\n\n<p>Bitte tragen Sie hier den gew\u00fcnschten Gutschein-Wert ein!<br>Im weiteren Bestellprozess k\u00f6nnen Sie optional einen Widmungstext bis 250 Zeichen eingeben (nachtr\u00e4glich editierbar).<\/p>\n\n\n<noscript>\r\n\t<div class=\"pretix-widget-no-script\">\r\n        JavaScript is disabled in your browser. To access our ticket shop without JavaScript, please click <a target=\"_blank\" rel=\"noopener\" href=\"https:\/\/pretix.eu\/planetka\/gg\/\">here<\/a>.\t<\/div>\r\n<\/noscript>\r\n<pretix-widget list-type=\"list\" event=\"https:\/\/pretix.eu\/planetka\/gg\/\" class=\"wp-block-pretix-widget\"><\/pretix-widget>\n\n<div class=\"wp-block-image\">\n<figure class=\"aligncenter size-full is-resized\"><img loading=\"lazy\" decoding=\"async\" width=\"851\" height=\"600\" src=\"https:\/\/planet-ka.de\/wp-content\/uploads\/2025\/06\/giftvoutest.jpg\" alt=\"\" class=\"wp-image-2539\" style=\"width:519px;height:auto\" srcset=\"https:\/\/planet-ka.de\/wp-content\/uploads\/2025\/06\/giftvoutest.jpg 851w, https:\/\/planet-ka.de\/wp-content\/uploads\/2025\/06\/giftvoutest-300x212.jpg 300w, https:\/\/planet-ka.de\/wp-content\/uploads\/2025\/06\/giftvoutest-768x541.jpg 768w\" sizes=\"auto, (max-width: 851px) 100vw, 851px\" \/><\/figure>\n<\/div>\n\n\n<p>Sie erhalten den Gutschein in ansprechend gestaltetem A5-Format als PDF zum Download. <br>Es ist ein Widmungstext bis 250 Zeichen m\u00f6glich. Dieser kann ggf. auch nachtr\u00e4glich noch angepasst werden. Gern helfen wir Ihnen dabei.<br>Auf Wunsch drucken wir auch f\u00fcr Sie aus und Sie k\u00f6nnen den Gutschein zu einem vereinbarten Termin abholen oder wir senden ihn per Post zu (3 Euro Versandpauschale).<\/p>\n\n\n\n<p>Zur Ermittlung eines passenden Wertes k\u00f6nnen Sie sich z.B. in unserer <a href=\"https:\/\/planet-ka.de\/en\/eintrittspreise-oeffnungszeiten\/#tarife\" target=\"_blank\" rel=\"noreferrer noopener\">\u00dcbersicht Eintrittspreise<\/a> informieren. <\/p>\n\n\n\n<p>Beispiel: 1 Erwachsene + 2 Kinder am Wochenende = 12 + 2&#215;8 Euro = 28 Euro. <\/p>\n\n\n\n<div style=\"height:28px\" aria-hidden=\"true\" class=\"wp-block-spacer\"><\/div>\n\n\n\n<p>Die <strong>Einl\u00f6sung<\/strong> (auch anteilig) erfolgt \u00fcber den Gutschein-Code, der nach Kauf \u00fcbermittelt wird. <br>Einfach am Ende des Bestellprozesses als Zahlungsweise &#8222;Wertgutschein&#8220; ausw\u00e4hlen und den Code eingeben. Etwaiges Restguthaben bleibt erhalten und kann sp\u00e4ter eingesetzt werden. Sollte das Guthaben nicht ausreichen, kann die Differenz auch mit einem anderen Zahlungsmittel erg\u00e4nzt werden.<\/p>\n\n\n\n<p><strong><em>Verschenken Sie Sternstunden &#8212; Wir freuen uns auf Ihren Besuch!<\/em><\/strong><\/p>","protected":false},"excerpt":{"rendered":"<p>Wie funktionieren die Gutscheine von PLANET KA? Ganz einfach: Der Gutschein funktioniert wie eine Geld- oder Wertkarte, die mit einem Guthaben aufgeladen wird. Sie selbst oder die beschenkte Person kann dieses Guthaben f\u00fcr alle unsere Programme und Angebote einl\u00f6sen &#8211;<\/p>","protected":false},"author":1,"featured_media":1414,"parent":0,"menu_order":0,"comment_status":"closed","ping_status":"closed","template":"","meta":{"footnotes":""},"class_list":["post-1413","page","type-page","status-publish","has-post-thumbnail","hentry","","tg-column-two"],"featured_image_src":"https:\/\/planet-ka.de\/wp-content\/uploads\/2025\/02\/Saturn_captured_with_an_ethereal_glow_as_it_is_backlit_from_the_Sun-scaled.jpeg","yoast_head":"<!-- This site is optimized with the Yoast SEO plugin v27.3 - https:\/\/yoast.com\/product\/yoast-seo-wordpress\/ -->\n<title>Gutscheine - PLANET KA<\/title>\n<meta name=\"robots\" content=\"index, follow, max-snippet:-1, max-image-preview:large, max-video-preview:-1\" \/>\n<link rel=\"canonical\" href=\"https:\/\/planet-ka.de\/en\/gutscheine\/\" \/>\n<meta property=\"og:locale\" content=\"en_US\" \/>\n<meta property=\"og:type\" content=\"article\" \/>\n<meta property=\"og:title\" content=\"Gutscheine - PLANET KA\" \/>\n<meta property=\"og:description\" content=\"Wie funktionieren die Gutscheine von PLANET KA? Ganz einfach: Der Gutschein funktioniert wie eine Geld- oder Wertkarte, die mit einem Guthaben aufgeladen wird. Sie selbst oder die beschenkte Person kann dieses Guthaben f\u00fcr alle unsere Programme und Angebote einl\u00f6sen &#8211;\" \/>\n<meta property=\"og:url\" content=\"https:\/\/planet-ka.de\/en\/gutscheine\/\" \/>\n<meta property=\"og:site_name\" content=\"PLANET KA\" \/>\n<meta property=\"article:publisher\" content=\"https:\/\/www.facebook.com\/people\/Planet-KA-Planetarium-Karlsruhe\/61573710254024\/\" \/>\n<meta property=\"article:modified_time\" content=\"2025-06-06T11:09:57+00:00\" \/>\n<meta property=\"og:image\" content=\"https:\/\/planet-ka.de\/wp-content\/uploads\/2025\/02\/Saturn_captured_with_an_ethereal_glow_as_it_is_backlit_from_the_Sun-scaled.jpeg\" \/>\n\t<meta property=\"og:image:width\" content=\"2560\" \/>\n\t<meta property=\"og:image:height\" content=\"994\" \/>\n\t<meta property=\"og:image:type\" content=\"image\/jpeg\" \/>\n<script type=\"application\/ld+json\" class=\"yoast-schema-graph\">{\"@context\":\"https:\\\/\\\/schema.org\",\"@graph\":[{\"@type\":\"WebPage\",\"@id\":\"https:\\\/\\\/planet-ka.de\\\/gutscheine\\\/\",\"url\":\"https:\\\/\\\/planet-ka.de\\\/gutscheine\\\/\",\"name\":\"Gutscheine - PLANET KA\",\"isPartOf\":{\"@id\":\"https:\\\/\\\/planet-ka.de\\\/#website\"},\"primaryImageOfPage\":{\"@id\":\"https:\\\/\\\/planet-ka.de\\\/gutscheine\\\/#primaryimage\"},\"image\":{\"@id\":\"https:\\\/\\\/planet-ka.de\\\/gutscheine\\\/#primaryimage\"},\"thumbnailUrl\":\"https:\\\/\\\/planet-ka.de\\\/wp-content\\\/uploads\\\/2025\\\/02\\\/Saturn_captured_with_an_ethereal_glow_as_it_is_backlit_from_the_Sun-scaled.jpeg\",\"datePublished\":\"2025-02-08T16:31:25+00:00\",\"dateModified\":\"2025-06-06T11:09:57+00:00\",\"breadcrumb\":{\"@id\":\"https:\\\/\\\/planet-ka.de\\\/gutscheine\\\/#breadcrumb\"},\"inLanguage\":\"en-US\",\"potentialAction\":[{\"@type\":\"ReadAction\",\"target\":[\"https:\\\/\\\/planet-ka.de\\\/gutscheine\\\/\"]}]},{\"@type\":\"ImageObject\",\"inLanguage\":\"en-US\",\"@id\":\"https:\\\/\\\/planet-ka.de\\\/gutscheine\\\/#primaryimage\",\"url\":\"https:\\\/\\\/planet-ka.de\\\/wp-content\\\/uploads\\\/2025\\\/02\\\/Saturn_captured_with_an_ethereal_glow_as_it_is_backlit_from_the_Sun-scaled.jpeg\",\"contentUrl\":\"https:\\\/\\\/planet-ka.de\\\/wp-content\\\/uploads\\\/2025\\\/02\\\/Saturn_captured_with_an_ethereal_glow_as_it_is_backlit_from_the_Sun-scaled.jpeg\",\"width\":2560,\"height\":994},{\"@type\":\"BreadcrumbList\",\"@id\":\"https:\\\/\\\/planet-ka.de\\\/gutscheine\\\/#breadcrumb\",\"itemListElement\":[{\"@type\":\"ListItem\",\"position\":1,\"name\":\"Startseite\",\"item\":\"https:\\\/\\\/planet-ka.de\\\/\"},{\"@type\":\"ListItem\",\"position\":2,\"name\":\"Gutscheine\"}]},{\"@type\":\"WebSite\",\"@id\":\"https:\\\/\\\/planet-ka.de\\\/#website\",\"url\":\"https:\\\/\\\/planet-ka.de\\\/\",\"name\":\"PLANET KA\",\"description\":\"Faszination Kosmos\",\"publisher\":{\"@id\":\"https:\\\/\\\/planet-ka.de\\\/#organization\"},\"potentialAction\":[{\"@type\":\"SearchAction\",\"target\":{\"@type\":\"EntryPoint\",\"urlTemplate\":\"https:\\\/\\\/planet-ka.de\\\/?s={search_term_string}\"},\"query-input\":{\"@type\":\"PropertyValueSpecification\",\"valueRequired\":true,\"valueName\":\"search_term_string\"}}],\"inLanguage\":\"en-US\"},{\"@type\":\"Organization\",\"@id\":\"https:\\\/\\\/planet-ka.de\\\/#organization\",\"name\":\"PLANET KA\",\"url\":\"https:\\\/\\\/planet-ka.de\\\/\",\"logo\":{\"@type\":\"ImageObject\",\"inLanguage\":\"en-US\",\"@id\":\"https:\\\/\\\/planet-ka.de\\\/#\\\/schema\\\/logo\\\/image\\\/\",\"url\":\"https:\\\/\\\/planet-ka.de\\\/wp-content\\\/uploads\\\/2025\\\/03\\\/cropped-Logo-Banner-Website-Jan-25_19.png\",\"contentUrl\":\"https:\\\/\\\/planet-ka.de\\\/wp-content\\\/uploads\\\/2025\\\/03\\\/cropped-Logo-Banner-Website-Jan-25_19.png\",\"width\":225,\"height\":66,\"caption\":\"PLANET KA\"},\"image\":{\"@id\":\"https:\\\/\\\/planet-ka.de\\\/#\\\/schema\\\/logo\\\/image\\\/\"},\"sameAs\":[\"https:\\\/\\\/www.facebook.com\\\/people\\\/Planet-KA-Planetarium-Karlsruhe\\\/61573710254024\\\/\",\"https:\\\/\\\/www.instagram.com\\\/planetarium_karlsruhe\\\/\"]}]}<\/script>\n<!-- \/ Yoast SEO plugin. -->","yoast_head_json":{"title":"Gutscheine - PLANET KA","robots":{"index":"index","follow":"follow","max-snippet":"max-snippet:-1","max-image-preview":"max-image-preview:large","max-video-preview":"max-video-preview:-1"},"canonical":"https:\/\/planet-ka.de\/en\/gutscheine\/","og_locale":"en_US","og_type":"article","og_title":"Gutscheine - PLANET KA","og_description":"Wie funktionieren die Gutscheine von PLANET KA? Ganz einfach: Der Gutschein funktioniert wie eine Geld- oder Wertkarte, die mit einem Guthaben aufgeladen wird. Sie selbst oder die beschenkte Person kann dieses Guthaben f\u00fcr alle unsere Programme und Angebote einl\u00f6sen &#8211;","og_url":"https:\/\/planet-ka.de\/en\/gutscheine\/","og_site_name":"PLANET KA","article_publisher":"https:\/\/www.facebook.com\/people\/Planet-KA-Planetarium-Karlsruhe\/61573710254024\/","article_modified_time":"2025-06-06T11:09:57+00:00","og_image":[{"width":2560,"height":994,"url":"https:\/\/planet-ka.de\/wp-content\/uploads\/2025\/02\/Saturn_captured_with_an_ethereal_glow_as_it_is_backlit_from_the_Sun-scaled.jpeg","type":"image\/jpeg"}],"schema":{"@context":"https:\/\/schema.org","@graph":[{"@type":"WebPage","@id":"https:\/\/planet-ka.de\/gutscheine\/","url":"https:\/\/planet-ka.de\/gutscheine\/","name":"Gutscheine - PLANET KA","isPartOf":{"@id":"https:\/\/planet-ka.de\/#website"},"primaryImageOfPage":{"@id":"https:\/\/planet-ka.de\/gutscheine\/#primaryimage"},"image":{"@id":"https:\/\/planet-ka.de\/gutscheine\/#primaryimage"},"thumbnailUrl":"https:\/\/planet-ka.de\/wp-content\/uploads\/2025\/02\/Saturn_captured_with_an_ethereal_glow_as_it_is_backlit_from_the_Sun-scaled.jpeg","datePublished":"2025-02-08T16:31:25+00:00","dateModified":"2025-06-06T11:09:57+00:00","breadcrumb":{"@id":"https:\/\/planet-ka.de\/gutscheine\/#breadcrumb"},"inLanguage":"en-US","potentialAction":[{"@type":"ReadAction","target":["https:\/\/planet-ka.de\/gutscheine\/"]}]},{"@type":"ImageObject","inLanguage":"en-US","@id":"https:\/\/planet-ka.de\/gutscheine\/#primaryimage","url":"https:\/\/planet-ka.de\/wp-content\/uploads\/2025\/02\/Saturn_captured_with_an_ethereal_glow_as_it_is_backlit_from_the_Sun-scaled.jpeg","contentUrl":"https:\/\/planet-ka.de\/wp-content\/uploads\/2025\/02\/Saturn_captured_with_an_ethereal_glow_as_it_is_backlit_from_the_Sun-scaled.jpeg","width":2560,"height":994},{"@type":"BreadcrumbList","@id":"https:\/\/planet-ka.de\/gutscheine\/#breadcrumb","itemListElement":[{"@type":"ListItem","position":1,"name":"Startseite","item":"https:\/\/planet-ka.de\/"},{"@type":"ListItem","position":2,"name":"Gutscheine"}]},{"@type":"WebSite","@id":"https:\/\/planet-ka.de\/#website","url":"https:\/\/planet-ka.de\/","name":"PLANET KA","description":"Cosmic Fascination","publisher":{"@id":"https:\/\/planet-ka.de\/#organization"},"potentialAction":[{"@type":"SearchAction","target":{"@type":"EntryPoint","urlTemplate":"https:\/\/planet-ka.de\/?s={search_term_string}"},"query-input":{"@type":"PropertyValueSpecification","valueRequired":true,"valueName":"search_term_string"}}],"inLanguage":"en-US"},{"@type":"Organization","@id":"https:\/\/planet-ka.de\/#organization","name":"PLANET KA","url":"https:\/\/planet-ka.de\/","logo":{"@type":"ImageObject","inLanguage":"en-US","@id":"https:\/\/planet-ka.de\/#\/schema\/logo\/image\/","url":"https:\/\/planet-ka.de\/wp-content\/uploads\/2025\/03\/cropped-Logo-Banner-Website-Jan-25_19.png","contentUrl":"https:\/\/planet-ka.de\/wp-content\/uploads\/2025\/03\/cropped-Logo-Banner-Website-Jan-25_19.png","width":225,"height":66,"caption":"PLANET KA"},"image":{"@id":"https:\/\/planet-ka.de\/#\/schema\/logo\/image\/"},"sameAs":["https:\/\/www.facebook.com\/people\/Planet-KA-Planetarium-Karlsruhe\/61573710254024\/","https:\/\/www.instagram.com\/planetarium_karlsruhe\/"]}]}},"_links":{"self":[{"href":"https:\/\/planet-ka.de\/en\/wp-json\/wp\/v2\/pages\/1413","targetHints":{"allow":["GET"]}}],"collection":[{"href":"https:\/\/planet-ka.de\/en\/wp-json\/wp\/v2\/pages"}],"about":[{"href":"https:\/\/planet-ka.de\/en\/wp-json\/wp\/v2\/types\/page"}],"author":[{"embeddable":true,"href":"https:\/\/planet-ka.de\/en\/wp-json\/wp\/v2\/users\/1"}],"replies":[{"embeddable":true,"href":"https:\/\/planet-ka.de\/en\/wp-json\/wp\/v2\/comments?post=1413"}],"version-history":[{"count":9,"href":"https:\/\/planet-ka.de\/en\/wp-json\/wp\/v2\/pages\/1413\/revisions"}],"predecessor-version":[{"id":2547,"href":"https:\/\/planet-ka.de\/en\/wp-json\/wp\/v2\/pages\/1413\/revisions\/2547"}],"wp:featuredmedia":[{"embeddable":true,"href":"https:\/\/planet-ka.de\/en\/wp-json\/wp\/v2\/media\/1414"}],"wp:attachment":[{"href":"https:\/\/planet-ka.de\/en\/wp-json\/wp\/v2\/media?parent=1413"}],"curies":[{"name":"wp","href":"https:\/\/api.w.org\/{rel}","templated":true}]}}