{"id":1451,"date":"2025-02-09T15:16:34","date_gmt":"2025-02-09T14:16:34","guid":{"rendered":"https:\/\/planet-ka.de\/?page_id=1451"},"modified":"2025-05-08T20:19:40","modified_gmt":"2025-05-08T18:19:40","slug":"spenden-fuer-astronomische-bildung","status":"publish","type":"page","link":"https:\/\/planet-ka.de\/en\/spenden-fuer-astronomische-bildung\/","title":{"rendered":"Donations for Astronomical Education"},"content":{"rendered":"<div class=\"wp-block-media-text is-stacked-on-mobile\"><figure  class=\"wp-block-media-text__media\"><img loading=\"lazy\" decoding=\"async\" width=\"1024\" height=\"928\" alt=\"\" src=\"https:\/\/planet-ka.de\/wp-content\/uploads\/2025\/02\/NGC_253_Galaxy.jpg\" class=\"wp-image-1255 size-full\" srcset=\"https:\/\/planet-ka.de\/wp-content\/uploads\/2025\/02\/NGC_253_Galaxy.jpg 1024w, https:\/\/planet-ka.de\/wp-content\/uploads\/2025\/02\/NGC_253_Galaxy-300x272.jpg 300w, https:\/\/planet-ka.de\/wp-content\/uploads\/2025\/02\/NGC_253_Galaxy-768x696.jpg 768w\" sizes=\"auto, (max-width: 1024px) 100vw, 1024px\" \/><\/figure><div class=\"wp-block-media-text__content\">\n<h2 class=\"wp-block-heading\">Ihre &#8220;Sterntaler&#8221;-Spende<\/h2>\n\n\n\n<div style=\"height:32px\" aria-hidden=\"true\" class=\"wp-block-spacer\"><\/div>\n\n\n\n<p>Lassen Sie Ihre Taler funkeln: Verwandeln Sie Silber und Gold in leuchtende Sternstunden und tun Gutes!<\/p>\n\n\n\n<p>Ihre F\u00f6rderung kommt der astronomischen Bildungsarbeit der als gemeinn\u00fctzig anerkannten PLANET KA Planetarium Karlsruhe gGmbH, zugute, insbesondere u.a.:<\/p>\n\n\n\n<ul>\n<li>der Kinder- &amp; Jugendarbeit<\/li>\n<li>der Integration sozial schw\u00e4cher gestellter Gruppen<\/li>\n<li>der kontinuierlichen Weiterentwicklung von PLANET KA als \u00f6ffentlichem Kultur- &amp; Bildungsort<\/li>\n<\/ul>\n\n\n\n<div style=\"height:22px\" aria-hidden=\"true\" class=\"wp-block-spacer\"><\/div>\n\n\n\n<div class=\"wp-block-buttons is-content-justification-center is-layout-flex wp-container-core-buttons-is-layout-16018d1d wp-block-buttons-is-layout-flex\">\n<div class=\"wp-block-button has-custom-width wp-block-button__width-50 has-custom-font-size is-style-outline is-style-outline--1\" style=\"font-size:15px\"><a class=\"wp-block-button__link wp-element-button\" href=\"#spendedirekt\">Jetzt spenden!<\/a><\/div>\n<\/div>\n\n\n\n<div style=\"height:29px\" aria-hidden=\"true\" class=\"wp-block-spacer\"><\/div>\n\n\n\n<p>Bild (ESO): die &#8220;Silberdollar&#8221;-Galaxie NGC 253<\/p>\n<\/div><\/div>\n\n\n\n<div style=\"height:26px\" aria-hidden=\"true\" class=\"wp-block-spacer\"><\/div>\n\n\n\n<p>Hinweis: Spenden an PLANET KA sind steuerlich absetzbar. Spendenbescheinigungen k\u00f6nnen ausgestellt werden.<\/p>\n\n\n\n<div style=\"height:37px\" aria-hidden=\"true\" class=\"wp-block-spacer\"><\/div>\n\n\n\n<h3 class=\"wp-block-heading\">Wie kann ich spenden?<\/h3>\n\n\n\n<p>Es gibt viele Wege, um PLANET KA und damit die astronomische Bildung in Karlsruhe &amp; Umgebung zu f\u00f6rdern: <\/p>\n\n\n\n<ul class=\"wp-block-list\">\n<li>mit dem Kauf eines <a href=\"https:\/\/planet-ka.de\/en\/eintrittspreise-oeffnungszeiten\/#soliticexpl\" data-type=\"page\" data-id=\"1254\" target=\"_blank\" rel=\"noreferrer noopener\">Soli-Tickets<\/a> bei der Buchung (anstelle des Normalpreises)<\/li>\n\n\n\n<li>mit einer <a href=\"https:\/\/planet-ka.de\/en\/sternpatenschaften\/\" data-type=\"page\" data-id=\"1377\">Sternpatenschaft<\/a><\/li>\n\n\n\n<li>eine direkte Geldspende: in bar vor Ort, per \u00dcberweisung oder mit einem anderen Zahlungsmittel (Kreditkarte, Paypal)<\/li>\n\n\n\n<li>evtl. auch mit Sachspenden oder zweckgebundenen Spenden f\u00fcr bestimmte Investitionen<\/li>\n\n\n\n<li>ggf. mit Ihrem ehrenamtlichen Engagement, also mit Ihrer Zeit und Energie &#8211; denn PLANET KA lebt von den Menschen, die dort aktiv sind und sich beteiligen<\/li>\n<\/ul>\n\n\n\n<p>Dar\u00fcber hinaus helfen Sie unserer Arbeit nat\u00fcrlich auch, indem Sie positive Erfahrungen weitergeben, ob pers\u00f6nlich m\u00fcndlich, \u00fcber soziale Medien oder eine positive Bewertung. Und am allersch\u00f6nsten ist es nat\u00fcrlich, wenn Sie selbst m\u00f6glichst oft wiederkommen und Freunde, Bekannte &amp; Familie mitbringen, um die Erfahrung zu teilen. Jeder Gast ist unser &#8220;Star&#8221;!<\/p>\n\n\n\n<div style=\"height:25px\" aria-hidden=\"true\" class=\"wp-block-spacer\"><\/div>\n\n\n\n<h3 class=\"wp-block-heading\">Wie und wozu wird Ihre Spende eingesetzt?<\/h3>\n\n\n\n<p>Ihre F\u00f6rderung kommt der astronomischen Bildungsarbeit von PLANET KA zugute, insbesondere u.a.:<\/p>\n\n\n<ul>\n<li>der Kinder- &amp; Jugendarbeit<\/li>\n<li>der Integration sozial schw\u00e4cher gestellter Gruppen<\/li>\n<li>der kontinuierlichen Weiterentwicklung von PLANET KA als \u00f6ffentlichem Kultur- &amp; Bildungsort<\/li>\n<\/ul>\n\n\n<p><strong>Wie sieht das konkret im Einzelnen aus?<\/strong><\/p>\n\n\n<div class=\"wp-block-ub-content-toggle wp-block-ub-content-toggle-block\" id=\"ub-content-toggle-block-abecd191-b47f-4e03-ad56-bab2cd3d4cb8\" data-mobilecollapse=\"false\" data-desktopcollapse=\"true\" data-preventcollapse=\"false\" data-showonlyone=\"true\">\n<div class=\"wp-block-ub-content-toggle-accordion\" style=\"border-color: #f1f1f1; \" id=\"ub-content-toggle-panel-block-\">\n\t\t\t<div class=\"wp-block-ub-content-toggle-accordion-title-wrap\" style=\"background-color: #f1f1f1;\" aria-controls=\"ub-content-toggle-panel-0-abecd191-b47f-4e03-ad56-bab2cd3d4cb8\" tabindex=\"0\">\n\t\t\t<p class=\"wp-block-ub-content-toggle-accordion-title ub-content-toggle-title-abecd191-b47f-4e03-ad56-bab2cd3d4cb8\" style=\"color: #000000; \">Beispiel 1: Kinder- &amp; Jugendarbeit<\/p>\n\t\t\t<div class=\"wp-block-ub-content-toggle-accordion-toggle-wrap left\" style=\"color: #000000;\"><span class=\"wp-block-ub-content-toggle-accordion-state-indicator wp-block-ub-math-plus\"><\/span><\/div>\n\t\t<\/div>\n\t\t\t<div role=\"region\" aria-expanded=\"false\" class=\"wp-block-ub-content-toggle-accordion-content-wrap ub-hide\" id=\"ub-content-toggle-panel-0-abecd191-b47f-4e03-ad56-bab2cd3d4cb8\">\n\n<p>Wir m\u00f6chten Kinder von fr\u00fch an in ihrer urspr\u00fcnglichen Faszination f\u00fcr Sonne, Mond und Sterne, die Themen Planetenerkundung, Raumschiffahrt und Weltall begleiten und st\u00e4rken. <br>PLANET KA erm\u00f6glicht jeden Vormittag Kita-Gruppen und Schulklassen, ihren Zugang zur Faszination Weltraum und den damit verbundenen MINT-Themen an diesem au\u00dferschulischen Lernort der Extraklasse zu entdecken, zu festigen und zu vertiefen. Am hellichten Tag und mitten in der Stadt erleben die Kinder eine komplette Sternennacht und reisen durchs Sonnensystem und in die Tiefen der Galaxien. F\u00fcr jedes einzelne Kind kann dies eine lebenspr\u00e4gende Erfahrung werden. (Der Gr\u00fcnder von PLANET KA war selbst als Zehnj\u00e4hriger mit der Schule im Olbers-Planetarium Bremen &#8211; und man sieht, was daraus geworden ist&#8230;)<br>Die f\u00fcr Kitas &amp; Schulen zu erhebenden Eintrittsgelder (ab 5,50 Euro pro Kind) decken jedoch nicht die tats\u00e4chlichen Kosten. Da PLANET KA keinerlei \u00f6ffentliche F\u00f6rdermittel oder Zusch\u00fcsse erh\u00e4lt, hoffen wir, diese g\u00fcnstigen Preise durch Querfinanzierung aus den anderen Eintrittsgeldern sowie durch Spenden beibehalten zu k\u00f6nnen. H\u00f6here Preise wirken abschreckend. Andere Einrichtungen k\u00f6nnen dieses begr\u00fc\u00dfenswert niedrigschwellige Angebot meist auch nur durch \u00f6ffentliche oder private Zuwendungen anbieten. <br>Helfen Sie uns mit, Kinderaugen zum Leuchten zu bringen, und erm\u00f6glichen Sie mit Ihrer Spende viele neue Sternstunden!<\/p>\n\n<\/div>\n\t\t<\/div>\n\n<div class=\"wp-block-ub-content-toggle-accordion\" style=\"border-color: #f1f1f1; \" id=\"ub-content-toggle-panel-block-\">\n\t\t\t<div class=\"wp-block-ub-content-toggle-accordion-title-wrap\" style=\"background-color: #f1f1f1;\" aria-controls=\"ub-content-toggle-panel-1-abecd191-b47f-4e03-ad56-bab2cd3d4cb8\" tabindex=\"0\">\n\t\t\t<p class=\"wp-block-ub-content-toggle-accordion-title ub-content-toggle-title-abecd191-b47f-4e03-ad56-bab2cd3d4cb8\" style=\"color: #000000; \">Beispiel 2: Gratisf\u00fchrungen f\u00fcr Gefl\u00fcchtete u.a.<\/p>\n\t\t\t<div class=\"wp-block-ub-content-toggle-accordion-toggle-wrap left\" style=\"color: #000000;\"><span class=\"wp-block-ub-content-toggle-accordion-state-indicator wp-block-ub-math-plus\"><\/span><\/div>\n\t\t<\/div>\n\t\t\t<div role=\"region\" aria-expanded=\"false\" class=\"wp-block-ub-content-toggle-accordion-content-wrap ub-hide\" id=\"ub-content-toggle-panel-1-abecd191-b47f-4e03-ad56-bab2cd3d4cb8\">\n\n<p>Ab Sommer 2025 m\u00f6chte PLANET KA beginnen, regelm\u00e4\u00dfig und je nach personellen und finanziellen Ressourcen, m\u00f6glichst jedoch mindestens einmal pro Quartal, gern \u00f6fter, Gratisf\u00fchrungen f\u00fcr ausgew\u00e4hlte Gruppen anzubieten. Derzeit gibt es z.B. lizenzfreie Planetariumsshows f\u00fcr Kinder auf Ukrainisch. Aber auch anderen Gruppen aus dem karitativen oder sozialen Bereich soll ein Zugang zum Sternenhimmel geebnet werden, die sonst aufgrund sehr unterschiedlicher Umst\u00e4nde (sozialer Benachteiligung, seelischer, geistiger oder k\u00f6rperlicher Gebrechen) vermutlich eher nicht ins Planetarium k\u00e4men. Ihre Spende kann gezielt f\u00fcr einen bestimmten einzelnen Besuch oder f\u00fcr diese Art der astronomischen Breitenbildung allgemein eingesetzt werden.<br>F\u00fchrungen in leichter Sprache f\u00fcr Deutschlernende geh\u00f6ren ebenso in dieses Repertoire.<\/p>\n\n<\/div>\n\t\t<\/div>\n\n<div class=\"wp-block-ub-content-toggle-accordion\" style=\"border-color: #f1f1f1; \" id=\"ub-content-toggle-panel-block-\">\n\t\t\t<div class=\"wp-block-ub-content-toggle-accordion-title-wrap\" style=\"background-color: #f1f1f1;\" aria-controls=\"ub-content-toggle-panel-2-abecd191-b47f-4e03-ad56-bab2cd3d4cb8\" tabindex=\"0\">\n\t\t\t<p class=\"wp-block-ub-content-toggle-accordion-title ub-content-toggle-title-abecd191-b47f-4e03-ad56-bab2cd3d4cb8\" style=\"color: #000000; \">Beispiel 3: Auf- und Ausbau der Exponate in der Ausstellung<\/p>\n\t\t\t<div class=\"wp-block-ub-content-toggle-accordion-toggle-wrap left\" style=\"color: #000000;\"><span class=\"wp-block-ub-content-toggle-accordion-state-indicator wp-block-ub-math-plus\"><\/span><\/div>\n\t\t<\/div>\n\t\t\t<div role=\"region\" aria-expanded=\"false\" class=\"wp-block-ub-content-toggle-accordion-content-wrap ub-hide\" id=\"ub-content-toggle-panel-2-abecd191-b47f-4e03-ad56-bab2cd3d4cb8\">\n\n<p>Wertvolle Leihgaben sind in Aussicht gestellt, doch bedarf es daf\u00fcr hochwertiger, und damit teurer Vitrinen mit bruchsicherem Glas und guter Beleuchtung. Auch Versicherungs- oder Transportkosten stehen an. <br>Oder eine neue Displaywand bzw. ein Smartboard, um interaktiv Inhalte zu pr\u00e4sentieren.<br>Der weitere Aus- und Aufbau der Ausstellung und ihrer vielf\u00e4ltigen Facetten wird erm\u00f6glicht durch Ihre Spenden!<br>Wiederum ist m\u00f6glich, gezielt f\u00fcr ein bestimmtes Exponat oder Projekt zu spenden, zweckgebunden, oder aber Sie unterst\u00fctzen unsere Arbeit generell, was auch der Weiterentwicklung in diesem Bereich zugute kommt. Sprechen Sie uns gern an; dann k\u00f6nnen wir Ihnen konkrete Einzelheiten nennen.<\/p>\n\n<\/div>\n\t\t<\/div>\n<\/div>\n\n\n<div style=\"height:44px\" aria-hidden=\"true\" class=\"wp-block-spacer\"><\/div>\n\n\n\n<h3 class=\"wp-block-heading\">Direkte Spendenm\u00f6glichkeiten<\/h3>\n\n\n\n<p>Wie gesagt, gibt es vielf\u00e4ltige Unterst\u00fctzungsm\u00f6glichkeiten f\u00fcr PLANET KA. Ihr Besuch, ehrenamtliches Engagement, Weiterempfehlungen oder eine hilfreiche Sachspende &#8211; alles tr\u00e4gt dazu bei, die Astronomievermittlung und die Themen rund um Mensch &amp; Kosmos in der Stadt und der Region zu st\u00e4rken. <\/p>\n\n\n\n<p>Mit einer direkten Geldspende schenken Sie uns vor allem eins: Ihr Vertrauen, dass wir sinnvolle gemeinn\u00fctzige Arbeit leisten und dank Ihrer Hilfe dies immer besser zu tun in der Lage sein werden.<\/p>\n\n\n\n<p>PLANET KA ist (als Neugr\u00fcndung, wie \u00fcblich, zun\u00e4chst vorl\u00e4ufig) als gemeinn\u00fctzig im Sinne des \u00a760a der Abgabenordnung vom Finanzamt Karlsruhe-Stadt anerkannt und wird regelm\u00e4\u00dfig bez\u00fcglich der satzungsm\u00e4\u00dfigen Mittelverwendung kontrolliert. <br>Spenden k\u00f6nnen steuerlich abgesetzt werden. Bis zu Betr\u00e4gen von 300 Euro gen\u00fcgt der einfache Beleg (z.B. Kontoauszug). Ab 300 Euro stellen wir Ihnen auf Anfrage eine Spendenbescheinigung aus.<br>F\u00fcr weitere Ausk\u00fcnfte zur Verwendung der Spendengelder stehen wir gern zur Verf\u00fcgung &#8211; vor <span style=\"text-decoration: underline;\">und<\/span> nach Ihrer Spende.<\/p>\n\n\n\n<p><span style=\"text-decoration: underline;\"><strong>Folgende monet\u00e4ren Spendenm\u00f6glichkeiten gibt es:<\/strong><\/span><\/p>\n\n\n\n<ul class=\"wp-block-list\">\n<li>Bank\u00fcberweisung: Vorteil, es fallen keine zus\u00e4tzlichen Geb\u00fchren an; ihre Spende kommt zu 100% an<\/li>\n\n\n\n<li>via Paypal: Vorteil, es geht schnell und unkompliziert und kommt sicher an<\/li>\n\n\n\n<li>per Bargeld vor Ort: wir haben am Empfang eine Spendenbox aufgestellt; hier k\u00f6nnen Sie sowohl anonym spenden als auch eine Spendenquittung erhalten, wenn Sie uns den Betrag separat \u00fcbergeben<\/li>\n<\/ul>\n\n\n\n<p id=\"spendedirekt\"><strong><span style=\"text-decoration: underline;\">Kontoverbindung PLANET KA<\/span>: <\/strong><\/p>\n\n\n\n<p>Bitte im Verwendungszweck das Wort &#8220;Spende&#8221; angeben, ggf. erg\u00e4nzt um spezifische Zwecke.<\/p>\n\n\n\n<p><strong>Kontoname: PLANET KA gGmbH<br>IBAN: DE02 6619 0000 0096 2434 72<br>BIC: GENO DE61 KA1<br>Bank: Volksbank pur <\/strong><\/p>\n\n\n\n<div style=\"height:29px\" aria-hidden=\"true\" class=\"wp-block-spacer\"><\/div>\n\n\n\n<p><span style=\"text-decoration: underline;\"><strong>Spenden via Paypal:<\/strong><\/span><\/p>\n\n\n\n<p>\u00dcber folgenden paypal.me-Link bzw. \u00fcber unsere Paypal-Kennung <strong><a href=\"https:\/\/paypal.me\/planetariumkarlsruhe?country.x=DE&amp;locale.x=de_DE\" target=\"_blank\" rel=\"noreferrer noopener\">@planetariumkarlsruhe<\/a><\/strong> erreichen Sie uns direkt: <\/p>\n\n\n\n<div class=\"wp-block-buttons is-layout-flex wp-block-buttons-is-layout-flex\">\n<div class=\"wp-block-button has-custom-width wp-block-button__width-25 has-custom-font-size is-style-outline is-style-outline--3\" style=\"font-size:15px\"><a class=\"wp-block-button__link wp-element-button\" href=\"https:\/\/paypal.me\/planetariumkarlsruhe?country.x=DE&amp;locale.x=de_DE\" target=\"_blank\" rel=\"noreferrer noopener\">Paypal-Spende<\/a><\/div>\n<\/div>\n\n\n\n<div style=\"height:64px\" aria-hidden=\"true\" class=\"wp-block-spacer\"><\/div>\n\n\n\n<p>Alternativ helfen Sie uns wie gesagt z.B. auch \u00fcber <\/p>\n\n\n\n<ul class=\"wp-block-list\">\n<li>den Kauf bzw. das Verschenken eines <a href=\"https:\/\/planet-ka.de\/en\/gutscheine\/\" data-type=\"page\" data-id=\"1413\"><strong>Gutscheins<\/strong><\/a><\/li>\n\n\n\n<li>\u00dcbernahme einer <a href=\"https:\/\/planet-ka.de\/en\/sternpatenschaften\/\" data-type=\"page\" data-id=\"1377\"><strong>Sternpatenschaft<\/strong><\/a><\/li>\n<\/ul>\n\n\n\n<p><\/p>","protected":false},"excerpt":{"rendered":"<p>Hinweis: Spenden an PLANET KA sind steuerlich absetzbar. Spendenbescheinigungen k\u00f6nnen ausgestellt werden. Wie kann ich spenden? Es gibt viele Wege, um PLANET KA und damit die astronomische Bildung in Karlsruhe &amp; Umgebung zu f\u00f6rdern: Dar\u00fcber hinaus helfen Sie unserer Arbeit<\/p>","protected":false},"author":1,"featured_media":1255,"parent":0,"menu_order":0,"comment_status":"closed","ping_status":"closed","template":"","meta":{"footnotes":""},"class_list":["post-1451","page","type-page","status-publish","has-post-thumbnail","hentry","","tg-column-two"],"featured_image_src":"https:\/\/planet-ka.de\/wp-content\/uploads\/2025\/02\/NGC_253_Galaxy.jpg","yoast_head":"<!-- This site is optimized with the Yoast SEO plugin v27.3 - https:\/\/yoast.com\/product\/yoast-seo-wordpress\/ -->\n<title>Spenden f\u00fcr astronomische Bildung - PLANET KA<\/title>\n<meta name=\"robots\" content=\"index, follow, max-snippet:-1, max-image-preview:large, max-video-preview:-1\" \/>\n<link rel=\"canonical\" href=\"https:\/\/planet-ka.de\/en\/spenden-fuer-astronomische-bildung\/\" \/>\n<meta property=\"og:locale\" content=\"en_US\" \/>\n<meta property=\"og:type\" content=\"article\" \/>\n<meta property=\"og:title\" content=\"Spenden f\u00fcr astronomische Bildung - PLANET KA\" \/>\n<meta property=\"og:description\" content=\"Hinweis: Spenden an PLANET KA sind steuerlich absetzbar. Spendenbescheinigungen k\u00f6nnen ausgestellt werden. Wie kann ich spenden? Es gibt viele Wege, um PLANET KA und damit die astronomische Bildung in Karlsruhe &amp; Umgebung zu f\u00f6rdern: Dar\u00fcber hinaus helfen Sie unserer Arbeit\" \/>\n<meta property=\"og:url\" content=\"https:\/\/planet-ka.de\/en\/spenden-fuer-astronomische-bildung\/\" \/>\n<meta property=\"og:site_name\" content=\"PLANET KA\" \/>\n<meta property=\"article:publisher\" content=\"https:\/\/www.facebook.com\/people\/Planet-KA-Planetarium-Karlsruhe\/61573710254024\/\" \/>\n<meta property=\"article:modified_time\" content=\"2025-05-08T18:19:40+00:00\" \/>\n<meta property=\"og:image\" content=\"https:\/\/planet-ka.de\/wp-content\/uploads\/2025\/02\/NGC_253_Galaxy.jpg\" \/>\n\t<meta property=\"og:image:width\" content=\"1024\" \/>\n\t<meta property=\"og:image:height\" content=\"928\" \/>\n\t<meta property=\"og:image:type\" content=\"image\/jpeg\" \/>\n<script type=\"application\/ld+json\" class=\"yoast-schema-graph\">{\"@context\":\"https:\\\/\\\/schema.org\",\"@graph\":[{\"@type\":\"WebPage\",\"@id\":\"https:\\\/\\\/planet-ka.de\\\/spenden-fuer-astronomische-bildung\\\/\",\"url\":\"https:\\\/\\\/planet-ka.de\\\/spenden-fuer-astronomische-bildung\\\/\",\"name\":\"Spenden f\u00fcr astronomische Bildung - PLANET KA\",\"isPartOf\":{\"@id\":\"https:\\\/\\\/planet-ka.de\\\/#website\"},\"primaryImageOfPage\":{\"@id\":\"https:\\\/\\\/planet-ka.de\\\/spenden-fuer-astronomische-bildung\\\/#primaryimage\"},\"image\":{\"@id\":\"https:\\\/\\\/planet-ka.de\\\/spenden-fuer-astronomische-bildung\\\/#primaryimage\"},\"thumbnailUrl\":\"https:\\\/\\\/planet-ka.de\\\/wp-content\\\/uploads\\\/2025\\\/02\\\/NGC_253_Galaxy.jpg\",\"datePublished\":\"2025-02-09T14:16:34+00:00\",\"dateModified\":\"2025-05-08T18:19:40+00:00\",\"breadcrumb\":{\"@id\":\"https:\\\/\\\/planet-ka.de\\\/spenden-fuer-astronomische-bildung\\\/#breadcrumb\"},\"inLanguage\":\"en-US\",\"potentialAction\":[{\"@type\":\"ReadAction\",\"target\":[\"https:\\\/\\\/planet-ka.de\\\/spenden-fuer-astronomische-bildung\\\/\"]}]},{\"@type\":\"ImageObject\",\"inLanguage\":\"en-US\",\"@id\":\"https:\\\/\\\/planet-ka.de\\\/spenden-fuer-astronomische-bildung\\\/#primaryimage\",\"url\":\"https:\\\/\\\/planet-ka.de\\\/wp-content\\\/uploads\\\/2025\\\/02\\\/NGC_253_Galaxy.jpg\",\"contentUrl\":\"https:\\\/\\\/planet-ka.de\\\/wp-content\\\/uploads\\\/2025\\\/02\\\/NGC_253_Galaxy.jpg\",\"width\":1024,\"height\":928,\"caption\":\"Measuring 70 000 light-years across and laying 13 million light-years away, the nearly edge-on spiral galaxy NGC 253 is revealed here in an image from the Wide Field Imager (WFI) of the MPG\\\/ESO 2.2 m telescope at the La Silla Observatory. The image is based on data obtained through four different filters (R, V, H-alpha and OIII). North is up and East to the left. The field of view is 30 arcminutes.\"},{\"@type\":\"BreadcrumbList\",\"@id\":\"https:\\\/\\\/planet-ka.de\\\/spenden-fuer-astronomische-bildung\\\/#breadcrumb\",\"itemListElement\":[{\"@type\":\"ListItem\",\"position\":1,\"name\":\"Startseite\",\"item\":\"https:\\\/\\\/planet-ka.de\\\/\"},{\"@type\":\"ListItem\",\"position\":2,\"name\":\"Spenden f\u00fcr astronomische Bildung\"}]},{\"@type\":\"WebSite\",\"@id\":\"https:\\\/\\\/planet-ka.de\\\/#website\",\"url\":\"https:\\\/\\\/planet-ka.de\\\/\",\"name\":\"PLANET KA\",\"description\":\"Faszination Kosmos\",\"publisher\":{\"@id\":\"https:\\\/\\\/planet-ka.de\\\/#organization\"},\"potentialAction\":[{\"@type\":\"SearchAction\",\"target\":{\"@type\":\"EntryPoint\",\"urlTemplate\":\"https:\\\/\\\/planet-ka.de\\\/?s={search_term_string}\"},\"query-input\":{\"@type\":\"PropertyValueSpecification\",\"valueRequired\":true,\"valueName\":\"search_term_string\"}}],\"inLanguage\":\"en-US\"},{\"@type\":\"Organization\",\"@id\":\"https:\\\/\\\/planet-ka.de\\\/#organization\",\"name\":\"PLANET KA\",\"url\":\"https:\\\/\\\/planet-ka.de\\\/\",\"logo\":{\"@type\":\"ImageObject\",\"inLanguage\":\"en-US\",\"@id\":\"https:\\\/\\\/planet-ka.de\\\/#\\\/schema\\\/logo\\\/image\\\/\",\"url\":\"https:\\\/\\\/planet-ka.de\\\/wp-content\\\/uploads\\\/2025\\\/03\\\/cropped-Logo-Banner-Website-Jan-25_19.png\",\"contentUrl\":\"https:\\\/\\\/planet-ka.de\\\/wp-content\\\/uploads\\\/2025\\\/03\\\/cropped-Logo-Banner-Website-Jan-25_19.png\",\"width\":225,\"height\":66,\"caption\":\"PLANET KA\"},\"image\":{\"@id\":\"https:\\\/\\\/planet-ka.de\\\/#\\\/schema\\\/logo\\\/image\\\/\"},\"sameAs\":[\"https:\\\/\\\/www.facebook.com\\\/people\\\/Planet-KA-Planetarium-Karlsruhe\\\/61573710254024\\\/\",\"https:\\\/\\\/www.instagram.com\\\/planetarium_karlsruhe\\\/\"]}]}<\/script>\n<!-- \/ Yoast SEO plugin. -->","yoast_head_json":{"title":"Spenden f\u00fcr astronomische Bildung - PLANET KA","robots":{"index":"index","follow":"follow","max-snippet":"max-snippet:-1","max-image-preview":"max-image-preview:large","max-video-preview":"max-video-preview:-1"},"canonical":"https:\/\/planet-ka.de\/en\/spenden-fuer-astronomische-bildung\/","og_locale":"en_US","og_type":"article","og_title":"Spenden f\u00fcr astronomische Bildung - PLANET KA","og_description":"Hinweis: Spenden an PLANET KA sind steuerlich absetzbar. Spendenbescheinigungen k\u00f6nnen ausgestellt werden. Wie kann ich spenden? Es gibt viele Wege, um PLANET KA und damit die astronomische Bildung in Karlsruhe &amp; Umgebung zu f\u00f6rdern: Dar\u00fcber hinaus helfen Sie unserer Arbeit","og_url":"https:\/\/planet-ka.de\/en\/spenden-fuer-astronomische-bildung\/","og_site_name":"PLANET KA","article_publisher":"https:\/\/www.facebook.com\/people\/Planet-KA-Planetarium-Karlsruhe\/61573710254024\/","article_modified_time":"2025-05-08T18:19:40+00:00","og_image":[{"width":1024,"height":928,"url":"https:\/\/planet-ka.de\/wp-content\/uploads\/2025\/02\/NGC_253_Galaxy.jpg","type":"image\/jpeg"}],"schema":{"@context":"https:\/\/schema.org","@graph":[{"@type":"WebPage","@id":"https:\/\/planet-ka.de\/spenden-fuer-astronomische-bildung\/","url":"https:\/\/planet-ka.de\/spenden-fuer-astronomische-bildung\/","name":"Spenden f\u00fcr astronomische Bildung - PLANET KA","isPartOf":{"@id":"https:\/\/planet-ka.de\/#website"},"primaryImageOfPage":{"@id":"https:\/\/planet-ka.de\/spenden-fuer-astronomische-bildung\/#primaryimage"},"image":{"@id":"https:\/\/planet-ka.de\/spenden-fuer-astronomische-bildung\/#primaryimage"},"thumbnailUrl":"https:\/\/planet-ka.de\/wp-content\/uploads\/2025\/02\/NGC_253_Galaxy.jpg","datePublished":"2025-02-09T14:16:34+00:00","dateModified":"2025-05-08T18:19:40+00:00","breadcrumb":{"@id":"https:\/\/planet-ka.de\/spenden-fuer-astronomische-bildung\/#breadcrumb"},"inLanguage":"en-US","potentialAction":[{"@type":"ReadAction","target":["https:\/\/planet-ka.de\/spenden-fuer-astronomische-bildung\/"]}]},{"@type":"ImageObject","inLanguage":"en-US","@id":"https:\/\/planet-ka.de\/spenden-fuer-astronomische-bildung\/#primaryimage","url":"https:\/\/planet-ka.de\/wp-content\/uploads\/2025\/02\/NGC_253_Galaxy.jpg","contentUrl":"https:\/\/planet-ka.de\/wp-content\/uploads\/2025\/02\/NGC_253_Galaxy.jpg","width":1024,"height":928,"caption":"Measuring 70 000 light-years across and laying 13 million light-years away, the nearly edge-on spiral galaxy NGC 253 is revealed here in an image from the Wide Field Imager (WFI) of the MPG\/ESO 2.2 m telescope at the La Silla Observatory. The image is based on data obtained through four different filters (R, V, H-alpha and OIII). North is up and East to the left. The field of view is 30 arcminutes."},{"@type":"BreadcrumbList","@id":"https:\/\/planet-ka.de\/spenden-fuer-astronomische-bildung\/#breadcrumb","itemListElement":[{"@type":"ListItem","position":1,"name":"Startseite","item":"https:\/\/planet-ka.de\/"},{"@type":"ListItem","position":2,"name":"Spenden f\u00fcr astronomische Bildung"}]},{"@type":"WebSite","@id":"https:\/\/planet-ka.de\/#website","url":"https:\/\/planet-ka.de\/","name":"PLANET KA","description":"Cosmic Fascination","publisher":{"@id":"https:\/\/planet-ka.de\/#organization"},"potentialAction":[{"@type":"SearchAction","target":{"@type":"EntryPoint","urlTemplate":"https:\/\/planet-ka.de\/?s={search_term_string}"},"query-input":{"@type":"PropertyValueSpecification","valueRequired":true,"valueName":"search_term_string"}}],"inLanguage":"en-US"},{"@type":"Organization","@id":"https:\/\/planet-ka.de\/#organization","name":"PLANET KA","url":"https:\/\/planet-ka.de\/","logo":{"@type":"ImageObject","inLanguage":"en-US","@id":"https:\/\/planet-ka.de\/#\/schema\/logo\/image\/","url":"https:\/\/planet-ka.de\/wp-content\/uploads\/2025\/03\/cropped-Logo-Banner-Website-Jan-25_19.png","contentUrl":"https:\/\/planet-ka.de\/wp-content\/uploads\/2025\/03\/cropped-Logo-Banner-Website-Jan-25_19.png","width":225,"height":66,"caption":"PLANET KA"},"image":{"@id":"https:\/\/planet-ka.de\/#\/schema\/logo\/image\/"},"sameAs":["https:\/\/www.facebook.com\/people\/Planet-KA-Planetarium-Karlsruhe\/61573710254024\/","https:\/\/www.instagram.com\/planetarium_karlsruhe\/"]}]}},"_links":{"self":[{"href":"https:\/\/planet-ka.de\/en\/wp-json\/wp\/v2\/pages\/1451","targetHints":{"allow":["GET"]}}],"collection":[{"href":"https:\/\/planet-ka.de\/en\/wp-json\/wp\/v2\/pages"}],"about":[{"href":"https:\/\/planet-ka.de\/en\/wp-json\/wp\/v2\/types\/page"}],"author":[{"embeddable":true,"href":"https:\/\/planet-ka.de\/en\/wp-json\/wp\/v2\/users\/1"}],"replies":[{"embeddable":true,"href":"https:\/\/planet-ka.de\/en\/wp-json\/wp\/v2\/comments?post=1451"}],"version-history":[{"count":11,"href":"https:\/\/planet-ka.de\/en\/wp-json\/wp\/v2\/pages\/1451\/revisions"}],"predecessor-version":[{"id":2479,"href":"https:\/\/planet-ka.de\/en\/wp-json\/wp\/v2\/pages\/1451\/revisions\/2479"}],"wp:featuredmedia":[{"embeddable":true,"href":"https:\/\/planet-ka.de\/en\/wp-json\/wp\/v2\/media\/1255"}],"wp:attachment":[{"href":"https:\/\/planet-ka.de\/en\/wp-json\/wp\/v2\/media?parent=1451"}],"curies":[{"name":"wp","href":"https:\/\/api.w.org\/{rel}","templated":true}]}}