{"id":1619,"date":"2025-02-23T16:08:50","date_gmt":"2025-02-23T15:08:50","guid":{"rendered":"https:\/\/planet-ka.de\/?page_id=1619"},"modified":"2025-02-26T14:53:04","modified_gmt":"2025-02-26T13:53:04","slug":"barrierefreiheit","status":"publish","type":"page","link":"https:\/\/planet-ka.de\/en\/barrierefreiheit\/","title":{"rendered":"Accessibility"},"content":{"rendered":"<div class=\"wp-block-media-text is-stacked-on-mobile\" style=\"grid-template-columns:39% auto\"><figure class=\"wp-block-media-text__media\"><img loading=\"lazy\" decoding=\"async\" width=\"1024\" height=\"1020\" src=\"https:\/\/planet-ka.de\/wp-content\/uploads\/2025\/02\/sky-earth-space-working-1024x1020.jpeg\" alt=\"\" class=\"wp-image-1621 size-full\" srcset=\"https:\/\/planet-ka.de\/wp-content\/uploads\/2025\/02\/sky-earth-space-working-1024x1020.jpeg 1024w, https:\/\/planet-ka.de\/wp-content\/uploads\/2025\/02\/sky-earth-space-working-300x300.jpeg 300w, https:\/\/planet-ka.de\/wp-content\/uploads\/2025\/02\/sky-earth-space-working-150x150.jpeg 150w, https:\/\/planet-ka.de\/wp-content\/uploads\/2025\/02\/sky-earth-space-working-768x765.jpeg 768w, https:\/\/planet-ka.de\/wp-content\/uploads\/2025\/02\/sky-earth-space-working-230x230.jpeg 230w, https:\/\/planet-ka.de\/wp-content\/uploads\/2025\/02\/sky-earth-space-working-365x365.jpeg 365w, https:\/\/planet-ka.de\/wp-content\/uploads\/2025\/02\/sky-earth-space-working.jpeg 1506w\" sizes=\"auto, (max-width: 1024px) 100vw, 1024px\" \/><\/figure><div class=\"wp-block-media-text__content\">\n<h2 class=\"wp-block-heading\">Sterne sind f\u00fcr alle da <\/h2>\n\n\n\n<h4 class=\"wp-block-heading\">Ohne aspera <strong><em>ad astra!<\/em><\/strong><\/h4>\n\n\n\n<div style=\"height:29px\" aria-hidden=\"true\" class=\"wp-block-spacer\"><\/div>\n\n\n\n<p style=\"font-size:16px\">Fr\u00fcher hie\u00df es: <em>Auf rauen Pfaden zu den Sternen<\/em>, \/<br><em>per aspera ad astra<\/em>. <br>PLANET KA bringt die Sterne bald n\u00e4her zu Ihnen &#8211; <br>zum (Be)Greifen nah!<\/p>\n\n\n\n<p style=\"font-size:16px\">Barrieren gilt es auf vielen Ebenen zu \u00fcberwinden. <br>F\u00fcr die Weltraum-Erkundung und -Vermittlung ist Barrierefreiheit Programm!<\/p>\n<\/div><\/div>\n\n\n\n<div style=\"height:41px\" aria-hidden=\"true\" class=\"wp-block-spacer\"><\/div>\n\n\n\n<h2 class=\"wp-block-heading\">Barrierefreiheit im PLANET KA<\/h2>\n\n\n\n<p>Konkret: PLANET KA ist (weitestgehend) <strong>barrierefrei zug\u00e4nglich<\/strong> und hei\u00dft alle friedlich gesonnenen Menschen willkommen, unabh\u00e4ngig von Herkunft, Status, Orientierung oder sonstigen geistigen, k\u00f6rperlichen oder seelischen Merkmalen. <\/p>\n\n\n\n<p>Eine lange <strong>Rampe<\/strong> f\u00fcr Rollis, Kinderw\u00e4gen und Rollatoren f\u00fchrt direkt von unseren Parkpl\u00e4tzen auf dem Gel\u00e4nde in den Kuppelsaal. Ein frisch saniertes ger\u00e4umiges und voll eingerichtetes Behinderten-WC (inkl. Alarmfunktion) steht zur Verf\u00fcgung.<br>Skizzen und Bilder sollen hier bald folgen!<\/p>\n\n\n\n<p>Wer auf die Rampe und folglich einen nahen <strong>Parkplatz<\/strong> angewiesen ist, kann diesen zur gebuchten Veranstaltung kostenlos reservieren. (Bitte unbedingt rechtzeitig vorab reservieren, da nur so ein Zugang gew\u00e4hrleistet werden kann.) Von dort sind es nur wenige Meter bis zur Rampe, die dann direkt bis zum Planetariumssaal f\u00fchrt.<br>Anspruch auf einen Parkplatz auf dem Gel\u00e4nde haben alle G\u00e4ste, die ein Interesse glaubhaft machen k\u00f6nnen. Damit diese Parkpl\u00e4tze f\u00fcr diejenigen, die auf sie angewiesen sind, auch wirklich zur Verf\u00fcgung stehen, bitten wir alle anderen G\u00e4ste in der nahen Umgebung des Areals Alter Schlachthof einen kostenlosen Parkplatz zu finden (sofern Sie mit dem Pkw anreisen).<\/p>\n\n\n\n<p>Lediglich das Untergeschoss, in dem nach und nach einzelne Teil der Ausstellung untergebracht werden sollen, ist derzeit leider nur \u00fcber eine Treppe zug\u00e4nglich, was teils der historischen Substanz des Geb\u00e4udes geschuldet ist, teils eine Frage zus\u00e4tzlicher Gelder f\u00fcr einen barrierefreien Umbau in der Zukunft ist (z.B. Treppenlift). Da wir anfangs aber nur sehr vereinzelte Exponate im Keller haben und diese auch nicht zentraler Bestandteil der \u00fcblichen Sternenf\u00fchrung ist, und auch zeitlich im Rahmen normaler F\u00fchrungen nicht unbedingt immer von jeder Gruppe besucht werden kann, ist diese Einschr\u00e4nkung kaum schmerzlich. <br>Langfristig arbeiten wir jedoch an Verbesserungen aller Art &#8211; so z.B. auch einer Induktionsschleife im Saal. <\/p>\n\n\n\n<div style=\"height:73px\" aria-hidden=\"true\" class=\"wp-block-spacer\"><\/div>\n\n\n\n<h2 class=\"wp-block-heading\">Barrierefreiheit auf vielen Ebenen<\/h2>\n\n\n\n<div class=\"wp-block-media-text has-media-on-the-right is-stacked-on-mobile\"><div class=\"wp-block-media-text__content\">\n<h3 class=\"wp-block-heading\"><em>Coelorum perrupit claustra<\/em><\/h3>\n\n\n\n<p>Noch mehr Latein gef\u00e4lligst?<br>Nicht, dass wir Barrieren schaffen wollen f\u00fcr Nicht-Lateiner&#8230; <\/p>\n\n\n\n<p>Da f\u00e4ngt es schon an. Nicht alle Menschen, die hier leben, arbeiten oder zur Schule gehen, haben Deutsch als Muttersprache. (Da war doch was mit Babylon und einem Turm, der zum Himmel hinauf strebte?)<br>Nicht alle Menschen k\u00f6nnen im Weltraum schweben. Versuchen Sie es mal! <\/p>\n\n\n\n<p>William Herschel (1753-1822), der als Amateur-Astronom mit Uranus einen neuen Planeten entdeckte (erstmals in der Menschheitsgeschichte!) bekam obigen Spruch auf seinen Grabstein: <em>&#8222;Er durchbrach die Grenzen des Himmels.&#8220;<\/em> Saturn galt seit pr\u00e4historischen Zeiten als \u00e4u\u00dferster letzter Planet. Doch siehe da, die Grenze fiel, und seither unz\u00e4hlige weitere.<\/p>\n\n\n\n<p>In den Worten Nelson Mandelas: <br><strong>&#8222;<em>It is always impossible, until it is done.&#8220;<\/em>  <br><\/strong>Bevor etwas zum ersten Mal gemacht wird, scheint es immer unm\u00f6glich. Man denke nur an <a href=\"https:\/\/commons.wikimedia.org\/wiki\/File:Physicist_Stephen_Hawking_in_Zero_Gravity_NASA.jpg?uselang=de\" target=\"_blank\" rel=\"noreferrer noopener\">Stephen Hawkings Parabelflug<\/a>!<\/p>\n\n\n\n<p>Himmelst\u00fcrmerei (oder -schw\u00e4rmerei) ist nie gut auf Grenzen, auf Barrieren zu sprechen. Hinterm Horizont geht&#8217;s immer weiter. Dementsprechend sind Planetarien auch Orte, sich \u00fcber Grenzen und unsere Begrenztheiten Gedanken zu machen.<\/p>\n<\/div><figure class=\"wp-block-media-text__media\"><img loading=\"lazy\" decoding=\"async\" width=\"800\" height=\"979\" src=\"https:\/\/planet-ka.de\/wp-content\/uploads\/2025\/02\/William_Herschel01.jpg\" alt=\"\" class=\"wp-image-1622 size-full\" srcset=\"https:\/\/planet-ka.de\/wp-content\/uploads\/2025\/02\/William_Herschel01.jpg 800w, https:\/\/planet-ka.de\/wp-content\/uploads\/2025\/02\/William_Herschel01-245x300.jpg 245w, https:\/\/planet-ka.de\/wp-content\/uploads\/2025\/02\/William_Herschel01-768x940.jpg 768w\" sizes=\"auto, (max-width: 800px) 100vw, 800px\" \/><\/figure><\/div>\n\n\n\n<div style=\"height:11px\" aria-hidden=\"true\" class=\"wp-block-spacer\"><\/div>\n\n\n\n<p>Verglichen mit dem schwerelos schwebenden Astrophysiker Hawking, und \u00fcberhaupt in gr\u00f6\u00dferer kosmischer Perspektive, sind wir alle stark mobilit\u00e4tseingeschr\u00e4nkt. Wir sitzen auf der Erde fest. <\/p>\n\n\n\n<p>Die <a href=\"https:\/\/www.gaia-in-karlsruhe.de\/galerie\/\">GAIA Installation von Luke Jerram in der Karlsruher Stadtkirche im Herbst 2024<\/a> gab allen Besuchenden einen Eindruck des &#8222;Overview-Effekts&#8220;, von dem mehr oder weniger alle Astronaut:innen zu berichten wissen: Vom All aus gesehen gibt es keine Grenzen auf der Erde. Alle Unterscheidungen zwischen Menschen (in diskriminierender Hinsicht) sind nur eine Einengung der Perspektive. Wir sitzen alle im selben Boot bzw. im selben &#8222;Raumschiff Erde&#8220;.<\/p>\n\n\n\n<p>Sp\u00e4testens im Grenzbereich zum Weltall, wenn wir unsere Komfortzone verlassen, merken wir, dass wir alle sehr starken Begrenzungen unterliegen. Wir sehen z.B. keine UV-Strahlung, sehen nicht, was die Bienen und Schmetterlinge sehen, h\u00f6ren nicht, was die Flederm\u00e4use h\u00f6ren, sind nur in engen Margen von Temperatur und Luftdruck lebensf\u00e4hig (wo selbst Bakterien \u00fcber uns lachen w\u00fcrden). Kaum jemand springt aus dem Stand zwei Meter hoch oder zieht gro\u00dfe Kubikwurzeln im Kopf&#8230; Was reden wir also von &#8222;Behinderungen&#8220; &#8211; die Unterschiede zwischen einzelnen sind da nur graduell.<\/p>\n\n\n\n<p>Die Weltraumerkundung ist im Wesentlichen nichts anderes als das Unterfangen, unser aller nat\u00fcrliche &#8222;Behinderungen&#8220; oder Einschr\u00e4nkungen durch technische Hilfsmittel, oft geniale Erfindungen, auszugleichen: angefangen mit optischen Teleskopen, die uns &#8222;Sehbehinderten&#8220; helfen, weiter und genauer zu schauen, als irgendjemand das sonst tun k\u00f6nnte, weiter \u00fcber Radio- bis R\u00f6ntgenteleskopen, die all das f\u00fcr uns &#8222;unsichtbare Licht&#8220; einfangen und f\u00fcr uns sichtbar machen, bis hin zu Gravitationswellen-Detektoren, die uns &#8222;h\u00f6ren&#8220; lassen, wof\u00fcr wir sonst alle taub w\u00e4ren. Unsere Sinne sind alle, je nach Bezugssystem, grob, unsere K\u00f6rper schwerf\u00e4llig und unser Denken langsam. <\/p>\n\n\n\n<p>Aus Weltraumperspektive sind wir alle mehr oder weniger &#8222;behindert&#8220;. Das, was das Menschliche auszeichnet, ist es, diese Barrieren gemeinsam zu \u00fcberwinden.<\/p>\n\n\n\n<p>Es gibt in Planetariums-Szene viele gute Ans\u00e4tze, um Astronomie, die wesentlich eine visuelle Wissenschaft ist und dementsprechend wahrgenommen wird, auch \u00fcber andere Sinne zug\u00e4nglich zu machen, z.B. f\u00fcr blinde oder sehbehinderte Menschen durch tastbare Modelle. PLANET KA m\u00f6chte sich hier langfristig aktiv beteiligen, solche spannenden Exponate in Ausstellungen zu verbreiten und zu integrieren.<\/p>\n\n\n\n<p>Ganz allgemein m\u00f6chte PLANET KA jedoch die Scheu und Barriere, die viele immer noch gegen\u00fcber &#8222;astronomischen Zahlen&#8220; und Gr\u00f6\u00dfen hegen, abbauen helfen. &#8222;Fachchinesisch&#8220; verst\u00e4ndlich zu vermitteln und Aha-Momente zu erm\u00f6glichen ist unser Ziel. <\/p>\n\n\n\n<p>In diesem Sinne: <strong><em>Barrierefreiheit f\u00fcr alle!<\/em><\/strong><\/p>\n\n\n\n<div style=\"height:19px\" aria-hidden=\"true\" class=\"wp-block-spacer\"><\/div>\n\n\n<div class=\"wp-block-ub-divider ub_divider ub-divider-orientation-horizontal\" id=\"ub_divider_a1e124ff-5bca-4f75-b9f0-5b094fb86839\"><div class=\"ub_divider_wrapper\" style=\"position: relative; margin-bottom: 2px; width: 100%; height: 2px; \" data-divider-alignment=\"center\"><div class=\"ub_divider_line\" style=\"border-top: 1px solid #ccc; margin-top: 2px; \"><\/div><\/div><\/div>\n\n\n<div style=\"height:24px\" aria-hidden=\"true\" class=\"wp-block-spacer\"><\/div>\n\n\n\n<h4 class=\"wp-block-heading\">&#8222;<strong>One people, one sky<\/strong>&#8220; &#8211; die <em>Astronomers without Borders<\/em><\/h4>\n\n\n\n<p>\u00c4hnlich wie in der Medizin gibt es in der Astronomie eine entsprechende Bewegung, die sich dem Overview-Effekt verdankt: <em><a href=\"https:\/\/astronomerswithoutborders.org\/home\">Astronomers without Borders<\/a><\/em>.<\/p>\n\n\n\n<p>Kosmopolitismus w\u00e4re der naheliegende Begriff aus der Antike. <br>Freie Menschen sind \u00fcberall auf der Welt zuhause. Und die ganze Welt ist bei ihnen zu Gast.<\/p>\n\n\n\n<div style=\"height:13px\" aria-hidden=\"true\" class=\"wp-block-spacer\"><\/div>\n\n\n\n<h6 class=\"wp-block-heading\">Wir alle sind Aliens. Fast \u00fcberall im Universum.<\/h6>","protected":false},"excerpt":{"rendered":"<p>Barrierefreiheit im PLANET KA Konkret: PLANET KA ist (weitestgehend) barrierefrei zug\u00e4nglich und hei\u00dft alle friedlich gesonnenen Menschen willkommen, unabh\u00e4ngig von Herkunft, Status, Orientierung oder sonstigen geistigen, k\u00f6rperlichen oder seelischen Merkmalen. Eine lange Rampe f\u00fcr Rollis, Kinderw\u00e4gen und Rollatoren f\u00fchrt direkt<\/p>","protected":false},"author":1,"featured_media":0,"parent":0,"menu_order":0,"comment_status":"closed","ping_status":"closed","template":"","meta":{"footnotes":""},"class_list":["post-1619","page","type-page","status-publish","hentry","","tg-column-two"],"featured_image_src":null,"yoast_head":"<!-- This site is optimized with the Yoast SEO plugin v27.3 - https:\/\/yoast.com\/product\/yoast-seo-wordpress\/ -->\n<title>Barrierefreiheit - PLANET KA<\/title>\n<meta name=\"robots\" content=\"index, follow, max-snippet:-1, max-image-preview:large, max-video-preview:-1\" \/>\n<link rel=\"canonical\" href=\"https:\/\/planet-ka.de\/en\/barrierefreiheit\/\" \/>\n<meta property=\"og:locale\" content=\"en_US\" \/>\n<meta property=\"og:type\" content=\"article\" \/>\n<meta property=\"og:title\" content=\"Barrierefreiheit - PLANET KA\" \/>\n<meta property=\"og:description\" content=\"Barrierefreiheit im PLANET KA Konkret: PLANET KA ist (weitestgehend) barrierefrei zug\u00e4nglich und hei\u00dft alle friedlich gesonnenen Menschen willkommen, unabh\u00e4ngig von Herkunft, Status, Orientierung oder sonstigen geistigen, k\u00f6rperlichen oder seelischen Merkmalen. Eine lange Rampe f\u00fcr Rollis, Kinderw\u00e4gen und Rollatoren f\u00fchrt direkt\" \/>\n<meta property=\"og:url\" content=\"https:\/\/planet-ka.de\/en\/barrierefreiheit\/\" \/>\n<meta property=\"og:site_name\" content=\"PLANET KA\" \/>\n<meta property=\"article:publisher\" content=\"https:\/\/www.facebook.com\/people\/Planet-KA-Planetarium-Karlsruhe\/61573710254024\/\" \/>\n<meta property=\"article:modified_time\" content=\"2025-02-26T13:53:04+00:00\" \/>\n<meta property=\"og:image\" content=\"https:\/\/planet-ka.de\/wp-content\/uploads\/2025\/02\/sky-earth-space-working-1024x1020.jpeg\" \/>\n<script type=\"application\/ld+json\" class=\"yoast-schema-graph\">{\"@context\":\"https:\\\/\\\/schema.org\",\"@graph\":[{\"@type\":\"WebPage\",\"@id\":\"https:\\\/\\\/planet-ka.de\\\/barrierefreiheit\\\/\",\"url\":\"https:\\\/\\\/planet-ka.de\\\/barrierefreiheit\\\/\",\"name\":\"Barrierefreiheit - PLANET KA\",\"isPartOf\":{\"@id\":\"https:\\\/\\\/planet-ka.de\\\/#website\"},\"primaryImageOfPage\":{\"@id\":\"https:\\\/\\\/planet-ka.de\\\/barrierefreiheit\\\/#primaryimage\"},\"image\":{\"@id\":\"https:\\\/\\\/planet-ka.de\\\/barrierefreiheit\\\/#primaryimage\"},\"thumbnailUrl\":\"https:\\\/\\\/planet-ka.de\\\/wp-content\\\/uploads\\\/2025\\\/02\\\/sky-earth-space-working-1024x1020.jpeg\",\"datePublished\":\"2025-02-23T15:08:50+00:00\",\"dateModified\":\"2025-02-26T13:53:04+00:00\",\"breadcrumb\":{\"@id\":\"https:\\\/\\\/planet-ka.de\\\/barrierefreiheit\\\/#breadcrumb\"},\"inLanguage\":\"en-US\",\"potentialAction\":[{\"@type\":\"ReadAction\",\"target\":[\"https:\\\/\\\/planet-ka.de\\\/barrierefreiheit\\\/\"]}]},{\"@type\":\"ImageObject\",\"inLanguage\":\"en-US\",\"@id\":\"https:\\\/\\\/planet-ka.de\\\/barrierefreiheit\\\/#primaryimage\",\"url\":\"https:\\\/\\\/planet-ka.de\\\/wp-content\\\/uploads\\\/2025\\\/02\\\/sky-earth-space-working-1024x1020.jpeg\",\"contentUrl\":\"https:\\\/\\\/planet-ka.de\\\/wp-content\\\/uploads\\\/2025\\\/02\\\/sky-earth-space-working-1024x1020.jpeg\"},{\"@type\":\"BreadcrumbList\",\"@id\":\"https:\\\/\\\/planet-ka.de\\\/barrierefreiheit\\\/#breadcrumb\",\"itemListElement\":[{\"@type\":\"ListItem\",\"position\":1,\"name\":\"Startseite\",\"item\":\"https:\\\/\\\/planet-ka.de\\\/\"},{\"@type\":\"ListItem\",\"position\":2,\"name\":\"Barrierefreiheit\"}]},{\"@type\":\"WebSite\",\"@id\":\"https:\\\/\\\/planet-ka.de\\\/#website\",\"url\":\"https:\\\/\\\/planet-ka.de\\\/\",\"name\":\"PLANET KA\",\"description\":\"Faszination Kosmos\",\"publisher\":{\"@id\":\"https:\\\/\\\/planet-ka.de\\\/#organization\"},\"potentialAction\":[{\"@type\":\"SearchAction\",\"target\":{\"@type\":\"EntryPoint\",\"urlTemplate\":\"https:\\\/\\\/planet-ka.de\\\/?s={search_term_string}\"},\"query-input\":{\"@type\":\"PropertyValueSpecification\",\"valueRequired\":true,\"valueName\":\"search_term_string\"}}],\"inLanguage\":\"en-US\"},{\"@type\":\"Organization\",\"@id\":\"https:\\\/\\\/planet-ka.de\\\/#organization\",\"name\":\"PLANET KA\",\"url\":\"https:\\\/\\\/planet-ka.de\\\/\",\"logo\":{\"@type\":\"ImageObject\",\"inLanguage\":\"en-US\",\"@id\":\"https:\\\/\\\/planet-ka.de\\\/#\\\/schema\\\/logo\\\/image\\\/\",\"url\":\"https:\\\/\\\/planet-ka.de\\\/wp-content\\\/uploads\\\/2025\\\/03\\\/cropped-Logo-Banner-Website-Jan-25_19.png\",\"contentUrl\":\"https:\\\/\\\/planet-ka.de\\\/wp-content\\\/uploads\\\/2025\\\/03\\\/cropped-Logo-Banner-Website-Jan-25_19.png\",\"width\":225,\"height\":66,\"caption\":\"PLANET KA\"},\"image\":{\"@id\":\"https:\\\/\\\/planet-ka.de\\\/#\\\/schema\\\/logo\\\/image\\\/\"},\"sameAs\":[\"https:\\\/\\\/www.facebook.com\\\/people\\\/Planet-KA-Planetarium-Karlsruhe\\\/61573710254024\\\/\",\"https:\\\/\\\/www.instagram.com\\\/planetarium_karlsruhe\\\/\"]}]}<\/script>\n<!-- \/ Yoast SEO plugin. -->","yoast_head_json":{"title":"Barrierefreiheit - PLANET KA","robots":{"index":"index","follow":"follow","max-snippet":"max-snippet:-1","max-image-preview":"max-image-preview:large","max-video-preview":"max-video-preview:-1"},"canonical":"https:\/\/planet-ka.de\/en\/barrierefreiheit\/","og_locale":"en_US","og_type":"article","og_title":"Barrierefreiheit - PLANET KA","og_description":"Barrierefreiheit im PLANET KA Konkret: PLANET KA ist (weitestgehend) barrierefrei zug\u00e4nglich und hei\u00dft alle friedlich gesonnenen Menschen willkommen, unabh\u00e4ngig von Herkunft, Status, Orientierung oder sonstigen geistigen, k\u00f6rperlichen oder seelischen Merkmalen. Eine lange Rampe f\u00fcr Rollis, Kinderw\u00e4gen und Rollatoren f\u00fchrt direkt","og_url":"https:\/\/planet-ka.de\/en\/barrierefreiheit\/","og_site_name":"PLANET KA","article_publisher":"https:\/\/www.facebook.com\/people\/Planet-KA-Planetarium-Karlsruhe\/61573710254024\/","article_modified_time":"2025-02-26T13:53:04+00:00","og_image":[{"url":"https:\/\/planet-ka.de\/wp-content\/uploads\/2025\/02\/sky-earth-space-working-1024x1020.jpeg","type":"","width":"","height":""}],"schema":{"@context":"https:\/\/schema.org","@graph":[{"@type":"WebPage","@id":"https:\/\/planet-ka.de\/barrierefreiheit\/","url":"https:\/\/planet-ka.de\/barrierefreiheit\/","name":"Barrierefreiheit - PLANET KA","isPartOf":{"@id":"https:\/\/planet-ka.de\/#website"},"primaryImageOfPage":{"@id":"https:\/\/planet-ka.de\/barrierefreiheit\/#primaryimage"},"image":{"@id":"https:\/\/planet-ka.de\/barrierefreiheit\/#primaryimage"},"thumbnailUrl":"https:\/\/planet-ka.de\/wp-content\/uploads\/2025\/02\/sky-earth-space-working-1024x1020.jpeg","datePublished":"2025-02-23T15:08:50+00:00","dateModified":"2025-02-26T13:53:04+00:00","breadcrumb":{"@id":"https:\/\/planet-ka.de\/barrierefreiheit\/#breadcrumb"},"inLanguage":"en-US","potentialAction":[{"@type":"ReadAction","target":["https:\/\/planet-ka.de\/barrierefreiheit\/"]}]},{"@type":"ImageObject","inLanguage":"en-US","@id":"https:\/\/planet-ka.de\/barrierefreiheit\/#primaryimage","url":"https:\/\/planet-ka.de\/wp-content\/uploads\/2025\/02\/sky-earth-space-working-1024x1020.jpeg","contentUrl":"https:\/\/planet-ka.de\/wp-content\/uploads\/2025\/02\/sky-earth-space-working-1024x1020.jpeg"},{"@type":"BreadcrumbList","@id":"https:\/\/planet-ka.de\/barrierefreiheit\/#breadcrumb","itemListElement":[{"@type":"ListItem","position":1,"name":"Startseite","item":"https:\/\/planet-ka.de\/"},{"@type":"ListItem","position":2,"name":"Barrierefreiheit"}]},{"@type":"WebSite","@id":"https:\/\/planet-ka.de\/#website","url":"https:\/\/planet-ka.de\/","name":"PLANET KA","description":"Cosmic Fascination","publisher":{"@id":"https:\/\/planet-ka.de\/#organization"},"potentialAction":[{"@type":"SearchAction","target":{"@type":"EntryPoint","urlTemplate":"https:\/\/planet-ka.de\/?s={search_term_string}"},"query-input":{"@type":"PropertyValueSpecification","valueRequired":true,"valueName":"search_term_string"}}],"inLanguage":"en-US"},{"@type":"Organization","@id":"https:\/\/planet-ka.de\/#organization","name":"PLANET KA","url":"https:\/\/planet-ka.de\/","logo":{"@type":"ImageObject","inLanguage":"en-US","@id":"https:\/\/planet-ka.de\/#\/schema\/logo\/image\/","url":"https:\/\/planet-ka.de\/wp-content\/uploads\/2025\/03\/cropped-Logo-Banner-Website-Jan-25_19.png","contentUrl":"https:\/\/planet-ka.de\/wp-content\/uploads\/2025\/03\/cropped-Logo-Banner-Website-Jan-25_19.png","width":225,"height":66,"caption":"PLANET KA"},"image":{"@id":"https:\/\/planet-ka.de\/#\/schema\/logo\/image\/"},"sameAs":["https:\/\/www.facebook.com\/people\/Planet-KA-Planetarium-Karlsruhe\/61573710254024\/","https:\/\/www.instagram.com\/planetarium_karlsruhe\/"]}]}},"_links":{"self":[{"href":"https:\/\/planet-ka.de\/en\/wp-json\/wp\/v2\/pages\/1619","targetHints":{"allow":["GET"]}}],"collection":[{"href":"https:\/\/planet-ka.de\/en\/wp-json\/wp\/v2\/pages"}],"about":[{"href":"https:\/\/planet-ka.de\/en\/wp-json\/wp\/v2\/types\/page"}],"author":[{"embeddable":true,"href":"https:\/\/planet-ka.de\/en\/wp-json\/wp\/v2\/users\/1"}],"replies":[{"embeddable":true,"href":"https:\/\/planet-ka.de\/en\/wp-json\/wp\/v2\/comments?post=1619"}],"version-history":[{"count":10,"href":"https:\/\/planet-ka.de\/en\/wp-json\/wp\/v2\/pages\/1619\/revisions"}],"predecessor-version":[{"id":2105,"href":"https:\/\/planet-ka.de\/en\/wp-json\/wp\/v2\/pages\/1619\/revisions\/2105"}],"wp:attachment":[{"href":"https:\/\/planet-ka.de\/en\/wp-json\/wp\/v2\/media?parent=1619"}],"curies":[{"name":"wp","href":"https:\/\/api.w.org\/{rel}","templated":true}]}}