{"id":1683,"date":"2025-02-23T20:40:23","date_gmt":"2025-02-23T19:40:23","guid":{"rendered":"https:\/\/planet-ka.de\/?page_id=1683"},"modified":"2025-02-23T22:07:02","modified_gmt":"2025-02-23T21:07:02","slug":"workshops","status":"publish","type":"page","link":"https:\/\/planet-ka.de\/en\/workshops\/","title":{"rendered":"Workshops"},"content":{"rendered":"<div class=\"wp-block-media-text is-stacked-on-mobile\" style=\"grid-template-columns:54% auto\"><figure class=\"wp-block-media-text__media\"><img loading=\"lazy\" decoding=\"async\" width=\"1024\" height=\"576\" src=\"https:\/\/planet-ka.de\/wp-content\/uploads\/2025\/02\/NASA-ingenuity-imagesmars202020200714PIA23720-16-1024x576.jpg\" alt=\"\" class=\"wp-image-1684 size-full\" srcset=\"https:\/\/planet-ka.de\/wp-content\/uploads\/2025\/02\/NASA-ingenuity-imagesmars202020200714PIA23720-16-1024x576.jpg 1024w, https:\/\/planet-ka.de\/wp-content\/uploads\/2025\/02\/NASA-ingenuity-imagesmars202020200714PIA23720-16-300x169.jpg 300w, https:\/\/planet-ka.de\/wp-content\/uploads\/2025\/02\/NASA-ingenuity-imagesmars202020200714PIA23720-16-768x432.jpg 768w, https:\/\/planet-ka.de\/wp-content\/uploads\/2025\/02\/NASA-ingenuity-imagesmars202020200714PIA23720-16-1536x864.jpg 1536w, https:\/\/planet-ka.de\/wp-content\/uploads\/2025\/02\/NASA-ingenuity-imagesmars202020200714PIA23720-16.jpg 1600w\" sizes=\"auto, (max-width: 1024px) 100vw, 1024px\" \/><\/figure><div class=\"wp-block-media-text__content\">\n<h2 class=\"wp-block-heading\">Das Weltall be-greifen<\/h2>\n\n\n\n<p><em><strong>Sapere aude!<\/strong> <\/em>&#8220;Habe Mut, dich deines eigenen Verstandes zu bedienen&#8221;, ist gut. <br>Wir sagen aber auch: <\/p>\n\n\n\n<p><em><strong>Facere aude!<\/strong> <\/em>Habe Mut, etwas selbst zu machen, es anzupacken, zu experimentieren, etwas auszuprobieren, zu scheitern, und dann weiterzumachen. In diesem Sinne setzen euch die Workshops ans Steuer. <em>Los geht&#8217;s!<\/em><\/p>\n<\/div><\/div>\n\n\n\n<div style=\"height:13px\" aria-hidden=\"true\" class=\"wp-block-spacer\"><\/div>\n\n\n\n<h3 class=\"wp-block-heading\">Wann und f\u00fcr wen gibt es Workshops?<\/h3>\n\n\n\n<p>Im Prinzip k\u00f6nnen wir Workshops f\u00fcr jede Gruppe (Alter, Niveau) abgestimmt auf Ihre W\u00fcnsche konzipieren. Gerade in der Anfangszeit des neu gegr\u00fcndeten Planetariums m\u00fcssen wir uns jedoch auf einige wenige Formate vor allem f\u00fcr die Grundschule konzentrieren. Die hier aufgelisteten Workshops k\u00f6nnen individuell f\u00fcr Ihre Gruppe angepasst werden, so dass auch f\u00fcr Kitas und bis zur 6.\/7. Klasse etwas dabei w\u00e4re. <\/p>\n\n\n\n<p>Aufgrund der erforderlichen Vorbereitungen bieten wir die Workshops voraussichtlich erst ab Juni an.<\/p>\n\n\n\n<p>Die Workshops sind jeweils gekoppelt an den Besuch einer regul\u00e4ren vormitt\u00e4glichen Planetariumsvorstellung, die \u00fcblicherweise am Anfang steht (ca. 75 Minuten). Nach einer 20- bis 30-min\u00fctigen Pause (in Absprache mit Ihnen) folgt der Workshopteil (ca. 60-90 Min.). Insgesamt kommt man so auf ein Vormittagsprogramm (Mo-Fr) von 2,5 &#8211; 3 Stunden Dauer.<\/p>\n\n\n\n<p>Die Preise f\u00fcr die Workshops sind unabh\u00e4ngig von Thema und Alter und orientieren sich an den Kosten einer Planetariumsvorstellung zzgl. Materialkosten.<br>Wie Sie auf den Seiten f\u00fcr Schulen &amp; Kitas sowie zu den Eintrittspreisen sehen k\u00f6nnen, liegt der Eintritt bei 5,50 Euro pro Kind, und es gibt einen Mindestbetrag, der auf 18 Kinder gerechnet ist.<\/p>\n\n\n\n<p>Bei den Workshops ist es umgekehrt: Hier k\u00f6nnen sinnvollerweise nicht zu gro\u00dfe Gruppen gleichzeitig aktiv sein. Eine ideale Gr\u00f6\u00dfe liegt bei 15-20 Kindern; im Ausnahmefall k\u00f6nnen bis zu 25 m\u00f6glich sein (abh\u00e4ngig vom gew\u00e4hlten Thema). <br>Voraussichtlich wird der Preis pro Kind f\u00fcr den gesamten Vormittag (Planetarium + Workshop) bei 10 bis 10,50 Euro liegen. Die Kosten pro Kind f\u00fcr den reinen Workshop liegen somit bei 4,50 bis 5 Euro (inkl. Material). <br>F\u00fcr den Mindestbetrag rechnen wir mit 15 Kindern, also mindestens 150 Euro insgesamt, und empfehlen wie gesagt eine H\u00f6chst-Teilnehmerzahl von nicht (wesentlich) mehr als 20.<\/p>\n\n\n\n<div style=\"height:24px\" aria-hidden=\"true\" class=\"wp-block-spacer\"><\/div>\n\n\n\n<h3 class=\"wp-block-heading\">Buchung eines Workshops<\/h3>\n\n\n\n<p>Buchung der Workshops vsl. ab Mai hier m\u00f6glich. <\/p>\n\n\n\n<p>Vorgehensweise: Sie buchen regul\u00e4r einen Schulbesuch (oder Kitabesuch) am Vormittag im Planetarium. Im Bestellvorgang k\u00f6nnen Sie einen optionalen Workshop mit hinzuw\u00e4hlen. <br>Auch k\u00f6nnen Sie erstmal nur das Planetarium buchen, und den Workshop optional sp\u00e4ter noch hinzuw\u00e4hlen (sofern der Termin im Anschluss noch frei ist).<\/p>\n\n\n\n<p>Sie k\u00f6nnen folglich auch jetzt schon einen Vormittagstermin buchen bzw. die Buchung anfragen unter buchung@planet-ka.de z.B. f\u00fcr einen Termin im Mai oder Juni und wir k\u00f6nnen dann immer noch 2-3 Wochen vorher besprechen, ob ein Workshop hinzukommen soll bzw. kann.<\/p>\n\n\n\n<div style=\"height:47px\" aria-hidden=\"true\" class=\"wp-block-spacer\"><\/div>\n\n\n\n<h3 class=\"wp-block-heading\">Workshop-Themen zur Auswahl<\/h3>\n\n\n\n<h4 class=\"wp-block-heading\">Thema 1: Sonne, Erde, Mond<\/h4>\n\n\n\n<p>Wie entstehen die Tages- und Jahreszeiten, wie die Mondphasen? Warum zeigt uns der Mond immer nur eine Seite und wandelt trotzdem t\u00e4glich seine Gestalt? Warum steht der Vollmond manchmal ganz tief (im Sommer) und manchmal ganz hoch am Himmel (im Winter)?<\/p>\n\n\n\n<p>Und was passiert bei einer Sonnen- und Mondfinsternis? Warum hat das etwas mit Neumond und Vollmond zu tun?<\/p>\n\n\n\n<p>Zur L\u00f6sung beider R\u00e4tsel sind Beweglichkeit und Erfindungsgeist gefragt. <\/p>\n\n\n\n<p>Zum Abschluss werfen wir &#8211; je nach Wetterlage &#8211; noch einen Blick durch ein Fernrohr auf Sonne oder Mond (und hier ggf. ein Modell). Was gibt es dort zu sehen? Was bedeuten die schwarzen Flecken auf der Sonne? Und warum hat der Mond so viele Krater, viel mehr als die Erde?<\/p>\n\n\n\n<h4 class=\"wp-block-heading\">Thema 2: Der Tanz der Planeten<\/h4>\n\n\n\n<p>Wie viele Planeten gibt es? Wie sehen sie aus, wie gro\u00df sind sie, und was ist bei ihnen \u00e4hnlich und wo unterscheiden sie sich? Wir lernen sie und ihre Reihenfolge zun\u00e4chst kennen, lernen, wann und wo man sie am Abendhimmel sieht und worin sie sich von den Sternen unterscheiden.<\/p>\n\n\n\n<p>Wir versuchen alsdann ihre komischen Schleifenbewegungen am Himmel zu verstehen, indem wir selbst in die Rolle der Planeten schl\u00fcpfen.<\/p>\n\n\n\n<p>Zum Abschluss gibt es einen wilden Planetentanz, wo ihr herumflitzt wie der schnelle Merkur, rot im Gesicht werdet wie Mars und den Hula-Hoop-Ring schwingt wie Saturn.<\/p>\n\n\n\n<p>Danach werdet ihr die Planeten bestimmt so schnell nicht wieder vergessen!<\/p>\n\n\n\n<h4 class=\"wp-block-heading\">Thema 3: Mein erstes Sternbildbuch<\/h4>\n\n\n\n<p>Was sind eigentlich Sternbilder? Warum gibt es sie und warum haben sie so komische Namen? Wusstet ihr, dass es sogar ein Sternbild &#8220;Luftpumpe&#8221; am Himmel gibt!? Praktisch, nicht wahr? Falls ihr mal mit dem Fahrrad auf der Milchstra\u00dfe einen Platten habt&#8230; <\/p>\n\n\n\n<p>Wir merken uns drei, vier wichtige Sternbilder am Himmel, lernen, wo wir sie finden k\u00f6nnen. Nebenher erfahrt ihr, wie man sich anhand der Sterne auch ohne Kompass zurechtfinden kann.<\/p>\n\n\n\n<p>Wenn ihr das drauf habt, kann das lustige Sternbild-Raten kommen.<\/p>\n\n\n\n<p>Schlie\u00dflich sucht ihr euch euer pers\u00f6nliches Lieblingssternbild aus und malt eure eigene Sternkarte, die in der Nacht leuchtet. Fast so sch\u00f6n wie mit echten Sternen!<\/p>\n\n\n\n<p><\/p>","protected":false},"excerpt":{"rendered":"<p>Das Weltall be-greifen Sapere aude! &#8220;Habe Mut, dich deines eigenen Verstandes zu bedienen&#8221;, ist gut. Wir sagen aber auch: Facere aude! Habe Mut, etwas selbst zu machen, es anzupacken, zu experimentieren, etwas auszuprobieren, zu scheitern, und dann weiterzumachen. In diesem<\/p>","protected":false},"author":1,"featured_media":0,"parent":0,"menu_order":0,"comment_status":"closed","ping_status":"closed","template":"","meta":{"footnotes":""},"class_list":["post-1683","page","type-page","status-publish","hentry","","tg-column-two"],"featured_image_src":null,"yoast_head":"<!-- This site is optimized with the Yoast SEO plugin v27.3 - https:\/\/yoast.com\/product\/yoast-seo-wordpress\/ -->\n<title>Workshops - PLANET KA<\/title>\n<meta name=\"robots\" content=\"index, follow, max-snippet:-1, max-image-preview:large, max-video-preview:-1\" \/>\n<link rel=\"canonical\" href=\"https:\/\/planet-ka.de\/en\/workshops\/\" \/>\n<meta property=\"og:locale\" content=\"en_US\" \/>\n<meta property=\"og:type\" content=\"article\" \/>\n<meta property=\"og:title\" content=\"Workshops - PLANET KA\" \/>\n<meta property=\"og:description\" content=\"Das Weltall be-greifen Sapere aude! &#8220;Habe Mut, dich deines eigenen Verstandes zu bedienen&#8221;, ist gut. Wir sagen aber auch: Facere aude! Habe Mut, etwas selbst zu machen, es anzupacken, zu experimentieren, etwas auszuprobieren, zu scheitern, und dann weiterzumachen. In diesem\" \/>\n<meta property=\"og:url\" content=\"https:\/\/planet-ka.de\/en\/workshops\/\" \/>\n<meta property=\"og:site_name\" content=\"PLANET KA\" \/>\n<meta property=\"article:publisher\" content=\"https:\/\/www.facebook.com\/people\/Planet-KA-Planetarium-Karlsruhe\/61573710254024\/\" \/>\n<meta property=\"article:modified_time\" content=\"2025-02-23T21:07:02+00:00\" \/>\n<meta property=\"og:image\" content=\"https:\/\/planet-ka.de\/wp-content\/uploads\/2025\/02\/NASA-ingenuity-imagesmars202020200714PIA23720-16-1024x576.jpg\" \/>\n<script type=\"application\/ld+json\" class=\"yoast-schema-graph\">{\"@context\":\"https:\\\/\\\/schema.org\",\"@graph\":[{\"@type\":\"WebPage\",\"@id\":\"https:\\\/\\\/planet-ka.de\\\/workshops\\\/\",\"url\":\"https:\\\/\\\/planet-ka.de\\\/workshops\\\/\",\"name\":\"Workshops - PLANET KA\",\"isPartOf\":{\"@id\":\"https:\\\/\\\/planet-ka.de\\\/#website\"},\"primaryImageOfPage\":{\"@id\":\"https:\\\/\\\/planet-ka.de\\\/workshops\\\/#primaryimage\"},\"image\":{\"@id\":\"https:\\\/\\\/planet-ka.de\\\/workshops\\\/#primaryimage\"},\"thumbnailUrl\":\"https:\\\/\\\/planet-ka.de\\\/wp-content\\\/uploads\\\/2025\\\/02\\\/NASA-ingenuity-imagesmars202020200714PIA23720-16-1024x576.jpg\",\"datePublished\":\"2025-02-23T19:40:23+00:00\",\"dateModified\":\"2025-02-23T21:07:02+00:00\",\"breadcrumb\":{\"@id\":\"https:\\\/\\\/planet-ka.de\\\/workshops\\\/#breadcrumb\"},\"inLanguage\":\"en-US\",\"potentialAction\":[{\"@type\":\"ReadAction\",\"target\":[\"https:\\\/\\\/planet-ka.de\\\/workshops\\\/\"]}]},{\"@type\":\"ImageObject\",\"inLanguage\":\"en-US\",\"@id\":\"https:\\\/\\\/planet-ka.de\\\/workshops\\\/#primaryimage\",\"url\":\"https:\\\/\\\/planet-ka.de\\\/wp-content\\\/uploads\\\/2025\\\/02\\\/NASA-ingenuity-imagesmars202020200714PIA23720-16-1024x576.jpg\",\"contentUrl\":\"https:\\\/\\\/planet-ka.de\\\/wp-content\\\/uploads\\\/2025\\\/02\\\/NASA-ingenuity-imagesmars202020200714PIA23720-16-1024x576.jpg\"},{\"@type\":\"BreadcrumbList\",\"@id\":\"https:\\\/\\\/planet-ka.de\\\/workshops\\\/#breadcrumb\",\"itemListElement\":[{\"@type\":\"ListItem\",\"position\":1,\"name\":\"Startseite\",\"item\":\"https:\\\/\\\/planet-ka.de\\\/\"},{\"@type\":\"ListItem\",\"position\":2,\"name\":\"Workshops\"}]},{\"@type\":\"WebSite\",\"@id\":\"https:\\\/\\\/planet-ka.de\\\/#website\",\"url\":\"https:\\\/\\\/planet-ka.de\\\/\",\"name\":\"PLANET KA\",\"description\":\"Faszination Kosmos\",\"publisher\":{\"@id\":\"https:\\\/\\\/planet-ka.de\\\/#organization\"},\"potentialAction\":[{\"@type\":\"SearchAction\",\"target\":{\"@type\":\"EntryPoint\",\"urlTemplate\":\"https:\\\/\\\/planet-ka.de\\\/?s={search_term_string}\"},\"query-input\":{\"@type\":\"PropertyValueSpecification\",\"valueRequired\":true,\"valueName\":\"search_term_string\"}}],\"inLanguage\":\"en-US\"},{\"@type\":\"Organization\",\"@id\":\"https:\\\/\\\/planet-ka.de\\\/#organization\",\"name\":\"PLANET KA\",\"url\":\"https:\\\/\\\/planet-ka.de\\\/\",\"logo\":{\"@type\":\"ImageObject\",\"inLanguage\":\"en-US\",\"@id\":\"https:\\\/\\\/planet-ka.de\\\/#\\\/schema\\\/logo\\\/image\\\/\",\"url\":\"https:\\\/\\\/planet-ka.de\\\/wp-content\\\/uploads\\\/2025\\\/03\\\/cropped-Logo-Banner-Website-Jan-25_19.png\",\"contentUrl\":\"https:\\\/\\\/planet-ka.de\\\/wp-content\\\/uploads\\\/2025\\\/03\\\/cropped-Logo-Banner-Website-Jan-25_19.png\",\"width\":225,\"height\":66,\"caption\":\"PLANET KA\"},\"image\":{\"@id\":\"https:\\\/\\\/planet-ka.de\\\/#\\\/schema\\\/logo\\\/image\\\/\"},\"sameAs\":[\"https:\\\/\\\/www.facebook.com\\\/people\\\/Planet-KA-Planetarium-Karlsruhe\\\/61573710254024\\\/\",\"https:\\\/\\\/www.instagram.com\\\/planetarium_karlsruhe\\\/\"]}]}<\/script>\n<!-- \/ Yoast SEO plugin. -->","yoast_head_json":{"title":"Workshops - PLANET KA","robots":{"index":"index","follow":"follow","max-snippet":"max-snippet:-1","max-image-preview":"max-image-preview:large","max-video-preview":"max-video-preview:-1"},"canonical":"https:\/\/planet-ka.de\/en\/workshops\/","og_locale":"en_US","og_type":"article","og_title":"Workshops - PLANET KA","og_description":"Das Weltall be-greifen Sapere aude! &#8220;Habe Mut, dich deines eigenen Verstandes zu bedienen&#8221;, ist gut. Wir sagen aber auch: Facere aude! Habe Mut, etwas selbst zu machen, es anzupacken, zu experimentieren, etwas auszuprobieren, zu scheitern, und dann weiterzumachen. In diesem","og_url":"https:\/\/planet-ka.de\/en\/workshops\/","og_site_name":"PLANET KA","article_publisher":"https:\/\/www.facebook.com\/people\/Planet-KA-Planetarium-Karlsruhe\/61573710254024\/","article_modified_time":"2025-02-23T21:07:02+00:00","og_image":[{"url":"https:\/\/planet-ka.de\/wp-content\/uploads\/2025\/02\/NASA-ingenuity-imagesmars202020200714PIA23720-16-1024x576.jpg","type":"","width":"","height":""}],"schema":{"@context":"https:\/\/schema.org","@graph":[{"@type":"WebPage","@id":"https:\/\/planet-ka.de\/workshops\/","url":"https:\/\/planet-ka.de\/workshops\/","name":"Workshops - PLANET KA","isPartOf":{"@id":"https:\/\/planet-ka.de\/#website"},"primaryImageOfPage":{"@id":"https:\/\/planet-ka.de\/workshops\/#primaryimage"},"image":{"@id":"https:\/\/planet-ka.de\/workshops\/#primaryimage"},"thumbnailUrl":"https:\/\/planet-ka.de\/wp-content\/uploads\/2025\/02\/NASA-ingenuity-imagesmars202020200714PIA23720-16-1024x576.jpg","datePublished":"2025-02-23T19:40:23+00:00","dateModified":"2025-02-23T21:07:02+00:00","breadcrumb":{"@id":"https:\/\/planet-ka.de\/workshops\/#breadcrumb"},"inLanguage":"en-US","potentialAction":[{"@type":"ReadAction","target":["https:\/\/planet-ka.de\/workshops\/"]}]},{"@type":"ImageObject","inLanguage":"en-US","@id":"https:\/\/planet-ka.de\/workshops\/#primaryimage","url":"https:\/\/planet-ka.de\/wp-content\/uploads\/2025\/02\/NASA-ingenuity-imagesmars202020200714PIA23720-16-1024x576.jpg","contentUrl":"https:\/\/planet-ka.de\/wp-content\/uploads\/2025\/02\/NASA-ingenuity-imagesmars202020200714PIA23720-16-1024x576.jpg"},{"@type":"BreadcrumbList","@id":"https:\/\/planet-ka.de\/workshops\/#breadcrumb","itemListElement":[{"@type":"ListItem","position":1,"name":"Startseite","item":"https:\/\/planet-ka.de\/"},{"@type":"ListItem","position":2,"name":"Workshops"}]},{"@type":"WebSite","@id":"https:\/\/planet-ka.de\/#website","url":"https:\/\/planet-ka.de\/","name":"PLANET KA","description":"Cosmic Fascination","publisher":{"@id":"https:\/\/planet-ka.de\/#organization"},"potentialAction":[{"@type":"SearchAction","target":{"@type":"EntryPoint","urlTemplate":"https:\/\/planet-ka.de\/?s={search_term_string}"},"query-input":{"@type":"PropertyValueSpecification","valueRequired":true,"valueName":"search_term_string"}}],"inLanguage":"en-US"},{"@type":"Organization","@id":"https:\/\/planet-ka.de\/#organization","name":"PLANET KA","url":"https:\/\/planet-ka.de\/","logo":{"@type":"ImageObject","inLanguage":"en-US","@id":"https:\/\/planet-ka.de\/#\/schema\/logo\/image\/","url":"https:\/\/planet-ka.de\/wp-content\/uploads\/2025\/03\/cropped-Logo-Banner-Website-Jan-25_19.png","contentUrl":"https:\/\/planet-ka.de\/wp-content\/uploads\/2025\/03\/cropped-Logo-Banner-Website-Jan-25_19.png","width":225,"height":66,"caption":"PLANET KA"},"image":{"@id":"https:\/\/planet-ka.de\/#\/schema\/logo\/image\/"},"sameAs":["https:\/\/www.facebook.com\/people\/Planet-KA-Planetarium-Karlsruhe\/61573710254024\/","https:\/\/www.instagram.com\/planetarium_karlsruhe\/"]}]}},"_links":{"self":[{"href":"https:\/\/planet-ka.de\/en\/wp-json\/wp\/v2\/pages\/1683","targetHints":{"allow":["GET"]}}],"collection":[{"href":"https:\/\/planet-ka.de\/en\/wp-json\/wp\/v2\/pages"}],"about":[{"href":"https:\/\/planet-ka.de\/en\/wp-json\/wp\/v2\/types\/page"}],"author":[{"embeddable":true,"href":"https:\/\/planet-ka.de\/en\/wp-json\/wp\/v2\/users\/1"}],"replies":[{"embeddable":true,"href":"https:\/\/planet-ka.de\/en\/wp-json\/wp\/v2\/comments?post=1683"}],"version-history":[{"count":3,"href":"https:\/\/planet-ka.de\/en\/wp-json\/wp\/v2\/pages\/1683\/revisions"}],"predecessor-version":[{"id":1707,"href":"https:\/\/planet-ka.de\/en\/wp-json\/wp\/v2\/pages\/1683\/revisions\/1707"}],"wp:attachment":[{"href":"https:\/\/planet-ka.de\/en\/wp-json\/wp\/v2\/media?parent=1683"}],"curies":[{"name":"wp","href":"https:\/\/api.w.org\/{rel}","templated":true}]}}