{"id":1689,"date":"2025-02-23T21:33:45","date_gmt":"2025-02-23T20:33:45","guid":{"rendered":"https:\/\/planet-ka.de\/?page_id=1689"},"modified":"2026-03-26T18:25:58","modified_gmt":"2026-03-26T17:25:58","slug":"girlsday","status":"publish","type":"page","link":"https:\/\/planet-ka.de\/en\/girlsday\/","title":{"rendered":"Girls&#8217; Day 2026"},"content":{"rendered":"<div class=\"wp-block-media-text is-stacked-on-mobile\"><figure class=\"wp-block-media-text__media\"><img loading=\"lazy\" decoding=\"async\" width=\"372\" height=\"167\" src=\"https:\/\/planet-ka.de\/wp-content\/uploads\/2025\/02\/girlsday-logo.jpg\" alt=\"\" class=\"wp-image-1554 size-full\" srcset=\"https:\/\/planet-ka.de\/wp-content\/uploads\/2025\/02\/girlsday-logo.jpg 372w, https:\/\/planet-ka.de\/wp-content\/uploads\/2025\/02\/girlsday-logo-300x135.jpg 300w\" sizes=\"auto, (max-width: 372px) 100vw, 372px\" \/><\/figure><div class=\"wp-block-media-text__content\">\n<h2 class=\"wp-block-heading\">It <em>is<\/em> rocket science!<\/h2>\n\n\n\n<p>Am <strong>23. April 2026<\/strong> ist es wieder so weit. Sch\u00fclerinnen ab 14 heben ab und sehen die Welt mal von oben, zumindest in der Simulation.<\/p>\n\n\n\n<p>Dunkle Materie soll bei Dir nicht im Dunkeln bleiben? Du willst hoch hinaus aber im wortw\u00f6rtlichem Sinne? Deine Power-Suit soll ein Weltraum-Anzug sein? Sei es ein Blick in die Vergangenheit durch Lichtjahre-entfernte Galaxien oder die Konstruktion einer Rakete, die dein Herz h\u00f6her schlagen l\u00e4sst, bei uns bist Du richtig und wirst informiert zu galaktischen Karrieren.<\/p>\n\n\n\n<p>Interesse geweckt? Mehr Infos zum Girls&#8217; Day in PLANET KA findest Du <a href=\"https:\/\/www.girls-day.de\/.oO\/Show\/planet-ka-planetarium-karlsruhe-ggmbh\/the-skys-the-limit-oder-etwa-nicht\">hier<\/a>.<\/p>\n\n\n\n<div style=\"height:38px\" aria-hidden=\"true\" class=\"wp-block-spacer\"><\/div>\n<\/div><\/div>\n\n\n\n<h2 class=\"wp-block-heading\">Anmeldung f\u00fcr den Girls&#8217; Day 2026 am 23. April am PLANET KA<\/h2>\n\n\n\n<div class=\"wp-block-media-text is-stacked-on-mobile\"><figure class=\"wp-block-media-text__media\"><img loading=\"lazy\" decoding=\"async\" width=\"935\" height=\"500\" src=\"https:\/\/planet-ka.de\/wp-content\/uploads\/2026\/03\/GD-Quiz-v2.jpg\" alt=\"\" class=\"wp-image-3617 size-full\" srcset=\"https:\/\/planet-ka.de\/wp-content\/uploads\/2026\/03\/GD-Quiz-v2.jpg 935w, https:\/\/planet-ka.de\/wp-content\/uploads\/2026\/03\/GD-Quiz-v2-300x160.jpg 300w, https:\/\/planet-ka.de\/wp-content\/uploads\/2026\/03\/GD-Quiz-v2-768x411.jpg 768w\" sizes=\"auto, (max-width: 935px) 100vw, 935px\" \/><\/figure><div class=\"wp-block-media-text__content\">\n<p>Finde das L\u00f6sungswort und schicke es zusammen mit deinem Namen, Alter \/ Klasse per Mail an <a href=\"mailto:girlsday@planet-ka.de\">girlsday@planet-ka.de<\/a> <\/p>\n\n\n\n<p>Anmeldeschluss: 22.04.2026 oder sobald alle Pl\u00e4tze vergeben sind.<\/p>\n<\/div><\/div>\n\n\n\n<div style=\"height:83px\" aria-hidden=\"true\" class=\"wp-block-spacer\"><\/div>\n\n\n<div class=\"wp-block-ub-divider ub_divider ub-divider-orientation-horizontal is-style-wide\" id=\"ub_divider_f9c0ddf1-549f-49e0-b303-72c439eb03c9\"><div class=\"ub_divider_wrapper\" style=\"position: relative; margin-bottom: 2px; width: 100%; height: 2px; \" data-divider-alignment=\"center\"><div class=\"ub_divider_line is-style-wide\" style=\"border-top: 8px solid #9b51e0; margin-top: 2px; \"><\/div><\/div><\/div>\n\n\n<div style=\"height:74px\" aria-hidden=\"true\" class=\"wp-block-spacer\"><\/div>\n\n\n\n<h3 class=\"wp-block-heading\">R\u00fcckblick: Girls&#8217; Day 2025 im PLANET KA<\/h3>\n\n\n\n<p>Der Girls&#8217; Day 2025 konnte wie geplant mit einem Dutzend Teilnehmerinnen stattfinden. Zwei KIT-Forscherinnen gaben Einblicke in Studium, Berufsalltag und Forschung am Tritium-Labor des KIT. Auch wurde erkl\u00e4rt, was das Tritium und die kleinen Neutrinos mit den gro\u00dfen ungel\u00f6sten R\u00e4tseln des Universums zu tun haben. Eine erste Planetariumsvorf\u00fchrung, Beobachtungen von Sonne und Mond sowie das Basteln einer drehbaren Sternkarte rundeten den f\u00fcnfst\u00fcndigen Vormittag ab. <\/p>\n\n\n\n<p><em>Wir freuen uns schon auf weitere Veranstaltungen dieser Art &#8212; erm\u00f6glicht auch durch Ihre Spenden, z.B. mit einer <a href=\"https:\/\/planet-ka.de\/en\/sternpatenschaften\/\" target=\"_blank\" rel=\"noreferrer noopener\">Sternpatenschaft<\/a>!<\/em><\/p>\n\n\n\n<div class=\"wp-block-media-text is-stacked-on-mobile\" style=\"grid-template-columns:57% auto\"><figure class=\"wp-block-media-text__media\"><img loading=\"lazy\" decoding=\"async\" width=\"759\" height=\"1024\" src=\"https:\/\/planet-ka.de\/wp-content\/uploads\/2025\/04\/Girlsday-2025-04-03-IMG_20250403_181417-1-759x1024.jpg\" alt=\"\" class=\"wp-image-2252 size-full\" srcset=\"https:\/\/planet-ka.de\/wp-content\/uploads\/2025\/04\/Girlsday-2025-04-03-IMG_20250403_181417-1-759x1024.jpg 759w, https:\/\/planet-ka.de\/wp-content\/uploads\/2025\/04\/Girlsday-2025-04-03-IMG_20250403_181417-1-222x300.jpg 222w, https:\/\/planet-ka.de\/wp-content\/uploads\/2025\/04\/Girlsday-2025-04-03-IMG_20250403_181417-1-768x1036.jpg 768w, https:\/\/planet-ka.de\/wp-content\/uploads\/2025\/04\/Girlsday-2025-04-03-IMG_20250403_181417-1-1139x1536.jpg 1139w, https:\/\/planet-ka.de\/wp-content\/uploads\/2025\/04\/Girlsday-2025-04-03-IMG_20250403_181417-1-1518x2048.jpg 1518w, https:\/\/planet-ka.de\/wp-content\/uploads\/2025\/04\/Girlsday-2025-04-03-IMG_20250403_181417-1-scaled.jpg 1898w\" sizes=\"auto, (max-width: 759px) 100vw, 759px\" \/><\/figure><div class=\"wp-block-media-text__content\">\n<p>Hier sind die Tische schon wieder aufger\u00e4umt und die Arbeitsbl\u00e4tter in Stapeln sortiert, kurz zuvor hatte es hier noch ganz anders ausgesehen&#8230;  &#8211; danke an Johanna, Marie und Kathrin!<\/p>\n<\/div><\/div>\n\n\n\n<div style=\"height:30px\" aria-hidden=\"true\" class=\"wp-block-spacer\"><\/div>\n\n\n<div class=\"wp-block-ub-divider ub_divider ub-divider-orientation-horizontal\" id=\"ub_divider_91a1cec9-c5ad-4ee9-b11e-af0ca80081ed\"><div class=\"ub_divider_wrapper\" style=\"position: relative; margin-bottom: 2px; width: 100%; height: 2px; \" data-divider-alignment=\"center\"><div class=\"ub_divider_line\" style=\"border-top: 1px solid #ccc; margin-top: 2px; \"><\/div><\/div><\/div>\n\n\n<div style=\"height:21px\" aria-hidden=\"true\" class=\"wp-block-spacer\"><\/div>\n\n\n\n<h3 class=\"wp-block-heading\">Warum ein Girls&#8217; Day im Planetarium?<\/h3>\n\n\n\n<p>M\u00e4dchen und (zumal junge) Frauen interessieren und begeistern sich genauso f\u00fcr Weltraum, Technik und Forschung wie alle aufgeweckten, neugierigen K\u00f6pfe das tun. Das erleben wir in allen Planetarien auf der ganzen Welt tagt\u00e4glich. <br>Trotzdem liegt der Frauenanteil am Ende der akademischen Ausbildung nur mehr bei rund einem Drittel (statt bei der H\u00e4lfte, wie es sein m\u00fcsste). Warum ist das so? Und wie l\u00e4sst sich das \u00e4ndern?<\/p>\n\n\n\n<p>Hinweis:: Ein Planetarium selbst stellt keinen so direkt berufsbezogenen Ort f\u00fcr diese F\u00e4cher da. Hier geht es mehr um Wissenschaftskommunikation (oder allenfalls Museumsp\u00e4dagogik)&#8230; was allerdings f\u00fcr die Wissenschaften auch immer wichtiger, ja \u00fcberlebenswichtig wird. Freilich arbeiten auch etliche Astrophysikerinnen in Planetarien, nur findet dort eben regul\u00e4r keine Forschung statt. <\/p>\n\n\n\n<p>Dennoch seid ihr hier richtig, wenn ihr euch f\u00fcr Astrophysik, Raumfahrt und Erforschung des Weltalls interessiert. <br>Wir pr\u00e4sentieren euch (unter anderem) Einblicke aus dem Arbeitsalltag von Astrophysikerinnen heute. Sitzt man wirklich noch die ganze Nacht am Fernrohr und guckt in den Himmel? <\/p>\n\n\n\n<div style=\"height:31px\" aria-hidden=\"true\" class=\"wp-block-spacer\"><\/div>\n\n\n\n<h3 class=\"wp-block-heading\">Termin &amp; Anmeldung<\/h3>\n\n\n\n<p><span style=\"text-decoration: underline;\">Zum geplanten Ablauf:<\/span><\/p>\n\n\n\n<p>Nach einer kurzen allgemeinen Einf\u00fchrung in die Forschungsgeschichte unter besonderer Ber\u00fccksichtigung der Beitr\u00e4ge und Leistungen von Astronominnen im ersten Teil besucht uns im zweiten Teil eine promovierte Neutrino-Forscherin vom KIT, die euch zum einen aus ihrem Arbeits- und Forschungsalltag erster Hand berichtet, zum anderen aber auch wertvolle Erfahrungen und Tipps mit Blick auf Studienfachwahl mitteilen wird. Nat\u00fcrlich erfahrt ihr dann auch, was Neutrinos sind und wie das mit Astrophysik zusammenh\u00e4ngt. In einem dritten Teil besteht noch die M\u00f6glichkeit wahlweise zu einem Workshop (mit Bastel- oder Denkaufgaben), einem kleinen Rollenspiel (eines zu historischen Astronominnen oder eines zu forschungspolitischen Debatten) und bei klarem Himmel evtl. sogar die M\u00f6glichkeit zur Teleskopbeobachtung von unserer Terrasse aus. <br>Eine kleine Vorf\u00fchrung des Sternenhimmels im Planetarium wird nat\u00fcrlich auch nicht fehlen.<br><\/p>\n\n\n\n<p><span style=\"text-decoration: underline;\">Der (vorl\u00e4ufige) Fahrplan am 3. April:<\/span><\/p>\n\n\n\n<p>Ankunft \/ Begr\u00fc\u00dfung<strong> 9:00 Uhr<\/strong><\/p>\n\n\n\n<p><strong>9:15 &#8211; 10:15 Uhr<br><\/strong>1. Teil: Faszination und Forschung in der Astronomie \/ Astrophysik fr\u00fcher und heute<br><br><strong>10:30 Uhr &#8211; 11:45 Uhr<br><\/strong>2. Teil: Eine promovierte KIT-Neutrino-Forscherin berichtet von der spannenden Welt dieser &#8220;Geisterteilchen&#8221;, die eine fundamentale, aber noch wenig verstandene Rolle im Universum spielen sowie aus Studium und Berufsalltag. Im Anschluss besteht die M\u00f6glichkeit, Fragen zu stellen.<\/p>\n\n\n\n<p>Mittagspause<\/p>\n\n\n\n<p><strong>12:30 &#8211; 14:00 Uhr<br><\/strong>3. Teil: Workshop \/ Rollenspiel \/ Beobachtung (in kurzfristiger Abstimmung)<br><br><strong>14 Uhr<\/strong> Ende der Veranstaltung<\/p>\n\n\n\n<div style=\"height:10px\" aria-hidden=\"true\" class=\"wp-block-spacer\"><\/div>\n\n\n\n<p><span style=\"text-decoration: underline;\">Hinweis zur Planung:<\/span><\/p>\n\n\n\n<p>Aktuell (Mitte M\u00e4rz 2025) steht die Planung leider immer noch unter dem Vorbehalt von ein, zwei beh\u00f6rdlichen Genehmigungen (allgemeiner Natur, bezogen auf die \u00f6ffentliche Veranstaltungsst\u00e4tte insgesamt), die aber zeitnah und hoffentlich noch rechtzeitig zum Girls&#8217; Day erwartet werden. Dies ist auch der Grund daf\u00fcr, warum der Girls&#8217; Day im (derzeit noch im Aufbau befindlichen) PLANET KA in diesem Jahr erst so kurzfristig angek\u00fcndigt werden konnte.<\/p>\n\n\n\n<p>Das bedeutet, dass der Termin im (aller)schlimmsten (aber hoffentlich unwahrscheinlichen) Fall kurzfristig wieder abgesagt werden m\u00fcsste, sofern sich kein Ausweichort mit Ausweichprogramm findet (was dann versucht werden w\u00fcrde). <br>Ggf. w\u00fcrden wir auch einen Nachholtermin sp\u00e4ter im Schuljahr anbieten (der nat\u00fcrlich freiwillig w\u00e4re). <br>Selbstverst\u00e4ndlich ist das Girls&#8217; Day-Angebot f\u00fcr euch kostenlos.<\/p>\n\n\n\n<div style=\"height:20px\" aria-hidden=\"true\" class=\"wp-block-spacer\"><\/div>\n\n\n\n<p><span style=\"text-decoration: underline;\">Zur Anmeldung<\/span><\/p>\n\n\n\n<p>Bitte f\u00fcllt entweder das unten stehende Formular aus oder schickt die entsprechenden Angaben (s. Fragen und Felder im Formular unten) per Mail an <a href=\"mailto:girlsday@planet-ka.de\">girlsday@planet-ka.de<\/a>.<br>Ber\u00fccksichtigt werden k\u00f6nnen nur Eingaben bis einschlie\u00dflich 30.3.2025. <br>Wir beabsichtigen, euch eine R\u00fcckmeldung bis zum Abend des 31.3. zu geben, ob es klappt.<br>Je fr\u00fcher ihr euch anmeldet, desto besser freilich.<\/p>\n\n\n\n<p><em>Noch ein allgemeiner Hinweis zum Anmeldeverfahren:<\/em> Aufgrund der begrenzten Platzzahl und der h\u00e4ufig gro\u00dfen Nachfrage werden wir m\u00f6glicherweise leider nicht alle Anmeldungen ber\u00fccksichtigen k\u00f6nnen. Um die vorhandenen Pl\u00e4tze denen zuteil werden zu lassen, die am meisten und am ernsthaftesten interessiert sind, bitten wir euch um ein kleines Motivationsschreiben (etwa 5- 10 S\u00e4tze), in dem ihr beschreiben k\u00f6nnt, warum ihr euch f\u00fcr Astronomie \/ Astrophysik oder verwandte Themen wie Mathematik, Informatik und Naturwissenschaften interessiert und was ihr euch von der Teilnahme am Girls&#8217; Day erhofft. Das ist nicht zuletzt f\u00fcr unsere Planung wichtig, um noch besser auf eure Fragen und offenen Punkte eingehen zu k\u00f6nnen. Einen Rechtsanspruch auf einen Platz gibt es nicht.<\/p>\n\n\n\n<div style=\"height:13px\" aria-hidden=\"true\" class=\"wp-block-spacer\"><\/div>\n\n\n\n<h4 class=\"wp-block-heading\" id=\"gd25-anm\">Anmeldeformular<\/h4>\n\n\n\n<p><strong>Keine Anmeldungen mehr m\u00f6glich. Es sind alle Pl\u00e4tze vergeben. Vielen Dank f\u00fcr Ihr \/ euer Interesse.<\/strong><\/p>","protected":false},"excerpt":{"rendered":"<p>Anmeldung f\u00fcr den Girls&#8217; Day 2026 am 23. April am PLANET KA Finde das L\u00f6sungswort und schicke es zusammen mit deinem Namen, Alter \/ Klasse per Mail an girlsday@planet-ka.de Anmeldeschluss: 22.04.2026 oder sobald alle Pl\u00e4tze vergeben sind. R\u00fcckblick: Girls&#8217; Day<\/p>","protected":false},"author":1,"featured_media":0,"parent":0,"menu_order":0,"comment_status":"closed","ping_status":"closed","template":"","meta":{"footnotes":""},"class_list":["post-1689","page","type-page","status-publish","hentry","","tg-column-two"],"featured_image_src":null,"yoast_head":"<!-- This site is optimized with the Yoast SEO plugin v27.3 - https:\/\/yoast.com\/product\/yoast-seo-wordpress\/ -->\n<title>Girls&#039; Day 2026 - PLANET KA<\/title>\n<meta name=\"robots\" content=\"index, follow, max-snippet:-1, max-image-preview:large, max-video-preview:-1\" \/>\n<link rel=\"canonical\" href=\"https:\/\/planet-ka.de\/en\/girlsday\/\" \/>\n<meta property=\"og:locale\" content=\"en_US\" \/>\n<meta property=\"og:type\" content=\"article\" \/>\n<meta property=\"og:title\" content=\"Girls&#039; Day 2026 - PLANET KA\" \/>\n<meta property=\"og:description\" content=\"Anmeldung f\u00fcr den Girls&#8217; Day 2026 am 23. April am PLANET KA Finde das L\u00f6sungswort und schicke es zusammen mit deinem Namen, Alter \/ Klasse per Mail an girlsday@planet-ka.de Anmeldeschluss: 22.04.2026 oder sobald alle Pl\u00e4tze vergeben sind. R\u00fcckblick: Girls&#8217; Day\" \/>\n<meta property=\"og:url\" content=\"https:\/\/planet-ka.de\/en\/girlsday\/\" \/>\n<meta property=\"og:site_name\" content=\"PLANET KA\" \/>\n<meta property=\"article:publisher\" content=\"https:\/\/www.facebook.com\/people\/Planet-KA-Planetarium-Karlsruhe\/61573710254024\/\" \/>\n<meta property=\"article:modified_time\" content=\"2026-03-26T17:25:58+00:00\" \/>\n<meta property=\"og:image\" content=\"https:\/\/planet-ka.de\/wp-content\/uploads\/2025\/02\/girlsday-logo.jpg\" \/>\n\t<meta property=\"og:image:width\" content=\"372\" \/>\n\t<meta property=\"og:image:height\" content=\"167\" \/>\n\t<meta property=\"og:image:type\" content=\"image\/jpeg\" \/>\n<script type=\"application\/ld+json\" class=\"yoast-schema-graph\">{\"@context\":\"https:\\\/\\\/schema.org\",\"@graph\":[{\"@type\":\"WebPage\",\"@id\":\"https:\\\/\\\/planet-ka.de\\\/girlsday\\\/\",\"url\":\"https:\\\/\\\/planet-ka.de\\\/girlsday\\\/\",\"name\":\"Girls' Day 2026 - PLANET KA\",\"isPartOf\":{\"@id\":\"https:\\\/\\\/planet-ka.de\\\/#website\"},\"primaryImageOfPage\":{\"@id\":\"https:\\\/\\\/planet-ka.de\\\/girlsday\\\/#primaryimage\"},\"image\":{\"@id\":\"https:\\\/\\\/planet-ka.de\\\/girlsday\\\/#primaryimage\"},\"thumbnailUrl\":\"https:\\\/\\\/planet-ka.de\\\/wp-content\\\/uploads\\\/2025\\\/02\\\/girlsday-logo.jpg\",\"datePublished\":\"2025-02-23T20:33:45+00:00\",\"dateModified\":\"2026-03-26T17:25:58+00:00\",\"breadcrumb\":{\"@id\":\"https:\\\/\\\/planet-ka.de\\\/girlsday\\\/#breadcrumb\"},\"inLanguage\":\"en-US\",\"potentialAction\":[{\"@type\":\"ReadAction\",\"target\":[\"https:\\\/\\\/planet-ka.de\\\/girlsday\\\/\"]}]},{\"@type\":\"ImageObject\",\"inLanguage\":\"en-US\",\"@id\":\"https:\\\/\\\/planet-ka.de\\\/girlsday\\\/#primaryimage\",\"url\":\"https:\\\/\\\/planet-ka.de\\\/wp-content\\\/uploads\\\/2025\\\/02\\\/girlsday-logo.jpg\",\"contentUrl\":\"https:\\\/\\\/planet-ka.de\\\/wp-content\\\/uploads\\\/2025\\\/02\\\/girlsday-logo.jpg\"},{\"@type\":\"BreadcrumbList\",\"@id\":\"https:\\\/\\\/planet-ka.de\\\/girlsday\\\/#breadcrumb\",\"itemListElement\":[{\"@type\":\"ListItem\",\"position\":1,\"name\":\"Startseite\",\"item\":\"https:\\\/\\\/planet-ka.de\\\/\"},{\"@type\":\"ListItem\",\"position\":2,\"name\":\"Girls&#8217; Day 2026\"}]},{\"@type\":\"WebSite\",\"@id\":\"https:\\\/\\\/planet-ka.de\\\/#website\",\"url\":\"https:\\\/\\\/planet-ka.de\\\/\",\"name\":\"PLANET KA\",\"description\":\"Faszination Kosmos\",\"publisher\":{\"@id\":\"https:\\\/\\\/planet-ka.de\\\/#organization\"},\"potentialAction\":[{\"@type\":\"SearchAction\",\"target\":{\"@type\":\"EntryPoint\",\"urlTemplate\":\"https:\\\/\\\/planet-ka.de\\\/?s={search_term_string}\"},\"query-input\":{\"@type\":\"PropertyValueSpecification\",\"valueRequired\":true,\"valueName\":\"search_term_string\"}}],\"inLanguage\":\"en-US\"},{\"@type\":\"Organization\",\"@id\":\"https:\\\/\\\/planet-ka.de\\\/#organization\",\"name\":\"PLANET KA\",\"url\":\"https:\\\/\\\/planet-ka.de\\\/\",\"logo\":{\"@type\":\"ImageObject\",\"inLanguage\":\"en-US\",\"@id\":\"https:\\\/\\\/planet-ka.de\\\/#\\\/schema\\\/logo\\\/image\\\/\",\"url\":\"https:\\\/\\\/planet-ka.de\\\/wp-content\\\/uploads\\\/2025\\\/03\\\/cropped-Logo-Banner-Website-Jan-25_19.png\",\"contentUrl\":\"https:\\\/\\\/planet-ka.de\\\/wp-content\\\/uploads\\\/2025\\\/03\\\/cropped-Logo-Banner-Website-Jan-25_19.png\",\"width\":225,\"height\":66,\"caption\":\"PLANET KA\"},\"image\":{\"@id\":\"https:\\\/\\\/planet-ka.de\\\/#\\\/schema\\\/logo\\\/image\\\/\"},\"sameAs\":[\"https:\\\/\\\/www.facebook.com\\\/people\\\/Planet-KA-Planetarium-Karlsruhe\\\/61573710254024\\\/\",\"https:\\\/\\\/www.instagram.com\\\/planetarium_karlsruhe\\\/\"]}]}<\/script>\n<!-- \/ Yoast SEO plugin. -->","yoast_head_json":{"title":"Girls' Day 2026 - PLANET KA","robots":{"index":"index","follow":"follow","max-snippet":"max-snippet:-1","max-image-preview":"max-image-preview:large","max-video-preview":"max-video-preview:-1"},"canonical":"https:\/\/planet-ka.de\/en\/girlsday\/","og_locale":"en_US","og_type":"article","og_title":"Girls' Day 2026 - PLANET KA","og_description":"Anmeldung f\u00fcr den Girls&#8217; Day 2026 am 23. April am PLANET KA Finde das L\u00f6sungswort und schicke es zusammen mit deinem Namen, Alter \/ Klasse per Mail an girlsday@planet-ka.de Anmeldeschluss: 22.04.2026 oder sobald alle Pl\u00e4tze vergeben sind. R\u00fcckblick: Girls&#8217; Day","og_url":"https:\/\/planet-ka.de\/en\/girlsday\/","og_site_name":"PLANET KA","article_publisher":"https:\/\/www.facebook.com\/people\/Planet-KA-Planetarium-Karlsruhe\/61573710254024\/","article_modified_time":"2026-03-26T17:25:58+00:00","og_image":[{"width":372,"height":167,"url":"https:\/\/planet-ka.de\/wp-content\/uploads\/2025\/02\/girlsday-logo.jpg","type":"image\/jpeg"}],"schema":{"@context":"https:\/\/schema.org","@graph":[{"@type":"WebPage","@id":"https:\/\/planet-ka.de\/girlsday\/","url":"https:\/\/planet-ka.de\/girlsday\/","name":"Girls' Day 2026 - PLANET KA","isPartOf":{"@id":"https:\/\/planet-ka.de\/#website"},"primaryImageOfPage":{"@id":"https:\/\/planet-ka.de\/girlsday\/#primaryimage"},"image":{"@id":"https:\/\/planet-ka.de\/girlsday\/#primaryimage"},"thumbnailUrl":"https:\/\/planet-ka.de\/wp-content\/uploads\/2025\/02\/girlsday-logo.jpg","datePublished":"2025-02-23T20:33:45+00:00","dateModified":"2026-03-26T17:25:58+00:00","breadcrumb":{"@id":"https:\/\/planet-ka.de\/girlsday\/#breadcrumb"},"inLanguage":"en-US","potentialAction":[{"@type":"ReadAction","target":["https:\/\/planet-ka.de\/girlsday\/"]}]},{"@type":"ImageObject","inLanguage":"en-US","@id":"https:\/\/planet-ka.de\/girlsday\/#primaryimage","url":"https:\/\/planet-ka.de\/wp-content\/uploads\/2025\/02\/girlsday-logo.jpg","contentUrl":"https:\/\/planet-ka.de\/wp-content\/uploads\/2025\/02\/girlsday-logo.jpg"},{"@type":"BreadcrumbList","@id":"https:\/\/planet-ka.de\/girlsday\/#breadcrumb","itemListElement":[{"@type":"ListItem","position":1,"name":"Startseite","item":"https:\/\/planet-ka.de\/"},{"@type":"ListItem","position":2,"name":"Girls&#8217; Day 2026"}]},{"@type":"WebSite","@id":"https:\/\/planet-ka.de\/#website","url":"https:\/\/planet-ka.de\/","name":"PLANET KA","description":"Cosmic Fascination","publisher":{"@id":"https:\/\/planet-ka.de\/#organization"},"potentialAction":[{"@type":"SearchAction","target":{"@type":"EntryPoint","urlTemplate":"https:\/\/planet-ka.de\/?s={search_term_string}"},"query-input":{"@type":"PropertyValueSpecification","valueRequired":true,"valueName":"search_term_string"}}],"inLanguage":"en-US"},{"@type":"Organization","@id":"https:\/\/planet-ka.de\/#organization","name":"PLANET KA","url":"https:\/\/planet-ka.de\/","logo":{"@type":"ImageObject","inLanguage":"en-US","@id":"https:\/\/planet-ka.de\/#\/schema\/logo\/image\/","url":"https:\/\/planet-ka.de\/wp-content\/uploads\/2025\/03\/cropped-Logo-Banner-Website-Jan-25_19.png","contentUrl":"https:\/\/planet-ka.de\/wp-content\/uploads\/2025\/03\/cropped-Logo-Banner-Website-Jan-25_19.png","width":225,"height":66,"caption":"PLANET KA"},"image":{"@id":"https:\/\/planet-ka.de\/#\/schema\/logo\/image\/"},"sameAs":["https:\/\/www.facebook.com\/people\/Planet-KA-Planetarium-Karlsruhe\/61573710254024\/","https:\/\/www.instagram.com\/planetarium_karlsruhe\/"]}]}},"_links":{"self":[{"href":"https:\/\/planet-ka.de\/en\/wp-json\/wp\/v2\/pages\/1689","targetHints":{"allow":["GET"]}}],"collection":[{"href":"https:\/\/planet-ka.de\/en\/wp-json\/wp\/v2\/pages"}],"about":[{"href":"https:\/\/planet-ka.de\/en\/wp-json\/wp\/v2\/types\/page"}],"author":[{"embeddable":true,"href":"https:\/\/planet-ka.de\/en\/wp-json\/wp\/v2\/users\/1"}],"replies":[{"embeddable":true,"href":"https:\/\/planet-ka.de\/en\/wp-json\/wp\/v2\/comments?post=1689"}],"version-history":[{"count":10,"href":"https:\/\/planet-ka.de\/en\/wp-json\/wp\/v2\/pages\/1689\/revisions"}],"predecessor-version":[{"id":3622,"href":"https:\/\/planet-ka.de\/en\/wp-json\/wp\/v2\/pages\/1689\/revisions\/3622"}],"wp:attachment":[{"href":"https:\/\/planet-ka.de\/en\/wp-json\/wp\/v2\/media?parent=1689"}],"curies":[{"name":"wp","href":"https:\/\/api.w.org\/{rel}","templated":true}]}}