{"id":1694,"date":"2025-02-23T21:41:05","date_gmt":"2025-02-23T20:41:05","guid":{"rendered":"https:\/\/planet-ka.de\/?page_id=1694"},"modified":"2026-02-06T08:33:01","modified_gmt":"2026-02-06T07:33:01","slug":"mintmachtage-2025","status":"publish","type":"page","link":"https:\/\/planet-ka.de\/en\/mintmachtage-2025\/","title":{"rendered":"MINT Day 2026"},"content":{"rendered":"<div class=\"wp-block-media-text is-stacked-on-mobile\" style=\"grid-template-columns:33% auto\"><figure class=\"wp-block-media-text__media\"><img loading=\"lazy\" decoding=\"async\" width=\"190\" height=\"190\" src=\"https:\/\/planet-ka.de\/wp-content\/uploads\/2025\/02\/MINTmachtage-Logo.jpg\" alt=\"\" class=\"wp-image-1548 size-full\" srcset=\"https:\/\/planet-ka.de\/wp-content\/uploads\/2025\/02\/MINTmachtage-Logo.jpg 190w, https:\/\/planet-ka.de\/wp-content\/uploads\/2025\/02\/MINTmachtage-Logo-150x150.jpg 150w\" sizes=\"auto, (max-width: 190px) 100vw, 190px\" \/><\/figure><div class=\"wp-block-media-text__content\">\n<h3 class=\"wp-block-heading\">Thema: SONNE spezial<\/h3>\n\n\n\n<h5 class=\"wp-block-heading\">Ein Tag f\u00fcr kleine Weltall-Forschende und alle, die es noch werden wollen&#8230;<\/h5>\n\n\n\n<p>Am 16. Juni 2026 gibt es im PLANET KA viel zu entdecken und &#8220;<em>mint<\/em>&#8220;zumachen f\u00fcr euch!<\/p>\n\n\n\n<p>Empfohlen f\u00fcr Kinder von 6 &#8211; 12 Jahren und die ganze Familie.<\/p>\n\n\n\n<p>Mehr Infos &amp; Anmeldem\u00f6glichkeit in K\u00fcrze<\/p>\n<\/div><\/div>\n\n\n\n<p>R\u00dcCKBLICK: <\/p>\n\n\n\n<p><strong>MINTmachtag 2025 f\u00fcr die ganze Familie am PLANET KA:<br>Die Sonne &#8211; unser lebendiger Stern<\/strong><\/p>\n\n\n\n<p>Thema des heutigen bundesweiten MINTmachtages sind die &#8220;Energien der Zukunft&#8221;.<br>F\u00fcr uns steht ganz klar die Sonne im Zentrum einer kleinen Aufgaben-Rallye anl\u00e4sslich des MINTmachtages.<\/p>\n\n\n\n<p>Die Sonne befindet sich derzeit in einem Aktivit\u00e4tsmaximum und und wir hoffen auf Wettergl\u00fcck und Live-Beobachtungen am Teleskop (nat\u00fcrlich nur mit geeigneten Schutzma\u00dfnahmen!).<br>Daneben gibt es einige Experimente im Zusammenhang mit Sonnenenergie, denen wir uns im ersten Teil der Veranstaltung widmen. Im zweiten Teil lernen wir dann in der Planetariumskuppel einiges \u00fcber den Sonnenlauf, die bevorstehende Sommersonnenwende und \u00fcber die Sonne &#8211; unseren lebendigen Stern.<\/p>\n\n\n\n<p>Habt ihr alle Stationen erfolgreich durchlaufen, winkt am Ende ein kleiner Preis.<\/p>\n\n\n\n<p>Empfohlen f\u00fcr Kinder von ca. 6 bis 12 Jahren und die ganze Familie<br>Programmdauer ca. 75 Minuten (verk\u00fcrzt sich ggf. bei schlechtem Wetter auf rund 60 Min.)<\/p>\n\n\n\n<p>Einlass: ca. 15 Min. vor Beginn<br><strong><em>Bitte beachten: Kein Nacheinlass m\u00f6glich!<\/em><\/strong><br>Ungenutzte Tickets verfallen ersatzlos.<\/p>\n\n\n\n<div style=\"height:20px\" aria-hidden=\"true\" class=\"wp-block-spacer\"><\/div>\n\n\n\n<h2 class=\"wp-block-heading\" id=\"mimatic\">Ticket-Buchung<\/h2>\n\n\n<noscript>\r\n\t<div class=\"pretix-widget-no-script\">\r\n        JavaScript is disabled in your browser. To access our ticket shop without JavaScript, please click <a target=\"_blank\" rel=\"noopener\" href=\"https:\/\/pretix.eu\/planetka\/mimata25\/\">here<\/a>.\t<\/div>\r\n<\/noscript>\r\n<pretix-widget event=\"https:\/\/pretix.eu\/planetka\/mimata25\/\" class=\"wp-block-pretix-widget\"><\/pretix-widget>","protected":false},"excerpt":{"rendered":"<p>Thema: SONNE spezial Ein Tag f\u00fcr kleine Weltall-Forschende und alle, die es noch werden wollen&#8230; Am 16. Juni 2026 gibt es im PLANET KA viel zu entdecken und &#8220;mint&#8220;zumachen f\u00fcr euch! Empfohlen f\u00fcr Kinder von 6 &#8211; 12 Jahren und<\/p>","protected":false},"author":1,"featured_media":0,"parent":0,"menu_order":0,"comment_status":"closed","ping_status":"closed","template":"","meta":{"footnotes":""},"class_list":["post-1694","page","type-page","status-publish","hentry","","tg-column-two"],"featured_image_src":null,"yoast_head":"<!-- This site is optimized with the Yoast SEO plugin v27.3 - https:\/\/yoast.com\/product\/yoast-seo-wordpress\/ -->\n<title>MINTmachtag 2026 - PLANET KA<\/title>\n<meta name=\"robots\" content=\"index, follow, max-snippet:-1, max-image-preview:large, max-video-preview:-1\" \/>\n<link rel=\"canonical\" href=\"https:\/\/planet-ka.de\/en\/mintmachtage-2025\/\" \/>\n<meta property=\"og:locale\" content=\"en_US\" \/>\n<meta property=\"og:type\" content=\"article\" \/>\n<meta property=\"og:title\" content=\"MINTmachtag 2026 - PLANET KA\" \/>\n<meta property=\"og:description\" content=\"Thema: SONNE spezial Ein Tag f\u00fcr kleine Weltall-Forschende und alle, die es noch werden wollen&#8230; Am 16. Juni 2026 gibt es im PLANET KA viel zu entdecken und &#8220;mint&#8220;zumachen f\u00fcr euch! Empfohlen f\u00fcr Kinder von 6 &#8211; 12 Jahren und\" \/>\n<meta property=\"og:url\" content=\"https:\/\/planet-ka.de\/en\/mintmachtage-2025\/\" \/>\n<meta property=\"og:site_name\" content=\"PLANET KA\" \/>\n<meta property=\"article:publisher\" content=\"https:\/\/www.facebook.com\/people\/Planet-KA-Planetarium-Karlsruhe\/61573710254024\/\" \/>\n<meta property=\"article:modified_time\" content=\"2026-02-06T07:33:01+00:00\" \/>\n<meta property=\"og:image\" content=\"https:\/\/planet-ka.de\/wp-content\/uploads\/2025\/02\/MINTmachtage-Logo.jpg\" \/>\n\t<meta property=\"og:image:width\" content=\"190\" \/>\n\t<meta property=\"og:image:height\" content=\"190\" \/>\n\t<meta property=\"og:image:type\" content=\"image\/jpeg\" \/>\n<script type=\"application\/ld+json\" class=\"yoast-schema-graph\">{\"@context\":\"https:\\\/\\\/schema.org\",\"@graph\":[{\"@type\":\"WebPage\",\"@id\":\"https:\\\/\\\/planet-ka.de\\\/mintmachtage-2025\\\/\",\"url\":\"https:\\\/\\\/planet-ka.de\\\/mintmachtage-2025\\\/\",\"name\":\"MINTmachtag 2026 - PLANET KA\",\"isPartOf\":{\"@id\":\"https:\\\/\\\/planet-ka.de\\\/#website\"},\"primaryImageOfPage\":{\"@id\":\"https:\\\/\\\/planet-ka.de\\\/mintmachtage-2025\\\/#primaryimage\"},\"image\":{\"@id\":\"https:\\\/\\\/planet-ka.de\\\/mintmachtage-2025\\\/#primaryimage\"},\"thumbnailUrl\":\"https:\\\/\\\/planet-ka.de\\\/wp-content\\\/uploads\\\/2025\\\/02\\\/MINTmachtage-Logo.jpg\",\"datePublished\":\"2025-02-23T20:41:05+00:00\",\"dateModified\":\"2026-02-06T07:33:01+00:00\",\"breadcrumb\":{\"@id\":\"https:\\\/\\\/planet-ka.de\\\/mintmachtage-2025\\\/#breadcrumb\"},\"inLanguage\":\"en-US\",\"potentialAction\":[{\"@type\":\"ReadAction\",\"target\":[\"https:\\\/\\\/planet-ka.de\\\/mintmachtage-2025\\\/\"]}]},{\"@type\":\"ImageObject\",\"inLanguage\":\"en-US\",\"@id\":\"https:\\\/\\\/planet-ka.de\\\/mintmachtage-2025\\\/#primaryimage\",\"url\":\"https:\\\/\\\/planet-ka.de\\\/wp-content\\\/uploads\\\/2025\\\/02\\\/MINTmachtage-Logo.jpg\",\"contentUrl\":\"https:\\\/\\\/planet-ka.de\\\/wp-content\\\/uploads\\\/2025\\\/02\\\/MINTmachtage-Logo.jpg\"},{\"@type\":\"BreadcrumbList\",\"@id\":\"https:\\\/\\\/planet-ka.de\\\/mintmachtage-2025\\\/#breadcrumb\",\"itemListElement\":[{\"@type\":\"ListItem\",\"position\":1,\"name\":\"Startseite\",\"item\":\"https:\\\/\\\/planet-ka.de\\\/\"},{\"@type\":\"ListItem\",\"position\":2,\"name\":\"MINTmachtag 2026\"}]},{\"@type\":\"WebSite\",\"@id\":\"https:\\\/\\\/planet-ka.de\\\/#website\",\"url\":\"https:\\\/\\\/planet-ka.de\\\/\",\"name\":\"PLANET KA\",\"description\":\"Faszination Kosmos\",\"publisher\":{\"@id\":\"https:\\\/\\\/planet-ka.de\\\/#organization\"},\"potentialAction\":[{\"@type\":\"SearchAction\",\"target\":{\"@type\":\"EntryPoint\",\"urlTemplate\":\"https:\\\/\\\/planet-ka.de\\\/?s={search_term_string}\"},\"query-input\":{\"@type\":\"PropertyValueSpecification\",\"valueRequired\":true,\"valueName\":\"search_term_string\"}}],\"inLanguage\":\"en-US\"},{\"@type\":\"Organization\",\"@id\":\"https:\\\/\\\/planet-ka.de\\\/#organization\",\"name\":\"PLANET KA\",\"url\":\"https:\\\/\\\/planet-ka.de\\\/\",\"logo\":{\"@type\":\"ImageObject\",\"inLanguage\":\"en-US\",\"@id\":\"https:\\\/\\\/planet-ka.de\\\/#\\\/schema\\\/logo\\\/image\\\/\",\"url\":\"https:\\\/\\\/planet-ka.de\\\/wp-content\\\/uploads\\\/2025\\\/03\\\/cropped-Logo-Banner-Website-Jan-25_19.png\",\"contentUrl\":\"https:\\\/\\\/planet-ka.de\\\/wp-content\\\/uploads\\\/2025\\\/03\\\/cropped-Logo-Banner-Website-Jan-25_19.png\",\"width\":225,\"height\":66,\"caption\":\"PLANET KA\"},\"image\":{\"@id\":\"https:\\\/\\\/planet-ka.de\\\/#\\\/schema\\\/logo\\\/image\\\/\"},\"sameAs\":[\"https:\\\/\\\/www.facebook.com\\\/people\\\/Planet-KA-Planetarium-Karlsruhe\\\/61573710254024\\\/\",\"https:\\\/\\\/www.instagram.com\\\/planetarium_karlsruhe\\\/\"]}]}<\/script>\n<!-- \/ Yoast SEO plugin. -->","yoast_head_json":{"title":"MINTmachtag 2026 - PLANET KA","robots":{"index":"index","follow":"follow","max-snippet":"max-snippet:-1","max-image-preview":"max-image-preview:large","max-video-preview":"max-video-preview:-1"},"canonical":"https:\/\/planet-ka.de\/en\/mintmachtage-2025\/","og_locale":"en_US","og_type":"article","og_title":"MINTmachtag 2026 - PLANET KA","og_description":"Thema: SONNE spezial Ein Tag f\u00fcr kleine Weltall-Forschende und alle, die es noch werden wollen&#8230; Am 16. Juni 2026 gibt es im PLANET KA viel zu entdecken und &#8220;mint&#8220;zumachen f\u00fcr euch! Empfohlen f\u00fcr Kinder von 6 &#8211; 12 Jahren und","og_url":"https:\/\/planet-ka.de\/en\/mintmachtage-2025\/","og_site_name":"PLANET KA","article_publisher":"https:\/\/www.facebook.com\/people\/Planet-KA-Planetarium-Karlsruhe\/61573710254024\/","article_modified_time":"2026-02-06T07:33:01+00:00","og_image":[{"width":190,"height":190,"url":"https:\/\/planet-ka.de\/wp-content\/uploads\/2025\/02\/MINTmachtage-Logo.jpg","type":"image\/jpeg"}],"schema":{"@context":"https:\/\/schema.org","@graph":[{"@type":"WebPage","@id":"https:\/\/planet-ka.de\/mintmachtage-2025\/","url":"https:\/\/planet-ka.de\/mintmachtage-2025\/","name":"MINTmachtag 2026 - PLANET KA","isPartOf":{"@id":"https:\/\/planet-ka.de\/#website"},"primaryImageOfPage":{"@id":"https:\/\/planet-ka.de\/mintmachtage-2025\/#primaryimage"},"image":{"@id":"https:\/\/planet-ka.de\/mintmachtage-2025\/#primaryimage"},"thumbnailUrl":"https:\/\/planet-ka.de\/wp-content\/uploads\/2025\/02\/MINTmachtage-Logo.jpg","datePublished":"2025-02-23T20:41:05+00:00","dateModified":"2026-02-06T07:33:01+00:00","breadcrumb":{"@id":"https:\/\/planet-ka.de\/mintmachtage-2025\/#breadcrumb"},"inLanguage":"en-US","potentialAction":[{"@type":"ReadAction","target":["https:\/\/planet-ka.de\/mintmachtage-2025\/"]}]},{"@type":"ImageObject","inLanguage":"en-US","@id":"https:\/\/planet-ka.de\/mintmachtage-2025\/#primaryimage","url":"https:\/\/planet-ka.de\/wp-content\/uploads\/2025\/02\/MINTmachtage-Logo.jpg","contentUrl":"https:\/\/planet-ka.de\/wp-content\/uploads\/2025\/02\/MINTmachtage-Logo.jpg"},{"@type":"BreadcrumbList","@id":"https:\/\/planet-ka.de\/mintmachtage-2025\/#breadcrumb","itemListElement":[{"@type":"ListItem","position":1,"name":"Startseite","item":"https:\/\/planet-ka.de\/"},{"@type":"ListItem","position":2,"name":"MINTmachtag 2026"}]},{"@type":"WebSite","@id":"https:\/\/planet-ka.de\/#website","url":"https:\/\/planet-ka.de\/","name":"PLANET KA","description":"Cosmic Fascination","publisher":{"@id":"https:\/\/planet-ka.de\/#organization"},"potentialAction":[{"@type":"SearchAction","target":{"@type":"EntryPoint","urlTemplate":"https:\/\/planet-ka.de\/?s={search_term_string}"},"query-input":{"@type":"PropertyValueSpecification","valueRequired":true,"valueName":"search_term_string"}}],"inLanguage":"en-US"},{"@type":"Organization","@id":"https:\/\/planet-ka.de\/#organization","name":"PLANET KA","url":"https:\/\/planet-ka.de\/","logo":{"@type":"ImageObject","inLanguage":"en-US","@id":"https:\/\/planet-ka.de\/#\/schema\/logo\/image\/","url":"https:\/\/planet-ka.de\/wp-content\/uploads\/2025\/03\/cropped-Logo-Banner-Website-Jan-25_19.png","contentUrl":"https:\/\/planet-ka.de\/wp-content\/uploads\/2025\/03\/cropped-Logo-Banner-Website-Jan-25_19.png","width":225,"height":66,"caption":"PLANET KA"},"image":{"@id":"https:\/\/planet-ka.de\/#\/schema\/logo\/image\/"},"sameAs":["https:\/\/www.facebook.com\/people\/Planet-KA-Planetarium-Karlsruhe\/61573710254024\/","https:\/\/www.instagram.com\/planetarium_karlsruhe\/"]}]}},"_links":{"self":[{"href":"https:\/\/planet-ka.de\/en\/wp-json\/wp\/v2\/pages\/1694","targetHints":{"allow":["GET"]}}],"collection":[{"href":"https:\/\/planet-ka.de\/en\/wp-json\/wp\/v2\/pages"}],"about":[{"href":"https:\/\/planet-ka.de\/en\/wp-json\/wp\/v2\/types\/page"}],"author":[{"embeddable":true,"href":"https:\/\/planet-ka.de\/en\/wp-json\/wp\/v2\/users\/1"}],"replies":[{"embeddable":true,"href":"https:\/\/planet-ka.de\/en\/wp-json\/wp\/v2\/comments?post=1694"}],"version-history":[{"count":7,"href":"https:\/\/planet-ka.de\/en\/wp-json\/wp\/v2\/pages\/1694\/revisions"}],"predecessor-version":[{"id":3432,"href":"https:\/\/planet-ka.de\/en\/wp-json\/wp\/v2\/pages\/1694\/revisions\/3432"}],"wp:attachment":[{"href":"https:\/\/planet-ka.de\/en\/wp-json\/wp\/v2\/media?parent=1694"}],"curies":[{"name":"wp","href":"https:\/\/api.w.org\/{rel}","templated":true}]}}