{"id":1697,"date":"2025-02-23T21:52:41","date_gmt":"2025-02-23T20:52:41","guid":{"rendered":"https:\/\/planet-ka.de\/?page_id=1697"},"modified":"2026-03-16T12:11:46","modified_gmt":"2026-03-16T11:11:46","slug":"weitere-studien-bildungsgruppen","status":"publish","type":"page","link":"https:\/\/planet-ka.de\/en\/weitere-studien-bildungsgruppen\/","title":{"rendered":"Weitere Studien- &amp; Bildungsgruppen"},"content":{"rendered":"<div class=\"wp-block-media-text is-stacked-on-mobile\" style=\"grid-template-columns:54% auto\"><figure class=\"wp-block-media-text__media\"><img loading=\"lazy\" decoding=\"async\" width=\"701\" height=\"393\" src=\"https:\/\/planet-ka.de\/wp-content\/uploads\/2025\/02\/question-mark-jwst.png\" alt=\"\" class=\"wp-image-1940 size-full\" srcset=\"https:\/\/planet-ka.de\/wp-content\/uploads\/2025\/02\/question-mark-jwst.png 701w, https:\/\/planet-ka.de\/wp-content\/uploads\/2025\/02\/question-mark-jwst-300x168.png 300w\" sizes=\"auto, (max-width: 701px) 100vw, 701px\" \/><\/figure><div class=\"wp-block-media-text__content\">\n<h4 class=\"wp-block-heading\">Bildungsangebote f\u00fcr soziale, kulturelle und weitere Bildungsgruppen<\/h4>\n\n\n\n<div style=\"height:74px\" aria-hidden=\"true\" class=\"wp-block-spacer\"><\/div>\n\n\n\n<p class=\"has-medium-font-size\"><strong><em>Was Sie schon immer \u00fcbers Universum wissen wollten, sich aber nie zu fragen trauten.<\/em><\/strong><\/p>\n<\/div><\/div>\n\n\n\n<div style=\"height:30px\" aria-hidden=\"true\" class=\"wp-block-spacer\"><\/div>\n\n\n\n<h4 class=\"wp-block-heading\">An welche Gruppen richtet sich das Angebot?<\/h4>\n\n\n\n<p>Die Vormittagstermine unter der Woche sowie die stark erm\u00e4\u00dfigten Bildungstarife gelten nicht nur f\u00fcr Kitas und Sekundarstufe I und II, sondern umfassen auch alle sonstigen Gruppen, die im weitesten Sinne im Bereich &#8222;Bildung&#8220; unterwegs sind. Das kann der VHS-Kurs oder das PH-Seminar sein, Gaststudierende, Deutschlernende, eine Arbeitslosen- oder Senioreninitiative, Freundschaftsvereine und dergleichen mehr.<\/p>\n\n\n\n<p>Selbstverst\u00e4ndlich k\u00f6nnen auch Sie einen Vormittagstermin zu g\u00fcnstigen Konditionen (ab 7,50 Euro pro Person) buchen und bekommen alters- und niveaugerechte Vorf\u00fchrungen im Planetarium pr\u00e4sentiert, gern nach Absprache zu Ihren Wunschthemen. Die M\u00f6glichkeit, Fragen zu stellen und zu diskutieren, wird ebenfalls immer geboten. Ob wir immer alle Antworten auf alle Fragen wissen, steht dann wieder in den Sternen &#8211; aber genau da wollen wir ja gemeinsam hinschauen!<\/p>\n\n\n\n<div style=\"height:21px\" aria-hidden=\"true\" class=\"wp-block-spacer\"><\/div>\n\n\n\n<h4 class=\"wp-block-heading\">Fortbildungs-Workshop f\u00fcr Erzieher- und Lehrer:innen<\/h4>\n\n\n\n<p>Wir sind kein zertifizierter Bildungstr\u00e4ger, m\u00f6chten aber trotzdem gern auf folgende M\u00f6glichkeit bzw. das Angebot hinweisen:<\/p>\n\n\n\n<p>Insbesondere f\u00fcr angehende Erzieher:innen und Referendar:innen empfehlen wir dieses Programm, zumal mit vorheriger genauer Abstimmung auf Ihre Lerninhalte.<br>Der Erfahrung nach kommt das Thema Astronomie in dem Ma\u00dfe in den Kitas, Schulen und weiteren Bildungsinstitutionen zum Zuge, oder eben nicht, wie sich die Dozierenden damit zumindest ansatzweise auskennen und folglich &#8222;sicher genug f\u00fchlen&#8220;, um eine solche Unterrichtseinheit \u00fcberhaupt anzubieten. Damit es daran nicht scheitert, wollen wir Ihnen hier vor allem die Ber\u00fchrungs\u00e4ngste nehmen und leicht verst\u00e4ndlich demonstrieren und erfahrbar machen, dass das alles eben doch keine &#8222;Raketenwissenschaft&#8220; ist, sondern vieles sich auch kindgerecht erkl\u00e4ren und vorstellen l\u00e4sst.<br>Viele Erwachsene haben eine gro\u00dfe Scheu, Unwissenheit einzugestehen, wenn es um so Elementares geht wie die Entstehung der Jahreszeiten, kosmische Ma\u00dfst\u00e4be oder wie man mit Kindern \u00fcber Horoskope reden soll.<br>Schon einige wenige begleitete Schritte, die wir hier gemeinsam unternehmen, gibt den Kursteilnehmenden das Selbstbewusstsein zur\u00fcck, und mehr noch: die Faszination.<br>So &#8211; und manchmal nur so &#8211; wird sichergestellt, dass ganze Klassen nicht nur deshalb vom Planetariumsbesuch ausgeschlossen werden (ohne es \u00fcberhaupt zu merken), weil die Lehrkraft sich selbst unsicher f\u00fchlt.<\/p>\n\n\n\n<p>Was an dem Vormittag dran kommen soll, bestimmen Sie. Gern unterbreiten wir Ihnen Vorschl\u00e4ge.<br>Die Konditionen richten sich individuell nach Umfang und Aufwand.<\/p>\n\n\n\n<div style=\"height:66px\" aria-hidden=\"true\" class=\"wp-block-spacer\"><\/div>\n\n\n\n<h4 class=\"wp-block-heading\">Termine &amp; Buchung<\/h4>\n\n\n\n<p>In K\u00fcrze wird hier das Buchungstool f\u00fcr Sie bereit stehen.<\/p>\n\n\n\n<p>Reservierungsanfragen k\u00f6nnen per Mail an <a href=\"mailto:buchung@planet-ka.de\">buchung@planet-ka.de<\/a> gestellt werden.<\/p>\n\n\n\n<div style=\"height:19px\" aria-hidden=\"true\" class=\"wp-block-spacer\"><\/div>\n\n\n<div class=\"wp-block-ub-divider ub_divider ub-divider-orientation-horizontal\" id=\"ub_divider_be02e342-84a6-450f-9881-efd65fa14916\"><div class=\"ub_divider_wrapper\" style=\"position: relative; margin-bottom: 2px; width: 100%; height: 2px; \" data-divider-alignment=\"center\"><div class=\"ub_divider_line\" style=\"border-top: 1px solid #ccc; margin-top: 2px; \"><\/div><\/div><\/div>\n\n\n<div style=\"height:20px\" aria-hidden=\"true\" class=\"wp-block-spacer\"><\/div>\n\n\n<div class=\"wp-block-image\">\n<figure class=\"alignleft size-large\"><img loading=\"lazy\" decoding=\"async\" width=\"1024\" height=\"216\" src=\"https:\/\/planet-ka.de\/wp-content\/uploads\/2025\/02\/image-1-1024x216.png\" alt=\"\" class=\"wp-image-1937\" srcset=\"https:\/\/planet-ka.de\/wp-content\/uploads\/2025\/02\/image-1-1024x216.png 1024w, https:\/\/planet-ka.de\/wp-content\/uploads\/2025\/02\/image-1-300x63.png 300w, https:\/\/planet-ka.de\/wp-content\/uploads\/2025\/02\/image-1-768x162.png 768w, https:\/\/planet-ka.de\/wp-content\/uploads\/2025\/02\/image-1.png 1344w\" sizes=\"auto, (max-width: 1024px) 100vw, 1024px\" \/><\/figure>\n<\/div>","protected":false},"excerpt":{"rendered":"<p>An welche Gruppen richtet sich das Angebot? Die Vormittagstermine unter der Woche sowie die stark erm\u00e4\u00dfigten Bildungstarife gelten nicht nur f\u00fcr Kitas und Sekundarstufe I und II, sondern umfassen auch alle sonstigen Gruppen, die im weitesten Sinne im Bereich &#8222;Bildung&#8220;<\/p>","protected":false},"author":1,"featured_media":0,"parent":0,"menu_order":0,"comment_status":"closed","ping_status":"closed","template":"","meta":{"footnotes":""},"class_list":["post-1697","page","type-page","status-publish","hentry","","tg-column-two"],"featured_image_src":null,"yoast_head":"<!-- This site is optimized with the Yoast SEO plugin v27.3 - https:\/\/yoast.com\/product\/yoast-seo-wordpress\/ -->\n<title>Weitere Studien- &amp; Bildungsgruppen - PLANET KA<\/title>\n<meta name=\"robots\" content=\"index, follow, max-snippet:-1, max-image-preview:large, max-video-preview:-1\" \/>\n<link rel=\"canonical\" href=\"https:\/\/planet-ka.de\/en\/weitere-studien-bildungsgruppen\/\" \/>\n<meta property=\"og:locale\" content=\"en_US\" \/>\n<meta property=\"og:type\" content=\"article\" \/>\n<meta property=\"og:title\" content=\"Weitere Studien- &amp; Bildungsgruppen - PLANET KA\" \/>\n<meta property=\"og:description\" content=\"An welche Gruppen richtet sich das Angebot? Die Vormittagstermine unter der Woche sowie die stark erm\u00e4\u00dfigten Bildungstarife gelten nicht nur f\u00fcr Kitas und Sekundarstufe I und II, sondern umfassen auch alle sonstigen Gruppen, die im weitesten Sinne im Bereich &#8222;Bildung&#8220;\" \/>\n<meta property=\"og:url\" content=\"https:\/\/planet-ka.de\/en\/weitere-studien-bildungsgruppen\/\" \/>\n<meta property=\"og:site_name\" content=\"PLANET KA\" \/>\n<meta property=\"article:publisher\" content=\"https:\/\/www.facebook.com\/people\/Planet-KA-Planetarium-Karlsruhe\/61573710254024\/\" \/>\n<meta property=\"article:modified_time\" content=\"2026-03-16T11:11:46+00:00\" \/>\n<meta property=\"og:image\" content=\"https:\/\/planet-ka.de\/wp-content\/uploads\/2025\/02\/question-mark-jwst.png\" \/>\n\t<meta property=\"og:image:width\" content=\"701\" \/>\n\t<meta property=\"og:image:height\" content=\"393\" \/>\n\t<meta property=\"og:image:type\" content=\"image\/png\" \/>\n<script type=\"application\/ld+json\" class=\"yoast-schema-graph\">{\"@context\":\"https:\\\/\\\/schema.org\",\"@graph\":[{\"@type\":\"WebPage\",\"@id\":\"https:\\\/\\\/planet-ka.de\\\/weitere-studien-bildungsgruppen\\\/\",\"url\":\"https:\\\/\\\/planet-ka.de\\\/weitere-studien-bildungsgruppen\\\/\",\"name\":\"Weitere Studien- &amp; Bildungsgruppen - PLANET KA\",\"isPartOf\":{\"@id\":\"https:\\\/\\\/planet-ka.de\\\/#website\"},\"primaryImageOfPage\":{\"@id\":\"https:\\\/\\\/planet-ka.de\\\/weitere-studien-bildungsgruppen\\\/#primaryimage\"},\"image\":{\"@id\":\"https:\\\/\\\/planet-ka.de\\\/weitere-studien-bildungsgruppen\\\/#primaryimage\"},\"thumbnailUrl\":\"https:\\\/\\\/planet-ka.de\\\/wp-content\\\/uploads\\\/2025\\\/02\\\/question-mark-jwst.png\",\"datePublished\":\"2025-02-23T20:52:41+00:00\",\"dateModified\":\"2026-03-16T11:11:46+00:00\",\"breadcrumb\":{\"@id\":\"https:\\\/\\\/planet-ka.de\\\/weitere-studien-bildungsgruppen\\\/#breadcrumb\"},\"inLanguage\":\"en-US\",\"potentialAction\":[{\"@type\":\"ReadAction\",\"target\":[\"https:\\\/\\\/planet-ka.de\\\/weitere-studien-bildungsgruppen\\\/\"]}]},{\"@type\":\"ImageObject\",\"inLanguage\":\"en-US\",\"@id\":\"https:\\\/\\\/planet-ka.de\\\/weitere-studien-bildungsgruppen\\\/#primaryimage\",\"url\":\"https:\\\/\\\/planet-ka.de\\\/wp-content\\\/uploads\\\/2025\\\/02\\\/question-mark-jwst.png\",\"contentUrl\":\"https:\\\/\\\/planet-ka.de\\\/wp-content\\\/uploads\\\/2025\\\/02\\\/question-mark-jwst.png\"},{\"@type\":\"BreadcrumbList\",\"@id\":\"https:\\\/\\\/planet-ka.de\\\/weitere-studien-bildungsgruppen\\\/#breadcrumb\",\"itemListElement\":[{\"@type\":\"ListItem\",\"position\":1,\"name\":\"Startseite\",\"item\":\"https:\\\/\\\/planet-ka.de\\\/\"},{\"@type\":\"ListItem\",\"position\":2,\"name\":\"Weitere Studien- &amp; Bildungsgruppen\"}]},{\"@type\":\"WebSite\",\"@id\":\"https:\\\/\\\/planet-ka.de\\\/#website\",\"url\":\"https:\\\/\\\/planet-ka.de\\\/\",\"name\":\"PLANET KA\",\"description\":\"Faszination Kosmos\",\"publisher\":{\"@id\":\"https:\\\/\\\/planet-ka.de\\\/#organization\"},\"potentialAction\":[{\"@type\":\"SearchAction\",\"target\":{\"@type\":\"EntryPoint\",\"urlTemplate\":\"https:\\\/\\\/planet-ka.de\\\/?s={search_term_string}\"},\"query-input\":{\"@type\":\"PropertyValueSpecification\",\"valueRequired\":true,\"valueName\":\"search_term_string\"}}],\"inLanguage\":\"en-US\"},{\"@type\":\"Organization\",\"@id\":\"https:\\\/\\\/planet-ka.de\\\/#organization\",\"name\":\"PLANET KA\",\"url\":\"https:\\\/\\\/planet-ka.de\\\/\",\"logo\":{\"@type\":\"ImageObject\",\"inLanguage\":\"en-US\",\"@id\":\"https:\\\/\\\/planet-ka.de\\\/#\\\/schema\\\/logo\\\/image\\\/\",\"url\":\"https:\\\/\\\/planet-ka.de\\\/wp-content\\\/uploads\\\/2025\\\/03\\\/cropped-Logo-Banner-Website-Jan-25_19.png\",\"contentUrl\":\"https:\\\/\\\/planet-ka.de\\\/wp-content\\\/uploads\\\/2025\\\/03\\\/cropped-Logo-Banner-Website-Jan-25_19.png\",\"width\":225,\"height\":66,\"caption\":\"PLANET KA\"},\"image\":{\"@id\":\"https:\\\/\\\/planet-ka.de\\\/#\\\/schema\\\/logo\\\/image\\\/\"},\"sameAs\":[\"https:\\\/\\\/www.facebook.com\\\/people\\\/Planet-KA-Planetarium-Karlsruhe\\\/61573710254024\\\/\",\"https:\\\/\\\/www.instagram.com\\\/planetarium_karlsruhe\\\/\"]}]}<\/script>\n<!-- \/ Yoast SEO plugin. -->","yoast_head_json":{"title":"Weitere Studien- &amp; Bildungsgruppen - PLANET KA","robots":{"index":"index","follow":"follow","max-snippet":"max-snippet:-1","max-image-preview":"max-image-preview:large","max-video-preview":"max-video-preview:-1"},"canonical":"https:\/\/planet-ka.de\/en\/weitere-studien-bildungsgruppen\/","og_locale":"en_US","og_type":"article","og_title":"Weitere Studien- &amp; Bildungsgruppen - PLANET KA","og_description":"An welche Gruppen richtet sich das Angebot? Die Vormittagstermine unter der Woche sowie die stark erm\u00e4\u00dfigten Bildungstarife gelten nicht nur f\u00fcr Kitas und Sekundarstufe I und II, sondern umfassen auch alle sonstigen Gruppen, die im weitesten Sinne im Bereich &#8222;Bildung&#8220;","og_url":"https:\/\/planet-ka.de\/en\/weitere-studien-bildungsgruppen\/","og_site_name":"PLANET KA","article_publisher":"https:\/\/www.facebook.com\/people\/Planet-KA-Planetarium-Karlsruhe\/61573710254024\/","article_modified_time":"2026-03-16T11:11:46+00:00","og_image":[{"width":701,"height":393,"url":"https:\/\/planet-ka.de\/wp-content\/uploads\/2025\/02\/question-mark-jwst.png","type":"image\/png"}],"schema":{"@context":"https:\/\/schema.org","@graph":[{"@type":"WebPage","@id":"https:\/\/planet-ka.de\/weitere-studien-bildungsgruppen\/","url":"https:\/\/planet-ka.de\/weitere-studien-bildungsgruppen\/","name":"Weitere Studien- &amp; Bildungsgruppen - PLANET KA","isPartOf":{"@id":"https:\/\/planet-ka.de\/#website"},"primaryImageOfPage":{"@id":"https:\/\/planet-ka.de\/weitere-studien-bildungsgruppen\/#primaryimage"},"image":{"@id":"https:\/\/planet-ka.de\/weitere-studien-bildungsgruppen\/#primaryimage"},"thumbnailUrl":"https:\/\/planet-ka.de\/wp-content\/uploads\/2025\/02\/question-mark-jwst.png","datePublished":"2025-02-23T20:52:41+00:00","dateModified":"2026-03-16T11:11:46+00:00","breadcrumb":{"@id":"https:\/\/planet-ka.de\/weitere-studien-bildungsgruppen\/#breadcrumb"},"inLanguage":"en-US","potentialAction":[{"@type":"ReadAction","target":["https:\/\/planet-ka.de\/weitere-studien-bildungsgruppen\/"]}]},{"@type":"ImageObject","inLanguage":"en-US","@id":"https:\/\/planet-ka.de\/weitere-studien-bildungsgruppen\/#primaryimage","url":"https:\/\/planet-ka.de\/wp-content\/uploads\/2025\/02\/question-mark-jwst.png","contentUrl":"https:\/\/planet-ka.de\/wp-content\/uploads\/2025\/02\/question-mark-jwst.png"},{"@type":"BreadcrumbList","@id":"https:\/\/planet-ka.de\/weitere-studien-bildungsgruppen\/#breadcrumb","itemListElement":[{"@type":"ListItem","position":1,"name":"Startseite","item":"https:\/\/planet-ka.de\/"},{"@type":"ListItem","position":2,"name":"Weitere Studien- &amp; Bildungsgruppen"}]},{"@type":"WebSite","@id":"https:\/\/planet-ka.de\/#website","url":"https:\/\/planet-ka.de\/","name":"PLANET KA","description":"Cosmic Fascination","publisher":{"@id":"https:\/\/planet-ka.de\/#organization"},"potentialAction":[{"@type":"SearchAction","target":{"@type":"EntryPoint","urlTemplate":"https:\/\/planet-ka.de\/?s={search_term_string}"},"query-input":{"@type":"PropertyValueSpecification","valueRequired":true,"valueName":"search_term_string"}}],"inLanguage":"en-US"},{"@type":"Organization","@id":"https:\/\/planet-ka.de\/#organization","name":"PLANET KA","url":"https:\/\/planet-ka.de\/","logo":{"@type":"ImageObject","inLanguage":"en-US","@id":"https:\/\/planet-ka.de\/#\/schema\/logo\/image\/","url":"https:\/\/planet-ka.de\/wp-content\/uploads\/2025\/03\/cropped-Logo-Banner-Website-Jan-25_19.png","contentUrl":"https:\/\/planet-ka.de\/wp-content\/uploads\/2025\/03\/cropped-Logo-Banner-Website-Jan-25_19.png","width":225,"height":66,"caption":"PLANET KA"},"image":{"@id":"https:\/\/planet-ka.de\/#\/schema\/logo\/image\/"},"sameAs":["https:\/\/www.facebook.com\/people\/Planet-KA-Planetarium-Karlsruhe\/61573710254024\/","https:\/\/www.instagram.com\/planetarium_karlsruhe\/"]}]}},"_links":{"self":[{"href":"https:\/\/planet-ka.de\/en\/wp-json\/wp\/v2\/pages\/1697","targetHints":{"allow":["GET"]}}],"collection":[{"href":"https:\/\/planet-ka.de\/en\/wp-json\/wp\/v2\/pages"}],"about":[{"href":"https:\/\/planet-ka.de\/en\/wp-json\/wp\/v2\/types\/page"}],"author":[{"embeddable":true,"href":"https:\/\/planet-ka.de\/en\/wp-json\/wp\/v2\/users\/1"}],"replies":[{"embeddable":true,"href":"https:\/\/planet-ka.de\/en\/wp-json\/wp\/v2\/comments?post=1697"}],"version-history":[{"count":9,"href":"https:\/\/planet-ka.de\/en\/wp-json\/wp\/v2\/pages\/1697\/revisions"}],"predecessor-version":[{"id":3571,"href":"https:\/\/planet-ka.de\/en\/wp-json\/wp\/v2\/pages\/1697\/revisions\/3571"}],"wp:attachment":[{"href":"https:\/\/planet-ka.de\/en\/wp-json\/wp\/v2\/media?parent=1697"}],"curies":[{"name":"wp","href":"https:\/\/api.w.org\/{rel}","templated":true}]}}