{"id":1784,"date":"2025-02-24T01:06:41","date_gmt":"2025-02-24T00:06:41","guid":{"rendered":"https:\/\/planet-ka.de\/?page_id=1784"},"modified":"2026-02-23T14:07:21","modified_gmt":"2026-02-23T13:07:21","slug":"musikprogramme","status":"publish","type":"page","link":"https:\/\/planet-ka.de\/en\/musikprogramme\/","title":{"rendered":"Music programs"},"content":{"rendered":"<div class=\"wp-block-media-text is-stacked-on-mobile\" style=\"grid-template-columns:42% auto\"><figure class=\"wp-block-media-text__media\"><img loading=\"lazy\" decoding=\"async\" width=\"223\" height=\"226\" src=\"https:\/\/planet-ka.de\/wp-content\/uploads\/2025\/02\/centaurus-A.jpg\" alt=\"\" class=\"wp-image-1785 size-full\"\/><\/figure><div class=\"wp-block-media-text__content\">\n<h2 class=\"wp-block-heading\">Musik &amp; Kosmos : Kosmos Musik<\/h2>\n\n\n\n<div style=\"height:18px\" aria-hidden=\"true\" class=\"wp-block-spacer\"><\/div>\n\n\n\n<p class=\"has-medium-font-size\">Musik ist dem Ohr, <br>was dem Auge Kosmos. <\/p>\n\n\n\n<p class=\"has-medium-font-size\">Musik ist Kosmos im Inneren.<br>Kosmos ist Musik im \u00c4u\u00dferen.<\/p>\n\n\n\n<div style=\"height:20px\" aria-hidden=\"true\" class=\"wp-block-spacer\"><\/div>\n\n\n\n<p>Die seit Pythagoras bemerkte wechselseitige Verschr\u00e4nkung \u00fcber Schwingung und Zahl l\u00e4sst es geboten erscheinen, Kosmos und Musik zusammen zu verstehen. <br>In diesem Sinne nimmt Musik einen wesentlichen Platz im Programm von PLANET KA ein.<\/p>\n\n\n\n<div style=\"height:15px\" aria-hidden=\"true\" class=\"wp-block-spacer\"><\/div>\n\n\n\n<p class=\"has-text-align-center has-medium-font-size\"><em><strong>&#8220;It ain&#8217;t mean a thing, if it ain&#8217;t got that swing.&#8221;<\/strong><\/em><\/p>\n<\/div><\/div>\n\n\n\n<div style=\"height:22px\" aria-hidden=\"true\" class=\"wp-block-spacer\"><\/div>\n\n\n\n<h2 class=\"wp-block-heading\">Aktuelle Musikprogramme:<\/h2>\n\n\n\n<ul class=\"wp-block-list\">\n<li><strong><a href=\"https:\/\/planet-ka.de\/en\/the-dark-side-of-the-moon\/\" target=\"_blank\" rel=\"noreferrer noopener\">PINK FLOYD &#8211; THE DARK SIDE OF THE MOON<\/a><\/strong><\/li>\n\n\n\n<li><strong><a href=\"https:\/\/planet-ka.de\/en\/stars-of-classic\/\" target=\"_blank\" rel=\"noreferrer noopener\">Stars of Classic &#8211; Klassische Musik unter Sternenhimmel<\/a><\/strong><\/li>\n\n\n\n<li><strong><a href=\"https:\/\/planet-ka.de\/en\/klangreise-durchs-sonnensystem\/\" type=\"page\" id=\"3407\" target=\"_blank\" rel=\"noreferrer noopener\">Sound journey through the solar system<\/a><\/strong> (Familienprogramm)<\/li>\n<\/ul>\n\n\n\n<p>&#8230; und: <strong><em>*** NEU AB 5. M\u00c4RZ ***: Cosmic Legacy &#8211; A Tribute to Queen<\/em><\/strong><\/p>\n\n\n\n<p>Auch Live-Konzerte soll es in Zukunft vermehrt geben.<\/p>\n\n\n\n<div style=\"height:100px\" aria-hidden=\"true\" class=\"wp-block-spacer\"><\/div>\n\n\n\n<h3 class=\"wp-block-heading\">Programmplanung (im Werden)<\/h3>\n\n\n\n<p>Neben vorproduzierten Planetariumsshows mit musikalischem Schwerpunkt bei weiterhin gegebenem Bezug zum Thema Kosmos m\u00f6chte PLANET KA Musizierende vielf\u00e4ltigster Genres (von Harfe bis Percussion) einladen, unter der Sternenkuppel zu spielen und auch dem Ohr (s)einen Sternenhimmel vorzuf\u00fchren.<\/p>\n\n\n\n<p>Konzerte u.\u00e4. werden auf dieser Unterseite angek\u00fcndigt und direkt hier buchbar sein.<\/p>\n\n\n\n<p>Sofern gerade mal keine Live-Musik geboten werden kann, gibt es spannende Musikshows, wie folgende exemplarische Auswahl zeigen mag. <\/p>\n\n\n\n<figure class=\"wp-block-gallery has-nested-images columns-default is-cropped wp-block-gallery-1 is-layout-flex wp-block-gallery-is-layout-flex\">\n<figure class=\"wp-block-image size-large\"><img loading=\"lazy\" decoding=\"async\" width=\"314\" height=\"455\" data-id=\"1787\" src=\"https:\/\/planet-ka.de\/wp-content\/uploads\/2025\/02\/img_poster_fulldome_show_b__b___symphonique_f29892bbda-314x455-1.jpg\" alt=\"\" class=\"wp-image-1787\" srcset=\"https:\/\/planet-ka.de\/wp-content\/uploads\/2025\/02\/img_poster_fulldome_show_b__b___symphonique_f29892bbda-314x455-1.jpg 314w, https:\/\/planet-ka.de\/wp-content\/uploads\/2025\/02\/img_poster_fulldome_show_b__b___symphonique_f29892bbda-314x455-1-207x300.jpg 207w\" sizes=\"auto, (max-width: 314px) 100vw, 314px\" \/><\/figure>\n\n\n\n<figure class=\"wp-block-image size-large\"><img loading=\"lazy\" decoding=\"async\" width=\"718\" height=\"1024\" data-id=\"1792\" src=\"https:\/\/planet-ka.de\/wp-content\/uploads\/2025\/02\/img_poster_fulldome_show_cosmic_legacy__tribute_to_queen_1f223ef842-718x1024.jpg\" alt=\"\" class=\"wp-image-1792\" srcset=\"https:\/\/planet-ka.de\/wp-content\/uploads\/2025\/02\/img_poster_fulldome_show_cosmic_legacy__tribute_to_queen_1f223ef842-718x1024.jpg 718w, https:\/\/planet-ka.de\/wp-content\/uploads\/2025\/02\/img_poster_fulldome_show_cosmic_legacy__tribute_to_queen_1f223ef842-210x300.jpg 210w, https:\/\/planet-ka.de\/wp-content\/uploads\/2025\/02\/img_poster_fulldome_show_cosmic_legacy__tribute_to_queen_1f223ef842-768x1096.jpg 768w, https:\/\/planet-ka.de\/wp-content\/uploads\/2025\/02\/img_poster_fulldome_show_cosmic_legacy__tribute_to_queen_1f223ef842-1076x1536.jpg 1076w, https:\/\/planet-ka.de\/wp-content\/uploads\/2025\/02\/img_poster_fulldome_show_cosmic_legacy__tribute_to_queen_1f223ef842-1435x2048.jpg 1435w, https:\/\/planet-ka.de\/wp-content\/uploads\/2025\/02\/img_poster_fulldome_show_cosmic_legacy__tribute_to_queen_1f223ef842-scaled.jpg 1794w\" sizes=\"auto, (max-width: 718px) 100vw, 718px\" \/><\/figure>\n\n\n\n<figure class=\"wp-block-image size-large\"><img loading=\"lazy\" decoding=\"async\" width=\"314\" height=\"455\" data-id=\"1789\" src=\"https:\/\/planet-ka.de\/wp-content\/uploads\/2025\/02\/img_poster_fulldome_show_pink_floyd__dark_side_of_the_moon_300c45b2c9-314x455-1.jpg\" alt=\"\" class=\"wp-image-1789\" srcset=\"https:\/\/planet-ka.de\/wp-content\/uploads\/2025\/02\/img_poster_fulldome_show_pink_floyd__dark_side_of_the_moon_300c45b2c9-314x455-1.jpg 314w, https:\/\/planet-ka.de\/wp-content\/uploads\/2025\/02\/img_poster_fulldome_show_pink_floyd__dark_side_of_the_moon_300c45b2c9-314x455-1-207x300.jpg 207w\" sizes=\"auto, (max-width: 314px) 100vw, 314px\" \/><\/figure>\n\n\n\n<figure class=\"wp-block-image size-large\"><img loading=\"lazy\" decoding=\"async\" width=\"314\" height=\"455\" data-id=\"1790\" src=\"https:\/\/planet-ka.de\/wp-content\/uploads\/2025\/02\/img_poster_fulldome_show_space_rock_symphony_7bb6adf6ba-314x455-1.jpg\" alt=\"\" class=\"wp-image-1790\" srcset=\"https:\/\/planet-ka.de\/wp-content\/uploads\/2025\/02\/img_poster_fulldome_show_space_rock_symphony_7bb6adf6ba-314x455-1.jpg 314w, https:\/\/planet-ka.de\/wp-content\/uploads\/2025\/02\/img_poster_fulldome_show_space_rock_symphony_7bb6adf6ba-314x455-1-207x300.jpg 207w\" sizes=\"auto, (max-width: 314px) 100vw, 314px\" \/><\/figure>\n\n\n\n<figure class=\"wp-block-image size-large\"><img loading=\"lazy\" decoding=\"async\" width=\"314\" height=\"455\" data-id=\"1788\" src=\"https:\/\/planet-ka.de\/wp-content\/uploads\/2025\/02\/img_poster_fulldome_show_tree_of_life___music_show_f371c1c876-314x455-1.jpg\" alt=\"\" class=\"wp-image-1788\" srcset=\"https:\/\/planet-ka.de\/wp-content\/uploads\/2025\/02\/img_poster_fulldome_show_tree_of_life___music_show_f371c1c876-314x455-1.jpg 314w, https:\/\/planet-ka.de\/wp-content\/uploads\/2025\/02\/img_poster_fulldome_show_tree_of_life___music_show_f371c1c876-314x455-1-207x300.jpg 207w\" sizes=\"auto, (max-width: 314px) 100vw, 314px\" \/><\/figure>\n\n\n\n<figure class=\"wp-block-image size-large\"><img loading=\"lazy\" decoding=\"async\" width=\"1024\" height=\"766\" data-id=\"1791\" src=\"https:\/\/planet-ka.de\/wp-content\/uploads\/2025\/02\/Stardust-Sinfonie-1-Programme-Big-Picture-at-Alexandria-29.03.2022-\u00a9-Maha-Wissa-German-Embassy-Cairo-1024x766.jpg\" alt=\"\" class=\"wp-image-1791\" srcset=\"https:\/\/planet-ka.de\/wp-content\/uploads\/2025\/02\/Stardust-Sinfonie-1-Programme-Big-Picture-at-Alexandria-29.03.2022-\u00a9-Maha-Wissa-German-Embassy-Cairo-1024x766.jpg 1024w, https:\/\/planet-ka.de\/wp-content\/uploads\/2025\/02\/Stardust-Sinfonie-1-Programme-Big-Picture-at-Alexandria-29.03.2022-\u00a9-Maha-Wissa-German-Embassy-Cairo-300x225.jpg 300w, https:\/\/planet-ka.de\/wp-content\/uploads\/2025\/02\/Stardust-Sinfonie-1-Programme-Big-Picture-at-Alexandria-29.03.2022-\u00a9-Maha-Wissa-German-Embassy-Cairo-768x575.jpg 768w, https:\/\/planet-ka.de\/wp-content\/uploads\/2025\/02\/Stardust-Sinfonie-1-Programme-Big-Picture-at-Alexandria-29.03.2022-\u00a9-Maha-Wissa-German-Embassy-Cairo.jpg 1280w\" sizes=\"auto, (max-width: 1024px) 100vw, 1024px\" \/><\/figure>\n<\/figure>\n\n\n\n<p>Das letzte Bild steht f\u00fcr <em>Stardust Sinfonie<\/em>, die auch live auftreten.<\/p>","protected":false},"excerpt":{"rendered":"<p>Aktuelle Musikprogramme: &#8230; und: *** NEU AB 5. M\u00c4RZ ***: Cosmic Legacy &#8211; A Tribute to Queen Auch Live-Konzerte soll es in Zukunft vermehrt geben. Programmplanung (im Werden) Neben vorproduzierten Planetariumsshows mit musikalischem Schwerpunkt bei weiterhin gegebenem Bezug zum Thema<\/p>","protected":false},"author":1,"featured_media":0,"parent":0,"menu_order":0,"comment_status":"closed","ping_status":"closed","template":"","meta":{"footnotes":""},"class_list":["post-1784","page","type-page","status-publish","hentry","","tg-column-two"],"featured_image_src":null,"yoast_head":"<!-- This site is optimized with the Yoast SEO plugin v27.3 - https:\/\/yoast.com\/product\/yoast-seo-wordpress\/ -->\n<title>Musikprogramme - PLANET KA<\/title>\n<meta name=\"robots\" content=\"index, follow, max-snippet:-1, max-image-preview:large, max-video-preview:-1\" \/>\n<link rel=\"canonical\" href=\"https:\/\/planet-ka.de\/en\/musikprogramme\/\" \/>\n<meta property=\"og:locale\" content=\"en_US\" \/>\n<meta property=\"og:type\" content=\"article\" \/>\n<meta property=\"og:title\" content=\"Musikprogramme - PLANET KA\" \/>\n<meta property=\"og:description\" content=\"Aktuelle Musikprogramme: &#8230; und: *** NEU AB 5. M\u00c4RZ ***: Cosmic Legacy &#8211; A Tribute to Queen Auch Live-Konzerte soll es in Zukunft vermehrt geben. Programmplanung (im Werden) Neben vorproduzierten Planetariumsshows mit musikalischem Schwerpunkt bei weiterhin gegebenem Bezug zum Thema\" \/>\n<meta property=\"og:url\" content=\"https:\/\/planet-ka.de\/en\/musikprogramme\/\" \/>\n<meta property=\"og:site_name\" content=\"PLANET KA\" \/>\n<meta property=\"article:publisher\" content=\"https:\/\/www.facebook.com\/people\/Planet-KA-Planetarium-Karlsruhe\/61573710254024\/\" \/>\n<meta property=\"article:modified_time\" content=\"2026-02-23T13:07:21+00:00\" \/>\n<meta property=\"og:image\" content=\"https:\/\/planet-ka.de\/wp-content\/uploads\/2025\/02\/centaurus-A.jpg\" \/>\n\t<meta property=\"og:image:width\" content=\"223\" \/>\n\t<meta property=\"og:image:height\" content=\"226\" \/>\n\t<meta property=\"og:image:type\" content=\"image\/jpeg\" \/>\n<script type=\"application\/ld+json\" class=\"yoast-schema-graph\">{\"@context\":\"https:\\\/\\\/schema.org\",\"@graph\":[{\"@type\":\"WebPage\",\"@id\":\"https:\\\/\\\/planet-ka.de\\\/musikprogramme\\\/\",\"url\":\"https:\\\/\\\/planet-ka.de\\\/musikprogramme\\\/\",\"name\":\"Musikprogramme - PLANET KA\",\"isPartOf\":{\"@id\":\"https:\\\/\\\/planet-ka.de\\\/#website\"},\"primaryImageOfPage\":{\"@id\":\"https:\\\/\\\/planet-ka.de\\\/musikprogramme\\\/#primaryimage\"},\"image\":{\"@id\":\"https:\\\/\\\/planet-ka.de\\\/musikprogramme\\\/#primaryimage\"},\"thumbnailUrl\":\"https:\\\/\\\/planet-ka.de\\\/wp-content\\\/uploads\\\/2025\\\/02\\\/centaurus-A.jpg\",\"datePublished\":\"2025-02-24T00:06:41+00:00\",\"dateModified\":\"2026-02-23T13:07:21+00:00\",\"breadcrumb\":{\"@id\":\"https:\\\/\\\/planet-ka.de\\\/musikprogramme\\\/#breadcrumb\"},\"inLanguage\":\"en-US\",\"potentialAction\":[{\"@type\":\"ReadAction\",\"target\":[\"https:\\\/\\\/planet-ka.de\\\/musikprogramme\\\/\"]}]},{\"@type\":\"ImageObject\",\"inLanguage\":\"en-US\",\"@id\":\"https:\\\/\\\/planet-ka.de\\\/musikprogramme\\\/#primaryimage\",\"url\":\"https:\\\/\\\/planet-ka.de\\\/wp-content\\\/uploads\\\/2025\\\/02\\\/centaurus-A.jpg\",\"contentUrl\":\"https:\\\/\\\/planet-ka.de\\\/wp-content\\\/uploads\\\/2025\\\/02\\\/centaurus-A.jpg\"},{\"@type\":\"BreadcrumbList\",\"@id\":\"https:\\\/\\\/planet-ka.de\\\/musikprogramme\\\/#breadcrumb\",\"itemListElement\":[{\"@type\":\"ListItem\",\"position\":1,\"name\":\"Startseite\",\"item\":\"https:\\\/\\\/planet-ka.de\\\/\"},{\"@type\":\"ListItem\",\"position\":2,\"name\":\"Musikprogramme\"}]},{\"@type\":\"WebSite\",\"@id\":\"https:\\\/\\\/planet-ka.de\\\/#website\",\"url\":\"https:\\\/\\\/planet-ka.de\\\/\",\"name\":\"PLANET KA\",\"description\":\"Faszination Kosmos\",\"publisher\":{\"@id\":\"https:\\\/\\\/planet-ka.de\\\/#organization\"},\"potentialAction\":[{\"@type\":\"SearchAction\",\"target\":{\"@type\":\"EntryPoint\",\"urlTemplate\":\"https:\\\/\\\/planet-ka.de\\\/?s={search_term_string}\"},\"query-input\":{\"@type\":\"PropertyValueSpecification\",\"valueRequired\":true,\"valueName\":\"search_term_string\"}}],\"inLanguage\":\"en-US\"},{\"@type\":\"Organization\",\"@id\":\"https:\\\/\\\/planet-ka.de\\\/#organization\",\"name\":\"PLANET KA\",\"url\":\"https:\\\/\\\/planet-ka.de\\\/\",\"logo\":{\"@type\":\"ImageObject\",\"inLanguage\":\"en-US\",\"@id\":\"https:\\\/\\\/planet-ka.de\\\/#\\\/schema\\\/logo\\\/image\\\/\",\"url\":\"https:\\\/\\\/planet-ka.de\\\/wp-content\\\/uploads\\\/2025\\\/03\\\/cropped-Logo-Banner-Website-Jan-25_19.png\",\"contentUrl\":\"https:\\\/\\\/planet-ka.de\\\/wp-content\\\/uploads\\\/2025\\\/03\\\/cropped-Logo-Banner-Website-Jan-25_19.png\",\"width\":225,\"height\":66,\"caption\":\"PLANET KA\"},\"image\":{\"@id\":\"https:\\\/\\\/planet-ka.de\\\/#\\\/schema\\\/logo\\\/image\\\/\"},\"sameAs\":[\"https:\\\/\\\/www.facebook.com\\\/people\\\/Planet-KA-Planetarium-Karlsruhe\\\/61573710254024\\\/\",\"https:\\\/\\\/www.instagram.com\\\/planetarium_karlsruhe\\\/\"]}]}<\/script>\n<!-- \/ Yoast SEO plugin. -->","yoast_head_json":{"title":"Musikprogramme - PLANET KA","robots":{"index":"index","follow":"follow","max-snippet":"max-snippet:-1","max-image-preview":"max-image-preview:large","max-video-preview":"max-video-preview:-1"},"canonical":"https:\/\/planet-ka.de\/en\/musikprogramme\/","og_locale":"en_US","og_type":"article","og_title":"Musikprogramme - PLANET KA","og_description":"Aktuelle Musikprogramme: &#8230; und: *** NEU AB 5. M\u00c4RZ ***: Cosmic Legacy &#8211; A Tribute to Queen Auch Live-Konzerte soll es in Zukunft vermehrt geben. Programmplanung (im Werden) Neben vorproduzierten Planetariumsshows mit musikalischem Schwerpunkt bei weiterhin gegebenem Bezug zum Thema","og_url":"https:\/\/planet-ka.de\/en\/musikprogramme\/","og_site_name":"PLANET KA","article_publisher":"https:\/\/www.facebook.com\/people\/Planet-KA-Planetarium-Karlsruhe\/61573710254024\/","article_modified_time":"2026-02-23T13:07:21+00:00","og_image":[{"width":223,"height":226,"url":"https:\/\/planet-ka.de\/wp-content\/uploads\/2025\/02\/centaurus-A.jpg","type":"image\/jpeg"}],"schema":{"@context":"https:\/\/schema.org","@graph":[{"@type":"WebPage","@id":"https:\/\/planet-ka.de\/musikprogramme\/","url":"https:\/\/planet-ka.de\/musikprogramme\/","name":"Musikprogramme - PLANET KA","isPartOf":{"@id":"https:\/\/planet-ka.de\/#website"},"primaryImageOfPage":{"@id":"https:\/\/planet-ka.de\/musikprogramme\/#primaryimage"},"image":{"@id":"https:\/\/planet-ka.de\/musikprogramme\/#primaryimage"},"thumbnailUrl":"https:\/\/planet-ka.de\/wp-content\/uploads\/2025\/02\/centaurus-A.jpg","datePublished":"2025-02-24T00:06:41+00:00","dateModified":"2026-02-23T13:07:21+00:00","breadcrumb":{"@id":"https:\/\/planet-ka.de\/musikprogramme\/#breadcrumb"},"inLanguage":"en-US","potentialAction":[{"@type":"ReadAction","target":["https:\/\/planet-ka.de\/musikprogramme\/"]}]},{"@type":"ImageObject","inLanguage":"en-US","@id":"https:\/\/planet-ka.de\/musikprogramme\/#primaryimage","url":"https:\/\/planet-ka.de\/wp-content\/uploads\/2025\/02\/centaurus-A.jpg","contentUrl":"https:\/\/planet-ka.de\/wp-content\/uploads\/2025\/02\/centaurus-A.jpg"},{"@type":"BreadcrumbList","@id":"https:\/\/planet-ka.de\/musikprogramme\/#breadcrumb","itemListElement":[{"@type":"ListItem","position":1,"name":"Startseite","item":"https:\/\/planet-ka.de\/"},{"@type":"ListItem","position":2,"name":"Musikprogramme"}]},{"@type":"WebSite","@id":"https:\/\/planet-ka.de\/#website","url":"https:\/\/planet-ka.de\/","name":"PLANET KA","description":"Cosmic Fascination","publisher":{"@id":"https:\/\/planet-ka.de\/#organization"},"potentialAction":[{"@type":"SearchAction","target":{"@type":"EntryPoint","urlTemplate":"https:\/\/planet-ka.de\/?s={search_term_string}"},"query-input":{"@type":"PropertyValueSpecification","valueRequired":true,"valueName":"search_term_string"}}],"inLanguage":"en-US"},{"@type":"Organization","@id":"https:\/\/planet-ka.de\/#organization","name":"PLANET KA","url":"https:\/\/planet-ka.de\/","logo":{"@type":"ImageObject","inLanguage":"en-US","@id":"https:\/\/planet-ka.de\/#\/schema\/logo\/image\/","url":"https:\/\/planet-ka.de\/wp-content\/uploads\/2025\/03\/cropped-Logo-Banner-Website-Jan-25_19.png","contentUrl":"https:\/\/planet-ka.de\/wp-content\/uploads\/2025\/03\/cropped-Logo-Banner-Website-Jan-25_19.png","width":225,"height":66,"caption":"PLANET KA"},"image":{"@id":"https:\/\/planet-ka.de\/#\/schema\/logo\/image\/"},"sameAs":["https:\/\/www.facebook.com\/people\/Planet-KA-Planetarium-Karlsruhe\/61573710254024\/","https:\/\/www.instagram.com\/planetarium_karlsruhe\/"]}]}},"_links":{"self":[{"href":"https:\/\/planet-ka.de\/en\/wp-json\/wp\/v2\/pages\/1784","targetHints":{"allow":["GET"]}}],"collection":[{"href":"https:\/\/planet-ka.de\/en\/wp-json\/wp\/v2\/pages"}],"about":[{"href":"https:\/\/planet-ka.de\/en\/wp-json\/wp\/v2\/types\/page"}],"author":[{"embeddable":true,"href":"https:\/\/planet-ka.de\/en\/wp-json\/wp\/v2\/users\/1"}],"replies":[{"embeddable":true,"href":"https:\/\/planet-ka.de\/en\/wp-json\/wp\/v2\/comments?post=1784"}],"version-history":[{"count":9,"href":"https:\/\/planet-ka.de\/en\/wp-json\/wp\/v2\/pages\/1784\/revisions"}],"predecessor-version":[{"id":3504,"href":"https:\/\/planet-ka.de\/en\/wp-json\/wp\/v2\/pages\/1784\/revisions\/3504"}],"wp:attachment":[{"href":"https:\/\/planet-ka.de\/en\/wp-json\/wp\/v2\/media?parent=1784"}],"curies":[{"name":"wp","href":"https:\/\/api.w.org\/{rel}","templated":true}]}}