{"id":1798,"date":"2025-02-24T01:25:44","date_gmt":"2025-02-24T00:25:44","guid":{"rendered":"https:\/\/planet-ka.de\/?page_id=1798"},"modified":"2025-02-24T01:28:31","modified_gmt":"2025-02-24T00:28:31","slug":"vortraege-lesungen","status":"publish","type":"page","link":"https:\/\/planet-ka.de\/en\/vortraege-lesungen\/","title":{"rendered":"Lectures &amp; Readings"},"content":{"rendered":"<div class=\"wp-block-media-text is-stacked-on-mobile\"><figure class=\"wp-block-media-text__media\"><img loading=\"lazy\" decoding=\"async\" width=\"1024\" height=\"730\" src=\"https:\/\/planet-ka.de\/wp-content\/uploads\/2025\/02\/La_scuola_di_Atene-1024x730.jpg\" alt=\"\" class=\"wp-image-1799 size-full\" srcset=\"https:\/\/planet-ka.de\/wp-content\/uploads\/2025\/02\/La_scuola_di_Atene-1024x730.jpg 1024w, https:\/\/planet-ka.de\/wp-content\/uploads\/2025\/02\/La_scuola_di_Atene-300x214.jpg 300w, https:\/\/planet-ka.de\/wp-content\/uploads\/2025\/02\/La_scuola_di_Atene-768x547.jpg 768w, https:\/\/planet-ka.de\/wp-content\/uploads\/2025\/02\/La_scuola_di_Atene.jpg 1280w\" sizes=\"auto, (max-width: 1024px) 100vw, 1024px\" \/><\/figure><div class=\"wp-block-media-text__content\">\n<h2 class=\"wp-block-heading\">Lernen unter Sternen<\/h2>\n\n\n\n<div style=\"height:22px\" aria-hidden=\"true\" class=\"wp-block-spacer\"><\/div>\n\n\n\n<p class=\"has-medium-font-size\">&#8220;<em>Das ewige Schweigen dieser unendlichen R\u00e4ume l\u00e4sst mich erschaudern<\/em>&#8221;  &#8211; Pascal<\/p>\n\n\n\n<div style=\"height:58px\" aria-hidden=\"true\" class=\"wp-block-spacer\"><\/div>\n\n\n\n<p>Wir suchen die Vermittlung durchs gesprochene Wort und laden berufene G\u00e4ste ein, \u00fcber Fachthemen oder Erlebtes zu referieren, ob als Vortrag, Lesung, Reisereportage&#8230; <\/p>\n\n\n\n<div style=\"height:34px\" aria-hidden=\"true\" class=\"wp-block-spacer\"><\/div>\n\n\n\n<p><em><strong>Kommen Sie, h\u00f6ren Sie, reden Sie mit!<\/strong><\/em><\/p>\n<\/div><\/div>\n\n\n\n<div style=\"height:62px\" aria-hidden=\"true\" class=\"wp-block-spacer\"><\/div>\n\n\n\n<h3 class=\"wp-block-heading\">Worte gegen das ewige Schweigen im All<\/h3>\n\n\n\n<p>Hier werden wir beizeiten Wortprogramme ank\u00fcndigen. <br>Eine Buchungsm\u00f6glichkeit findet sich dann ebenso hier.<\/p>\n\n\n\n<p>Inhaltlich und formal gibt es keine engen Grenzen. Neben dem astrophysikalisch-kosmologischen Fachvortrag wird es Reiseberichte, M\u00e4rchenabende und Podiumsdiskussionen geben.<\/p>\n\n\n\n<p>F\u00fcr einen Sonntagvormittag im Monat ist mittelfristig ein Matinee-Format geplant, indem zwei Pers\u00f6nlichkeiten aus unterschiedlichen Fachbereichen oder Lebensweisen zusammentreffen. Auch dar\u00fcber informieren wir hier zu gegebener Zeit.<\/p>","protected":false},"excerpt":{"rendered":"<p>Worte gegen das ewige Schweigen im All Hier werden wir beizeiten Wortprogramme ank\u00fcndigen. Eine Buchungsm\u00f6glichkeit findet sich dann ebenso hier. Inhaltlich und formal gibt es keine engen Grenzen. Neben dem astrophysikalisch-kosmologischen Fachvortrag wird es Reiseberichte, M\u00e4rchenabende und Podiumsdiskussionen geben. F\u00fcr<\/p>","protected":false},"author":1,"featured_media":0,"parent":0,"menu_order":0,"comment_status":"closed","ping_status":"closed","template":"","meta":{"footnotes":""},"class_list":["post-1798","page","type-page","status-publish","hentry","","tg-column-two"],"featured_image_src":null,"yoast_head":"<!-- This site is optimized with the Yoast SEO plugin v27.3 - https:\/\/yoast.com\/product\/yoast-seo-wordpress\/ -->\n<title>Vortr\u00e4ge &amp; Lesungen - PLANET KA<\/title>\n<meta name=\"robots\" content=\"index, follow, max-snippet:-1, max-image-preview:large, max-video-preview:-1\" \/>\n<link rel=\"canonical\" href=\"https:\/\/planet-ka.de\/en\/vortraege-lesungen\/\" \/>\n<meta property=\"og:locale\" content=\"en_US\" \/>\n<meta property=\"og:type\" content=\"article\" \/>\n<meta property=\"og:title\" content=\"Vortr\u00e4ge &amp; Lesungen - PLANET KA\" \/>\n<meta property=\"og:description\" content=\"Worte gegen das ewige Schweigen im All Hier werden wir beizeiten Wortprogramme ank\u00fcndigen. Eine Buchungsm\u00f6glichkeit findet sich dann ebenso hier. Inhaltlich und formal gibt es keine engen Grenzen. Neben dem astrophysikalisch-kosmologischen Fachvortrag wird es Reiseberichte, M\u00e4rchenabende und Podiumsdiskussionen geben. F\u00fcr\" \/>\n<meta property=\"og:url\" content=\"https:\/\/planet-ka.de\/en\/vortraege-lesungen\/\" \/>\n<meta property=\"og:site_name\" content=\"PLANET KA\" \/>\n<meta property=\"article:publisher\" content=\"https:\/\/www.facebook.com\/people\/Planet-KA-Planetarium-Karlsruhe\/61573710254024\/\" \/>\n<meta property=\"article:modified_time\" content=\"2025-02-24T00:28:31+00:00\" \/>\n<meta property=\"og:image\" content=\"https:\/\/planet-ka.de\/wp-content\/uploads\/2025\/02\/La_scuola_di_Atene-1024x730.jpg\" \/>\n<script type=\"application\/ld+json\" class=\"yoast-schema-graph\">{\"@context\":\"https:\\\/\\\/schema.org\",\"@graph\":[{\"@type\":\"WebPage\",\"@id\":\"https:\\\/\\\/planet-ka.de\\\/vortraege-lesungen\\\/\",\"url\":\"https:\\\/\\\/planet-ka.de\\\/vortraege-lesungen\\\/\",\"name\":\"Vortr\u00e4ge &amp; Lesungen - PLANET KA\",\"isPartOf\":{\"@id\":\"https:\\\/\\\/planet-ka.de\\\/#website\"},\"primaryImageOfPage\":{\"@id\":\"https:\\\/\\\/planet-ka.de\\\/vortraege-lesungen\\\/#primaryimage\"},\"image\":{\"@id\":\"https:\\\/\\\/planet-ka.de\\\/vortraege-lesungen\\\/#primaryimage\"},\"thumbnailUrl\":\"https:\\\/\\\/planet-ka.de\\\/wp-content\\\/uploads\\\/2025\\\/02\\\/La_scuola_di_Atene-1024x730.jpg\",\"datePublished\":\"2025-02-24T00:25:44+00:00\",\"dateModified\":\"2025-02-24T00:28:31+00:00\",\"breadcrumb\":{\"@id\":\"https:\\\/\\\/planet-ka.de\\\/vortraege-lesungen\\\/#breadcrumb\"},\"inLanguage\":\"en-US\",\"potentialAction\":[{\"@type\":\"ReadAction\",\"target\":[\"https:\\\/\\\/planet-ka.de\\\/vortraege-lesungen\\\/\"]}]},{\"@type\":\"ImageObject\",\"inLanguage\":\"en-US\",\"@id\":\"https:\\\/\\\/planet-ka.de\\\/vortraege-lesungen\\\/#primaryimage\",\"url\":\"https:\\\/\\\/planet-ka.de\\\/wp-content\\\/uploads\\\/2025\\\/02\\\/La_scuola_di_Atene-1024x730.jpg\",\"contentUrl\":\"https:\\\/\\\/planet-ka.de\\\/wp-content\\\/uploads\\\/2025\\\/02\\\/La_scuola_di_Atene-1024x730.jpg\"},{\"@type\":\"BreadcrumbList\",\"@id\":\"https:\\\/\\\/planet-ka.de\\\/vortraege-lesungen\\\/#breadcrumb\",\"itemListElement\":[{\"@type\":\"ListItem\",\"position\":1,\"name\":\"Startseite\",\"item\":\"https:\\\/\\\/planet-ka.de\\\/\"},{\"@type\":\"ListItem\",\"position\":2,\"name\":\"Vortr\u00e4ge &amp; Lesungen\"}]},{\"@type\":\"WebSite\",\"@id\":\"https:\\\/\\\/planet-ka.de\\\/#website\",\"url\":\"https:\\\/\\\/planet-ka.de\\\/\",\"name\":\"PLANET KA\",\"description\":\"Faszination Kosmos\",\"publisher\":{\"@id\":\"https:\\\/\\\/planet-ka.de\\\/#organization\"},\"potentialAction\":[{\"@type\":\"SearchAction\",\"target\":{\"@type\":\"EntryPoint\",\"urlTemplate\":\"https:\\\/\\\/planet-ka.de\\\/?s={search_term_string}\"},\"query-input\":{\"@type\":\"PropertyValueSpecification\",\"valueRequired\":true,\"valueName\":\"search_term_string\"}}],\"inLanguage\":\"en-US\"},{\"@type\":\"Organization\",\"@id\":\"https:\\\/\\\/planet-ka.de\\\/#organization\",\"name\":\"PLANET KA\",\"url\":\"https:\\\/\\\/planet-ka.de\\\/\",\"logo\":{\"@type\":\"ImageObject\",\"inLanguage\":\"en-US\",\"@id\":\"https:\\\/\\\/planet-ka.de\\\/#\\\/schema\\\/logo\\\/image\\\/\",\"url\":\"https:\\\/\\\/planet-ka.de\\\/wp-content\\\/uploads\\\/2025\\\/03\\\/cropped-Logo-Banner-Website-Jan-25_19.png\",\"contentUrl\":\"https:\\\/\\\/planet-ka.de\\\/wp-content\\\/uploads\\\/2025\\\/03\\\/cropped-Logo-Banner-Website-Jan-25_19.png\",\"width\":225,\"height\":66,\"caption\":\"PLANET KA\"},\"image\":{\"@id\":\"https:\\\/\\\/planet-ka.de\\\/#\\\/schema\\\/logo\\\/image\\\/\"},\"sameAs\":[\"https:\\\/\\\/www.facebook.com\\\/people\\\/Planet-KA-Planetarium-Karlsruhe\\\/61573710254024\\\/\",\"https:\\\/\\\/www.instagram.com\\\/planetarium_karlsruhe\\\/\"]}]}<\/script>\n<!-- \/ Yoast SEO plugin. -->","yoast_head_json":{"title":"Vortr\u00e4ge &amp; Lesungen - PLANET KA","robots":{"index":"index","follow":"follow","max-snippet":"max-snippet:-1","max-image-preview":"max-image-preview:large","max-video-preview":"max-video-preview:-1"},"canonical":"https:\/\/planet-ka.de\/en\/vortraege-lesungen\/","og_locale":"en_US","og_type":"article","og_title":"Vortr\u00e4ge &amp; Lesungen - PLANET KA","og_description":"Worte gegen das ewige Schweigen im All Hier werden wir beizeiten Wortprogramme ank\u00fcndigen. Eine Buchungsm\u00f6glichkeit findet sich dann ebenso hier. Inhaltlich und formal gibt es keine engen Grenzen. Neben dem astrophysikalisch-kosmologischen Fachvortrag wird es Reiseberichte, M\u00e4rchenabende und Podiumsdiskussionen geben. F\u00fcr","og_url":"https:\/\/planet-ka.de\/en\/vortraege-lesungen\/","og_site_name":"PLANET KA","article_publisher":"https:\/\/www.facebook.com\/people\/Planet-KA-Planetarium-Karlsruhe\/61573710254024\/","article_modified_time":"2025-02-24T00:28:31+00:00","og_image":[{"url":"https:\/\/planet-ka.de\/wp-content\/uploads\/2025\/02\/La_scuola_di_Atene-1024x730.jpg","type":"","width":"","height":""}],"schema":{"@context":"https:\/\/schema.org","@graph":[{"@type":"WebPage","@id":"https:\/\/planet-ka.de\/vortraege-lesungen\/","url":"https:\/\/planet-ka.de\/vortraege-lesungen\/","name":"Vortr\u00e4ge &amp; Lesungen - PLANET KA","isPartOf":{"@id":"https:\/\/planet-ka.de\/#website"},"primaryImageOfPage":{"@id":"https:\/\/planet-ka.de\/vortraege-lesungen\/#primaryimage"},"image":{"@id":"https:\/\/planet-ka.de\/vortraege-lesungen\/#primaryimage"},"thumbnailUrl":"https:\/\/planet-ka.de\/wp-content\/uploads\/2025\/02\/La_scuola_di_Atene-1024x730.jpg","datePublished":"2025-02-24T00:25:44+00:00","dateModified":"2025-02-24T00:28:31+00:00","breadcrumb":{"@id":"https:\/\/planet-ka.de\/vortraege-lesungen\/#breadcrumb"},"inLanguage":"en-US","potentialAction":[{"@type":"ReadAction","target":["https:\/\/planet-ka.de\/vortraege-lesungen\/"]}]},{"@type":"ImageObject","inLanguage":"en-US","@id":"https:\/\/planet-ka.de\/vortraege-lesungen\/#primaryimage","url":"https:\/\/planet-ka.de\/wp-content\/uploads\/2025\/02\/La_scuola_di_Atene-1024x730.jpg","contentUrl":"https:\/\/planet-ka.de\/wp-content\/uploads\/2025\/02\/La_scuola_di_Atene-1024x730.jpg"},{"@type":"BreadcrumbList","@id":"https:\/\/planet-ka.de\/vortraege-lesungen\/#breadcrumb","itemListElement":[{"@type":"ListItem","position":1,"name":"Startseite","item":"https:\/\/planet-ka.de\/"},{"@type":"ListItem","position":2,"name":"Vortr\u00e4ge &amp; Lesungen"}]},{"@type":"WebSite","@id":"https:\/\/planet-ka.de\/#website","url":"https:\/\/planet-ka.de\/","name":"PLANET KA","description":"Cosmic Fascination","publisher":{"@id":"https:\/\/planet-ka.de\/#organization"},"potentialAction":[{"@type":"SearchAction","target":{"@type":"EntryPoint","urlTemplate":"https:\/\/planet-ka.de\/?s={search_term_string}"},"query-input":{"@type":"PropertyValueSpecification","valueRequired":true,"valueName":"search_term_string"}}],"inLanguage":"en-US"},{"@type":"Organization","@id":"https:\/\/planet-ka.de\/#organization","name":"PLANET KA","url":"https:\/\/planet-ka.de\/","logo":{"@type":"ImageObject","inLanguage":"en-US","@id":"https:\/\/planet-ka.de\/#\/schema\/logo\/image\/","url":"https:\/\/planet-ka.de\/wp-content\/uploads\/2025\/03\/cropped-Logo-Banner-Website-Jan-25_19.png","contentUrl":"https:\/\/planet-ka.de\/wp-content\/uploads\/2025\/03\/cropped-Logo-Banner-Website-Jan-25_19.png","width":225,"height":66,"caption":"PLANET KA"},"image":{"@id":"https:\/\/planet-ka.de\/#\/schema\/logo\/image\/"},"sameAs":["https:\/\/www.facebook.com\/people\/Planet-KA-Planetarium-Karlsruhe\/61573710254024\/","https:\/\/www.instagram.com\/planetarium_karlsruhe\/"]}]}},"_links":{"self":[{"href":"https:\/\/planet-ka.de\/en\/wp-json\/wp\/v2\/pages\/1798","targetHints":{"allow":["GET"]}}],"collection":[{"href":"https:\/\/planet-ka.de\/en\/wp-json\/wp\/v2\/pages"}],"about":[{"href":"https:\/\/planet-ka.de\/en\/wp-json\/wp\/v2\/types\/page"}],"author":[{"embeddable":true,"href":"https:\/\/planet-ka.de\/en\/wp-json\/wp\/v2\/users\/1"}],"replies":[{"embeddable":true,"href":"https:\/\/planet-ka.de\/en\/wp-json\/wp\/v2\/comments?post=1798"}],"version-history":[{"count":6,"href":"https:\/\/planet-ka.de\/en\/wp-json\/wp\/v2\/pages\/1798\/revisions"}],"predecessor-version":[{"id":1808,"href":"https:\/\/planet-ka.de\/en\/wp-json\/wp\/v2\/pages\/1798\/revisions\/1808"}],"wp:attachment":[{"href":"https:\/\/planet-ka.de\/en\/wp-json\/wp\/v2\/media?parent=1798"}],"curies":[{"name":"wp","href":"https:\/\/api.w.org\/{rel}","templated":true}]}}