{"id":1830,"date":"2025-02-24T12:12:48","date_gmt":"2025-02-24T11:12:48","guid":{"rendered":"https:\/\/planet-ka.de\/?page_id=1830"},"modified":"2026-02-18T11:49:33","modified_gmt":"2026-02-18T10:49:33","slug":"mitmachen-im-planet-ka","status":"publish","type":"page","link":"https:\/\/planet-ka.de\/en\/mitmachen-im-planet-ka\/","title":{"rendered":"Participate in PLANET KA"},"content":{"rendered":"<div class=\"wp-block-media-text is-stacked-on-mobile\"><figure class=\"wp-block-media-text__media\"><img loading=\"lazy\" decoding=\"async\" width=\"1024\" height=\"602\" src=\"https:\/\/planet-ka.de\/wp-content\/uploads\/2025\/02\/Arima_twins_pillars-1024x602.jpg\" alt=\"\" class=\"wp-image-1831 size-full\" srcset=\"https:\/\/planet-ka.de\/wp-content\/uploads\/2025\/02\/Arima_twins_pillars-1024x602.jpg 1024w, https:\/\/planet-ka.de\/wp-content\/uploads\/2025\/02\/Arima_twins_pillars-300x176.jpg 300w, https:\/\/planet-ka.de\/wp-content\/uploads\/2025\/02\/Arima_twins_pillars-768x452.jpg 768w, https:\/\/planet-ka.de\/wp-content\/uploads\/2025\/02\/Arima_twins_pillars-1536x903.jpg 1536w, https:\/\/planet-ka.de\/wp-content\/uploads\/2025\/02\/Arima_twins_pillars.jpg 1920w\" sizes=\"auto, (max-width: 1024px) 100vw, 1024px\" \/><\/figure><div class=\"wp-block-media-text__content\">\n<h2 class=\"wp-block-heading\">Stellenangebot &amp; ehrenamtliche Mitarbeit<\/h2>\n\n\n\n<p class=\"has-medium-font-size\"><em>Gemeinsam schaffen wir mehr Impact!<\/em><\/p>\n\n\n\n<p>Es gibt vielf\u00e4ltige M\u00f6glichkeiten, sich im PLANET KA sinnvoll und mit Gewinn zu engagieren und die Zukunft mitzugestalten. <\/p>\n<\/div><\/div>\n\n\n\n<div style=\"height:14px\" aria-hidden=\"true\" class=\"wp-block-spacer\"><\/div>\n\n\n\n<h3 class=\"wp-block-heading\">Welche M\u00f6glichkeiten, sich zu engagieren, bietet PLANET KA?<\/h3>\n\n\n\n<p>Wir befinden uns derzeit im Aufbau und bieten von daher vielf\u00e4ltige M\u00f6glichkeiten der Besch\u00e4ftigung. Dies reicht von inhaltlicher Mitwirkung und Mitgestaltung bei den Planetariumsprogrammen und -vorstellungen bis hin zu T\u00e4tigkeiten mehr im Backoffice im Bereich Kunden- &amp; G\u00e4steservice oder Marketing und Ausstellungsdesign.<\/p>\n\n\n\n<p>Eine grunds\u00e4tzliche Affinit\u00e4t mit den von PLANET KA vertretenen Themen und Werten ist die wichtigste Voraussetzung. Bei den inhaltlichen Arbeiten z\u00e4hlen \u00fcberdies die einschl\u00e4gigen Qualifikationen. Freude und Begeisterung zu den Wissens- und Kulturthemen weiterzugeben ist unser Ziel. Wer dazu etwas beitragen kann und will, m\u00f6ge sich mit seinen \/ ihren Ideen gern kurz per Mail unter jobs@planet-ka.de vorstellen. Auch R\u00fcckfragen sind dar\u00fcber m\u00f6glich. (Ausf\u00fchrliche Bewerbungsunterlagen bitte erst ggf. auf Nachfrage.)<\/p>\n\n\n\n<h4 class=\"wp-block-heading\">Entgeltliche T\u00e4tigkeiten<\/h4>\n\n\n\n<p>Wir bieten insbesondere Studierenden der einschl\u00e4gigen MINT-F\u00e4cher (einschlie\u00dflich benachbarter Gebiete) gute Gelegenheiten als Werkstudierende neben dem Studium Erfahrungen in der Wissenschaftskommunikation zu sammeln. Entsprechende Vorkenntnisse im Bereich Astronomie, gern auch mit eigener Beobachtungspraxis, sowie guter bis sehr guter sprachlicher Ausdruck im Deutschen und Englischen sowie Talent und Freude an der Wissensvermittlung und insbesondere guter Umgang mit Kindern vorausgesetzt k\u00f6nnen Sie flexibel mit 5 &#8211; 20 Wochenstunden (Durchschnitt) einsteigen. Vorstellungen gibt es von Montagfr\u00fch bis Sonntagabend. Der Einsatz kann in Anpassung an Ihren Stundenplan erfolgen, so dass Sie z.B. in den Semesterferien entsprechend mehr arbeiten. <\/p>\n\n\n\n<p>Wir verweisen hiermit ausdr\u00fccklich auch auf <a href=\"https:\/\/www.sw-ka.de\/de\/geld\/jobboard\/?id=51986\" target=\"_blank\" rel=\"noreferrer noopener\">unsere Stellenanzeige beim Studierendenwerk Karlsruhe<\/a>.<\/p>\n\n\n\n<p>Neben der Besch\u00e4ftigungsm\u00f6glichkeit f\u00fcr Werkstudierende sind prinzipiell auch Mini- oder Midijobs m\u00f6glich. Eine Vollzeitstelle bieten wir derzeit leider (noch) nicht an.<\/p>\n\n\n\n<div style=\"height:40px\" aria-hidden=\"true\" class=\"wp-block-spacer\"><\/div>\n\n\n\n<h4 class=\"wp-block-heading\">Ehrenamtliche Besch\u00e4ftigung<\/h4>\n\n\n\n<p>Als gemeinn\u00fctzige GmbH kann PLANET KA ehrenamtliche T\u00e4tigkeiten \u00fcber die Ehrenamts- bzw. \u00dcbungsleiterpauschale entgelten. Hier bestehen in Summe durchaus interessante Zuverdienstm\u00f6glichkeiten z.B. f\u00fcr Lehrkr\u00e4fte o.\u00e4. im Ruhestand, die Kindern den Sternenhimmel n\u00e4her bringen wollen, oder auch andere Personengruppen, die bei Kasse, Einlass und im kleinen Museumsshop mithelfen wollen. Auch handwerkliche, technische, organisatorisch-verwalterische Talente finden hier sicher genug zu tun. Eine kurze Vorstellung bzw. gern auch R\u00fcckfrage an jobs@planet-ka.de gen\u00fcgt. <br>Wiederum am wichtigsten w\u00e4re, dass Sie mit der Idee eines Planetariums vertraut sind und hier eine entsprechende Affinit\u00e4t mitbringen, die zum Ensemble passt.<\/p>\n\n\n\n<div style=\"height:13px\" aria-hidden=\"true\" class=\"wp-block-spacer\"><\/div>\n\n\n\n<p>Wir freuen uns auf Ihre Zuschriften. Von telefonischen R\u00fcckfragen bitten wir abzusehen.<\/p>","protected":false},"excerpt":{"rendered":"<p>Stellenangebot &amp; ehrenamtliche Mitarbeit Gemeinsam schaffen wir mehr Impact! Es gibt vielf\u00e4ltige M\u00f6glichkeiten, sich im PLANET KA sinnvoll und mit Gewinn zu engagieren und die Zukunft mitzugestalten. Welche M\u00f6glichkeiten, sich zu engagieren, bietet PLANET KA? Wir befinden uns derzeit im<\/p>","protected":false},"author":1,"featured_media":0,"parent":0,"menu_order":0,"comment_status":"closed","ping_status":"closed","template":"","meta":{"footnotes":""},"class_list":["post-1830","page","type-page","status-publish","hentry","","tg-column-two"],"featured_image_src":null,"yoast_head":"<!-- This site is optimized with the Yoast SEO plugin v27.3 - https:\/\/yoast.com\/product\/yoast-seo-wordpress\/ -->\n<title>Mitmachen im PLANET KA - PLANET KA<\/title>\n<meta name=\"robots\" content=\"index, follow, max-snippet:-1, max-image-preview:large, max-video-preview:-1\" \/>\n<link rel=\"canonical\" href=\"https:\/\/planet-ka.de\/en\/mitmachen-im-planet-ka\/\" \/>\n<meta property=\"og:locale\" content=\"en_US\" \/>\n<meta property=\"og:type\" content=\"article\" \/>\n<meta property=\"og:title\" content=\"Mitmachen im PLANET KA - PLANET KA\" \/>\n<meta property=\"og:description\" content=\"Stellenangebot &amp; ehrenamtliche Mitarbeit Gemeinsam schaffen wir mehr Impact! Es gibt vielf\u00e4ltige M\u00f6glichkeiten, sich im PLANET KA sinnvoll und mit Gewinn zu engagieren und die Zukunft mitzugestalten. Welche M\u00f6glichkeiten, sich zu engagieren, bietet PLANET KA? Wir befinden uns derzeit im\" \/>\n<meta property=\"og:url\" content=\"https:\/\/planet-ka.de\/en\/mitmachen-im-planet-ka\/\" \/>\n<meta property=\"og:site_name\" content=\"PLANET KA\" \/>\n<meta property=\"article:publisher\" content=\"https:\/\/www.facebook.com\/people\/Planet-KA-Planetarium-Karlsruhe\/61573710254024\/\" \/>\n<meta property=\"article:modified_time\" content=\"2026-02-18T10:49:33+00:00\" \/>\n<meta property=\"og:image\" content=\"https:\/\/planet-ka.de\/wp-content\/uploads\/2025\/02\/Arima_twins_pillars.jpg\" \/>\n\t<meta property=\"og:image:width\" content=\"1920\" \/>\n\t<meta property=\"og:image:height\" content=\"1129\" \/>\n\t<meta property=\"og:image:type\" content=\"image\/jpeg\" \/>\n<script type=\"application\/ld+json\" class=\"yoast-schema-graph\">{\"@context\":\"https:\\\/\\\/schema.org\",\"@graph\":[{\"@type\":\"WebPage\",\"@id\":\"https:\\\/\\\/planet-ka.de\\\/mitmachen-im-planet-ka\\\/\",\"url\":\"https:\\\/\\\/planet-ka.de\\\/mitmachen-im-planet-ka\\\/\",\"name\":\"Mitmachen im PLANET KA - PLANET KA\",\"isPartOf\":{\"@id\":\"https:\\\/\\\/planet-ka.de\\\/#website\"},\"primaryImageOfPage\":{\"@id\":\"https:\\\/\\\/planet-ka.de\\\/mitmachen-im-planet-ka\\\/#primaryimage\"},\"image\":{\"@id\":\"https:\\\/\\\/planet-ka.de\\\/mitmachen-im-planet-ka\\\/#primaryimage\"},\"thumbnailUrl\":\"https:\\\/\\\/planet-ka.de\\\/wp-content\\\/uploads\\\/2025\\\/02\\\/Arima_twins_pillars-1024x602.jpg\",\"datePublished\":\"2025-02-24T11:12:48+00:00\",\"dateModified\":\"2026-02-18T10:49:33+00:00\",\"breadcrumb\":{\"@id\":\"https:\\\/\\\/planet-ka.de\\\/mitmachen-im-planet-ka\\\/#breadcrumb\"},\"inLanguage\":\"en-US\",\"potentialAction\":[{\"@type\":\"ReadAction\",\"target\":[\"https:\\\/\\\/planet-ka.de\\\/mitmachen-im-planet-ka\\\/\"]}]},{\"@type\":\"ImageObject\",\"inLanguage\":\"en-US\",\"@id\":\"https:\\\/\\\/planet-ka.de\\\/mitmachen-im-planet-ka\\\/#primaryimage\",\"url\":\"https:\\\/\\\/planet-ka.de\\\/wp-content\\\/uploads\\\/2025\\\/02\\\/Arima_twins_pillars-1024x602.jpg\",\"contentUrl\":\"https:\\\/\\\/planet-ka.de\\\/wp-content\\\/uploads\\\/2025\\\/02\\\/Arima_twins_pillars-1024x602.jpg\"},{\"@type\":\"BreadcrumbList\",\"@id\":\"https:\\\/\\\/planet-ka.de\\\/mitmachen-im-planet-ka\\\/#breadcrumb\",\"itemListElement\":[{\"@type\":\"ListItem\",\"position\":1,\"name\":\"Startseite\",\"item\":\"https:\\\/\\\/planet-ka.de\\\/\"},{\"@type\":\"ListItem\",\"position\":2,\"name\":\"Mitmachen im PLANET KA\"}]},{\"@type\":\"WebSite\",\"@id\":\"https:\\\/\\\/planet-ka.de\\\/#website\",\"url\":\"https:\\\/\\\/planet-ka.de\\\/\",\"name\":\"PLANET KA\",\"description\":\"Faszination Kosmos\",\"publisher\":{\"@id\":\"https:\\\/\\\/planet-ka.de\\\/#organization\"},\"potentialAction\":[{\"@type\":\"SearchAction\",\"target\":{\"@type\":\"EntryPoint\",\"urlTemplate\":\"https:\\\/\\\/planet-ka.de\\\/?s={search_term_string}\"},\"query-input\":{\"@type\":\"PropertyValueSpecification\",\"valueRequired\":true,\"valueName\":\"search_term_string\"}}],\"inLanguage\":\"en-US\"},{\"@type\":\"Organization\",\"@id\":\"https:\\\/\\\/planet-ka.de\\\/#organization\",\"name\":\"PLANET KA\",\"url\":\"https:\\\/\\\/planet-ka.de\\\/\",\"logo\":{\"@type\":\"ImageObject\",\"inLanguage\":\"en-US\",\"@id\":\"https:\\\/\\\/planet-ka.de\\\/#\\\/schema\\\/logo\\\/image\\\/\",\"url\":\"https:\\\/\\\/planet-ka.de\\\/wp-content\\\/uploads\\\/2025\\\/03\\\/cropped-Logo-Banner-Website-Jan-25_19.png\",\"contentUrl\":\"https:\\\/\\\/planet-ka.de\\\/wp-content\\\/uploads\\\/2025\\\/03\\\/cropped-Logo-Banner-Website-Jan-25_19.png\",\"width\":225,\"height\":66,\"caption\":\"PLANET KA\"},\"image\":{\"@id\":\"https:\\\/\\\/planet-ka.de\\\/#\\\/schema\\\/logo\\\/image\\\/\"},\"sameAs\":[\"https:\\\/\\\/www.facebook.com\\\/people\\\/Planet-KA-Planetarium-Karlsruhe\\\/61573710254024\\\/\",\"https:\\\/\\\/www.instagram.com\\\/planetarium_karlsruhe\\\/\"]}]}<\/script>\n<!-- \/ Yoast SEO plugin. -->","yoast_head_json":{"title":"Mitmachen im PLANET KA - PLANET KA","robots":{"index":"index","follow":"follow","max-snippet":"max-snippet:-1","max-image-preview":"max-image-preview:large","max-video-preview":"max-video-preview:-1"},"canonical":"https:\/\/planet-ka.de\/en\/mitmachen-im-planet-ka\/","og_locale":"en_US","og_type":"article","og_title":"Mitmachen im PLANET KA - PLANET KA","og_description":"Stellenangebot &amp; ehrenamtliche Mitarbeit Gemeinsam schaffen wir mehr Impact! Es gibt vielf\u00e4ltige M\u00f6glichkeiten, sich im PLANET KA sinnvoll und mit Gewinn zu engagieren und die Zukunft mitzugestalten. Welche M\u00f6glichkeiten, sich zu engagieren, bietet PLANET KA? Wir befinden uns derzeit im","og_url":"https:\/\/planet-ka.de\/en\/mitmachen-im-planet-ka\/","og_site_name":"PLANET KA","article_publisher":"https:\/\/www.facebook.com\/people\/Planet-KA-Planetarium-Karlsruhe\/61573710254024\/","article_modified_time":"2026-02-18T10:49:33+00:00","og_image":[{"width":1920,"height":1129,"url":"https:\/\/planet-ka.de\/wp-content\/uploads\/2025\/02\/Arima_twins_pillars.jpg","type":"image\/jpeg"}],"schema":{"@context":"https:\/\/schema.org","@graph":[{"@type":"WebPage","@id":"https:\/\/planet-ka.de\/mitmachen-im-planet-ka\/","url":"https:\/\/planet-ka.de\/mitmachen-im-planet-ka\/","name":"Mitmachen im PLANET KA - PLANET KA","isPartOf":{"@id":"https:\/\/planet-ka.de\/#website"},"primaryImageOfPage":{"@id":"https:\/\/planet-ka.de\/mitmachen-im-planet-ka\/#primaryimage"},"image":{"@id":"https:\/\/planet-ka.de\/mitmachen-im-planet-ka\/#primaryimage"},"thumbnailUrl":"https:\/\/planet-ka.de\/wp-content\/uploads\/2025\/02\/Arima_twins_pillars-1024x602.jpg","datePublished":"2025-02-24T11:12:48+00:00","dateModified":"2026-02-18T10:49:33+00:00","breadcrumb":{"@id":"https:\/\/planet-ka.de\/mitmachen-im-planet-ka\/#breadcrumb"},"inLanguage":"en-US","potentialAction":[{"@type":"ReadAction","target":["https:\/\/planet-ka.de\/mitmachen-im-planet-ka\/"]}]},{"@type":"ImageObject","inLanguage":"en-US","@id":"https:\/\/planet-ka.de\/mitmachen-im-planet-ka\/#primaryimage","url":"https:\/\/planet-ka.de\/wp-content\/uploads\/2025\/02\/Arima_twins_pillars-1024x602.jpg","contentUrl":"https:\/\/planet-ka.de\/wp-content\/uploads\/2025\/02\/Arima_twins_pillars-1024x602.jpg"},{"@type":"BreadcrumbList","@id":"https:\/\/planet-ka.de\/mitmachen-im-planet-ka\/#breadcrumb","itemListElement":[{"@type":"ListItem","position":1,"name":"Startseite","item":"https:\/\/planet-ka.de\/"},{"@type":"ListItem","position":2,"name":"Mitmachen im PLANET KA"}]},{"@type":"WebSite","@id":"https:\/\/planet-ka.de\/#website","url":"https:\/\/planet-ka.de\/","name":"PLANET KA","description":"Cosmic Fascination","publisher":{"@id":"https:\/\/planet-ka.de\/#organization"},"potentialAction":[{"@type":"SearchAction","target":{"@type":"EntryPoint","urlTemplate":"https:\/\/planet-ka.de\/?s={search_term_string}"},"query-input":{"@type":"PropertyValueSpecification","valueRequired":true,"valueName":"search_term_string"}}],"inLanguage":"en-US"},{"@type":"Organization","@id":"https:\/\/planet-ka.de\/#organization","name":"PLANET KA","url":"https:\/\/planet-ka.de\/","logo":{"@type":"ImageObject","inLanguage":"en-US","@id":"https:\/\/planet-ka.de\/#\/schema\/logo\/image\/","url":"https:\/\/planet-ka.de\/wp-content\/uploads\/2025\/03\/cropped-Logo-Banner-Website-Jan-25_19.png","contentUrl":"https:\/\/planet-ka.de\/wp-content\/uploads\/2025\/03\/cropped-Logo-Banner-Website-Jan-25_19.png","width":225,"height":66,"caption":"PLANET KA"},"image":{"@id":"https:\/\/planet-ka.de\/#\/schema\/logo\/image\/"},"sameAs":["https:\/\/www.facebook.com\/people\/Planet-KA-Planetarium-Karlsruhe\/61573710254024\/","https:\/\/www.instagram.com\/planetarium_karlsruhe\/"]}]}},"_links":{"self":[{"href":"https:\/\/planet-ka.de\/en\/wp-json\/wp\/v2\/pages\/1830","targetHints":{"allow":["GET"]}}],"collection":[{"href":"https:\/\/planet-ka.de\/en\/wp-json\/wp\/v2\/pages"}],"about":[{"href":"https:\/\/planet-ka.de\/en\/wp-json\/wp\/v2\/types\/page"}],"author":[{"embeddable":true,"href":"https:\/\/planet-ka.de\/en\/wp-json\/wp\/v2\/users\/1"}],"replies":[{"embeddable":true,"href":"https:\/\/planet-ka.de\/en\/wp-json\/wp\/v2\/comments?post=1830"}],"version-history":[{"count":2,"href":"https:\/\/planet-ka.de\/en\/wp-json\/wp\/v2\/pages\/1830\/revisions"}],"predecessor-version":[{"id":3492,"href":"https:\/\/planet-ka.de\/en\/wp-json\/wp\/v2\/pages\/1830\/revisions\/3492"}],"wp:attachment":[{"href":"https:\/\/planet-ka.de\/en\/wp-json\/wp\/v2\/media?parent=1830"}],"curies":[{"name":"wp","href":"https:\/\/api.w.org\/{rel}","templated":true}]}}