{"id":1918,"date":"2025-02-24T15:06:36","date_gmt":"2025-02-24T14:06:36","guid":{"rendered":"https:\/\/planet-ka.de\/?page_id=1918"},"modified":"2025-10-09T15:12:20","modified_gmt":"2025-10-09T13:12:20","slug":"impressum","status":"publish","type":"page","link":"https:\/\/planet-ka.de\/en\/impressum\/","title":{"rendered":"Imprint"},"content":{"rendered":"<h3 class=\"wp-block-heading\">Imprint<\/h3>\n\n\n\n<p><strong>PLANET KA Planetarium Karlsruhe gGmbH<br><\/strong>Old Slaughterhouse 4<br>76131 Karlsruhe<br>Tel. 0721-27660804<br>Email: info@planet-ka.de<\/p>\n\n\n\n<p>Location: Karlsruhe<br>Register: HRB 753035<br>Local Court Mannheim<br>VAT ID: DE450332760<br>Vertreten durch: Bj\u00f6rn Wirtjes<\/p>\n\n\n\n<p><strong>Redaktionell verantwortlich: <br><\/strong>Bj\u00f6rn Wirtjes<br>Anschrift und Kontakt wie oben<\/p>\n\n\n\n<p><strong>EU-Streitschlichtung:<br><\/strong>Die Europ\u00e4ische Kommission stellt eine Plattform zur Online-Streitbeilegung (OS) bereit:<br>https:\/\/ec.europa.eu\/consumers\/odr\/.<br>Unsere E-Mail-Adresse finden Sie oben im Impressum.<\/p>\n\n\n\n<p>Verbraucherstreitbeilegung\/Universalschlichtungsstelle:<br>Wir sind nicht bereit oder verpflichtet, an Streitbeilegungsverfahren vor einer Verbraucherschlichtungsstelle teilzunehmen.<\/p>\n\n\n\n<p><\/p>\n\n\n\n<div style=\"height:32px\" aria-hidden=\"true\" class=\"wp-block-spacer\"><\/div>\n\n\n<div class=\"wp-block-ub-divider ub_divider ub-divider-orientation-horizontal\" id=\"ub_divider_c74828d6-9c29-4291-b72e-a4119a73d407\"><div class=\"ub_divider_wrapper\" style=\"position: relative; margin-bottom: 2px; width: 100%; height: 2px; \" data-divider-alignment=\"center\"><div class=\"ub_divider_line\" style=\"border-top: 2px solid #ccc; margin-top: 2px; \"><\/div><\/div><\/div>\n\n\n<div style=\"height:36px\" aria-hidden=\"true\" class=\"wp-block-spacer\"><\/div>\n\n\n\n<p id=\"bankverbindung\"><strong>Bankverbindung<\/strong> (auch f\u00fcr Spenden):<br>Kontoname: PLANET KA Planetarium Karlsruhe gGmbH<br>IBAN: DE02 6619 0000 0096 2434 72<br>BIC: GENO DE61 KA1<br>Bank: Volksbank pur<\/p>","protected":false},"excerpt":{"rendered":"<p>Impressum PLANET KA Planetarium Karlsruhe gGmbHAlter Schlachthof 476131 KarlsruheTel. 0721-27660804Mail: info@planet-ka.de Sitz: KarlsruheRegister: HRB 753035Amtsgericht MannheimUSt-ID: DE450332760Vertreten durch: Bj\u00f6rn Wirtjes Redaktionell verantwortlich: Bj\u00f6rn WirtjesAnschrift und Kontakt wie oben EU-Streitschlichtung:Die Europ\u00e4ische Kommission stellt eine Plattform zur Online-Streitbeilegung (OS) bereit:https:\/\/ec.europa.eu\/consumers\/odr\/.Unsere E-Mail-Adresse finden<\/p>","protected":false},"author":1,"featured_media":0,"parent":0,"menu_order":0,"comment_status":"closed","ping_status":"closed","template":"","meta":{"footnotes":""},"class_list":["post-1918","page","type-page","status-publish","hentry","","tg-column-two"],"featured_image_src":null,"yoast_head":"<!-- This site is optimized with the Yoast SEO plugin v27.3 - https:\/\/yoast.com\/product\/yoast-seo-wordpress\/ -->\n<title>Impressum - PLANET KA<\/title>\n<meta name=\"robots\" content=\"index, follow, max-snippet:-1, max-image-preview:large, max-video-preview:-1\" \/>\n<link rel=\"canonical\" href=\"https:\/\/planet-ka.de\/en\/impressum\/\" \/>\n<meta property=\"og:locale\" content=\"en_US\" \/>\n<meta property=\"og:type\" content=\"article\" \/>\n<meta property=\"og:title\" content=\"Impressum - PLANET KA\" \/>\n<meta property=\"og:description\" content=\"Impressum PLANET KA Planetarium Karlsruhe gGmbHAlter Schlachthof 476131 KarlsruheTel. 0721-27660804Mail: info@planet-ka.de Sitz: KarlsruheRegister: HRB 753035Amtsgericht MannheimUSt-ID: DE450332760Vertreten durch: Bj\u00f6rn Wirtjes Redaktionell verantwortlich: Bj\u00f6rn WirtjesAnschrift und Kontakt wie oben EU-Streitschlichtung:Die Europ\u00e4ische Kommission stellt eine Plattform zur Online-Streitbeilegung (OS) bereit:https:\/\/ec.europa.eu\/consumers\/odr\/.Unsere E-Mail-Adresse finden\" \/>\n<meta property=\"og:url\" content=\"https:\/\/planet-ka.de\/en\/impressum\/\" \/>\n<meta property=\"og:site_name\" content=\"PLANET KA\" \/>\n<meta property=\"article:publisher\" content=\"https:\/\/www.facebook.com\/people\/Planet-KA-Planetarium-Karlsruhe\/61573710254024\/\" \/>\n<meta property=\"article:modified_time\" content=\"2025-10-09T13:12:20+00:00\" \/>\n<script type=\"application\/ld+json\" class=\"yoast-schema-graph\">{\"@context\":\"https:\\\/\\\/schema.org\",\"@graph\":[{\"@type\":\"WebPage\",\"@id\":\"https:\\\/\\\/planet-ka.de\\\/impressum\\\/\",\"url\":\"https:\\\/\\\/planet-ka.de\\\/impressum\\\/\",\"name\":\"Impressum - PLANET KA\",\"isPartOf\":{\"@id\":\"https:\\\/\\\/planet-ka.de\\\/#website\"},\"datePublished\":\"2025-02-24T14:06:36+00:00\",\"dateModified\":\"2025-10-09T13:12:20+00:00\",\"breadcrumb\":{\"@id\":\"https:\\\/\\\/planet-ka.de\\\/impressum\\\/#breadcrumb\"},\"inLanguage\":\"en-US\",\"potentialAction\":[{\"@type\":\"ReadAction\",\"target\":[\"https:\\\/\\\/planet-ka.de\\\/impressum\\\/\"]}]},{\"@type\":\"BreadcrumbList\",\"@id\":\"https:\\\/\\\/planet-ka.de\\\/impressum\\\/#breadcrumb\",\"itemListElement\":[{\"@type\":\"ListItem\",\"position\":1,\"name\":\"Startseite\",\"item\":\"https:\\\/\\\/planet-ka.de\\\/\"},{\"@type\":\"ListItem\",\"position\":2,\"name\":\"Impressum\"}]},{\"@type\":\"WebSite\",\"@id\":\"https:\\\/\\\/planet-ka.de\\\/#website\",\"url\":\"https:\\\/\\\/planet-ka.de\\\/\",\"name\":\"PLANET KA\",\"description\":\"Faszination Kosmos\",\"publisher\":{\"@id\":\"https:\\\/\\\/planet-ka.de\\\/#organization\"},\"potentialAction\":[{\"@type\":\"SearchAction\",\"target\":{\"@type\":\"EntryPoint\",\"urlTemplate\":\"https:\\\/\\\/planet-ka.de\\\/?s={search_term_string}\"},\"query-input\":{\"@type\":\"PropertyValueSpecification\",\"valueRequired\":true,\"valueName\":\"search_term_string\"}}],\"inLanguage\":\"en-US\"},{\"@type\":\"Organization\",\"@id\":\"https:\\\/\\\/planet-ka.de\\\/#organization\",\"name\":\"PLANET KA\",\"url\":\"https:\\\/\\\/planet-ka.de\\\/\",\"logo\":{\"@type\":\"ImageObject\",\"inLanguage\":\"en-US\",\"@id\":\"https:\\\/\\\/planet-ka.de\\\/#\\\/schema\\\/logo\\\/image\\\/\",\"url\":\"https:\\\/\\\/planet-ka.de\\\/wp-content\\\/uploads\\\/2025\\\/03\\\/cropped-Logo-Banner-Website-Jan-25_19.png\",\"contentUrl\":\"https:\\\/\\\/planet-ka.de\\\/wp-content\\\/uploads\\\/2025\\\/03\\\/cropped-Logo-Banner-Website-Jan-25_19.png\",\"width\":225,\"height\":66,\"caption\":\"PLANET KA\"},\"image\":{\"@id\":\"https:\\\/\\\/planet-ka.de\\\/#\\\/schema\\\/logo\\\/image\\\/\"},\"sameAs\":[\"https:\\\/\\\/www.facebook.com\\\/people\\\/Planet-KA-Planetarium-Karlsruhe\\\/61573710254024\\\/\",\"https:\\\/\\\/www.instagram.com\\\/planetarium_karlsruhe\\\/\"]}]}<\/script>\n<!-- \/ Yoast SEO plugin. -->","yoast_head_json":{"title":"Impressum - PLANET KA","robots":{"index":"index","follow":"follow","max-snippet":"max-snippet:-1","max-image-preview":"max-image-preview:large","max-video-preview":"max-video-preview:-1"},"canonical":"https:\/\/planet-ka.de\/en\/impressum\/","og_locale":"en_US","og_type":"article","og_title":"Impressum - PLANET KA","og_description":"Impressum PLANET KA Planetarium Karlsruhe gGmbHAlter Schlachthof 476131 KarlsruheTel. 0721-27660804Mail: info@planet-ka.de Sitz: KarlsruheRegister: HRB 753035Amtsgericht MannheimUSt-ID: DE450332760Vertreten durch: Bj\u00f6rn Wirtjes Redaktionell verantwortlich: Bj\u00f6rn WirtjesAnschrift und Kontakt wie oben EU-Streitschlichtung:Die Europ\u00e4ische Kommission stellt eine Plattform zur Online-Streitbeilegung (OS) bereit:https:\/\/ec.europa.eu\/consumers\/odr\/.Unsere E-Mail-Adresse finden","og_url":"https:\/\/planet-ka.de\/en\/impressum\/","og_site_name":"PLANET KA","article_publisher":"https:\/\/www.facebook.com\/people\/Planet-KA-Planetarium-Karlsruhe\/61573710254024\/","article_modified_time":"2025-10-09T13:12:20+00:00","schema":{"@context":"https:\/\/schema.org","@graph":[{"@type":"WebPage","@id":"https:\/\/planet-ka.de\/impressum\/","url":"https:\/\/planet-ka.de\/impressum\/","name":"Impressum - PLANET KA","isPartOf":{"@id":"https:\/\/planet-ka.de\/#website"},"datePublished":"2025-02-24T14:06:36+00:00","dateModified":"2025-10-09T13:12:20+00:00","breadcrumb":{"@id":"https:\/\/planet-ka.de\/impressum\/#breadcrumb"},"inLanguage":"en-US","potentialAction":[{"@type":"ReadAction","target":["https:\/\/planet-ka.de\/impressum\/"]}]},{"@type":"BreadcrumbList","@id":"https:\/\/planet-ka.de\/impressum\/#breadcrumb","itemListElement":[{"@type":"ListItem","position":1,"name":"Startseite","item":"https:\/\/planet-ka.de\/"},{"@type":"ListItem","position":2,"name":"Impressum"}]},{"@type":"WebSite","@id":"https:\/\/planet-ka.de\/#website","url":"https:\/\/planet-ka.de\/","name":"PLANET KA","description":"Cosmic Fascination","publisher":{"@id":"https:\/\/planet-ka.de\/#organization"},"potentialAction":[{"@type":"SearchAction","target":{"@type":"EntryPoint","urlTemplate":"https:\/\/planet-ka.de\/?s={search_term_string}"},"query-input":{"@type":"PropertyValueSpecification","valueRequired":true,"valueName":"search_term_string"}}],"inLanguage":"en-US"},{"@type":"Organization","@id":"https:\/\/planet-ka.de\/#organization","name":"PLANET KA","url":"https:\/\/planet-ka.de\/","logo":{"@type":"ImageObject","inLanguage":"en-US","@id":"https:\/\/planet-ka.de\/#\/schema\/logo\/image\/","url":"https:\/\/planet-ka.de\/wp-content\/uploads\/2025\/03\/cropped-Logo-Banner-Website-Jan-25_19.png","contentUrl":"https:\/\/planet-ka.de\/wp-content\/uploads\/2025\/03\/cropped-Logo-Banner-Website-Jan-25_19.png","width":225,"height":66,"caption":"PLANET KA"},"image":{"@id":"https:\/\/planet-ka.de\/#\/schema\/logo\/image\/"},"sameAs":["https:\/\/www.facebook.com\/people\/Planet-KA-Planetarium-Karlsruhe\/61573710254024\/","https:\/\/www.instagram.com\/planetarium_karlsruhe\/"]}]}},"_links":{"self":[{"href":"https:\/\/planet-ka.de\/en\/wp-json\/wp\/v2\/pages\/1918","targetHints":{"allow":["GET"]}}],"collection":[{"href":"https:\/\/planet-ka.de\/en\/wp-json\/wp\/v2\/pages"}],"about":[{"href":"https:\/\/planet-ka.de\/en\/wp-json\/wp\/v2\/types\/page"}],"author":[{"embeddable":true,"href":"https:\/\/planet-ka.de\/en\/wp-json\/wp\/v2\/users\/1"}],"replies":[{"embeddable":true,"href":"https:\/\/planet-ka.de\/en\/wp-json\/wp\/v2\/comments?post=1918"}],"version-history":[{"count":9,"href":"https:\/\/planet-ka.de\/en\/wp-json\/wp\/v2\/pages\/1918\/revisions"}],"predecessor-version":[{"id":3085,"href":"https:\/\/planet-ka.de\/en\/wp-json\/wp\/v2\/pages\/1918\/revisions\/3085"}],"wp:attachment":[{"href":"https:\/\/planet-ka.de\/en\/wp-json\/wp\/v2\/media?parent=1918"}],"curies":[{"name":"wp","href":"https:\/\/api.w.org\/{rel}","templated":true}]}}