{"id":1989,"date":"2025-02-24T19:23:25","date_gmt":"2025-02-24T18:23:25","guid":{"rendered":"https:\/\/planet-ka.de\/?page_id=1989"},"modified":"2025-02-24T19:29:52","modified_gmt":"2025-02-24T18:29:52","slug":"ilumbra-planet-ka","status":"publish","type":"page","link":"https:\/\/planet-ka.de\/en\/ilumbra-planet-ka\/","title":{"rendered":"Illuminate @PLANET KA"},"content":{"rendered":"<div class=\"wp-block-media-text is-stacked-on-mobile\" style=\"grid-template-columns:55% auto\"><figure class=\"wp-block-media-text__media\"><img loading=\"lazy\" decoding=\"async\" width=\"1024\" height=\"395\" src=\"https:\/\/planet-ka.de\/wp-content\/uploads\/2025\/02\/ilumbra_Fibrilium_Milchstrasse_Orionnebel_Ringnebel_1c-1024x395.png\" alt=\"\" class=\"wp-image-1821 size-full\" srcset=\"https:\/\/planet-ka.de\/wp-content\/uploads\/2025\/02\/ilumbra_Fibrilium_Milchstrasse_Orionnebel_Ringnebel_1c-1024x395.png 1024w, https:\/\/planet-ka.de\/wp-content\/uploads\/2025\/02\/ilumbra_Fibrilium_Milchstrasse_Orionnebel_Ringnebel_1c-300x116.png 300w, https:\/\/planet-ka.de\/wp-content\/uploads\/2025\/02\/ilumbra_Fibrilium_Milchstrasse_Orionnebel_Ringnebel_1c-768x296.png 768w, https:\/\/planet-ka.de\/wp-content\/uploads\/2025\/02\/ilumbra_Fibrilium_Milchstrasse_Orionnebel_Ringnebel_1c.png 1134w\" sizes=\"auto, (max-width: 1024px) 100vw, 1024px\" \/><\/figure><div class=\"wp-block-media-text__content\">\n<h3 class=\"wp-block-heading\">Weltneuheit: Fibrilium-Modelle kosmischer Objekte<\/h3>\n\n\n\n<p>Erleben Sie eine v\u00f6llig neue Wahrnehmungsweise: Galaxien, Sternentstehungs-Regionen und planetarische Nebel als leuchtende 3D-Skulpturen aus Fibrilium. Bewegen Sie sich &#8222;leibhaftig&#8220; in &#8222;\u00dcberlichtgeschwindigkeit&#8220; durch diesen Kosmos, Ihr Kopf das Raumschiff, Ihr Auge die Kamera.<\/p>\n<\/div><\/div>\n\n\n\n<div style=\"height:18px\" aria-hidden=\"true\" class=\"wp-block-spacer\"><\/div>\n\n\n\n<h3 class=\"wp-block-heading\">Proudly presenting: ilumbras Fibrilium-Modelle &#8211; ausgestellt im PLANET KA <\/h3>\n\n\n\n<h4 class=\"wp-block-heading\">Den Kosmos leibhaftig in 3D erfahren<\/h4>\n\n\n\n<p>Astrophysiker Wolfgang Steffen aus der Eifel erschafft mit einer neuartigen Methode, \u201cFibrilium\u201d genannt, anschauliche und faszinierend leuchtende 3D-Modelle von kosmischen Objekten aus den Tiefen des Alls: Galaxien, Sternentstehungsregionen,&nbsp;planetarische Nebel, Quasare,&nbsp;u.v.a.m.&nbsp;Die Modelle basieren auf den aktuellen wissenschaftlichen Erkenntnissen und verschmelzen Kunst und Wissenschaft.&nbsp;<\/p>\n\n\n\n<p>Seien Sie selbst das Raumschiff, das mit scheinbarer \u00dcberlichtgeschwindigkeit um Galaxien, Nebel und schwarze&nbsp;L\u00f6cher fliegt. Erleben Sie, wie es w\u00e4re, wenn Sie \u201cals Riese im All\u201d umher schweben k\u00f6nnten.<\/p>\n\n\n\n<p>Anders als bei passiv konsumierten 3D-Videoinhalten erleben Sie eine f\u00fcr die Astronomie v\u00f6llig neuartige Wahrnehmungsweise. Hier sind Sie r\u00e4umlich-k\u00f6rperlich selbst aktiv beteiligt und haben ein unvergessliches Weltraum-Reiseerlebnis, wie es das, au\u00dfer&nbsp;demn\u00e4chst in Paraguay, noch nirgendwo anders auf der Welt gibt.<\/p>\n\n\n\n<p>Hier geht es zur Seite von\u00a0<strong><a href=\"https:\/\/ilumbra.com\/products.html?id=4\" target=\"_blank\" rel=\"noreferrer noopener\">ilumbra<\/a><\/strong>. Dort finden Sie auch reiches Bildmaterial.<\/p>\n\n\n\n<p>Es ist jedoch &#8211; \u00e4hnlich wie im Verh\u00e4ltnis von Skulptur zu Malerei &#8211; etwas v\u00f6llig anderes, die Exponate im Raum leibhaftig zu erleben und um sie herumzuwandeln, den Blick zu heben und zu senken&#8230; mit der Zeit stellt sich, zumal mit der umgebenden Schw\u00e4rze des abgedunkelten Raumes, der besagte &#8222;Raumschiff-Effekt&#8220; ein. Als fl\u00f6ge man mit \u00dcberlichtgeschwindigkeit Lichtjahre weit in wenigen Sekunden.<\/p>","protected":false},"excerpt":{"rendered":"<p>Weltneuheit: Fibrilium-Modelle kosmischer Objekte Erleben Sie eine v\u00f6llig neue Wahrnehmungsweise: Galaxien, Sternentstehungs-Regionen und planetarische Nebel als leuchtende 3D-Skulpturen aus Fibrilium. Bewegen Sie sich &#8222;leibhaftig&#8220; in &#8222;\u00dcberlichtgeschwindigkeit&#8220; durch diesen Kosmos, Ihr Kopf das Raumschiff, Ihr Auge die Kamera. Proudly presenting: ilumbras<\/p>","protected":false},"author":1,"featured_media":1814,"parent":0,"menu_order":0,"comment_status":"closed","ping_status":"closed","template":"","meta":{"footnotes":""},"class_list":["post-1989","page","type-page","status-publish","has-post-thumbnail","hentry","","tg-column-two"],"featured_image_src":"https:\/\/planet-ka.de\/wp-content\/uploads\/2025\/02\/Fibril-slider-3_1.jpg","yoast_head":"<!-- This site is optimized with the Yoast SEO plugin v27.3 - https:\/\/yoast.com\/product\/yoast-seo-wordpress\/ -->\n<title>Ilumbra @PLANET KA - PLANET KA<\/title>\n<meta name=\"robots\" content=\"index, follow, max-snippet:-1, max-image-preview:large, max-video-preview:-1\" \/>\n<link rel=\"canonical\" href=\"https:\/\/planet-ka.de\/en\/ilumbra-planet-ka\/\" \/>\n<meta property=\"og:locale\" content=\"en_US\" \/>\n<meta property=\"og:type\" content=\"article\" \/>\n<meta property=\"og:title\" content=\"Ilumbra @PLANET KA - PLANET KA\" \/>\n<meta property=\"og:description\" content=\"Weltneuheit: Fibrilium-Modelle kosmischer Objekte Erleben Sie eine v\u00f6llig neue Wahrnehmungsweise: Galaxien, Sternentstehungs-Regionen und planetarische Nebel als leuchtende 3D-Skulpturen aus Fibrilium. Bewegen Sie sich &#8222;leibhaftig&#8220; in &#8222;\u00dcberlichtgeschwindigkeit&#8220; durch diesen Kosmos, Ihr Kopf das Raumschiff, Ihr Auge die Kamera. Proudly presenting: ilumbras\" \/>\n<meta property=\"og:url\" content=\"https:\/\/planet-ka.de\/en\/ilumbra-planet-ka\/\" \/>\n<meta property=\"og:site_name\" content=\"PLANET KA\" \/>\n<meta property=\"article:publisher\" content=\"https:\/\/www.facebook.com\/people\/Planet-KA-Planetarium-Karlsruhe\/61573710254024\/\" \/>\n<meta property=\"article:modified_time\" content=\"2025-02-24T18:29:52+00:00\" \/>\n<meta property=\"og:image\" content=\"https:\/\/planet-ka.de\/wp-content\/uploads\/2025\/02\/Fibril-slider-3_1.jpg\" \/>\n\t<meta property=\"og:image:width\" content=\"1134\" \/>\n\t<meta property=\"og:image:height\" content=\"437\" \/>\n\t<meta property=\"og:image:type\" content=\"image\/jpeg\" \/>\n<script type=\"application\/ld+json\" class=\"yoast-schema-graph\">{\"@context\":\"https:\\\/\\\/schema.org\",\"@graph\":[{\"@type\":\"WebPage\",\"@id\":\"https:\\\/\\\/planet-ka.de\\\/ilumbra-planet-ka\\\/\",\"url\":\"https:\\\/\\\/planet-ka.de\\\/ilumbra-planet-ka\\\/\",\"name\":\"Ilumbra @PLANET KA - PLANET KA\",\"isPartOf\":{\"@id\":\"https:\\\/\\\/planet-ka.de\\\/#website\"},\"primaryImageOfPage\":{\"@id\":\"https:\\\/\\\/planet-ka.de\\\/ilumbra-planet-ka\\\/#primaryimage\"},\"image\":{\"@id\":\"https:\\\/\\\/planet-ka.de\\\/ilumbra-planet-ka\\\/#primaryimage\"},\"thumbnailUrl\":\"https:\\\/\\\/planet-ka.de\\\/wp-content\\\/uploads\\\/2025\\\/02\\\/Fibril-slider-3_1.jpg\",\"datePublished\":\"2025-02-24T18:23:25+00:00\",\"dateModified\":\"2025-02-24T18:29:52+00:00\",\"breadcrumb\":{\"@id\":\"https:\\\/\\\/planet-ka.de\\\/ilumbra-planet-ka\\\/#breadcrumb\"},\"inLanguage\":\"en-US\",\"potentialAction\":[{\"@type\":\"ReadAction\",\"target\":[\"https:\\\/\\\/planet-ka.de\\\/ilumbra-planet-ka\\\/\"]}]},{\"@type\":\"ImageObject\",\"inLanguage\":\"en-US\",\"@id\":\"https:\\\/\\\/planet-ka.de\\\/ilumbra-planet-ka\\\/#primaryimage\",\"url\":\"https:\\\/\\\/planet-ka.de\\\/wp-content\\\/uploads\\\/2025\\\/02\\\/Fibril-slider-3_1.jpg\",\"contentUrl\":\"https:\\\/\\\/planet-ka.de\\\/wp-content\\\/uploads\\\/2025\\\/02\\\/Fibril-slider-3_1.jpg\",\"width\":1134,\"height\":437},{\"@type\":\"BreadcrumbList\",\"@id\":\"https:\\\/\\\/planet-ka.de\\\/ilumbra-planet-ka\\\/#breadcrumb\",\"itemListElement\":[{\"@type\":\"ListItem\",\"position\":1,\"name\":\"Startseite\",\"item\":\"https:\\\/\\\/planet-ka.de\\\/\"},{\"@type\":\"ListItem\",\"position\":2,\"name\":\"Ilumbra @PLANET KA\"}]},{\"@type\":\"WebSite\",\"@id\":\"https:\\\/\\\/planet-ka.de\\\/#website\",\"url\":\"https:\\\/\\\/planet-ka.de\\\/\",\"name\":\"PLANET KA\",\"description\":\"Faszination Kosmos\",\"publisher\":{\"@id\":\"https:\\\/\\\/planet-ka.de\\\/#organization\"},\"potentialAction\":[{\"@type\":\"SearchAction\",\"target\":{\"@type\":\"EntryPoint\",\"urlTemplate\":\"https:\\\/\\\/planet-ka.de\\\/?s={search_term_string}\"},\"query-input\":{\"@type\":\"PropertyValueSpecification\",\"valueRequired\":true,\"valueName\":\"search_term_string\"}}],\"inLanguage\":\"en-US\"},{\"@type\":\"Organization\",\"@id\":\"https:\\\/\\\/planet-ka.de\\\/#organization\",\"name\":\"PLANET KA\",\"url\":\"https:\\\/\\\/planet-ka.de\\\/\",\"logo\":{\"@type\":\"ImageObject\",\"inLanguage\":\"en-US\",\"@id\":\"https:\\\/\\\/planet-ka.de\\\/#\\\/schema\\\/logo\\\/image\\\/\",\"url\":\"https:\\\/\\\/planet-ka.de\\\/wp-content\\\/uploads\\\/2025\\\/03\\\/cropped-Logo-Banner-Website-Jan-25_19.png\",\"contentUrl\":\"https:\\\/\\\/planet-ka.de\\\/wp-content\\\/uploads\\\/2025\\\/03\\\/cropped-Logo-Banner-Website-Jan-25_19.png\",\"width\":225,\"height\":66,\"caption\":\"PLANET KA\"},\"image\":{\"@id\":\"https:\\\/\\\/planet-ka.de\\\/#\\\/schema\\\/logo\\\/image\\\/\"},\"sameAs\":[\"https:\\\/\\\/www.facebook.com\\\/people\\\/Planet-KA-Planetarium-Karlsruhe\\\/61573710254024\\\/\",\"https:\\\/\\\/www.instagram.com\\\/planetarium_karlsruhe\\\/\"]}]}<\/script>\n<!-- \/ Yoast SEO plugin. -->","yoast_head_json":{"title":"Ilumbra @PLANET KA - PLANET KA","robots":{"index":"index","follow":"follow","max-snippet":"max-snippet:-1","max-image-preview":"max-image-preview:large","max-video-preview":"max-video-preview:-1"},"canonical":"https:\/\/planet-ka.de\/en\/ilumbra-planet-ka\/","og_locale":"en_US","og_type":"article","og_title":"Ilumbra @PLANET KA - PLANET KA","og_description":"Weltneuheit: Fibrilium-Modelle kosmischer Objekte Erleben Sie eine v\u00f6llig neue Wahrnehmungsweise: Galaxien, Sternentstehungs-Regionen und planetarische Nebel als leuchtende 3D-Skulpturen aus Fibrilium. Bewegen Sie sich &#8222;leibhaftig&#8220; in &#8222;\u00dcberlichtgeschwindigkeit&#8220; durch diesen Kosmos, Ihr Kopf das Raumschiff, Ihr Auge die Kamera. Proudly presenting: ilumbras","og_url":"https:\/\/planet-ka.de\/en\/ilumbra-planet-ka\/","og_site_name":"PLANET KA","article_publisher":"https:\/\/www.facebook.com\/people\/Planet-KA-Planetarium-Karlsruhe\/61573710254024\/","article_modified_time":"2025-02-24T18:29:52+00:00","og_image":[{"width":1134,"height":437,"url":"https:\/\/planet-ka.de\/wp-content\/uploads\/2025\/02\/Fibril-slider-3_1.jpg","type":"image\/jpeg"}],"schema":{"@context":"https:\/\/schema.org","@graph":[{"@type":"WebPage","@id":"https:\/\/planet-ka.de\/ilumbra-planet-ka\/","url":"https:\/\/planet-ka.de\/ilumbra-planet-ka\/","name":"Ilumbra @PLANET KA - PLANET KA","isPartOf":{"@id":"https:\/\/planet-ka.de\/#website"},"primaryImageOfPage":{"@id":"https:\/\/planet-ka.de\/ilumbra-planet-ka\/#primaryimage"},"image":{"@id":"https:\/\/planet-ka.de\/ilumbra-planet-ka\/#primaryimage"},"thumbnailUrl":"https:\/\/planet-ka.de\/wp-content\/uploads\/2025\/02\/Fibril-slider-3_1.jpg","datePublished":"2025-02-24T18:23:25+00:00","dateModified":"2025-02-24T18:29:52+00:00","breadcrumb":{"@id":"https:\/\/planet-ka.de\/ilumbra-planet-ka\/#breadcrumb"},"inLanguage":"en-US","potentialAction":[{"@type":"ReadAction","target":["https:\/\/planet-ka.de\/ilumbra-planet-ka\/"]}]},{"@type":"ImageObject","inLanguage":"en-US","@id":"https:\/\/planet-ka.de\/ilumbra-planet-ka\/#primaryimage","url":"https:\/\/planet-ka.de\/wp-content\/uploads\/2025\/02\/Fibril-slider-3_1.jpg","contentUrl":"https:\/\/planet-ka.de\/wp-content\/uploads\/2025\/02\/Fibril-slider-3_1.jpg","width":1134,"height":437},{"@type":"BreadcrumbList","@id":"https:\/\/planet-ka.de\/ilumbra-planet-ka\/#breadcrumb","itemListElement":[{"@type":"ListItem","position":1,"name":"Startseite","item":"https:\/\/planet-ka.de\/"},{"@type":"ListItem","position":2,"name":"Ilumbra @PLANET KA"}]},{"@type":"WebSite","@id":"https:\/\/planet-ka.de\/#website","url":"https:\/\/planet-ka.de\/","name":"PLANET KA","description":"Cosmic Fascination","publisher":{"@id":"https:\/\/planet-ka.de\/#organization"},"potentialAction":[{"@type":"SearchAction","target":{"@type":"EntryPoint","urlTemplate":"https:\/\/planet-ka.de\/?s={search_term_string}"},"query-input":{"@type":"PropertyValueSpecification","valueRequired":true,"valueName":"search_term_string"}}],"inLanguage":"en-US"},{"@type":"Organization","@id":"https:\/\/planet-ka.de\/#organization","name":"PLANET KA","url":"https:\/\/planet-ka.de\/","logo":{"@type":"ImageObject","inLanguage":"en-US","@id":"https:\/\/planet-ka.de\/#\/schema\/logo\/image\/","url":"https:\/\/planet-ka.de\/wp-content\/uploads\/2025\/03\/cropped-Logo-Banner-Website-Jan-25_19.png","contentUrl":"https:\/\/planet-ka.de\/wp-content\/uploads\/2025\/03\/cropped-Logo-Banner-Website-Jan-25_19.png","width":225,"height":66,"caption":"PLANET KA"},"image":{"@id":"https:\/\/planet-ka.de\/#\/schema\/logo\/image\/"},"sameAs":["https:\/\/www.facebook.com\/people\/Planet-KA-Planetarium-Karlsruhe\/61573710254024\/","https:\/\/www.instagram.com\/planetarium_karlsruhe\/"]}]}},"_links":{"self":[{"href":"https:\/\/planet-ka.de\/en\/wp-json\/wp\/v2\/pages\/1989","targetHints":{"allow":["GET"]}}],"collection":[{"href":"https:\/\/planet-ka.de\/en\/wp-json\/wp\/v2\/pages"}],"about":[{"href":"https:\/\/planet-ka.de\/en\/wp-json\/wp\/v2\/types\/page"}],"author":[{"embeddable":true,"href":"https:\/\/planet-ka.de\/en\/wp-json\/wp\/v2\/users\/1"}],"replies":[{"embeddable":true,"href":"https:\/\/planet-ka.de\/en\/wp-json\/wp\/v2\/comments?post=1989"}],"version-history":[{"count":1,"href":"https:\/\/planet-ka.de\/en\/wp-json\/wp\/v2\/pages\/1989\/revisions"}],"predecessor-version":[{"id":1991,"href":"https:\/\/planet-ka.de\/en\/wp-json\/wp\/v2\/pages\/1989\/revisions\/1991"}],"wp:featuredmedia":[{"embeddable":true,"href":"https:\/\/planet-ka.de\/en\/wp-json\/wp\/v2\/media\/1814"}],"wp:attachment":[{"href":"https:\/\/planet-ka.de\/en\/wp-json\/wp\/v2\/media?parent=1989"}],"curies":[{"name":"wp","href":"https:\/\/api.w.org\/{rel}","templated":true}]}}