{"id":2003,"date":"2025-02-25T14:06:07","date_gmt":"2025-02-25T13:06:07","guid":{"rendered":"https:\/\/planet-ka.de\/?page_id=2003"},"modified":"2026-03-27T19:58:50","modified_gmt":"2026-03-27T18:58:50","slug":"astronomietag-2026","status":"publish","type":"page","link":"https:\/\/planet-ka.de\/en\/astronomietag-2026\/","title":{"rendered":"Astronomy Day on March 28, 2026"},"content":{"rendered":"<figure class=\"wp-block-image size-large\"><img loading=\"lazy\" decoding=\"async\" width=\"1024\" height=\"351\" src=\"https:\/\/planet-ka.de\/wp-content\/uploads\/2026\/03\/VdS_Astronomietag-2026_Banner-Allgemein_2560x877-1024x351.jpg\" alt=\"\" class=\"wp-image-3626\" srcset=\"https:\/\/planet-ka.de\/wp-content\/uploads\/2026\/03\/VdS_Astronomietag-2026_Banner-Allgemein_2560x877-1024x351.jpg 1024w, https:\/\/planet-ka.de\/wp-content\/uploads\/2026\/03\/VdS_Astronomietag-2026_Banner-Allgemein_2560x877-300x103.jpg 300w, https:\/\/planet-ka.de\/wp-content\/uploads\/2026\/03\/VdS_Astronomietag-2026_Banner-Allgemein_2560x877-768x263.jpg 768w, https:\/\/planet-ka.de\/wp-content\/uploads\/2026\/03\/VdS_Astronomietag-2026_Banner-Allgemein_2560x877-1536x526.jpg 1536w, https:\/\/planet-ka.de\/wp-content\/uploads\/2026\/03\/VdS_Astronomietag-2026_Banner-Allgemein_2560x877-2048x702.jpg 2048w\" sizes=\"auto, (max-width: 1024px) 100vw, 1024px\" \/><\/figure>\n\n\n\n<div style=\"height:20px\" aria-hidden=\"true\" class=\"wp-block-spacer\"><\/div>\n\n\n\n<h2 class=\"wp-block-heading\">Der Mond mit Goldenem Henkel &#8211; Venus &#8211; Jupiter &#8211; und eine &#8220;Sternfinsternis&#8221; am Sonntag<\/h2>\n\n\n\n<p><strong>Am letzten M\u00e4rzwochenende 2026 ist es wieder so weit. \u00dcberall im Land finden Astronomie-Events statt und die Menschen sind einmal mehr eingeladen, die Blicke gen Himmel zu richten. <\/strong><\/p>\n\n\n\n<p>Seit gut 20 Jahren findet ein- bis zweimal j\u00e4hrlich ein bundesweiter Astronomietag statt, organisiert von der <strong><a href=\"http:\/\/sternfreunde.de\" target=\"_blank\" rel=\"noreferrer noopener\">Vereinigung der Sternfreunde e.V. (VdS)<\/a><\/strong>, an dem praktisch alle amateurastronomischen Vereine, die Volkssternwarten und die Planetarien teilnehmen. Ein Astronomietag im Herbst zum Einl\u00e4uten der dunklen Jahreszeit, die zum Sternegucken besonders einl\u00e4dt, und einer im Fr\u00fchjahr, meist kurz vor der Zeitumstellung, wo der besonders sch\u00f6n und hell funkelnde Wintersternhimmel sich verabschiedet und bei hoffentlich schon milderen Temperaturen ein letztes Mal zur Betrachtung einl\u00e4dt.<\/p>\n\n\n\n<p><strong>Im PLANET KA ist <\/strong>(fast)<strong> jeder Tag Astronomietag.<\/strong> In dem seit Mai 2025 neu er\u00f6ffneten Planetarium Karlsruhe finden an fast 365 Tagen im Jahr Veranstaltungen unter und zum Sternenhimmel statt. Von mittwochs bis sonntags gibt es einen <strong><a href=\"http:\/\/pretix.eu\/planetka\" target=\"_blank\" rel=\"noreferrer noopener\">\u00f6ffentlichen Spielplan, s. hier<\/a><\/strong>. <\/p>\n\n\n\n<p>F\u00fcr das<strong>Astronomietag-Wochenende Ende M\u00e4rz 2026<\/strong> sowie in den Osterferien haben wir <strong>unser pers\u00f6nliches Best-of f\u00fcr Sie<\/strong> zusammengestellt. Ob es um Ostereier und den Ostervollmond geht mit Charlie und Luisa im Kinderprogramm <strong>&#8220;<a href=\"https:\/\/planet-ka.de\/en\/charlies-geheimnis\/\" type=\"page\" id=\"3495\" target=\"_blank\" rel=\"noreferrer noopener\">Charlie's Secret<\/a>&#8220;<\/strong>, den Sehnsuchts- und Inspirationsort Mond in <strong><em><a href=\"https:\/\/planet-ka.de\/en\/mondlicht\/\" type=\"page\" id=\"2876\" target=\"_blank\" rel=\"noreferrer noopener\">To the moon!<\/a><\/em><\/strong>, die Abenteuer vom <strong><a href=\"https:\/\/planet-ka.de\/en\/der-regenbogenfisch-und-seine-freunde\/\" type=\"page\" id=\"2400\" target=\"_blank\" rel=\"noreferrer noopener\">Regenbogenfisch<\/a><\/strong> und seinen Freunden, der kleinen <strong><a href=\"https:\/\/planet-ka.de\/en\/stups-die-kleine-sternschnuppe\/\" type=\"page\" id=\"3089\" target=\"_blank\" rel=\"noreferrer noopener\">Sternschnuppe Stups<\/a><\/strong> oder spacig-kosmische Musikprogramme zu <strong>Queen<\/strong> (Freitagabend), <strong>Pink Floyd<\/strong> (Samstagabend) oder <strong>Klassik<\/strong> (Sonntagabend) &#8211; <strong>f\u00fcr alle ist etwas dabei. Denn: Sterne sind f\u00fcr alle da.<\/strong><br><strong>Schauen Sie rein, schauen Sie hoch und schauen Sie fern<\/strong> &#8211; aber richtig fern, Lichtjahre weit!<br><em>\u00dcbrigens<\/em>: Bei klarem Himmel bieten wir nach M\u00f6glichkeit im Zusammenhang mit den Planetariumsvorf\u00fchrungen immer auch Teleskopbeobachtungen von unserer Terrasse aus an.<\/p>\n\n\n\n<p><strong><a href=\"http:\/\/pretix.eu\/planetka\" target=\"_blank\" rel=\"noreferrer noopener\">Ticketbuchung<\/a><\/strong> vorab empfohlen. Begrenzte Platzzahl!<\/p>\n\n\n\n<div style=\"height:27px\" aria-hidden=\"true\" class=\"wp-block-spacer\"><\/div>\n\n\n\n<h3 class=\"wp-block-heading\">Was ist los am Himmel Ende M\u00e4rz?<\/h3>\n\n\n\n<div class=\"wp-block-media-text is-stacked-on-mobile\"><figure class=\"wp-block-media-text__media\"><img loading=\"lazy\" decoding=\"async\" width=\"724\" height=\"1024\" src=\"https:\/\/planet-ka.de\/wp-content\/uploads\/2026\/03\/VdS_AT-Plakat_2026-scaled-1-724x1024.jpg\" alt=\"\" class=\"wp-image-3631 size-full\" srcset=\"https:\/\/planet-ka.de\/wp-content\/uploads\/2026\/03\/VdS_AT-Plakat_2026-scaled-1-724x1024.jpg 724w, https:\/\/planet-ka.de\/wp-content\/uploads\/2026\/03\/VdS_AT-Plakat_2026-scaled-1-212x300.jpg 212w, https:\/\/planet-ka.de\/wp-content\/uploads\/2026\/03\/VdS_AT-Plakat_2026-scaled-1-768x1086.jpg 768w, https:\/\/planet-ka.de\/wp-content\/uploads\/2026\/03\/VdS_AT-Plakat_2026-scaled-1-1086x1536.jpg 1086w, https:\/\/planet-ka.de\/wp-content\/uploads\/2026\/03\/VdS_AT-Plakat_2026-scaled-1-1448x2048.jpg 1448w, https:\/\/planet-ka.de\/wp-content\/uploads\/2026\/03\/VdS_AT-Plakat_2026-scaled-1.jpg 1810w\" sizes=\"auto, (max-width: 724px) 100vw, 724px\" \/><\/figure><div class=\"wp-block-media-text__content\">\n<h2 class=\"wp-block-heading\">Highlights am Astronomie-Wochenende:<\/h2>\n\n\n\n<p><strong>Freitag, 27.3., <\/strong>17 Uhr <em>zum letzten Mal<\/em><br><a href=\"PLUTO: Ex-Planet mit Herz\" target=\"_blank\" rel=\"noreferrer noopener\">PLUTO: Ex-Planet with a Heart<\/a><\/p>\n\n\n\n<p>\u2728\ud83d\udd2d Freitag, 27.3., ab 20 Uhr: <a href=\"https:\/\/www.der-mond.de\/mondbeobachtung\/das-mond-quincunx\"><strong>Mond-Quincunx<\/strong><\/a><\/p>\n\n\n\n<p><strong>Samstag, 28.3.<\/strong>, volles Programm im PLANET KA von 11.30 &#8211; 22 Uhr, <a href=\"http:\/\/pretix.eu\/planetka\" target=\"_blank\" rel=\"noreferrer noopener\">s. Spielplan<\/a><\/p>\n\n\n\n<p>\u2728\ud83d\udd2d Samstag, 28.3., ab 20 Uhr: <a href=\"https:\/\/www.der-mond.de\/mondbeobachtung\/das-mond-quincunx\" target=\"_blank\" rel=\"noreferrer noopener\"><strong>Goldener Henkel<\/strong><\/a><\/p>\n\n\n\n<p>\u2728\ud83d\udd2d <strong>Sonntag, 29.3.<\/strong>, ca. 20-22 Uhr: <a href=\"https:\/\/www.google.com\/search?q=regulus+bedeckung+mond&amp;oq=regulus+be&amp;gs_lcrp=EgZjaHJvbWUqCAgAEEUYJxg7MggIABBFGCcYOzIGCAEQRRg5MgcIAhAAGIAEMgoIAxAAGAoYFhgeMggIBBAAGBYYHjIICAUQABgWGB4yCAgGEAAYFhgeMgYIBxBFGDzSAQgxODc1ajBqOagCBrACAfEF3eN6sK9T4Ns&amp;sourceid=chrome&amp;ie=UTF-8\" target=\"_blank\" rel=\"noreferrer noopener\">Sternfinsternis &#8211; Regulus bedeckt vom Mond<\/a><\/p>\n\n\n\n<p style=\"font-size:13px\">Symbol \u2728\ud83d\udd2d : das Ereignis ist mit einem guten Fernglas oder Teleskop am Himmel zu beobachten. Im PLANET KA bieten wir Teleskopbeobachtungen wann immer m\u00f6glich im Zusammenhang mit einer Planetariumsvorf\u00fchrung an. <br>Tickets s. Spielplan unten.<\/p>\n\n\n\n<p><\/p>\n<\/div><\/div>\n\n\n\n<div style=\"height:31px\" aria-hidden=\"true\" class=\"wp-block-spacer\"><\/div>\n\n\n\n<h2 class=\"wp-block-heading\">Das Astronomie-Wochenende im PLANET KA<\/h2>\n\n\n<noscript>\r\n\t<div class=\"pretix-widget-no-script\">\r\n        JavaScript is disabled in your browser. To access our ticket shop without JavaScript, please click <a target=\"_blank\" rel=\"noopener\" href=\"https:\/\/pretix.eu\/planetka\/\">here<\/a>.\t<\/div>\r\n<\/noscript>\r\n<pretix-widget event=\"https:\/\/pretix.eu\/planetka\/\" class=\"wp-block-pretix-widget\"><\/pretix-widget>","protected":false},"excerpt":{"rendered":"<p>Der Mond mit Goldenem Henkel &#8211; Venus &#8211; Jupiter &#8211; und eine &#8220;Sternfinsternis&#8221; am Sonntag Am letzten M\u00e4rzwochenende 2026 ist es wieder so weit. \u00dcberall im Land finden Astronomie-Events statt und die Menschen sind einmal mehr eingeladen, die Blicke gen<\/p>","protected":false},"author":1,"featured_media":3626,"parent":0,"menu_order":0,"comment_status":"closed","ping_status":"closed","template":"","meta":{"footnotes":""},"class_list":["post-2003","page","type-page","status-publish","has-post-thumbnail","hentry","","tg-column-two"],"featured_image_src":"https:\/\/planet-ka.de\/wp-content\/uploads\/2026\/03\/VdS_Astronomietag-2026_Banner-Allgemein_2560x877.jpg","yoast_head":"<!-- This site is optimized with the Yoast SEO plugin v27.3 - https:\/\/yoast.com\/product\/yoast-seo-wordpress\/ -->\n<title>Astronomietag am 28.3.2026 - PLANET KA<\/title>\n<meta name=\"robots\" content=\"index, follow, max-snippet:-1, max-image-preview:large, max-video-preview:-1\" \/>\n<link rel=\"canonical\" href=\"https:\/\/planet-ka.de\/en\/astronomietag-2026\/\" \/>\n<meta property=\"og:locale\" content=\"en_US\" \/>\n<meta property=\"og:type\" content=\"article\" \/>\n<meta property=\"og:title\" content=\"Astronomietag am 28.3.2026 - PLANET KA\" \/>\n<meta property=\"og:description\" content=\"Der Mond mit Goldenem Henkel &#8211; Venus &#8211; Jupiter &#8211; und eine &#8220;Sternfinsternis&#8221; am Sonntag Am letzten M\u00e4rzwochenende 2026 ist es wieder so weit. \u00dcberall im Land finden Astronomie-Events statt und die Menschen sind einmal mehr eingeladen, die Blicke gen\" \/>\n<meta property=\"og:url\" content=\"https:\/\/planet-ka.de\/en\/astronomietag-2026\/\" \/>\n<meta property=\"og:site_name\" content=\"PLANET KA\" \/>\n<meta property=\"article:publisher\" content=\"https:\/\/www.facebook.com\/people\/Planet-KA-Planetarium-Karlsruhe\/61573710254024\/\" \/>\n<meta property=\"article:modified_time\" content=\"2026-03-27T18:58:50+00:00\" \/>\n<meta property=\"og:image\" content=\"https:\/\/planet-ka.de\/wp-content\/uploads\/2026\/03\/VdS_Astronomietag-2026_Banner-Allgemein_2560x877.jpg\" \/>\n\t<meta property=\"og:image:width\" content=\"2560\" \/>\n\t<meta property=\"og:image:height\" content=\"877\" \/>\n\t<meta property=\"og:image:type\" content=\"image\/jpeg\" \/>\n<script type=\"application\/ld+json\" class=\"yoast-schema-graph\">{\"@context\":\"https:\\\/\\\/schema.org\",\"@graph\":[{\"@type\":\"WebPage\",\"@id\":\"https:\\\/\\\/planet-ka.de\\\/astronomietag-2026\\\/\",\"url\":\"https:\\\/\\\/planet-ka.de\\\/astronomietag-2026\\\/\",\"name\":\"Astronomietag am 28.3.2026 - PLANET KA\",\"isPartOf\":{\"@id\":\"https:\\\/\\\/planet-ka.de\\\/#website\"},\"primaryImageOfPage\":{\"@id\":\"https:\\\/\\\/planet-ka.de\\\/astronomietag-2026\\\/#primaryimage\"},\"image\":{\"@id\":\"https:\\\/\\\/planet-ka.de\\\/astronomietag-2026\\\/#primaryimage\"},\"thumbnailUrl\":\"https:\\\/\\\/planet-ka.de\\\/wp-content\\\/uploads\\\/2026\\\/03\\\/VdS_Astronomietag-2026_Banner-Allgemein_2560x877.jpg\",\"datePublished\":\"2025-02-25T13:06:07+00:00\",\"dateModified\":\"2026-03-27T18:58:50+00:00\",\"breadcrumb\":{\"@id\":\"https:\\\/\\\/planet-ka.de\\\/astronomietag-2026\\\/#breadcrumb\"},\"inLanguage\":\"en-US\",\"potentialAction\":[{\"@type\":\"ReadAction\",\"target\":[\"https:\\\/\\\/planet-ka.de\\\/astronomietag-2026\\\/\"]}]},{\"@type\":\"ImageObject\",\"inLanguage\":\"en-US\",\"@id\":\"https:\\\/\\\/planet-ka.de\\\/astronomietag-2026\\\/#primaryimage\",\"url\":\"https:\\\/\\\/planet-ka.de\\\/wp-content\\\/uploads\\\/2026\\\/03\\\/VdS_Astronomietag-2026_Banner-Allgemein_2560x877.jpg\",\"contentUrl\":\"https:\\\/\\\/planet-ka.de\\\/wp-content\\\/uploads\\\/2026\\\/03\\\/VdS_Astronomietag-2026_Banner-Allgemein_2560x877.jpg\",\"width\":2560,\"height\":877},{\"@type\":\"BreadcrumbList\",\"@id\":\"https:\\\/\\\/planet-ka.de\\\/astronomietag-2026\\\/#breadcrumb\",\"itemListElement\":[{\"@type\":\"ListItem\",\"position\":1,\"name\":\"Startseite\",\"item\":\"https:\\\/\\\/planet-ka.de\\\/\"},{\"@type\":\"ListItem\",\"position\":2,\"name\":\"Astronomietag am 28.3.2026\"}]},{\"@type\":\"WebSite\",\"@id\":\"https:\\\/\\\/planet-ka.de\\\/#website\",\"url\":\"https:\\\/\\\/planet-ka.de\\\/\",\"name\":\"PLANET KA\",\"description\":\"Faszination Kosmos\",\"publisher\":{\"@id\":\"https:\\\/\\\/planet-ka.de\\\/#organization\"},\"potentialAction\":[{\"@type\":\"SearchAction\",\"target\":{\"@type\":\"EntryPoint\",\"urlTemplate\":\"https:\\\/\\\/planet-ka.de\\\/?s={search_term_string}\"},\"query-input\":{\"@type\":\"PropertyValueSpecification\",\"valueRequired\":true,\"valueName\":\"search_term_string\"}}],\"inLanguage\":\"en-US\"},{\"@type\":\"Organization\",\"@id\":\"https:\\\/\\\/planet-ka.de\\\/#organization\",\"name\":\"PLANET KA\",\"url\":\"https:\\\/\\\/planet-ka.de\\\/\",\"logo\":{\"@type\":\"ImageObject\",\"inLanguage\":\"en-US\",\"@id\":\"https:\\\/\\\/planet-ka.de\\\/#\\\/schema\\\/logo\\\/image\\\/\",\"url\":\"https:\\\/\\\/planet-ka.de\\\/wp-content\\\/uploads\\\/2025\\\/03\\\/cropped-Logo-Banner-Website-Jan-25_19.png\",\"contentUrl\":\"https:\\\/\\\/planet-ka.de\\\/wp-content\\\/uploads\\\/2025\\\/03\\\/cropped-Logo-Banner-Website-Jan-25_19.png\",\"width\":225,\"height\":66,\"caption\":\"PLANET KA\"},\"image\":{\"@id\":\"https:\\\/\\\/planet-ka.de\\\/#\\\/schema\\\/logo\\\/image\\\/\"},\"sameAs\":[\"https:\\\/\\\/www.facebook.com\\\/people\\\/Planet-KA-Planetarium-Karlsruhe\\\/61573710254024\\\/\",\"https:\\\/\\\/www.instagram.com\\\/planetarium_karlsruhe\\\/\"]}]}<\/script>\n<!-- \/ Yoast SEO plugin. -->","yoast_head_json":{"title":"Astronomietag am 28.3.2026 - PLANET KA","robots":{"index":"index","follow":"follow","max-snippet":"max-snippet:-1","max-image-preview":"max-image-preview:large","max-video-preview":"max-video-preview:-1"},"canonical":"https:\/\/planet-ka.de\/en\/astronomietag-2026\/","og_locale":"en_US","og_type":"article","og_title":"Astronomietag am 28.3.2026 - PLANET KA","og_description":"Der Mond mit Goldenem Henkel &#8211; Venus &#8211; Jupiter &#8211; und eine &#8220;Sternfinsternis&#8221; am Sonntag Am letzten M\u00e4rzwochenende 2026 ist es wieder so weit. \u00dcberall im Land finden Astronomie-Events statt und die Menschen sind einmal mehr eingeladen, die Blicke gen","og_url":"https:\/\/planet-ka.de\/en\/astronomietag-2026\/","og_site_name":"PLANET KA","article_publisher":"https:\/\/www.facebook.com\/people\/Planet-KA-Planetarium-Karlsruhe\/61573710254024\/","article_modified_time":"2026-03-27T18:58:50+00:00","og_image":[{"width":2560,"height":877,"url":"https:\/\/planet-ka.de\/wp-content\/uploads\/2026\/03\/VdS_Astronomietag-2026_Banner-Allgemein_2560x877.jpg","type":"image\/jpeg"}],"schema":{"@context":"https:\/\/schema.org","@graph":[{"@type":"WebPage","@id":"https:\/\/planet-ka.de\/astronomietag-2026\/","url":"https:\/\/planet-ka.de\/astronomietag-2026\/","name":"Astronomietag am 28.3.2026 - PLANET KA","isPartOf":{"@id":"https:\/\/planet-ka.de\/#website"},"primaryImageOfPage":{"@id":"https:\/\/planet-ka.de\/astronomietag-2026\/#primaryimage"},"image":{"@id":"https:\/\/planet-ka.de\/astronomietag-2026\/#primaryimage"},"thumbnailUrl":"https:\/\/planet-ka.de\/wp-content\/uploads\/2026\/03\/VdS_Astronomietag-2026_Banner-Allgemein_2560x877.jpg","datePublished":"2025-02-25T13:06:07+00:00","dateModified":"2026-03-27T18:58:50+00:00","breadcrumb":{"@id":"https:\/\/planet-ka.de\/astronomietag-2026\/#breadcrumb"},"inLanguage":"en-US","potentialAction":[{"@type":"ReadAction","target":["https:\/\/planet-ka.de\/astronomietag-2026\/"]}]},{"@type":"ImageObject","inLanguage":"en-US","@id":"https:\/\/planet-ka.de\/astronomietag-2026\/#primaryimage","url":"https:\/\/planet-ka.de\/wp-content\/uploads\/2026\/03\/VdS_Astronomietag-2026_Banner-Allgemein_2560x877.jpg","contentUrl":"https:\/\/planet-ka.de\/wp-content\/uploads\/2026\/03\/VdS_Astronomietag-2026_Banner-Allgemein_2560x877.jpg","width":2560,"height":877},{"@type":"BreadcrumbList","@id":"https:\/\/planet-ka.de\/astronomietag-2026\/#breadcrumb","itemListElement":[{"@type":"ListItem","position":1,"name":"Startseite","item":"https:\/\/planet-ka.de\/"},{"@type":"ListItem","position":2,"name":"Astronomietag am 28.3.2026"}]},{"@type":"WebSite","@id":"https:\/\/planet-ka.de\/#website","url":"https:\/\/planet-ka.de\/","name":"PLANET KA","description":"Cosmic Fascination","publisher":{"@id":"https:\/\/planet-ka.de\/#organization"},"potentialAction":[{"@type":"SearchAction","target":{"@type":"EntryPoint","urlTemplate":"https:\/\/planet-ka.de\/?s={search_term_string}"},"query-input":{"@type":"PropertyValueSpecification","valueRequired":true,"valueName":"search_term_string"}}],"inLanguage":"en-US"},{"@type":"Organization","@id":"https:\/\/planet-ka.de\/#organization","name":"PLANET KA","url":"https:\/\/planet-ka.de\/","logo":{"@type":"ImageObject","inLanguage":"en-US","@id":"https:\/\/planet-ka.de\/#\/schema\/logo\/image\/","url":"https:\/\/planet-ka.de\/wp-content\/uploads\/2025\/03\/cropped-Logo-Banner-Website-Jan-25_19.png","contentUrl":"https:\/\/planet-ka.de\/wp-content\/uploads\/2025\/03\/cropped-Logo-Banner-Website-Jan-25_19.png","width":225,"height":66,"caption":"PLANET KA"},"image":{"@id":"https:\/\/planet-ka.de\/#\/schema\/logo\/image\/"},"sameAs":["https:\/\/www.facebook.com\/people\/Planet-KA-Planetarium-Karlsruhe\/61573710254024\/","https:\/\/www.instagram.com\/planetarium_karlsruhe\/"]}]}},"_links":{"self":[{"href":"https:\/\/planet-ka.de\/en\/wp-json\/wp\/v2\/pages\/2003","targetHints":{"allow":["GET"]}}],"collection":[{"href":"https:\/\/planet-ka.de\/en\/wp-json\/wp\/v2\/pages"}],"about":[{"href":"https:\/\/planet-ka.de\/en\/wp-json\/wp\/v2\/types\/page"}],"author":[{"embeddable":true,"href":"https:\/\/planet-ka.de\/en\/wp-json\/wp\/v2\/users\/1"}],"replies":[{"embeddable":true,"href":"https:\/\/planet-ka.de\/en\/wp-json\/wp\/v2\/comments?post=2003"}],"version-history":[{"count":10,"href":"https:\/\/planet-ka.de\/en\/wp-json\/wp\/v2\/pages\/2003\/revisions"}],"predecessor-version":[{"id":3646,"href":"https:\/\/planet-ka.de\/en\/wp-json\/wp\/v2\/pages\/2003\/revisions\/3646"}],"wp:featuredmedia":[{"embeddable":true,"href":"https:\/\/planet-ka.de\/en\/wp-json\/wp\/v2\/media\/3626"}],"wp:attachment":[{"href":"https:\/\/planet-ka.de\/en\/wp-json\/wp\/v2\/media?parent=2003"}],"curies":[{"name":"wp","href":"https:\/\/api.w.org\/{rel}","templated":true}]}}