{"id":2013,"date":"2025-02-25T15:23:24","date_gmt":"2025-02-25T14:23:24","guid":{"rendered":"https:\/\/planet-ka.de\/?page_id=2013"},"modified":"2025-02-25T16:09:20","modified_gmt":"2025-02-25T15:09:20","slug":"arecibo-projekt","status":"publish","type":"page","link":"https:\/\/planet-ka.de\/en\/arecibo-projekt\/","title":{"rendered":"Arecibo Project"},"content":{"rendered":"<div class=\"wp-block-media-text is-stacked-on-mobile\" style=\"grid-template-columns:57% auto\"><figure class=\"wp-block-media-text__media\"><img loading=\"lazy\" decoding=\"async\" width=\"732\" height=\"401\" src=\"https:\/\/planet-ka.de\/wp-content\/uploads\/2025\/02\/Moonen-SETI-2024.jpg\" alt=\"\" class=\"wp-image-1472 size-full\" srcset=\"https:\/\/planet-ka.de\/wp-content\/uploads\/2025\/02\/Moonen-SETI-2024.jpg 732w, https:\/\/planet-ka.de\/wp-content\/uploads\/2025\/02\/Moonen-SETI-2024-300x164.jpg 300w, https:\/\/planet-ka.de\/wp-content\/uploads\/2025\/02\/Moonen-SETI-2024-600x330.jpg 600w\" sizes=\"auto, (max-width: 732px) 100vw, 732px\" \/><\/figure><div class=\"wp-block-media-text__content\">\n<h2 class=\"wp-block-heading\">&#8220;Contact Attempt&#8221;<\/h2>\n\n\n\n<h3 class=\"wp-block-heading\">Internationaler Kunstwettbewerb zum 50. Jahrestag der Arecibo-Botschaft<\/h3>\n\n\n\n<p>Im Herbst 2024 fand auf Initiative von <strong>PLANET KA<\/strong> ein von der <strong><em>art meets science <\/em>Stiftung Herbert W. Franke <\/strong>organisierter und finanzierter <em><a href=\"https:\/\/art-meets-science.io\/en\/contact-attempt-50th-anniversary-arecibo-message\/\" target=\"_blank\" rel=\"noreferrer noopener\">Open Call<\/a><\/em> statt, dem \u00fcber 150 K\u00fcnstler:innen aus 46 L\u00e4ndern gefolgt sind.<\/p>\n\n\n\n<p>PLANET KA pr\u00e4sentiert die drei Gewinner sowie die \u00fcber 30 Shortlist-Nominierten im Rahmen einer geplanten Daueraustellung. (Spenden willkommen!)<\/p>\n<\/div><\/div>\n\n\n\n<div style=\"height:20px\" aria-hidden=\"true\" class=\"wp-block-spacer\"><\/div>\n\n\n\n<h3 class=\"wp-block-heading\">Was ist die Arecibo-Botschaft?<\/h3>\n\n\n\n<p>Die Suche nach au\u00dferirdischem intelligenten Leben (kurz: SETI; und das, wo schon die Suche nach irdischen Intelligenzformen oft so schwer f\u00e4llt!) besch\u00e4ftigt die Menschheit schon lange und betrifft die Grundfragen: <strong><em>Sind wir allein im Universum? Ist das alles hier nur f\u00fcr uns?<\/em><\/strong> Immerhin ist das menschliche Gehirn die, soweit bekannt, am komplexesten organisierte Materie im gesamten Universum. Aber vielleicht gibt es anderswo noch viel fortgeschrittenere Wesen? K\u00f6nnten wir mit Ihnen kommunizieren? Sollten wir dies tun? Warum sind sie nicht l\u00e4ngst bei uns aufgetaucht?<\/p>\n\n\n\n<p>Die Technik dazu gibt es hier auf Erden seit gerade mal knapp einem Jahrhundert. (2024 wurde das 100-j\u00e4hrige Jubil\u00e4um der ersten Radiosendung gefeiert.) Radioastronomie gibt es erst seit Anfang der 1930er Jahre. <\/p>\n\n\n\n<p>Das Arecibo-Radioteleskop auf Puerto Rico war bis vor einem Jahrzehnt mit seinem 300 Meter durchmessenden Parabolspiegel, der in ein Tal hineingebaut ist, das gr\u00f6\u00dfte Teleskop der Welt. Bekannt war es u.a. aus dem Jodie Foster Film &#8220;Contact&#8221; und dem James Bond Film &#8220;Golden Eye&#8221;. 2020 ist es eingest\u00fcrzt. In China gibt es jetzt mit dem FAST-Teleskop mit 500 Metern Durchmesser den neuen Rekordhalter.<\/p>\n\n\n<div class=\"wp-block-image\">\n<figure class=\"alignright size-large is-resized\"><img loading=\"lazy\" decoding=\"async\" width=\"1024\" height=\"768\" src=\"https:\/\/planet-ka.de\/wp-content\/uploads\/2025\/02\/1280px-The_Arecibo_Observatorys_main_reflector_and_platform-1024x768.jpg\" alt=\"\" class=\"wp-image-2017\" style=\"width:501px;height:auto\" srcset=\"https:\/\/planet-ka.de\/wp-content\/uploads\/2025\/02\/1280px-The_Arecibo_Observatorys_main_reflector_and_platform-1024x768.jpg 1024w, https:\/\/planet-ka.de\/wp-content\/uploads\/2025\/02\/1280px-The_Arecibo_Observatorys_main_reflector_and_platform-300x225.jpg 300w, https:\/\/planet-ka.de\/wp-content\/uploads\/2025\/02\/1280px-The_Arecibo_Observatorys_main_reflector_and_platform-768x576.jpg 768w, https:\/\/planet-ka.de\/wp-content\/uploads\/2025\/02\/1280px-The_Arecibo_Observatorys_main_reflector_and_platform.jpg 1280w\" sizes=\"auto, (max-width: 1024px) 100vw, 1024px\" \/><\/figure>\n<\/div>\n\n\n<p>Anl\u00e4sslich des Einbaus einer neuen st\u00e4rkeren Sendeanlage &#8211; denn Arecibo war nicht nur zum H\u00f6ren gemacht, sondern konnte als Radar auch z.B. die Venus und Asteroiden erkunden &#8211; wurde am 16. November 1974 auf Initiative der Astronomen Frank Drake und Carl Sagan eine kosmische &#8220;Flaschenpost&#8221; aus 1679 Bits in gut 3 Minuten Sendezeit in Richtung des 25.000 Lichtjahre entfernten Kugelsternhaufens M13 im Sternbild Herkules \u00fcbermittelt. <br>Eine ebensolche Botschaft in umgekehrter Richtung h\u00e4tte leistungsm\u00e4\u00dfig von Arecibo empfangen werden k\u00f6nnen. Fortgeschrittenere Zivilisationen sollten damit also kein Problem haben. Nur w\u00fcrde es bis zur ersten Antwort eben 50.000 Jahre dauern &#8211; die Aktion hatte nat\u00fcrlich nur symbolischen Charakter.<\/p>\n\n\n\n<p>Aber genau um diese Ikonographie dieser Symbolik ging es bei dem Open Call &#8220;Contact Attempt&#8221;.<\/p>\n\n\n<div class=\"wp-block-image\">\n<figure class=\"alignleft size-full is-resized\"><img loading=\"lazy\" decoding=\"async\" width=\"196\" height=\"560\" src=\"https:\/\/planet-ka.de\/wp-content\/uploads\/2025\/02\/Arecibo-message-copy.png\" alt=\"\" class=\"wp-image-1506\" style=\"width:155px;height:auto\" srcset=\"https:\/\/planet-ka.de\/wp-content\/uploads\/2025\/02\/Arecibo-message-copy.png 196w, https:\/\/planet-ka.de\/wp-content\/uploads\/2025\/02\/Arecibo-message-copy-105x300.png 105w\" sizes=\"auto, (max-width: 196px) 100vw, 196px\" \/><\/figure>\n<\/div>\n\n\n<h3 class=\"wp-block-heading\"><em>Open Call<\/em> &#8220;Contact Attempt&#8221; und &#8220;THE MESSAGE&#8221; von AI-K\u00fcnstlerin Sasha Stiles und ihrem AI-Alter Ego <em>Technelegy<\/em><\/h3>\n\n\n\n<p>Vermutlich haben alle schon mal diesen indiom\u00e4\u00dfig anmutenden &#8220;Kn\u00fcpfteppich&#8221; der graphischen Visualisierung der Arecibo-Botschaft gesehen. Dort ist <em>in nuce<\/em> die Essenz unseres Daseins und Wissens dargestellt: die Menschheit im Jahre 1974 AD. Aus unserer Sicht eine Ikone des 20. Jahrhunderts. Der 50. Jahrestag durfte nicht unbemerkt verstreichen. PLANET KA, damals noch in Gr\u00fcndung und ohne eigene Spielst\u00e4tte, war dankbar, dass die <a href=\"https:\/\/art-meets-science.io\/\"><strong><em>art meets science <\/em>Stiftung Herbert W. Franke<\/strong><\/a> die Idee sogleich aufgriff und sich um Organisation und Finanzierung k\u00fcmmerte. Das Ergebnis kann sich sehen lassen: \u00dcber 30 Werke haben es in die Shortlist geschafft, aus der die zum Teil international hochkar\u00e4tig besetzte Jury (mit Thomas Kraupe und Seth Shostak) drei Gewinner k\u00fcrten.<\/p>\n\n\n\n<p>Die Stiftung hat daneben noch auf eigene Initiative ein Auftragswerk an die international renommierte AI-K\u00fcnstlerin <strong><a href=\"https:\/\/www.sashastiles.com\/\" target=\"_blank\" rel=\"noreferrer noopener\">Sasha Stiles<\/a><\/strong> (u.a. MoMa, Basel Art) vergeben: &#8220;The Message&#8221;, eine halbst\u00fcndige Fulldome-Produktion speziell f\u00fcr Planetarien gemacht, in der Styles ihr AI-Alter Ego <em>Technelegy<\/em> zu spacigen Kl\u00e4ngen und ihren charakteristischen Schriftz\u00fcgen in Form eines f\u00fcnfstrophigen Langgedichts \u00fcber Einsamkeit und Kontaktm\u00f6glichkeiten im All philosophieren l\u00e4sst. Der letzte Vers in dieser k\u00fcnstlerischen Auseinandersetzung mit der gepulst \u00fcbertragenen Arecibo-Message hei\u00dft es: <em>Love pulses forever. <\/em>Stiles hatte \u00fcber ihre Eltern, die mit Carl Sagan zusammen gearbeitet haben, als Kind Kontakt zu dem weltber\u00fchmten und leider viel zu fr\u00fch verstorbenen Astronomievermittler. Eine w\u00fcrdigere K\u00fcnstlerin f\u00fcr dieses Echo nach 50 Jahren h\u00e4tte es nicht geben k\u00f6nnen.<\/p>\n\n\n\n<div style=\"height:10px\" aria-hidden=\"true\" class=\"wp-block-spacer\"><\/div>\n\n\n\n<p>Am 16. November 2024, dem exakten Jahrestag, wurden die Gewinner sowie Ausschnitte aus der Shortlist im Planetarium Hamburg pr\u00e4sentiert. <\/p>\n\n\n\n<p>&#8220;&#8221;The Message&#8221; von Sasha Stiles wurde am 18. November im Planetarium Bochum uraufgef\u00fchrt.<\/p>\n\n\n\n<p>Beides, <a href=\"https:\/\/art-meets-science.io\/en\/contact-attempt-winners-and-finalists-foundation-herbert-w-franke\/\" target=\"_blank\" rel=\"noreferrer noopener\">die Werke des <strong><em>Open Call<\/em><\/strong><\/a> wie auch &#8220;<strong><a href=\"https:\/\/art-meets-science.io\/en\/world-premiere-the-message-2\/\" target=\"_blank\" rel=\"noreferrer noopener\">The Message<\/a><\/strong>&#8220;, sind, zumindest in Ausschnitten, auf der Seite der Stiftung zu sehen:<\/p>\n\n\n\n<p>Beides wird immer wieder auch im PLANET KA zur Auff\u00fchrung kommen bzw. ist alternativ im Rahmen der Ausstellung (zumindest zeitweise oder in Auswahl) zu sehen. <\/p>\n\n\n\n<p>Weitere Projekte in dieser Richtung sind geplant, die zeigen, wie \u00e4sthetisch Wissenschaft sein kann und wie viel Wissen in der Kunst steckt.<\/p>\n\n\n\n<p>Bereits 2023 hatte der Gr\u00fcnder von PLANET KA zusammen mit der Herbert W. Franke Stiftung den Lyrikzyklus <em><a href=\"https:\/\/sternwarte-muenchen.de\/event-vsw\/astropoeticon_20230616\/\" target=\"_blank\" rel=\"noreferrer noopener\">Astropoeticon<\/a><\/em> von Herbert W. Franke (1927-2022) an der Volkssternwarte M\u00fcnchen im Planetarium, inszeniert mit Musik und Visuals, aufgef\u00fchrt. Auch dieses Werk wird in PLANET KA sicherlich in Zukunft \u00f6fter zu sehen sein.<\/p>\n\n\n\n<p>Das Archiv von Herbert W. Franke befindet sich \u00fcbrigens im ZKM.<\/p>\n\n\n\n<div style=\"height:17px\" aria-hidden=\"true\" class=\"wp-block-spacer\"><\/div>\n\n\n<div class=\"wp-block-ub-divider ub_divider ub-divider-orientation-horizontal\" id=\"ub_divider_b73a4aa2-63d0-4011-a686-bd24634cfa09\"><div class=\"ub_divider_wrapper\" style=\"position: relative; margin-bottom: 2px; width: 100%; height: 2px; \" data-divider-alignment=\"center\"><div class=\"ub_divider_line\" style=\"border-top: 1px solid #ccc; margin-top: 2px; \"><\/div><\/div><\/div>\n\n\n<div style=\"height:22px\" aria-hidden=\"true\" class=\"wp-block-spacer\"><\/div>\n\n\n\n<p>Zur Unterst\u00fctzung all dieser Vorhaben, gegenw\u00e4rtiger und k\u00fcnftiger, sind wir auch auf Ihre <strong><a href=\"https:\/\/planet-ka.de\/en\/spenden-fuer-astronomische-bildung\/\" data-type=\"page\" data-id=\"1451\" target=\"_blank\" rel=\"noreferrer noopener\">Donations<\/a><\/strong> angewiesen!<\/p>","protected":false},"excerpt":{"rendered":"<p>&#8220;Contact Attempt&#8221; Internationaler Kunstwettbewerb zum 50. Jahrestag der Arecibo-Botschaft Im Herbst 2024 fand auf Initiative von PLANET KA ein von der art meets science Stiftung Herbert W. Franke organisierter und finanzierter Open Call statt, dem \u00fcber 150 K\u00fcnstler:innen aus 46<\/p>","protected":false},"author":1,"featured_media":0,"parent":0,"menu_order":0,"comment_status":"closed","ping_status":"closed","template":"","meta":{"footnotes":""},"class_list":["post-2013","page","type-page","status-publish","hentry","","tg-column-two"],"featured_image_src":null,"yoast_head":"<!-- This site is optimized with the Yoast SEO plugin v27.3 - https:\/\/yoast.com\/product\/yoast-seo-wordpress\/ -->\n<title>Arecibo-Projekt - PLANET KA<\/title>\n<meta name=\"robots\" content=\"index, follow, max-snippet:-1, max-image-preview:large, max-video-preview:-1\" \/>\n<link rel=\"canonical\" href=\"https:\/\/planet-ka.de\/en\/arecibo-projekt\/\" \/>\n<meta property=\"og:locale\" content=\"en_US\" \/>\n<meta property=\"og:type\" content=\"article\" \/>\n<meta property=\"og:title\" content=\"Arecibo-Projekt - PLANET KA\" \/>\n<meta property=\"og:description\" content=\"&#8220;Contact Attempt&#8221; Internationaler Kunstwettbewerb zum 50. Jahrestag der Arecibo-Botschaft Im Herbst 2024 fand auf Initiative von PLANET KA ein von der art meets science Stiftung Herbert W. Franke organisierter und finanzierter Open Call statt, dem \u00fcber 150 K\u00fcnstler:innen aus 46\" \/>\n<meta property=\"og:url\" content=\"https:\/\/planet-ka.de\/en\/arecibo-projekt\/\" \/>\n<meta property=\"og:site_name\" content=\"PLANET KA\" \/>\n<meta property=\"article:publisher\" content=\"https:\/\/www.facebook.com\/people\/Planet-KA-Planetarium-Karlsruhe\/61573710254024\/\" \/>\n<meta property=\"article:modified_time\" content=\"2025-02-25T15:09:20+00:00\" \/>\n<meta property=\"og:image\" content=\"https:\/\/planet-ka.de\/wp-content\/uploads\/2025\/02\/Moonen-SETI-2024.jpg\" \/>\n<script type=\"application\/ld+json\" class=\"yoast-schema-graph\">{\"@context\":\"https:\\\/\\\/schema.org\",\"@graph\":[{\"@type\":\"WebPage\",\"@id\":\"https:\\\/\\\/planet-ka.de\\\/arecibo-projekt\\\/\",\"url\":\"https:\\\/\\\/planet-ka.de\\\/arecibo-projekt\\\/\",\"name\":\"Arecibo-Projekt - PLANET KA\",\"isPartOf\":{\"@id\":\"https:\\\/\\\/planet-ka.de\\\/#website\"},\"primaryImageOfPage\":{\"@id\":\"https:\\\/\\\/planet-ka.de\\\/arecibo-projekt\\\/#primaryimage\"},\"image\":{\"@id\":\"https:\\\/\\\/planet-ka.de\\\/arecibo-projekt\\\/#primaryimage\"},\"thumbnailUrl\":\"https:\\\/\\\/planet-ka.de\\\/wp-content\\\/uploads\\\/2025\\\/02\\\/Moonen-SETI-2024.jpg\",\"datePublished\":\"2025-02-25T14:23:24+00:00\",\"dateModified\":\"2025-02-25T15:09:20+00:00\",\"breadcrumb\":{\"@id\":\"https:\\\/\\\/planet-ka.de\\\/arecibo-projekt\\\/#breadcrumb\"},\"inLanguage\":\"en-US\",\"potentialAction\":[{\"@type\":\"ReadAction\",\"target\":[\"https:\\\/\\\/planet-ka.de\\\/arecibo-projekt\\\/\"]}]},{\"@type\":\"ImageObject\",\"inLanguage\":\"en-US\",\"@id\":\"https:\\\/\\\/planet-ka.de\\\/arecibo-projekt\\\/#primaryimage\",\"url\":\"https:\\\/\\\/planet-ka.de\\\/wp-content\\\/uploads\\\/2025\\\/02\\\/Moonen-SETI-2024.jpg\",\"contentUrl\":\"https:\\\/\\\/planet-ka.de\\\/wp-content\\\/uploads\\\/2025\\\/02\\\/Moonen-SETI-2024.jpg\"},{\"@type\":\"BreadcrumbList\",\"@id\":\"https:\\\/\\\/planet-ka.de\\\/arecibo-projekt\\\/#breadcrumb\",\"itemListElement\":[{\"@type\":\"ListItem\",\"position\":1,\"name\":\"Startseite\",\"item\":\"https:\\\/\\\/planet-ka.de\\\/\"},{\"@type\":\"ListItem\",\"position\":2,\"name\":\"Arecibo-Projekt\"}]},{\"@type\":\"WebSite\",\"@id\":\"https:\\\/\\\/planet-ka.de\\\/#website\",\"url\":\"https:\\\/\\\/planet-ka.de\\\/\",\"name\":\"PLANET KA\",\"description\":\"Faszination Kosmos\",\"publisher\":{\"@id\":\"https:\\\/\\\/planet-ka.de\\\/#organization\"},\"potentialAction\":[{\"@type\":\"SearchAction\",\"target\":{\"@type\":\"EntryPoint\",\"urlTemplate\":\"https:\\\/\\\/planet-ka.de\\\/?s={search_term_string}\"},\"query-input\":{\"@type\":\"PropertyValueSpecification\",\"valueRequired\":true,\"valueName\":\"search_term_string\"}}],\"inLanguage\":\"en-US\"},{\"@type\":\"Organization\",\"@id\":\"https:\\\/\\\/planet-ka.de\\\/#organization\",\"name\":\"PLANET KA\",\"url\":\"https:\\\/\\\/planet-ka.de\\\/\",\"logo\":{\"@type\":\"ImageObject\",\"inLanguage\":\"en-US\",\"@id\":\"https:\\\/\\\/planet-ka.de\\\/#\\\/schema\\\/logo\\\/image\\\/\",\"url\":\"https:\\\/\\\/planet-ka.de\\\/wp-content\\\/uploads\\\/2025\\\/03\\\/cropped-Logo-Banner-Website-Jan-25_19.png\",\"contentUrl\":\"https:\\\/\\\/planet-ka.de\\\/wp-content\\\/uploads\\\/2025\\\/03\\\/cropped-Logo-Banner-Website-Jan-25_19.png\",\"width\":225,\"height\":66,\"caption\":\"PLANET KA\"},\"image\":{\"@id\":\"https:\\\/\\\/planet-ka.de\\\/#\\\/schema\\\/logo\\\/image\\\/\"},\"sameAs\":[\"https:\\\/\\\/www.facebook.com\\\/people\\\/Planet-KA-Planetarium-Karlsruhe\\\/61573710254024\\\/\",\"https:\\\/\\\/www.instagram.com\\\/planetarium_karlsruhe\\\/\"]}]}<\/script>\n<!-- \/ Yoast SEO plugin. -->","yoast_head_json":{"title":"Arecibo-Projekt - PLANET KA","robots":{"index":"index","follow":"follow","max-snippet":"max-snippet:-1","max-image-preview":"max-image-preview:large","max-video-preview":"max-video-preview:-1"},"canonical":"https:\/\/planet-ka.de\/en\/arecibo-projekt\/","og_locale":"en_US","og_type":"article","og_title":"Arecibo-Projekt - PLANET KA","og_description":"&#8220;Contact Attempt&#8221; Internationaler Kunstwettbewerb zum 50. Jahrestag der Arecibo-Botschaft Im Herbst 2024 fand auf Initiative von PLANET KA ein von der art meets science Stiftung Herbert W. Franke organisierter und finanzierter Open Call statt, dem \u00fcber 150 K\u00fcnstler:innen aus 46","og_url":"https:\/\/planet-ka.de\/en\/arecibo-projekt\/","og_site_name":"PLANET KA","article_publisher":"https:\/\/www.facebook.com\/people\/Planet-KA-Planetarium-Karlsruhe\/61573710254024\/","article_modified_time":"2025-02-25T15:09:20+00:00","og_image":[{"url":"https:\/\/planet-ka.de\/wp-content\/uploads\/2025\/02\/Moonen-SETI-2024.jpg","type":"","width":"","height":""}],"schema":{"@context":"https:\/\/schema.org","@graph":[{"@type":"WebPage","@id":"https:\/\/planet-ka.de\/arecibo-projekt\/","url":"https:\/\/planet-ka.de\/arecibo-projekt\/","name":"Arecibo-Projekt - PLANET KA","isPartOf":{"@id":"https:\/\/planet-ka.de\/#website"},"primaryImageOfPage":{"@id":"https:\/\/planet-ka.de\/arecibo-projekt\/#primaryimage"},"image":{"@id":"https:\/\/planet-ka.de\/arecibo-projekt\/#primaryimage"},"thumbnailUrl":"https:\/\/planet-ka.de\/wp-content\/uploads\/2025\/02\/Moonen-SETI-2024.jpg","datePublished":"2025-02-25T14:23:24+00:00","dateModified":"2025-02-25T15:09:20+00:00","breadcrumb":{"@id":"https:\/\/planet-ka.de\/arecibo-projekt\/#breadcrumb"},"inLanguage":"en-US","potentialAction":[{"@type":"ReadAction","target":["https:\/\/planet-ka.de\/arecibo-projekt\/"]}]},{"@type":"ImageObject","inLanguage":"en-US","@id":"https:\/\/planet-ka.de\/arecibo-projekt\/#primaryimage","url":"https:\/\/planet-ka.de\/wp-content\/uploads\/2025\/02\/Moonen-SETI-2024.jpg","contentUrl":"https:\/\/planet-ka.de\/wp-content\/uploads\/2025\/02\/Moonen-SETI-2024.jpg"},{"@type":"BreadcrumbList","@id":"https:\/\/planet-ka.de\/arecibo-projekt\/#breadcrumb","itemListElement":[{"@type":"ListItem","position":1,"name":"Startseite","item":"https:\/\/planet-ka.de\/"},{"@type":"ListItem","position":2,"name":"Arecibo-Projekt"}]},{"@type":"WebSite","@id":"https:\/\/planet-ka.de\/#website","url":"https:\/\/planet-ka.de\/","name":"PLANET KA","description":"Cosmic Fascination","publisher":{"@id":"https:\/\/planet-ka.de\/#organization"},"potentialAction":[{"@type":"SearchAction","target":{"@type":"EntryPoint","urlTemplate":"https:\/\/planet-ka.de\/?s={search_term_string}"},"query-input":{"@type":"PropertyValueSpecification","valueRequired":true,"valueName":"search_term_string"}}],"inLanguage":"en-US"},{"@type":"Organization","@id":"https:\/\/planet-ka.de\/#organization","name":"PLANET KA","url":"https:\/\/planet-ka.de\/","logo":{"@type":"ImageObject","inLanguage":"en-US","@id":"https:\/\/planet-ka.de\/#\/schema\/logo\/image\/","url":"https:\/\/planet-ka.de\/wp-content\/uploads\/2025\/03\/cropped-Logo-Banner-Website-Jan-25_19.png","contentUrl":"https:\/\/planet-ka.de\/wp-content\/uploads\/2025\/03\/cropped-Logo-Banner-Website-Jan-25_19.png","width":225,"height":66,"caption":"PLANET KA"},"image":{"@id":"https:\/\/planet-ka.de\/#\/schema\/logo\/image\/"},"sameAs":["https:\/\/www.facebook.com\/people\/Planet-KA-Planetarium-Karlsruhe\/61573710254024\/","https:\/\/www.instagram.com\/planetarium_karlsruhe\/"]}]}},"_links":{"self":[{"href":"https:\/\/planet-ka.de\/en\/wp-json\/wp\/v2\/pages\/2013","targetHints":{"allow":["GET"]}}],"collection":[{"href":"https:\/\/planet-ka.de\/en\/wp-json\/wp\/v2\/pages"}],"about":[{"href":"https:\/\/planet-ka.de\/en\/wp-json\/wp\/v2\/types\/page"}],"author":[{"embeddable":true,"href":"https:\/\/planet-ka.de\/en\/wp-json\/wp\/v2\/users\/1"}],"replies":[{"embeddable":true,"href":"https:\/\/planet-ka.de\/en\/wp-json\/wp\/v2\/comments?post=2013"}],"version-history":[{"count":10,"href":"https:\/\/planet-ka.de\/en\/wp-json\/wp\/v2\/pages\/2013\/revisions"}],"predecessor-version":[{"id":2034,"href":"https:\/\/planet-ka.de\/en\/wp-json\/wp\/v2\/pages\/2013\/revisions\/2034"}],"wp:attachment":[{"href":"https:\/\/planet-ka.de\/en\/wp-json\/wp\/v2\/media?parent=2013"}],"curies":[{"name":"wp","href":"https:\/\/api.w.org\/{rel}","templated":true}]}}