{"id":2135,"date":"2025-03-18T18:41:09","date_gmt":"2025-03-18T17:41:09","guid":{"rendered":"https:\/\/planet-ka.de\/?page_id=2135"},"modified":"2025-05-19T09:24:28","modified_gmt":"2025-05-19T07:24:28","slug":"effekte-festival-2025","status":"publish","type":"page","link":"https:\/\/planet-ka.de\/en\/effekte-festival-2025\/","title":{"rendered":"PLANET KA @EFFEKTE Festival 2025"},"content":{"rendered":"<div class=\"wp-block-media-text is-stacked-on-mobile\" style=\"grid-template-columns:33% auto\"><figure class=\"wp-block-media-text__media\"><img loading=\"lazy\" decoding=\"async\" width=\"1024\" height=\"263\" src=\"https:\/\/planet-ka.de\/wp-content\/uploads\/2025\/03\/offizielles-Titelbild-Effekte-Festival-2025-1024x263.png\" alt=\"\" class=\"wp-image-2136 size-full\" srcset=\"https:\/\/planet-ka.de\/wp-content\/uploads\/2025\/03\/offizielles-Titelbild-Effekte-Festival-2025-1024x263.png 1024w, https:\/\/planet-ka.de\/wp-content\/uploads\/2025\/03\/offizielles-Titelbild-Effekte-Festival-2025-300x77.png 300w, https:\/\/planet-ka.de\/wp-content\/uploads\/2025\/03\/offizielles-Titelbild-Effekte-Festival-2025-768x197.png 768w, https:\/\/planet-ka.de\/wp-content\/uploads\/2025\/03\/offizielles-Titelbild-Effekte-Festival-2025-1536x395.png 1536w, https:\/\/planet-ka.de\/wp-content\/uploads\/2025\/03\/offizielles-Titelbild-Effekte-Festival-2025.png 2000w\" sizes=\"auto, (max-width: 1024px) 100vw, 1024px\" \/><\/figure><div class=\"wp-block-media-text__content\">\n<h3 class=\"wp-block-heading\"><em><strong>rALLye<\/strong><\/em> &#8211; die kleine Rallye durchs All<\/h3>\n\n\n\n<p>Vom 17. bis 25. Mai 2025 findet in Karlsruhe wieder mal ein EFFEKTE-Festival statt. <\/p>\n\n\n\n<p>PLANET KA ist beim dezentralen Programmteil an einem Nachmittag mit einer interaktiven Erlebnisrallye durch Planetarium und Ausstellung mit dabei.<br>F\u00fcr Kinder ab 8 J. und die ganze Familie<\/p>\n\n\n\n<p><strong>Montag, 19. Mai, Start um 15 und um 17 Uhr.<\/strong> <strong>Nur mit best\u00e4tigter Anmeldung. Alle Pl\u00e4tze sind bereits ausgebucht!<\/strong><\/p>\n\n\n\n<div style=\"height:20px\" aria-hidden=\"true\" class=\"wp-block-spacer\"><\/div>\n\n\n\n<div class=\"wp-block-buttons is-content-justification-center is-layout-flex wp-container-core-buttons-is-layout-16018d1d wp-block-buttons-is-layout-flex\">\n<div class=\"wp-block-button has-custom-font-size is-style-outline is-style-outline--1\" style=\"font-size:15px\"><a class=\"wp-block-button__link wp-element-button\">Ausgebucht!<\/a><\/div>\n<\/div>\n<\/div><\/div>\n\n\n\n<div style=\"height:42px\" aria-hidden=\"true\" class=\"wp-block-spacer\"><\/div>\n\n\n\n<h3 class=\"wp-block-heading\">rALLye &#8211; die kleine Rallye durchs All<\/h3>\n\n\n\n<p><strong><em>Das Universum f\u00fcr Eilige, Neugierige, Urbane, Wissbegierige&#8230;<\/em><\/strong> In 90 Minuten einmal Urknall &amp; zur\u00fcck. Oder so in etwa jedenfalls. Science, die Spa\u00df macht &#8211; f\u00fcr Jung &amp; Alt &amp; Kind &amp; Kegel. Geeignet f\u00fcr Familien mit Kindern ab etwa 8 Jahren.<\/p>\n\n\n\n<p>Erkunden Sie das Weltall selbst f\u00fcr etwa eine Dreiviertelstunde lang. Danach fliegen wir gemeinsam in der Planetariumskuppel noch f\u00fcr eine halbe Stunde zu den letzten ungel\u00f6sten R\u00e4tseln. Und am Ende gibt es nat\u00fcrlich die Aufl\u00f6sung und kleine Gewinne f\u00fcr die gl\u00fccklich Heimgekehrten.<\/p>\n\n\n\n<p><strong>Eintritt frei, ABER: Anmeldung erforderlich, da begrenzte Platzzahl!<\/strong><br><strong>Alle Pl\u00e4tze sind bereits AUSGEBUCHT!<br><\/strong>Ohne best\u00e4tigte Anmeldung leider kein Einlass.<\/p>\n\n\n\n<div style=\"height:28px\" aria-hidden=\"true\" class=\"wp-block-spacer\"><\/div>\n\n\n\n<h3 class=\"wp-block-heading\" id=\"eff25-raltic\">Buchung \/ Anmeldung f\u00fcr die EFFEKTE-rALLye<\/h3>\n\n\n\n<p>\u00dcber folgenden Kalender k\u00f6nnen Sie sich <span style=\"text-decoration: underline;\">ab 01. Mai 2025, 12:00 Uhr<\/span> kostenlos f\u00fcr einen der beiden Rallye-Termine am Montag, dem 19. Mai, um 15 oder 17 Uhr, anmelden.<br>Pro Buchung sind bis zu 5 Tickets m\u00f6glich.<br>Bitte beachten: Einlass nur mit best\u00e4tigter, g\u00fcltiger Anmeldung m\u00f6glich!<br><strong>Alle Pl\u00e4tze sind bereits ausgebucht! <\/strong><br>Keine Tageskasse, keine Restkarten!<\/p>\n\n\n\n<p>Aufgrund der begrenzten Platzsituation und damit alle noch genug Weltraum f\u00fcr sich haben, sind pro Termin nur 30 Pl\u00e4tze vorhanden. Auch Kinder ben\u00f6tigen je einen eigenen Platz \/ eine Anmeldung. Falls Pl\u00e4tze nicht mehr (in ausreichender Zahl) vorhanden sind, gibt es eine Warteliste, auf der Sie sich eintragen k\u00f6nnen (pro Ticket bitte 1 Wartelistenplatz reservieren!). Oder Sie schauen, ob zu der anderen Uhrzeit noch was frei ist.<\/p>\n\n\n<noscript>\r\n\t<div class=\"pretix-widget-no-script\">\r\n        JavaScript is disabled in your browser. To access our ticket shop without JavaScript, please click <a target=\"_blank\" rel=\"noopener\" href=\"https:\/\/pretix.eu\/planetka\/effekte25\/\">here<\/a>.\t<\/div>\r\n<\/noscript>\r\n<pretix-widget event=\"https:\/\/pretix.eu\/planetka\/effekte25\/\" class=\"wp-block-pretix-widget\"><\/pretix-widget>\n\n\n<p>Sollte der Buchungskalender hier nicht richtig angezeigt werden, nutzen Sie bitte folgenden Link: <a href=\"https:\/\/pretix.eu\/planetka\/effekte25\/\" target=\"_blank\" rel=\"noreferrer noopener\">https:\/\/pretix.eu\/planetka\/effekte25\/<\/a><\/p>","protected":false},"excerpt":{"rendered":"<p>rALLye &#8211; die kleine Rallye durchs All Das Universum f\u00fcr Eilige, Neugierige, Urbane, Wissbegierige&#8230; In 90 Minuten einmal Urknall &amp; zur\u00fcck. Oder so in etwa jedenfalls. Science, die Spa\u00df macht &#8211; f\u00fcr Jung &amp; Alt &amp; Kind &amp; Kegel. Geeignet<\/p>","protected":false},"author":1,"featured_media":0,"parent":0,"menu_order":0,"comment_status":"closed","ping_status":"closed","template":"","meta":{"footnotes":""},"class_list":["post-2135","page","type-page","status-publish","hentry","","tg-column-two"],"featured_image_src":null,"yoast_head":"<!-- This site is optimized with the Yoast SEO plugin v27.3 - https:\/\/yoast.com\/product\/yoast-seo-wordpress\/ -->\n<title>PLANET KA @EFFEKTE-Festival 2025 - PLANET KA<\/title>\n<meta name=\"robots\" content=\"index, follow, max-snippet:-1, max-image-preview:large, max-video-preview:-1\" \/>\n<link rel=\"canonical\" href=\"https:\/\/planet-ka.de\/en\/effekte-festival-2025\/\" \/>\n<meta property=\"og:locale\" content=\"en_US\" \/>\n<meta property=\"og:type\" content=\"article\" \/>\n<meta property=\"og:title\" content=\"PLANET KA @EFFEKTE-Festival 2025 - PLANET KA\" \/>\n<meta property=\"og:description\" content=\"rALLye &#8211; die kleine Rallye durchs All Das Universum f\u00fcr Eilige, Neugierige, Urbane, Wissbegierige&#8230; In 90 Minuten einmal Urknall &amp; zur\u00fcck. Oder so in etwa jedenfalls. Science, die Spa\u00df macht &#8211; f\u00fcr Jung &amp; Alt &amp; Kind &amp; Kegel. Geeignet\" \/>\n<meta property=\"og:url\" content=\"https:\/\/planet-ka.de\/en\/effekte-festival-2025\/\" \/>\n<meta property=\"og:site_name\" content=\"PLANET KA\" \/>\n<meta property=\"article:publisher\" content=\"https:\/\/www.facebook.com\/people\/Planet-KA-Planetarium-Karlsruhe\/61573710254024\/\" \/>\n<meta property=\"article:modified_time\" content=\"2025-05-19T07:24:28+00:00\" \/>\n<meta property=\"og:image\" content=\"https:\/\/planet-ka.de\/wp-content\/uploads\/2025\/03\/offizielles-Titelbild-Effekte-Festival-2025-1024x263.png\" \/>\n<script type=\"application\/ld+json\" class=\"yoast-schema-graph\">{\"@context\":\"https:\\\/\\\/schema.org\",\"@graph\":[{\"@type\":\"WebPage\",\"@id\":\"https:\\\/\\\/planet-ka.de\\\/effekte-festival-2025\\\/\",\"url\":\"https:\\\/\\\/planet-ka.de\\\/effekte-festival-2025\\\/\",\"name\":\"PLANET KA @EFFEKTE-Festival 2025 - PLANET KA\",\"isPartOf\":{\"@id\":\"https:\\\/\\\/planet-ka.de\\\/#website\"},\"primaryImageOfPage\":{\"@id\":\"https:\\\/\\\/planet-ka.de\\\/effekte-festival-2025\\\/#primaryimage\"},\"image\":{\"@id\":\"https:\\\/\\\/planet-ka.de\\\/effekte-festival-2025\\\/#primaryimage\"},\"thumbnailUrl\":\"https:\\\/\\\/planet-ka.de\\\/wp-content\\\/uploads\\\/2025\\\/03\\\/offizielles-Titelbild-Effekte-Festival-2025-1024x263.png\",\"datePublished\":\"2025-03-18T17:41:09+00:00\",\"dateModified\":\"2025-05-19T07:24:28+00:00\",\"breadcrumb\":{\"@id\":\"https:\\\/\\\/planet-ka.de\\\/effekte-festival-2025\\\/#breadcrumb\"},\"inLanguage\":\"en-US\",\"potentialAction\":[{\"@type\":\"ReadAction\",\"target\":[\"https:\\\/\\\/planet-ka.de\\\/effekte-festival-2025\\\/\"]}]},{\"@type\":\"ImageObject\",\"inLanguage\":\"en-US\",\"@id\":\"https:\\\/\\\/planet-ka.de\\\/effekte-festival-2025\\\/#primaryimage\",\"url\":\"https:\\\/\\\/planet-ka.de\\\/wp-content\\\/uploads\\\/2025\\\/03\\\/offizielles-Titelbild-Effekte-Festival-2025-1024x263.png\",\"contentUrl\":\"https:\\\/\\\/planet-ka.de\\\/wp-content\\\/uploads\\\/2025\\\/03\\\/offizielles-Titelbild-Effekte-Festival-2025-1024x263.png\"},{\"@type\":\"BreadcrumbList\",\"@id\":\"https:\\\/\\\/planet-ka.de\\\/effekte-festival-2025\\\/#breadcrumb\",\"itemListElement\":[{\"@type\":\"ListItem\",\"position\":1,\"name\":\"Startseite\",\"item\":\"https:\\\/\\\/planet-ka.de\\\/\"},{\"@type\":\"ListItem\",\"position\":2,\"name\":\"PLANET KA @EFFEKTE-Festival 2025\"}]},{\"@type\":\"WebSite\",\"@id\":\"https:\\\/\\\/planet-ka.de\\\/#website\",\"url\":\"https:\\\/\\\/planet-ka.de\\\/\",\"name\":\"PLANET KA\",\"description\":\"Faszination Kosmos\",\"publisher\":{\"@id\":\"https:\\\/\\\/planet-ka.de\\\/#organization\"},\"potentialAction\":[{\"@type\":\"SearchAction\",\"target\":{\"@type\":\"EntryPoint\",\"urlTemplate\":\"https:\\\/\\\/planet-ka.de\\\/?s={search_term_string}\"},\"query-input\":{\"@type\":\"PropertyValueSpecification\",\"valueRequired\":true,\"valueName\":\"search_term_string\"}}],\"inLanguage\":\"en-US\"},{\"@type\":\"Organization\",\"@id\":\"https:\\\/\\\/planet-ka.de\\\/#organization\",\"name\":\"PLANET KA\",\"url\":\"https:\\\/\\\/planet-ka.de\\\/\",\"logo\":{\"@type\":\"ImageObject\",\"inLanguage\":\"en-US\",\"@id\":\"https:\\\/\\\/planet-ka.de\\\/#\\\/schema\\\/logo\\\/image\\\/\",\"url\":\"https:\\\/\\\/planet-ka.de\\\/wp-content\\\/uploads\\\/2025\\\/03\\\/cropped-Logo-Banner-Website-Jan-25_19.png\",\"contentUrl\":\"https:\\\/\\\/planet-ka.de\\\/wp-content\\\/uploads\\\/2025\\\/03\\\/cropped-Logo-Banner-Website-Jan-25_19.png\",\"width\":225,\"height\":66,\"caption\":\"PLANET KA\"},\"image\":{\"@id\":\"https:\\\/\\\/planet-ka.de\\\/#\\\/schema\\\/logo\\\/image\\\/\"},\"sameAs\":[\"https:\\\/\\\/www.facebook.com\\\/people\\\/Planet-KA-Planetarium-Karlsruhe\\\/61573710254024\\\/\",\"https:\\\/\\\/www.instagram.com\\\/planetarium_karlsruhe\\\/\"]}]}<\/script>\n<!-- \/ Yoast SEO plugin. -->","yoast_head_json":{"title":"PLANET KA @EFFEKTE-Festival 2025 - PLANET KA","robots":{"index":"index","follow":"follow","max-snippet":"max-snippet:-1","max-image-preview":"max-image-preview:large","max-video-preview":"max-video-preview:-1"},"canonical":"https:\/\/planet-ka.de\/en\/effekte-festival-2025\/","og_locale":"en_US","og_type":"article","og_title":"PLANET KA @EFFEKTE-Festival 2025 - PLANET KA","og_description":"rALLye &#8211; die kleine Rallye durchs All Das Universum f\u00fcr Eilige, Neugierige, Urbane, Wissbegierige&#8230; In 90 Minuten einmal Urknall &amp; zur\u00fcck. Oder so in etwa jedenfalls. Science, die Spa\u00df macht &#8211; f\u00fcr Jung &amp; Alt &amp; Kind &amp; Kegel. Geeignet","og_url":"https:\/\/planet-ka.de\/en\/effekte-festival-2025\/","og_site_name":"PLANET KA","article_publisher":"https:\/\/www.facebook.com\/people\/Planet-KA-Planetarium-Karlsruhe\/61573710254024\/","article_modified_time":"2025-05-19T07:24:28+00:00","og_image":[{"url":"https:\/\/planet-ka.de\/wp-content\/uploads\/2025\/03\/offizielles-Titelbild-Effekte-Festival-2025-1024x263.png","type":"","width":"","height":""}],"schema":{"@context":"https:\/\/schema.org","@graph":[{"@type":"WebPage","@id":"https:\/\/planet-ka.de\/effekte-festival-2025\/","url":"https:\/\/planet-ka.de\/effekte-festival-2025\/","name":"PLANET KA @EFFEKTE-Festival 2025 - PLANET KA","isPartOf":{"@id":"https:\/\/planet-ka.de\/#website"},"primaryImageOfPage":{"@id":"https:\/\/planet-ka.de\/effekte-festival-2025\/#primaryimage"},"image":{"@id":"https:\/\/planet-ka.de\/effekte-festival-2025\/#primaryimage"},"thumbnailUrl":"https:\/\/planet-ka.de\/wp-content\/uploads\/2025\/03\/offizielles-Titelbild-Effekte-Festival-2025-1024x263.png","datePublished":"2025-03-18T17:41:09+00:00","dateModified":"2025-05-19T07:24:28+00:00","breadcrumb":{"@id":"https:\/\/planet-ka.de\/effekte-festival-2025\/#breadcrumb"},"inLanguage":"en-US","potentialAction":[{"@type":"ReadAction","target":["https:\/\/planet-ka.de\/effekte-festival-2025\/"]}]},{"@type":"ImageObject","inLanguage":"en-US","@id":"https:\/\/planet-ka.de\/effekte-festival-2025\/#primaryimage","url":"https:\/\/planet-ka.de\/wp-content\/uploads\/2025\/03\/offizielles-Titelbild-Effekte-Festival-2025-1024x263.png","contentUrl":"https:\/\/planet-ka.de\/wp-content\/uploads\/2025\/03\/offizielles-Titelbild-Effekte-Festival-2025-1024x263.png"},{"@type":"BreadcrumbList","@id":"https:\/\/planet-ka.de\/effekte-festival-2025\/#breadcrumb","itemListElement":[{"@type":"ListItem","position":1,"name":"Startseite","item":"https:\/\/planet-ka.de\/"},{"@type":"ListItem","position":2,"name":"PLANET KA @EFFEKTE-Festival 2025"}]},{"@type":"WebSite","@id":"https:\/\/planet-ka.de\/#website","url":"https:\/\/planet-ka.de\/","name":"PLANET KA","description":"Cosmic Fascination","publisher":{"@id":"https:\/\/planet-ka.de\/#organization"},"potentialAction":[{"@type":"SearchAction","target":{"@type":"EntryPoint","urlTemplate":"https:\/\/planet-ka.de\/?s={search_term_string}"},"query-input":{"@type":"PropertyValueSpecification","valueRequired":true,"valueName":"search_term_string"}}],"inLanguage":"en-US"},{"@type":"Organization","@id":"https:\/\/planet-ka.de\/#organization","name":"PLANET KA","url":"https:\/\/planet-ka.de\/","logo":{"@type":"ImageObject","inLanguage":"en-US","@id":"https:\/\/planet-ka.de\/#\/schema\/logo\/image\/","url":"https:\/\/planet-ka.de\/wp-content\/uploads\/2025\/03\/cropped-Logo-Banner-Website-Jan-25_19.png","contentUrl":"https:\/\/planet-ka.de\/wp-content\/uploads\/2025\/03\/cropped-Logo-Banner-Website-Jan-25_19.png","width":225,"height":66,"caption":"PLANET KA"},"image":{"@id":"https:\/\/planet-ka.de\/#\/schema\/logo\/image\/"},"sameAs":["https:\/\/www.facebook.com\/people\/Planet-KA-Planetarium-Karlsruhe\/61573710254024\/","https:\/\/www.instagram.com\/planetarium_karlsruhe\/"]}]}},"_links":{"self":[{"href":"https:\/\/planet-ka.de\/en\/wp-json\/wp\/v2\/pages\/2135","targetHints":{"allow":["GET"]}}],"collection":[{"href":"https:\/\/planet-ka.de\/en\/wp-json\/wp\/v2\/pages"}],"about":[{"href":"https:\/\/planet-ka.de\/en\/wp-json\/wp\/v2\/types\/page"}],"author":[{"embeddable":true,"href":"https:\/\/planet-ka.de\/en\/wp-json\/wp\/v2\/users\/1"}],"replies":[{"embeddable":true,"href":"https:\/\/planet-ka.de\/en\/wp-json\/wp\/v2\/comments?post=2135"}],"version-history":[{"count":9,"href":"https:\/\/planet-ka.de\/en\/wp-json\/wp\/v2\/pages\/2135\/revisions"}],"predecessor-version":[{"id":2485,"href":"https:\/\/planet-ka.de\/en\/wp-json\/wp\/v2\/pages\/2135\/revisions\/2485"}],"wp:attachment":[{"href":"https:\/\/planet-ka.de\/en\/wp-json\/wp\/v2\/media?parent=2135"}],"curies":[{"name":"wp","href":"https:\/\/api.w.org\/{rel}","templated":true}]}}