{"id":2266,"date":"2025-05-04T14:31:49","date_gmt":"2025-05-04T12:31:49","guid":{"rendered":"https:\/\/planet-ka.de\/?page_id=2266"},"modified":"2025-05-04T14:52:02","modified_gmt":"2025-05-04T12:52:02","slug":"vortrag-wie-die-sterne-in-die-kuppel-kamen","status":"publish","type":"page","link":"https:\/\/planet-ka.de\/en\/vortrag-wie-die-sterne-in-die-kuppel-kamen\/","title":{"rendered":"Lecture: How the Stars Came to the Dome"},"content":{"rendered":"<div class=\"wp-block-media-text is-stacked-on-mobile\" style=\"grid-template-columns:44% auto\"><figure class=\"wp-block-media-text__media\"><img loading=\"lazy\" decoding=\"async\" width=\"1024\" height=\"643\" src=\"https:\/\/planet-ka.de\/wp-content\/uploads\/2025\/05\/100jp-Sterne-waren-nur-Anfang-Titel-1024x643.jpg\" alt=\"\" class=\"wp-image-2267 size-full\" srcset=\"https:\/\/planet-ka.de\/wp-content\/uploads\/2025\/05\/100jp-Sterne-waren-nur-Anfang-Titel-1024x643.jpg 1024w, https:\/\/planet-ka.de\/wp-content\/uploads\/2025\/05\/100jp-Sterne-waren-nur-Anfang-Titel-300x188.jpg 300w, https:\/\/planet-ka.de\/wp-content\/uploads\/2025\/05\/100jp-Sterne-waren-nur-Anfang-Titel-768x482.jpg 768w, https:\/\/planet-ka.de\/wp-content\/uploads\/2025\/05\/100jp-Sterne-waren-nur-Anfang-Titel.jpg 1491w\" sizes=\"auto, (max-width: 1024px) 100vw, 1024px\" \/><\/figure><div class=\"wp-block-media-text__content\">\n<h3 class=\"wp-block-heading\">Wie die Sterne in die Kuppel kamen<\/h3>\n\n\n\n<p><strong>Vortrag von Matthias Meier (Durlach)<\/strong><br><strong>Mittwoch, 7. Mai 2025, 19:00 Uhr &#8211; kein Nacheinlass!<\/strong><\/p>\n\n\n\n<p>Zur Er\u00f6ffnung von PLANET KA am heutigen 100. Geburtstag des Planetariums blickt Matthias Meier weit in die Technik- und Kulturgeschichte zur\u00fcck, aus der das moderne Projektionsplanetarium hervorging.<\/p>\n\n\n\n<p>Der Vortrag findet nat\u00fcrlich &#8211; wie sollte es anders sein &#8211; in der neuen Kuppel von PLANET KA unter Sternenhimmel statt. H\u00f6ren, schauen und staunen Sie mit!<\/p>\n\n\n\n<div style=\"height:20px\" aria-hidden=\"true\" class=\"wp-block-spacer\"><\/div>\n\n\n\n<div class=\"wp-block-buttons is-content-justification-center is-layout-flex wp-container-core-buttons-is-layout-16018d1d wp-block-buttons-is-layout-flex\">\n<div class=\"wp-block-button has-custom-font-size is-style-outline is-style-outline--1\" style=\"font-size:15px\"><a class=\"wp-block-button__link wp-element-button\" href=\"#mm100-tic\">Jetzt Ticket buchen!<\/a><\/div>\n<\/div>\n<\/div><\/div>\n\n\n\n<div style=\"height:42px\" aria-hidden=\"true\" class=\"wp-block-spacer\"><\/div>\n\n\n\n<h4 class=\"wp-block-heading\">Zum Vortrag<\/h4>\n\n\n\n<p><strong>Wie die Sterne in die Kuppel kamen: <br>Die Geschichte der Himmelmechaniken \u2013 vom Astrolabium zum Planetariumsprojektor<\/strong><\/p>\n\n\n\n<p><strong>Zeit: Mittwoch, 7. Mai 2025, 19:00 Uhr (kein Nacheinlass!)<br>Ort: <a href=\"https:\/\/planet-ka.de\/en\/contact\/\" data-type=\"page\" data-id=\"154\" target=\"_blank\" rel=\"noreferrer noopener\">PLANET KA, Alter Schlachthof 4, 76131 Karlsruhe<\/a><\/strong><\/p>\n\n\n\n<p>Das moderne Projektionsplanetarium feiert gerade seinen 100. Geburtstag, doch schon seit \u00fcber 2.000 Jahren versuchen Menschen die Bewegung der Gestirne und Planeten mit mechanischen Modellen nachzustellen.\u00a0<\/p>\n\n\n\n<p>Das Astrolabium war das erste Ger\u00e4t, mit dem der Lauf der Gestirne dargestellt und vermessen werden konnte. Der unglaubliche Mechanismus von Antikythera und sp\u00e4ter das Orrery zeigten dann die Bewegung der Planeten. Heute bringt das Projektionsplanetarium, eine Idee des Gr\u00fcnders des Deutschen Museums und von Zeiss Jena, Sterne und Planeten in die k\u00fcnstliche Himmelskuppel. <\/p>\n\n\n\n<p><em>Der Journalist Matthias Meier erz\u00e4hlt nicht nur die Geschichte dieser Himmelsmechaniken, sondern auch die Geschichten dahinter: Wie kam es, dass der &#8218;Laptop des Mittelalters&#8216; M\u00f6nche und Moslems gleicherma\u00dfen begeisterte? Was hat eine von Schwammtauchern entdeckte Zeitmaschine mit einem englischen Grafen zu tun? Und wer hat eine l\u00f6chrigen Blechkugel zum Wunder von Jena gemacht?<\/em><\/p>\n\n\n\n<p>Einlass ab 18:30 Uhr. <br>Bitte beachten Sie, dass <span style=\"text-decoration: underline;\">kein Nacheinlass<\/span> m\u00f6glich ist. <br>Ungenutzte Tickets verfallen ersatzlos.<br><br>Aufgrund der begrenzten Platzzahl empfehlen wir die Buchung vorab per Online-Ticket.<br>Restkarten an der Abendkasse nur nach Verf\u00fcgbarkeit &#8211; keine Einlassgarantie!<\/p>\n\n\n\n<div style=\"height:28px\" aria-hidden=\"true\" class=\"wp-block-spacer\"><\/div>\n\n\n\n<h3 class=\"wp-block-heading\" id=\"mm100-tic\">Ticketbuchung f\u00fcr den Vortrag<\/h3>\n\n\n\n<p>\u00dcber folgendes Buchungstool k\u00f6nnen Sie ab sofort vorab Tickets buchen.<br>Wir empfehlen die Buchung von Online-Tickets, da aufgrund der begrenzten Platzzahl nicht garantiert werden kann, dass es Restkarten an der Abendkasse gibt.<\/p>\n\n\n\n<p><strong>Zeit: Mittwoch, 7. Mai 2025, 19:00 Uhr (kein Nacheinlass!)<br>Ort: <a href=\"https:\/\/planet-ka.de\/en\/contact\/\" data-type=\"page\" data-id=\"154\" target=\"_blank\" rel=\"noreferrer noopener\">PLANET KA, Alter Schlachthof 4, 76131 Karlsruhe<\/a><\/strong><br><br>Einlass ab 30 Minuten vor Veranstaltungsbeginn. <br>Bitte beachten: <span style=\"text-decoration: underline;\">Kein Nacheinlass<\/span> m\u00f6glich!<\/p>\n\n\n<noscript>\r\n\t<div class=\"pretix-widget-no-script\">\r\n        JavaScript is disabled in your browser. To access our ticket shop without JavaScript, please click <a target=\"_blank\" rel=\"noopener\" href=\"https:\/\/pretix.eu\/planetka\/mm100\/\">here<\/a>.\t<\/div>\r\n<\/noscript>\r\n<pretix-widget event=\"https:\/\/pretix.eu\/planetka\/mm100\/\" class=\"wp-block-pretix-widget\"><\/pretix-widget>\n\n\n<p>Sollte der Buchungskalender hier nicht richtig angezeigt werden, nutzen Sie bitte folgenden Link: <a href=\"https:\/\/pretix.eu\/planetka\/mm100\/\" target=\"_blank\" rel=\"noreferrer noopener\">https:\/\/pretix.eu\/planetka\/mm100\/<\/a><\/p>","protected":false},"excerpt":{"rendered":"<p>Zum Vortrag Wie die Sterne in die Kuppel kamen: Die Geschichte der Himmelmechaniken \u2013 vom Astrolabium zum Planetariumsprojektor Zeit: Mittwoch, 7. Mai 2025, 19:00 Uhr (kein Nacheinlass!)Ort: PLANET KA, Alter Schlachthof 4, 76131 Karlsruhe Das moderne Projektionsplanetarium feiert gerade seinen<\/p>","protected":false},"author":1,"featured_media":0,"parent":0,"menu_order":0,"comment_status":"closed","ping_status":"closed","template":"","meta":{"footnotes":""},"class_list":["post-2266","page","type-page","status-publish","hentry","","tg-column-two"],"featured_image_src":null,"yoast_head":"<!-- This site is optimized with the Yoast SEO plugin v27.3 - https:\/\/yoast.com\/product\/yoast-seo-wordpress\/ -->\n<title>Vortrag: Wie die Sterne in die Kuppel kamen - PLANET KA<\/title>\n<meta name=\"robots\" content=\"index, follow, max-snippet:-1, max-image-preview:large, max-video-preview:-1\" \/>\n<link rel=\"canonical\" href=\"https:\/\/planet-ka.de\/en\/vortrag-wie-die-sterne-in-die-kuppel-kamen\/\" \/>\n<meta property=\"og:locale\" content=\"en_US\" \/>\n<meta property=\"og:type\" content=\"article\" \/>\n<meta property=\"og:title\" content=\"Vortrag: Wie die Sterne in die Kuppel kamen - PLANET KA\" \/>\n<meta property=\"og:description\" content=\"Zum Vortrag Wie die Sterne in die Kuppel kamen: Die Geschichte der Himmelmechaniken \u2013 vom Astrolabium zum Planetariumsprojektor Zeit: Mittwoch, 7. Mai 2025, 19:00 Uhr (kein Nacheinlass!)Ort: PLANET KA, Alter Schlachthof 4, 76131 Karlsruhe Das moderne Projektionsplanetarium feiert gerade seinen\" \/>\n<meta property=\"og:url\" content=\"https:\/\/planet-ka.de\/en\/vortrag-wie-die-sterne-in-die-kuppel-kamen\/\" \/>\n<meta property=\"og:site_name\" content=\"PLANET KA\" \/>\n<meta property=\"article:publisher\" content=\"https:\/\/www.facebook.com\/people\/Planet-KA-Planetarium-Karlsruhe\/61573710254024\/\" \/>\n<meta property=\"article:modified_time\" content=\"2025-05-04T12:52:02+00:00\" \/>\n<meta property=\"og:image\" content=\"https:\/\/planet-ka.de\/wp-content\/uploads\/2025\/05\/100jp-Sterne-waren-nur-Anfang-Titel-1024x643.jpg\" \/>\n<script type=\"application\/ld+json\" class=\"yoast-schema-graph\">{\"@context\":\"https:\\\/\\\/schema.org\",\"@graph\":[{\"@type\":\"WebPage\",\"@id\":\"https:\\\/\\\/planet-ka.de\\\/vortrag-wie-die-sterne-in-die-kuppel-kamen\\\/\",\"url\":\"https:\\\/\\\/planet-ka.de\\\/vortrag-wie-die-sterne-in-die-kuppel-kamen\\\/\",\"name\":\"Vortrag: Wie die Sterne in die Kuppel kamen - PLANET KA\",\"isPartOf\":{\"@id\":\"https:\\\/\\\/planet-ka.de\\\/#website\"},\"primaryImageOfPage\":{\"@id\":\"https:\\\/\\\/planet-ka.de\\\/vortrag-wie-die-sterne-in-die-kuppel-kamen\\\/#primaryimage\"},\"image\":{\"@id\":\"https:\\\/\\\/planet-ka.de\\\/vortrag-wie-die-sterne-in-die-kuppel-kamen\\\/#primaryimage\"},\"thumbnailUrl\":\"https:\\\/\\\/planet-ka.de\\\/wp-content\\\/uploads\\\/2025\\\/05\\\/100jp-Sterne-waren-nur-Anfang-Titel-1024x643.jpg\",\"datePublished\":\"2025-05-04T12:31:49+00:00\",\"dateModified\":\"2025-05-04T12:52:02+00:00\",\"breadcrumb\":{\"@id\":\"https:\\\/\\\/planet-ka.de\\\/vortrag-wie-die-sterne-in-die-kuppel-kamen\\\/#breadcrumb\"},\"inLanguage\":\"en-US\",\"potentialAction\":[{\"@type\":\"ReadAction\",\"target\":[\"https:\\\/\\\/planet-ka.de\\\/vortrag-wie-die-sterne-in-die-kuppel-kamen\\\/\"]}]},{\"@type\":\"ImageObject\",\"inLanguage\":\"en-US\",\"@id\":\"https:\\\/\\\/planet-ka.de\\\/vortrag-wie-die-sterne-in-die-kuppel-kamen\\\/#primaryimage\",\"url\":\"https:\\\/\\\/planet-ka.de\\\/wp-content\\\/uploads\\\/2025\\\/05\\\/100jp-Sterne-waren-nur-Anfang-Titel-1024x643.jpg\",\"contentUrl\":\"https:\\\/\\\/planet-ka.de\\\/wp-content\\\/uploads\\\/2025\\\/05\\\/100jp-Sterne-waren-nur-Anfang-Titel-1024x643.jpg\"},{\"@type\":\"BreadcrumbList\",\"@id\":\"https:\\\/\\\/planet-ka.de\\\/vortrag-wie-die-sterne-in-die-kuppel-kamen\\\/#breadcrumb\",\"itemListElement\":[{\"@type\":\"ListItem\",\"position\":1,\"name\":\"Startseite\",\"item\":\"https:\\\/\\\/planet-ka.de\\\/\"},{\"@type\":\"ListItem\",\"position\":2,\"name\":\"Vortrag: Wie die Sterne in die Kuppel kamen\"}]},{\"@type\":\"WebSite\",\"@id\":\"https:\\\/\\\/planet-ka.de\\\/#website\",\"url\":\"https:\\\/\\\/planet-ka.de\\\/\",\"name\":\"PLANET KA\",\"description\":\"Faszination Kosmos\",\"publisher\":{\"@id\":\"https:\\\/\\\/planet-ka.de\\\/#organization\"},\"potentialAction\":[{\"@type\":\"SearchAction\",\"target\":{\"@type\":\"EntryPoint\",\"urlTemplate\":\"https:\\\/\\\/planet-ka.de\\\/?s={search_term_string}\"},\"query-input\":{\"@type\":\"PropertyValueSpecification\",\"valueRequired\":true,\"valueName\":\"search_term_string\"}}],\"inLanguage\":\"en-US\"},{\"@type\":\"Organization\",\"@id\":\"https:\\\/\\\/planet-ka.de\\\/#organization\",\"name\":\"PLANET KA\",\"url\":\"https:\\\/\\\/planet-ka.de\\\/\",\"logo\":{\"@type\":\"ImageObject\",\"inLanguage\":\"en-US\",\"@id\":\"https:\\\/\\\/planet-ka.de\\\/#\\\/schema\\\/logo\\\/image\\\/\",\"url\":\"https:\\\/\\\/planet-ka.de\\\/wp-content\\\/uploads\\\/2025\\\/03\\\/cropped-Logo-Banner-Website-Jan-25_19.png\",\"contentUrl\":\"https:\\\/\\\/planet-ka.de\\\/wp-content\\\/uploads\\\/2025\\\/03\\\/cropped-Logo-Banner-Website-Jan-25_19.png\",\"width\":225,\"height\":66,\"caption\":\"PLANET KA\"},\"image\":{\"@id\":\"https:\\\/\\\/planet-ka.de\\\/#\\\/schema\\\/logo\\\/image\\\/\"},\"sameAs\":[\"https:\\\/\\\/www.facebook.com\\\/people\\\/Planet-KA-Planetarium-Karlsruhe\\\/61573710254024\\\/\",\"https:\\\/\\\/www.instagram.com\\\/planetarium_karlsruhe\\\/\"]}]}<\/script>\n<!-- \/ Yoast SEO plugin. -->","yoast_head_json":{"title":"Vortrag: Wie die Sterne in die Kuppel kamen - PLANET KA","robots":{"index":"index","follow":"follow","max-snippet":"max-snippet:-1","max-image-preview":"max-image-preview:large","max-video-preview":"max-video-preview:-1"},"canonical":"https:\/\/planet-ka.de\/en\/vortrag-wie-die-sterne-in-die-kuppel-kamen\/","og_locale":"en_US","og_type":"article","og_title":"Vortrag: Wie die Sterne in die Kuppel kamen - PLANET KA","og_description":"Zum Vortrag Wie die Sterne in die Kuppel kamen: Die Geschichte der Himmelmechaniken \u2013 vom Astrolabium zum Planetariumsprojektor Zeit: Mittwoch, 7. Mai 2025, 19:00 Uhr (kein Nacheinlass!)Ort: PLANET KA, Alter Schlachthof 4, 76131 Karlsruhe Das moderne Projektionsplanetarium feiert gerade seinen","og_url":"https:\/\/planet-ka.de\/en\/vortrag-wie-die-sterne-in-die-kuppel-kamen\/","og_site_name":"PLANET KA","article_publisher":"https:\/\/www.facebook.com\/people\/Planet-KA-Planetarium-Karlsruhe\/61573710254024\/","article_modified_time":"2025-05-04T12:52:02+00:00","og_image":[{"url":"https:\/\/planet-ka.de\/wp-content\/uploads\/2025\/05\/100jp-Sterne-waren-nur-Anfang-Titel-1024x643.jpg","type":"","width":"","height":""}],"schema":{"@context":"https:\/\/schema.org","@graph":[{"@type":"WebPage","@id":"https:\/\/planet-ka.de\/vortrag-wie-die-sterne-in-die-kuppel-kamen\/","url":"https:\/\/planet-ka.de\/vortrag-wie-die-sterne-in-die-kuppel-kamen\/","name":"Vortrag: Wie die Sterne in die Kuppel kamen - PLANET KA","isPartOf":{"@id":"https:\/\/planet-ka.de\/#website"},"primaryImageOfPage":{"@id":"https:\/\/planet-ka.de\/vortrag-wie-die-sterne-in-die-kuppel-kamen\/#primaryimage"},"image":{"@id":"https:\/\/planet-ka.de\/vortrag-wie-die-sterne-in-die-kuppel-kamen\/#primaryimage"},"thumbnailUrl":"https:\/\/planet-ka.de\/wp-content\/uploads\/2025\/05\/100jp-Sterne-waren-nur-Anfang-Titel-1024x643.jpg","datePublished":"2025-05-04T12:31:49+00:00","dateModified":"2025-05-04T12:52:02+00:00","breadcrumb":{"@id":"https:\/\/planet-ka.de\/vortrag-wie-die-sterne-in-die-kuppel-kamen\/#breadcrumb"},"inLanguage":"en-US","potentialAction":[{"@type":"ReadAction","target":["https:\/\/planet-ka.de\/vortrag-wie-die-sterne-in-die-kuppel-kamen\/"]}]},{"@type":"ImageObject","inLanguage":"en-US","@id":"https:\/\/planet-ka.de\/vortrag-wie-die-sterne-in-die-kuppel-kamen\/#primaryimage","url":"https:\/\/planet-ka.de\/wp-content\/uploads\/2025\/05\/100jp-Sterne-waren-nur-Anfang-Titel-1024x643.jpg","contentUrl":"https:\/\/planet-ka.de\/wp-content\/uploads\/2025\/05\/100jp-Sterne-waren-nur-Anfang-Titel-1024x643.jpg"},{"@type":"BreadcrumbList","@id":"https:\/\/planet-ka.de\/vortrag-wie-die-sterne-in-die-kuppel-kamen\/#breadcrumb","itemListElement":[{"@type":"ListItem","position":1,"name":"Startseite","item":"https:\/\/planet-ka.de\/"},{"@type":"ListItem","position":2,"name":"Vortrag: Wie die Sterne in die Kuppel kamen"}]},{"@type":"WebSite","@id":"https:\/\/planet-ka.de\/#website","url":"https:\/\/planet-ka.de\/","name":"PLANET KA","description":"Cosmic Fascination","publisher":{"@id":"https:\/\/planet-ka.de\/#organization"},"potentialAction":[{"@type":"SearchAction","target":{"@type":"EntryPoint","urlTemplate":"https:\/\/planet-ka.de\/?s={search_term_string}"},"query-input":{"@type":"PropertyValueSpecification","valueRequired":true,"valueName":"search_term_string"}}],"inLanguage":"en-US"},{"@type":"Organization","@id":"https:\/\/planet-ka.de\/#organization","name":"PLANET KA","url":"https:\/\/planet-ka.de\/","logo":{"@type":"ImageObject","inLanguage":"en-US","@id":"https:\/\/planet-ka.de\/#\/schema\/logo\/image\/","url":"https:\/\/planet-ka.de\/wp-content\/uploads\/2025\/03\/cropped-Logo-Banner-Website-Jan-25_19.png","contentUrl":"https:\/\/planet-ka.de\/wp-content\/uploads\/2025\/03\/cropped-Logo-Banner-Website-Jan-25_19.png","width":225,"height":66,"caption":"PLANET KA"},"image":{"@id":"https:\/\/planet-ka.de\/#\/schema\/logo\/image\/"},"sameAs":["https:\/\/www.facebook.com\/people\/Planet-KA-Planetarium-Karlsruhe\/61573710254024\/","https:\/\/www.instagram.com\/planetarium_karlsruhe\/"]}]}},"_links":{"self":[{"href":"https:\/\/planet-ka.de\/en\/wp-json\/wp\/v2\/pages\/2266","targetHints":{"allow":["GET"]}}],"collection":[{"href":"https:\/\/planet-ka.de\/en\/wp-json\/wp\/v2\/pages"}],"about":[{"href":"https:\/\/planet-ka.de\/en\/wp-json\/wp\/v2\/types\/page"}],"author":[{"embeddable":true,"href":"https:\/\/planet-ka.de\/en\/wp-json\/wp\/v2\/users\/1"}],"replies":[{"embeddable":true,"href":"https:\/\/planet-ka.de\/en\/wp-json\/wp\/v2\/comments?post=2266"}],"version-history":[{"count":5,"href":"https:\/\/planet-ka.de\/en\/wp-json\/wp\/v2\/pages\/2266\/revisions"}],"predecessor-version":[{"id":2276,"href":"https:\/\/planet-ka.de\/en\/wp-json\/wp\/v2\/pages\/2266\/revisions\/2276"}],"wp:attachment":[{"href":"https:\/\/planet-ka.de\/en\/wp-json\/wp\/v2\/media?parent=2266"}],"curies":[{"name":"wp","href":"https:\/\/api.w.org\/{rel}","templated":true}]}}