{"id":2299,"date":"2025-05-04T16:56:16","date_gmt":"2025-05-04T14:56:16","guid":{"rendered":"https:\/\/planet-ka.de\/?page_id=2299"},"modified":"2026-02-07T14:52:11","modified_gmt":"2026-02-07T13:52:11","slug":"100-jahre-ewigkeit","status":"publish","type":"page","link":"https:\/\/planet-ka.de\/en\/100-jahre-ewigkeit\/","title":{"rendered":"&#8220;100 Jahre Ewigkeit&#8221;"},"content":{"rendered":"<div class=\"wp-block-media-text is-stacked-on-mobile\" style=\"grid-template-columns:49% auto\"><figure class=\"wp-block-media-text__media\"><img loading=\"lazy\" decoding=\"async\" width=\"1024\" height=\"683\" src=\"https:\/\/planet-ka.de\/wp-content\/uploads\/2026\/02\/100JahreHQ-1024x683.png\" alt=\"\" class=\"wp-image-3438 size-full\" srcset=\"https:\/\/planet-ka.de\/wp-content\/uploads\/2026\/02\/100JahreHQ-1024x683.png 1024w, https:\/\/planet-ka.de\/wp-content\/uploads\/2026\/02\/100JahreHQ-300x200.png 300w, https:\/\/planet-ka.de\/wp-content\/uploads\/2026\/02\/100JahreHQ-768x512.png 768w, https:\/\/planet-ka.de\/wp-content\/uploads\/2026\/02\/100JahreHQ.png 1536w\" sizes=\"auto, (max-width: 1024px) 100vw, 1024px\" \/><\/figure><div class=\"wp-block-media-text__content\">\n<h5 class=\"wp-block-heading\">Forever Young: The Centennial of the Planetarium<\/h5>\n\n\n\n<h2 class=\"wp-block-heading\">100 Jahre Ewigkeit &#8211; zur Kulturgeschichte des Planetariums<\/h2>\n\n\n\n<p>von Tobias Wiethoff<\/p>\n\n\n\n<p>Am 7. Mai 1925 er\u00f6ffnete das weltweit erste Planetarium in M\u00fcnchen. 100 Jahre sp\u00e4ter zeigen wir im neu er\u00f6ffneten PLANET KA die Jubil\u00e4ums-Show. Jeweils vorab mit Blick auf den aktuellen Sternenhimmel!<\/p>\n\n\n\n<div style=\"height:20px\" aria-hidden=\"true\" class=\"wp-block-spacer\"><\/div>\n\n\n\n<div class=\"wp-block-buttons is-content-justification-center is-layout-flex wp-container-core-buttons-is-layout-16018d1d wp-block-buttons-is-layout-flex\">\n<div class=\"wp-block-button is-style-outline is-style-outline--1\"><a class=\"wp-block-button__link has-custom-font-size wp-element-button\" href=\"#100je-tic\" style=\"font-size:15px\">Jetzt Ticket buchen!<\/a><\/div>\n<\/div>\n<\/div><\/div>\n\n\n\n<div style=\"height:42px\" aria-hidden=\"true\" class=\"wp-block-spacer\"><\/div>\n\n\n\n<p class=\"has-black-color has-luminous-vivid-amber-background-color has-text-color has-background has-link-color wp-elements-06a7be4f3e8abaf49908acd7aea7ed10\"><strong>+++ BREAKING NEWS: +++<\/strong><\/p>\n\n\n\n<h2 class=\"wp-block-heading has-black-color has-luminous-vivid-amber-background-color has-text-color has-background has-link-color wp-elements-cf34cdc2291b1e8ef38843435991b66f\">NEU: Planetarien sind seit 2025 immaterielles UNESCO-Kulturerbe &#8211; PLANET KA ist mit dabei!<\/h2>\n\n\n\n<p class=\"has-black-color has-luminous-vivid-amber-background-color has-text-color has-background has-link-color wp-elements-073013bb8bc51c6dc49a22b01de40b98\"><strong>Die Planetarien in Deutschland wurden von der deutschen UNESCO-Kommission 2025 zum immateriellen Kulturerbe erkl\u00e4rt.<\/strong> Eine ebenso verdiente wie in diesem Jubil\u00e4umsjahr f\u00e4llige Entscheidung, die den immensen kulturellen und bildungsm\u00e4\u00dfigen Beitrag der Planetarien im 100. Jahr ihres Bestehens w\u00fcrdigt. <br>PLANET KA hat gerade rechtzeitig zum 7. Mai 2025, dem &#8220;Internationalen Tag des Planetariums&#8221;, in Karlsruhe er\u00f6ffnet und ist somit nun auch mit gemeint, wenn von dieser ehrenhaften Auszeichnung die Rede ist &#8211; neben rund 100 anderen Planetarien in Deutschland &#8230; und \u00fcber 4.000 weltweit!<\/p>\n\n\n\n<p class=\"has-black-color has-luminous-vivid-amber-background-color has-text-color has-background has-link-color wp-elements-eba91bee317e1c628da75bb0059a30f8\"><strong>Schauen Sie die Jubil\u00e4umsshow an, jetzt aktueller denn je: &#8220;100 Jahre Ewigkeit&#8221; &#8211; diesen Freitag, 8. August, 19 Uhr!<\/strong><\/p>\n\n\n\n<div style=\"height:34px\" aria-hidden=\"true\" class=\"wp-block-spacer\"><\/div>\n\n\n\n<h4 class=\"wp-block-heading\">Zum Programm<\/h4>\n\n\n\n<p><strong>&#8220;100 Jahre Ewigkeit&#8221; &#8211; zur Kulturgeschichte des Planetariums<\/strong><br>jeweils mit Blick auf den aktuellen Sternenhimmel live!<\/p>\n\n\n\n<p>Kaum etwas hat die Zivilisationsgeschichte so bestimmt wie die Auseinandersetzung des Menschen mit dem Himmel. Davon zeugen megalithische Steinkreise ebenso wie die astronomischen Urspr\u00fcnge der Wissenschaft im antiken Griechenland oder die technischen Verfahren der modernen Hochseenavigation. Selbst vorgeschichtliche Fundst\u00e4tten erz\u00e4hlen von der bedeutenden Rolle des Himmels f\u00fcr die Menschen, sei es f\u00fcr den praktischen Lebensalltag oder als generationen\u00fcbergreifender Speicher f\u00fcr mythologische Vorstellungswelten.<\/p>\n\n\n\n<p>Das Planetarium ist die moderne Repr\u00e4sentation einer weit zur\u00fcckreichenden Reihe von Orten und Erfindungen, die der Auseinandersetzung des Menschen mit dem gestirnten Himmel und des ihn umgebenden Kosmos dienten. Anl\u00e4sslich des hundertj\u00e4hrigen Jubil\u00e4ums der Erfindung des Projektionsplanetariums begeben wir uns auf eine gro\u00dfe Reise, die Ihren Anfang in den fr\u00fchen Kulturen der Menschheit nimmt und in etwa 35 Minuten entlang eines sich st\u00e4ndig wandelnden Bildes vom Himmel am Ende zum modernen Sterntheater f\u00fchrt.<\/p>\n\n\n\n<p>Zur Veranstaltung geh\u00f6rt auch das Live-Erlebnis des Himmels und das Weltalls, wie es nur unter der Kuppel des Sterntheaters m\u00f6glich ist.<\/p>\n\n\n\n<p>Konzept, Text und Regie: Tobias Wiethoff<br>Dauer ca. 60 Minuten. <br>Das Programm richtet sich vornehmlich an Erwachsene. <br>Ggf. aber auch geeignet f\u00fcr sehr interessierte Kinder ab etwa 12 J. und Jugendliche<\/p>\n\n\n\n<p>Einlass: ab ca. 30 Min. vor Beginn; <strong>kein Nacheinlass!<\/strong><br>Ungenutzte Tickets verfallen ersatzlos.<\/p>\n\n\n\n<p>Aufgrund der begrenzten Platzzahl empfehlen wir die Buchung vorab per Online-Ticket.<br>Restkarten an der Abendkasse nur nach Verf\u00fcgbarkeit &#8211; keine Einlassgarantie!<\/p>\n\n\n\n<div style=\"height:28px\" aria-hidden=\"true\" class=\"wp-block-spacer\"><\/div>\n\n\n\n<h3 class=\"wp-block-heading\" id=\"100je-tic\">Online-Ticketbuchung<\/h3>\n\n\n\n<p>\u00dcber folgendes Buchungstool k\u00f6nnen Sie ab sofort vorab Tickets buchen.<br>Wir empfehlen die Buchung von Online-Tickets, da aufgrund der begrenzten Platzzahl nicht garantiert werden kann, dass es Restkarten an der Abendkasse gibt.<\/p>\n\n\n\n<p><strong>Zeiten: s. Buchungskalender (Achtung: kein Nacheinlass!)<br>Ort: <a href=\"https:\/\/planet-ka.de\/en\/contact\/\" data-type=\"page\" data-id=\"154\" target=\"_blank\" rel=\"noreferrer noopener\">PLANET KA, Alter Schlachthof 4, 76131 Karlsruhe<\/a><\/strong><br><br>Einlass ab 30 Minuten vor Veranstaltungsbeginn. <br>Bitte beachten: <span style=\"text-decoration: underline;\">Kein Nacheinlass<\/span> m\u00f6glich!<\/p>\n\n\n<noscript>\r\n\t<div class=\"pretix-widget-no-script\">\r\n        JavaScript is disabled in your browser. To access our ticket shop without JavaScript, please click <a target=\"_blank\" rel=\"noopener\" href=\"https:\/\/pretix.eu\/planetka\/100je\/\">here<\/a>.\t<\/div>\r\n<\/noscript>\r\n<pretix-widget event=\"https:\/\/pretix.eu\/planetka\/100je\/\" class=\"wp-block-pretix-widget\"><\/pretix-widget>\n\n\n<p>Sollte der Buchungskalender hier nicht richtig angezeigt werden, nutzen Sie bitte folgenden Link: <a href=\"https:\/\/pretix.eu\/planetka\/100je\/\" target=\"_blank\" rel=\"noreferrer noopener\">https:\/\/pretix.eu\/planetka\/100je\/<\/a><\/p>","protected":false},"excerpt":{"rendered":"<p>+++ BREAKING NEWS: +++ NEU: Planetarien sind seit 2025 immaterielles UNESCO-Kulturerbe &#8211; PLANET KA ist mit dabei! Die Planetarien in Deutschland wurden von der deutschen UNESCO-Kommission 2025 zum immateriellen Kulturerbe erkl\u00e4rt. Eine ebenso verdiente wie in diesem Jubil\u00e4umsjahr f\u00e4llige Entscheidung,<\/p>","protected":false},"author":1,"featured_media":0,"parent":0,"menu_order":0,"comment_status":"closed","ping_status":"closed","template":"","meta":{"footnotes":""},"class_list":["post-2299","page","type-page","status-publish","hentry","","tg-column-two"],"featured_image_src":null,"yoast_head":"<!-- This site is optimized with the Yoast SEO plugin v27.3 - https:\/\/yoast.com\/product\/yoast-seo-wordpress\/ -->\n<title>&quot;100 Jahre Ewigkeit&quot; - PLANET KA<\/title>\n<meta name=\"robots\" content=\"index, follow, max-snippet:-1, max-image-preview:large, max-video-preview:-1\" \/>\n<link rel=\"canonical\" href=\"https:\/\/planet-ka.de\/en\/100-jahre-ewigkeit\/\" \/>\n<meta property=\"og:locale\" content=\"en_US\" \/>\n<meta property=\"og:type\" content=\"article\" \/>\n<meta property=\"og:title\" content=\"&quot;100 Jahre Ewigkeit&quot; - PLANET KA\" \/>\n<meta property=\"og:description\" content=\"+++ BREAKING NEWS: +++ NEU: Planetarien sind seit 2025 immaterielles UNESCO-Kulturerbe &#8211; PLANET KA ist mit dabei! Die Planetarien in Deutschland wurden von der deutschen UNESCO-Kommission 2025 zum immateriellen Kulturerbe erkl\u00e4rt. Eine ebenso verdiente wie in diesem Jubil\u00e4umsjahr f\u00e4llige Entscheidung,\" \/>\n<meta property=\"og:url\" content=\"https:\/\/planet-ka.de\/en\/100-jahre-ewigkeit\/\" \/>\n<meta property=\"og:site_name\" content=\"PLANET KA\" \/>\n<meta property=\"article:publisher\" content=\"https:\/\/www.facebook.com\/people\/Planet-KA-Planetarium-Karlsruhe\/61573710254024\/\" \/>\n<meta property=\"article:modified_time\" content=\"2026-02-07T13:52:11+00:00\" \/>\n<meta property=\"og:image\" content=\"https:\/\/planet-ka.de\/wp-content\/uploads\/2026\/02\/100JahreHQ.png\" \/>\n\t<meta property=\"og:image:width\" content=\"1536\" \/>\n\t<meta property=\"og:image:height\" content=\"1024\" \/>\n\t<meta property=\"og:image:type\" content=\"image\/png\" \/>\n<script type=\"application\/ld+json\" class=\"yoast-schema-graph\">{\"@context\":\"https:\\\/\\\/schema.org\",\"@graph\":[{\"@type\":\"WebPage\",\"@id\":\"https:\\\/\\\/planet-ka.de\\\/100-jahre-ewigkeit\\\/\",\"url\":\"https:\\\/\\\/planet-ka.de\\\/100-jahre-ewigkeit\\\/\",\"name\":\"\\\"100 Jahre Ewigkeit\\\" - PLANET KA\",\"isPartOf\":{\"@id\":\"https:\\\/\\\/planet-ka.de\\\/#website\"},\"primaryImageOfPage\":{\"@id\":\"https:\\\/\\\/planet-ka.de\\\/100-jahre-ewigkeit\\\/#primaryimage\"},\"image\":{\"@id\":\"https:\\\/\\\/planet-ka.de\\\/100-jahre-ewigkeit\\\/#primaryimage\"},\"thumbnailUrl\":\"https:\\\/\\\/planet-ka.de\\\/wp-content\\\/uploads\\\/2026\\\/02\\\/100JahreHQ-1024x683.png\",\"datePublished\":\"2025-05-04T14:56:16+00:00\",\"dateModified\":\"2026-02-07T13:52:11+00:00\",\"breadcrumb\":{\"@id\":\"https:\\\/\\\/planet-ka.de\\\/100-jahre-ewigkeit\\\/#breadcrumb\"},\"inLanguage\":\"en-US\",\"potentialAction\":[{\"@type\":\"ReadAction\",\"target\":[\"https:\\\/\\\/planet-ka.de\\\/100-jahre-ewigkeit\\\/\"]}]},{\"@type\":\"ImageObject\",\"inLanguage\":\"en-US\",\"@id\":\"https:\\\/\\\/planet-ka.de\\\/100-jahre-ewigkeit\\\/#primaryimage\",\"url\":\"https:\\\/\\\/planet-ka.de\\\/wp-content\\\/uploads\\\/2026\\\/02\\\/100JahreHQ-1024x683.png\",\"contentUrl\":\"https:\\\/\\\/planet-ka.de\\\/wp-content\\\/uploads\\\/2026\\\/02\\\/100JahreHQ-1024x683.png\"},{\"@type\":\"BreadcrumbList\",\"@id\":\"https:\\\/\\\/planet-ka.de\\\/100-jahre-ewigkeit\\\/#breadcrumb\",\"itemListElement\":[{\"@type\":\"ListItem\",\"position\":1,\"name\":\"Startseite\",\"item\":\"https:\\\/\\\/planet-ka.de\\\/\"},{\"@type\":\"ListItem\",\"position\":2,\"name\":\"&#8220;100 Jahre Ewigkeit&#8221;\"}]},{\"@type\":\"WebSite\",\"@id\":\"https:\\\/\\\/planet-ka.de\\\/#website\",\"url\":\"https:\\\/\\\/planet-ka.de\\\/\",\"name\":\"PLANET KA\",\"description\":\"Faszination Kosmos\",\"publisher\":{\"@id\":\"https:\\\/\\\/planet-ka.de\\\/#organization\"},\"potentialAction\":[{\"@type\":\"SearchAction\",\"target\":{\"@type\":\"EntryPoint\",\"urlTemplate\":\"https:\\\/\\\/planet-ka.de\\\/?s={search_term_string}\"},\"query-input\":{\"@type\":\"PropertyValueSpecification\",\"valueRequired\":true,\"valueName\":\"search_term_string\"}}],\"inLanguage\":\"en-US\"},{\"@type\":\"Organization\",\"@id\":\"https:\\\/\\\/planet-ka.de\\\/#organization\",\"name\":\"PLANET KA\",\"url\":\"https:\\\/\\\/planet-ka.de\\\/\",\"logo\":{\"@type\":\"ImageObject\",\"inLanguage\":\"en-US\",\"@id\":\"https:\\\/\\\/planet-ka.de\\\/#\\\/schema\\\/logo\\\/image\\\/\",\"url\":\"https:\\\/\\\/planet-ka.de\\\/wp-content\\\/uploads\\\/2025\\\/03\\\/cropped-Logo-Banner-Website-Jan-25_19.png\",\"contentUrl\":\"https:\\\/\\\/planet-ka.de\\\/wp-content\\\/uploads\\\/2025\\\/03\\\/cropped-Logo-Banner-Website-Jan-25_19.png\",\"width\":225,\"height\":66,\"caption\":\"PLANET KA\"},\"image\":{\"@id\":\"https:\\\/\\\/planet-ka.de\\\/#\\\/schema\\\/logo\\\/image\\\/\"},\"sameAs\":[\"https:\\\/\\\/www.facebook.com\\\/people\\\/Planet-KA-Planetarium-Karlsruhe\\\/61573710254024\\\/\",\"https:\\\/\\\/www.instagram.com\\\/planetarium_karlsruhe\\\/\"]}]}<\/script>\n<!-- \/ Yoast SEO plugin. -->","yoast_head_json":{"title":"\"100 Jahre Ewigkeit\" - PLANET KA","robots":{"index":"index","follow":"follow","max-snippet":"max-snippet:-1","max-image-preview":"max-image-preview:large","max-video-preview":"max-video-preview:-1"},"canonical":"https:\/\/planet-ka.de\/en\/100-jahre-ewigkeit\/","og_locale":"en_US","og_type":"article","og_title":"\"100 Jahre Ewigkeit\" - PLANET KA","og_description":"+++ BREAKING NEWS: +++ NEU: Planetarien sind seit 2025 immaterielles UNESCO-Kulturerbe &#8211; PLANET KA ist mit dabei! Die Planetarien in Deutschland wurden von der deutschen UNESCO-Kommission 2025 zum immateriellen Kulturerbe erkl\u00e4rt. Eine ebenso verdiente wie in diesem Jubil\u00e4umsjahr f\u00e4llige Entscheidung,","og_url":"https:\/\/planet-ka.de\/en\/100-jahre-ewigkeit\/","og_site_name":"PLANET KA","article_publisher":"https:\/\/www.facebook.com\/people\/Planet-KA-Planetarium-Karlsruhe\/61573710254024\/","article_modified_time":"2026-02-07T13:52:11+00:00","og_image":[{"width":1536,"height":1024,"url":"https:\/\/planet-ka.de\/wp-content\/uploads\/2026\/02\/100JahreHQ.png","type":"image\/png"}],"schema":{"@context":"https:\/\/schema.org","@graph":[{"@type":"WebPage","@id":"https:\/\/planet-ka.de\/100-jahre-ewigkeit\/","url":"https:\/\/planet-ka.de\/100-jahre-ewigkeit\/","name":"\"100 Jahre Ewigkeit\" - PLANET KA","isPartOf":{"@id":"https:\/\/planet-ka.de\/#website"},"primaryImageOfPage":{"@id":"https:\/\/planet-ka.de\/100-jahre-ewigkeit\/#primaryimage"},"image":{"@id":"https:\/\/planet-ka.de\/100-jahre-ewigkeit\/#primaryimage"},"thumbnailUrl":"https:\/\/planet-ka.de\/wp-content\/uploads\/2026\/02\/100JahreHQ-1024x683.png","datePublished":"2025-05-04T14:56:16+00:00","dateModified":"2026-02-07T13:52:11+00:00","breadcrumb":{"@id":"https:\/\/planet-ka.de\/100-jahre-ewigkeit\/#breadcrumb"},"inLanguage":"en-US","potentialAction":[{"@type":"ReadAction","target":["https:\/\/planet-ka.de\/100-jahre-ewigkeit\/"]}]},{"@type":"ImageObject","inLanguage":"en-US","@id":"https:\/\/planet-ka.de\/100-jahre-ewigkeit\/#primaryimage","url":"https:\/\/planet-ka.de\/wp-content\/uploads\/2026\/02\/100JahreHQ-1024x683.png","contentUrl":"https:\/\/planet-ka.de\/wp-content\/uploads\/2026\/02\/100JahreHQ-1024x683.png"},{"@type":"BreadcrumbList","@id":"https:\/\/planet-ka.de\/100-jahre-ewigkeit\/#breadcrumb","itemListElement":[{"@type":"ListItem","position":1,"name":"Startseite","item":"https:\/\/planet-ka.de\/"},{"@type":"ListItem","position":2,"name":"&#8220;100 Jahre Ewigkeit&#8221;"}]},{"@type":"WebSite","@id":"https:\/\/planet-ka.de\/#website","url":"https:\/\/planet-ka.de\/","name":"PLANET KA","description":"Cosmic Fascination","publisher":{"@id":"https:\/\/planet-ka.de\/#organization"},"potentialAction":[{"@type":"SearchAction","target":{"@type":"EntryPoint","urlTemplate":"https:\/\/planet-ka.de\/?s={search_term_string}"},"query-input":{"@type":"PropertyValueSpecification","valueRequired":true,"valueName":"search_term_string"}}],"inLanguage":"en-US"},{"@type":"Organization","@id":"https:\/\/planet-ka.de\/#organization","name":"PLANET KA","url":"https:\/\/planet-ka.de\/","logo":{"@type":"ImageObject","inLanguage":"en-US","@id":"https:\/\/planet-ka.de\/#\/schema\/logo\/image\/","url":"https:\/\/planet-ka.de\/wp-content\/uploads\/2025\/03\/cropped-Logo-Banner-Website-Jan-25_19.png","contentUrl":"https:\/\/planet-ka.de\/wp-content\/uploads\/2025\/03\/cropped-Logo-Banner-Website-Jan-25_19.png","width":225,"height":66,"caption":"PLANET KA"},"image":{"@id":"https:\/\/planet-ka.de\/#\/schema\/logo\/image\/"},"sameAs":["https:\/\/www.facebook.com\/people\/Planet-KA-Planetarium-Karlsruhe\/61573710254024\/","https:\/\/www.instagram.com\/planetarium_karlsruhe\/"]}]}},"_links":{"self":[{"href":"https:\/\/planet-ka.de\/en\/wp-json\/wp\/v2\/pages\/2299","targetHints":{"allow":["GET"]}}],"collection":[{"href":"https:\/\/planet-ka.de\/en\/wp-json\/wp\/v2\/pages"}],"about":[{"href":"https:\/\/planet-ka.de\/en\/wp-json\/wp\/v2\/types\/page"}],"author":[{"embeddable":true,"href":"https:\/\/planet-ka.de\/en\/wp-json\/wp\/v2\/users\/1"}],"replies":[{"embeddable":true,"href":"https:\/\/planet-ka.de\/en\/wp-json\/wp\/v2\/comments?post=2299"}],"version-history":[{"count":9,"href":"https:\/\/planet-ka.de\/en\/wp-json\/wp\/v2\/pages\/2299\/revisions"}],"predecessor-version":[{"id":3445,"href":"https:\/\/planet-ka.de\/en\/wp-json\/wp\/v2\/pages\/2299\/revisions\/3445"}],"wp:attachment":[{"href":"https:\/\/planet-ka.de\/en\/wp-json\/wp\/v2\/media?parent=2299"}],"curies":[{"name":"wp","href":"https:\/\/api.w.org\/{rel}","templated":true}]}}