{"id":2303,"date":"2025-05-04T17:17:10","date_gmt":"2025-05-04T15:17:10","guid":{"rendered":"https:\/\/planet-ka.de\/?page_id=2303"},"modified":"2026-03-19T10:43:34","modified_gmt":"2026-03-19T09:43:34","slug":"forever-young-das-centennial-des-planetariums","status":"publish","type":"page","link":"https:\/\/planet-ka.de\/en\/forever-young-das-centennial-des-planetariums\/","title":{"rendered":"Forever Young: The Centennial of the Planetarium"},"content":{"rendered":"<div class=\"wp-block-media-text is-stacked-on-mobile\" style=\"grid-template-columns:55% auto\"><figure class=\"wp-block-media-text__media\"><img loading=\"lazy\" decoding=\"async\" width=\"1024\" height=\"575\" src=\"https:\/\/planet-ka.de\/wp-content\/uploads\/2025\/05\/Forever-Young-Poster-Website-1024x575.jpg\" alt=\"\" class=\"wp-image-2280 size-full\" srcset=\"https:\/\/planet-ka.de\/wp-content\/uploads\/2025\/05\/Forever-Young-Poster-Website-1024x575.jpg 1024w, https:\/\/planet-ka.de\/wp-content\/uploads\/2025\/05\/Forever-Young-Poster-Website-300x168.jpg 300w, https:\/\/planet-ka.de\/wp-content\/uploads\/2025\/05\/Forever-Young-Poster-Website-768x431.jpg 768w, https:\/\/planet-ka.de\/wp-content\/uploads\/2025\/05\/Forever-Young-Poster-Website-1536x862.jpg 1536w, https:\/\/planet-ka.de\/wp-content\/uploads\/2025\/05\/Forever-Young-Poster-Website-2048x1149.jpg 2048w\" sizes=\"auto, (max-width: 1024px) 100vw, 1024px\" \/><\/figure><div class=\"wp-block-media-text__content\">\n<h3 class=\"wp-block-heading\">Forever Young &#8211; <br>100 Jahre Planetarium &amp; das neue PLANET KA<\/h3>\n\n\n\n<p><strong>7. Mai 1925 &#8211; 7. Mai 2025:<\/strong><\/p>\n\n\n\n<p>Vor 100 Jahren er\u00f6ffnete das erste Planetarium weltweit in M\u00fcnchen. Ab Mai 2025 gibt es mit PLANET KA endlich auch ein Planetarium in Karlsruhe.!<\/p>\n\n\n\n<div style=\"height:20px\" aria-hidden=\"true\" class=\"wp-block-spacer\"><\/div>\n\n\n\n<div class=\"wp-block-buttons is-content-justification-center is-layout-flex wp-container-core-buttons-is-layout-16018d1d wp-block-buttons-is-layout-flex\">\n<div class=\"wp-block-button is-style-outline is-style-outline--1\"><a class=\"wp-block-button__link has-custom-font-size wp-element-button\" href=\"#forever-tic\" style=\"font-size:15px\">Jetzt Tickets buchen!<\/a><\/div>\n<\/div>\n<\/div><\/div>\n\n\n\n<h4 class=\"wp-block-heading\">Sonderausstellung &#8222;Forever Young &#8211; 100 Jahre Planetarium&#8220;<\/h4>\n\n\n\n<p><em>Nur noch bis 7. Mai 2026<\/em>!<\/p>\n\n\n\n<p>Seit der Er\u00f6ffnung am 7. Mai 2025 zeigen wir in unserem Ausstellungsraum schwerpunktm\u00e4\u00dfig die Sonderausstellung zum 100-j\u00e4hrigen Jubil\u00e4um des Planetariums. <\/p>\n\n\n\n<div style=\"height:42px\" aria-hidden=\"true\" class=\"wp-block-spacer\"><\/div>\n\n\n<div class=\"wp-block-ub-divider ub_divider ub-divider-orientation-horizontal\" id=\"ub_divider_ade96e24-24bc-441c-8f0e-a230bd93b6bf\"><div class=\"ub_divider_wrapper\" style=\"position: relative; margin-bottom: 2px; width: 100%; height: 2px; \" data-divider-alignment=\"center\"><div class=\"ub_divider_line\" style=\"border-top: 1px solid #ccc; margin-top: 2px; \"><\/div><\/div><\/div>\n\n\n<h4 class=\"wp-block-heading\">R\u00fcckblick 2025:<\/h4>\n\n\n\n<p><strong>Die Er\u00f6ffnungsprogramme ab 7. Mai 2025:<\/strong><\/p>\n\n\n\n<p><strong><span style=\"text-decoration: underline;\">Familienprogramm am Nachmittag:<\/span><\/strong><\/p>\n\n\n\n<p><strong><a href=\"https:\/\/planet-ka.de\/en\/flappi\/\" data-type=\"page\" data-id=\"441\">&#8222;Ein Sternbild f\u00fcr Flappi&#8220;<\/a><\/strong> &#8211; f\u00fcr Kinder ab 4 J. und die ganze Familie<br><strong>Zeit: Mittwoch, 7. Mai 2025, 15:30 Uhr (kein Nacheinlass!)<\/strong><br><strong>Ort: <a href=\"https:\/\/planet-ka.de\/en\/contact\/\" target=\"_blank\" rel=\"noreferrer noopener\">PLANET KA, Alter Schlachthof 4, 76131 Karlsruhe<\/a><\/strong><br><strong>Tickets via <a href=\"https:\/\/pretix.eu\/planetka\/flappi\/\" target=\"_blank\" rel=\"noreferrer noopener\">https:\/\/pretix.eu\/planetka\/flappi\/<\/a><\/strong><\/p>\n\n\n\n<p><span style=\"text-decoration: underline;\"><strong>Abends:<\/strong><\/span><\/p>\n\n\n\n<p><strong><a href=\"https:\/\/planet-ka.de\/en\/vortrag-wie-die-sterne-in-die-kuppel-kamen\/\" data-type=\"page\" data-id=\"2266\">&#8222;Wie die Sterne in die Kuppel kamen&#8220;<\/a> <\/strong>&#8211; Vortrag von Matthias Meier (Durlach)<strong><br>Zeit: Mittwoch, 7. Mai 2025, 19:00 Uhr (kein Nacheinlass!)<\/strong><br><strong>Ort: <a href=\"https:\/\/planet-ka.de\/en\/contact\/\" data-type=\"page\" data-id=\"154\" target=\"_blank\" rel=\"noreferrer noopener\">PLANET KA, Alter Schlachthof 4, 76131 Karlsruhe<\/a><\/strong><br><strong>Tickets via <a href=\"https:\/\/pretix.eu\/planetka\/mm100\/\" target=\"_blank\" rel=\"noreferrer noopener\">https:\/\/pretix.eu\/planetka\/mm100\/<\/a><\/strong><\/p>\n\n\n\n<p><strong>&#8222;<a href=\"https:\/\/planet-ka.de\/en\/100-jahre-ewigkeit\/\" data-type=\"page\" data-id=\"2299\">100 Years of Eternity<\/a>&#8220; <\/strong>&#8211; die Show zum 100-j\u00e4hrigen Jubil\u00e4um des Planetariums<br><strong>Zeit: ab Mittwoch, 7. Mai 2025, 17:00 &amp; 20:30 Uhr (kein Nacheinlass!) &#8211; weitere Termine geplant<br>Ort: <a href=\"https:\/\/planet-ka.de\/en\/contact\/\" data-type=\"page\" data-id=\"154\" target=\"_blank\" rel=\"noreferrer noopener\">PLANET KA, Alter Schlachthof 4, 76131 Karlsruhe<\/a><\/strong><br><strong>Tickets via <a href=\"https:\/\/pretix.eu\/planetka\/100je\/\" target=\"_blank\" rel=\"noreferrer noopener\">https:\/\/pretix.eu\/planetka\/100je\/<\/a><\/strong><\/p>\n\n\n\n<div style=\"height:22px\" aria-hidden=\"true\" class=\"wp-block-spacer\"><\/div>\n\n\n\n<p><strong>TIPP: Beide Programme (Vortrag + Show oder Show + Vortrag) zusammen erhalten Sie mit einem Kombiticket-Upgrade verg\u00fcnstigt im Doppelpack!<\/strong><br>Voraussetzung ist ein g\u00fcltiges Ticket f\u00fcr den Vortrag. Buchen Sie also zuerst bitte den Vortrag um 19 Uhr.<br>Anschlie\u00dfend k\u00f6nnen Sie bei der Buchung einer der beiden Shows am 7.5. (um 17 oder um 20:30 Uhr) die passende Ticket-Kategorie (Kombiticket Upgrade f\u00fcr nur 7,50 \/ erm. 5 Euro zus\u00e4tzlich) w\u00e4hlen, und bekommen so beide Programme zusammen g\u00fcnstiger.<\/p>\n\n\n\n<div style=\"height:20px\" aria-hidden=\"true\" class=\"wp-block-spacer\"><\/div>\n\n\n\n<p><strong>Alle weiteren Programme und Termine finden Sie auch unter: <a href=\"https:\/\/pretix.eu\/planetka\/\" target=\"_blank\" rel=\"noreferrer noopener\">https:\/\/pretix.eu\/planetka\/<\/a><\/strong><\/p>\n\n\n\n<div style=\"height:22px\" aria-hidden=\"true\" class=\"wp-block-spacer\"><\/div>\n\n\n\n<h3 class=\"wp-block-heading\" id=\"forever-tic\">Online-Ticketbuchung<\/h3>\n\n\n\n<p>\u00dcber folgenden Buchungskalender k\u00f6nnen Sie ab sofort vorab Tickets buchen.<br>Das Programm wird in den kommenden Tagen und Wochen nach und nach immer weiter erg\u00e4nzt.<\/p>\n\n\n\n<p><strong><em>TIPP: <\/em><\/strong>Wir empfehlen die Vorab-Buchung von Online-Tickets, da aufgrund der begrenzten Platzzahl in der Kuppel nicht garantiert werden kann, dass es Restkarten an der Abendkasse gibt.<\/p>\n\n\n\n<p><strong>Zeiten: s. Buchungskalender (Achtung: <span style=\"text-decoration: underline;\">kein<\/span> Nacheinlass &#8211; nicht genutzte Tickets verfallen ersatzlos!)<br>Ort: <a href=\"https:\/\/planet-ka.de\/en\/contact\/\" data-type=\"page\" data-id=\"154\" target=\"_blank\" rel=\"noreferrer noopener\">PLANET KA, Alter Schlachthof 4, 76131 Karlsruhe<\/a><\/strong><br><br>Einlass mind. 20 Minuten vor Veranstaltungsbeginn. <br>Bitte beachten: <span style=\"text-decoration: underline;\">Kein Nacheinlass<\/span> m\u00f6glich!<br>Nicht genutzte Tickets verfallen ersatzlos.<\/p>\n\n\n<noscript>\r\n\t<div class=\"pretix-widget-no-script\">\r\n        JavaScript is disabled in your browser. To access our ticket shop without JavaScript, please click <a target=\"_blank\" rel=\"noopener\" href=\"https:\/\/pretix.eu\/planetka\/\">here<\/a>.\t<\/div>\r\n<\/noscript>\r\n<pretix-widget list-type=\"calendar\" event=\"https:\/\/pretix.eu\/planetka\/\" class=\"wp-block-pretix-widget\"><\/pretix-widget>\n\n\n<p>Sollte der Buchungskalender hier nicht richtig angezeigt werden, nutzen Sie bitte folgenden Link: <a href=\"https:\/\/pretix.eu\/planetka\" target=\"_blank\" rel=\"noreferrer noopener\">https:\/\/pretix.eu\/planetka<\/a><\/p>","protected":false},"excerpt":{"rendered":"<p>Sonderausstellung &#8222;Forever Young &#8211; 100 Jahre Planetarium&#8220; Nur noch bis 7. Mai 2026! Seit der Er\u00f6ffnung am 7. Mai 2025 zeigen wir in unserem Ausstellungsraum schwerpunktm\u00e4\u00dfig die Sonderausstellung zum 100-j\u00e4hrigen Jubil\u00e4um des Planetariums. R\u00fcckblick 2025: Die Er\u00f6ffnungsprogramme ab 7. Mai<\/p>","protected":false},"author":1,"featured_media":2280,"parent":0,"menu_order":0,"comment_status":"closed","ping_status":"closed","template":"","meta":{"footnotes":""},"class_list":["post-2303","page","type-page","status-publish","has-post-thumbnail","hentry","","tg-column-two"],"featured_image_src":"https:\/\/planet-ka.de\/wp-content\/uploads\/2025\/05\/Forever-Young-Poster-Website-scaled.jpg","yoast_head":"<!-- This site is optimized with the Yoast SEO plugin v27.3 - https:\/\/yoast.com\/product\/yoast-seo-wordpress\/ -->\n<title>Forever Young: das Centennial des Planetariums - PLANET KA<\/title>\n<meta name=\"robots\" content=\"index, follow, max-snippet:-1, max-image-preview:large, max-video-preview:-1\" \/>\n<link rel=\"canonical\" href=\"https:\/\/planet-ka.de\/en\/forever-young-das-centennial-des-planetariums\/\" \/>\n<meta property=\"og:locale\" content=\"en_US\" \/>\n<meta property=\"og:type\" content=\"article\" \/>\n<meta property=\"og:title\" content=\"Forever Young: das Centennial des Planetariums - PLANET KA\" \/>\n<meta property=\"og:description\" content=\"Sonderausstellung &#8222;Forever Young &#8211; 100 Jahre Planetarium&#8220; Nur noch bis 7. Mai 2026! Seit der Er\u00f6ffnung am 7. Mai 2025 zeigen wir in unserem Ausstellungsraum schwerpunktm\u00e4\u00dfig die Sonderausstellung zum 100-j\u00e4hrigen Jubil\u00e4um des Planetariums. R\u00fcckblick 2025: Die Er\u00f6ffnungsprogramme ab 7. Mai\" \/>\n<meta property=\"og:url\" content=\"https:\/\/planet-ka.de\/en\/forever-young-das-centennial-des-planetariums\/\" \/>\n<meta property=\"og:site_name\" content=\"PLANET KA\" \/>\n<meta property=\"article:publisher\" content=\"https:\/\/www.facebook.com\/people\/Planet-KA-Planetarium-Karlsruhe\/61573710254024\/\" \/>\n<meta property=\"article:modified_time\" content=\"2026-03-19T09:43:34+00:00\" \/>\n<meta property=\"og:image\" content=\"https:\/\/planet-ka.de\/wp-content\/uploads\/2025\/05\/Forever-Young-Poster-Website-scaled.jpg\" \/>\n\t<meta property=\"og:image:width\" content=\"2560\" \/>\n\t<meta property=\"og:image:height\" content=\"1436\" \/>\n\t<meta property=\"og:image:type\" content=\"image\/jpeg\" \/>\n<script type=\"application\/ld+json\" class=\"yoast-schema-graph\">{\"@context\":\"https:\\\/\\\/schema.org\",\"@graph\":[{\"@type\":\"WebPage\",\"@id\":\"https:\\\/\\\/planet-ka.de\\\/forever-young-das-centennial-des-planetariums\\\/\",\"url\":\"https:\\\/\\\/planet-ka.de\\\/forever-young-das-centennial-des-planetariums\\\/\",\"name\":\"Forever Young: das Centennial des Planetariums - PLANET KA\",\"isPartOf\":{\"@id\":\"https:\\\/\\\/planet-ka.de\\\/#website\"},\"primaryImageOfPage\":{\"@id\":\"https:\\\/\\\/planet-ka.de\\\/forever-young-das-centennial-des-planetariums\\\/#primaryimage\"},\"image\":{\"@id\":\"https:\\\/\\\/planet-ka.de\\\/forever-young-das-centennial-des-planetariums\\\/#primaryimage\"},\"thumbnailUrl\":\"https:\\\/\\\/planet-ka.de\\\/wp-content\\\/uploads\\\/2025\\\/05\\\/Forever-Young-Poster-Website-scaled.jpg\",\"datePublished\":\"2025-05-04T15:17:10+00:00\",\"dateModified\":\"2026-03-19T09:43:34+00:00\",\"breadcrumb\":{\"@id\":\"https:\\\/\\\/planet-ka.de\\\/forever-young-das-centennial-des-planetariums\\\/#breadcrumb\"},\"inLanguage\":\"en-US\",\"potentialAction\":[{\"@type\":\"ReadAction\",\"target\":[\"https:\\\/\\\/planet-ka.de\\\/forever-young-das-centennial-des-planetariums\\\/\"]}]},{\"@type\":\"ImageObject\",\"inLanguage\":\"en-US\",\"@id\":\"https:\\\/\\\/planet-ka.de\\\/forever-young-das-centennial-des-planetariums\\\/#primaryimage\",\"url\":\"https:\\\/\\\/planet-ka.de\\\/wp-content\\\/uploads\\\/2025\\\/05\\\/Forever-Young-Poster-Website-scaled.jpg\",\"contentUrl\":\"https:\\\/\\\/planet-ka.de\\\/wp-content\\\/uploads\\\/2025\\\/05\\\/Forever-Young-Poster-Website-scaled.jpg\",\"width\":2560,\"height\":1436},{\"@type\":\"BreadcrumbList\",\"@id\":\"https:\\\/\\\/planet-ka.de\\\/forever-young-das-centennial-des-planetariums\\\/#breadcrumb\",\"itemListElement\":[{\"@type\":\"ListItem\",\"position\":1,\"name\":\"Startseite\",\"item\":\"https:\\\/\\\/planet-ka.de\\\/\"},{\"@type\":\"ListItem\",\"position\":2,\"name\":\"Forever Young: das Centennial des Planetariums\"}]},{\"@type\":\"WebSite\",\"@id\":\"https:\\\/\\\/planet-ka.de\\\/#website\",\"url\":\"https:\\\/\\\/planet-ka.de\\\/\",\"name\":\"PLANET KA\",\"description\":\"Faszination Kosmos\",\"publisher\":{\"@id\":\"https:\\\/\\\/planet-ka.de\\\/#organization\"},\"potentialAction\":[{\"@type\":\"SearchAction\",\"target\":{\"@type\":\"EntryPoint\",\"urlTemplate\":\"https:\\\/\\\/planet-ka.de\\\/?s={search_term_string}\"},\"query-input\":{\"@type\":\"PropertyValueSpecification\",\"valueRequired\":true,\"valueName\":\"search_term_string\"}}],\"inLanguage\":\"en-US\"},{\"@type\":\"Organization\",\"@id\":\"https:\\\/\\\/planet-ka.de\\\/#organization\",\"name\":\"PLANET KA\",\"url\":\"https:\\\/\\\/planet-ka.de\\\/\",\"logo\":{\"@type\":\"ImageObject\",\"inLanguage\":\"en-US\",\"@id\":\"https:\\\/\\\/planet-ka.de\\\/#\\\/schema\\\/logo\\\/image\\\/\",\"url\":\"https:\\\/\\\/planet-ka.de\\\/wp-content\\\/uploads\\\/2025\\\/03\\\/cropped-Logo-Banner-Website-Jan-25_19.png\",\"contentUrl\":\"https:\\\/\\\/planet-ka.de\\\/wp-content\\\/uploads\\\/2025\\\/03\\\/cropped-Logo-Banner-Website-Jan-25_19.png\",\"width\":225,\"height\":66,\"caption\":\"PLANET KA\"},\"image\":{\"@id\":\"https:\\\/\\\/planet-ka.de\\\/#\\\/schema\\\/logo\\\/image\\\/\"},\"sameAs\":[\"https:\\\/\\\/www.facebook.com\\\/people\\\/Planet-KA-Planetarium-Karlsruhe\\\/61573710254024\\\/\",\"https:\\\/\\\/www.instagram.com\\\/planetarium_karlsruhe\\\/\"]}]}<\/script>\n<!-- \/ Yoast SEO plugin. -->","yoast_head_json":{"title":"Forever Young: das Centennial des Planetariums - PLANET KA","robots":{"index":"index","follow":"follow","max-snippet":"max-snippet:-1","max-image-preview":"max-image-preview:large","max-video-preview":"max-video-preview:-1"},"canonical":"https:\/\/planet-ka.de\/en\/forever-young-das-centennial-des-planetariums\/","og_locale":"en_US","og_type":"article","og_title":"Forever Young: das Centennial des Planetariums - PLANET KA","og_description":"Sonderausstellung &#8222;Forever Young &#8211; 100 Jahre Planetarium&#8220; Nur noch bis 7. Mai 2026! Seit der Er\u00f6ffnung am 7. Mai 2025 zeigen wir in unserem Ausstellungsraum schwerpunktm\u00e4\u00dfig die Sonderausstellung zum 100-j\u00e4hrigen Jubil\u00e4um des Planetariums. R\u00fcckblick 2025: Die Er\u00f6ffnungsprogramme ab 7. Mai","og_url":"https:\/\/planet-ka.de\/en\/forever-young-das-centennial-des-planetariums\/","og_site_name":"PLANET KA","article_publisher":"https:\/\/www.facebook.com\/people\/Planet-KA-Planetarium-Karlsruhe\/61573710254024\/","article_modified_time":"2026-03-19T09:43:34+00:00","og_image":[{"width":2560,"height":1436,"url":"https:\/\/planet-ka.de\/wp-content\/uploads\/2025\/05\/Forever-Young-Poster-Website-scaled.jpg","type":"image\/jpeg"}],"schema":{"@context":"https:\/\/schema.org","@graph":[{"@type":"WebPage","@id":"https:\/\/planet-ka.de\/forever-young-das-centennial-des-planetariums\/","url":"https:\/\/planet-ka.de\/forever-young-das-centennial-des-planetariums\/","name":"Forever Young: das Centennial des Planetariums - PLANET KA","isPartOf":{"@id":"https:\/\/planet-ka.de\/#website"},"primaryImageOfPage":{"@id":"https:\/\/planet-ka.de\/forever-young-das-centennial-des-planetariums\/#primaryimage"},"image":{"@id":"https:\/\/planet-ka.de\/forever-young-das-centennial-des-planetariums\/#primaryimage"},"thumbnailUrl":"https:\/\/planet-ka.de\/wp-content\/uploads\/2025\/05\/Forever-Young-Poster-Website-scaled.jpg","datePublished":"2025-05-04T15:17:10+00:00","dateModified":"2026-03-19T09:43:34+00:00","breadcrumb":{"@id":"https:\/\/planet-ka.de\/forever-young-das-centennial-des-planetariums\/#breadcrumb"},"inLanguage":"en-US","potentialAction":[{"@type":"ReadAction","target":["https:\/\/planet-ka.de\/forever-young-das-centennial-des-planetariums\/"]}]},{"@type":"ImageObject","inLanguage":"en-US","@id":"https:\/\/planet-ka.de\/forever-young-das-centennial-des-planetariums\/#primaryimage","url":"https:\/\/planet-ka.de\/wp-content\/uploads\/2025\/05\/Forever-Young-Poster-Website-scaled.jpg","contentUrl":"https:\/\/planet-ka.de\/wp-content\/uploads\/2025\/05\/Forever-Young-Poster-Website-scaled.jpg","width":2560,"height":1436},{"@type":"BreadcrumbList","@id":"https:\/\/planet-ka.de\/forever-young-das-centennial-des-planetariums\/#breadcrumb","itemListElement":[{"@type":"ListItem","position":1,"name":"Startseite","item":"https:\/\/planet-ka.de\/"},{"@type":"ListItem","position":2,"name":"Forever Young: das Centennial des Planetariums"}]},{"@type":"WebSite","@id":"https:\/\/planet-ka.de\/#website","url":"https:\/\/planet-ka.de\/","name":"PLANET KA","description":"Cosmic Fascination","publisher":{"@id":"https:\/\/planet-ka.de\/#organization"},"potentialAction":[{"@type":"SearchAction","target":{"@type":"EntryPoint","urlTemplate":"https:\/\/planet-ka.de\/?s={search_term_string}"},"query-input":{"@type":"PropertyValueSpecification","valueRequired":true,"valueName":"search_term_string"}}],"inLanguage":"en-US"},{"@type":"Organization","@id":"https:\/\/planet-ka.de\/#organization","name":"PLANET KA","url":"https:\/\/planet-ka.de\/","logo":{"@type":"ImageObject","inLanguage":"en-US","@id":"https:\/\/planet-ka.de\/#\/schema\/logo\/image\/","url":"https:\/\/planet-ka.de\/wp-content\/uploads\/2025\/03\/cropped-Logo-Banner-Website-Jan-25_19.png","contentUrl":"https:\/\/planet-ka.de\/wp-content\/uploads\/2025\/03\/cropped-Logo-Banner-Website-Jan-25_19.png","width":225,"height":66,"caption":"PLANET KA"},"image":{"@id":"https:\/\/planet-ka.de\/#\/schema\/logo\/image\/"},"sameAs":["https:\/\/www.facebook.com\/people\/Planet-KA-Planetarium-Karlsruhe\/61573710254024\/","https:\/\/www.instagram.com\/planetarium_karlsruhe\/"]}]}},"_links":{"self":[{"href":"https:\/\/planet-ka.de\/en\/wp-json\/wp\/v2\/pages\/2303","targetHints":{"allow":["GET"]}}],"collection":[{"href":"https:\/\/planet-ka.de\/en\/wp-json\/wp\/v2\/pages"}],"about":[{"href":"https:\/\/planet-ka.de\/en\/wp-json\/wp\/v2\/types\/page"}],"author":[{"embeddable":true,"href":"https:\/\/planet-ka.de\/en\/wp-json\/wp\/v2\/users\/1"}],"replies":[{"embeddable":true,"href":"https:\/\/planet-ka.de\/en\/wp-json\/wp\/v2\/comments?post=2303"}],"version-history":[{"count":10,"href":"https:\/\/planet-ka.de\/en\/wp-json\/wp\/v2\/pages\/2303\/revisions"}],"predecessor-version":[{"id":3606,"href":"https:\/\/planet-ka.de\/en\/wp-json\/wp\/v2\/pages\/2303\/revisions\/3606"}],"wp:featuredmedia":[{"embeddable":true,"href":"https:\/\/planet-ka.de\/en\/wp-json\/wp\/v2\/media\/2280"}],"wp:attachment":[{"href":"https:\/\/planet-ka.de\/en\/wp-json\/wp\/v2\/media?parent=2303"}],"curies":[{"name":"wp","href":"https:\/\/api.w.org\/{rel}","templated":true}]}}