{"id":2406,"date":"2025-05-09T02:44:06","date_gmt":"2025-05-09T00:44:06","guid":{"rendered":"https:\/\/planet-ka.de\/?page_id=2406"},"modified":"2026-02-07T15:34:47","modified_gmt":"2026-02-07T14:34:47","slug":"lars-der-kleine-eisbaer","status":"publish","type":"page","link":"https:\/\/planet-ka.de\/en\/lars-der-kleine-eisbaer\/","title":{"rendered":"Lars &#8211; der kleine Eisb\u00e4r"},"content":{"rendered":"<div class=\"wp-block-media-text is-stacked-on-mobile\"><figure class=\"wp-block-media-text__media\"><img loading=\"lazy\" decoding=\"async\" width=\"1024\" height=\"683\" src=\"https:\/\/planet-ka.de\/wp-content\/uploads\/2026\/02\/LarsHQ-1024x683.jpg\" alt=\"\" class=\"wp-image-3466 size-full\" srcset=\"https:\/\/planet-ka.de\/wp-content\/uploads\/2026\/02\/LarsHQ-1024x683.jpg 1024w, https:\/\/planet-ka.de\/wp-content\/uploads\/2026\/02\/LarsHQ-300x200.jpg 300w, https:\/\/planet-ka.de\/wp-content\/uploads\/2026\/02\/LarsHQ-768x512.jpg 768w, https:\/\/planet-ka.de\/wp-content\/uploads\/2026\/02\/LarsHQ.jpg 1536w\" sizes=\"auto, (max-width: 1024px) 100vw, 1024px\" \/><\/figure><div class=\"wp-block-media-text__content\">\n<h6 class=\"wp-block-heading\">KINDER- &amp; FAMILIENPROGRAMM:<\/h6>\n\n\n\n<h3 class=\"wp-block-heading\"><strong>Lars &#8211; der kleine Eisb\u00e4r<\/strong><\/h3>\n\n\n\n<h6 class=\"wp-block-heading\" style=\"font-size:20px\">EISKALTE ABK\u00dcHLUNG AN DEN HEISSEN TAGEN!<\/h6>\n\n\n\n<p>Warum ist es am Nordpol oft so kalt und dunkel? Und warum schmilzt dann doch das Eis? &#8211; Ein Abenteuer mit Lars, dem kleinen Eisb\u00e4ren.<br><br>Gro\u00dfe und kleine B\u00e4ren gibt es freilich auch am Himmel &#8211; die schauen wir uns nat\u00fcrlich auch an!<\/p>\n\n\n\n<p><strong>F\u00fcr Kinder ab 4 Jahren &amp; die ganze Familie<\/strong><\/p>\n\n\n\n<div class=\"wp-block-buttons is-content-justification-center is-layout-flex wp-container-core-buttons-is-layout-16018d1d wp-block-buttons-is-layout-flex\">\n<div class=\"wp-block-button has-custom-width wp-block-button__width-50 is-style-outline is-style-outline--1\" id=\"flaptic\"><a class=\"wp-block-button__link has-white-color has-text-color has-background has-link-color has-text-align-center has-custom-font-size wp-element-button\" href=\"#schnuptic\" style=\"border-radius:100px;background-color:#022647;font-size:17px\">Termine &amp; Tickets<\/a><\/div>\n<\/div>\n<\/div><\/div>\n\n\n\n<div style=\"height:20px\" aria-hidden=\"true\" class=\"wp-block-spacer\"><\/div>\n\n\n\n<p class=\"has-white-color has-text-color has-background has-link-color has-medium-font-size wp-elements-3234dc130879a96a78cf58a37e377324\" style=\"background-color:#022647\"><strong>Ein hei\u00df-kaltes Abenteuer um schmelzende Gletscher und den bedrohten Lebensraum Arktis.<\/strong><br><br>Aktuell: SAMSTAGS und\/oder SONNTAGS um 11:30 oder 13:30 Uhr.<\/p>\n\n\n\n<p><\/p>\n\n\n\n<div id=\"schnuptic\" class=\"wp-block-group\"><div class=\"wp-block-group__inner-container is-layout-constrained wp-block-group-is-layout-constrained\"><div class=\"wp-block-ub-tabbed-content wp-block-ub-tabbed-content-holder wp-block-ub-tabbed-content-horizontal-holder-mobile wp-block-ub-tabbed-content-horizontal-holder-tablet\" id=\"ub-tabbed-content-60e1b496-03ce-402f-9033-0ae3c1751be7\" style=\"\">\n\t\t\t<div class=\"wp-block-ub-tabbed-content-tab-holder horizontal-tab-width-mobile horizontal-tab-width-tablet\">\n\t\t\t\t<div role=\"tablist\" class=\"wp-block-ub-tabbed-content-tabs-title wp-block-ub-tabbed-content-tabs-title-mobile-horizontal-tab wp-block-ub-tabbed-content-tabs-title-tablet-horizontal-tab\" style=\"justify-content: flex-start; \"><div role=\"tab\" id=\"ub-tabbed-content-60e1b496-03ce-402f-9033-0ae3c1751be7-tab-0\" aria-controls=\"ub-tabbed-content-60e1b496-03ce-402f-9033-0ae3c1751be7-panel-0\" aria-selected=\"false\" class=\"wp-block-ub-tabbed-content-tab-title-wrap\" style=\"--ub-tabbed-title-background-color: #022647; --ub-tabbed-title-color: #ffffff; --ub-tabbed-active-title-color: #ffffff; --ub-tabbed-active-title-background-color: #dd9933; text-align: left; \" tabindex=\"-1\">\n\t\t\t\t<div class=\"wp-block-ub-tabbed-content-tab-title\">Beschreibung<\/div>\n\t\t\t<\/div><div role=\"tab\" id=\"ub-tabbed-content-60e1b496-03ce-402f-9033-0ae3c1751be7-tab-1\" aria-controls=\"ub-tabbed-content-60e1b496-03ce-402f-9033-0ae3c1751be7-panel-1\" aria-selected=\"false\" class=\"wp-block-ub-tabbed-content-tab-title-wrap\" style=\"--ub-tabbed-title-background-color: #022647; --ub-tabbed-title-color: #ffffff; --ub-tabbed-active-title-color: #ffffff; --ub-tabbed-active-title-background-color: #dd9933; text-align: left; \" tabindex=\"-1\">\n\t\t\t\t<div class=\"wp-block-ub-tabbed-content-tab-title\">Trailer<\/div>\n\t\t\t<\/div><div role=\"tab\" id=\"ub-tabbed-content-60e1b496-03ce-402f-9033-0ae3c1751be7-tab-2\" aria-controls=\"ub-tabbed-content-60e1b496-03ce-402f-9033-0ae3c1751be7-panel-2\" aria-selected=\"true\" class=\"wp-block-ub-tabbed-content-tab-title-wrap active\" style=\"--ub-tabbed-title-background-color: #dd9933; --ub-tabbed-title-color: #ffffff; --ub-tabbed-active-title-color: #ffffff; --ub-tabbed-active-title-background-color: #dd9933; text-align: left; \" tabindex=\"-1\">\n\t\t\t\t<div class=\"wp-block-ub-tabbed-content-tab-title\">Tickets, Termine &amp; Eintrittspreise<\/div>\n\t\t\t<\/div><div role=\"tab\" id=\"ub-tabbed-content-60e1b496-03ce-402f-9033-0ae3c1751be7-tab-3\" aria-controls=\"ub-tabbed-content-60e1b496-03ce-402f-9033-0ae3c1751be7-panel-3\" aria-selected=\"false\" class=\"wp-block-ub-tabbed-content-tab-title-wrap\" style=\"--ub-tabbed-title-background-color: #022647; --ub-tabbed-title-color: #ffffff; --ub-tabbed-active-title-color: #ffffff; --ub-tabbed-active-title-background-color: #dd9933; text-align: left; \" tabindex=\"-1\">\n\t\t\t\t<div class=\"wp-block-ub-tabbed-content-tab-title\">Offers<\/div>\n\t\t\t<\/div><div role=\"tab\" id=\"ub-tabbed-content-60e1b496-03ce-402f-9033-0ae3c1751be7-tab-4\" aria-controls=\"ub-tabbed-content-60e1b496-03ce-402f-9033-0ae3c1751be7-panel-4\" aria-selected=\"false\" class=\"wp-block-ub-tabbed-content-tab-title-wrap\" style=\"--ub-tabbed-title-background-color: #022647; --ub-tabbed-title-color: #ffffff; --ub-tabbed-active-title-color: #ffffff; --ub-tabbed-active-title-background-color: #dd9933; text-align: left; \" tabindex=\"-1\">\n\t\t\t\t<div class=\"wp-block-ub-tabbed-content-tab-title\">\u00c4hnliche Programme<\/div>\n\t\t\t<\/div><\/div>\n\t\t\t<\/div>\n\t\t\t<div class=\"wp-block-ub-tabbed-content-tabs-content\" style=\"color: #abb8c3; background-color: #022647; \"><div role=\"tabpanel\" class=\"wp-block-ub-tabbed-content-tab-content-wrap ub-hide\" id=\"ub-tabbed-content-60e1b496-03ce-402f-9033-0ae3c1751be7-panel-0\" aria-labelledby=\"ub-tabbed-content-60e1b496-03ce-402f-9033-0ae3c1751be7-tab-0\" tabindex=\"0\" data-tab-anchor=\"flapdesc\">\n\n<p class=\"has-white-color has-text-color has-link-color wp-elements-c7c6c0e27e90d6cb8aa25c8f915e0d02\">In dem spannenden Abenteuer \u201eKleiner Eisb\u00e4r in der Walbucht\u201c von Hans de Beer rettet der kleine Eisb\u00e4r Lars die Wale vor den Walf\u00e4ngern und aus einer gro\u00dfen Not, in die sie durch das Abschmelzen eines Gletschers geraten sind.<br>Anschlie\u00dfend erfahrt ihr, wie die Eisb\u00e4ren wirklich leben und was ihre Heimat bedroht.<\/p>\n\n\n\n<p class=\"has-white-color has-text-color has-link-color wp-elements-9bee855a59865037e0e3a06586204792\">Dauer: ca. 1 Stunde. Empfohlen f\u00fcr Kinder von 4 bis 7 Jahren.<\/p>\n\n\n\n<p class=\"has-white-color has-text-color has-link-color wp-elements-59ff971801cca9775a1afa2a08745979\">Einlass: ab 30 Min. vor Beginn.<br>Bitte beachten: Kein Nacheinlass! Bitte seien Sie p\u00fcnktlich vor Ort.<br>Ungenutzte Tickets verfallen ersatzlos.<\/p>\n\n<\/div><div role=\"tabpanel\" class=\"wp-block-ub-tabbed-content-tab-content-wrap ub-hide\" id=\"ub-tabbed-content-60e1b496-03ce-402f-9033-0ae3c1751be7-panel-1\" aria-labelledby=\"ub-tabbed-content-60e1b496-03ce-402f-9033-0ae3c1751be7-tab-1\" tabindex=\"0\" data-tab-anchor=\"flaptrail\">\n\n<figure class=\"wp-block-embed is-type-video is-provider-youtube wp-block-embed-youtube wp-embed-aspect-16-9 wp-has-aspect-ratio\"><div class=\"wp-block-embed__wrapper\">\n<iframe loading=\"lazy\" title=\"Lars, der kleine Eisb\u00e4r (Trailer DE)\" width=\"720\" height=\"405\" src=\"https:\/\/www.youtube.com\/embed\/i99NLkQ9qSI?feature=oembed\" frameborder=\"0\" allow=\"accelerometer; autoplay; clipboard-write; encrypted-media; gyroscope; picture-in-picture; web-share\" referrerpolicy=\"strict-origin-when-cross-origin\" allowfullscreen><\/iframe>\n<\/div><\/figure>\n\n<\/div><div role=\"tabpanel\" class=\"wp-block-ub-tabbed-content-tab-content-wrap active\" id=\"ub-tabbed-content-60e1b496-03ce-402f-9033-0ae3c1751be7-panel-2\" aria-labelledby=\"ub-tabbed-content-60e1b496-03ce-402f-9033-0ae3c1751be7-tab-2\" tabindex=\"0\" data-tab-anchor=\"schnuptic\">\n\n<p class=\"has-white-color has-text-color has-link-color wp-elements-27e277f10d6d0310827fcf759f7e5eec\">Wir empfehlen eine Online-Ticketbuchung vorab, da aufgrund der begrenzten Platzzahl nicht gew\u00e4hrleistet ist, dass es an der Tages-\/Abendkasse Restkarten gibt.<br>Bitte beachten Sie die unterschiedlichen Anfangszeiten, je nach gew\u00e4hltem Tag.<\/p>\n\n\n\n<p class=\"has-white-color has-text-color has-link-color wp-elements-6513507ad3172a6e60a0b48ba2c40baf\">Einlass ab ca. 30 Minuten vor Beginn. Bitte seien Sie p\u00fcnktlich.<br>Bitte beachten: <strong>Kein Nacheinlass!<\/strong> Aus technischen und organisatorischen Gr\u00fcnden ist nach Beginn der Vorf\u00fchrung kein Nacheinlass mehr m\u00f6glich.<br>Ungenutzte Tickets verfallen ersatzlos.<\/p>\n\n\n<noscript>\r\n\t<div class=\"pretix-widget-no-script\">\r\n        JavaScript is disabled in your browser. To access our ticket shop without JavaScript, please click <a target=\"_blank\" rel=\"noopener\" href=\"https:\/\/pretix.eu\/planetka\/lars\/\">here<\/a>.\t<\/div>\r\n<\/noscript>\r\n<pretix-widget event=\"https:\/\/pretix.eu\/planetka\/lars\/\" class=\"wp-block-pretix-widget\"><\/pretix-widget>\n\n\n<p class=\"has-white-color has-text-color has-link-color wp-elements-7c1a91bf92150f277c20302e4fb81428\">Sollte der Buchungskalender hier nicht richtig angezeigt werden, nutzen Sie bitte folgenden Link: <a href=\"https:\/\/pretix.eu\/planetka\" target=\"_blank\" rel=\"noreferrer noopener\">https:\/\/pretix.eu\/planetka<\/a><\/p>\n\n<\/div><div role=\"tabpanel\" class=\"wp-block-ub-tabbed-content-tab-content-wrap ub-hide\" id=\"ub-tabbed-content-60e1b496-03ce-402f-9033-0ae3c1751be7-panel-3\" aria-labelledby=\"ub-tabbed-content-60e1b496-03ce-402f-9033-0ae3c1751be7-tab-3\" tabindex=\"0\">\n\n<p class=\"has-white-color has-text-color has-link-color wp-elements-d1baef3e0a80bfc7cc3492ae0ba9aad5\">&#8220;Captain Schnuppes Weltraumreise&#8221; kann auch exklusiv gebucht werden im Rahmen z.B. eines Kita-Besuchs oder eines Kindergeburtstags &#8211; \u00fcbrigens ebenso wie alle anderen Kinderprogramme. Sprechen Sie uns an!<\/p>\n\n<\/div><div role=\"tabpanel\" class=\"wp-block-ub-tabbed-content-tab-content-wrap ub-hide\" id=\"ub-tabbed-content-60e1b496-03ce-402f-9033-0ae3c1751be7-panel-4\" aria-labelledby=\"ub-tabbed-content-60e1b496-03ce-402f-9033-0ae3c1751be7-tab-4\" tabindex=\"0\">\n\n<div class=\"wp-block-media-text has-media-on-the-right is-stacked-on-mobile\"><div class=\"wp-block-media-text__content\">\n<h3 class=\"wp-block-heading has-white-color has-text-color has-link-color wp-elements-a2b626818367e100aa7bd339a636fa98\">Charlie's Secret<\/h3>\n\n\n\n<h4 class=\"wp-block-heading has-white-color has-text-color has-link-color wp-elements-640b378af9d549dfbe5f96b931290674\">Luisa entdeckt den Mond<\/h4>\n\n\n\n<p class=\"has-white-color has-text-color has-link-color has-medium-font-size wp-elements-d14c3d2b43eceb71543168d4dab76da6\">Ein Oster-Abenteuer mit spannender Apollo-Geschichte und Mondreise. Oder hat Opas alter Teddy &#8220;Charlie&#8221; nur geflunkert?<\/p>\n\n\n\n<p class=\"has-white-color has-text-color has-link-color has-medium-font-size wp-elements-b0d9add7dd715f198503e5ac65843a49\">Von Angelika Grothues, der Produzentin von Flappi! <\/p>\n\n\n\n<p class=\"has-white-color has-text-color has-link-color has-medium-font-size wp-elements-085952ccd9e71c71f73b74a030bc96f9\">F\u00fcr Kinder ab 4 Jahren<\/p>\n<\/div><figure class=\"wp-block-media-text__media\"><img loading=\"lazy\" decoding=\"async\" width=\"894\" height=\"894\" src=\"https:\/\/planet-ka.de\/wp-content\/uploads\/2025\/02\/81xI3ZQvh2L._UF8941000_QL80_.jpg\" alt=\"\" class=\"wp-image-1874 size-full\" srcset=\"https:\/\/planet-ka.de\/wp-content\/uploads\/2025\/02\/81xI3ZQvh2L._UF8941000_QL80_.jpg 894w, https:\/\/planet-ka.de\/wp-content\/uploads\/2025\/02\/81xI3ZQvh2L._UF8941000_QL80_-300x300.jpg 300w, https:\/\/planet-ka.de\/wp-content\/uploads\/2025\/02\/81xI3ZQvh2L._UF8941000_QL80_-150x150.jpg 150w, https:\/\/planet-ka.de\/wp-content\/uploads\/2025\/02\/81xI3ZQvh2L._UF8941000_QL80_-768x768.jpg 768w, https:\/\/planet-ka.de\/wp-content\/uploads\/2025\/02\/81xI3ZQvh2L._UF8941000_QL80_-230x230.jpg 230w, https:\/\/planet-ka.de\/wp-content\/uploads\/2025\/02\/81xI3ZQvh2L._UF8941000_QL80_-365x365.jpg 365w\" sizes=\"auto, (max-width: 894px) 100vw, 894px\" \/><\/figure><\/div>\n\n<\/div><\/div>\n\t\t<\/div><\/div><\/div>\n\n\n\n<div style=\"height:37px\" aria-hidden=\"true\" class=\"wp-block-spacer\"><\/div>","protected":false},"excerpt":{"rendered":"<p>Fledermaus Flappi sucht ihr Sternbild!<\/p>","protected":false},"author":1,"featured_media":2407,"parent":0,"menu_order":0,"comment_status":"closed","ping_status":"closed","template":"","meta":{"footnotes":""},"class_list":["post-2406","page","type-page","status-publish","has-post-thumbnail","hentry","","tg-column-two"],"featured_image_src":"https:\/\/planet-ka.de\/wp-content\/uploads\/2025\/05\/csm_Lars-kleiner_Eisbaer_c6c22ec3b5.jpg","yoast_head":"<!-- This site is optimized with the Yoast SEO plugin v27.3 - https:\/\/yoast.com\/product\/yoast-seo-wordpress\/ -->\n<title>Lars - der kleine Eisb\u00e4r - PLANET KA<\/title>\n<meta name=\"robots\" content=\"index, follow, max-snippet:-1, max-image-preview:large, max-video-preview:-1\" \/>\n<link rel=\"canonical\" href=\"https:\/\/planet-ka.de\/en\/lars-der-kleine-eisbaer\/\" \/>\n<meta property=\"og:locale\" content=\"en_US\" \/>\n<meta property=\"og:type\" content=\"article\" \/>\n<meta property=\"og:title\" content=\"Lars - der kleine Eisb\u00e4r - PLANET KA\" \/>\n<meta property=\"og:description\" content=\"Fledermaus Flappi sucht ihr Sternbild!\" \/>\n<meta property=\"og:url\" content=\"https:\/\/planet-ka.de\/en\/lars-der-kleine-eisbaer\/\" \/>\n<meta property=\"og:site_name\" content=\"PLANET KA\" \/>\n<meta property=\"article:publisher\" content=\"https:\/\/www.facebook.com\/people\/Planet-KA-Planetarium-Karlsruhe\/61573710254024\/\" \/>\n<meta property=\"article:modified_time\" content=\"2026-02-07T14:34:47+00:00\" \/>\n<meta property=\"og:image\" content=\"https:\/\/planet-ka.de\/wp-content\/uploads\/2025\/05\/csm_Lars-kleiner_Eisbaer_c6c22ec3b5.jpg\" \/>\n\t<meta property=\"og:image:width\" content=\"800\" \/>\n\t<meta property=\"og:image:height\" content=\"450\" \/>\n\t<meta property=\"og:image:type\" content=\"image\/jpeg\" \/>\n<script type=\"application\/ld+json\" class=\"yoast-schema-graph\">{\"@context\":\"https:\\\/\\\/schema.org\",\"@graph\":[{\"@type\":\"WebPage\",\"@id\":\"https:\\\/\\\/planet-ka.de\\\/lars-der-kleine-eisbaer\\\/\",\"url\":\"https:\\\/\\\/planet-ka.de\\\/lars-der-kleine-eisbaer\\\/\",\"name\":\"Lars - der kleine Eisb\u00e4r - PLANET KA\",\"isPartOf\":{\"@id\":\"https:\\\/\\\/planet-ka.de\\\/#website\"},\"primaryImageOfPage\":{\"@id\":\"https:\\\/\\\/planet-ka.de\\\/lars-der-kleine-eisbaer\\\/#primaryimage\"},\"image\":{\"@id\":\"https:\\\/\\\/planet-ka.de\\\/lars-der-kleine-eisbaer\\\/#primaryimage\"},\"thumbnailUrl\":\"https:\\\/\\\/planet-ka.de\\\/wp-content\\\/uploads\\\/2025\\\/05\\\/csm_Lars-kleiner_Eisbaer_c6c22ec3b5.jpg\",\"datePublished\":\"2025-05-09T00:44:06+00:00\",\"dateModified\":\"2026-02-07T14:34:47+00:00\",\"breadcrumb\":{\"@id\":\"https:\\\/\\\/planet-ka.de\\\/lars-der-kleine-eisbaer\\\/#breadcrumb\"},\"inLanguage\":\"en-US\",\"potentialAction\":[{\"@type\":\"ReadAction\",\"target\":[\"https:\\\/\\\/planet-ka.de\\\/lars-der-kleine-eisbaer\\\/\"]}]},{\"@type\":\"ImageObject\",\"inLanguage\":\"en-US\",\"@id\":\"https:\\\/\\\/planet-ka.de\\\/lars-der-kleine-eisbaer\\\/#primaryimage\",\"url\":\"https:\\\/\\\/planet-ka.de\\\/wp-content\\\/uploads\\\/2025\\\/05\\\/csm_Lars-kleiner_Eisbaer_c6c22ec3b5.jpg\",\"contentUrl\":\"https:\\\/\\\/planet-ka.de\\\/wp-content\\\/uploads\\\/2025\\\/05\\\/csm_Lars-kleiner_Eisbaer_c6c22ec3b5.jpg\",\"width\":800,\"height\":450},{\"@type\":\"BreadcrumbList\",\"@id\":\"https:\\\/\\\/planet-ka.de\\\/lars-der-kleine-eisbaer\\\/#breadcrumb\",\"itemListElement\":[{\"@type\":\"ListItem\",\"position\":1,\"name\":\"Startseite\",\"item\":\"https:\\\/\\\/planet-ka.de\\\/\"},{\"@type\":\"ListItem\",\"position\":2,\"name\":\"Lars &#8211; der kleine Eisb\u00e4r\"}]},{\"@type\":\"WebSite\",\"@id\":\"https:\\\/\\\/planet-ka.de\\\/#website\",\"url\":\"https:\\\/\\\/planet-ka.de\\\/\",\"name\":\"PLANET KA\",\"description\":\"Faszination Kosmos\",\"publisher\":{\"@id\":\"https:\\\/\\\/planet-ka.de\\\/#organization\"},\"potentialAction\":[{\"@type\":\"SearchAction\",\"target\":{\"@type\":\"EntryPoint\",\"urlTemplate\":\"https:\\\/\\\/planet-ka.de\\\/?s={search_term_string}\"},\"query-input\":{\"@type\":\"PropertyValueSpecification\",\"valueRequired\":true,\"valueName\":\"search_term_string\"}}],\"inLanguage\":\"en-US\"},{\"@type\":\"Organization\",\"@id\":\"https:\\\/\\\/planet-ka.de\\\/#organization\",\"name\":\"PLANET KA\",\"url\":\"https:\\\/\\\/planet-ka.de\\\/\",\"logo\":{\"@type\":\"ImageObject\",\"inLanguage\":\"en-US\",\"@id\":\"https:\\\/\\\/planet-ka.de\\\/#\\\/schema\\\/logo\\\/image\\\/\",\"url\":\"https:\\\/\\\/planet-ka.de\\\/wp-content\\\/uploads\\\/2025\\\/03\\\/cropped-Logo-Banner-Website-Jan-25_19.png\",\"contentUrl\":\"https:\\\/\\\/planet-ka.de\\\/wp-content\\\/uploads\\\/2025\\\/03\\\/cropped-Logo-Banner-Website-Jan-25_19.png\",\"width\":225,\"height\":66,\"caption\":\"PLANET KA\"},\"image\":{\"@id\":\"https:\\\/\\\/planet-ka.de\\\/#\\\/schema\\\/logo\\\/image\\\/\"},\"sameAs\":[\"https:\\\/\\\/www.facebook.com\\\/people\\\/Planet-KA-Planetarium-Karlsruhe\\\/61573710254024\\\/\",\"https:\\\/\\\/www.instagram.com\\\/planetarium_karlsruhe\\\/\"]}]}<\/script>\n<!-- \/ Yoast SEO plugin. -->","yoast_head_json":{"title":"Lars - der kleine Eisb\u00e4r - PLANET KA","robots":{"index":"index","follow":"follow","max-snippet":"max-snippet:-1","max-image-preview":"max-image-preview:large","max-video-preview":"max-video-preview:-1"},"canonical":"https:\/\/planet-ka.de\/en\/lars-der-kleine-eisbaer\/","og_locale":"en_US","og_type":"article","og_title":"Lars - der kleine Eisb\u00e4r - PLANET KA","og_description":"Fledermaus Flappi sucht ihr Sternbild!","og_url":"https:\/\/planet-ka.de\/en\/lars-der-kleine-eisbaer\/","og_site_name":"PLANET KA","article_publisher":"https:\/\/www.facebook.com\/people\/Planet-KA-Planetarium-Karlsruhe\/61573710254024\/","article_modified_time":"2026-02-07T14:34:47+00:00","og_image":[{"width":800,"height":450,"url":"https:\/\/planet-ka.de\/wp-content\/uploads\/2025\/05\/csm_Lars-kleiner_Eisbaer_c6c22ec3b5.jpg","type":"image\/jpeg"}],"schema":{"@context":"https:\/\/schema.org","@graph":[{"@type":"WebPage","@id":"https:\/\/planet-ka.de\/lars-der-kleine-eisbaer\/","url":"https:\/\/planet-ka.de\/lars-der-kleine-eisbaer\/","name":"Lars - der kleine Eisb\u00e4r - PLANET KA","isPartOf":{"@id":"https:\/\/planet-ka.de\/#website"},"primaryImageOfPage":{"@id":"https:\/\/planet-ka.de\/lars-der-kleine-eisbaer\/#primaryimage"},"image":{"@id":"https:\/\/planet-ka.de\/lars-der-kleine-eisbaer\/#primaryimage"},"thumbnailUrl":"https:\/\/planet-ka.de\/wp-content\/uploads\/2025\/05\/csm_Lars-kleiner_Eisbaer_c6c22ec3b5.jpg","datePublished":"2025-05-09T00:44:06+00:00","dateModified":"2026-02-07T14:34:47+00:00","breadcrumb":{"@id":"https:\/\/planet-ka.de\/lars-der-kleine-eisbaer\/#breadcrumb"},"inLanguage":"en-US","potentialAction":[{"@type":"ReadAction","target":["https:\/\/planet-ka.de\/lars-der-kleine-eisbaer\/"]}]},{"@type":"ImageObject","inLanguage":"en-US","@id":"https:\/\/planet-ka.de\/lars-der-kleine-eisbaer\/#primaryimage","url":"https:\/\/planet-ka.de\/wp-content\/uploads\/2025\/05\/csm_Lars-kleiner_Eisbaer_c6c22ec3b5.jpg","contentUrl":"https:\/\/planet-ka.de\/wp-content\/uploads\/2025\/05\/csm_Lars-kleiner_Eisbaer_c6c22ec3b5.jpg","width":800,"height":450},{"@type":"BreadcrumbList","@id":"https:\/\/planet-ka.de\/lars-der-kleine-eisbaer\/#breadcrumb","itemListElement":[{"@type":"ListItem","position":1,"name":"Startseite","item":"https:\/\/planet-ka.de\/"},{"@type":"ListItem","position":2,"name":"Lars &#8211; der kleine Eisb\u00e4r"}]},{"@type":"WebSite","@id":"https:\/\/planet-ka.de\/#website","url":"https:\/\/planet-ka.de\/","name":"PLANET KA","description":"Cosmic Fascination","publisher":{"@id":"https:\/\/planet-ka.de\/#organization"},"potentialAction":[{"@type":"SearchAction","target":{"@type":"EntryPoint","urlTemplate":"https:\/\/planet-ka.de\/?s={search_term_string}"},"query-input":{"@type":"PropertyValueSpecification","valueRequired":true,"valueName":"search_term_string"}}],"inLanguage":"en-US"},{"@type":"Organization","@id":"https:\/\/planet-ka.de\/#organization","name":"PLANET KA","url":"https:\/\/planet-ka.de\/","logo":{"@type":"ImageObject","inLanguage":"en-US","@id":"https:\/\/planet-ka.de\/#\/schema\/logo\/image\/","url":"https:\/\/planet-ka.de\/wp-content\/uploads\/2025\/03\/cropped-Logo-Banner-Website-Jan-25_19.png","contentUrl":"https:\/\/planet-ka.de\/wp-content\/uploads\/2025\/03\/cropped-Logo-Banner-Website-Jan-25_19.png","width":225,"height":66,"caption":"PLANET KA"},"image":{"@id":"https:\/\/planet-ka.de\/#\/schema\/logo\/image\/"},"sameAs":["https:\/\/www.facebook.com\/people\/Planet-KA-Planetarium-Karlsruhe\/61573710254024\/","https:\/\/www.instagram.com\/planetarium_karlsruhe\/"]}]}},"_links":{"self":[{"href":"https:\/\/planet-ka.de\/en\/wp-json\/wp\/v2\/pages\/2406","targetHints":{"allow":["GET"]}}],"collection":[{"href":"https:\/\/planet-ka.de\/en\/wp-json\/wp\/v2\/pages"}],"about":[{"href":"https:\/\/planet-ka.de\/en\/wp-json\/wp\/v2\/types\/page"}],"author":[{"embeddable":true,"href":"https:\/\/planet-ka.de\/en\/wp-json\/wp\/v2\/users\/1"}],"replies":[{"embeddable":true,"href":"https:\/\/planet-ka.de\/en\/wp-json\/wp\/v2\/comments?post=2406"}],"version-history":[{"count":9,"href":"https:\/\/planet-ka.de\/en\/wp-json\/wp\/v2\/pages\/2406\/revisions"}],"predecessor-version":[{"id":3467,"href":"https:\/\/planet-ka.de\/en\/wp-json\/wp\/v2\/pages\/2406\/revisions\/3467"}],"wp:featuredmedia":[{"embeddable":true,"href":"https:\/\/planet-ka.de\/en\/wp-json\/wp\/v2\/media\/2407"}],"wp:attachment":[{"href":"https:\/\/planet-ka.de\/en\/wp-json\/wp\/v2\/media?parent=2406"}],"curies":[{"name":"wp","href":"https:\/\/api.w.org\/{rel}","templated":true}]}}