{"id":2417,"date":"2025-05-09T03:03:03","date_gmt":"2025-05-09T01:03:03","guid":{"rendered":"https:\/\/planet-ka.de\/?page_id=2417"},"modified":"2026-02-07T15:34:23","modified_gmt":"2026-02-07T14:34:23","slug":"geheimnis-dunkle-materie","status":"publish","type":"page","link":"https:\/\/planet-ka.de\/en\/geheimnis-dunkle-materie\/","title":{"rendered":"Dark Matter Mystery"},"content":{"rendered":"<div class=\"wp-block-media-text is-stacked-on-mobile\" style=\"grid-template-columns:49% auto\"><figure class=\"wp-block-media-text__media\"><img loading=\"lazy\" decoding=\"async\" width=\"1024\" height=\"683\" src=\"https:\/\/planet-ka.de\/wp-content\/uploads\/2026\/02\/GeheimisDunkleMaterieHQ-1024x683.jpg\" alt=\"\" class=\"wp-image-3464 size-full\" srcset=\"https:\/\/planet-ka.de\/wp-content\/uploads\/2026\/02\/GeheimisDunkleMaterieHQ-1024x683.jpg 1024w, https:\/\/planet-ka.de\/wp-content\/uploads\/2026\/02\/GeheimisDunkleMaterieHQ-300x200.jpg 300w, https:\/\/planet-ka.de\/wp-content\/uploads\/2026\/02\/GeheimisDunkleMaterieHQ-768x512.jpg 768w, https:\/\/planet-ka.de\/wp-content\/uploads\/2026\/02\/GeheimisDunkleMaterieHQ.jpg 1536w\" sizes=\"auto, (max-width: 1024px) 100vw, 1024px\" \/><\/figure><div class=\"wp-block-media-text__content\">\n<h3 class=\"wp-block-heading\">Auf der Suche nach den Bausteinen des Kosmos<\/h3>\n\n\n\n<p>Rund 95 % des Universums bestehen aus &#8222;Dunkler Materie&#8220; und &#8222;Dunkler Energie&#8220; &#8211; mysteri\u00f6sen Substanzen, die wir nicht bis heute nicht verstehen. <\/p>\n\n\n\n<p>Woher wissen wir, dass es dunkle Materie gibt?<br>Wie finden wir heraus, woraus sie besteht?<\/p>\n\n\n\n<p>Tauchen Sie ein in eines der gr\u00f6\u00dften R\u00e4tsel unserer Zeit und in ein abgr\u00fcndig verborgenes Universum hinter dem uns bekannten.<\/p>\n\n\n\n<div style=\"height:20px\" aria-hidden=\"true\" class=\"wp-block-spacer\"><\/div>\n\n\n\n<div class=\"wp-block-buttons is-content-justification-center is-layout-flex wp-container-core-buttons-is-layout-16018d1d wp-block-buttons-is-layout-flex\">\n<div class=\"wp-block-button is-style-outline is-style-outline--1\"><a class=\"wp-block-button__link has-custom-font-size wp-element-button\" href=\"#gdmtic\" style=\"font-size:15px\">Jetzt Ticket buchen!<\/a><\/div>\n<\/div>\n<\/div><\/div>\n\n\n\n<div style=\"height:42px\" aria-hidden=\"true\" class=\"wp-block-spacer\"><\/div>\n\n\n\n<h4 class=\"wp-block-heading\">Zum Programm<\/h4>\n\n\n\n<p>Die Gesamtmasse des Universums besteht zu fast einem Viertel aus Dunkler Materie. Doch was ist Dunkle Materie? Man kann sie nicht sehen, wie wird sie also erforscht?<\/p>\n\n\n\n<p>Dunkle Materie wirkt \u00fcber ihre Schwerkraft. Folgen Sie den Wissenschaftlerinnen und Wissenschaftlern bei der Jagd nach den Bausteinen des Kosmos in die Weiten des Weltalls und zu Experimenten bis tief unter der Erde. Wird es gelingen, das Mysterium der Dunklen Materie zu entschl\u00fcsseln?<\/p>\n\n\n\n<p>Produktion: Planetarium Laupheim<br>Dauer ca. 1 Stunde. <\/p>\n\n\n\n<p>Einlass: ca. 30 Min. vor Beginn<br><strong>Bitte beachten:<\/strong> <strong><em>kein Nacheinlass m\u00f6glich!<\/em><\/strong><br>Ungenutzte Tickets verfallen ersatzlos.<\/p>\n\n\n\n<p>Aufgrund der begrenzten Platzzahl empfehlen wir die Buchung vorab per Online-Ticket.<br>Restkarten an der Abendkasse nur nach Verf\u00fcgbarkeit &#8211; keine Einlassgarantie!<\/p>\n\n\n\n<div style=\"height:28px\" aria-hidden=\"true\" class=\"wp-block-spacer\"><\/div>\n\n\n\n<h3 class=\"wp-block-heading\" id=\"gdmtic\">Online-Ticketbuchung<\/h3>\n\n\n\n<p>Wir empfehlen die Buchung von Online-Tickets, da aufgrund der begrenzten Platzzahl nicht garantiert werden kann, dass es Restkarten an der Abendkasse gibt.<\/p>\n\n\n\n<p><strong>Zeiten: s. Buchungskalender (Achtung: kein Nacheinlass!)<br>Ort: <a data-type=\"page\" data-id=\"154\" href=\"https:\/\/planet-ka.de\/en\/contact\/\" target=\"_blank\" rel=\"noreferrer noopener\">PLANET KA, Alter Schlachthof 4, 76131 Karlsruhe<\/a><\/strong><br><br>Einlass: ab 30 Minuten vor Veranstaltungsbeginn. <br>Bitte beachten: <span style=\"text-decoration: underline;\">Kein Nacheinlass<\/span> m\u00f6glich!<br>Ungenutzte Tickets verfallen ersatzlos und die Pl\u00e4tze k\u00f6nnen anderweitig vergeben werden.<\/p>\n\n\n\n<p><\/p>\n\n\n<noscript>\r\n\t<div class=\"pretix-widget-no-script\">\r\n        JavaScript is disabled in your browser. To access our ticket shop without JavaScript, please click <a target=\"_blank\" rel=\"noopener\" href=\"https:\/\/pretix.eu\/planetka\/dmm\/\">here<\/a>.\t<\/div>\r\n<\/noscript>\r\n<pretix-widget event=\"https:\/\/pretix.eu\/planetka\/dmm\/\" class=\"wp-block-pretix-widget\"><\/pretix-widget>\n\n\n<p>Sollte der Buchungskalender hier nicht richtig angezeigt werden, nutzen Sie bitte folgenden Link: <a href=\"https:\/\/pretix.eu\/planetka\/100je\/\" target=\"_blank\" rel=\"noreferrer noopener\">https:\/\/pretix.eu\/planetka\/100je\/<\/a><\/p>","protected":false},"excerpt":{"rendered":"<p>Zum Programm Die Gesamtmasse des Universums besteht zu fast einem Viertel aus Dunkler Materie. Doch was ist Dunkle Materie? Man kann sie nicht sehen, wie wird sie also erforscht? Dunkle Materie wirkt \u00fcber ihre Schwerkraft. Folgen Sie den Wissenschaftlerinnen und<\/p>","protected":false},"author":1,"featured_media":2418,"parent":0,"menu_order":0,"comment_status":"closed","ping_status":"closed","template":"","meta":{"footnotes":""},"class_list":["post-2417","page","type-page","status-publish","has-post-thumbnail","hentry","","tg-column-two"],"featured_image_src":"https:\/\/planet-ka.de\/wp-content\/uploads\/2025\/05\/images.jpg","yoast_head":"<!-- This site is optimized with the Yoast SEO plugin v27.3 - https:\/\/yoast.com\/product\/yoast-seo-wordpress\/ -->\n<title>Geheimnis Dunkle Materie - PLANET KA<\/title>\n<meta name=\"robots\" content=\"index, follow, max-snippet:-1, max-image-preview:large, max-video-preview:-1\" \/>\n<link rel=\"canonical\" href=\"https:\/\/planet-ka.de\/en\/geheimnis-dunkle-materie\/\" \/>\n<meta property=\"og:locale\" content=\"en_US\" \/>\n<meta property=\"og:type\" content=\"article\" \/>\n<meta property=\"og:title\" content=\"Geheimnis Dunkle Materie - PLANET KA\" \/>\n<meta property=\"og:description\" content=\"Zum Programm Die Gesamtmasse des Universums besteht zu fast einem Viertel aus Dunkler Materie. Doch was ist Dunkle Materie? Man kann sie nicht sehen, wie wird sie also erforscht? Dunkle Materie wirkt \u00fcber ihre Schwerkraft. Folgen Sie den Wissenschaftlerinnen und\" \/>\n<meta property=\"og:url\" content=\"https:\/\/planet-ka.de\/en\/geheimnis-dunkle-materie\/\" \/>\n<meta property=\"og:site_name\" content=\"PLANET KA\" \/>\n<meta property=\"article:publisher\" content=\"https:\/\/www.facebook.com\/people\/Planet-KA-Planetarium-Karlsruhe\/61573710254024\/\" \/>\n<meta property=\"article:modified_time\" content=\"2026-02-07T14:34:23+00:00\" \/>\n<meta property=\"og:image\" content=\"https:\/\/planet-ka.de\/wp-content\/uploads\/2025\/05\/images.jpg\" \/>\n\t<meta property=\"og:image:width\" content=\"318\" \/>\n\t<meta property=\"og:image:height\" content=\"159\" \/>\n\t<meta property=\"og:image:type\" content=\"image\/jpeg\" \/>\n<script type=\"application\/ld+json\" class=\"yoast-schema-graph\">{\"@context\":\"https:\\\/\\\/schema.org\",\"@graph\":[{\"@type\":\"WebPage\",\"@id\":\"https:\\\/\\\/planet-ka.de\\\/geheimnis-dunkle-materie\\\/\",\"url\":\"https:\\\/\\\/planet-ka.de\\\/geheimnis-dunkle-materie\\\/\",\"name\":\"Geheimnis Dunkle Materie - PLANET KA\",\"isPartOf\":{\"@id\":\"https:\\\/\\\/planet-ka.de\\\/#website\"},\"primaryImageOfPage\":{\"@id\":\"https:\\\/\\\/planet-ka.de\\\/geheimnis-dunkle-materie\\\/#primaryimage\"},\"image\":{\"@id\":\"https:\\\/\\\/planet-ka.de\\\/geheimnis-dunkle-materie\\\/#primaryimage\"},\"thumbnailUrl\":\"https:\\\/\\\/planet-ka.de\\\/wp-content\\\/uploads\\\/2025\\\/05\\\/images.jpg\",\"datePublished\":\"2025-05-09T01:03:03+00:00\",\"dateModified\":\"2026-02-07T14:34:23+00:00\",\"breadcrumb\":{\"@id\":\"https:\\\/\\\/planet-ka.de\\\/geheimnis-dunkle-materie\\\/#breadcrumb\"},\"inLanguage\":\"en-US\",\"potentialAction\":[{\"@type\":\"ReadAction\",\"target\":[\"https:\\\/\\\/planet-ka.de\\\/geheimnis-dunkle-materie\\\/\"]}]},{\"@type\":\"ImageObject\",\"inLanguage\":\"en-US\",\"@id\":\"https:\\\/\\\/planet-ka.de\\\/geheimnis-dunkle-materie\\\/#primaryimage\",\"url\":\"https:\\\/\\\/planet-ka.de\\\/wp-content\\\/uploads\\\/2025\\\/05\\\/images.jpg\",\"contentUrl\":\"https:\\\/\\\/planet-ka.de\\\/wp-content\\\/uploads\\\/2025\\\/05\\\/images.jpg\",\"width\":318,\"height\":159},{\"@type\":\"BreadcrumbList\",\"@id\":\"https:\\\/\\\/planet-ka.de\\\/geheimnis-dunkle-materie\\\/#breadcrumb\",\"itemListElement\":[{\"@type\":\"ListItem\",\"position\":1,\"name\":\"Startseite\",\"item\":\"https:\\\/\\\/planet-ka.de\\\/\"},{\"@type\":\"ListItem\",\"position\":2,\"name\":\"Geheimnis Dunkle Materie\"}]},{\"@type\":\"WebSite\",\"@id\":\"https:\\\/\\\/planet-ka.de\\\/#website\",\"url\":\"https:\\\/\\\/planet-ka.de\\\/\",\"name\":\"PLANET KA\",\"description\":\"Faszination Kosmos\",\"publisher\":{\"@id\":\"https:\\\/\\\/planet-ka.de\\\/#organization\"},\"potentialAction\":[{\"@type\":\"SearchAction\",\"target\":{\"@type\":\"EntryPoint\",\"urlTemplate\":\"https:\\\/\\\/planet-ka.de\\\/?s={search_term_string}\"},\"query-input\":{\"@type\":\"PropertyValueSpecification\",\"valueRequired\":true,\"valueName\":\"search_term_string\"}}],\"inLanguage\":\"en-US\"},{\"@type\":\"Organization\",\"@id\":\"https:\\\/\\\/planet-ka.de\\\/#organization\",\"name\":\"PLANET KA\",\"url\":\"https:\\\/\\\/planet-ka.de\\\/\",\"logo\":{\"@type\":\"ImageObject\",\"inLanguage\":\"en-US\",\"@id\":\"https:\\\/\\\/planet-ka.de\\\/#\\\/schema\\\/logo\\\/image\\\/\",\"url\":\"https:\\\/\\\/planet-ka.de\\\/wp-content\\\/uploads\\\/2025\\\/03\\\/cropped-Logo-Banner-Website-Jan-25_19.png\",\"contentUrl\":\"https:\\\/\\\/planet-ka.de\\\/wp-content\\\/uploads\\\/2025\\\/03\\\/cropped-Logo-Banner-Website-Jan-25_19.png\",\"width\":225,\"height\":66,\"caption\":\"PLANET KA\"},\"image\":{\"@id\":\"https:\\\/\\\/planet-ka.de\\\/#\\\/schema\\\/logo\\\/image\\\/\"},\"sameAs\":[\"https:\\\/\\\/www.facebook.com\\\/people\\\/Planet-KA-Planetarium-Karlsruhe\\\/61573710254024\\\/\",\"https:\\\/\\\/www.instagram.com\\\/planetarium_karlsruhe\\\/\"]}]}<\/script>\n<!-- \/ Yoast SEO plugin. -->","yoast_head_json":{"title":"Geheimnis Dunkle Materie - PLANET KA","robots":{"index":"index","follow":"follow","max-snippet":"max-snippet:-1","max-image-preview":"max-image-preview:large","max-video-preview":"max-video-preview:-1"},"canonical":"https:\/\/planet-ka.de\/en\/geheimnis-dunkle-materie\/","og_locale":"en_US","og_type":"article","og_title":"Geheimnis Dunkle Materie - PLANET KA","og_description":"Zum Programm Die Gesamtmasse des Universums besteht zu fast einem Viertel aus Dunkler Materie. Doch was ist Dunkle Materie? Man kann sie nicht sehen, wie wird sie also erforscht? Dunkle Materie wirkt \u00fcber ihre Schwerkraft. Folgen Sie den Wissenschaftlerinnen und","og_url":"https:\/\/planet-ka.de\/en\/geheimnis-dunkle-materie\/","og_site_name":"PLANET KA","article_publisher":"https:\/\/www.facebook.com\/people\/Planet-KA-Planetarium-Karlsruhe\/61573710254024\/","article_modified_time":"2026-02-07T14:34:23+00:00","og_image":[{"width":318,"height":159,"url":"https:\/\/planet-ka.de\/wp-content\/uploads\/2025\/05\/images.jpg","type":"image\/jpeg"}],"schema":{"@context":"https:\/\/schema.org","@graph":[{"@type":"WebPage","@id":"https:\/\/planet-ka.de\/geheimnis-dunkle-materie\/","url":"https:\/\/planet-ka.de\/geheimnis-dunkle-materie\/","name":"Geheimnis Dunkle Materie - PLANET KA","isPartOf":{"@id":"https:\/\/planet-ka.de\/#website"},"primaryImageOfPage":{"@id":"https:\/\/planet-ka.de\/geheimnis-dunkle-materie\/#primaryimage"},"image":{"@id":"https:\/\/planet-ka.de\/geheimnis-dunkle-materie\/#primaryimage"},"thumbnailUrl":"https:\/\/planet-ka.de\/wp-content\/uploads\/2025\/05\/images.jpg","datePublished":"2025-05-09T01:03:03+00:00","dateModified":"2026-02-07T14:34:23+00:00","breadcrumb":{"@id":"https:\/\/planet-ka.de\/geheimnis-dunkle-materie\/#breadcrumb"},"inLanguage":"en-US","potentialAction":[{"@type":"ReadAction","target":["https:\/\/planet-ka.de\/geheimnis-dunkle-materie\/"]}]},{"@type":"ImageObject","inLanguage":"en-US","@id":"https:\/\/planet-ka.de\/geheimnis-dunkle-materie\/#primaryimage","url":"https:\/\/planet-ka.de\/wp-content\/uploads\/2025\/05\/images.jpg","contentUrl":"https:\/\/planet-ka.de\/wp-content\/uploads\/2025\/05\/images.jpg","width":318,"height":159},{"@type":"BreadcrumbList","@id":"https:\/\/planet-ka.de\/geheimnis-dunkle-materie\/#breadcrumb","itemListElement":[{"@type":"ListItem","position":1,"name":"Startseite","item":"https:\/\/planet-ka.de\/"},{"@type":"ListItem","position":2,"name":"Geheimnis Dunkle Materie"}]},{"@type":"WebSite","@id":"https:\/\/planet-ka.de\/#website","url":"https:\/\/planet-ka.de\/","name":"PLANET KA","description":"Cosmic Fascination","publisher":{"@id":"https:\/\/planet-ka.de\/#organization"},"potentialAction":[{"@type":"SearchAction","target":{"@type":"EntryPoint","urlTemplate":"https:\/\/planet-ka.de\/?s={search_term_string}"},"query-input":{"@type":"PropertyValueSpecification","valueRequired":true,"valueName":"search_term_string"}}],"inLanguage":"en-US"},{"@type":"Organization","@id":"https:\/\/planet-ka.de\/#organization","name":"PLANET KA","url":"https:\/\/planet-ka.de\/","logo":{"@type":"ImageObject","inLanguage":"en-US","@id":"https:\/\/planet-ka.de\/#\/schema\/logo\/image\/","url":"https:\/\/planet-ka.de\/wp-content\/uploads\/2025\/03\/cropped-Logo-Banner-Website-Jan-25_19.png","contentUrl":"https:\/\/planet-ka.de\/wp-content\/uploads\/2025\/03\/cropped-Logo-Banner-Website-Jan-25_19.png","width":225,"height":66,"caption":"PLANET KA"},"image":{"@id":"https:\/\/planet-ka.de\/#\/schema\/logo\/image\/"},"sameAs":["https:\/\/www.facebook.com\/people\/Planet-KA-Planetarium-Karlsruhe\/61573710254024\/","https:\/\/www.instagram.com\/planetarium_karlsruhe\/"]}]}},"_links":{"self":[{"href":"https:\/\/planet-ka.de\/en\/wp-json\/wp\/v2\/pages\/2417","targetHints":{"allow":["GET"]}}],"collection":[{"href":"https:\/\/planet-ka.de\/en\/wp-json\/wp\/v2\/pages"}],"about":[{"href":"https:\/\/planet-ka.de\/en\/wp-json\/wp\/v2\/types\/page"}],"author":[{"embeddable":true,"href":"https:\/\/planet-ka.de\/en\/wp-json\/wp\/v2\/users\/1"}],"replies":[{"embeddable":true,"href":"https:\/\/planet-ka.de\/en\/wp-json\/wp\/v2\/comments?post=2417"}],"version-history":[{"count":4,"href":"https:\/\/planet-ka.de\/en\/wp-json\/wp\/v2\/pages\/2417\/revisions"}],"predecessor-version":[{"id":3465,"href":"https:\/\/planet-ka.de\/en\/wp-json\/wp\/v2\/pages\/2417\/revisions\/3465"}],"wp:featuredmedia":[{"embeddable":true,"href":"https:\/\/planet-ka.de\/en\/wp-json\/wp\/v2\/media\/2418"}],"wp:attachment":[{"href":"https:\/\/planet-ka.de\/en\/wp-json\/wp\/v2\/media?parent=2417"}],"curies":[{"name":"wp","href":"https:\/\/api.w.org\/{rel}","templated":true}]}}