{"id":2449,"date":"2025-05-13T19:03:52","date_gmt":"2025-05-13T17:03:52","guid":{"rendered":"https:\/\/planet-ka.de\/?page_id=2449"},"modified":"2025-05-14T09:53:38","modified_gmt":"2025-05-14T07:53:38","slug":"das-phantom-des-universums","status":"publish","type":"page","link":"https:\/\/planet-ka.de\/en\/das-phantom-des-universums\/","title":{"rendered":"The Phantom of the Universe"},"content":{"rendered":"<div class=\"wp-block-media-text is-stacked-on-mobile\" style=\"grid-template-columns:49% auto\"><figure class=\"wp-block-media-text__media\"><img loading=\"lazy\" decoding=\"async\" width=\"1024\" height=\"1024\" src=\"https:\/\/planet-ka.de\/wp-content\/uploads\/2025\/05\/phantom_des_universumsclawrenceberkeleylab-2048x2048-1-1024x1024.jpg\" alt=\"\" class=\"wp-image-2454 size-full\" srcset=\"https:\/\/planet-ka.de\/wp-content\/uploads\/2025\/05\/phantom_des_universumsclawrenceberkeleylab-2048x2048-1-1024x1024.jpg 1024w, https:\/\/planet-ka.de\/wp-content\/uploads\/2025\/05\/phantom_des_universumsclawrenceberkeleylab-2048x2048-1-300x300.jpg 300w, https:\/\/planet-ka.de\/wp-content\/uploads\/2025\/05\/phantom_des_universumsclawrenceberkeleylab-2048x2048-1-150x150.jpg 150w, https:\/\/planet-ka.de\/wp-content\/uploads\/2025\/05\/phantom_des_universumsclawrenceberkeleylab-2048x2048-1-768x768.jpg 768w, https:\/\/planet-ka.de\/wp-content\/uploads\/2025\/05\/phantom_des_universumsclawrenceberkeleylab-2048x2048-1-1536x1536.jpg 1536w, https:\/\/planet-ka.de\/wp-content\/uploads\/2025\/05\/phantom_des_universumsclawrenceberkeleylab-2048x2048-1-230x230.jpg 230w, https:\/\/planet-ka.de\/wp-content\/uploads\/2025\/05\/phantom_des_universumsclawrenceberkeleylab-2048x2048-1-365x365.jpg 365w, https:\/\/planet-ka.de\/wp-content\/uploads\/2025\/05\/phantom_des_universumsclawrenceberkeleylab-2048x2048-1.jpg 2048w\" sizes=\"auto, (max-width: 1024px) 100vw, 1024px\" \/><\/figure><div class=\"wp-block-media-text__content\">\n<h3 class=\"wp-block-heading\">The Phantom of the Universe<\/h3>\n\n\n\n<h4 class=\"wp-block-heading\">R\u00e4tsel dunkle Materie<\/h4>\n\n\n\n<p><strong>Aktuell im Mai: Fr. + Sa. 21 Uhr<\/strong><\/p>\n\n\n\n<p>Noch immer r\u00e4tselt die Kosmologie &#8211; seit bald 100 Jahren &#8211; was es mit der dunklen Materie auf sich hat, die rund 80% aller Masse im Universum ausmacht, und von deren wahrem Wesen wir noch immer keinen Schimmer haben.<\/p>\n\n\n\n<div style=\"height:20px\" aria-hidden=\"true\" class=\"wp-block-spacer\"><\/div>\n\n\n\n<div class=\"wp-block-buttons is-content-justification-center is-layout-flex wp-container-core-buttons-is-layout-16018d1d wp-block-buttons-is-layout-flex\">\n<div class=\"wp-block-button has-custom-font-size is-style-outline is-style-outline--1\" style=\"font-size:15px\"><a class=\"wp-block-button__link wp-element-button\" href=\"#100je-tic\">Jetzt Ticket buchen!<\/a><\/div>\n<\/div>\n<\/div><\/div>\n\n\n\n<div style=\"height:42px\" aria-hidden=\"true\" class=\"wp-block-spacer\"><\/div>\n\n\n\n<h3 class=\"wp-block-heading\">Zum Programm<\/h3>\n\n\n\n<h4 class=\"wp-block-heading\">&#8222;Das Phantom des Universums&#8220;<\/h4>\n\n\n\n<p>Die Dunkle Materie ist allgegenw\u00e4rtig im Universum. Sie ist h\u00e4ufiger als die normale Materie der Sterne und Planeten, aber dennoch unsichtbar. Dass es sie geben muss, zeigen verschiedene astronomische Beobachtungen. Forscher fahnden nach diesem \u201ePhantom des Universums\u201c mit aufw\u00e4ndigen Experimenten. Begeben Sie sich mit uns auf Spurensuche!<\/p>\n\n\n\n<p>Die Show erz\u00e4hlt die Geschichte von der Erforschung der Dunklen Materie, vom Urknall bis zu ihrem indirekten Nachweis im 21. Jahrhundert. Der Film zeigt die ersten Hinweise auf die Existenz der Dunklen Materie in den 1930er Jahren aus der Perspektive von Fritz Zwicky, jenem Wissenschaftler, der den Begriff \u201eDunkle Materie\u201c pr\u00e4gte. Er entf\u00fchrt die Zuschauer in die Tiefen einer ehemaligen Goldmine in South Dakota, zum empfindlichsten Dunkle-Materie-Detektor der Welt. Von dort geht es zum Large Hadron Collider, dem weltweit gr\u00f6\u00dften und leistungsst\u00e4rksten Teilchenbeschleuniger am CERN in der Schweiz, wo ein internationales Wissenschaftler-Team zusammenarbeitet, um den Bestandteilen der Dunklen Materie auf die Spur zu kommen. Noch konnte die Dunkle Materie nicht direkt beobachtet werden, doch ihre Existenz wird heute in der Kosmologie kaum noch in Frage gestellt.<\/p>\n\n\n\n<p>Produktionsleitung CERN, Berkeley Lab, u.a.<br>Dauer der gesamten Veranstaltung: ca. 60 Minuten<\/p>\n\n\n\n<p>Einlass: jeweils mind. 20 Min. vor Beginn.<br><strong><em>Bitte beachten: Kein Nacheinlass m\u00f6glich!<\/em><\/strong><br>Ungenutzte Tickets verfallen ersatzlos.<\/p>\n\n\n\n<p>Aufgrund der begrenzten Platzzahl empfehlen wir die Buchung vorab per Online-Ticket.<br>Restkarten an der Abendkasse nur nach Verf\u00fcgbarkeit &#8211; keine Einlassgarantie!<\/p>\n\n\n\n<div style=\"height:28px\" aria-hidden=\"true\" class=\"wp-block-spacer\"><\/div>\n\n\n\n<h3 class=\"wp-block-heading\" id=\"100je-tic\">Online-Ticketbuchung<\/h3>\n\n\n\n<p>\u00dcber folgendes Buchungstool k\u00f6nnen Sie ab sofort vorab Tickets buchen.<br>Wir empfehlen die Buchung von Online-Tickets, da aufgrund der begrenzten Platzzahl nicht garantiert werden kann, dass es Restkarten an der Abendkasse gibt.<\/p>\n\n\n\n<p><strong>Zeiten: s. Buchungskalender (Achtung: kein Nacheinlass!)<br>Ort: <a href=\"https:\/\/planet-ka.de\/en\/contact\/\" data-type=\"page\" data-id=\"154\" target=\"_blank\" rel=\"noreferrer noopener\">PLANET KA, Alter Schlachthof 4, 76131 Karlsruhe<\/a><\/strong><br><br>Einlass ab 30 Minuten vor Veranstaltungsbeginn. <br>Bitte beachten: <span style=\"text-decoration: underline;\">Kein Nacheinlass<\/span> m\u00f6glich!<\/p>\n\n\n\n<p><em><strong>NEU: Karten jetzt auch im Tourismus-B\u00fcro am Marktplatz kaufen!<\/strong><\/em><\/p>\n\n\n<noscript>\r\n\t<div class=\"pretix-widget-no-script\">\r\n        JavaScript is disabled in your browser. To access our ticket shop without JavaScript, please click <a target=\"_blank\" rel=\"noopener\" href=\"https:\/\/pretix.eu\/planetka\/potude\/\">here<\/a>.\t<\/div>\r\n<\/noscript>\r\n<pretix-widget event=\"https:\/\/pretix.eu\/planetka\/potude\/\" class=\"wp-block-pretix-widget\"><\/pretix-widget>\n\n\n<p>Sollte der Buchungskalender hier nicht richtig angezeigt werden, nutzen Sie bitte folgenden Link: <a href=\"https:\/\/pretix.eu\/planetka\/potude\" target=\"_blank\" rel=\"noreferrer noopener\">https:\/\/pretix.eu\/planetka\/potude<\/a><\/p>","protected":false},"excerpt":{"rendered":"<p>Zum Programm &#8222;Das Phantom des Universums&#8220; Die Dunkle Materie ist allgegenw\u00e4rtig im Universum. Sie ist h\u00e4ufiger als die normale Materie der Sterne und Planeten, aber dennoch unsichtbar. Dass es sie geben muss, zeigen verschiedene astronomische Beobachtungen. Forscher fahnden nach diesem<\/p>","protected":false},"author":1,"featured_media":0,"parent":0,"menu_order":0,"comment_status":"closed","ping_status":"closed","template":"","meta":{"footnotes":""},"class_list":["post-2449","page","type-page","status-publish","hentry","","tg-column-two"],"featured_image_src":null,"yoast_head":"<!-- This site is optimized with the Yoast SEO plugin v27.3 - https:\/\/yoast.com\/product\/yoast-seo-wordpress\/ -->\n<title>Das Phantom des Universums - PLANET KA<\/title>\n<meta name=\"robots\" content=\"index, follow, max-snippet:-1, max-image-preview:large, max-video-preview:-1\" \/>\n<link rel=\"canonical\" href=\"https:\/\/planet-ka.de\/en\/das-phantom-des-universums\/\" \/>\n<meta property=\"og:locale\" content=\"en_US\" \/>\n<meta property=\"og:type\" content=\"article\" \/>\n<meta property=\"og:title\" content=\"Das Phantom des Universums - PLANET KA\" \/>\n<meta property=\"og:description\" content=\"Zum Programm &#8222;Das Phantom des Universums&#8220; Die Dunkle Materie ist allgegenw\u00e4rtig im Universum. Sie ist h\u00e4ufiger als die normale Materie der Sterne und Planeten, aber dennoch unsichtbar. Dass es sie geben muss, zeigen verschiedene astronomische Beobachtungen. Forscher fahnden nach diesem\" \/>\n<meta property=\"og:url\" content=\"https:\/\/planet-ka.de\/en\/das-phantom-des-universums\/\" \/>\n<meta property=\"og:site_name\" content=\"PLANET KA\" \/>\n<meta property=\"article:publisher\" content=\"https:\/\/www.facebook.com\/people\/Planet-KA-Planetarium-Karlsruhe\/61573710254024\/\" \/>\n<meta property=\"article:modified_time\" content=\"2025-05-14T07:53:38+00:00\" \/>\n<meta property=\"og:image\" content=\"https:\/\/planet-ka.de\/wp-content\/uploads\/2025\/05\/phantom_des_universumsclawrenceberkeleylab-2048x2048-1-1024x1024.jpg\" \/>\n<script type=\"application\/ld+json\" class=\"yoast-schema-graph\">{\"@context\":\"https:\\\/\\\/schema.org\",\"@graph\":[{\"@type\":\"WebPage\",\"@id\":\"https:\\\/\\\/planet-ka.de\\\/das-phantom-des-universums\\\/\",\"url\":\"https:\\\/\\\/planet-ka.de\\\/das-phantom-des-universums\\\/\",\"name\":\"Das Phantom des Universums - PLANET KA\",\"isPartOf\":{\"@id\":\"https:\\\/\\\/planet-ka.de\\\/#website\"},\"primaryImageOfPage\":{\"@id\":\"https:\\\/\\\/planet-ka.de\\\/das-phantom-des-universums\\\/#primaryimage\"},\"image\":{\"@id\":\"https:\\\/\\\/planet-ka.de\\\/das-phantom-des-universums\\\/#primaryimage\"},\"thumbnailUrl\":\"https:\\\/\\\/planet-ka.de\\\/wp-content\\\/uploads\\\/2025\\\/05\\\/phantom_des_universumsclawrenceberkeleylab-2048x2048-1-1024x1024.jpg\",\"datePublished\":\"2025-05-13T17:03:52+00:00\",\"dateModified\":\"2025-05-14T07:53:38+00:00\",\"breadcrumb\":{\"@id\":\"https:\\\/\\\/planet-ka.de\\\/das-phantom-des-universums\\\/#breadcrumb\"},\"inLanguage\":\"en-US\",\"potentialAction\":[{\"@type\":\"ReadAction\",\"target\":[\"https:\\\/\\\/planet-ka.de\\\/das-phantom-des-universums\\\/\"]}]},{\"@type\":\"ImageObject\",\"inLanguage\":\"en-US\",\"@id\":\"https:\\\/\\\/planet-ka.de\\\/das-phantom-des-universums\\\/#primaryimage\",\"url\":\"https:\\\/\\\/planet-ka.de\\\/wp-content\\\/uploads\\\/2025\\\/05\\\/phantom_des_universumsclawrenceberkeleylab-2048x2048-1-1024x1024.jpg\",\"contentUrl\":\"https:\\\/\\\/planet-ka.de\\\/wp-content\\\/uploads\\\/2025\\\/05\\\/phantom_des_universumsclawrenceberkeleylab-2048x2048-1-1024x1024.jpg\"},{\"@type\":\"BreadcrumbList\",\"@id\":\"https:\\\/\\\/planet-ka.de\\\/das-phantom-des-universums\\\/#breadcrumb\",\"itemListElement\":[{\"@type\":\"ListItem\",\"position\":1,\"name\":\"Startseite\",\"item\":\"https:\\\/\\\/planet-ka.de\\\/\"},{\"@type\":\"ListItem\",\"position\":2,\"name\":\"Das Phantom des Universums\"}]},{\"@type\":\"WebSite\",\"@id\":\"https:\\\/\\\/planet-ka.de\\\/#website\",\"url\":\"https:\\\/\\\/planet-ka.de\\\/\",\"name\":\"PLANET KA\",\"description\":\"Faszination Kosmos\",\"publisher\":{\"@id\":\"https:\\\/\\\/planet-ka.de\\\/#organization\"},\"potentialAction\":[{\"@type\":\"SearchAction\",\"target\":{\"@type\":\"EntryPoint\",\"urlTemplate\":\"https:\\\/\\\/planet-ka.de\\\/?s={search_term_string}\"},\"query-input\":{\"@type\":\"PropertyValueSpecification\",\"valueRequired\":true,\"valueName\":\"search_term_string\"}}],\"inLanguage\":\"en-US\"},{\"@type\":\"Organization\",\"@id\":\"https:\\\/\\\/planet-ka.de\\\/#organization\",\"name\":\"PLANET KA\",\"url\":\"https:\\\/\\\/planet-ka.de\\\/\",\"logo\":{\"@type\":\"ImageObject\",\"inLanguage\":\"en-US\",\"@id\":\"https:\\\/\\\/planet-ka.de\\\/#\\\/schema\\\/logo\\\/image\\\/\",\"url\":\"https:\\\/\\\/planet-ka.de\\\/wp-content\\\/uploads\\\/2025\\\/03\\\/cropped-Logo-Banner-Website-Jan-25_19.png\",\"contentUrl\":\"https:\\\/\\\/planet-ka.de\\\/wp-content\\\/uploads\\\/2025\\\/03\\\/cropped-Logo-Banner-Website-Jan-25_19.png\",\"width\":225,\"height\":66,\"caption\":\"PLANET KA\"},\"image\":{\"@id\":\"https:\\\/\\\/planet-ka.de\\\/#\\\/schema\\\/logo\\\/image\\\/\"},\"sameAs\":[\"https:\\\/\\\/www.facebook.com\\\/people\\\/Planet-KA-Planetarium-Karlsruhe\\\/61573710254024\\\/\",\"https:\\\/\\\/www.instagram.com\\\/planetarium_karlsruhe\\\/\"]}]}<\/script>\n<!-- \/ Yoast SEO plugin. -->","yoast_head_json":{"title":"Das Phantom des Universums - PLANET KA","robots":{"index":"index","follow":"follow","max-snippet":"max-snippet:-1","max-image-preview":"max-image-preview:large","max-video-preview":"max-video-preview:-1"},"canonical":"https:\/\/planet-ka.de\/en\/das-phantom-des-universums\/","og_locale":"en_US","og_type":"article","og_title":"Das Phantom des Universums - PLANET KA","og_description":"Zum Programm &#8222;Das Phantom des Universums&#8220; Die Dunkle Materie ist allgegenw\u00e4rtig im Universum. Sie ist h\u00e4ufiger als die normale Materie der Sterne und Planeten, aber dennoch unsichtbar. Dass es sie geben muss, zeigen verschiedene astronomische Beobachtungen. Forscher fahnden nach diesem","og_url":"https:\/\/planet-ka.de\/en\/das-phantom-des-universums\/","og_site_name":"PLANET KA","article_publisher":"https:\/\/www.facebook.com\/people\/Planet-KA-Planetarium-Karlsruhe\/61573710254024\/","article_modified_time":"2025-05-14T07:53:38+00:00","og_image":[{"url":"https:\/\/planet-ka.de\/wp-content\/uploads\/2025\/05\/phantom_des_universumsclawrenceberkeleylab-2048x2048-1-1024x1024.jpg","type":"","width":"","height":""}],"schema":{"@context":"https:\/\/schema.org","@graph":[{"@type":"WebPage","@id":"https:\/\/planet-ka.de\/das-phantom-des-universums\/","url":"https:\/\/planet-ka.de\/das-phantom-des-universums\/","name":"Das Phantom des Universums - PLANET KA","isPartOf":{"@id":"https:\/\/planet-ka.de\/#website"},"primaryImageOfPage":{"@id":"https:\/\/planet-ka.de\/das-phantom-des-universums\/#primaryimage"},"image":{"@id":"https:\/\/planet-ka.de\/das-phantom-des-universums\/#primaryimage"},"thumbnailUrl":"https:\/\/planet-ka.de\/wp-content\/uploads\/2025\/05\/phantom_des_universumsclawrenceberkeleylab-2048x2048-1-1024x1024.jpg","datePublished":"2025-05-13T17:03:52+00:00","dateModified":"2025-05-14T07:53:38+00:00","breadcrumb":{"@id":"https:\/\/planet-ka.de\/das-phantom-des-universums\/#breadcrumb"},"inLanguage":"en-US","potentialAction":[{"@type":"ReadAction","target":["https:\/\/planet-ka.de\/das-phantom-des-universums\/"]}]},{"@type":"ImageObject","inLanguage":"en-US","@id":"https:\/\/planet-ka.de\/das-phantom-des-universums\/#primaryimage","url":"https:\/\/planet-ka.de\/wp-content\/uploads\/2025\/05\/phantom_des_universumsclawrenceberkeleylab-2048x2048-1-1024x1024.jpg","contentUrl":"https:\/\/planet-ka.de\/wp-content\/uploads\/2025\/05\/phantom_des_universumsclawrenceberkeleylab-2048x2048-1-1024x1024.jpg"},{"@type":"BreadcrumbList","@id":"https:\/\/planet-ka.de\/das-phantom-des-universums\/#breadcrumb","itemListElement":[{"@type":"ListItem","position":1,"name":"Startseite","item":"https:\/\/planet-ka.de\/"},{"@type":"ListItem","position":2,"name":"Das Phantom des Universums"}]},{"@type":"WebSite","@id":"https:\/\/planet-ka.de\/#website","url":"https:\/\/planet-ka.de\/","name":"PLANET KA","description":"Cosmic Fascination","publisher":{"@id":"https:\/\/planet-ka.de\/#organization"},"potentialAction":[{"@type":"SearchAction","target":{"@type":"EntryPoint","urlTemplate":"https:\/\/planet-ka.de\/?s={search_term_string}"},"query-input":{"@type":"PropertyValueSpecification","valueRequired":true,"valueName":"search_term_string"}}],"inLanguage":"en-US"},{"@type":"Organization","@id":"https:\/\/planet-ka.de\/#organization","name":"PLANET KA","url":"https:\/\/planet-ka.de\/","logo":{"@type":"ImageObject","inLanguage":"en-US","@id":"https:\/\/planet-ka.de\/#\/schema\/logo\/image\/","url":"https:\/\/planet-ka.de\/wp-content\/uploads\/2025\/03\/cropped-Logo-Banner-Website-Jan-25_19.png","contentUrl":"https:\/\/planet-ka.de\/wp-content\/uploads\/2025\/03\/cropped-Logo-Banner-Website-Jan-25_19.png","width":225,"height":66,"caption":"PLANET KA"},"image":{"@id":"https:\/\/planet-ka.de\/#\/schema\/logo\/image\/"},"sameAs":["https:\/\/www.facebook.com\/people\/Planet-KA-Planetarium-Karlsruhe\/61573710254024\/","https:\/\/www.instagram.com\/planetarium_karlsruhe\/"]}]}},"_links":{"self":[{"href":"https:\/\/planet-ka.de\/en\/wp-json\/wp\/v2\/pages\/2449","targetHints":{"allow":["GET"]}}],"collection":[{"href":"https:\/\/planet-ka.de\/en\/wp-json\/wp\/v2\/pages"}],"about":[{"href":"https:\/\/planet-ka.de\/en\/wp-json\/wp\/v2\/types\/page"}],"author":[{"embeddable":true,"href":"https:\/\/planet-ka.de\/en\/wp-json\/wp\/v2\/users\/1"}],"replies":[{"embeddable":true,"href":"https:\/\/planet-ka.de\/en\/wp-json\/wp\/v2\/comments?post=2449"}],"version-history":[{"count":7,"href":"https:\/\/planet-ka.de\/en\/wp-json\/wp\/v2\/pages\/2449\/revisions"}],"predecessor-version":[{"id":2463,"href":"https:\/\/planet-ka.de\/en\/wp-json\/wp\/v2\/pages\/2449\/revisions\/2463"}],"wp:attachment":[{"href":"https:\/\/planet-ka.de\/en\/wp-json\/wp\/v2\/media?parent=2449"}],"curies":[{"name":"wp","href":"https:\/\/api.w.org\/{rel}","templated":true}]}}