{"id":2457,"date":"2025-05-14T12:33:53","date_gmt":"2025-05-14T10:33:53","guid":{"rendered":"https:\/\/planet-ka.de\/?page_id=2457"},"modified":"2026-02-07T15:33:14","modified_gmt":"2026-02-07T14:33:14","slug":"die-sonne-unser-lebendiger-stern","status":"publish","type":"page","link":"https:\/\/planet-ka.de\/en\/die-sonne-unser-lebendiger-stern\/","title":{"rendered":"Die SONNE &#8211; unser lebendiger Stern"},"content":{"rendered":"<div class=\"wp-block-media-text is-stacked-on-mobile\" style=\"grid-template-columns:49% auto\"><figure class=\"wp-block-media-text__media\"><img loading=\"lazy\" decoding=\"async\" width=\"1024\" height=\"683\" src=\"https:\/\/planet-ka.de\/wp-content\/uploads\/2026\/02\/SonneHQ1-1024x683.jpg\" alt=\"\" class=\"wp-image-3458 size-full\" srcset=\"https:\/\/planet-ka.de\/wp-content\/uploads\/2026\/02\/SonneHQ1-1024x683.jpg 1024w, https:\/\/planet-ka.de\/wp-content\/uploads\/2026\/02\/SonneHQ1-300x200.jpg 300w, https:\/\/planet-ka.de\/wp-content\/uploads\/2026\/02\/SonneHQ1-768x512.jpg 768w, https:\/\/planet-ka.de\/wp-content\/uploads\/2026\/02\/SonneHQ1.jpg 1536w\" sizes=\"auto, (max-width: 1024px) 100vw, 1024px\" \/><\/figure><div class=\"wp-block-media-text__content\">\n<h2 class=\"wp-block-heading\">Die SONNE &#8211; unser lebendiger Stern<\/h2>\n\n\n\n<h5 class=\"wp-block-heading\">Zum solaren Maximum 2024-2025<\/h5>\n\n\n\n<p><strong>NEU im Mai: Samstags 17:00 Uhr<\/strong><\/p>\n\n\n\n<p>Seit ein, zwei Jahren befindet sich das Aktivit\u00e4tsniveau der Sonne im Maximum. Dementsprechend spannend ist die Sonne zu beobachten &#8211; und es gibt viele Polarlichter zu sehen. Ein guter Anlass, &#8220;unseren Stern&#8221; besser kennen zu lernen!<\/p>\n\n\n\n<div style=\"height:20px\" aria-hidden=\"true\" class=\"wp-block-spacer\"><\/div>\n\n\n\n<div class=\"wp-block-buttons is-content-justification-center is-layout-flex wp-container-core-buttons-is-layout-16018d1d wp-block-buttons-is-layout-flex\">\n<div class=\"wp-block-button is-style-outline is-style-outline--1\"><a class=\"wp-block-button__link has-custom-font-size wp-element-button\" href=\"#100je-tic\" style=\"font-size:15px\">Jetzt Ticket buchen!<\/a><\/div>\n<\/div>\n<\/div><\/div>\n\n\n\n<div style=\"height:42px\" aria-hidden=\"true\" class=\"wp-block-spacer\"><\/div>\n\n\n\n<h4 class=\"wp-block-heading\">Zum Programm<\/h4>\n\n\n\n<p><strong>Die SONNE &#8211; unser lebendiger Stern<\/strong><\/p>\n\n\n\n<p>Die Sonne scheint schon seit viereinhalb Milliarden Jahren auf unsere Erde und erw\u00e4rmt sie inmitten eines unbarmherzig kalten Weltraums. Auch alles Licht haben wir von ihr. Sie ist unser n\u00e4chster Stern und das Kraftwerk unseres Planeten, die Quelle der Energie, die Wind und Wetter und alles Leben antreibt.<br>Der Lauf der Sonnenscheibe \u00fcber den Himmel &#8211; Tag f\u00fcr Tag, Monat f\u00fcr Monat &#8211; war f\u00fcr unz\u00e4hlige fr\u00fchere Zivilisationen die einzige M\u00f6glichkeit, die Zeit zu messen.<br>Die Sonne hat es in sich: Obwohl die Sonne ein typischer Zwergstern ist, verbraucht sie jede Sekunde 600 Millionen Tonnen Wasserstoff und ist 500 Mal so massiv wie alle Planeten zusammen.<\/p>\n\n\n\n<p>Entdecken Sie die Geheimnisse unseres Sterns in dieser Planetariumsshow und erleben Sie nie zuvor gesehene Bilder der gewaltigen Oberfl\u00e4che der Sonne in einem beeindruckenden Fulldome-Format und lernen Sie den wichtigsten Stern Ihres Lebens besser kennen!<\/p>\n\n\n\n<p>Dauer der Veranstaltung: ca. 60 Minuten<\/p>\n\n\n\n<p>Einlass: jeweils mind. 20 Min. vor Beginn.<br><strong><em>Bitte beachten: Kein Nacheinlass m\u00f6glich!<\/em><\/strong><br>Ungenutzte Tickets verfallen ersatzlos.<\/p>\n\n\n\n<p>Aufgrund der begrenzten Platzzahl empfehlen wir die Buchung vorab per Online-Ticket.<br>Restkarten an der Abendkasse nur nach Verf\u00fcgbarkeit &#8211; keine Einlassgarantie!<\/p>\n\n\n\n<div style=\"height:28px\" aria-hidden=\"true\" class=\"wp-block-spacer\"><\/div>\n\n\n\n<h3 class=\"wp-block-heading\" id=\"100je-tic\">Online-Ticketbuchung<\/h3>\n\n\n\n<p>\u00dcber folgendes Buchungstool k\u00f6nnen Sie ab sofort vorab Tickets buchen.<br>Wir empfehlen die Buchung von Online-Tickets, da aufgrund der begrenzten Platzzahl nicht garantiert werden kann, dass es Restkarten an der Abendkasse gibt.<\/p>\n\n\n\n<p><strong>Zeiten: s. Buchungskalender (Achtung: kein Nacheinlass!)<br>Ort: <a href=\"https:\/\/planet-ka.de\/en\/contact\/\" data-type=\"page\" data-id=\"154\" target=\"_blank\" rel=\"noreferrer noopener\">PLANET KA, Alter Schlachthof 4, 76131 Karlsruhe<\/a><\/strong><br><br>Einlass ab 30 Minuten vor Veranstaltungsbeginn. <br>Bitte beachten: <span style=\"text-decoration: underline;\">Kein Nacheinlass<\/span> m\u00f6glich!<\/p>\n\n\n<noscript>\r\n\t<div class=\"pretix-widget-no-script\">\r\n        JavaScript is disabled in your browser. To access our ticket shop without JavaScript, please click <a target=\"_blank\" rel=\"noopener\" href=\"https:\/\/pretix.eu\/planetka\/sonne\/\">here<\/a>.\t<\/div>\r\n<\/noscript>\r\n<pretix-widget event=\"https:\/\/pretix.eu\/planetka\/sonne\/\" class=\"wp-block-pretix-widget\"><\/pretix-widget>\n\n\n<p>Sollte der Buchungskalender hier nicht richtig angezeigt werden, nutzen Sie bitte folgenden Link: <a href=\"https:\/\/pretix.eu\/planetka\/sonne\" target=\"_blank\" rel=\"noreferrer noopener\">https:\/\/pretix.eu\/planetka\/sonne<\/a><\/p>","protected":false},"excerpt":{"rendered":"<p>Zum Programm Die SONNE &#8211; unser lebendiger Stern Die Sonne scheint schon seit viereinhalb Milliarden Jahren auf unsere Erde und erw\u00e4rmt sie inmitten eines unbarmherzig kalten Weltraums. Auch alles Licht haben wir von ihr. Sie ist unser n\u00e4chster Stern und<\/p>","protected":false},"author":1,"featured_media":0,"parent":0,"menu_order":0,"comment_status":"closed","ping_status":"closed","template":"","meta":{"footnotes":""},"class_list":["post-2457","page","type-page","status-publish","hentry","","tg-column-two"],"featured_image_src":null,"yoast_head":"<!-- This site is optimized with the Yoast SEO plugin v27.3 - https:\/\/yoast.com\/product\/yoast-seo-wordpress\/ -->\n<title>Die SONNE - unser lebendiger Stern - PLANET KA<\/title>\n<meta name=\"robots\" content=\"index, follow, max-snippet:-1, max-image-preview:large, max-video-preview:-1\" \/>\n<link rel=\"canonical\" href=\"https:\/\/planet-ka.de\/en\/die-sonne-unser-lebendiger-stern\/\" \/>\n<meta property=\"og:locale\" content=\"en_US\" \/>\n<meta property=\"og:type\" content=\"article\" \/>\n<meta property=\"og:title\" content=\"Die SONNE - unser lebendiger Stern - PLANET KA\" \/>\n<meta property=\"og:description\" content=\"Zum Programm Die SONNE &#8211; unser lebendiger Stern Die Sonne scheint schon seit viereinhalb Milliarden Jahren auf unsere Erde und erw\u00e4rmt sie inmitten eines unbarmherzig kalten Weltraums. Auch alles Licht haben wir von ihr. Sie ist unser n\u00e4chster Stern und\" \/>\n<meta property=\"og:url\" content=\"https:\/\/planet-ka.de\/en\/die-sonne-unser-lebendiger-stern\/\" \/>\n<meta property=\"og:site_name\" content=\"PLANET KA\" \/>\n<meta property=\"article:publisher\" content=\"https:\/\/www.facebook.com\/people\/Planet-KA-Planetarium-Karlsruhe\/61573710254024\/\" \/>\n<meta property=\"article:modified_time\" content=\"2026-02-07T14:33:14+00:00\" \/>\n<meta property=\"og:image\" content=\"https:\/\/planet-ka.de\/wp-content\/uploads\/2026\/02\/SonneHQ1.jpg\" \/>\n\t<meta property=\"og:image:width\" content=\"1536\" \/>\n\t<meta property=\"og:image:height\" content=\"1024\" \/>\n\t<meta property=\"og:image:type\" content=\"image\/jpeg\" \/>\n<script type=\"application\/ld+json\" class=\"yoast-schema-graph\">{\"@context\":\"https:\\\/\\\/schema.org\",\"@graph\":[{\"@type\":\"WebPage\",\"@id\":\"https:\\\/\\\/planet-ka.de\\\/die-sonne-unser-lebendiger-stern\\\/\",\"url\":\"https:\\\/\\\/planet-ka.de\\\/die-sonne-unser-lebendiger-stern\\\/\",\"name\":\"Die SONNE - unser lebendiger Stern - PLANET KA\",\"isPartOf\":{\"@id\":\"https:\\\/\\\/planet-ka.de\\\/#website\"},\"primaryImageOfPage\":{\"@id\":\"https:\\\/\\\/planet-ka.de\\\/die-sonne-unser-lebendiger-stern\\\/#primaryimage\"},\"image\":{\"@id\":\"https:\\\/\\\/planet-ka.de\\\/die-sonne-unser-lebendiger-stern\\\/#primaryimage\"},\"thumbnailUrl\":\"https:\\\/\\\/planet-ka.de\\\/wp-content\\\/uploads\\\/2026\\\/02\\\/SonneHQ1-1024x683.jpg\",\"datePublished\":\"2025-05-14T10:33:53+00:00\",\"dateModified\":\"2026-02-07T14:33:14+00:00\",\"breadcrumb\":{\"@id\":\"https:\\\/\\\/planet-ka.de\\\/die-sonne-unser-lebendiger-stern\\\/#breadcrumb\"},\"inLanguage\":\"en-US\",\"potentialAction\":[{\"@type\":\"ReadAction\",\"target\":[\"https:\\\/\\\/planet-ka.de\\\/die-sonne-unser-lebendiger-stern\\\/\"]}]},{\"@type\":\"ImageObject\",\"inLanguage\":\"en-US\",\"@id\":\"https:\\\/\\\/planet-ka.de\\\/die-sonne-unser-lebendiger-stern\\\/#primaryimage\",\"url\":\"https:\\\/\\\/planet-ka.de\\\/wp-content\\\/uploads\\\/2026\\\/02\\\/SonneHQ1-1024x683.jpg\",\"contentUrl\":\"https:\\\/\\\/planet-ka.de\\\/wp-content\\\/uploads\\\/2026\\\/02\\\/SonneHQ1-1024x683.jpg\"},{\"@type\":\"BreadcrumbList\",\"@id\":\"https:\\\/\\\/planet-ka.de\\\/die-sonne-unser-lebendiger-stern\\\/#breadcrumb\",\"itemListElement\":[{\"@type\":\"ListItem\",\"position\":1,\"name\":\"Startseite\",\"item\":\"https:\\\/\\\/planet-ka.de\\\/\"},{\"@type\":\"ListItem\",\"position\":2,\"name\":\"Die SONNE &#8211; unser lebendiger Stern\"}]},{\"@type\":\"WebSite\",\"@id\":\"https:\\\/\\\/planet-ka.de\\\/#website\",\"url\":\"https:\\\/\\\/planet-ka.de\\\/\",\"name\":\"PLANET KA\",\"description\":\"Faszination Kosmos\",\"publisher\":{\"@id\":\"https:\\\/\\\/planet-ka.de\\\/#organization\"},\"potentialAction\":[{\"@type\":\"SearchAction\",\"target\":{\"@type\":\"EntryPoint\",\"urlTemplate\":\"https:\\\/\\\/planet-ka.de\\\/?s={search_term_string}\"},\"query-input\":{\"@type\":\"PropertyValueSpecification\",\"valueRequired\":true,\"valueName\":\"search_term_string\"}}],\"inLanguage\":\"en-US\"},{\"@type\":\"Organization\",\"@id\":\"https:\\\/\\\/planet-ka.de\\\/#organization\",\"name\":\"PLANET KA\",\"url\":\"https:\\\/\\\/planet-ka.de\\\/\",\"logo\":{\"@type\":\"ImageObject\",\"inLanguage\":\"en-US\",\"@id\":\"https:\\\/\\\/planet-ka.de\\\/#\\\/schema\\\/logo\\\/image\\\/\",\"url\":\"https:\\\/\\\/planet-ka.de\\\/wp-content\\\/uploads\\\/2025\\\/03\\\/cropped-Logo-Banner-Website-Jan-25_19.png\",\"contentUrl\":\"https:\\\/\\\/planet-ka.de\\\/wp-content\\\/uploads\\\/2025\\\/03\\\/cropped-Logo-Banner-Website-Jan-25_19.png\",\"width\":225,\"height\":66,\"caption\":\"PLANET KA\"},\"image\":{\"@id\":\"https:\\\/\\\/planet-ka.de\\\/#\\\/schema\\\/logo\\\/image\\\/\"},\"sameAs\":[\"https:\\\/\\\/www.facebook.com\\\/people\\\/Planet-KA-Planetarium-Karlsruhe\\\/61573710254024\\\/\",\"https:\\\/\\\/www.instagram.com\\\/planetarium_karlsruhe\\\/\"]}]}<\/script>\n<!-- \/ Yoast SEO plugin. -->","yoast_head_json":{"title":"Die SONNE - unser lebendiger Stern - PLANET KA","robots":{"index":"index","follow":"follow","max-snippet":"max-snippet:-1","max-image-preview":"max-image-preview:large","max-video-preview":"max-video-preview:-1"},"canonical":"https:\/\/planet-ka.de\/en\/die-sonne-unser-lebendiger-stern\/","og_locale":"en_US","og_type":"article","og_title":"Die SONNE - unser lebendiger Stern - PLANET KA","og_description":"Zum Programm Die SONNE &#8211; unser lebendiger Stern Die Sonne scheint schon seit viereinhalb Milliarden Jahren auf unsere Erde und erw\u00e4rmt sie inmitten eines unbarmherzig kalten Weltraums. Auch alles Licht haben wir von ihr. Sie ist unser n\u00e4chster Stern und","og_url":"https:\/\/planet-ka.de\/en\/die-sonne-unser-lebendiger-stern\/","og_site_name":"PLANET KA","article_publisher":"https:\/\/www.facebook.com\/people\/Planet-KA-Planetarium-Karlsruhe\/61573710254024\/","article_modified_time":"2026-02-07T14:33:14+00:00","og_image":[{"width":1536,"height":1024,"url":"https:\/\/planet-ka.de\/wp-content\/uploads\/2026\/02\/SonneHQ1.jpg","type":"image\/jpeg"}],"schema":{"@context":"https:\/\/schema.org","@graph":[{"@type":"WebPage","@id":"https:\/\/planet-ka.de\/die-sonne-unser-lebendiger-stern\/","url":"https:\/\/planet-ka.de\/die-sonne-unser-lebendiger-stern\/","name":"Die SONNE - unser lebendiger Stern - PLANET KA","isPartOf":{"@id":"https:\/\/planet-ka.de\/#website"},"primaryImageOfPage":{"@id":"https:\/\/planet-ka.de\/die-sonne-unser-lebendiger-stern\/#primaryimage"},"image":{"@id":"https:\/\/planet-ka.de\/die-sonne-unser-lebendiger-stern\/#primaryimage"},"thumbnailUrl":"https:\/\/planet-ka.de\/wp-content\/uploads\/2026\/02\/SonneHQ1-1024x683.jpg","datePublished":"2025-05-14T10:33:53+00:00","dateModified":"2026-02-07T14:33:14+00:00","breadcrumb":{"@id":"https:\/\/planet-ka.de\/die-sonne-unser-lebendiger-stern\/#breadcrumb"},"inLanguage":"en-US","potentialAction":[{"@type":"ReadAction","target":["https:\/\/planet-ka.de\/die-sonne-unser-lebendiger-stern\/"]}]},{"@type":"ImageObject","inLanguage":"en-US","@id":"https:\/\/planet-ka.de\/die-sonne-unser-lebendiger-stern\/#primaryimage","url":"https:\/\/planet-ka.de\/wp-content\/uploads\/2026\/02\/SonneHQ1-1024x683.jpg","contentUrl":"https:\/\/planet-ka.de\/wp-content\/uploads\/2026\/02\/SonneHQ1-1024x683.jpg"},{"@type":"BreadcrumbList","@id":"https:\/\/planet-ka.de\/die-sonne-unser-lebendiger-stern\/#breadcrumb","itemListElement":[{"@type":"ListItem","position":1,"name":"Startseite","item":"https:\/\/planet-ka.de\/"},{"@type":"ListItem","position":2,"name":"Die SONNE &#8211; unser lebendiger Stern"}]},{"@type":"WebSite","@id":"https:\/\/planet-ka.de\/#website","url":"https:\/\/planet-ka.de\/","name":"PLANET KA","description":"Cosmic Fascination","publisher":{"@id":"https:\/\/planet-ka.de\/#organization"},"potentialAction":[{"@type":"SearchAction","target":{"@type":"EntryPoint","urlTemplate":"https:\/\/planet-ka.de\/?s={search_term_string}"},"query-input":{"@type":"PropertyValueSpecification","valueRequired":true,"valueName":"search_term_string"}}],"inLanguage":"en-US"},{"@type":"Organization","@id":"https:\/\/planet-ka.de\/#organization","name":"PLANET KA","url":"https:\/\/planet-ka.de\/","logo":{"@type":"ImageObject","inLanguage":"en-US","@id":"https:\/\/planet-ka.de\/#\/schema\/logo\/image\/","url":"https:\/\/planet-ka.de\/wp-content\/uploads\/2025\/03\/cropped-Logo-Banner-Website-Jan-25_19.png","contentUrl":"https:\/\/planet-ka.de\/wp-content\/uploads\/2025\/03\/cropped-Logo-Banner-Website-Jan-25_19.png","width":225,"height":66,"caption":"PLANET KA"},"image":{"@id":"https:\/\/planet-ka.de\/#\/schema\/logo\/image\/"},"sameAs":["https:\/\/www.facebook.com\/people\/Planet-KA-Planetarium-Karlsruhe\/61573710254024\/","https:\/\/www.instagram.com\/planetarium_karlsruhe\/"]}]}},"_links":{"self":[{"href":"https:\/\/planet-ka.de\/en\/wp-json\/wp\/v2\/pages\/2457","targetHints":{"allow":["GET"]}}],"collection":[{"href":"https:\/\/planet-ka.de\/en\/wp-json\/wp\/v2\/pages"}],"about":[{"href":"https:\/\/planet-ka.de\/en\/wp-json\/wp\/v2\/types\/page"}],"author":[{"embeddable":true,"href":"https:\/\/planet-ka.de\/en\/wp-json\/wp\/v2\/users\/1"}],"replies":[{"embeddable":true,"href":"https:\/\/planet-ka.de\/en\/wp-json\/wp\/v2\/comments?post=2457"}],"version-history":[{"count":3,"href":"https:\/\/planet-ka.de\/en\/wp-json\/wp\/v2\/pages\/2457\/revisions"}],"predecessor-version":[{"id":3459,"href":"https:\/\/planet-ka.de\/en\/wp-json\/wp\/v2\/pages\/2457\/revisions\/3459"}],"wp:attachment":[{"href":"https:\/\/planet-ka.de\/en\/wp-json\/wp\/v2\/media?parent=2457"}],"curies":[{"name":"wp","href":"https:\/\/api.w.org\/{rel}","templated":true}]}}