{"id":2468,"date":"2025-05-15T20:07:56","date_gmt":"2025-05-15T18:07:56","guid":{"rendered":"https:\/\/planet-ka.de\/?page_id=2468"},"modified":"2026-02-07T14:53:17","modified_gmt":"2026-02-07T13:53:17","slug":"ferne-welten-fremdes-leben","status":"publish","type":"page","link":"https:\/\/planet-ka.de\/en\/ferne-welten-fremdes-leben\/","title":{"rendered":"ALIENS: Ferne Welten &#8211; fremdes Leben?"},"content":{"rendered":"<div class=\"wp-block-media-text is-stacked-on-mobile\" style=\"grid-template-columns:49% auto\"><figure class=\"wp-block-media-text__media\"><img loading=\"lazy\" decoding=\"async\" width=\"1024\" height=\"320\" src=\"https:\/\/planet-ka.de\/wp-content\/uploads\/2026\/02\/Ferne-Welten-fremdes-LebenHQ-1024x320.jpg\" alt=\"\" class=\"wp-image-3449 size-full\" srcset=\"https:\/\/planet-ka.de\/wp-content\/uploads\/2026\/02\/Ferne-Welten-fremdes-LebenHQ-1024x320.jpg 1024w, https:\/\/planet-ka.de\/wp-content\/uploads\/2026\/02\/Ferne-Welten-fremdes-LebenHQ-300x94.jpg 300w, https:\/\/planet-ka.de\/wp-content\/uploads\/2026\/02\/Ferne-Welten-fremdes-LebenHQ-768x240.jpg 768w, https:\/\/planet-ka.de\/wp-content\/uploads\/2026\/02\/Ferne-Welten-fremdes-LebenHQ.jpg 1536w\" sizes=\"auto, (max-width: 1024px) 100vw, 1024px\" \/><\/figure><div class=\"wp-block-media-text__content\">\n<h2 class=\"wp-block-heading\">ALIENS: Ferne Welten &#8211; fremdes Leben?<\/h2>\n\n\n\n<h4 class=\"wp-block-heading\"><em>Sind wir allein im All?<\/em><\/h4>\n\n\n\n<p><strong>NEU im Programm!<\/strong><\/p>\n\n\n\n<p>Kaum eine Frage ist verst\u00f6render: Gibt es nun &#8222;Aliens&#8220; oder gibt es sie nicht? Beides w\u00e4re unglaublich. Das ganze Universum &#8211; nur f\u00fcr uns allein?! Oder wimmelt es von Leben &#8211; wo und wann entdecken wir es? Oder haben <em>sie<\/em> uns schon l\u00e4ngst gefunden? Wann kommen <em>sie<\/em>?<br>Immer mehr Exoplaneten werden gefunden. Neue Teleskope k\u00f6nnten dort schon bald Spuren des Lebens detektieren.<\/p>\n\n\n\n<div style=\"height:20px\" aria-hidden=\"true\" class=\"wp-block-spacer\"><\/div>\n\n\n\n<div class=\"wp-block-buttons is-content-justification-center is-layout-flex wp-container-core-buttons-is-layout-16018d1d wp-block-buttons-is-layout-flex\">\n<div class=\"wp-block-button is-style-outline is-style-outline--1\"><a class=\"wp-block-button__link has-custom-font-size wp-element-button\" href=\"#100je-tic\" style=\"font-size:15px\">Jetzt Ticket buchen!<\/a><\/div>\n<\/div>\n<\/div><\/div>\n\n\n\n<div style=\"height:42px\" aria-hidden=\"true\" class=\"wp-block-spacer\"><\/div>\n\n\n\n<h3 class=\"wp-block-heading\">Zum Programm<\/h3>\n\n\n\n<h4 class=\"wp-block-heading\"><em>Wir sind die Aliens &#8211; fast \u00fcberall im Universum!<\/em><\/h4>\n\n\n\n<p><strong><em>Gibt es au\u00dferirdisches Leben im All?<br>Gibt es intelligentes Leben?<\/em><\/strong><\/p>\n\n\n\n<p> Wohl keine andere Frage, die wir \u00fcber das Universum stellen k\u00f6nnen, besch\u00e4ftigt uns so stark, und wohl keine Entdeckung h\u00e4tte so gro\u00dfe Bedeutung f\u00fcr unser Weltbild wie die au\u00dferirdischer Lebewesen. In den letzten Jahren haben wir unglaubliche Fortschritte gemacht \u2013 und in unserer neuen Planetariumsshow sind Sie hautnah dabei!<br>Begleiten Sie uns auf einer fantastischen Spurensuche im Kosmos. Vielleicht werden wir schon vor unserer Haust\u00fcr, in unserem Sonnensystem, f\u00fcndig? Landen Sie mit einer Raumsonde auf dem Mars, auf dem in ferner Vergangenheit wom\u00f6glich einmal Leben entstand. Erforschen Sie den Jupitermond Europa, unter dessen dickem Eispanzer sich ein gewaltiger Ozean verbirgt!<\/p>\n\n\n\n<p>Sto\u00dfen Sie dann zu den Sternen vor, den Geschwistern der Sonne, und nehmen Sie teil an der aufregenden Jagd nach erd\u00e4hnlichen Planeten! Die ersten Kandidaten f\u00fcr bewohnbare Planeten sind schon gefunden. Aber die fernen Welten sind fremdartig: Wie mag das Leben aussehen, das sich dort \u2013 vielleicht \u2013 entwickelt hat? Lassen wir unsere Fantasie spielen \u2026 und fragen wir uns, wie die Chancen stehen, jemals intelligente Au\u00dferirdische zu finden, mit denen wir Kontakt aufnehmen k\u00f6nnen!<\/p>\n\n\n\n<p>Eine Produktion der Planetarien M\u00fcnster, Bochum, Kiel, Mannheim, Wolfsburg und Osnabr\u00fcck.<\/p>\n\n\n\n<p>Empfohlen ab ca. 10 Jahren<br>Programmdauer ca. 60 Minuten<\/p>\n\n\n\n<p>Einlass: ab ca. 25 Min. vor Beginn.<br><strong><em>Bitte beachten: Kein Nacheinlass m\u00f6glich!<\/em><\/strong><br>Ungenutzte Tickets verfallen ersatzlos.<\/p>\n\n\n\n<p>Aufgrund der begrenzten Platzzahl empfehlen wir die Buchung vorab per Online-Ticket.<br>Restkarten an der Abendkasse nur nach Verf\u00fcgbarkeit &#8211; keine Einlassgarantie!<\/p>\n\n\n\n<div style=\"height:28px\" aria-hidden=\"true\" class=\"wp-block-spacer\"><\/div>\n\n\n\n<h3 class=\"wp-block-heading\" id=\"100je-tic\">Online-Ticketbuchung<\/h3>\n\n\n\n<p>\u00dcber folgendes Buchungstool k\u00f6nnen Sie ab sofort vorab Tickets buchen.<br>Wir empfehlen die Buchung von Online-Tickets, da aufgrund der begrenzten Platzzahl nicht garantiert werden kann, dass es Restkarten an der Abendkasse gibt.<\/p>\n\n\n\n<p><strong>Zeiten: s. Buchungskalender (Achtung: kein Nacheinlass!)<br>Ort: <a href=\"https:\/\/planet-ka.de\/en\/contact\/\" data-type=\"page\" data-id=\"154\" target=\"_blank\" rel=\"noreferrer noopener\">PLANET KA, Alter Schlachthof 4, 76131 Karlsruhe<\/a><\/strong><br><br>Einlass ab 30 Minuten vor Veranstaltungsbeginn. <br>Bitte beachten: <span style=\"text-decoration: underline;\">Kein Nacheinlass<\/span> m\u00f6glich!<\/p>\n\n\n\n<p><em><strong>NEU: Karten jetzt auch im Tourismus-B\u00fcro am Marktplatz kaufen!<\/strong><\/em><\/p>\n\n\n<noscript>\r\n\t<div class=\"pretix-widget-no-script\">\r\n        JavaScript is disabled in your browser. To access our ticket shop without JavaScript, please click <a target=\"_blank\" rel=\"noopener\" href=\"https:\/\/pretix.eu\/planetka\/farfar\/\">here<\/a>.\t<\/div>\r\n<\/noscript>\r\n<pretix-widget event=\"https:\/\/pretix.eu\/planetka\/farfar\/\" class=\"wp-block-pretix-widget\"><\/pretix-widget>\n\n\n<p>Sollte der Buchungskalender hier nicht richtig angezeigt werden, nutzen Sie bitte folgenden Link: <a href=\"https:\/\/pretix.eu\/planetka\/aliens\" target=\"_blank\" rel=\"noreferrer noopener\">https:\/\/pretix.eu\/planetka\/aliens<\/a><\/p>","protected":false},"excerpt":{"rendered":"<p>Zum Programm Wir sind die Aliens &#8211; fast \u00fcberall im Universum! Gibt es au\u00dferirdisches Leben im All?Gibt es intelligentes Leben? Wohl keine andere Frage, die wir \u00fcber das Universum stellen k\u00f6nnen, besch\u00e4ftigt uns so stark, und wohl keine Entdeckung h\u00e4tte<\/p>","protected":false},"author":1,"featured_media":0,"parent":0,"menu_order":0,"comment_status":"closed","ping_status":"closed","template":"","meta":{"footnotes":""},"class_list":["post-2468","page","type-page","status-publish","hentry","","tg-column-two"],"featured_image_src":null,"yoast_head":"<!-- This site is optimized with the Yoast SEO plugin v27.3 - https:\/\/yoast.com\/product\/yoast-seo-wordpress\/ -->\n<title>ALIENS: Ferne Welten - fremdes Leben? - PLANET KA<\/title>\n<meta name=\"robots\" content=\"index, follow, max-snippet:-1, max-image-preview:large, max-video-preview:-1\" \/>\n<link rel=\"canonical\" href=\"https:\/\/planet-ka.de\/en\/ferne-welten-fremdes-leben\/\" \/>\n<meta property=\"og:locale\" content=\"en_US\" \/>\n<meta property=\"og:type\" content=\"article\" \/>\n<meta property=\"og:title\" content=\"ALIENS: Ferne Welten - fremdes Leben? - PLANET KA\" \/>\n<meta property=\"og:description\" content=\"Zum Programm Wir sind die Aliens &#8211; fast \u00fcberall im Universum! Gibt es au\u00dferirdisches Leben im All?Gibt es intelligentes Leben? Wohl keine andere Frage, die wir \u00fcber das Universum stellen k\u00f6nnen, besch\u00e4ftigt uns so stark, und wohl keine Entdeckung h\u00e4tte\" \/>\n<meta property=\"og:url\" content=\"https:\/\/planet-ka.de\/en\/ferne-welten-fremdes-leben\/\" \/>\n<meta property=\"og:site_name\" content=\"PLANET KA\" \/>\n<meta property=\"article:publisher\" content=\"https:\/\/www.facebook.com\/people\/Planet-KA-Planetarium-Karlsruhe\/61573710254024\/\" \/>\n<meta property=\"article:modified_time\" content=\"2026-02-07T13:53:17+00:00\" \/>\n<meta property=\"og:image\" content=\"https:\/\/planet-ka.de\/wp-content\/uploads\/2026\/02\/Ferne-Welten-fremdes-LebenHQ.jpg\" \/>\n\t<meta property=\"og:image:width\" content=\"1536\" \/>\n\t<meta property=\"og:image:height\" content=\"480\" \/>\n\t<meta property=\"og:image:type\" content=\"image\/jpeg\" \/>\n<script type=\"application\/ld+json\" class=\"yoast-schema-graph\">{\"@context\":\"https:\\\/\\\/schema.org\",\"@graph\":[{\"@type\":\"WebPage\",\"@id\":\"https:\\\/\\\/planet-ka.de\\\/ferne-welten-fremdes-leben\\\/\",\"url\":\"https:\\\/\\\/planet-ka.de\\\/ferne-welten-fremdes-leben\\\/\",\"name\":\"ALIENS: Ferne Welten - fremdes Leben? - PLANET KA\",\"isPartOf\":{\"@id\":\"https:\\\/\\\/planet-ka.de\\\/#website\"},\"primaryImageOfPage\":{\"@id\":\"https:\\\/\\\/planet-ka.de\\\/ferne-welten-fremdes-leben\\\/#primaryimage\"},\"image\":{\"@id\":\"https:\\\/\\\/planet-ka.de\\\/ferne-welten-fremdes-leben\\\/#primaryimage\"},\"thumbnailUrl\":\"https:\\\/\\\/planet-ka.de\\\/wp-content\\\/uploads\\\/2026\\\/02\\\/Ferne-Welten-fremdes-LebenHQ-1024x320.jpg\",\"datePublished\":\"2025-05-15T18:07:56+00:00\",\"dateModified\":\"2026-02-07T13:53:17+00:00\",\"breadcrumb\":{\"@id\":\"https:\\\/\\\/planet-ka.de\\\/ferne-welten-fremdes-leben\\\/#breadcrumb\"},\"inLanguage\":\"en-US\",\"potentialAction\":[{\"@type\":\"ReadAction\",\"target\":[\"https:\\\/\\\/planet-ka.de\\\/ferne-welten-fremdes-leben\\\/\"]}]},{\"@type\":\"ImageObject\",\"inLanguage\":\"en-US\",\"@id\":\"https:\\\/\\\/planet-ka.de\\\/ferne-welten-fremdes-leben\\\/#primaryimage\",\"url\":\"https:\\\/\\\/planet-ka.de\\\/wp-content\\\/uploads\\\/2026\\\/02\\\/Ferne-Welten-fremdes-LebenHQ-1024x320.jpg\",\"contentUrl\":\"https:\\\/\\\/planet-ka.de\\\/wp-content\\\/uploads\\\/2026\\\/02\\\/Ferne-Welten-fremdes-LebenHQ-1024x320.jpg\"},{\"@type\":\"BreadcrumbList\",\"@id\":\"https:\\\/\\\/planet-ka.de\\\/ferne-welten-fremdes-leben\\\/#breadcrumb\",\"itemListElement\":[{\"@type\":\"ListItem\",\"position\":1,\"name\":\"Startseite\",\"item\":\"https:\\\/\\\/planet-ka.de\\\/\"},{\"@type\":\"ListItem\",\"position\":2,\"name\":\"ALIENS: Ferne Welten &#8211; fremdes Leben?\"}]},{\"@type\":\"WebSite\",\"@id\":\"https:\\\/\\\/planet-ka.de\\\/#website\",\"url\":\"https:\\\/\\\/planet-ka.de\\\/\",\"name\":\"PLANET KA\",\"description\":\"Faszination Kosmos\",\"publisher\":{\"@id\":\"https:\\\/\\\/planet-ka.de\\\/#organization\"},\"potentialAction\":[{\"@type\":\"SearchAction\",\"target\":{\"@type\":\"EntryPoint\",\"urlTemplate\":\"https:\\\/\\\/planet-ka.de\\\/?s={search_term_string}\"},\"query-input\":{\"@type\":\"PropertyValueSpecification\",\"valueRequired\":true,\"valueName\":\"search_term_string\"}}],\"inLanguage\":\"en-US\"},{\"@type\":\"Organization\",\"@id\":\"https:\\\/\\\/planet-ka.de\\\/#organization\",\"name\":\"PLANET KA\",\"url\":\"https:\\\/\\\/planet-ka.de\\\/\",\"logo\":{\"@type\":\"ImageObject\",\"inLanguage\":\"en-US\",\"@id\":\"https:\\\/\\\/planet-ka.de\\\/#\\\/schema\\\/logo\\\/image\\\/\",\"url\":\"https:\\\/\\\/planet-ka.de\\\/wp-content\\\/uploads\\\/2025\\\/03\\\/cropped-Logo-Banner-Website-Jan-25_19.png\",\"contentUrl\":\"https:\\\/\\\/planet-ka.de\\\/wp-content\\\/uploads\\\/2025\\\/03\\\/cropped-Logo-Banner-Website-Jan-25_19.png\",\"width\":225,\"height\":66,\"caption\":\"PLANET KA\"},\"image\":{\"@id\":\"https:\\\/\\\/planet-ka.de\\\/#\\\/schema\\\/logo\\\/image\\\/\"},\"sameAs\":[\"https:\\\/\\\/www.facebook.com\\\/people\\\/Planet-KA-Planetarium-Karlsruhe\\\/61573710254024\\\/\",\"https:\\\/\\\/www.instagram.com\\\/planetarium_karlsruhe\\\/\"]}]}<\/script>\n<!-- \/ Yoast SEO plugin. -->","yoast_head_json":{"title":"ALIENS: Ferne Welten - fremdes Leben? - PLANET KA","robots":{"index":"index","follow":"follow","max-snippet":"max-snippet:-1","max-image-preview":"max-image-preview:large","max-video-preview":"max-video-preview:-1"},"canonical":"https:\/\/planet-ka.de\/en\/ferne-welten-fremdes-leben\/","og_locale":"en_US","og_type":"article","og_title":"ALIENS: Ferne Welten - fremdes Leben? - PLANET KA","og_description":"Zum Programm Wir sind die Aliens &#8211; fast \u00fcberall im Universum! Gibt es au\u00dferirdisches Leben im All?Gibt es intelligentes Leben? Wohl keine andere Frage, die wir \u00fcber das Universum stellen k\u00f6nnen, besch\u00e4ftigt uns so stark, und wohl keine Entdeckung h\u00e4tte","og_url":"https:\/\/planet-ka.de\/en\/ferne-welten-fremdes-leben\/","og_site_name":"PLANET KA","article_publisher":"https:\/\/www.facebook.com\/people\/Planet-KA-Planetarium-Karlsruhe\/61573710254024\/","article_modified_time":"2026-02-07T13:53:17+00:00","og_image":[{"width":1536,"height":480,"url":"https:\/\/planet-ka.de\/wp-content\/uploads\/2026\/02\/Ferne-Welten-fremdes-LebenHQ.jpg","type":"image\/jpeg"}],"schema":{"@context":"https:\/\/schema.org","@graph":[{"@type":"WebPage","@id":"https:\/\/planet-ka.de\/ferne-welten-fremdes-leben\/","url":"https:\/\/planet-ka.de\/ferne-welten-fremdes-leben\/","name":"ALIENS: Ferne Welten - fremdes Leben? - PLANET KA","isPartOf":{"@id":"https:\/\/planet-ka.de\/#website"},"primaryImageOfPage":{"@id":"https:\/\/planet-ka.de\/ferne-welten-fremdes-leben\/#primaryimage"},"image":{"@id":"https:\/\/planet-ka.de\/ferne-welten-fremdes-leben\/#primaryimage"},"thumbnailUrl":"https:\/\/planet-ka.de\/wp-content\/uploads\/2026\/02\/Ferne-Welten-fremdes-LebenHQ-1024x320.jpg","datePublished":"2025-05-15T18:07:56+00:00","dateModified":"2026-02-07T13:53:17+00:00","breadcrumb":{"@id":"https:\/\/planet-ka.de\/ferne-welten-fremdes-leben\/#breadcrumb"},"inLanguage":"en-US","potentialAction":[{"@type":"ReadAction","target":["https:\/\/planet-ka.de\/ferne-welten-fremdes-leben\/"]}]},{"@type":"ImageObject","inLanguage":"en-US","@id":"https:\/\/planet-ka.de\/ferne-welten-fremdes-leben\/#primaryimage","url":"https:\/\/planet-ka.de\/wp-content\/uploads\/2026\/02\/Ferne-Welten-fremdes-LebenHQ-1024x320.jpg","contentUrl":"https:\/\/planet-ka.de\/wp-content\/uploads\/2026\/02\/Ferne-Welten-fremdes-LebenHQ-1024x320.jpg"},{"@type":"BreadcrumbList","@id":"https:\/\/planet-ka.de\/ferne-welten-fremdes-leben\/#breadcrumb","itemListElement":[{"@type":"ListItem","position":1,"name":"Startseite","item":"https:\/\/planet-ka.de\/"},{"@type":"ListItem","position":2,"name":"ALIENS: Ferne Welten &#8211; fremdes Leben?"}]},{"@type":"WebSite","@id":"https:\/\/planet-ka.de\/#website","url":"https:\/\/planet-ka.de\/","name":"PLANET KA","description":"Cosmic Fascination","publisher":{"@id":"https:\/\/planet-ka.de\/#organization"},"potentialAction":[{"@type":"SearchAction","target":{"@type":"EntryPoint","urlTemplate":"https:\/\/planet-ka.de\/?s={search_term_string}"},"query-input":{"@type":"PropertyValueSpecification","valueRequired":true,"valueName":"search_term_string"}}],"inLanguage":"en-US"},{"@type":"Organization","@id":"https:\/\/planet-ka.de\/#organization","name":"PLANET KA","url":"https:\/\/planet-ka.de\/","logo":{"@type":"ImageObject","inLanguage":"en-US","@id":"https:\/\/planet-ka.de\/#\/schema\/logo\/image\/","url":"https:\/\/planet-ka.de\/wp-content\/uploads\/2025\/03\/cropped-Logo-Banner-Website-Jan-25_19.png","contentUrl":"https:\/\/planet-ka.de\/wp-content\/uploads\/2025\/03\/cropped-Logo-Banner-Website-Jan-25_19.png","width":225,"height":66,"caption":"PLANET KA"},"image":{"@id":"https:\/\/planet-ka.de\/#\/schema\/logo\/image\/"},"sameAs":["https:\/\/www.facebook.com\/people\/Planet-KA-Planetarium-Karlsruhe\/61573710254024\/","https:\/\/www.instagram.com\/planetarium_karlsruhe\/"]}]}},"_links":{"self":[{"href":"https:\/\/planet-ka.de\/en\/wp-json\/wp\/v2\/pages\/2468","targetHints":{"allow":["GET"]}}],"collection":[{"href":"https:\/\/planet-ka.de\/en\/wp-json\/wp\/v2\/pages"}],"about":[{"href":"https:\/\/planet-ka.de\/en\/wp-json\/wp\/v2\/types\/page"}],"author":[{"embeddable":true,"href":"https:\/\/planet-ka.de\/en\/wp-json\/wp\/v2\/users\/1"}],"replies":[{"embeddable":true,"href":"https:\/\/planet-ka.de\/en\/wp-json\/wp\/v2\/comments?post=2468"}],"version-history":[{"count":9,"href":"https:\/\/planet-ka.de\/en\/wp-json\/wp\/v2\/pages\/2468\/revisions"}],"predecessor-version":[{"id":3450,"href":"https:\/\/planet-ka.de\/en\/wp-json\/wp\/v2\/pages\/2468\/revisions\/3450"}],"wp:attachment":[{"href":"https:\/\/planet-ka.de\/en\/wp-json\/wp\/v2\/media?parent=2468"}],"curies":[{"name":"wp","href":"https:\/\/api.w.org\/{rel}","templated":true}]}}