{"id":2502,"date":"2025-05-22T14:36:48","date_gmt":"2025-05-22T12:36:48","guid":{"rendered":"https:\/\/planet-ka.de\/?page_id=2502"},"modified":"2025-05-22T21:49:05","modified_gmt":"2025-05-22T19:49:05","slug":"europas-weg-zu-den-sternen","status":"publish","type":"page","link":"https:\/\/planet-ka.de\/en\/europas-weg-zu-den-sternen\/","title":{"rendered":"Europe's Path to the Stars"},"content":{"rendered":"<div class=\"wp-block-media-text is-stacked-on-mobile\" style=\"grid-template-columns:49% auto\"><figure class=\"wp-block-media-text__media\"><img loading=\"lazy\" decoding=\"async\" width=\"635\" height=\"602\" src=\"https:\/\/planet-ka.de\/wp-content\/uploads\/2025\/05\/ETTS-titel.jpg\" alt=\"\" class=\"wp-image-2503 size-full\" srcset=\"https:\/\/planet-ka.de\/wp-content\/uploads\/2025\/05\/ETTS-titel.jpg 635w, https:\/\/planet-ka.de\/wp-content\/uploads\/2025\/05\/ETTS-titel-300x284.jpg 300w\" sizes=\"auto, (max-width: 635px) 100vw, 635px\" \/><\/figure><div class=\"wp-block-media-text__content\">\n<h3 class=\"wp-block-heading\">Europe's Path to the Stars<\/h3>\n\n\n\n<h5 class=\"wp-block-heading\"><em>\u00dcber die Europ\u00e4ische S\u00fcdsternwarte (ESO) und das bald gr\u00f6\u00dfte Teleskop der Welt<\/em><\/h5>\n\n\n\n<p><\/p>\n\n\n\n<div style=\"height:20px\" aria-hidden=\"true\" class=\"wp-block-spacer\"><\/div>\n\n\n\n<div class=\"wp-block-buttons is-content-justification-center is-layout-flex wp-container-core-buttons-is-layout-16018d1d wp-block-buttons-is-layout-flex\">\n<div class=\"wp-block-button has-custom-font-size is-style-outline is-style-outline--1\" style=\"font-size:15px\"><a class=\"wp-block-button__link wp-element-button\" href=\"#ontic\">Jetzt Ticket buchen!<\/a><\/div>\n<\/div>\n<\/div><\/div>\n\n\n\n<div style=\"height:42px\" aria-hidden=\"true\" class=\"wp-block-spacer\"><\/div>\n\n\n\n<h3 class=\"wp-block-heading\">Zum Programm<\/h3>\n\n\n\n<h4 class=\"wp-block-heading\">Europe's Path to the Stars<\/h4>\n\n\n\n<h5 class=\"wp-block-heading\"><em>\u00dcber die Europ\u00e4ische S\u00fcdsternwarte (ESO) und das bald gr\u00f6\u00dfte Teleskop der Welt<\/em><\/h5>\n\n\n\n<p>Europas Weg zu den Sternen nimmt die Zuschauer mit auf eine epische Reise hinter die Kulissen des leistungsst\u00e4rksten bodenbasierten Observatoriums der Welt und gibt Einblicke in die wissenschaftliche Arbeit, in die Geschichte, die Technik und die Menschen dahinter.<\/p>\n\n\n\n<p>Erfahren Sie mehr \u00fcber die Europ\u00e4ische S\u00fcdsternwarte in einer Geschichte von Neugier auf den Kosmos, von Mut und Ausdauer; eine Geschichte \u00fcber die Beobachtung eines Universums der R\u00e4tsel und Geheimnisse und \u00fcber Entwurf, Bau und Betrieb der leistungsst\u00e4rksten erdgebundenen Teleskope der Welt. Aktuell im Bau ist das ELT, das Extremely Large Telescope, das bald eine neuerliche Revolution der Himmelsbeobachtung darstellen wird.<\/p>\n\n\n\n<p>Der Film besch\u00e4ftigt sich mit den grundlegenden Aspekten eines astronomischen Observatoriums und gibt zugleich einen \u00dcberblick \u00fcber das Feld der Astronomie: beginnend mit der Standortuntersuchung, um den besten Platz f\u00fcr die Himmelsbeobachtung zu finden, bis hin zum Bau der Teleskope und deren Einsatz, wenn Astronomen die Mysterien des Universums aufdecken.<\/p>\n\n\n\n<p>Dauer der Veranstaltung: ca. 60 Minuten<br>Empfohlen ab 10 Jahren<\/p>\n\n\n\n<p>Einlass: ab 30 Min. vor Beginn.<br><strong><em>Bitte beachten: Kein Nacheinlass!<\/em><\/strong><br>Ungenutzte Tickets verfallen ersatzlos.<\/p>\n\n\n\n<div style=\"height:28px\" aria-hidden=\"true\" class=\"wp-block-spacer\"><\/div>\n\n\n\n<h3 class=\"wp-block-heading\" id=\"ontic\">Online-Ticketbuchung<\/h3>\n\n\n\n<p>\u00dcber folgendes Buchungstool k\u00f6nnen Sie ab sofort vorab Tickets buchen.<br>Wir empfehlen die Buchung von Online-Tickets, da aufgrund der begrenzten Platzzahl nicht garantiert werden kann, dass es Restkarten an der Abendkasse gibt.<\/p>\n\n\n\n<p><strong>Zeiten: s. Buchungskalender (Achtung: kein Nacheinlass!)<br>Ort: <a href=\"https:\/\/planet-ka.de\/en\/contact\/\" data-type=\"page\" data-id=\"154\" target=\"_blank\" rel=\"noreferrer noopener\">PLANET KA, Alter Schlachthof 4, 76131 Karlsruhe<\/a><\/strong><br><br>Einlass ab 30 Minuten vor Veranstaltungsbeginn. <br>Bitte beachten: <span style=\"text-decoration: underline;\">Kein Nacheinlass<\/span> m\u00f6glich!<\/p>\n\n\n\n<p><em><strong>NEU: Karten jetzt auch im Tourismus-B\u00fcro am Marktplatz kaufen!<\/strong><\/em><\/p>\n\n\n<noscript>\r\n\t<div class=\"pretix-widget-no-script\">\r\n        JavaScript is disabled in your browser. To access our ticket shop without JavaScript, please click <a target=\"_blank\" rel=\"noopener\" href=\"https:\/\/pretix.eu\/planetka\/etts\/\">here<\/a>.\t<\/div>\r\n<\/noscript>\r\n<pretix-widget event=\"https:\/\/pretix.eu\/planetka\/etts\/\" class=\"wp-block-pretix-widget\"><\/pretix-widget>\n\n\n<p>Sollte der Buchungskalender hier nicht richtig angezeigt werden, nutzen Sie bitte folgenden Link: <a href=\"https:\/\/pretix.eu\/planetka\/aliens\" target=\"_blank\" rel=\"noreferrer noopener\">https:\/\/pretix.eu\/planetka\/aliens<\/a><\/p>","protected":false},"excerpt":{"rendered":"<p>Zum Programm Europas Weg zu den Sternen \u00dcber die Europ\u00e4ische S\u00fcdsternwarte (ESO) und das bald gr\u00f6\u00dfte Teleskop der Welt Europas Weg zu den Sternen nimmt die Zuschauer mit auf eine epische Reise hinter die Kulissen des leistungsst\u00e4rksten bodenbasierten Observatoriums der<\/p>","protected":false},"author":1,"featured_media":0,"parent":0,"menu_order":0,"comment_status":"closed","ping_status":"closed","template":"","meta":{"footnotes":""},"class_list":["post-2502","page","type-page","status-publish","hentry","","tg-column-two"],"featured_image_src":null,"yoast_head":"<!-- This site is optimized with the Yoast SEO plugin v27.3 - https:\/\/yoast.com\/product\/yoast-seo-wordpress\/ -->\n<title>Europas Weg zu den Sternen - PLANET KA<\/title>\n<meta name=\"robots\" content=\"index, follow, max-snippet:-1, max-image-preview:large, max-video-preview:-1\" \/>\n<link rel=\"canonical\" href=\"https:\/\/planet-ka.de\/en\/europas-weg-zu-den-sternen\/\" \/>\n<meta property=\"og:locale\" content=\"en_US\" \/>\n<meta property=\"og:type\" content=\"article\" \/>\n<meta property=\"og:title\" content=\"Europas Weg zu den Sternen - PLANET KA\" \/>\n<meta property=\"og:description\" content=\"Zum Programm Europas Weg zu den Sternen \u00dcber die Europ\u00e4ische S\u00fcdsternwarte (ESO) und das bald gr\u00f6\u00dfte Teleskop der Welt Europas Weg zu den Sternen nimmt die Zuschauer mit auf eine epische Reise hinter die Kulissen des leistungsst\u00e4rksten bodenbasierten Observatoriums der\" \/>\n<meta property=\"og:url\" content=\"https:\/\/planet-ka.de\/en\/europas-weg-zu-den-sternen\/\" \/>\n<meta property=\"og:site_name\" content=\"PLANET KA\" \/>\n<meta property=\"article:publisher\" content=\"https:\/\/www.facebook.com\/people\/Planet-KA-Planetarium-Karlsruhe\/61573710254024\/\" \/>\n<meta property=\"article:modified_time\" content=\"2025-05-22T19:49:05+00:00\" \/>\n<meta property=\"og:image\" content=\"https:\/\/planet-ka.de\/wp-content\/uploads\/2025\/05\/ETTS-titel.jpg\" \/>\n<script type=\"application\/ld+json\" class=\"yoast-schema-graph\">{\"@context\":\"https:\\\/\\\/schema.org\",\"@graph\":[{\"@type\":\"WebPage\",\"@id\":\"https:\\\/\\\/planet-ka.de\\\/europas-weg-zu-den-sternen\\\/\",\"url\":\"https:\\\/\\\/planet-ka.de\\\/europas-weg-zu-den-sternen\\\/\",\"name\":\"Europas Weg zu den Sternen - PLANET KA\",\"isPartOf\":{\"@id\":\"https:\\\/\\\/planet-ka.de\\\/#website\"},\"primaryImageOfPage\":{\"@id\":\"https:\\\/\\\/planet-ka.de\\\/europas-weg-zu-den-sternen\\\/#primaryimage\"},\"image\":{\"@id\":\"https:\\\/\\\/planet-ka.de\\\/europas-weg-zu-den-sternen\\\/#primaryimage\"},\"thumbnailUrl\":\"https:\\\/\\\/planet-ka.de\\\/wp-content\\\/uploads\\\/2025\\\/05\\\/ETTS-titel.jpg\",\"datePublished\":\"2025-05-22T12:36:48+00:00\",\"dateModified\":\"2025-05-22T19:49:05+00:00\",\"breadcrumb\":{\"@id\":\"https:\\\/\\\/planet-ka.de\\\/europas-weg-zu-den-sternen\\\/#breadcrumb\"},\"inLanguage\":\"en-US\",\"potentialAction\":[{\"@type\":\"ReadAction\",\"target\":[\"https:\\\/\\\/planet-ka.de\\\/europas-weg-zu-den-sternen\\\/\"]}]},{\"@type\":\"ImageObject\",\"inLanguage\":\"en-US\",\"@id\":\"https:\\\/\\\/planet-ka.de\\\/europas-weg-zu-den-sternen\\\/#primaryimage\",\"url\":\"https:\\\/\\\/planet-ka.de\\\/wp-content\\\/uploads\\\/2025\\\/05\\\/ETTS-titel.jpg\",\"contentUrl\":\"https:\\\/\\\/planet-ka.de\\\/wp-content\\\/uploads\\\/2025\\\/05\\\/ETTS-titel.jpg\"},{\"@type\":\"BreadcrumbList\",\"@id\":\"https:\\\/\\\/planet-ka.de\\\/europas-weg-zu-den-sternen\\\/#breadcrumb\",\"itemListElement\":[{\"@type\":\"ListItem\",\"position\":1,\"name\":\"Startseite\",\"item\":\"https:\\\/\\\/planet-ka.de\\\/\"},{\"@type\":\"ListItem\",\"position\":2,\"name\":\"Europas Weg zu den Sternen\"}]},{\"@type\":\"WebSite\",\"@id\":\"https:\\\/\\\/planet-ka.de\\\/#website\",\"url\":\"https:\\\/\\\/planet-ka.de\\\/\",\"name\":\"PLANET KA\",\"description\":\"Faszination Kosmos\",\"publisher\":{\"@id\":\"https:\\\/\\\/planet-ka.de\\\/#organization\"},\"potentialAction\":[{\"@type\":\"SearchAction\",\"target\":{\"@type\":\"EntryPoint\",\"urlTemplate\":\"https:\\\/\\\/planet-ka.de\\\/?s={search_term_string}\"},\"query-input\":{\"@type\":\"PropertyValueSpecification\",\"valueRequired\":true,\"valueName\":\"search_term_string\"}}],\"inLanguage\":\"en-US\"},{\"@type\":\"Organization\",\"@id\":\"https:\\\/\\\/planet-ka.de\\\/#organization\",\"name\":\"PLANET KA\",\"url\":\"https:\\\/\\\/planet-ka.de\\\/\",\"logo\":{\"@type\":\"ImageObject\",\"inLanguage\":\"en-US\",\"@id\":\"https:\\\/\\\/planet-ka.de\\\/#\\\/schema\\\/logo\\\/image\\\/\",\"url\":\"https:\\\/\\\/planet-ka.de\\\/wp-content\\\/uploads\\\/2025\\\/03\\\/cropped-Logo-Banner-Website-Jan-25_19.png\",\"contentUrl\":\"https:\\\/\\\/planet-ka.de\\\/wp-content\\\/uploads\\\/2025\\\/03\\\/cropped-Logo-Banner-Website-Jan-25_19.png\",\"width\":225,\"height\":66,\"caption\":\"PLANET KA\"},\"image\":{\"@id\":\"https:\\\/\\\/planet-ka.de\\\/#\\\/schema\\\/logo\\\/image\\\/\"},\"sameAs\":[\"https:\\\/\\\/www.facebook.com\\\/people\\\/Planet-KA-Planetarium-Karlsruhe\\\/61573710254024\\\/\",\"https:\\\/\\\/www.instagram.com\\\/planetarium_karlsruhe\\\/\"]}]}<\/script>\n<!-- \/ Yoast SEO plugin. -->","yoast_head_json":{"title":"Europas Weg zu den Sternen - PLANET KA","robots":{"index":"index","follow":"follow","max-snippet":"max-snippet:-1","max-image-preview":"max-image-preview:large","max-video-preview":"max-video-preview:-1"},"canonical":"https:\/\/planet-ka.de\/en\/europas-weg-zu-den-sternen\/","og_locale":"en_US","og_type":"article","og_title":"Europas Weg zu den Sternen - PLANET KA","og_description":"Zum Programm Europas Weg zu den Sternen \u00dcber die Europ\u00e4ische S\u00fcdsternwarte (ESO) und das bald gr\u00f6\u00dfte Teleskop der Welt Europas Weg zu den Sternen nimmt die Zuschauer mit auf eine epische Reise hinter die Kulissen des leistungsst\u00e4rksten bodenbasierten Observatoriums der","og_url":"https:\/\/planet-ka.de\/en\/europas-weg-zu-den-sternen\/","og_site_name":"PLANET KA","article_publisher":"https:\/\/www.facebook.com\/people\/Planet-KA-Planetarium-Karlsruhe\/61573710254024\/","article_modified_time":"2025-05-22T19:49:05+00:00","og_image":[{"url":"https:\/\/planet-ka.de\/wp-content\/uploads\/2025\/05\/ETTS-titel.jpg","type":"","width":"","height":""}],"schema":{"@context":"https:\/\/schema.org","@graph":[{"@type":"WebPage","@id":"https:\/\/planet-ka.de\/europas-weg-zu-den-sternen\/","url":"https:\/\/planet-ka.de\/europas-weg-zu-den-sternen\/","name":"Europas Weg zu den Sternen - PLANET KA","isPartOf":{"@id":"https:\/\/planet-ka.de\/#website"},"primaryImageOfPage":{"@id":"https:\/\/planet-ka.de\/europas-weg-zu-den-sternen\/#primaryimage"},"image":{"@id":"https:\/\/planet-ka.de\/europas-weg-zu-den-sternen\/#primaryimage"},"thumbnailUrl":"https:\/\/planet-ka.de\/wp-content\/uploads\/2025\/05\/ETTS-titel.jpg","datePublished":"2025-05-22T12:36:48+00:00","dateModified":"2025-05-22T19:49:05+00:00","breadcrumb":{"@id":"https:\/\/planet-ka.de\/europas-weg-zu-den-sternen\/#breadcrumb"},"inLanguage":"en-US","potentialAction":[{"@type":"ReadAction","target":["https:\/\/planet-ka.de\/europas-weg-zu-den-sternen\/"]}]},{"@type":"ImageObject","inLanguage":"en-US","@id":"https:\/\/planet-ka.de\/europas-weg-zu-den-sternen\/#primaryimage","url":"https:\/\/planet-ka.de\/wp-content\/uploads\/2025\/05\/ETTS-titel.jpg","contentUrl":"https:\/\/planet-ka.de\/wp-content\/uploads\/2025\/05\/ETTS-titel.jpg"},{"@type":"BreadcrumbList","@id":"https:\/\/planet-ka.de\/europas-weg-zu-den-sternen\/#breadcrumb","itemListElement":[{"@type":"ListItem","position":1,"name":"Startseite","item":"https:\/\/planet-ka.de\/"},{"@type":"ListItem","position":2,"name":"Europas Weg zu den Sternen"}]},{"@type":"WebSite","@id":"https:\/\/planet-ka.de\/#website","url":"https:\/\/planet-ka.de\/","name":"PLANET KA","description":"Cosmic Fascination","publisher":{"@id":"https:\/\/planet-ka.de\/#organization"},"potentialAction":[{"@type":"SearchAction","target":{"@type":"EntryPoint","urlTemplate":"https:\/\/planet-ka.de\/?s={search_term_string}"},"query-input":{"@type":"PropertyValueSpecification","valueRequired":true,"valueName":"search_term_string"}}],"inLanguage":"en-US"},{"@type":"Organization","@id":"https:\/\/planet-ka.de\/#organization","name":"PLANET KA","url":"https:\/\/planet-ka.de\/","logo":{"@type":"ImageObject","inLanguage":"en-US","@id":"https:\/\/planet-ka.de\/#\/schema\/logo\/image\/","url":"https:\/\/planet-ka.de\/wp-content\/uploads\/2025\/03\/cropped-Logo-Banner-Website-Jan-25_19.png","contentUrl":"https:\/\/planet-ka.de\/wp-content\/uploads\/2025\/03\/cropped-Logo-Banner-Website-Jan-25_19.png","width":225,"height":66,"caption":"PLANET KA"},"image":{"@id":"https:\/\/planet-ka.de\/#\/schema\/logo\/image\/"},"sameAs":["https:\/\/www.facebook.com\/people\/Planet-KA-Planetarium-Karlsruhe\/61573710254024\/","https:\/\/www.instagram.com\/planetarium_karlsruhe\/"]}]}},"_links":{"self":[{"href":"https:\/\/planet-ka.de\/en\/wp-json\/wp\/v2\/pages\/2502","targetHints":{"allow":["GET"]}}],"collection":[{"href":"https:\/\/planet-ka.de\/en\/wp-json\/wp\/v2\/pages"}],"about":[{"href":"https:\/\/planet-ka.de\/en\/wp-json\/wp\/v2\/types\/page"}],"author":[{"embeddable":true,"href":"https:\/\/planet-ka.de\/en\/wp-json\/wp\/v2\/users\/1"}],"replies":[{"embeddable":true,"href":"https:\/\/planet-ka.de\/en\/wp-json\/wp\/v2\/comments?post=2502"}],"version-history":[{"count":2,"href":"https:\/\/planet-ka.de\/en\/wp-json\/wp\/v2\/pages\/2502\/revisions"}],"predecessor-version":[{"id":2511,"href":"https:\/\/planet-ka.de\/en\/wp-json\/wp\/v2\/pages\/2502\/revisions\/2511"}],"wp:attachment":[{"href":"https:\/\/planet-ka.de\/en\/wp-json\/wp\/v2\/media?parent=2502"}],"curies":[{"name":"wp","href":"https:\/\/api.w.org\/{rel}","templated":true}]}}