{"id":2551,"date":"2025-06-11T02:03:25","date_gmt":"2025-06-11T00:03:25","guid":{"rendered":"https:\/\/planet-ka.de\/?page_id=2551"},"modified":"2025-06-11T02:03:25","modified_gmt":"2025-06-11T00:03:25","slug":"von-der-erde-zum-universum","status":"publish","type":"page","link":"https:\/\/planet-ka.de\/en\/von-der-erde-zum-universum\/","title":{"rendered":"From the Earth to the Universe"},"content":{"rendered":"<div class=\"wp-block-media-text is-stacked-on-mobile\" style=\"grid-template-columns:49% auto\"><figure  class=\"wp-block-media-text__media\"><img loading=\"lazy\" decoding=\"async\" width=\"1280\" height=\"1810\" alt=\"\" src=\"https:\/\/planet-ka.de\/wp-content\/uploads\/2025\/06\/poster_fettu_de.jpg\" class=\"wp-image-2552 size-full\" srcset=\"https:\/\/planet-ka.de\/wp-content\/uploads\/2025\/06\/poster_fettu_de.jpg 1280w, https:\/\/planet-ka.de\/wp-content\/uploads\/2025\/06\/poster_fettu_de-212x300.jpg 212w, https:\/\/planet-ka.de\/wp-content\/uploads\/2025\/06\/poster_fettu_de-724x1024.jpg 724w, https:\/\/planet-ka.de\/wp-content\/uploads\/2025\/06\/poster_fettu_de-768x1086.jpg 768w, https:\/\/planet-ka.de\/wp-content\/uploads\/2025\/06\/poster_fettu_de-1086x1536.jpg 1086w\" sizes=\"auto, (max-width: 1280px) 100vw, 1280px\" \/><\/figure><div class=\"wp-block-media-text__content\">\n<h3 class=\"wp-block-heading\">From the Earth to the Universe<\/h3>\n\n\n\n<h5 class=\"wp-block-heading\"><em>Eine bildgewaltige Reise durch Raum und Zeit f\u00fcr die ganze Familie<\/em><\/h5>\n\n\n\n<p><\/p>\n\n\n\n<div style=\"height:20px\" aria-hidden=\"true\" class=\"wp-block-spacer\"><\/div>\n\n\n\n<div class=\"wp-block-buttons is-content-justification-center is-layout-flex wp-container-core-buttons-is-layout-16018d1d wp-block-buttons-is-layout-flex\">\n<div class=\"wp-block-button has-custom-font-size is-style-outline is-style-outline--1\" style=\"font-size:15px\"><a class=\"wp-block-button__link wp-element-button\" href=\"#ontic\">Jetzt Ticket buchen!<\/a><\/div>\n<\/div>\n<\/div><\/div>\n\n\n\n<div style=\"height:42px\" aria-hidden=\"true\" class=\"wp-block-spacer\"><\/div>\n\n\n\n<h3 class=\"wp-block-heading\">Zum Programm<\/h3>\n\n\n\n<h4 class=\"wp-block-heading\">From the Earth to the Universe<\/h4>\n\n\n\n<h5 class=\"wp-block-heading\"><em>Eine bildgewaltige Reise durch Raum und Zeit &#8211; f\u00fcr die ganze Familie<\/em><\/h5>\n\n\n\n<p>Der Nachthimmel, wundersch\u00f6n und mysteri\u00f6s zugleich, stand schon zu Anbeginn der Menschheit im Mittelpunkt von Lagerfeuergeschichten und alten Mythen. Der Wunsch, das Universum zu verstehen, ist vielleicht das \u00e4lteste gemeinsame intellektuelle Bestreben der Menschen. Doch erst vor Kurzem haben wir begonnen unseren Platz im Kosmos zu verstehen. In Von der Erde zum Universum laden wir Sie ein, an der Entdeckungsreise des Himmels teilzunehmen. Sie beginnt bei den Theorien der alten griechischen Astronomen und f\u00fchrt bis zu den riesigen Teleskopen der Gegenwart. Diese Reise durch Raum und Zeit zeigt uns mit faszinierenden Bildern und Soundeffekten das Universum, wie die Wissenschaft es uns seit Erfindung des Teleskops zug\u00e4nglich gemacht hat.<\/p>\n\n\n\n<p>Regie f\u00fchrte der junge griechische Regisseur Theofanis N. Matsopoulos, der mitrei\u00dfende Soundtrack stammt vom norwegischen Komponisten Johan B. Monell.<\/p>\n\n\n\n<p>Matsopoulos beschreibt den Film als \u201eeine farbenpr\u00e4chtige und inspirierende Reise, deren Bilder beeindrucken und f\u00fcr sich selbst sprechen, da sie den Ehrgeiz der Menschheit widerspiegeln, der uns bei der Beobachtung und dem Verst\u00e4ndnis des Universums so weit gebracht hat.\u201c<\/p>\n\n\n\n<p>Die deutsche Version von Von der Erde zum Universum wurde vom Planetarium Hamburg produziert. Thomas W. Kraupe \u00fcbersetzte das Skript und Regina Lemnitz ist die Sprecherin, aufgenommen am Primetime Studio in Hamburg.<\/p>\n\n\n\n<p>Dauer der Veranstaltung: ca. 60 Minuten<br>Empfohlen ab ca. 10 Jahren<\/p>\n\n\n\n<p>Einlass: ca. 30 Min. vor Beginn.<br><strong><em>Bitte beachten: Kein Nacheinlass m\u00f6glich!<\/em><\/strong><br>Ungenutzte Tickets verfallen ersatzlos.<\/p>\n\n\n\n<div style=\"height:23px\" aria-hidden=\"true\" class=\"wp-block-spacer\"><\/div>\n\n\n\n<h3 class=\"wp-block-heading\" id=\"ontic\">Online-Ticketbuchung<\/h3>\n\n\n\n<p>\u00dcber folgendes Buchungstool k\u00f6nnen Sie ab sofort vorab Tickets buchen.<br>Wir empfehlen die Buchung von Online-Tickets, da aufgrund der begrenzten Platzzahl nicht garantiert werden kann, dass es Restkarten an der Abendkasse gibt.<\/p>\n\n\n\n<p><strong>Zeiten: s. Buchungskalender (Achtung: kein Nacheinlass!)<br>Ort: <a href=\"https:\/\/planet-ka.de\/en\/contact\/\" data-type=\"page\" data-id=\"154\" target=\"_blank\" rel=\"noreferrer noopener\">PLANET KA, Alter Schlachthof 4, 76131 Karlsruhe<\/a><\/strong><br><br>Einlass ab 30 Minuten vor Veranstaltungsbeginn. <br>Bitte beachten: <span style=\"text-decoration: underline;\">Kein Nacheinlass<\/span> m\u00f6glich!<\/p>\n\n\n\n<p><em><strong>NEU: Karten jetzt auch im Tourismus-B\u00fcro am Marktplatz kaufen!<\/strong><\/em><\/p>\n\n\n<noscript>\r\n\t<div class=\"pretix-widget-no-script\">\r\n        JavaScript is disabled in your browser. To access our ticket shop without JavaScript, please click <a target=\"_blank\" rel=\"noopener\" href=\"https:\/\/pretix.eu\/planetka\/fettu\/\">here<\/a>.\t<\/div>\r\n<\/noscript>\r\n<pretix-widget event=\"https:\/\/pretix.eu\/planetka\/fettu\/\" class=\"wp-block-pretix-widget\"><\/pretix-widget>\n\n\n<p>Sollte der Buchungskalender hier nicht richtig angezeigt werden, nutzen Sie bitte folgenden Link: <a href=\"https:\/\/pretix.eu\/planetka\/aliens\" target=\"_blank\" rel=\"noreferrer noopener\">https:\/\/pretix.eu\/planetka<\/a><\/p>","protected":false},"excerpt":{"rendered":"<p>Zum Programm Von der Erde zum Universum Eine bildgewaltige Reise durch Raum und Zeit &#8211; f\u00fcr die ganze Familie Der Nachthimmel, wundersch\u00f6n und mysteri\u00f6s zugleich, stand schon zu Anbeginn der Menschheit im Mittelpunkt von Lagerfeuergeschichten und alten Mythen. Der Wunsch,<\/p>","protected":false},"author":1,"featured_media":2552,"parent":0,"menu_order":0,"comment_status":"closed","ping_status":"closed","template":"","meta":{"footnotes":""},"class_list":["post-2551","page","type-page","status-publish","has-post-thumbnail","hentry","","tg-column-two"],"featured_image_src":"https:\/\/planet-ka.de\/wp-content\/uploads\/2025\/06\/poster_fettu_de.jpg","yoast_head":"<!-- This site is optimized with the Yoast SEO plugin v27.3 - https:\/\/yoast.com\/product\/yoast-seo-wordpress\/ -->\n<title>Von der Erde zum Universum - PLANET KA<\/title>\n<meta name=\"robots\" content=\"index, follow, max-snippet:-1, max-image-preview:large, max-video-preview:-1\" \/>\n<link rel=\"canonical\" href=\"https:\/\/planet-ka.de\/en\/von-der-erde-zum-universum\/\" \/>\n<meta property=\"og:locale\" content=\"en_US\" \/>\n<meta property=\"og:type\" content=\"article\" \/>\n<meta property=\"og:title\" content=\"Von der Erde zum Universum - PLANET KA\" \/>\n<meta property=\"og:description\" content=\"Zum Programm Von der Erde zum Universum Eine bildgewaltige Reise durch Raum und Zeit &#8211; f\u00fcr die ganze Familie Der Nachthimmel, wundersch\u00f6n und mysteri\u00f6s zugleich, stand schon zu Anbeginn der Menschheit im Mittelpunkt von Lagerfeuergeschichten und alten Mythen. Der Wunsch,\" \/>\n<meta property=\"og:url\" content=\"https:\/\/planet-ka.de\/en\/von-der-erde-zum-universum\/\" \/>\n<meta property=\"og:site_name\" content=\"PLANET KA\" \/>\n<meta property=\"article:publisher\" content=\"https:\/\/www.facebook.com\/people\/Planet-KA-Planetarium-Karlsruhe\/61573710254024\/\" \/>\n<meta property=\"og:image\" content=\"https:\/\/planet-ka.de\/wp-content\/uploads\/2025\/06\/poster_fettu_de.jpg\" \/>\n\t<meta property=\"og:image:width\" content=\"1280\" \/>\n\t<meta property=\"og:image:height\" content=\"1810\" \/>\n\t<meta property=\"og:image:type\" content=\"image\/jpeg\" \/>\n<script type=\"application\/ld+json\" class=\"yoast-schema-graph\">{\"@context\":\"https:\\\/\\\/schema.org\",\"@graph\":[{\"@type\":\"WebPage\",\"@id\":\"https:\\\/\\\/planet-ka.de\\\/von-der-erde-zum-universum\\\/\",\"url\":\"https:\\\/\\\/planet-ka.de\\\/von-der-erde-zum-universum\\\/\",\"name\":\"Von der Erde zum Universum - PLANET KA\",\"isPartOf\":{\"@id\":\"https:\\\/\\\/planet-ka.de\\\/#website\"},\"primaryImageOfPage\":{\"@id\":\"https:\\\/\\\/planet-ka.de\\\/von-der-erde-zum-universum\\\/#primaryimage\"},\"image\":{\"@id\":\"https:\\\/\\\/planet-ka.de\\\/von-der-erde-zum-universum\\\/#primaryimage\"},\"thumbnailUrl\":\"https:\\\/\\\/planet-ka.de\\\/wp-content\\\/uploads\\\/2025\\\/06\\\/poster_fettu_de.jpg\",\"datePublished\":\"2025-06-11T00:03:25+00:00\",\"breadcrumb\":{\"@id\":\"https:\\\/\\\/planet-ka.de\\\/von-der-erde-zum-universum\\\/#breadcrumb\"},\"inLanguage\":\"en-US\",\"potentialAction\":[{\"@type\":\"ReadAction\",\"target\":[\"https:\\\/\\\/planet-ka.de\\\/von-der-erde-zum-universum\\\/\"]}]},{\"@type\":\"ImageObject\",\"inLanguage\":\"en-US\",\"@id\":\"https:\\\/\\\/planet-ka.de\\\/von-der-erde-zum-universum\\\/#primaryimage\",\"url\":\"https:\\\/\\\/planet-ka.de\\\/wp-content\\\/uploads\\\/2025\\\/06\\\/poster_fettu_de.jpg\",\"contentUrl\":\"https:\\\/\\\/planet-ka.de\\\/wp-content\\\/uploads\\\/2025\\\/06\\\/poster_fettu_de.jpg\",\"width\":1280,\"height\":1810,\"caption\":\"Poster for the planetarium show: From Earth to the Universe. This stunning 30-minute voyage through space and time \u2014 the world\u2019s first free downloadable fulldome planetarium movie \u2014 conveys, through sparkling sights and sounds, the Universe as revealed to us by science. Click here for English version.\"},{\"@type\":\"BreadcrumbList\",\"@id\":\"https:\\\/\\\/planet-ka.de\\\/von-der-erde-zum-universum\\\/#breadcrumb\",\"itemListElement\":[{\"@type\":\"ListItem\",\"position\":1,\"name\":\"Startseite\",\"item\":\"https:\\\/\\\/planet-ka.de\\\/\"},{\"@type\":\"ListItem\",\"position\":2,\"name\":\"Von der Erde zum Universum\"}]},{\"@type\":\"WebSite\",\"@id\":\"https:\\\/\\\/planet-ka.de\\\/#website\",\"url\":\"https:\\\/\\\/planet-ka.de\\\/\",\"name\":\"PLANET KA\",\"description\":\"Faszination Kosmos\",\"publisher\":{\"@id\":\"https:\\\/\\\/planet-ka.de\\\/#organization\"},\"potentialAction\":[{\"@type\":\"SearchAction\",\"target\":{\"@type\":\"EntryPoint\",\"urlTemplate\":\"https:\\\/\\\/planet-ka.de\\\/?s={search_term_string}\"},\"query-input\":{\"@type\":\"PropertyValueSpecification\",\"valueRequired\":true,\"valueName\":\"search_term_string\"}}],\"inLanguage\":\"en-US\"},{\"@type\":\"Organization\",\"@id\":\"https:\\\/\\\/planet-ka.de\\\/#organization\",\"name\":\"PLANET KA\",\"url\":\"https:\\\/\\\/planet-ka.de\\\/\",\"logo\":{\"@type\":\"ImageObject\",\"inLanguage\":\"en-US\",\"@id\":\"https:\\\/\\\/planet-ka.de\\\/#\\\/schema\\\/logo\\\/image\\\/\",\"url\":\"https:\\\/\\\/planet-ka.de\\\/wp-content\\\/uploads\\\/2025\\\/03\\\/cropped-Logo-Banner-Website-Jan-25_19.png\",\"contentUrl\":\"https:\\\/\\\/planet-ka.de\\\/wp-content\\\/uploads\\\/2025\\\/03\\\/cropped-Logo-Banner-Website-Jan-25_19.png\",\"width\":225,\"height\":66,\"caption\":\"PLANET KA\"},\"image\":{\"@id\":\"https:\\\/\\\/planet-ka.de\\\/#\\\/schema\\\/logo\\\/image\\\/\"},\"sameAs\":[\"https:\\\/\\\/www.facebook.com\\\/people\\\/Planet-KA-Planetarium-Karlsruhe\\\/61573710254024\\\/\",\"https:\\\/\\\/www.instagram.com\\\/planetarium_karlsruhe\\\/\"]}]}<\/script>\n<!-- \/ Yoast SEO plugin. -->","yoast_head_json":{"title":"Von der Erde zum Universum - PLANET KA","robots":{"index":"index","follow":"follow","max-snippet":"max-snippet:-1","max-image-preview":"max-image-preview:large","max-video-preview":"max-video-preview:-1"},"canonical":"https:\/\/planet-ka.de\/en\/von-der-erde-zum-universum\/","og_locale":"en_US","og_type":"article","og_title":"Von der Erde zum Universum - PLANET KA","og_description":"Zum Programm Von der Erde zum Universum Eine bildgewaltige Reise durch Raum und Zeit &#8211; f\u00fcr die ganze Familie Der Nachthimmel, wundersch\u00f6n und mysteri\u00f6s zugleich, stand schon zu Anbeginn der Menschheit im Mittelpunkt von Lagerfeuergeschichten und alten Mythen. Der Wunsch,","og_url":"https:\/\/planet-ka.de\/en\/von-der-erde-zum-universum\/","og_site_name":"PLANET KA","article_publisher":"https:\/\/www.facebook.com\/people\/Planet-KA-Planetarium-Karlsruhe\/61573710254024\/","og_image":[{"width":1280,"height":1810,"url":"https:\/\/planet-ka.de\/wp-content\/uploads\/2025\/06\/poster_fettu_de.jpg","type":"image\/jpeg"}],"schema":{"@context":"https:\/\/schema.org","@graph":[{"@type":"WebPage","@id":"https:\/\/planet-ka.de\/von-der-erde-zum-universum\/","url":"https:\/\/planet-ka.de\/von-der-erde-zum-universum\/","name":"Von der Erde zum Universum - PLANET KA","isPartOf":{"@id":"https:\/\/planet-ka.de\/#website"},"primaryImageOfPage":{"@id":"https:\/\/planet-ka.de\/von-der-erde-zum-universum\/#primaryimage"},"image":{"@id":"https:\/\/planet-ka.de\/von-der-erde-zum-universum\/#primaryimage"},"thumbnailUrl":"https:\/\/planet-ka.de\/wp-content\/uploads\/2025\/06\/poster_fettu_de.jpg","datePublished":"2025-06-11T00:03:25+00:00","breadcrumb":{"@id":"https:\/\/planet-ka.de\/von-der-erde-zum-universum\/#breadcrumb"},"inLanguage":"en-US","potentialAction":[{"@type":"ReadAction","target":["https:\/\/planet-ka.de\/von-der-erde-zum-universum\/"]}]},{"@type":"ImageObject","inLanguage":"en-US","@id":"https:\/\/planet-ka.de\/von-der-erde-zum-universum\/#primaryimage","url":"https:\/\/planet-ka.de\/wp-content\/uploads\/2025\/06\/poster_fettu_de.jpg","contentUrl":"https:\/\/planet-ka.de\/wp-content\/uploads\/2025\/06\/poster_fettu_de.jpg","width":1280,"height":1810,"caption":"Poster for the planetarium show: From Earth to the Universe. This stunning 30-minute voyage through space and time \u2014 the world\u2019s first free downloadable fulldome planetarium movie \u2014 conveys, through sparkling sights and sounds, the Universe as revealed to us by science. Click here for English version."},{"@type":"BreadcrumbList","@id":"https:\/\/planet-ka.de\/von-der-erde-zum-universum\/#breadcrumb","itemListElement":[{"@type":"ListItem","position":1,"name":"Startseite","item":"https:\/\/planet-ka.de\/"},{"@type":"ListItem","position":2,"name":"Von der Erde zum Universum"}]},{"@type":"WebSite","@id":"https:\/\/planet-ka.de\/#website","url":"https:\/\/planet-ka.de\/","name":"PLANET KA","description":"Cosmic Fascination","publisher":{"@id":"https:\/\/planet-ka.de\/#organization"},"potentialAction":[{"@type":"SearchAction","target":{"@type":"EntryPoint","urlTemplate":"https:\/\/planet-ka.de\/?s={search_term_string}"},"query-input":{"@type":"PropertyValueSpecification","valueRequired":true,"valueName":"search_term_string"}}],"inLanguage":"en-US"},{"@type":"Organization","@id":"https:\/\/planet-ka.de\/#organization","name":"PLANET KA","url":"https:\/\/planet-ka.de\/","logo":{"@type":"ImageObject","inLanguage":"en-US","@id":"https:\/\/planet-ka.de\/#\/schema\/logo\/image\/","url":"https:\/\/planet-ka.de\/wp-content\/uploads\/2025\/03\/cropped-Logo-Banner-Website-Jan-25_19.png","contentUrl":"https:\/\/planet-ka.de\/wp-content\/uploads\/2025\/03\/cropped-Logo-Banner-Website-Jan-25_19.png","width":225,"height":66,"caption":"PLANET KA"},"image":{"@id":"https:\/\/planet-ka.de\/#\/schema\/logo\/image\/"},"sameAs":["https:\/\/www.facebook.com\/people\/Planet-KA-Planetarium-Karlsruhe\/61573710254024\/","https:\/\/www.instagram.com\/planetarium_karlsruhe\/"]}]}},"_links":{"self":[{"href":"https:\/\/planet-ka.de\/en\/wp-json\/wp\/v2\/pages\/2551","targetHints":{"allow":["GET"]}}],"collection":[{"href":"https:\/\/planet-ka.de\/en\/wp-json\/wp\/v2\/pages"}],"about":[{"href":"https:\/\/planet-ka.de\/en\/wp-json\/wp\/v2\/types\/page"}],"author":[{"embeddable":true,"href":"https:\/\/planet-ka.de\/en\/wp-json\/wp\/v2\/users\/1"}],"replies":[{"embeddable":true,"href":"https:\/\/planet-ka.de\/en\/wp-json\/wp\/v2\/comments?post=2551"}],"version-history":[{"count":1,"href":"https:\/\/planet-ka.de\/en\/wp-json\/wp\/v2\/pages\/2551\/revisions"}],"predecessor-version":[{"id":2554,"href":"https:\/\/planet-ka.de\/en\/wp-json\/wp\/v2\/pages\/2551\/revisions\/2554"}],"wp:featuredmedia":[{"embeddable":true,"href":"https:\/\/planet-ka.de\/en\/wp-json\/wp\/v2\/media\/2552"}],"wp:attachment":[{"href":"https:\/\/planet-ka.de\/en\/wp-json\/wp\/v2\/media?parent=2551"}],"curies":[{"name":"wp","href":"https:\/\/api.w.org\/{rel}","templated":true}]}}