{"id":2602,"date":"2025-06-25T12:11:56","date_gmt":"2025-06-25T10:11:56","guid":{"rendered":"https:\/\/planet-ka.de\/?page_id=2602"},"modified":"2026-02-07T15:37:29","modified_gmt":"2026-02-07T14:37:29","slug":"zeitreise-vom-urknall-zum-menschen","status":"publish","type":"page","link":"https:\/\/planet-ka.de\/en\/zeitreise-vom-urknall-zum-menschen\/","title":{"rendered":"Zeitreise &#8211; Vom Urknall zum Menschen"},"content":{"rendered":"<div class=\"wp-block-media-text is-stacked-on-mobile\" style=\"grid-template-columns:49% auto\"><figure class=\"wp-block-media-text__media\"><img loading=\"lazy\" decoding=\"async\" width=\"1024\" height=\"683\" src=\"https:\/\/planet-ka.de\/wp-content\/uploads\/2026\/02\/Zeitreise_upscaled-1024x683.jpg\" alt=\"\" class=\"wp-image-3478 size-full\" srcset=\"https:\/\/planet-ka.de\/wp-content\/uploads\/2026\/02\/Zeitreise_upscaled-1024x683.jpg 1024w, https:\/\/planet-ka.de\/wp-content\/uploads\/2026\/02\/Zeitreise_upscaled-300x200.jpg 300w, https:\/\/planet-ka.de\/wp-content\/uploads\/2026\/02\/Zeitreise_upscaled-768x512.jpg 768w, https:\/\/planet-ka.de\/wp-content\/uploads\/2026\/02\/Zeitreise_upscaled.jpg 1440w\" sizes=\"auto, (max-width: 1024px) 100vw, 1024px\" \/><\/figure><div class=\"wp-block-media-text__content\">\n<h5 class=\"wp-block-heading\">Das Planetarium als kosmische Zeitmaschine<\/h5>\n\n\n\n<h2 class=\"wp-block-heading\">Zeitreise &#8211; Vom Urknall zum Menschen<\/h2>\n\n\n\n<p>Wie ist das Universum entstanden? Woher kommen wir?<br>In einer faszinierenden Reise durch Raum &amp; Zeit verfolgen wir die Entstehung von Sternen, Galaxien, unserer Sonne, ihrer Planeten und dem Mond bis hin zur Geschichte des Lebens auf der Erde bis heute.<\/p>\n\n\n\n<p><\/p>\n\n\n\n<div style=\"height:20px\" aria-hidden=\"true\" class=\"wp-block-spacer\"><\/div>\n\n\n\n<div class=\"wp-block-buttons is-content-justification-center is-layout-flex wp-container-core-buttons-is-layout-16018d1d wp-block-buttons-is-layout-flex\">\n<div class=\"wp-block-button is-style-outline is-style-outline--1\"><a class=\"wp-block-button__link has-custom-font-size wp-element-button\" href=\"#zeittic\" style=\"font-size:15px\">Jetzt Ticket buchen!<\/a><\/div>\n<\/div>\n<\/div><\/div>\n\n\n\n<div style=\"height:42px\" aria-hidden=\"true\" class=\"wp-block-spacer\"><\/div>\n\n\n\n<p>Link: <a href=\"https:\/\/planet-ka.de\/en\/programme-spielplan\/\" target=\"_blank\" rel=\"noreferrer noopener\">Hier<\/a> geht es zu den <a href=\"https:\/\/planet-ka.de\/en\/programme-spielplan\/\" target=\"_blank\" rel=\"noreferrer noopener\">weiteren Astronomieprogrammen<\/a>.<\/p>\n\n\n\n<div style=\"height:20px\" aria-hidden=\"true\" class=\"wp-block-spacer\"><\/div>\n\n\n\n<h4 class=\"wp-block-heading\">Zum Programm<\/h4>\n\n\n\n<p><strong><em>Wie ist das Weltall entstanden? Woher kommen die Sterne und Planeten? Wie begann das Leben auf der Erde? <\/em><\/strong><\/p>\n\n\n\n<p>Auf einer Zeitreise vom Beginn des Universums bis heute werden Sie Zeuge von der Geburt der ersten Sterne und der Entstehung der Milchstra\u00dfe. Sie erleben gewaltige Sternexplosionen, katastrophale Kometeneinschl\u00e4ge auf der Ur-Erde und die Entwicklung des Lebens.<\/p>\n\n\n\n<p>Um die dabei auftretenden unvorstellbar gro\u00dfen Zeitr\u00e4ume besser zu begreifen, denken wir uns die kosmische Geschichte auf die L\u00e4nge eines Jahres verk\u00fcrzt. Das Universum w\u00e4re demnach am 1. Januar entstanden und ein Tag entspr\u00e4che 40 Millionen Jahren in der Wirklichkeit. Das Aussterben der Dinosaurier vor 65 Millionen \u201erealen\u201c Jahren fiele auf den 30. Dezember des kosmischen Jahres und unsere heutige Zeit, in der wir das Weltall mit Teleskopen erforschen, auf den 31. Dezember kurz vor Mitternacht. Kommen Sie mit auf eine Reise durch rund 14 Milliarden Jahre Weltgeschichte!<br><br>Eine Produktion zehn deutscher Planetarien, unter anderem des Planetariums Mannheim, unter Federf\u00fchrung des&nbsp;LWL-Planetariums M\u00fcnster.<\/p>\n\n\n\n<p><br><em>Dauer der Veranstaltung ca. 60 Minuten<br>F\u00fcr Erwachsene und Kinder ab 10 Jahre<\/em><\/p>\n\n\n\n<div style=\"height:28px\" aria-hidden=\"true\" class=\"wp-block-spacer\"><\/div>\n\n\n\n<h3 class=\"wp-block-heading\" id=\"zeittic\">Online-Ticketbuchung<\/h3>\n\n\n\n<p>Wir empfehlen die Buchung von Online-Tickets, da aufgrund der begrenzten Platzzahl nicht garantiert werden kann, dass es Restkarten an der Abendkasse gibt.<\/p>\n\n\n\n<p><strong>Zeiten: s. Buchungskalender (Achtung: kein Nacheinlass!)<br>Ort: <a href=\"https:\/\/planet-ka.de\/en\/contact\/\" data-type=\"page\" data-id=\"154\" target=\"_blank\" rel=\"noreferrer noopener\">PLANET KA, Alter Schlachthof 4, 76131 Karlsruhe<\/a><\/strong><br><br>Einlass ab 30 Minuten vor Veranstaltungsbeginn. <br>Bitte beachten: <span style=\"text-decoration: underline;\">Kein Nacheinlass<\/span> m\u00f6glich!<\/p>\n\n\n\n<div style=\"height:9px\" aria-hidden=\"true\" class=\"wp-block-spacer\"><\/div>\n\n\n<noscript>\r\n\t<div class=\"pretix-widget-no-script\">\r\n        JavaScript is disabled in your browser. To access our ticket shop without JavaScript, please click <a target=\"_blank\" rel=\"noopener\" href=\"https:\/\/pretix.eu\/planetka\/zeitreise\/\">here<\/a>.\t<\/div>\r\n<\/noscript>\r\n<pretix-widget event=\"https:\/\/pretix.eu\/planetka\/zeitreise\/\" class=\"wp-block-pretix-widget\"><\/pretix-widget>\n\n\n<p>Sollte der Buchungskalender hier nicht richtig angezeigt werden, nutzen Sie bitte folgenden Link: <a href=\"https:\/\/pretix.eu\/planetka\/zeitreise\" target=\"_blank\" rel=\"noreferrer noopener\">https:\/\/pretix.eu\/planetka\/zeitreise\/<\/a><\/p>","protected":false},"excerpt":{"rendered":"<p>Link: Hier geht es zu den weiteren Astronomieprogrammen. Zum Programm Wie ist das Weltall entstanden? Woher kommen die Sterne und Planeten? Wie begann das Leben auf der Erde? Auf einer Zeitreise vom Beginn des Universums bis heute werden Sie Zeuge<\/p>","protected":false},"author":1,"featured_media":2603,"parent":0,"menu_order":0,"comment_status":"closed","ping_status":"closed","template":"","meta":{"footnotes":""},"class_list":["post-2602","page","type-page","status-publish","has-post-thumbnail","hentry","","tg-column-two"],"featured_image_src":"https:\/\/planet-ka.de\/wp-content\/uploads\/2025\/06\/Zeitreise_900x600.jpg","yoast_head":"<!-- This site is optimized with the Yoast SEO plugin v27.3 - https:\/\/yoast.com\/product\/yoast-seo-wordpress\/ -->\n<title>Zeitreise - Vom Urknall zum Menschen - PLANET KA<\/title>\n<meta name=\"robots\" content=\"index, follow, max-snippet:-1, max-image-preview:large, max-video-preview:-1\" \/>\n<link rel=\"canonical\" href=\"https:\/\/planet-ka.de\/en\/zeitreise-vom-urknall-zum-menschen\/\" \/>\n<meta property=\"og:locale\" content=\"en_US\" \/>\n<meta property=\"og:type\" content=\"article\" \/>\n<meta property=\"og:title\" content=\"Zeitreise - Vom Urknall zum Menschen - PLANET KA\" \/>\n<meta property=\"og:description\" content=\"Link: Hier geht es zu den weiteren Astronomieprogrammen. Zum Programm Wie ist das Weltall entstanden? Woher kommen die Sterne und Planeten? Wie begann das Leben auf der Erde? Auf einer Zeitreise vom Beginn des Universums bis heute werden Sie Zeuge\" \/>\n<meta property=\"og:url\" content=\"https:\/\/planet-ka.de\/en\/zeitreise-vom-urknall-zum-menschen\/\" \/>\n<meta property=\"og:site_name\" content=\"PLANET KA\" \/>\n<meta property=\"article:publisher\" content=\"https:\/\/www.facebook.com\/people\/Planet-KA-Planetarium-Karlsruhe\/61573710254024\/\" \/>\n<meta property=\"article:modified_time\" content=\"2026-02-07T14:37:29+00:00\" \/>\n<meta property=\"og:image\" content=\"https:\/\/planet-ka.de\/wp-content\/uploads\/2025\/06\/Zeitreise_900x600.jpg\" \/>\n\t<meta property=\"og:image:width\" content=\"900\" \/>\n\t<meta property=\"og:image:height\" content=\"600\" \/>\n\t<meta property=\"og:image:type\" content=\"image\/jpeg\" \/>\n<script type=\"application\/ld+json\" class=\"yoast-schema-graph\">{\"@context\":\"https:\\\/\\\/schema.org\",\"@graph\":[{\"@type\":\"WebPage\",\"@id\":\"https:\\\/\\\/planet-ka.de\\\/zeitreise-vom-urknall-zum-menschen\\\/\",\"url\":\"https:\\\/\\\/planet-ka.de\\\/zeitreise-vom-urknall-zum-menschen\\\/\",\"name\":\"Zeitreise - Vom Urknall zum Menschen - PLANET KA\",\"isPartOf\":{\"@id\":\"https:\\\/\\\/planet-ka.de\\\/#website\"},\"primaryImageOfPage\":{\"@id\":\"https:\\\/\\\/planet-ka.de\\\/zeitreise-vom-urknall-zum-menschen\\\/#primaryimage\"},\"image\":{\"@id\":\"https:\\\/\\\/planet-ka.de\\\/zeitreise-vom-urknall-zum-menschen\\\/#primaryimage\"},\"thumbnailUrl\":\"https:\\\/\\\/planet-ka.de\\\/wp-content\\\/uploads\\\/2025\\\/06\\\/Zeitreise_900x600.jpg\",\"datePublished\":\"2025-06-25T10:11:56+00:00\",\"dateModified\":\"2026-02-07T14:37:29+00:00\",\"breadcrumb\":{\"@id\":\"https:\\\/\\\/planet-ka.de\\\/zeitreise-vom-urknall-zum-menschen\\\/#breadcrumb\"},\"inLanguage\":\"en-US\",\"potentialAction\":[{\"@type\":\"ReadAction\",\"target\":[\"https:\\\/\\\/planet-ka.de\\\/zeitreise-vom-urknall-zum-menschen\\\/\"]}]},{\"@type\":\"ImageObject\",\"inLanguage\":\"en-US\",\"@id\":\"https:\\\/\\\/planet-ka.de\\\/zeitreise-vom-urknall-zum-menschen\\\/#primaryimage\",\"url\":\"https:\\\/\\\/planet-ka.de\\\/wp-content\\\/uploads\\\/2025\\\/06\\\/Zeitreise_900x600.jpg\",\"contentUrl\":\"https:\\\/\\\/planet-ka.de\\\/wp-content\\\/uploads\\\/2025\\\/06\\\/Zeitreise_900x600.jpg\",\"width\":900,\"height\":600,\"caption\":\"Entstehung eines Planeten (Bild: LWL\\\/Perdok)\"},{\"@type\":\"BreadcrumbList\",\"@id\":\"https:\\\/\\\/planet-ka.de\\\/zeitreise-vom-urknall-zum-menschen\\\/#breadcrumb\",\"itemListElement\":[{\"@type\":\"ListItem\",\"position\":1,\"name\":\"Startseite\",\"item\":\"https:\\\/\\\/planet-ka.de\\\/\"},{\"@type\":\"ListItem\",\"position\":2,\"name\":\"Zeitreise &#8211; Vom Urknall zum Menschen\"}]},{\"@type\":\"WebSite\",\"@id\":\"https:\\\/\\\/planet-ka.de\\\/#website\",\"url\":\"https:\\\/\\\/planet-ka.de\\\/\",\"name\":\"PLANET KA\",\"description\":\"Faszination Kosmos\",\"publisher\":{\"@id\":\"https:\\\/\\\/planet-ka.de\\\/#organization\"},\"potentialAction\":[{\"@type\":\"SearchAction\",\"target\":{\"@type\":\"EntryPoint\",\"urlTemplate\":\"https:\\\/\\\/planet-ka.de\\\/?s={search_term_string}\"},\"query-input\":{\"@type\":\"PropertyValueSpecification\",\"valueRequired\":true,\"valueName\":\"search_term_string\"}}],\"inLanguage\":\"en-US\"},{\"@type\":\"Organization\",\"@id\":\"https:\\\/\\\/planet-ka.de\\\/#organization\",\"name\":\"PLANET KA\",\"url\":\"https:\\\/\\\/planet-ka.de\\\/\",\"logo\":{\"@type\":\"ImageObject\",\"inLanguage\":\"en-US\",\"@id\":\"https:\\\/\\\/planet-ka.de\\\/#\\\/schema\\\/logo\\\/image\\\/\",\"url\":\"https:\\\/\\\/planet-ka.de\\\/wp-content\\\/uploads\\\/2025\\\/03\\\/cropped-Logo-Banner-Website-Jan-25_19.png\",\"contentUrl\":\"https:\\\/\\\/planet-ka.de\\\/wp-content\\\/uploads\\\/2025\\\/03\\\/cropped-Logo-Banner-Website-Jan-25_19.png\",\"width\":225,\"height\":66,\"caption\":\"PLANET KA\"},\"image\":{\"@id\":\"https:\\\/\\\/planet-ka.de\\\/#\\\/schema\\\/logo\\\/image\\\/\"},\"sameAs\":[\"https:\\\/\\\/www.facebook.com\\\/people\\\/Planet-KA-Planetarium-Karlsruhe\\\/61573710254024\\\/\",\"https:\\\/\\\/www.instagram.com\\\/planetarium_karlsruhe\\\/\"]}]}<\/script>\n<!-- \/ Yoast SEO plugin. -->","yoast_head_json":{"title":"Zeitreise - Vom Urknall zum Menschen - PLANET KA","robots":{"index":"index","follow":"follow","max-snippet":"max-snippet:-1","max-image-preview":"max-image-preview:large","max-video-preview":"max-video-preview:-1"},"canonical":"https:\/\/planet-ka.de\/en\/zeitreise-vom-urknall-zum-menschen\/","og_locale":"en_US","og_type":"article","og_title":"Zeitreise - Vom Urknall zum Menschen - PLANET KA","og_description":"Link: Hier geht es zu den weiteren Astronomieprogrammen. Zum Programm Wie ist das Weltall entstanden? Woher kommen die Sterne und Planeten? Wie begann das Leben auf der Erde? Auf einer Zeitreise vom Beginn des Universums bis heute werden Sie Zeuge","og_url":"https:\/\/planet-ka.de\/en\/zeitreise-vom-urknall-zum-menschen\/","og_site_name":"PLANET KA","article_publisher":"https:\/\/www.facebook.com\/people\/Planet-KA-Planetarium-Karlsruhe\/61573710254024\/","article_modified_time":"2026-02-07T14:37:29+00:00","og_image":[{"width":900,"height":600,"url":"https:\/\/planet-ka.de\/wp-content\/uploads\/2025\/06\/Zeitreise_900x600.jpg","type":"image\/jpeg"}],"schema":{"@context":"https:\/\/schema.org","@graph":[{"@type":"WebPage","@id":"https:\/\/planet-ka.de\/zeitreise-vom-urknall-zum-menschen\/","url":"https:\/\/planet-ka.de\/zeitreise-vom-urknall-zum-menschen\/","name":"Zeitreise - Vom Urknall zum Menschen - PLANET KA","isPartOf":{"@id":"https:\/\/planet-ka.de\/#website"},"primaryImageOfPage":{"@id":"https:\/\/planet-ka.de\/zeitreise-vom-urknall-zum-menschen\/#primaryimage"},"image":{"@id":"https:\/\/planet-ka.de\/zeitreise-vom-urknall-zum-menschen\/#primaryimage"},"thumbnailUrl":"https:\/\/planet-ka.de\/wp-content\/uploads\/2025\/06\/Zeitreise_900x600.jpg","datePublished":"2025-06-25T10:11:56+00:00","dateModified":"2026-02-07T14:37:29+00:00","breadcrumb":{"@id":"https:\/\/planet-ka.de\/zeitreise-vom-urknall-zum-menschen\/#breadcrumb"},"inLanguage":"en-US","potentialAction":[{"@type":"ReadAction","target":["https:\/\/planet-ka.de\/zeitreise-vom-urknall-zum-menschen\/"]}]},{"@type":"ImageObject","inLanguage":"en-US","@id":"https:\/\/planet-ka.de\/zeitreise-vom-urknall-zum-menschen\/#primaryimage","url":"https:\/\/planet-ka.de\/wp-content\/uploads\/2025\/06\/Zeitreise_900x600.jpg","contentUrl":"https:\/\/planet-ka.de\/wp-content\/uploads\/2025\/06\/Zeitreise_900x600.jpg","width":900,"height":600,"caption":"Entstehung eines Planeten (Bild: LWL\/Perdok)"},{"@type":"BreadcrumbList","@id":"https:\/\/planet-ka.de\/zeitreise-vom-urknall-zum-menschen\/#breadcrumb","itemListElement":[{"@type":"ListItem","position":1,"name":"Startseite","item":"https:\/\/planet-ka.de\/"},{"@type":"ListItem","position":2,"name":"Zeitreise &#8211; Vom Urknall zum Menschen"}]},{"@type":"WebSite","@id":"https:\/\/planet-ka.de\/#website","url":"https:\/\/planet-ka.de\/","name":"PLANET KA","description":"Cosmic Fascination","publisher":{"@id":"https:\/\/planet-ka.de\/#organization"},"potentialAction":[{"@type":"SearchAction","target":{"@type":"EntryPoint","urlTemplate":"https:\/\/planet-ka.de\/?s={search_term_string}"},"query-input":{"@type":"PropertyValueSpecification","valueRequired":true,"valueName":"search_term_string"}}],"inLanguage":"en-US"},{"@type":"Organization","@id":"https:\/\/planet-ka.de\/#organization","name":"PLANET KA","url":"https:\/\/planet-ka.de\/","logo":{"@type":"ImageObject","inLanguage":"en-US","@id":"https:\/\/planet-ka.de\/#\/schema\/logo\/image\/","url":"https:\/\/planet-ka.de\/wp-content\/uploads\/2025\/03\/cropped-Logo-Banner-Website-Jan-25_19.png","contentUrl":"https:\/\/planet-ka.de\/wp-content\/uploads\/2025\/03\/cropped-Logo-Banner-Website-Jan-25_19.png","width":225,"height":66,"caption":"PLANET KA"},"image":{"@id":"https:\/\/planet-ka.de\/#\/schema\/logo\/image\/"},"sameAs":["https:\/\/www.facebook.com\/people\/Planet-KA-Planetarium-Karlsruhe\/61573710254024\/","https:\/\/www.instagram.com\/planetarium_karlsruhe\/"]}]}},"_links":{"self":[{"href":"https:\/\/planet-ka.de\/en\/wp-json\/wp\/v2\/pages\/2602","targetHints":{"allow":["GET"]}}],"collection":[{"href":"https:\/\/planet-ka.de\/en\/wp-json\/wp\/v2\/pages"}],"about":[{"href":"https:\/\/planet-ka.de\/en\/wp-json\/wp\/v2\/types\/page"}],"author":[{"embeddable":true,"href":"https:\/\/planet-ka.de\/en\/wp-json\/wp\/v2\/users\/1"}],"replies":[{"embeddable":true,"href":"https:\/\/planet-ka.de\/en\/wp-json\/wp\/v2\/comments?post=2602"}],"version-history":[{"count":8,"href":"https:\/\/planet-ka.de\/en\/wp-json\/wp\/v2\/pages\/2602\/revisions"}],"predecessor-version":[{"id":3479,"href":"https:\/\/planet-ka.de\/en\/wp-json\/wp\/v2\/pages\/2602\/revisions\/3479"}],"wp:featuredmedia":[{"embeddable":true,"href":"https:\/\/planet-ka.de\/en\/wp-json\/wp\/v2\/media\/2603"}],"wp:attachment":[{"href":"https:\/\/planet-ka.de\/en\/wp-json\/wp\/v2\/media?parent=2602"}],"curies":[{"name":"wp","href":"https:\/\/api.w.org\/{rel}","templated":true}]}}