{"id":2876,"date":"2025-08-29T18:56:23","date_gmt":"2025-08-29T16:56:23","guid":{"rendered":"https:\/\/planet-ka.de\/?page_id=2876"},"modified":"2026-04-01T19:55:02","modified_gmt":"2026-04-01T17:55:02","slug":"mondlicht","status":"publish","type":"page","link":"https:\/\/planet-ka.de\/en\/mondlicht\/","title":{"rendered":"To the moon!"},"content":{"rendered":"<div class=\"wp-block-media-text is-stacked-on-mobile\" style=\"grid-template-columns:60% auto\"><figure class=\"wp-block-media-text__media\"><img loading=\"lazy\" decoding=\"async\" width=\"1024\" height=\"432\" src=\"https:\/\/planet-ka.de\/wp-content\/uploads\/2026\/02\/Mondlicht_upscaled-1024x432.jpg\" alt=\"\" class=\"wp-image-3468 size-full\" srcset=\"https:\/\/planet-ka.de\/wp-content\/uploads\/2026\/02\/Mondlicht_upscaled-1024x432.jpg 1024w, https:\/\/planet-ka.de\/wp-content\/uploads\/2026\/02\/Mondlicht_upscaled-300x127.jpg 300w, https:\/\/planet-ka.de\/wp-content\/uploads\/2026\/02\/Mondlicht_upscaled-768x324.jpg 768w, https:\/\/planet-ka.de\/wp-content\/uploads\/2026\/02\/Mondlicht_upscaled.jpg 1440w\" sizes=\"auto, (max-width: 1024px) 100vw, 1024px\" \/><\/figure><div class=\"wp-block-media-text__content\">\n<h2 class=\"wp-block-heading\">To the moon!<\/h2>\n\n\n\n<p><strong><em>Von Lunariern und der Anziehungskraft des Mondlichts<\/em><\/strong><\/p>\n\n\n\n<p>Seit Urzeiten sind wir Menschen dem Mond verbunden. <br>Folgen wir seinem Schein und Rhythmus auf einer Reise zu Kultur, Geschichte und Erforschung unseres treuen Trabanten.<\/p>\n\n\n\n<p>(Bild: Planetarium Laupheim)<\/p>\n\n\n\n<div style=\"height:20px\" aria-hidden=\"true\" class=\"wp-block-spacer\"><\/div>\n\n\n\n<div class=\"wp-block-buttons is-content-justification-center is-layout-flex wp-container-core-buttons-is-layout-16018d1d wp-block-buttons-is-layout-flex\">\n<div class=\"wp-block-button is-style-outline is-style-outline--1\"><a class=\"wp-block-button__link has-custom-font-size wp-element-button\" href=\"#lunatic\" style=\"font-size:15px\">Jetzt Ticket buchen!<\/a><\/div>\n<\/div>\n<\/div><\/div>\n\n\n\n<div style=\"height:52px\" aria-hidden=\"true\" class=\"wp-block-spacer\"><\/div>\n\n\n\n<h2 class=\"wp-block-heading\">Zur Einstimmung und Begleitung der Artemis II Mission<\/h2>\n\n\n\n<p>bieten wir im PLANET KA folgende Mondprogramme: <\/p>\n\n\n\n<ul class=\"wp-block-list\">\n<li>Mondlicht \/ Auf zum Mond! .<em>.. f\u00fcr alle Lunatics&#8230;<\/em> (Beschreibung s. weiter hunten)<\/li>\n\n\n\n<li>Kinder-Osterprogramm: <a href=\"https:\/\/planet-ka.de\/en\/charlies-geheimnis\/\" type=\"page\" id=\"3495\">Charlies Geheimnis &#8211; Luisa entdeckt den Mond<\/a><\/li>\n\n\n\n<li>Liederabende im Mai: Mondenschein &amp; Sternenfunkeln (Konzert f\u00fcr Klavier und Sopran am 10. Mai u.\u00f6. &#8211; Link &amp; Infos folgen)<\/li>\n<\/ul>\n\n\n\n<div style=\"height:28px\" aria-hidden=\"true\" class=\"wp-block-spacer\"><\/div>\n\n\n<div class=\"wp-block-ub-divider ub_divider ub-divider-orientation-horizontal\" id=\"ub_divider_8355c09c-0f75-4522-9b64-709286bcd7c0\"><div class=\"ub_divider_wrapper\" style=\"position: relative; margin-bottom: 2px; width: 100%; height: 2px; \" data-divider-alignment=\"center\"><div class=\"ub_divider_line\" style=\"border-top: 1px solid #ccc; margin-top: 2px; \"><\/div><\/div><\/div>\n\n\n<div style=\"height:24px\" aria-hidden=\"true\" class=\"wp-block-spacer\"><\/div>\n\n\n\n<h2 class=\"wp-block-heading\">To the moon!<\/h2>\n\n\n<div class=\"wp-block-ub-content-toggle wp-block-ub-content-toggle-block\" id=\"ub-content-toggle-block-fdd33ed0-a4b9-494f-afb9-a5adc8b7a319\" data-mobilecollapse=\"false\" data-desktopcollapse=\"false\" data-preventcollapse=\"false\" data-showonlyone=\"true\">\n<div class=\"wp-block-ub-content-toggle-accordion\" style=\"border-color: #f1f1f1; \" id=\"ub-content-toggle-panel-block-\">\n\t\t\t<div class=\"wp-block-ub-content-toggle-accordion-title-wrap\" style=\"background-color: #f1f1f1;\" aria-controls=\"ub-content-toggle-panel-0-fdd33ed0-a4b9-494f-afb9-a5adc8b7a319\" tabindex=\"0\">\n\t\t\t<h4 class=\"wp-block-ub-content-toggle-accordion-title ub-content-toggle-title-fdd33ed0-a4b9-494f-afb9-a5adc8b7a319\" style=\"color: #000000; \">Beschreibung <\/h4>\n\t\t\t<div class=\"wp-block-ub-content-toggle-accordion-toggle-wrap left\" style=\"color: #000000;\"><span class=\"wp-block-ub-content-toggle-accordion-state-indicator wp-block-ub-math-plus\"><\/span><\/div>\n\t\t<\/div>\n\t\t\t<div role=\"region\" aria-expanded=\"false\" class=\"wp-block-ub-content-toggle-accordion-content-wrap ub-hide\" id=\"ub-content-toggle-panel-0-fdd33ed0-a4b9-494f-afb9-a5adc8b7a319\">\n\n<p class=\"has-medium-font-size\"><em><strong>Erfahren Sie mehr \u00fcber unseren treuesten Begleiter. <\/strong><\/em><br><em><strong>Tauchen Sie ein in das &#8220;Mondlicht&#8221;!<\/strong><\/em><\/p>\n\n\n\n<p>Seit unvordenklichen Zeiten pr\u00e4gt, neben der Sonne, das Licht des Mondes das Leben der Menschen, diente als erster Kalender und als Sehnsuchtsort vieler Gef\u00fchle und Geschichten. <\/p>\n\n\n\n<p>Hier erfahren Sie alles, was Sie schon immer \u00fcber unseren treuen Trabanten wissen wollten (und sich vielleicht nie zu fragen trauten) und bekommen eine Extra-Portion Mondlicht!<br>Hier wird das Planetarium zum <em>Lunarium<\/em>.<\/p>\n\n\n\n<p>&#8220;Mondlicht&#8221; ist eine Produktion des <a href=\"https:\/\/www.planetarium-laupheim.de\/dome\" target=\"_blank\" rel=\"noreferrer noopener\">Planetariums Laupheim<\/a>. (= die Produzenten von &#8220;<em><a href=\"https:\/\/planet-ka.de\/en\/captain-schnuppes-weltraumreise\/\" target=\"_blank\" rel=\"noreferrer noopener\">Captain Schnuppe's Space Journey<\/a><\/em>&#8220;!)<br>Vorab geben wir eine Einf\u00fchrung zum aktuellen Mondlauf und Sternenhimmel \u00fcber KA. <br><br><em>Dauer der Veranstaltung ca. 60 Minuten<br>Empfohlen ab ca. 10 Jahre<\/em><\/p>\n\n<\/div>\n\t\t<\/div>\n\n<div class=\"wp-block-ub-content-toggle-accordion\" style=\"border-color: #f1f1f1; \" id=\"ub-content-toggle-panel-block-\">\n\t\t\t<div class=\"wp-block-ub-content-toggle-accordion-title-wrap\" style=\"background-color: #f1f1f1;\" aria-controls=\"ub-content-toggle-panel-1-fdd33ed0-a4b9-494f-afb9-a5adc8b7a319\" tabindex=\"0\">\n\t\t\t<h4 class=\"wp-block-ub-content-toggle-accordion-title ub-content-toggle-title-fdd33ed0-a4b9-494f-afb9-a5adc8b7a319\" style=\"color: #000000; \">R\u00fcckblick: Die totale Mondfinsternis am 7.9.25 \u00fcber Karlsruhe<\/h4>\n\t\t\t<div class=\"wp-block-ub-content-toggle-accordion-toggle-wrap left\" style=\"color: #000000;\"><span class=\"wp-block-ub-content-toggle-accordion-state-indicator wp-block-ub-math-plus\"><\/span><\/div>\n\t\t<\/div>\n\t\t\t<div role=\"region\" aria-expanded=\"false\" class=\"wp-block-ub-content-toggle-accordion-content-wrap ub-hide\" id=\"ub-content-toggle-panel-1-fdd33ed0-a4b9-494f-afb9-a5adc8b7a319\">\n\n<p><strong><em><span style=\"text-decoration: underline;\">R\u00fcckblick<\/span>: Das Laupheimer Programm  &#8220;Mondlicht&#8221; hatte am 7. September 2025 aus Anlass der Mondfinsternis Premiere. Im Anschluss an diese konnten die G\u00e4ste das Himmelsschauspiel live am Teleskop vom Hof des Planetariums beim Eingang zum Otto-D.-Park beobachten.<\/em><\/strong><\/p>\n\n\n\n<p> <strong>WANN?<\/strong><\/p>\n\n\n\n<p>Am Sonntagabend des 7. Septembers 2025 geht der Vollmond gegen 20 Uhr (MESZ) bereits total verfinstert im Osten auf. In den folgenden zwei Stunden, bis kurz vor 22 Uhr, wandert er aus dem Kernschatten der Erde allm\u00e4hlich heraus, steigt dabei immer h\u00f6her und wird immer heller, bis wieder ein normaler Vollmond erstrahlt. <\/p>\n\n\n\n<p><span style=\"text-decoration: underline;\">Die Zeiten im Einzelnen:<\/span><br><strong>Mondaufgang:                                 19:53 Uhr<br>maximale Verfinsterung:               20:11 Uhr<br>Ende der totalen Verfinsterung:   20:52 Uhr<br>Ende der partiellen Finsternis:     21:56 Uhr<\/strong><br>(Das Ende der anschlie\u00dfenden Halbschattenfinsternis, die noch bis 22:55 Uhr andauert, ist visuell nicht bzw. kaum wahrnehmbar.)<\/p>\n\n\n\n<figure class=\"wp-block-image size-large\"><img loading=\"lazy\" decoding=\"async\" width=\"1024\" height=\"500\" src=\"https:\/\/planet-ka.de\/wp-content\/uploads\/2025\/09\/image-1024x500.png\" alt=\"\" class=\"wp-image-2928\" srcset=\"https:\/\/planet-ka.de\/wp-content\/uploads\/2025\/09\/image-1024x500.png 1024w, https:\/\/planet-ka.de\/wp-content\/uploads\/2025\/09\/image-300x147.png 300w, https:\/\/planet-ka.de\/wp-content\/uploads\/2025\/09\/image-768x375.png 768w, https:\/\/planet-ka.de\/wp-content\/uploads\/2025\/09\/image.png 1328w\" sizes=\"auto, (max-width: 1024px) 100vw, 1024px\" \/><\/figure>\n\n\n\n<p>Grafik: Stellarium &#8211; Himmelsanblick Richtung Osts\u00fcdost gegen 21:15 Uhr MESZ, mit Saturn und dem gerade aus der totalen Phase heraustretenden Vollmond. Mond und Saturn stehen dabei nur knapp eine Handbreit \u00fcber dem Horizont, weshalb freie Sicht oder ein erh\u00f6hter Standpunkt wichtig sind.<\/p>\n\n\n\n<figure class=\"wp-block-image size-large\"><img loading=\"lazy\" decoding=\"async\" width=\"1024\" height=\"683\" src=\"https:\/\/planet-ka.de\/wp-content\/uploads\/2025\/09\/image-1-1024x683.png\" alt=\"\" class=\"wp-image-2943\" srcset=\"https:\/\/planet-ka.de\/wp-content\/uploads\/2025\/09\/image-1-1024x683.png 1024w, https:\/\/planet-ka.de\/wp-content\/uploads\/2025\/09\/image-1-300x200.png 300w, https:\/\/planet-ka.de\/wp-content\/uploads\/2025\/09\/image-1-768x512.png 768w, https:\/\/planet-ka.de\/wp-content\/uploads\/2025\/09\/image-1.png 1320w\" sizes=\"auto, (max-width: 1024px) 100vw, 1024px\" \/><\/figure>\n\n\n\n<p><strong>WO?<\/strong><\/p>\n\n\n\n<p><a href=\"http:\/\/avka.de\" target=\"_blank\" rel=\"noreferrer noopener\">AVKA.DE<\/a>: Sternwarte R\u00fcppurr, auf dem Dach des Max-Planck-Gymnasiums; nur bei klarem Himmel!<\/p>\n\n\n\n<p>PLANET KA, Alter Schlachthof 4, Oststadt: 19:00 Uhr Premiere &#8220;Mondlicht&#8221;, anschlie\u00dfend bei klarem Himmel Beobachtungen im angrenzenden Otto-D.-Park m\u00f6glich; gern eigene Ferngl\u00e4ser mitbringen (und ggf. Picknickdecke, Liegestuhl, Proviant&#8230; &#8211; da kommt Public-Viewing-Stimmung auf!)<\/p>\n\n\n\n<p><strong>WAS?<\/strong><\/p>\n\n\n\n<p>Bei einer Mondfinsternis taucht der Vollmond in den Erdschatten ein. Das ist etwas Besonderes, da es nicht bei jedem Vollmond passiert, denn die Mondbahn ist um 5\u00b0 gegen die Erdbahn geneigt, so dass der Vollmond meist ober- oder unterhalb des Erdschattens \u201cungeschoren\u201d davonkommt.<br>Bei einer totalen Mondfinsternis, wie jetzt am 7.9., erwischt es den Mond voll: d.h. er ger\u00e4t vollst\u00e4ndig in den Kernschatten der Erde (und streift diesen nicht nur).<br>Anders als bei Sonnenfinsternissen, die immer nur auf einem begrenzten Gebiet der Erde zu sehen sind, ist die Mondfinsternis \u00fcberall dort sichtbar, wo der Mond zu der Zeit am Himmel, d.h. \u00fcber dem Horizont steht. Die totale Mondfinsternis am 7.9. kann von \u00fcber 7 Milliarden Menschen gesehen werden! Kein Wunder, dass der Mond dabei etwas err\u00f6tet\u2026<\/p>\n\n\n\n<p>Der Mond verschwindet selbst im Kernschatten der Erde nicht ganz (je nach Sichtbarkeitsbedingungen), da der r\u00f6tliche Anteil des Sonnenlichts in der Erdatmosph\u00e4re so nach innen gebrochen wird, dass der Mond in ein schwaches r\u00f6tliches Restlicht getaucht wird. Daher kann er unterschiedlich rot erscheinen: von hellrot \u00fcber kupfer-, blut- oder rostrot bis dunkelrot. Es bleibt spannend abzuwarten, wie rot uns dieser sehr horizontnahe verfinsterte Mond erscheinen wird (wenn \u00fcberhaupt).<\/p>\n\n\n\n<p><strong>N\u00fctzliche Links<\/strong>, auch mit Livestream:\u00a0<a href=\"https:\/\/www.timeanddate.de\/finsternis\/mond\/2025-september-7\" target=\"_blank\" rel=\"noreferrer noopener\">Timeanddate.de<\/a><\/p>\n\n<\/div>\n\t\t<\/div>\n\n<div id=\"lunatic\" class=\"wp-block-ub-content-toggle-accordion\" style=\"border-color: #f1f1f1; \">\n\t\t\t<div class=\"wp-block-ub-content-toggle-accordion-title-wrap\" style=\"background-color: #f1f1f1;\" aria-controls=\"ub-content-toggle-panel-2-fdd33ed0-a4b9-494f-afb9-a5adc8b7a319\" tabindex=\"0\">\n\t\t\t<h4 class=\"wp-block-ub-content-toggle-accordion-title ub-content-toggle-title-fdd33ed0-a4b9-494f-afb9-a5adc8b7a319\" style=\"color: #000000; \">Online-Ticketbuchung<\/h4>\n\t\t\t<div class=\"wp-block-ub-content-toggle-accordion-toggle-wrap left\" style=\"color: #000000;\"><span class=\"wp-block-ub-content-toggle-accordion-state-indicator wp-block-ub-math-plus open\"><\/span><\/div>\n\t\t<\/div>\n\t\t\t<div role=\"region\" aria-expanded=\"true\" class=\"wp-block-ub-content-toggle-accordion-content-wrap\" id=\"ub-content-toggle-panel-2-fdd33ed0-a4b9-494f-afb9-a5adc8b7a319\">\n\n<p>Wir empfehlen die Buchung von Online-Tickets, da aufgrund der begrenzten Platzzahl nicht garantiert werden kann, dass es Restkarten an der Abendkasse gibt.<\/p>\n\n\n\n<p><strong>Zeiten: s. Buchungskalender (Achtung: kein Nacheinlass!)<br>Ort: <a data-type=\"page\" data-id=\"154\" href=\"https:\/\/planet-ka.de\/en\/contact\/\" target=\"_blank\" rel=\"noreferrer noopener\">PLANET KA, Alter Schlachthof 4, 76131 Karlsruhe<\/a><\/strong><br><br>Einlass ab 30 Minuten vor Veranstaltungsbeginn. <br>Bitte beachten: <span style=\"text-decoration: underline;\">Kein Nacheinlass<\/span> m\u00f6glich!<\/p>\n\n\n<noscript>\r\n\t<div class=\"pretix-widget-no-script\">\r\n        JavaScript is disabled in your browser. To access our ticket shop without JavaScript, please click <a target=\"_blank\" rel=\"noopener\" href=\"https:\/\/pretix.eu\/planetka\/mondlicht\/\">here<\/a>.\t<\/div>\r\n<\/noscript>\r\n<pretix-widget event=\"https:\/\/pretix.eu\/planetka\/mondlicht\/\" class=\"wp-block-pretix-widget\"><\/pretix-widget>\n\n\n<p>Sollte der Buchungskalender hier nicht richtig angezeigt werden, nutzen Sie bitte folgenden Link: <a href=\"https:\/\/pretix.eu\/planetka\" target=\"_blank\" rel=\"noreferrer noopener\">https:\/\/pretix.eu\/planetka<\/a><\/p>\n\n<\/div>\n\t\t<\/div>\n<\/div>\n\n\n<p><\/p>\n\n\n\n<p><\/p>\n\n\n\n<div style=\"height:20px\" aria-hidden=\"true\" class=\"wp-block-spacer\"><\/div>","protected":false},"excerpt":{"rendered":"<p>Zur Einstimmung und Begleitung der Artemis II Mission bieten wir im PLANET KA folgende Mondprogramme: Auf zum Mond!<\/p>","protected":false},"author":1,"featured_media":2882,"parent":0,"menu_order":0,"comment_status":"closed","ping_status":"closed","template":"","meta":{"footnotes":""},"class_list":["post-2876","page","type-page","status-publish","has-post-thumbnail","hentry","","tg-column-two"],"featured_image_src":"https:\/\/planet-ka.de\/wp-content\/uploads\/2025\/08\/n73_button.png","yoast_head":"<!-- This site is optimized with the Yoast SEO plugin v27.3 - https:\/\/yoast.com\/product\/yoast-seo-wordpress\/ -->\n<title>Auf zum Mond! - PLANET KA<\/title>\n<meta name=\"robots\" content=\"index, follow, max-snippet:-1, max-image-preview:large, max-video-preview:-1\" \/>\n<link rel=\"canonical\" href=\"https:\/\/planet-ka.de\/en\/mondlicht\/\" \/>\n<meta property=\"og:locale\" content=\"en_US\" \/>\n<meta property=\"og:type\" content=\"article\" \/>\n<meta property=\"og:title\" content=\"Auf zum Mond! - PLANET KA\" \/>\n<meta property=\"og:description\" content=\"Zur Einstimmung und Begleitung der Artemis II Mission bieten wir im PLANET KA folgende Mondprogramme: Auf zum Mond!\" \/>\n<meta property=\"og:url\" content=\"https:\/\/planet-ka.de\/en\/mondlicht\/\" \/>\n<meta property=\"og:site_name\" content=\"PLANET KA\" \/>\n<meta property=\"article:publisher\" content=\"https:\/\/www.facebook.com\/people\/Planet-KA-Planetarium-Karlsruhe\/61573710254024\/\" \/>\n<meta property=\"article:modified_time\" content=\"2026-04-01T17:55:02+00:00\" \/>\n<meta property=\"og:image\" content=\"https:\/\/planet-ka.de\/wp-content\/uploads\/2025\/08\/n73_button.png\" \/>\n\t<meta property=\"og:image:width\" content=\"710\" \/>\n\t<meta property=\"og:image:height\" content=\"300\" \/>\n\t<meta property=\"og:image:type\" content=\"image\/png\" \/>\n<script type=\"application\/ld+json\" class=\"yoast-schema-graph\">{\"@context\":\"https:\\\/\\\/schema.org\",\"@graph\":[{\"@type\":\"WebPage\",\"@id\":\"https:\\\/\\\/planet-ka.de\\\/mondlicht\\\/\",\"url\":\"https:\\\/\\\/planet-ka.de\\\/mondlicht\\\/\",\"name\":\"Auf zum Mond! - PLANET KA\",\"isPartOf\":{\"@id\":\"https:\\\/\\\/planet-ka.de\\\/#website\"},\"primaryImageOfPage\":{\"@id\":\"https:\\\/\\\/planet-ka.de\\\/mondlicht\\\/#primaryimage\"},\"image\":{\"@id\":\"https:\\\/\\\/planet-ka.de\\\/mondlicht\\\/#primaryimage\"},\"thumbnailUrl\":\"https:\\\/\\\/planet-ka.de\\\/wp-content\\\/uploads\\\/2025\\\/08\\\/n73_button.png\",\"datePublished\":\"2025-08-29T16:56:23+00:00\",\"dateModified\":\"2026-04-01T17:55:02+00:00\",\"breadcrumb\":{\"@id\":\"https:\\\/\\\/planet-ka.de\\\/mondlicht\\\/#breadcrumb\"},\"inLanguage\":\"en-US\",\"potentialAction\":[{\"@type\":\"ReadAction\",\"target\":[\"https:\\\/\\\/planet-ka.de\\\/mondlicht\\\/\"]}]},{\"@type\":\"ImageObject\",\"inLanguage\":\"en-US\",\"@id\":\"https:\\\/\\\/planet-ka.de\\\/mondlicht\\\/#primaryimage\",\"url\":\"https:\\\/\\\/planet-ka.de\\\/wp-content\\\/uploads\\\/2025\\\/08\\\/n73_button.png\",\"contentUrl\":\"https:\\\/\\\/planet-ka.de\\\/wp-content\\\/uploads\\\/2025\\\/08\\\/n73_button.png\",\"width\":710,\"height\":300},{\"@type\":\"BreadcrumbList\",\"@id\":\"https:\\\/\\\/planet-ka.de\\\/mondlicht\\\/#breadcrumb\",\"itemListElement\":[{\"@type\":\"ListItem\",\"position\":1,\"name\":\"Startseite\",\"item\":\"https:\\\/\\\/planet-ka.de\\\/\"},{\"@type\":\"ListItem\",\"position\":2,\"name\":\"Auf zum Mond!\"}]},{\"@type\":\"WebSite\",\"@id\":\"https:\\\/\\\/planet-ka.de\\\/#website\",\"url\":\"https:\\\/\\\/planet-ka.de\\\/\",\"name\":\"PLANET KA\",\"description\":\"Faszination Kosmos\",\"publisher\":{\"@id\":\"https:\\\/\\\/planet-ka.de\\\/#organization\"},\"potentialAction\":[{\"@type\":\"SearchAction\",\"target\":{\"@type\":\"EntryPoint\",\"urlTemplate\":\"https:\\\/\\\/planet-ka.de\\\/?s={search_term_string}\"},\"query-input\":{\"@type\":\"PropertyValueSpecification\",\"valueRequired\":true,\"valueName\":\"search_term_string\"}}],\"inLanguage\":\"en-US\"},{\"@type\":\"Organization\",\"@id\":\"https:\\\/\\\/planet-ka.de\\\/#organization\",\"name\":\"PLANET KA\",\"url\":\"https:\\\/\\\/planet-ka.de\\\/\",\"logo\":{\"@type\":\"ImageObject\",\"inLanguage\":\"en-US\",\"@id\":\"https:\\\/\\\/planet-ka.de\\\/#\\\/schema\\\/logo\\\/image\\\/\",\"url\":\"https:\\\/\\\/planet-ka.de\\\/wp-content\\\/uploads\\\/2025\\\/03\\\/cropped-Logo-Banner-Website-Jan-25_19.png\",\"contentUrl\":\"https:\\\/\\\/planet-ka.de\\\/wp-content\\\/uploads\\\/2025\\\/03\\\/cropped-Logo-Banner-Website-Jan-25_19.png\",\"width\":225,\"height\":66,\"caption\":\"PLANET KA\"},\"image\":{\"@id\":\"https:\\\/\\\/planet-ka.de\\\/#\\\/schema\\\/logo\\\/image\\\/\"},\"sameAs\":[\"https:\\\/\\\/www.facebook.com\\\/people\\\/Planet-KA-Planetarium-Karlsruhe\\\/61573710254024\\\/\",\"https:\\\/\\\/www.instagram.com\\\/planetarium_karlsruhe\\\/\"]}]}<\/script>\n<!-- \/ Yoast SEO plugin. -->","yoast_head_json":{"title":"Auf zum Mond! - PLANET KA","robots":{"index":"index","follow":"follow","max-snippet":"max-snippet:-1","max-image-preview":"max-image-preview:large","max-video-preview":"max-video-preview:-1"},"canonical":"https:\/\/planet-ka.de\/en\/mondlicht\/","og_locale":"en_US","og_type":"article","og_title":"Auf zum Mond! - PLANET KA","og_description":"Zur Einstimmung und Begleitung der Artemis II Mission bieten wir im PLANET KA folgende Mondprogramme: Auf zum Mond!","og_url":"https:\/\/planet-ka.de\/en\/mondlicht\/","og_site_name":"PLANET KA","article_publisher":"https:\/\/www.facebook.com\/people\/Planet-KA-Planetarium-Karlsruhe\/61573710254024\/","article_modified_time":"2026-04-01T17:55:02+00:00","og_image":[{"width":710,"height":300,"url":"https:\/\/planet-ka.de\/wp-content\/uploads\/2025\/08\/n73_button.png","type":"image\/png"}],"schema":{"@context":"https:\/\/schema.org","@graph":[{"@type":"WebPage","@id":"https:\/\/planet-ka.de\/mondlicht\/","url":"https:\/\/planet-ka.de\/mondlicht\/","name":"Auf zum Mond! - PLANET KA","isPartOf":{"@id":"https:\/\/planet-ka.de\/#website"},"primaryImageOfPage":{"@id":"https:\/\/planet-ka.de\/mondlicht\/#primaryimage"},"image":{"@id":"https:\/\/planet-ka.de\/mondlicht\/#primaryimage"},"thumbnailUrl":"https:\/\/planet-ka.de\/wp-content\/uploads\/2025\/08\/n73_button.png","datePublished":"2025-08-29T16:56:23+00:00","dateModified":"2026-04-01T17:55:02+00:00","breadcrumb":{"@id":"https:\/\/planet-ka.de\/mondlicht\/#breadcrumb"},"inLanguage":"en-US","potentialAction":[{"@type":"ReadAction","target":["https:\/\/planet-ka.de\/mondlicht\/"]}]},{"@type":"ImageObject","inLanguage":"en-US","@id":"https:\/\/planet-ka.de\/mondlicht\/#primaryimage","url":"https:\/\/planet-ka.de\/wp-content\/uploads\/2025\/08\/n73_button.png","contentUrl":"https:\/\/planet-ka.de\/wp-content\/uploads\/2025\/08\/n73_button.png","width":710,"height":300},{"@type":"BreadcrumbList","@id":"https:\/\/planet-ka.de\/mondlicht\/#breadcrumb","itemListElement":[{"@type":"ListItem","position":1,"name":"Startseite","item":"https:\/\/planet-ka.de\/"},{"@type":"ListItem","position":2,"name":"Auf zum Mond!"}]},{"@type":"WebSite","@id":"https:\/\/planet-ka.de\/#website","url":"https:\/\/planet-ka.de\/","name":"PLANET KA","description":"Cosmic Fascination","publisher":{"@id":"https:\/\/planet-ka.de\/#organization"},"potentialAction":[{"@type":"SearchAction","target":{"@type":"EntryPoint","urlTemplate":"https:\/\/planet-ka.de\/?s={search_term_string}"},"query-input":{"@type":"PropertyValueSpecification","valueRequired":true,"valueName":"search_term_string"}}],"inLanguage":"en-US"},{"@type":"Organization","@id":"https:\/\/planet-ka.de\/#organization","name":"PLANET KA","url":"https:\/\/planet-ka.de\/","logo":{"@type":"ImageObject","inLanguage":"en-US","@id":"https:\/\/planet-ka.de\/#\/schema\/logo\/image\/","url":"https:\/\/planet-ka.de\/wp-content\/uploads\/2025\/03\/cropped-Logo-Banner-Website-Jan-25_19.png","contentUrl":"https:\/\/planet-ka.de\/wp-content\/uploads\/2025\/03\/cropped-Logo-Banner-Website-Jan-25_19.png","width":225,"height":66,"caption":"PLANET KA"},"image":{"@id":"https:\/\/planet-ka.de\/#\/schema\/logo\/image\/"},"sameAs":["https:\/\/www.facebook.com\/people\/Planet-KA-Planetarium-Karlsruhe\/61573710254024\/","https:\/\/www.instagram.com\/planetarium_karlsruhe\/"]}]}},"_links":{"self":[{"href":"https:\/\/planet-ka.de\/en\/wp-json\/wp\/v2\/pages\/2876","targetHints":{"allow":["GET"]}}],"collection":[{"href":"https:\/\/planet-ka.de\/en\/wp-json\/wp\/v2\/pages"}],"about":[{"href":"https:\/\/planet-ka.de\/en\/wp-json\/wp\/v2\/types\/page"}],"author":[{"embeddable":true,"href":"https:\/\/planet-ka.de\/en\/wp-json\/wp\/v2\/users\/1"}],"replies":[{"embeddable":true,"href":"https:\/\/planet-ka.de\/en\/wp-json\/wp\/v2\/comments?post=2876"}],"version-history":[{"count":11,"href":"https:\/\/planet-ka.de\/en\/wp-json\/wp\/v2\/pages\/2876\/revisions"}],"predecessor-version":[{"id":3663,"href":"https:\/\/planet-ka.de\/en\/wp-json\/wp\/v2\/pages\/2876\/revisions\/3663"}],"wp:featuredmedia":[{"embeddable":true,"href":"https:\/\/planet-ka.de\/en\/wp-json\/wp\/v2\/media\/2882"}],"wp:attachment":[{"href":"https:\/\/planet-ka.de\/en\/wp-json\/wp\/v2\/media?parent=2876"}],"curies":[{"name":"wp","href":"https:\/\/api.w.org\/{rel}","templated":true}]}}