{"id":2963,"date":"2025-09-10T09:06:37","date_gmt":"2025-09-10T07:06:37","guid":{"rendered":"https:\/\/planet-ka.de\/?page_id=2963"},"modified":"2026-02-07T15:35:30","modified_gmt":"2026-02-07T14:35:30","slug":"pluto-es-war-einmal-ein-planet","status":"publish","type":"page","link":"https:\/\/planet-ka.de\/en\/pluto-es-war-einmal-ein-planet\/","title":{"rendered":"PLUTO &#8211; Ex*Planet mit Herz"},"content":{"rendered":"<div class=\"wp-block-media-text is-stacked-on-mobile\" style=\"grid-template-columns:49% auto\"><figure class=\"wp-block-media-text__media\"><img loading=\"lazy\" decoding=\"async\" width=\"1024\" height=\"1024\" src=\"https:\/\/planet-ka.de\/wp-content\/uploads\/2026\/02\/PlutoHQ.png\" alt=\"\" class=\"wp-image-3470 size-full\" srcset=\"https:\/\/planet-ka.de\/wp-content\/uploads\/2026\/02\/PlutoHQ.png 1024w, https:\/\/planet-ka.de\/wp-content\/uploads\/2026\/02\/PlutoHQ-300x300.png 300w, https:\/\/planet-ka.de\/wp-content\/uploads\/2026\/02\/PlutoHQ-150x150.png 150w, https:\/\/planet-ka.de\/wp-content\/uploads\/2026\/02\/PlutoHQ-768x768.png 768w, https:\/\/planet-ka.de\/wp-content\/uploads\/2026\/02\/PlutoHQ-230x230.png 230w, https:\/\/planet-ka.de\/wp-content\/uploads\/2026\/02\/PlutoHQ-365x365.png 365w\" sizes=\"auto, (max-width: 1024px) 100vw, 1024px\" \/><\/figure><div class=\"wp-block-media-text__content\">\n<h5 class=\"wp-block-heading\">Premiere am 13.9.2025:<\/h5>\n\n\n\n<h2 class=\"wp-block-heading\">PLUTO &#8211; Ex*Planet mit Herz<\/h2>\n\n\n\n<h4 class=\"wp-block-heading\"><em>Pluto: Es war einmal ein Planet<\/em><\/h4>\n\n\n\n<p>2025 j\u00e4hrt sich die Entdeckung des Pluto zum 95. Mal &#8211; ein guter Anlass, den Planeten mit Herz n\u00e4her in Blick zu nehmen. Am 13.3.1930 wurde seine Entdeckung offiziell verk\u00fcndet. Zum 13.9.2025 startet der neue PLANET KA seine W\u00fcrdigung Plutos.<\/p>\n\n\n\n<p>Die spannende Geschichte seiner Entdeckung und seines kurzen Lebens als Planet (1930-2006). <\/p>\n\n\n\n<div style=\"height:20px\" aria-hidden=\"true\" class=\"wp-block-spacer\"><\/div>\n\n\n\n<div class=\"wp-block-buttons is-content-justification-center is-layout-flex wp-container-core-buttons-is-layout-16018d1d wp-block-buttons-is-layout-flex\">\n<div class=\"wp-block-button is-style-outline is-style-outline--1\"><a class=\"wp-block-button__link has-custom-font-size wp-element-button\" href=\"#plutic\" style=\"font-size:15px\">Jetzt Ticket buchen!<\/a><\/div>\n<\/div>\n<\/div><\/div>\n\n\n\n<div style=\"height:11px\" aria-hidden=\"true\" class=\"wp-block-spacer\"><\/div>\n\n\n\n<h4 class=\"wp-block-heading\"><strong>+++ NEU im Programm ab 13. SEPTEMBER 2025 +++ <\/strong><br>+++ anl\u00e4sslich 95 Jahre Pluto-Entdeckung am 13.3.1930 +++<\/h4>\n\n\n\n<h3 class=\"wp-block-heading\">Programmbeschreibung<\/h3>\n\n\n\n<p><strong>PLUTO &#8211; Es war einmal ein Planet &#8230;<\/strong><\/p>\n\n\n\n<p><strong><em>Pluto: Ex*Planet mit Herz!<\/em><\/strong><\/p>\n\n\n\n<p>Dieses Jahr feiern wir den 95. &#8222;Geburtstag&#8220; Plutos seit seiner Entdeckung durch Clyde Tombaugh.<br>Am 13. M\u00e4rz 1930 wurde die Existenz dieses neuen Planeten international bekannt gegeben.<\/p>\n\n\n\n<p>PLANET KA &#8211; auch ein neuer Kleinplanet &#8211; hatte im M\u00e4rz noch nicht er\u00f6ffnet. Darum holen wir die Pluto-W\u00fcrdigung nun sechs Monate sp\u00e4ter, am 13. September 2025, nach mit der Premiere von &#8222;PLUTO &#8211; Es war einmal ein Planet&#8230;&#8220;<\/p>\n\n\n\n<p><em>H\u00e4tten Sie es gewusst?<br><\/em>Pluto war der erste und einzige Planet, der &#8211; schon \u00fcber ein Jahrzehnt vor seiner offiziellen Entdeckung &#8211; von einer Frau entdeckt worden war. Nur, dass diese Entdeckung lange unbeachtet blieb.<br>Und die Benennung erfolgt durch ein Kind: die damals 11-j\u00e4hrige Venetia aus England!<br>Oder dass Pluto seit seiner Entdeckung noch nicht mal einen halben Umlauf um die Sonne zur\u00fcckgelegt hat?<br>Oder dass Pluto f\u00fcr einige Jahrzehnte gar nicht mehr der \u00e4u\u00dferste (sondern nur noch der zweit\u00e4u\u00dferste) Planet des Sonnensystems war?<br>Oder dass Pluto uns trotz seiner planetaren Aberkennung ein echtes &#8222;Herz&#8220; zeigt? Was hat es mit diesem Herz auf sich, das von der Raumsonde New Horizons fotografiert wurde?<br>Und wie kann es sein, dass der Pluto-Entdecker Clyde Tombaugh sogar mit der Raumsonde New Horizons mitgeflogen ist (in gewisser Weise)?<\/p>\n\n\n\n<p>Warum ist trotz dieser spannenden Geschichte Pluto seit 2006 offiziell kein Planet mehr?<br>Kann er es jemals wieder werden? Wird es je wieder eine Planeten-Entdeckung in unserem Sonnensystem geben? Was ist mit dem r\u00e4tselhaften Planet X?<\/p>\n\n\n\n<p>Erleben Sie eine der spannendsten Geschichten aus unserem Planetensystem!<\/p>\n\n\n\n<p>Eine Produktion des Planetariums Laupheim<\/p>\n\n\n\n<p>Dauer der Veranstaltung: ca. 60 Minuten<br>F\u00fcr Erwachsene und Kinder ab ca. 10 Jahren<\/p>\n\n\n\n<p>Einlass: ca. 30 Min. vor Beginn.<br><em>Bitte beachten: Kein Nacheinlass m\u00f6glich!<br>Ungenutzte Tickets verfallen ersatzlos.<\/em><\/p>\n\n\n\n<div style=\"height:44px\" aria-hidden=\"true\" class=\"wp-block-spacer\"><\/div>\n\n\n\n<h2 class=\"wp-block-heading\" id=\"plutic\">Online-Ticketbuchung<\/h2>\n\n\n\n<p>Wir empfehlen die Buchung von Online-Tickets, da aufgrund der begrenzten Platzzahl nicht garantiert werden kann, dass es Restkarten an der Abendkasse gibt.<\/p>\n\n\n\n<p><strong>Zeiten: s. Buchungskalender (Achtung: kein Nacheinlass!)<br>Ort: <a data-type=\"page\" data-id=\"154\" href=\"https:\/\/planet-ka.de\/en\/contact\/\" target=\"_blank\" rel=\"noreferrer noopener\">PLANET KA, Alter Schlachthof 4, 76131 Karlsruhe<\/a><\/strong><br><br>Einlass ab 30 Minuten vor Veranstaltungsbeginn. <br>Bitte beachten: <span style=\"text-decoration: underline;\">Kein Nacheinlass<\/span> m\u00f6glich!<\/p>\n\n\n<noscript>\r\n\t<div class=\"pretix-widget-no-script\">\r\n        JavaScript is disabled in your browser. To access our ticket shop without JavaScript, please click <a target=\"_blank\" rel=\"noopener\" href=\"https:\/\/pretix.eu\/planetka\/pluto\/\">here<\/a>.\t<\/div>\r\n<\/noscript>\r\n<pretix-widget event=\"https:\/\/pretix.eu\/planetka\/pluto\/\" class=\"wp-block-pretix-widget\"><\/pretix-widget>\n\n\n<p>Sollte der Buchungskalender hier nicht richtig angezeigt werden, nutzen Sie bitte folgenden Link: <a href=\"https:\/\/pretix.eu\/planetka\" target=\"_blank\" rel=\"noreferrer noopener\">https:\/\/pretix.eu\/planetka<\/a><\/p>\n\n\n\n<p><\/p>\n\n\n\n<p><\/p>\n\n\n\n<p><\/p>\n\n\n\n<div style=\"height:20px\" aria-hidden=\"true\" class=\"wp-block-spacer\"><\/div>","protected":false},"excerpt":{"rendered":"<p>+++ NEU im Programm ab 13. SEPTEMBER 2025 +++ +++ anl\u00e4sslich 95 Jahre Pluto-Entdeckung am 13.3.1930 +++ Programmbeschreibung PLUTO &#8211; Es war einmal ein Planet &#8230; Pluto: Ex*Planet mit Herz! Dieses Jahr feiern wir den 95. &#8222;Geburtstag&#8220; Plutos seit seiner<\/p>","protected":false},"author":1,"featured_media":2964,"parent":0,"menu_order":0,"comment_status":"closed","ping_status":"closed","template":"","meta":{"footnotes":""},"class_list":["post-2963","page","type-page","status-publish","has-post-thumbnail","hentry","","tg-column-two"],"featured_image_src":"https:\/\/planet-ka.de\/wp-content\/uploads\/2025\/09\/tn-p_lorri_fullframe_color.jpeg","yoast_head":"<!-- This site is optimized with the Yoast SEO plugin v27.3 - https:\/\/yoast.com\/product\/yoast-seo-wordpress\/ -->\n<title>PLUTO - Ex*Planet mit Herz - PLANET KA<\/title>\n<meta name=\"robots\" content=\"index, follow, max-snippet:-1, max-image-preview:large, max-video-preview:-1\" \/>\n<link rel=\"canonical\" href=\"https:\/\/planet-ka.de\/en\/pluto-es-war-einmal-ein-planet\/\" \/>\n<meta property=\"og:locale\" content=\"en_US\" \/>\n<meta property=\"og:type\" content=\"article\" \/>\n<meta property=\"og:title\" content=\"PLUTO - Ex*Planet mit Herz - PLANET KA\" \/>\n<meta property=\"og:description\" content=\"+++ NEU im Programm ab 13. SEPTEMBER 2025 +++ +++ anl\u00e4sslich 95 Jahre Pluto-Entdeckung am 13.3.1930 +++ Programmbeschreibung PLUTO &#8211; Es war einmal ein Planet &#8230; Pluto: Ex*Planet mit Herz! Dieses Jahr feiern wir den 95. &#8222;Geburtstag&#8220; Plutos seit seiner\" \/>\n<meta property=\"og:url\" content=\"https:\/\/planet-ka.de\/en\/pluto-es-war-einmal-ein-planet\/\" \/>\n<meta property=\"og:site_name\" content=\"PLANET KA\" \/>\n<meta property=\"article:publisher\" content=\"https:\/\/www.facebook.com\/people\/Planet-KA-Planetarium-Karlsruhe\/61573710254024\/\" \/>\n<meta property=\"article:modified_time\" content=\"2026-02-07T14:35:30+00:00\" \/>\n<meta property=\"og:image\" content=\"https:\/\/planet-ka.de\/wp-content\/uploads\/2025\/09\/tn-p_lorri_fullframe_color.jpeg\" \/>\n\t<meta property=\"og:image:width\" content=\"1041\" \/>\n\t<meta property=\"og:image:height\" content=\"1041\" \/>\n\t<meta property=\"og:image:type\" content=\"image\/jpeg\" \/>\n<script type=\"application\/ld+json\" class=\"yoast-schema-graph\">{\"@context\":\"https:\\\/\\\/schema.org\",\"@graph\":[{\"@type\":\"WebPage\",\"@id\":\"https:\\\/\\\/planet-ka.de\\\/pluto-es-war-einmal-ein-planet\\\/\",\"url\":\"https:\\\/\\\/planet-ka.de\\\/pluto-es-war-einmal-ein-planet\\\/\",\"name\":\"PLUTO - Ex*Planet mit Herz - PLANET KA\",\"isPartOf\":{\"@id\":\"https:\\\/\\\/planet-ka.de\\\/#website\"},\"primaryImageOfPage\":{\"@id\":\"https:\\\/\\\/planet-ka.de\\\/pluto-es-war-einmal-ein-planet\\\/#primaryimage\"},\"image\":{\"@id\":\"https:\\\/\\\/planet-ka.de\\\/pluto-es-war-einmal-ein-planet\\\/#primaryimage\"},\"thumbnailUrl\":\"https:\\\/\\\/planet-ka.de\\\/wp-content\\\/uploads\\\/2025\\\/09\\\/tn-p_lorri_fullframe_color.jpeg\",\"datePublished\":\"2025-09-10T07:06:37+00:00\",\"dateModified\":\"2026-02-07T14:35:30+00:00\",\"breadcrumb\":{\"@id\":\"https:\\\/\\\/planet-ka.de\\\/pluto-es-war-einmal-ein-planet\\\/#breadcrumb\"},\"inLanguage\":\"en-US\",\"potentialAction\":[{\"@type\":\"ReadAction\",\"target\":[\"https:\\\/\\\/planet-ka.de\\\/pluto-es-war-einmal-ein-planet\\\/\"]}]},{\"@type\":\"ImageObject\",\"inLanguage\":\"en-US\",\"@id\":\"https:\\\/\\\/planet-ka.de\\\/pluto-es-war-einmal-ein-planet\\\/#primaryimage\",\"url\":\"https:\\\/\\\/planet-ka.de\\\/wp-content\\\/uploads\\\/2025\\\/09\\\/tn-p_lorri_fullframe_color.jpeg\",\"contentUrl\":\"https:\\\/\\\/planet-ka.de\\\/wp-content\\\/uploads\\\/2025\\\/09\\\/tn-p_lorri_fullframe_color.jpeg\",\"width\":1041,\"height\":1041},{\"@type\":\"BreadcrumbList\",\"@id\":\"https:\\\/\\\/planet-ka.de\\\/pluto-es-war-einmal-ein-planet\\\/#breadcrumb\",\"itemListElement\":[{\"@type\":\"ListItem\",\"position\":1,\"name\":\"Startseite\",\"item\":\"https:\\\/\\\/planet-ka.de\\\/\"},{\"@type\":\"ListItem\",\"position\":2,\"name\":\"PLUTO &#8211; Ex*Planet mit Herz\"}]},{\"@type\":\"WebSite\",\"@id\":\"https:\\\/\\\/planet-ka.de\\\/#website\",\"url\":\"https:\\\/\\\/planet-ka.de\\\/\",\"name\":\"PLANET KA\",\"description\":\"Faszination Kosmos\",\"publisher\":{\"@id\":\"https:\\\/\\\/planet-ka.de\\\/#organization\"},\"potentialAction\":[{\"@type\":\"SearchAction\",\"target\":{\"@type\":\"EntryPoint\",\"urlTemplate\":\"https:\\\/\\\/planet-ka.de\\\/?s={search_term_string}\"},\"query-input\":{\"@type\":\"PropertyValueSpecification\",\"valueRequired\":true,\"valueName\":\"search_term_string\"}}],\"inLanguage\":\"en-US\"},{\"@type\":\"Organization\",\"@id\":\"https:\\\/\\\/planet-ka.de\\\/#organization\",\"name\":\"PLANET KA\",\"url\":\"https:\\\/\\\/planet-ka.de\\\/\",\"logo\":{\"@type\":\"ImageObject\",\"inLanguage\":\"en-US\",\"@id\":\"https:\\\/\\\/planet-ka.de\\\/#\\\/schema\\\/logo\\\/image\\\/\",\"url\":\"https:\\\/\\\/planet-ka.de\\\/wp-content\\\/uploads\\\/2025\\\/03\\\/cropped-Logo-Banner-Website-Jan-25_19.png\",\"contentUrl\":\"https:\\\/\\\/planet-ka.de\\\/wp-content\\\/uploads\\\/2025\\\/03\\\/cropped-Logo-Banner-Website-Jan-25_19.png\",\"width\":225,\"height\":66,\"caption\":\"PLANET KA\"},\"image\":{\"@id\":\"https:\\\/\\\/planet-ka.de\\\/#\\\/schema\\\/logo\\\/image\\\/\"},\"sameAs\":[\"https:\\\/\\\/www.facebook.com\\\/people\\\/Planet-KA-Planetarium-Karlsruhe\\\/61573710254024\\\/\",\"https:\\\/\\\/www.instagram.com\\\/planetarium_karlsruhe\\\/\"]}]}<\/script>\n<!-- \/ Yoast SEO plugin. -->","yoast_head_json":{"title":"PLUTO - Ex*Planet mit Herz - PLANET KA","robots":{"index":"index","follow":"follow","max-snippet":"max-snippet:-1","max-image-preview":"max-image-preview:large","max-video-preview":"max-video-preview:-1"},"canonical":"https:\/\/planet-ka.de\/en\/pluto-es-war-einmal-ein-planet\/","og_locale":"en_US","og_type":"article","og_title":"PLUTO - Ex*Planet mit Herz - PLANET KA","og_description":"+++ NEU im Programm ab 13. SEPTEMBER 2025 +++ +++ anl\u00e4sslich 95 Jahre Pluto-Entdeckung am 13.3.1930 +++ Programmbeschreibung PLUTO &#8211; Es war einmal ein Planet &#8230; Pluto: Ex*Planet mit Herz! Dieses Jahr feiern wir den 95. &#8222;Geburtstag&#8220; Plutos seit seiner","og_url":"https:\/\/planet-ka.de\/en\/pluto-es-war-einmal-ein-planet\/","og_site_name":"PLANET KA","article_publisher":"https:\/\/www.facebook.com\/people\/Planet-KA-Planetarium-Karlsruhe\/61573710254024\/","article_modified_time":"2026-02-07T14:35:30+00:00","og_image":[{"width":1041,"height":1041,"url":"https:\/\/planet-ka.de\/wp-content\/uploads\/2025\/09\/tn-p_lorri_fullframe_color.jpeg","type":"image\/jpeg"}],"schema":{"@context":"https:\/\/schema.org","@graph":[{"@type":"WebPage","@id":"https:\/\/planet-ka.de\/pluto-es-war-einmal-ein-planet\/","url":"https:\/\/planet-ka.de\/pluto-es-war-einmal-ein-planet\/","name":"PLUTO - Ex*Planet mit Herz - PLANET KA","isPartOf":{"@id":"https:\/\/planet-ka.de\/#website"},"primaryImageOfPage":{"@id":"https:\/\/planet-ka.de\/pluto-es-war-einmal-ein-planet\/#primaryimage"},"image":{"@id":"https:\/\/planet-ka.de\/pluto-es-war-einmal-ein-planet\/#primaryimage"},"thumbnailUrl":"https:\/\/planet-ka.de\/wp-content\/uploads\/2025\/09\/tn-p_lorri_fullframe_color.jpeg","datePublished":"2025-09-10T07:06:37+00:00","dateModified":"2026-02-07T14:35:30+00:00","breadcrumb":{"@id":"https:\/\/planet-ka.de\/pluto-es-war-einmal-ein-planet\/#breadcrumb"},"inLanguage":"en-US","potentialAction":[{"@type":"ReadAction","target":["https:\/\/planet-ka.de\/pluto-es-war-einmal-ein-planet\/"]}]},{"@type":"ImageObject","inLanguage":"en-US","@id":"https:\/\/planet-ka.de\/pluto-es-war-einmal-ein-planet\/#primaryimage","url":"https:\/\/planet-ka.de\/wp-content\/uploads\/2025\/09\/tn-p_lorri_fullframe_color.jpeg","contentUrl":"https:\/\/planet-ka.de\/wp-content\/uploads\/2025\/09\/tn-p_lorri_fullframe_color.jpeg","width":1041,"height":1041},{"@type":"BreadcrumbList","@id":"https:\/\/planet-ka.de\/pluto-es-war-einmal-ein-planet\/#breadcrumb","itemListElement":[{"@type":"ListItem","position":1,"name":"Startseite","item":"https:\/\/planet-ka.de\/"},{"@type":"ListItem","position":2,"name":"PLUTO &#8211; Ex*Planet mit Herz"}]},{"@type":"WebSite","@id":"https:\/\/planet-ka.de\/#website","url":"https:\/\/planet-ka.de\/","name":"PLANET KA","description":"Cosmic Fascination","publisher":{"@id":"https:\/\/planet-ka.de\/#organization"},"potentialAction":[{"@type":"SearchAction","target":{"@type":"EntryPoint","urlTemplate":"https:\/\/planet-ka.de\/?s={search_term_string}"},"query-input":{"@type":"PropertyValueSpecification","valueRequired":true,"valueName":"search_term_string"}}],"inLanguage":"en-US"},{"@type":"Organization","@id":"https:\/\/planet-ka.de\/#organization","name":"PLANET KA","url":"https:\/\/planet-ka.de\/","logo":{"@type":"ImageObject","inLanguage":"en-US","@id":"https:\/\/planet-ka.de\/#\/schema\/logo\/image\/","url":"https:\/\/planet-ka.de\/wp-content\/uploads\/2025\/03\/cropped-Logo-Banner-Website-Jan-25_19.png","contentUrl":"https:\/\/planet-ka.de\/wp-content\/uploads\/2025\/03\/cropped-Logo-Banner-Website-Jan-25_19.png","width":225,"height":66,"caption":"PLANET KA"},"image":{"@id":"https:\/\/planet-ka.de\/#\/schema\/logo\/image\/"},"sameAs":["https:\/\/www.facebook.com\/people\/Planet-KA-Planetarium-Karlsruhe\/61573710254024\/","https:\/\/www.instagram.com\/planetarium_karlsruhe\/"]}]}},"_links":{"self":[{"href":"https:\/\/planet-ka.de\/en\/wp-json\/wp\/v2\/pages\/2963","targetHints":{"allow":["GET"]}}],"collection":[{"href":"https:\/\/planet-ka.de\/en\/wp-json\/wp\/v2\/pages"}],"about":[{"href":"https:\/\/planet-ka.de\/en\/wp-json\/wp\/v2\/types\/page"}],"author":[{"embeddable":true,"href":"https:\/\/planet-ka.de\/en\/wp-json\/wp\/v2\/users\/1"}],"replies":[{"embeddable":true,"href":"https:\/\/planet-ka.de\/en\/wp-json\/wp\/v2\/comments?post=2963"}],"version-history":[{"count":6,"href":"https:\/\/planet-ka.de\/en\/wp-json\/wp\/v2\/pages\/2963\/revisions"}],"predecessor-version":[{"id":3471,"href":"https:\/\/planet-ka.de\/en\/wp-json\/wp\/v2\/pages\/2963\/revisions\/3471"}],"wp:featuredmedia":[{"embeddable":true,"href":"https:\/\/planet-ka.de\/en\/wp-json\/wp\/v2\/media\/2964"}],"wp:attachment":[{"href":"https:\/\/planet-ka.de\/en\/wp-json\/wp\/v2\/media?parent=2963"}],"curies":[{"name":"wp","href":"https:\/\/api.w.org\/{rel}","templated":true}]}}