{"id":3089,"date":"2025-10-22T10:41:45","date_gmt":"2025-10-22T08:41:45","guid":{"rendered":"https:\/\/planet-ka.de\/?page_id=3089"},"modified":"2026-02-07T15:36:29","modified_gmt":"2026-02-07T14:36:29","slug":"stups-die-kleine-sternschnuppe","status":"publish","type":"page","link":"https:\/\/planet-ka.de\/en\/stups-die-kleine-sternschnuppe\/","title":{"rendered":"STUPS, die kleine Sternschnuppe"},"content":{"rendered":"<div class=\"wp-block-media-text is-stacked-on-mobile\" style=\"grid-template-columns:41% auto\"><figure class=\"wp-block-media-text__media\"><img loading=\"lazy\" decoding=\"async\" width=\"1024\" height=\"683\" src=\"https:\/\/planet-ka.de\/wp-content\/uploads\/2026\/02\/Stups-1-1024x683.png\" alt=\"\" class=\"wp-image-3474 size-full\" srcset=\"https:\/\/planet-ka.de\/wp-content\/uploads\/2026\/02\/Stups-1-1024x683.png 1024w, https:\/\/planet-ka.de\/wp-content\/uploads\/2026\/02\/Stups-1-300x200.png 300w, https:\/\/planet-ka.de\/wp-content\/uploads\/2026\/02\/Stups-1-768x512.png 768w, https:\/\/planet-ka.de\/wp-content\/uploads\/2026\/02\/Stups-1.png 1536w\" sizes=\"auto, (max-width: 1024px) 100vw, 1024px\" \/><\/figure><div class=\"wp-block-media-text__content\">\n<h6 class=\"wp-block-heading\">KINDER- &amp; FAMILIENPROGRAMM:<\/h6>\n\n\n\n<h3 class=\"wp-block-heading\"><strong>STUPS, die kleine Sternschnuppe<\/strong><\/h3>\n\n\n\n<h6 class=\"wp-block-heading\">Einst lebte Stups auf dem Komet Rasefix. Doch der hat sie abgesch\u00fcttelt. Jetzt fliegt sie allein durchs Sonnensystem. Wo kann sie landen?<\/h6>\n\n\n\n<p><strong>F\u00fcr Kinder ab 4 Jahren &amp; die ganze Familie<\/strong><\/p>\n\n\n\n<div class=\"wp-block-buttons is-content-justification-center is-layout-flex wp-container-core-buttons-is-layout-16018d1d wp-block-buttons-is-layout-flex\">\n<div class=\"wp-block-button has-custom-width wp-block-button__width-50 is-style-outline is-style-outline--1\" id=\"flaptic\"><a class=\"wp-block-button__link has-white-color has-text-color has-background has-link-color has-text-align-center has-custom-font-size wp-element-button\" href=\"#stuptic\" style=\"border-radius:100px;background-color:#022647;font-size:17px\">Termine &amp; Tickets<\/a><\/div>\n<\/div>\n<\/div><\/div>\n\n\n\n<div style=\"height:20px\" aria-hidden=\"true\" class=\"wp-block-spacer\"><\/div>\n\n\n\n<h2 class=\"wp-block-heading\">Beschreibung<\/h2>\n\n\n\n<h1 class=\"wp-block-heading\">Stups, die kleine Sternschnuppe<\/h1>\n\n\n\n<p>Stups ist eine kleine Sternschnuppe, die ihre Heimat, den Kometen Rasefix, verloren hat, als dieser einmal viel zu eng um die Sonne kreiste. Seitdem sucht sie eine neue Heimat, aber sie wei\u00df nicht, wo sie anfangen soll. Die Sonne ist zu hei\u00df, der Mond schickt Stups weg, da ihre gro\u00dfen Geschwister schon so viele L\u00f6cher in ihn geschlagen haben. Auf Saturn erlebt Stups etwas ganz Eigenartiges \u2013 tausende ihrer Br\u00fcder und Schwestern sind im Ring des Planeten gefangen und m\u00fcssen nun ewig um ihn kreisen. Ob Stups ein neues Zuhause findet?<\/p>\n\n\n\n<p><small>Bild&nbsp;\u00a9 Zeichnung: D. Pommer<\/small><\/p>\n\n\n<div class=\"wp-block-ub-divider ub_divider ub-divider-orientation-horizontal\" id=\"ub_divider_debf47ad-9fe0-48e8-820a-dcccb224ffa6\"><div class=\"ub_divider_wrapper\" style=\"position: relative; margin-bottom: 2px; width: 100%; height: 2px; \" data-divider-alignment=\"center\"><div class=\"ub_divider_line\" style=\"border-top: 1px solid #ccc; margin-top: 2px; \"><\/div><\/div><\/div>\n\n\n<div style=\"height:9px\" aria-hidden=\"true\" class=\"wp-block-spacer\"><\/div>\n\n\n\n<h2 class=\"wp-block-heading\" id=\"stuptic\">Termine &amp; Tickets<\/h2>\n\n\n\n<p>Empfohlen ab 4 Jahren.<br>Dauer der Veranstaltung: ca. 50 Minuten<\/p>\n\n\n\n<p>Einlass: ab ca. 30 Min. vor Beginn.<br>Wir empfehlen die Ticketbuchung vorab online. <br>Keine Garantie f\u00fcr Restkarten an der Tageskasse.<br><br>Bitte beachten: Kein Nacheinlass! Bitte seien Sie p\u00fcnktlich vor Ort.<br>Ungenutzte Tickets verfallen ersatzlos.<\/p>\n\n\n<noscript>\r\n\t<div class=\"pretix-widget-no-script\">\r\n        JavaScript is disabled in your browser. To access our ticket shop without JavaScript, please click <a target=\"_blank\" rel=\"noopener\" href=\"https:\/\/pretix.eu\/planetka\/stups\/\">here<\/a>.\t<\/div>\r\n<\/noscript>\r\n<pretix-widget event=\"https:\/\/pretix.eu\/planetka\/stups\/\" class=\"wp-block-pretix-widget\"><\/pretix-widget>\n\n<div class=\"wp-block-ub-divider ub_divider ub-divider-orientation-horizontal\" id=\"ub_divider_5b301451-5628-4fa0-8354-077c456f692f\"><div class=\"ub_divider_wrapper\" style=\"position: relative; margin-bottom: 2px; width: 100%; height: 2px; \" data-divider-alignment=\"center\"><div class=\"ub_divider_line\" style=\"border-top: 1px solid #ccc; margin-top: 2px; \"><\/div><\/div><\/div>\n\n\n<p>Sollte der Kalender hier nicht richtig angezeigt werden, nutzen Sie bitte folgenden Link: <a href=\"http:\/\/pretix.eu\/planetka\/stups\" target=\"_blank\" rel=\"noreferrer noopener\">pretix.eu\/planetka\/stups<\/a><\/p>\n\n\n\n<div style=\"height:37px\" aria-hidden=\"true\" class=\"wp-block-spacer\"><\/div>","protected":false},"excerpt":{"rendered":"<p>Stups, die kleine Sternschnuppe, sucht eine neue Heimat im Sonnensystem. Auf welchem Planeten wird sie landen?<\/p>","protected":false},"author":1,"featured_media":3090,"parent":0,"menu_order":0,"comment_status":"closed","ping_status":"closed","template":"","meta":{"footnotes":""},"class_list":["post-3089","page","type-page","status-publish","has-post-thumbnail","hentry","","tg-column-two"],"featured_image_src":"https:\/\/planet-ka.de\/wp-content\/uploads\/2025\/10\/Stups01.jpg","yoast_head":"<!-- This site is optimized with the Yoast SEO plugin v27.3 - https:\/\/yoast.com\/product\/yoast-seo-wordpress\/ -->\n<title>STUPS, die kleine Sternschnuppe - PLANET KA<\/title>\n<meta name=\"robots\" content=\"index, follow, max-snippet:-1, max-image-preview:large, max-video-preview:-1\" \/>\n<link rel=\"canonical\" href=\"https:\/\/planet-ka.de\/en\/stups-die-kleine-sternschnuppe\/\" \/>\n<meta property=\"og:locale\" content=\"en_US\" \/>\n<meta property=\"og:type\" content=\"article\" \/>\n<meta property=\"og:title\" content=\"STUPS, die kleine Sternschnuppe - PLANET KA\" \/>\n<meta property=\"og:description\" content=\"Stups, die kleine Sternschnuppe, sucht eine neue Heimat im Sonnensystem. Auf welchem Planeten wird sie landen?\" \/>\n<meta property=\"og:url\" content=\"https:\/\/planet-ka.de\/en\/stups-die-kleine-sternschnuppe\/\" \/>\n<meta property=\"og:site_name\" content=\"PLANET KA\" \/>\n<meta property=\"article:publisher\" content=\"https:\/\/www.facebook.com\/people\/Planet-KA-Planetarium-Karlsruhe\/61573710254024\/\" \/>\n<meta property=\"article:modified_time\" content=\"2026-02-07T14:36:29+00:00\" \/>\n<meta property=\"og:image\" content=\"https:\/\/planet-ka.de\/wp-content\/uploads\/2025\/10\/Stups01.jpg\" \/>\n\t<meta property=\"og:image:width\" content=\"768\" \/>\n\t<meta property=\"og:image:height\" content=\"576\" \/>\n\t<meta property=\"og:image:type\" content=\"image\/jpeg\" \/>\n<script type=\"application\/ld+json\" class=\"yoast-schema-graph\">{\"@context\":\"https:\\\/\\\/schema.org\",\"@graph\":[{\"@type\":\"WebPage\",\"@id\":\"https:\\\/\\\/planet-ka.de\\\/stups-die-kleine-sternschnuppe\\\/\",\"url\":\"https:\\\/\\\/planet-ka.de\\\/stups-die-kleine-sternschnuppe\\\/\",\"name\":\"STUPS, die kleine Sternschnuppe - PLANET KA\",\"isPartOf\":{\"@id\":\"https:\\\/\\\/planet-ka.de\\\/#website\"},\"primaryImageOfPage\":{\"@id\":\"https:\\\/\\\/planet-ka.de\\\/stups-die-kleine-sternschnuppe\\\/#primaryimage\"},\"image\":{\"@id\":\"https:\\\/\\\/planet-ka.de\\\/stups-die-kleine-sternschnuppe\\\/#primaryimage\"},\"thumbnailUrl\":\"https:\\\/\\\/planet-ka.de\\\/wp-content\\\/uploads\\\/2025\\\/10\\\/Stups01.jpg\",\"datePublished\":\"2025-10-22T08:41:45+00:00\",\"dateModified\":\"2026-02-07T14:36:29+00:00\",\"breadcrumb\":{\"@id\":\"https:\\\/\\\/planet-ka.de\\\/stups-die-kleine-sternschnuppe\\\/#breadcrumb\"},\"inLanguage\":\"en-US\",\"potentialAction\":[{\"@type\":\"ReadAction\",\"target\":[\"https:\\\/\\\/planet-ka.de\\\/stups-die-kleine-sternschnuppe\\\/\"]}]},{\"@type\":\"ImageObject\",\"inLanguage\":\"en-US\",\"@id\":\"https:\\\/\\\/planet-ka.de\\\/stups-die-kleine-sternschnuppe\\\/#primaryimage\",\"url\":\"https:\\\/\\\/planet-ka.de\\\/wp-content\\\/uploads\\\/2025\\\/10\\\/Stups01.jpg\",\"contentUrl\":\"https:\\\/\\\/planet-ka.de\\\/wp-content\\\/uploads\\\/2025\\\/10\\\/Stups01.jpg\",\"width\":768,\"height\":576},{\"@type\":\"BreadcrumbList\",\"@id\":\"https:\\\/\\\/planet-ka.de\\\/stups-die-kleine-sternschnuppe\\\/#breadcrumb\",\"itemListElement\":[{\"@type\":\"ListItem\",\"position\":1,\"name\":\"Startseite\",\"item\":\"https:\\\/\\\/planet-ka.de\\\/\"},{\"@type\":\"ListItem\",\"position\":2,\"name\":\"STUPS, die kleine Sternschnuppe\"}]},{\"@type\":\"WebSite\",\"@id\":\"https:\\\/\\\/planet-ka.de\\\/#website\",\"url\":\"https:\\\/\\\/planet-ka.de\\\/\",\"name\":\"PLANET KA\",\"description\":\"Faszination Kosmos\",\"publisher\":{\"@id\":\"https:\\\/\\\/planet-ka.de\\\/#organization\"},\"potentialAction\":[{\"@type\":\"SearchAction\",\"target\":{\"@type\":\"EntryPoint\",\"urlTemplate\":\"https:\\\/\\\/planet-ka.de\\\/?s={search_term_string}\"},\"query-input\":{\"@type\":\"PropertyValueSpecification\",\"valueRequired\":true,\"valueName\":\"search_term_string\"}}],\"inLanguage\":\"en-US\"},{\"@type\":\"Organization\",\"@id\":\"https:\\\/\\\/planet-ka.de\\\/#organization\",\"name\":\"PLANET KA\",\"url\":\"https:\\\/\\\/planet-ka.de\\\/\",\"logo\":{\"@type\":\"ImageObject\",\"inLanguage\":\"en-US\",\"@id\":\"https:\\\/\\\/planet-ka.de\\\/#\\\/schema\\\/logo\\\/image\\\/\",\"url\":\"https:\\\/\\\/planet-ka.de\\\/wp-content\\\/uploads\\\/2025\\\/03\\\/cropped-Logo-Banner-Website-Jan-25_19.png\",\"contentUrl\":\"https:\\\/\\\/planet-ka.de\\\/wp-content\\\/uploads\\\/2025\\\/03\\\/cropped-Logo-Banner-Website-Jan-25_19.png\",\"width\":225,\"height\":66,\"caption\":\"PLANET KA\"},\"image\":{\"@id\":\"https:\\\/\\\/planet-ka.de\\\/#\\\/schema\\\/logo\\\/image\\\/\"},\"sameAs\":[\"https:\\\/\\\/www.facebook.com\\\/people\\\/Planet-KA-Planetarium-Karlsruhe\\\/61573710254024\\\/\",\"https:\\\/\\\/www.instagram.com\\\/planetarium_karlsruhe\\\/\"]}]}<\/script>\n<!-- \/ Yoast SEO plugin. -->","yoast_head_json":{"title":"STUPS, die kleine Sternschnuppe - PLANET KA","robots":{"index":"index","follow":"follow","max-snippet":"max-snippet:-1","max-image-preview":"max-image-preview:large","max-video-preview":"max-video-preview:-1"},"canonical":"https:\/\/planet-ka.de\/en\/stups-die-kleine-sternschnuppe\/","og_locale":"en_US","og_type":"article","og_title":"STUPS, die kleine Sternschnuppe - PLANET KA","og_description":"Stups, die kleine Sternschnuppe, sucht eine neue Heimat im Sonnensystem. Auf welchem Planeten wird sie landen?","og_url":"https:\/\/planet-ka.de\/en\/stups-die-kleine-sternschnuppe\/","og_site_name":"PLANET KA","article_publisher":"https:\/\/www.facebook.com\/people\/Planet-KA-Planetarium-Karlsruhe\/61573710254024\/","article_modified_time":"2026-02-07T14:36:29+00:00","og_image":[{"width":768,"height":576,"url":"https:\/\/planet-ka.de\/wp-content\/uploads\/2025\/10\/Stups01.jpg","type":"image\/jpeg"}],"schema":{"@context":"https:\/\/schema.org","@graph":[{"@type":"WebPage","@id":"https:\/\/planet-ka.de\/stups-die-kleine-sternschnuppe\/","url":"https:\/\/planet-ka.de\/stups-die-kleine-sternschnuppe\/","name":"STUPS, die kleine Sternschnuppe - PLANET KA","isPartOf":{"@id":"https:\/\/planet-ka.de\/#website"},"primaryImageOfPage":{"@id":"https:\/\/planet-ka.de\/stups-die-kleine-sternschnuppe\/#primaryimage"},"image":{"@id":"https:\/\/planet-ka.de\/stups-die-kleine-sternschnuppe\/#primaryimage"},"thumbnailUrl":"https:\/\/planet-ka.de\/wp-content\/uploads\/2025\/10\/Stups01.jpg","datePublished":"2025-10-22T08:41:45+00:00","dateModified":"2026-02-07T14:36:29+00:00","breadcrumb":{"@id":"https:\/\/planet-ka.de\/stups-die-kleine-sternschnuppe\/#breadcrumb"},"inLanguage":"en-US","potentialAction":[{"@type":"ReadAction","target":["https:\/\/planet-ka.de\/stups-die-kleine-sternschnuppe\/"]}]},{"@type":"ImageObject","inLanguage":"en-US","@id":"https:\/\/planet-ka.de\/stups-die-kleine-sternschnuppe\/#primaryimage","url":"https:\/\/planet-ka.de\/wp-content\/uploads\/2025\/10\/Stups01.jpg","contentUrl":"https:\/\/planet-ka.de\/wp-content\/uploads\/2025\/10\/Stups01.jpg","width":768,"height":576},{"@type":"BreadcrumbList","@id":"https:\/\/planet-ka.de\/stups-die-kleine-sternschnuppe\/#breadcrumb","itemListElement":[{"@type":"ListItem","position":1,"name":"Startseite","item":"https:\/\/planet-ka.de\/"},{"@type":"ListItem","position":2,"name":"STUPS, die kleine Sternschnuppe"}]},{"@type":"WebSite","@id":"https:\/\/planet-ka.de\/#website","url":"https:\/\/planet-ka.de\/","name":"PLANET KA","description":"Cosmic Fascination","publisher":{"@id":"https:\/\/planet-ka.de\/#organization"},"potentialAction":[{"@type":"SearchAction","target":{"@type":"EntryPoint","urlTemplate":"https:\/\/planet-ka.de\/?s={search_term_string}"},"query-input":{"@type":"PropertyValueSpecification","valueRequired":true,"valueName":"search_term_string"}}],"inLanguage":"en-US"},{"@type":"Organization","@id":"https:\/\/planet-ka.de\/#organization","name":"PLANET KA","url":"https:\/\/planet-ka.de\/","logo":{"@type":"ImageObject","inLanguage":"en-US","@id":"https:\/\/planet-ka.de\/#\/schema\/logo\/image\/","url":"https:\/\/planet-ka.de\/wp-content\/uploads\/2025\/03\/cropped-Logo-Banner-Website-Jan-25_19.png","contentUrl":"https:\/\/planet-ka.de\/wp-content\/uploads\/2025\/03\/cropped-Logo-Banner-Website-Jan-25_19.png","width":225,"height":66,"caption":"PLANET KA"},"image":{"@id":"https:\/\/planet-ka.de\/#\/schema\/logo\/image\/"},"sameAs":["https:\/\/www.facebook.com\/people\/Planet-KA-Planetarium-Karlsruhe\/61573710254024\/","https:\/\/www.instagram.com\/planetarium_karlsruhe\/"]}]}},"_links":{"self":[{"href":"https:\/\/planet-ka.de\/en\/wp-json\/wp\/v2\/pages\/3089","targetHints":{"allow":["GET"]}}],"collection":[{"href":"https:\/\/planet-ka.de\/en\/wp-json\/wp\/v2\/pages"}],"about":[{"href":"https:\/\/planet-ka.de\/en\/wp-json\/wp\/v2\/types\/page"}],"author":[{"embeddable":true,"href":"https:\/\/planet-ka.de\/en\/wp-json\/wp\/v2\/users\/1"}],"replies":[{"embeddable":true,"href":"https:\/\/planet-ka.de\/en\/wp-json\/wp\/v2\/comments?post=3089"}],"version-history":[{"count":4,"href":"https:\/\/planet-ka.de\/en\/wp-json\/wp\/v2\/pages\/3089\/revisions"}],"predecessor-version":[{"id":3475,"href":"https:\/\/planet-ka.de\/en\/wp-json\/wp\/v2\/pages\/3089\/revisions\/3475"}],"wp:featuredmedia":[{"embeddable":true,"href":"https:\/\/planet-ka.de\/en\/wp-json\/wp\/v2\/media\/3090"}],"wp:attachment":[{"href":"https:\/\/planet-ka.de\/en\/wp-json\/wp\/v2\/media?parent=3089"}],"curies":[{"name":"wp","href":"https:\/\/api.w.org\/{rel}","templated":true}]}}