{"id":3099,"date":"2025-10-22T19:17:21","date_gmt":"2025-10-22T17:17:21","guid":{"rendered":"https:\/\/planet-ka.de\/?page_id=3099"},"modified":"2025-12-12T13:29:42","modified_gmt":"2025-12-12T12:29:42","slug":"aktuelles-am-himmel","status":"publish","type":"page","link":"https:\/\/planet-ka.de\/en\/aktuelles-am-himmel\/","title":{"rendered":"Current Sky Events"},"content":{"rendered":"<div class=\"wp-block-media-text is-stacked-on-mobile\" style=\"grid-template-columns:55% auto\"><figure class=\"wp-block-media-text__media\"><img loading=\"lazy\" decoding=\"async\" width=\"1024\" height=\"768\" src=\"https:\/\/planet-ka.de\/wp-content\/uploads\/2025\/10\/eso1049a-GRB-aktuell-1024x768.jpg\" alt=\"\" class=\"wp-image-3101 size-full\" srcset=\"https:\/\/planet-ka.de\/wp-content\/uploads\/2025\/10\/eso1049a-GRB-aktuell-1024x768.jpg 1024w, https:\/\/planet-ka.de\/wp-content\/uploads\/2025\/10\/eso1049a-GRB-aktuell-300x225.jpg 300w, https:\/\/planet-ka.de\/wp-content\/uploads\/2025\/10\/eso1049a-GRB-aktuell-768x576.jpg 768w, https:\/\/planet-ka.de\/wp-content\/uploads\/2025\/10\/eso1049a-GRB-aktuell.jpg 1280w\" sizes=\"auto, (max-width: 1024px) 100vw, 1024px\" \/><\/figure><div class=\"wp-block-media-text__content\">\n<h2 class=\"wp-block-heading\">Current Sky Events<\/h2>\n\n\n\n<h6 class=\"wp-block-heading\">Veranstaltungs- und Beobachtungstipps zu besonderen Himmelsereignissen<\/h6>\n\n\n\n<p>Komet, Supernova, Sternschnuppenstrom oder Mond-Quincunx&#8230; Was gibt es aktuell zu beobachten?<\/p>\n\n\n\n<p><\/p>\n<\/div><\/div>\n\n\n\n<div style=\"height:36px\" aria-hidden=\"true\" class=\"wp-block-spacer\"><\/div>\n\n\n\n<h2 class=\"wp-block-heading\">Oktober 2025: <br>Kometen, Mondph\u00e4nomene und Theater<\/h2>\n\n\n\n<p>Gleich <strong>zwei Feldstecher-Kometen<\/strong> auf einmal stehen der Erde besonders nah und sind, wo vielleicht nicht ganz mit blo\u00dfem Auge, doch schon im kleinen Feldstecher leicht am Himmel zu verfolgen:<\/p>\n\n\n\n<p><strong><a href=\"https:\/\/theskylive.com\/c2025a6-info\" target=\"_blank\" rel=\"noreferrer noopener\">Komet C\/2025 A6 (Lemmon)<\/a><\/strong> und <strong><a href=\"https:\/\/theskylive.com\/c2025r2-info\" target=\"_blank\" rel=\"noreferrer noopener\">Komet C\/2025 R2 (SWAN)<\/a><\/strong><\/p>\n\n\n\n<p>Die Position von beiden ist zu jeder Zeit am einfachsten in <a href=\"https:\/\/stellarium-web.org\">Stellarium-Web<\/a> zu finden (wie auch in der Stellarium-App oder der kostenfreien Stellarium-Desktopversion). <\/p>\n\n\n\n<p>Sofern die Wetter-, Licht- &amp; Sichtverh\u00e4ltnisse es erlauben, versuchen wir nat\u00fcrlich auch, spannende aktuelle Himmelsobjekte, wie z.B. diese beiden Kometen, mit unseren Teleskopen von der Beobachtungsterrasse oder dem direkt vor der T\u00fcr gelegenen Otto-D.-Park aus in den Blick zu nehmen. <br>Es lohnt sich also bei klarem Himmel gleich doppelt, ins Planetarium zu gehen. Es gen\u00fcgt das normale Ticket; die Teleskopbeobachtung kostet nichts extra &#8211; ist allerdings nicht unabh\u00e4ngig von einem Planetariumsbesuch m\u00f6glich.<\/p>\n\n\n<div class=\"wp-block-ub-divider ub_divider ub-divider-orientation-horizontal\" id=\"ub_divider_8dab226d-b709-4e13-bae9-426bc2baccc5\"><div class=\"ub_divider_wrapper\" style=\"position: relative; margin-bottom: 2px; width: 100%; height: 2px; \" data-divider-alignment=\"center\"><div class=\"ub_divider_line\" style=\"border-top: 1px solid #ccc; margin-top: 2px; \"><\/div><\/div><\/div>\n\n\n<h5 class=\"wp-block-heading\">Zwei, drei Mondph\u00e4nomene zu Monatsende<\/h5>\n\n\n\n<p>Am 28., 30. und 31.10. sind abends besondere Licht- und Schattenspiele auf dem Mond zu beobachten: das &#8220;Lunar X&#8221;, der &#8220;Quincunx&#8221; und der &#8220;Goldene Henkel&#8221;. Was hat es damit auf sich und wann und wie kann man es beobachten?<\/p>\n\n\n\n<p>Erst mit teleskopischer Vergr\u00f6\u00dferung ist zu erkennen, dass es auf dem Mond reliefartige Struktur gibt: Berge, T\u00e4ler, Krater, Gr\u00e4ben usw. Da auch der Mond rotiert, gibt es auch auf dem Mond Tag und Nacht (je knapp zwei Wochen). Bei Sonnenauf- oder -untergang kommt es an bestimmten Strukturen zu besonders sehenswerten Lichterscheinungen, die jeweils wenige Stunden dauern und daher h\u00f6chstens wenige Male pro Jahr von einem bestimmten  Beobachtungsort der Erde aus zu sehen sind (der Mond muss daf\u00fcr ja um die Zeit \u00fcber dem Horizont stehen, und es sollte dunkel genug sein f\u00fcr den Kontrast). <\/p>\n\n\n\n<p>Beim Lunar X sieht man eben ein solches, ein &#8220;X&#8221; auf dem Mond aufleuchten. Der Quincunx ist einfach eine W\u00fcrfel-F\u00fcnf, also f\u00fcnf W\u00fcrfelaugen, die erscheinen (f\u00fcnf Bergspitzen), und der &#8220;Goldene Henkel&#8221; ist eben ein solcher: eine halbrunde Gebirgskette an der Regenbogenbucht, die im aufgehenden Morgensonnenlicht (wohlgemerkt: der Morgensonne auf dem Mond!) wie ein Henkel am Halbmond wirkt.<\/p>\n\n\n\n<p>Zugegeben: am 28.10. wird es sportlich bis unm\u00f6glich, das Lunar X zu sehen, da der Mond schon sehr tief, nur noch wenige Grad \u00fcberm Horizont steht. Es braucht ganz freien Horizont und sehr klare Luft, damit der Versuch lohnt. <\/p>\n\n\n\n<p>Am 30. und 31.10. hingegen hat man leichtes Spiel, wenn das Wetter mitspielt. <\/p>\n\n\n\n<p>Einen umfassenden \u00dcberblick \u00fcber alle visuellen Mondeffekte sowie die Zeiten f\u00fcr einen bestimmten Beobachtungsort stellt die Seite <a href=\"https:\/\/www.der-mond.de\/mond-aktuell\/aktuelle-zeiten-zu-visuellen-mond-effekten\" target=\"_blank\" rel=\"noreferrer noopener\">der-mond.de<\/a> bereit.<\/p>\n\n\n\n<p><strong>28.10. Lunar X: 21:05 bis ca. 21:30 Uhr<br><\/strong>Der Mond steht im S\u00fcdwesten kurz vor seinem Untergang nur wenige Grad hoch.<br><strong><em>&#8211;&gt; VeranstaltungsTIPP<\/em><\/strong>: Von 19 bis 20 Uhr bringen wir das Programm &#8220;<strong><a href=\"https:\/\/planet-ka.de\/en\/mondlicht\/\" target=\"_blank\" rel=\"noreferrer noopener\">Monds\u00fcchtig<\/a><\/strong>&#8221; und w\u00fcrden im Anschluss ab ca. 20.30h vom kleinen Wendeplatz hinterm Planetarium, wo es in den Otto-D-Park geht einen Beobachtungsplatz einnehmen. <br>Auch wenn der Mond f\u00fcr das Lunar X wom\u00f6glich schon zu tief stehen wird<\/p>\n\n\n\n<p><strong>30.10. Quincunx: 21:25 bis 23:25 mit H\u00f6hepunkt um 22:25 Uhr<\/strong><br>Der Mond steht diesmal noch ein, zwei Handbreit hoch \u00fcberm S\u00fcdwest-Horizont, um eine gute Beobachtung zu erm\u00f6glichen.<br>Sofern das Wetter sich gn\u00e4dig zeigt, kann man sein W\u00fcrfelgl\u00fcck am Mond versuchen. Gott w\u00fcrfelt nicht, sagte Einstein. Der Mond schon. Wie hoffentlich zu sehen sein wird.<br><strong><em>&#8211;&gt; VeranstaltungsTIPP<\/em><\/strong>: Von 21 bis 22 Uhr bringen wir das Programm &#8220;<strong><a href=\"https:\/\/planet-ka.de\/en\/mondlicht\/\" target=\"_blank\" rel=\"noreferrer noopener\">Monds\u00fcchtig<\/a><\/strong>&#8221; und w\u00fcrden im Anschluss die Beobachtung versuchen.<\/p>\n\n\n\n<p><strong>31.10. Goldener Halloween-Henkel: ab 22:30 bis kurz nach 1 Uhr<\/strong><br>Ein wunderbares Halloween-Geschenk des Mondes. <br><strong><em>&#8211;&gt; TIPP:  <\/em><\/strong>Um <strong>21 Uhr<\/strong> unser Programm &#8220;<a href=\"https:\/\/planet-ka.de\/en\/mondlicht\/\" target=\"_blank\" rel=\"noreferrer noopener\"><strong>Monds\u00fcchtig<\/strong><\/a>&#8221; besuchen (bis 22 Uhr) und dann ab 22:30 zur gemeinsamen Teleskopbeobachtung.<br>Oder <strong><em>TIPP<\/em><\/strong>: Zur <em>Late night special<\/em><strong><a href=\"https:\/\/planet-ka.de\/en\/the-dark-side-of-the-moon\/\" target=\"_blank\" rel=\"noreferrer noopener\"> 22.30-Uhr-Vorstellung von &#8220;Pink Floyd: The Dark Side of the Moon&#8221;<\/a><\/strong> kommen und zu Beginn und nach Ende einen Live-Blick auf dieses Mondph\u00e4nomen werfen, das passend zur Cover-Gestaltung des Albums in der Regenbogenbucht stattfindet.<\/p>\n\n\n<div class=\"wp-block-ub-divider ub_divider ub-divider-orientation-horizontal\" id=\"ub_divider_3fd260a7-68b3-46de-ad51-2b845d509748\"><div class=\"ub_divider_wrapper\" style=\"position: relative; margin-bottom: 2px; width: 100%; height: 2px; \" data-divider-alignment=\"center\"><div class=\"ub_divider_line\" style=\"border-top: 1px solid #ccc; margin-top: 2px; \"><\/div><\/div><\/div>\n\n\n<h2 class=\"wp-block-heading\">Im Theater-Himmel: <br>&#8220;SILENT SKY&#8221; im Theater Pforzheim<\/h2>\n\n\n\n<p>Nur noch wenige Male ist laut Spielplan das neue St\u00fcck <strong><a href=\"https:\/\/www.theater-pforzheim.de\/veranstaltungen\/ansicht-veranstaltungen\/event\/eventDetail\/2025-10-17_2000\/silent-sky.html\" target=\"_blank\" rel=\"noreferrer noopener\">&#8220;Silent Sky&#8221; am Theater Pforzheim<\/a><\/strong> zu sehen. Am 9. Oktober hatte es Premiere. In der Vorbereitung zur Inszenierung besuchte das Ensemble auch PLANET KA, wo Dr. Thomas Reddmann (AVKA e.V.; Sternwarte R\u00fcppurr) und Bj\u00f6rn Wirtjes (PLANET KA) Hintergrundinfos zur Thematik des St\u00fcckes gaben. <\/p>\n\n\n\n<p>Es geht um die teilweise geh\u00f6rlose Astronomin Henrietta Swan Leavitt, die eine bahnbrechende Entdeckung machte, der es erst zu verdanken war, dass wir die wahren Dimensionen des Kosmos und die Tatsache, dass es au\u00dferhalb unserer Milchstra\u00dfe noch andere Galaxien gibt, erkannten.<\/p>\n\n\n\n<p>Am 25.10. findet im Anschluss an das St\u00fcck ein Nachgespr\u00e4ch statt, an dem u.a. auch die beiden oben Genannten teilnehmen. <\/p>","protected":false},"excerpt":{"rendered":"<p>Aktuelles am Himmel Veranstaltungs- und Beobachtungstipps zu besonderen Himmelsereignissen Komet, Supernova, Sternschnuppenstrom oder Mond-Quincunx&#8230; Was gibt es aktuell zu beobachten? Oktober 2025: Kometen, Mondph\u00e4nomene und Theater Gleich zwei Feldstecher-Kometen auf einmal stehen der Erde besonders nah und sind, wo vielleicht<\/p>","protected":false},"author":1,"featured_media":0,"parent":0,"menu_order":0,"comment_status":"closed","ping_status":"closed","template":"","meta":{"footnotes":""},"class_list":["post-3099","page","type-page","status-publish","hentry","","tg-column-two"],"featured_image_src":null,"yoast_head":"<!-- This site is optimized with the Yoast SEO plugin v27.3 - https:\/\/yoast.com\/product\/yoast-seo-wordpress\/ -->\n<title>Aktuelles am Himmel - PLANET KA<\/title>\n<meta name=\"robots\" content=\"index, follow, max-snippet:-1, max-image-preview:large, max-video-preview:-1\" \/>\n<link rel=\"canonical\" href=\"https:\/\/planet-ka.de\/en\/aktuelles-am-himmel\/\" \/>\n<meta property=\"og:locale\" content=\"en_US\" \/>\n<meta property=\"og:type\" content=\"article\" \/>\n<meta property=\"og:title\" content=\"Aktuelles am Himmel - PLANET KA\" \/>\n<meta property=\"og:description\" content=\"Aktuelles am Himmel Veranstaltungs- und Beobachtungstipps zu besonderen Himmelsereignissen Komet, Supernova, Sternschnuppenstrom oder Mond-Quincunx&#8230; Was gibt es aktuell zu beobachten? Oktober 2025: Kometen, Mondph\u00e4nomene und Theater Gleich zwei Feldstecher-Kometen auf einmal stehen der Erde besonders nah und sind, wo vielleicht\" \/>\n<meta property=\"og:url\" content=\"https:\/\/planet-ka.de\/en\/aktuelles-am-himmel\/\" \/>\n<meta property=\"og:site_name\" content=\"PLANET KA\" \/>\n<meta property=\"article:publisher\" content=\"https:\/\/www.facebook.com\/people\/Planet-KA-Planetarium-Karlsruhe\/61573710254024\/\" \/>\n<meta property=\"article:modified_time\" content=\"2025-12-12T12:29:42+00:00\" \/>\n<meta property=\"og:image\" content=\"https:\/\/planet-ka.de\/wp-content\/uploads\/2025\/10\/eso1049a-GRB-aktuell.jpg\" \/>\n\t<meta property=\"og:image:width\" content=\"1280\" \/>\n\t<meta property=\"og:image:height\" content=\"960\" \/>\n\t<meta property=\"og:image:type\" content=\"image\/jpeg\" \/>\n<script type=\"application\/ld+json\" class=\"yoast-schema-graph\">{\"@context\":\"https:\\\/\\\/schema.org\",\"@graph\":[{\"@type\":\"WebPage\",\"@id\":\"https:\\\/\\\/planet-ka.de\\\/aktuelles-am-himmel\\\/\",\"url\":\"https:\\\/\\\/planet-ka.de\\\/aktuelles-am-himmel\\\/\",\"name\":\"Aktuelles am Himmel - PLANET KA\",\"isPartOf\":{\"@id\":\"https:\\\/\\\/planet-ka.de\\\/#website\"},\"primaryImageOfPage\":{\"@id\":\"https:\\\/\\\/planet-ka.de\\\/aktuelles-am-himmel\\\/#primaryimage\"},\"image\":{\"@id\":\"https:\\\/\\\/planet-ka.de\\\/aktuelles-am-himmel\\\/#primaryimage\"},\"thumbnailUrl\":\"https:\\\/\\\/planet-ka.de\\\/wp-content\\\/uploads\\\/2025\\\/10\\\/eso1049a-GRB-aktuell-1024x768.jpg\",\"datePublished\":\"2025-10-22T17:17:21+00:00\",\"dateModified\":\"2025-12-12T12:29:42+00:00\",\"breadcrumb\":{\"@id\":\"https:\\\/\\\/planet-ka.de\\\/aktuelles-am-himmel\\\/#breadcrumb\"},\"inLanguage\":\"en-US\",\"potentialAction\":[{\"@type\":\"ReadAction\",\"target\":[\"https:\\\/\\\/planet-ka.de\\\/aktuelles-am-himmel\\\/\"]}]},{\"@type\":\"ImageObject\",\"inLanguage\":\"en-US\",\"@id\":\"https:\\\/\\\/planet-ka.de\\\/aktuelles-am-himmel\\\/#primaryimage\",\"url\":\"https:\\\/\\\/planet-ka.de\\\/wp-content\\\/uploads\\\/2025\\\/10\\\/eso1049a-GRB-aktuell-1024x768.jpg\",\"contentUrl\":\"https:\\\/\\\/planet-ka.de\\\/wp-content\\\/uploads\\\/2025\\\/10\\\/eso1049a-GRB-aktuell-1024x768.jpg\"},{\"@type\":\"BreadcrumbList\",\"@id\":\"https:\\\/\\\/planet-ka.de\\\/aktuelles-am-himmel\\\/#breadcrumb\",\"itemListElement\":[{\"@type\":\"ListItem\",\"position\":1,\"name\":\"Startseite\",\"item\":\"https:\\\/\\\/planet-ka.de\\\/\"},{\"@type\":\"ListItem\",\"position\":2,\"name\":\"Aktuelles am Himmel\"}]},{\"@type\":\"WebSite\",\"@id\":\"https:\\\/\\\/planet-ka.de\\\/#website\",\"url\":\"https:\\\/\\\/planet-ka.de\\\/\",\"name\":\"PLANET KA\",\"description\":\"Faszination Kosmos\",\"publisher\":{\"@id\":\"https:\\\/\\\/planet-ka.de\\\/#organization\"},\"potentialAction\":[{\"@type\":\"SearchAction\",\"target\":{\"@type\":\"EntryPoint\",\"urlTemplate\":\"https:\\\/\\\/planet-ka.de\\\/?s={search_term_string}\"},\"query-input\":{\"@type\":\"PropertyValueSpecification\",\"valueRequired\":true,\"valueName\":\"search_term_string\"}}],\"inLanguage\":\"en-US\"},{\"@type\":\"Organization\",\"@id\":\"https:\\\/\\\/planet-ka.de\\\/#organization\",\"name\":\"PLANET KA\",\"url\":\"https:\\\/\\\/planet-ka.de\\\/\",\"logo\":{\"@type\":\"ImageObject\",\"inLanguage\":\"en-US\",\"@id\":\"https:\\\/\\\/planet-ka.de\\\/#\\\/schema\\\/logo\\\/image\\\/\",\"url\":\"https:\\\/\\\/planet-ka.de\\\/wp-content\\\/uploads\\\/2025\\\/03\\\/cropped-Logo-Banner-Website-Jan-25_19.png\",\"contentUrl\":\"https:\\\/\\\/planet-ka.de\\\/wp-content\\\/uploads\\\/2025\\\/03\\\/cropped-Logo-Banner-Website-Jan-25_19.png\",\"width\":225,\"height\":66,\"caption\":\"PLANET KA\"},\"image\":{\"@id\":\"https:\\\/\\\/planet-ka.de\\\/#\\\/schema\\\/logo\\\/image\\\/\"},\"sameAs\":[\"https:\\\/\\\/www.facebook.com\\\/people\\\/Planet-KA-Planetarium-Karlsruhe\\\/61573710254024\\\/\",\"https:\\\/\\\/www.instagram.com\\\/planetarium_karlsruhe\\\/\"]}]}<\/script>\n<!-- \/ Yoast SEO plugin. -->","yoast_head_json":{"title":"Aktuelles am Himmel - PLANET KA","robots":{"index":"index","follow":"follow","max-snippet":"max-snippet:-1","max-image-preview":"max-image-preview:large","max-video-preview":"max-video-preview:-1"},"canonical":"https:\/\/planet-ka.de\/en\/aktuelles-am-himmel\/","og_locale":"en_US","og_type":"article","og_title":"Aktuelles am Himmel - PLANET KA","og_description":"Aktuelles am Himmel Veranstaltungs- und Beobachtungstipps zu besonderen Himmelsereignissen Komet, Supernova, Sternschnuppenstrom oder Mond-Quincunx&#8230; Was gibt es aktuell zu beobachten? Oktober 2025: Kometen, Mondph\u00e4nomene und Theater Gleich zwei Feldstecher-Kometen auf einmal stehen der Erde besonders nah und sind, wo vielleicht","og_url":"https:\/\/planet-ka.de\/en\/aktuelles-am-himmel\/","og_site_name":"PLANET KA","article_publisher":"https:\/\/www.facebook.com\/people\/Planet-KA-Planetarium-Karlsruhe\/61573710254024\/","article_modified_time":"2025-12-12T12:29:42+00:00","og_image":[{"width":1280,"height":960,"url":"https:\/\/planet-ka.de\/wp-content\/uploads\/2025\/10\/eso1049a-GRB-aktuell.jpg","type":"image\/jpeg"}],"schema":{"@context":"https:\/\/schema.org","@graph":[{"@type":"WebPage","@id":"https:\/\/planet-ka.de\/aktuelles-am-himmel\/","url":"https:\/\/planet-ka.de\/aktuelles-am-himmel\/","name":"Aktuelles am Himmel - PLANET KA","isPartOf":{"@id":"https:\/\/planet-ka.de\/#website"},"primaryImageOfPage":{"@id":"https:\/\/planet-ka.de\/aktuelles-am-himmel\/#primaryimage"},"image":{"@id":"https:\/\/planet-ka.de\/aktuelles-am-himmel\/#primaryimage"},"thumbnailUrl":"https:\/\/planet-ka.de\/wp-content\/uploads\/2025\/10\/eso1049a-GRB-aktuell-1024x768.jpg","datePublished":"2025-10-22T17:17:21+00:00","dateModified":"2025-12-12T12:29:42+00:00","breadcrumb":{"@id":"https:\/\/planet-ka.de\/aktuelles-am-himmel\/#breadcrumb"},"inLanguage":"en-US","potentialAction":[{"@type":"ReadAction","target":["https:\/\/planet-ka.de\/aktuelles-am-himmel\/"]}]},{"@type":"ImageObject","inLanguage":"en-US","@id":"https:\/\/planet-ka.de\/aktuelles-am-himmel\/#primaryimage","url":"https:\/\/planet-ka.de\/wp-content\/uploads\/2025\/10\/eso1049a-GRB-aktuell-1024x768.jpg","contentUrl":"https:\/\/planet-ka.de\/wp-content\/uploads\/2025\/10\/eso1049a-GRB-aktuell-1024x768.jpg"},{"@type":"BreadcrumbList","@id":"https:\/\/planet-ka.de\/aktuelles-am-himmel\/#breadcrumb","itemListElement":[{"@type":"ListItem","position":1,"name":"Startseite","item":"https:\/\/planet-ka.de\/"},{"@type":"ListItem","position":2,"name":"Aktuelles am Himmel"}]},{"@type":"WebSite","@id":"https:\/\/planet-ka.de\/#website","url":"https:\/\/planet-ka.de\/","name":"PLANET KA","description":"Cosmic Fascination","publisher":{"@id":"https:\/\/planet-ka.de\/#organization"},"potentialAction":[{"@type":"SearchAction","target":{"@type":"EntryPoint","urlTemplate":"https:\/\/planet-ka.de\/?s={search_term_string}"},"query-input":{"@type":"PropertyValueSpecification","valueRequired":true,"valueName":"search_term_string"}}],"inLanguage":"en-US"},{"@type":"Organization","@id":"https:\/\/planet-ka.de\/#organization","name":"PLANET KA","url":"https:\/\/planet-ka.de\/","logo":{"@type":"ImageObject","inLanguage":"en-US","@id":"https:\/\/planet-ka.de\/#\/schema\/logo\/image\/","url":"https:\/\/planet-ka.de\/wp-content\/uploads\/2025\/03\/cropped-Logo-Banner-Website-Jan-25_19.png","contentUrl":"https:\/\/planet-ka.de\/wp-content\/uploads\/2025\/03\/cropped-Logo-Banner-Website-Jan-25_19.png","width":225,"height":66,"caption":"PLANET KA"},"image":{"@id":"https:\/\/planet-ka.de\/#\/schema\/logo\/image\/"},"sameAs":["https:\/\/www.facebook.com\/people\/Planet-KA-Planetarium-Karlsruhe\/61573710254024\/","https:\/\/www.instagram.com\/planetarium_karlsruhe\/"]}]}},"_links":{"self":[{"href":"https:\/\/planet-ka.de\/en\/wp-json\/wp\/v2\/pages\/3099","targetHints":{"allow":["GET"]}}],"collection":[{"href":"https:\/\/planet-ka.de\/en\/wp-json\/wp\/v2\/pages"}],"about":[{"href":"https:\/\/planet-ka.de\/en\/wp-json\/wp\/v2\/types\/page"}],"author":[{"embeddable":true,"href":"https:\/\/planet-ka.de\/en\/wp-json\/wp\/v2\/users\/1"}],"replies":[{"embeddable":true,"href":"https:\/\/planet-ka.de\/en\/wp-json\/wp\/v2\/comments?post=3099"}],"version-history":[{"count":2,"href":"https:\/\/planet-ka.de\/en\/wp-json\/wp\/v2\/pages\/3099\/revisions"}],"predecessor-version":[{"id":3240,"href":"https:\/\/planet-ka.de\/en\/wp-json\/wp\/v2\/pages\/3099\/revisions\/3240"}],"wp:attachment":[{"href":"https:\/\/planet-ka.de\/en\/wp-json\/wp\/v2\/media?parent=3099"}],"curies":[{"name":"wp","href":"https:\/\/api.w.org\/{rel}","templated":true}]}}