{"id":3230,"date":"2025-12-12T11:24:54","date_gmt":"2025-12-12T10:24:54","guid":{"rendered":"https:\/\/planet-ka.de\/?page_id=3230"},"modified":"2026-02-23T14:42:42","modified_gmt":"2026-02-23T13:42:42","slug":"3-2-1-liftoff","status":"publish","type":"page","link":"https:\/\/planet-ka.de\/en\/3-2-1-liftoff\/","title":{"rendered":"3-2-1 Liftoff!"},"content":{"rendered":"<div class=\"wp-block-media-text is-stacked-on-mobile\" style=\"grid-template-columns:53% auto\"><figure  class=\"wp-block-media-text__media\"><img loading=\"lazy\" decoding=\"async\" width=\"800\" height=\"450\" alt=\"\" src=\"https:\/\/planet-ka.de\/wp-content\/uploads\/2026\/02\/liftoff1.png\" class=\"wp-image-3488 size-full\" srcset=\"https:\/\/planet-ka.de\/wp-content\/uploads\/2026\/02\/liftoff1.png 800w, https:\/\/planet-ka.de\/wp-content\/uploads\/2026\/02\/liftoff1-300x169.png 300w, https:\/\/planet-ka.de\/wp-content\/uploads\/2026\/02\/liftoff1-768x432.png 768w\" sizes=\"auto, (max-width: 800px) 100vw, 800px\" \/><\/figure><div class=\"wp-block-media-text__content\">\n<h6 class=\"wp-block-heading\">KINDER- &amp; FAMILIENPROGRAMM:<\/h6>\n\n\n\n<h3 class=\"wp-block-heading\"><em><strong>3-2-1 Liftoff! <\/strong><br><\/em>Ein Hamster hebt ab.<\/h3>\n\n\n\n<h6 class=\"wp-block-heading\">Ein r\u00fchrend-spa\u00dfiges Raketen-Abenteuer f\u00fcr Kinder ab 7 Jahren und die ganze Familie<\/h6>\n\n\n\n<div class=\"wp-block-buttons is-content-justification-center is-layout-flex wp-container-core-buttons-is-layout-16018d1d wp-block-buttons-is-layout-flex\">\n<div class=\"wp-block-button has-custom-width wp-block-button__width-50 is-style-outline is-style-outline--1\" id=\"flaptic\"><a class=\"wp-block-button__link has-white-color has-text-color has-background has-link-color has-text-align-center has-custom-font-size wp-element-button\" href=\"#tut\" style=\"border-radius:100px;background-color:#022647;font-size:17px\">Termine &amp; Tickets<\/a><\/div>\n<\/div>\n<\/div><\/div>\n\n\n\n<div style=\"height:20px\" aria-hidden=\"true\" class=\"wp-block-spacer\"><\/div>\n\n\n\n<div style=\"height:20px\" aria-hidden=\"true\" class=\"wp-block-spacer\"><\/div>\n\n\n\n<div id=\"schnuptic\" class=\"wp-block-group\"><div class=\"wp-block-group__inner-container is-layout-constrained wp-block-group-is-layout-constrained\"><div class=\"wp-block-ub-tabbed-content wp-block-ub-tabbed-content-holder wp-block-ub-tabbed-content-horizontal-holder-mobile wp-block-ub-tabbed-content-horizontal-holder-tablet\" id=\"ub-tabbed-content-0d62afe0-52dd-49d3-a18a-631d1371c62e\" style=\"\">\n\t\t\t<div class=\"wp-block-ub-tabbed-content-tab-holder horizontal-tab-width-mobile horizontal-tab-width-tablet\">\n\t\t\t\t<div role=\"tablist\" class=\"wp-block-ub-tabbed-content-tabs-title wp-block-ub-tabbed-content-tabs-title-mobile-horizontal-tab wp-block-ub-tabbed-content-tabs-title-tablet-horizontal-tab\" style=\"justify-content: flex-start; \"><div role=\"tab\" id=\"ub-tabbed-content-0d62afe0-52dd-49d3-a18a-631d1371c62e-tab-0\" aria-controls=\"ub-tabbed-content-0d62afe0-52dd-49d3-a18a-631d1371c62e-panel-0\" aria-selected=\"true\" class=\"wp-block-ub-tabbed-content-tab-title-wrap active\" style=\"--ub-tabbed-title-background-color: #dd9933; --ub-tabbed-title-color: #ffffff; --ub-tabbed-active-title-color: #ffffff; --ub-tabbed-active-title-background-color: #dd9933; text-align: left; \" tabindex=\"-1\">\n\t\t\t\t<div class=\"wp-block-ub-tabbed-content-tab-title\">Beschreibung<\/div>\n\t\t\t<\/div><div role=\"tab\" id=\"ub-tabbed-content-0d62afe0-52dd-49d3-a18a-631d1371c62e-tab-1\" aria-controls=\"ub-tabbed-content-0d62afe0-52dd-49d3-a18a-631d1371c62e-panel-1\" aria-selected=\"false\" class=\"wp-block-ub-tabbed-content-tab-title-wrap\" style=\"--ub-tabbed-title-background-color: #022647; --ub-tabbed-title-color: #ffffff; --ub-tabbed-active-title-color: #ffffff; --ub-tabbed-active-title-background-color: #dd9933; text-align: left; \" tabindex=\"-1\">\n\t\t\t\t<div class=\"wp-block-ub-tabbed-content-tab-title\">Trailer<\/div>\n\t\t\t<\/div><div role=\"tab\" id=\"ub-tabbed-content-0d62afe0-52dd-49d3-a18a-631d1371c62e-tab-2\" aria-controls=\"ub-tabbed-content-0d62afe0-52dd-49d3-a18a-631d1371c62e-panel-2\" aria-selected=\"false\" class=\"wp-block-ub-tabbed-content-tab-title-wrap\" style=\"--ub-tabbed-title-background-color: #022647; --ub-tabbed-title-color: #ffffff; --ub-tabbed-active-title-color: #ffffff; --ub-tabbed-active-title-background-color: #dd9933; text-align: left; \" tabindex=\"-1\">\n\t\t\t\t<div class=\"wp-block-ub-tabbed-content-tab-title\">Tickets &amp; Termine<\/div>\n\t\t\t<\/div><div role=\"tab\" id=\"ub-tabbed-content-0d62afe0-52dd-49d3-a18a-631d1371c62e-tab-3\" aria-controls=\"ub-tabbed-content-0d62afe0-52dd-49d3-a18a-631d1371c62e-panel-3\" aria-selected=\"false\" class=\"wp-block-ub-tabbed-content-tab-title-wrap\" style=\"--ub-tabbed-title-background-color: #022647; --ub-tabbed-title-color: #ffffff; --ub-tabbed-active-title-color: #ffffff; --ub-tabbed-active-title-background-color: #dd9933; text-align: left; \" tabindex=\"-1\">\n\t\t\t\t<div class=\"wp-block-ub-tabbed-content-tab-title\">Offers<\/div>\n\t\t\t<\/div><div role=\"tab\" id=\"ub-tabbed-content-0d62afe0-52dd-49d3-a18a-631d1371c62e-tab-4\" aria-controls=\"ub-tabbed-content-0d62afe0-52dd-49d3-a18a-631d1371c62e-panel-4\" aria-selected=\"false\" class=\"wp-block-ub-tabbed-content-tab-title-wrap\" style=\"--ub-tabbed-title-background-color: #022647; --ub-tabbed-title-color: #ffffff; --ub-tabbed-active-title-color: #ffffff; --ub-tabbed-active-title-background-color: #dd9933; text-align: left; \" tabindex=\"-1\">\n\t\t\t\t<div class=\"wp-block-ub-tabbed-content-tab-title\">\u00c4hnliche Programme<\/div>\n\t\t\t<\/div><\/div>\n\t\t\t<\/div>\n\t\t\t<div class=\"wp-block-ub-tabbed-content-tabs-content\" style=\"color: #abb8c3; background-color: #022647; \"><div role=\"tabpanel\" class=\"wp-block-ub-tabbed-content-tab-content-wrap active\" id=\"ub-tabbed-content-0d62afe0-52dd-49d3-a18a-631d1371c62e-panel-0\" aria-labelledby=\"ub-tabbed-content-0d62afe0-52dd-49d3-a18a-631d1371c62e-tab-0\" tabindex=\"0\" data-tab-anchor=\"flapdesc\">\n\n<h6 class=\"wp-block-heading has-white-color has-text-color has-link-color wp-elements-c6e724d344b841956193cde6625544d9\" id=\"flapdesc\">3-2-1 LIFTOFF!<\/h6>\n\n\n\n<p class=\"has-white-color has-text-color has-link-color wp-elements-12b1a3359aa23a37854d4b2d152a1209\"><strong>Kinder- &amp; Familienprogramm:<br>3-2-1 Liftoff! Ein Hamster hebt ab.<\/strong><\/p>\n\n\n\n<p class=\"has-white-color has-text-color has-link-color wp-elements-bd97930465b973e6ea96a41275d5a7f0\">f\u00fcr Kinder ab 7 Jahren und die ganze Familie<\/p>\n\n\n\n<p class=\"has-white-color has-text-color has-link-color wp-elements-8373bbdc82da9372783f64d235555505\"><em><strong>Die meisten Planetariumsprogramme handeln vom Universum.<br>Diese bezaubernde Geschichte handelt davon, wie schwierig es ist, dorthin zu gelangen.<\/strong><\/em><\/p>\n\n\n\n<p class=\"has-white-color has-text-color has-link-color wp-elements-129e5b588e0e01ca38b0e814ccf1c6f3\">Hamster Elon lebt als einsamer T\u00fcftler und Forscher auf einem Schrottplatz.<br>Eines Tages kracht ein Roboter in seinen Garten, buchst\u00e4blich aus dem Himmel gefallen, und ist ziemlich verbeult. Kann Elon ihn reparieren und rechtzeitig wieder zur\u00fcck zu seinem Mars-Raumschiff in den Orbit bringen?<br>Es beginnt das halsbrecherische Abenteuer einer kurzen, aber innigen Freundschaft, eines Wettlaufs ins All und gegen die Zeit und eines Ringens um Anerkennung &#8211; denn die Ratten auf dem Schrottplatz halten Elon nur f\u00fcr einen Spinner! &#8211;<\/p>\n\n\n\n<p class=\"has-white-color has-text-color has-link-color wp-elements-538ad279841f2a2ba04b4d3abe0d7ba2\"><em>Eine Geschichte davon, wie Visionen verbinden und scheinbar Unm\u00f6gliches wirklich werden lassen.<\/em><\/p>\n\n\n\n<p class=\"has-white-color has-text-color has-link-color wp-elements-933915527e8f7f14d5452519b782a715\">Einlass ins Geb\u00e4ude: ab ca. 30 Min. vor Beginn.<br>Bitte beachten: Kein Nacheinlass! Bitte seien Sie rechtzeitig vor Ort.<br>Ungenutzte Tickets verfallen ersatzlos.<\/p>\n\n\n\n<p class=\"has-white-color has-text-color has-link-color wp-elements-b3cece7b07673d01cb72391de36611df\"><strong><span style=\"text-decoration: underline;\"><a href=\"#tut\">&#8211;&gt; Hier geht es zu Tickets &amp; Terminen.<\/a><\/span><\/strong><\/p>\n\n<\/div><div role=\"tabpanel\" class=\"wp-block-ub-tabbed-content-tab-content-wrap ub-hide\" id=\"ub-tabbed-content-0d62afe0-52dd-49d3-a18a-631d1371c62e-panel-1\" aria-labelledby=\"ub-tabbed-content-0d62afe0-52dd-49d3-a18a-631d1371c62e-tab-1\" tabindex=\"0\" data-tab-anchor=\"schnuptic\">\n\n<figure class=\"wp-block-embed is-type-video is-provider-youtube wp-block-embed-youtube wp-embed-aspect-16-9 wp-has-aspect-ratio\"><div class=\"wp-block-embed__wrapper\">\n<iframe loading=\"lazy\" title=\"3-2-1 Liftoff - Trailer (360\u00b0 Video)\" width=\"720\" height=\"405\" src=\"https:\/\/www.youtube.com\/embed\/ctnG7dp_XwY?feature=oembed\" frameborder=\"0\" allow=\"accelerometer; autoplay; clipboard-write; encrypted-media; gyroscope; picture-in-picture; web-share\" referrerpolicy=\"strict-origin-when-cross-origin\" allowfullscreen><\/iframe>\n<\/div><\/figure>\n\n\n\n<p>Trailer courtesy Planetarium Jena.<\/p>\n\n<\/div><div role=\"tabpanel\" class=\"wp-block-ub-tabbed-content-tab-content-wrap ub-hide\" id=\"ub-tabbed-content-0d62afe0-52dd-49d3-a18a-631d1371c62e-panel-2\" aria-labelledby=\"ub-tabbed-content-0d62afe0-52dd-49d3-a18a-631d1371c62e-tab-2\" tabindex=\"0\" data-tab-anchor=\"tut\">\n\n<p class=\"has-white-color has-text-color has-link-color wp-elements-7bed3ecdccf2cff16abefb5e7bfbc588\">Wir empfehlen eine Online-Ticketbuchung vorab, da aufgrund der begrenzten Platzzahl nicht gew\u00e4hrleistet ist, dass es an der Tages-\/Abendkasse Restkarten gibt.<br>Bitte beachten Sie die unterschiedlichen Anfangszeiten, je nach gew\u00e4hltem Tag.<br><br><em>Tipp<\/em>: Unter der Woche (Mo-Do) gelten verg\u00fcnstigte Preise!<\/p>\n\n\n\n<p class=\"has-white-color has-text-color has-link-color wp-elements-89a2a8c89af19f6e57e25496f5ef96e1\">Einlass: ab ca. 30 Minuten vor Beginn.<br>Bitte beachten: <strong>Kein Nacheinlass!<\/strong> Aus technischen und organisatorischen Gr\u00fcnden ist nach Beginn der Vorf\u00fchrung kein Nacheinlass mehr m\u00f6glich. Planen Sie am besten so, dass Sie sp\u00e4testens 10 Min. vor Beginn da sind.<br>Ungenutzte Tickets verfallen ersatzlos.<\/p>\n\n\n<noscript>\r\n\t<div class=\"pretix-widget-no-script\">\r\n        JavaScript is disabled in your browser. To access our ticket shop without JavaScript, please click <a target=\"_blank\" rel=\"noopener\" href=\"https:\/\/pretix.eu\/planetka\/liftoff\/\">here<\/a>.\t<\/div>\r\n<\/noscript>\r\n<pretix-widget event=\"https:\/\/pretix.eu\/planetka\/liftoff\/\" class=\"wp-block-pretix-widget\"><\/pretix-widget>\n\n\n<p class=\"has-white-color has-text-color has-link-color wp-elements-c452d6230fc816e7fa3f57e35b5b8d3c\">Sollte der Buchungskalender hier nicht richtig angezeigt werden, nutzen Sie bitte folgenden Link: <a href=\"https:\/\/pretix.eu\/planetka\/flappi\/\" target=\"_blank\" rel=\"noreferrer noopener\">https:\/\/pretix.eu\/planetka\/flappi\/<\/a><\/p>\n\n<\/div><div role=\"tabpanel\" class=\"wp-block-ub-tabbed-content-tab-content-wrap ub-hide\" id=\"ub-tabbed-content-0d62afe0-52dd-49d3-a18a-631d1371c62e-panel-3\" aria-labelledby=\"ub-tabbed-content-0d62afe0-52dd-49d3-a18a-631d1371c62e-tab-3\" tabindex=\"0\">\n\n<p class=\"has-white-color has-text-color has-link-color wp-elements-db789c8d1916363d3ef30223e2d9871b\">&#8222;3-2-1 Liftoff&#8220; kann auch exklusiv gebucht werden im Rahmen z.B. eines Kita-Besuchs oder eines Kindergeburtstags &#8211; \u00fcbrigens ebenso wie alle anderen Kinderprogramme. Sprechen Sie uns an!<\/p>\n\n<\/div><div role=\"tabpanel\" class=\"wp-block-ub-tabbed-content-tab-content-wrap ub-hide\" id=\"ub-tabbed-content-0d62afe0-52dd-49d3-a18a-631d1371c62e-panel-4\" aria-labelledby=\"ub-tabbed-content-0d62afe0-52dd-49d3-a18a-631d1371c62e-tab-4\" tabindex=\"0\">\n\n<div class=\"wp-block-media-text has-media-on-the-right is-stacked-on-mobile\"><div class=\"wp-block-media-text__content\">\n<h3 class=\"wp-block-heading has-white-color has-text-color has-link-color wp-elements-a2b626818367e100aa7bd339a636fa98\">Charlie's Secret<\/h3>\n\n\n\n<h4 class=\"wp-block-heading has-white-color has-text-color has-link-color wp-elements-640b378af9d549dfbe5f96b931290674\">Luisa entdeckt den Mond<\/h4>\n\n\n\n<p class=\"has-white-color has-text-color has-link-color has-medium-font-size wp-elements-cc1f75e3f3866ca6aaddcafe3e01e20e\">Geplant ab Fr\u00fchjahr 2026<\/p>\n\n\n\n<p class=\"has-white-color has-text-color has-link-color has-medium-font-size wp-elements-d14c3d2b43eceb71543168d4dab76da6\">Ein Oster-Abenteuer mit spannender Apollo-Geschichte und Mondreise. Oder hat Opas alter Teddy &#8222;Charlie&#8220; nur geflunkert?<\/p>\n\n\n\n<p class=\"has-white-color has-text-color has-link-color has-medium-font-size wp-elements-b0d9add7dd715f198503e5ac65843a49\">Von Angelika Grothues, der Produzentin von Flappi! <\/p>\n\n\n\n<p class=\"has-white-color has-text-color has-link-color has-medium-font-size wp-elements-085952ccd9e71c71f73b74a030bc96f9\">F\u00fcr Kinder ab 4 Jahren<\/p>\n<\/div><figure class=\"wp-block-media-text__media\"><img loading=\"lazy\" decoding=\"async\" width=\"894\" height=\"894\" src=\"https:\/\/planet-ka.de\/wp-content\/uploads\/2025\/02\/81xI3ZQvh2L._UF8941000_QL80_.jpg\" alt=\"\" class=\"wp-image-1874 size-full\" srcset=\"https:\/\/planet-ka.de\/wp-content\/uploads\/2025\/02\/81xI3ZQvh2L._UF8941000_QL80_.jpg 894w, https:\/\/planet-ka.de\/wp-content\/uploads\/2025\/02\/81xI3ZQvh2L._UF8941000_QL80_-300x300.jpg 300w, https:\/\/planet-ka.de\/wp-content\/uploads\/2025\/02\/81xI3ZQvh2L._UF8941000_QL80_-150x150.jpg 150w, https:\/\/planet-ka.de\/wp-content\/uploads\/2025\/02\/81xI3ZQvh2L._UF8941000_QL80_-768x768.jpg 768w, https:\/\/planet-ka.de\/wp-content\/uploads\/2025\/02\/81xI3ZQvh2L._UF8941000_QL80_-230x230.jpg 230w, https:\/\/planet-ka.de\/wp-content\/uploads\/2025\/02\/81xI3ZQvh2L._UF8941000_QL80_-365x365.jpg 365w\" sizes=\"auto, (max-width: 894px) 100vw, 894px\" \/><\/figure><\/div>\n\n<\/div><\/div>\n\t\t<\/div><\/div><\/div>\n\n\n\n<p><\/p>\n\n\n\n<div style=\"height:37px\" aria-hidden=\"true\" class=\"wp-block-spacer\"><\/div>","protected":false},"excerpt":{"rendered":"<p>Hamster Elon und die Robotrix Achte-von-Zw\u00f6lf schauen aus dem Raumschiff ins All.<\/p>","protected":false},"author":1,"featured_media":3488,"parent":0,"menu_order":0,"comment_status":"closed","ping_status":"closed","template":"","meta":{"footnotes":""},"class_list":["post-3230","page","type-page","status-publish","has-post-thumbnail","hentry","","tg-column-two"],"featured_image_src":"https:\/\/planet-ka.de\/wp-content\/uploads\/2026\/02\/liftoff1.png","yoast_head":"<!-- This site is optimized with the Yoast SEO plugin v27.3 - https:\/\/yoast.com\/product\/yoast-seo-wordpress\/ -->\n<title>3-2-1 Liftoff! - PLANET KA<\/title>\n<meta name=\"robots\" content=\"index, follow, max-snippet:-1, max-image-preview:large, max-video-preview:-1\" \/>\n<link rel=\"canonical\" href=\"https:\/\/planet-ka.de\/en\/3-2-1-liftoff\/\" \/>\n<meta property=\"og:locale\" content=\"en_US\" \/>\n<meta property=\"og:type\" content=\"article\" \/>\n<meta property=\"og:title\" content=\"3-2-1 Liftoff! - PLANET KA\" \/>\n<meta property=\"og:description\" content=\"Hamster Elon und die Robotrix Achte-von-Zw\u00f6lf schauen aus dem Raumschiff ins All.\" \/>\n<meta property=\"og:url\" content=\"https:\/\/planet-ka.de\/en\/3-2-1-liftoff\/\" \/>\n<meta property=\"og:site_name\" content=\"PLANET KA\" \/>\n<meta property=\"article:publisher\" content=\"https:\/\/www.facebook.com\/people\/Planet-KA-Planetarium-Karlsruhe\/61573710254024\/\" \/>\n<meta property=\"article:modified_time\" content=\"2026-02-23T13:42:42+00:00\" \/>\n<meta property=\"og:image\" content=\"https:\/\/planet-ka.de\/wp-content\/uploads\/2026\/02\/liftoff1.png\" \/>\n\t<meta property=\"og:image:width\" content=\"800\" \/>\n\t<meta property=\"og:image:height\" content=\"450\" \/>\n\t<meta property=\"og:image:type\" content=\"image\/png\" \/>\n<script type=\"application\/ld+json\" class=\"yoast-schema-graph\">{\"@context\":\"https:\\\/\\\/schema.org\",\"@graph\":[{\"@type\":\"WebPage\",\"@id\":\"https:\\\/\\\/planet-ka.de\\\/3-2-1-liftoff\\\/\",\"url\":\"https:\\\/\\\/planet-ka.de\\\/3-2-1-liftoff\\\/\",\"name\":\"3-2-1 Liftoff! - PLANET KA\",\"isPartOf\":{\"@id\":\"https:\\\/\\\/planet-ka.de\\\/#website\"},\"primaryImageOfPage\":{\"@id\":\"https:\\\/\\\/planet-ka.de\\\/3-2-1-liftoff\\\/#primaryimage\"},\"image\":{\"@id\":\"https:\\\/\\\/planet-ka.de\\\/3-2-1-liftoff\\\/#primaryimage\"},\"thumbnailUrl\":\"https:\\\/\\\/planet-ka.de\\\/wp-content\\\/uploads\\\/2026\\\/02\\\/liftoff1.png\",\"datePublished\":\"2025-12-12T10:24:54+00:00\",\"dateModified\":\"2026-02-23T13:42:42+00:00\",\"breadcrumb\":{\"@id\":\"https:\\\/\\\/planet-ka.de\\\/3-2-1-liftoff\\\/#breadcrumb\"},\"inLanguage\":\"en-US\",\"potentialAction\":[{\"@type\":\"ReadAction\",\"target\":[\"https:\\\/\\\/planet-ka.de\\\/3-2-1-liftoff\\\/\"]}]},{\"@type\":\"ImageObject\",\"inLanguage\":\"en-US\",\"@id\":\"https:\\\/\\\/planet-ka.de\\\/3-2-1-liftoff\\\/#primaryimage\",\"url\":\"https:\\\/\\\/planet-ka.de\\\/wp-content\\\/uploads\\\/2026\\\/02\\\/liftoff1.png\",\"contentUrl\":\"https:\\\/\\\/planet-ka.de\\\/wp-content\\\/uploads\\\/2026\\\/02\\\/liftoff1.png\",\"width\":800,\"height\":450},{\"@type\":\"BreadcrumbList\",\"@id\":\"https:\\\/\\\/planet-ka.de\\\/3-2-1-liftoff\\\/#breadcrumb\",\"itemListElement\":[{\"@type\":\"ListItem\",\"position\":1,\"name\":\"Startseite\",\"item\":\"https:\\\/\\\/planet-ka.de\\\/\"},{\"@type\":\"ListItem\",\"position\":2,\"name\":\"3-2-1 Liftoff!\"}]},{\"@type\":\"WebSite\",\"@id\":\"https:\\\/\\\/planet-ka.de\\\/#website\",\"url\":\"https:\\\/\\\/planet-ka.de\\\/\",\"name\":\"PLANET KA\",\"description\":\"Faszination Kosmos\",\"publisher\":{\"@id\":\"https:\\\/\\\/planet-ka.de\\\/#organization\"},\"potentialAction\":[{\"@type\":\"SearchAction\",\"target\":{\"@type\":\"EntryPoint\",\"urlTemplate\":\"https:\\\/\\\/planet-ka.de\\\/?s={search_term_string}\"},\"query-input\":{\"@type\":\"PropertyValueSpecification\",\"valueRequired\":true,\"valueName\":\"search_term_string\"}}],\"inLanguage\":\"en-US\"},{\"@type\":\"Organization\",\"@id\":\"https:\\\/\\\/planet-ka.de\\\/#organization\",\"name\":\"PLANET KA\",\"url\":\"https:\\\/\\\/planet-ka.de\\\/\",\"logo\":{\"@type\":\"ImageObject\",\"inLanguage\":\"en-US\",\"@id\":\"https:\\\/\\\/planet-ka.de\\\/#\\\/schema\\\/logo\\\/image\\\/\",\"url\":\"https:\\\/\\\/planet-ka.de\\\/wp-content\\\/uploads\\\/2025\\\/03\\\/cropped-Logo-Banner-Website-Jan-25_19.png\",\"contentUrl\":\"https:\\\/\\\/planet-ka.de\\\/wp-content\\\/uploads\\\/2025\\\/03\\\/cropped-Logo-Banner-Website-Jan-25_19.png\",\"width\":225,\"height\":66,\"caption\":\"PLANET KA\"},\"image\":{\"@id\":\"https:\\\/\\\/planet-ka.de\\\/#\\\/schema\\\/logo\\\/image\\\/\"},\"sameAs\":[\"https:\\\/\\\/www.facebook.com\\\/people\\\/Planet-KA-Planetarium-Karlsruhe\\\/61573710254024\\\/\",\"https:\\\/\\\/www.instagram.com\\\/planetarium_karlsruhe\\\/\"]}]}<\/script>\n<!-- \/ Yoast SEO plugin. -->","yoast_head_json":{"title":"3-2-1 Liftoff! - PLANET KA","robots":{"index":"index","follow":"follow","max-snippet":"max-snippet:-1","max-image-preview":"max-image-preview:large","max-video-preview":"max-video-preview:-1"},"canonical":"https:\/\/planet-ka.de\/en\/3-2-1-liftoff\/","og_locale":"en_US","og_type":"article","og_title":"3-2-1 Liftoff! - PLANET KA","og_description":"Hamster Elon und die Robotrix Achte-von-Zw\u00f6lf schauen aus dem Raumschiff ins All.","og_url":"https:\/\/planet-ka.de\/en\/3-2-1-liftoff\/","og_site_name":"PLANET KA","article_publisher":"https:\/\/www.facebook.com\/people\/Planet-KA-Planetarium-Karlsruhe\/61573710254024\/","article_modified_time":"2026-02-23T13:42:42+00:00","og_image":[{"width":800,"height":450,"url":"https:\/\/planet-ka.de\/wp-content\/uploads\/2026\/02\/liftoff1.png","type":"image\/png"}],"schema":{"@context":"https:\/\/schema.org","@graph":[{"@type":"WebPage","@id":"https:\/\/planet-ka.de\/3-2-1-liftoff\/","url":"https:\/\/planet-ka.de\/3-2-1-liftoff\/","name":"3-2-1 Liftoff! - PLANET KA","isPartOf":{"@id":"https:\/\/planet-ka.de\/#website"},"primaryImageOfPage":{"@id":"https:\/\/planet-ka.de\/3-2-1-liftoff\/#primaryimage"},"image":{"@id":"https:\/\/planet-ka.de\/3-2-1-liftoff\/#primaryimage"},"thumbnailUrl":"https:\/\/planet-ka.de\/wp-content\/uploads\/2026\/02\/liftoff1.png","datePublished":"2025-12-12T10:24:54+00:00","dateModified":"2026-02-23T13:42:42+00:00","breadcrumb":{"@id":"https:\/\/planet-ka.de\/3-2-1-liftoff\/#breadcrumb"},"inLanguage":"en-US","potentialAction":[{"@type":"ReadAction","target":["https:\/\/planet-ka.de\/3-2-1-liftoff\/"]}]},{"@type":"ImageObject","inLanguage":"en-US","@id":"https:\/\/planet-ka.de\/3-2-1-liftoff\/#primaryimage","url":"https:\/\/planet-ka.de\/wp-content\/uploads\/2026\/02\/liftoff1.png","contentUrl":"https:\/\/planet-ka.de\/wp-content\/uploads\/2026\/02\/liftoff1.png","width":800,"height":450},{"@type":"BreadcrumbList","@id":"https:\/\/planet-ka.de\/3-2-1-liftoff\/#breadcrumb","itemListElement":[{"@type":"ListItem","position":1,"name":"Startseite","item":"https:\/\/planet-ka.de\/"},{"@type":"ListItem","position":2,"name":"3-2-1 Liftoff!"}]},{"@type":"WebSite","@id":"https:\/\/planet-ka.de\/#website","url":"https:\/\/planet-ka.de\/","name":"PLANET KA","description":"Cosmic Fascination","publisher":{"@id":"https:\/\/planet-ka.de\/#organization"},"potentialAction":[{"@type":"SearchAction","target":{"@type":"EntryPoint","urlTemplate":"https:\/\/planet-ka.de\/?s={search_term_string}"},"query-input":{"@type":"PropertyValueSpecification","valueRequired":true,"valueName":"search_term_string"}}],"inLanguage":"en-US"},{"@type":"Organization","@id":"https:\/\/planet-ka.de\/#organization","name":"PLANET KA","url":"https:\/\/planet-ka.de\/","logo":{"@type":"ImageObject","inLanguage":"en-US","@id":"https:\/\/planet-ka.de\/#\/schema\/logo\/image\/","url":"https:\/\/planet-ka.de\/wp-content\/uploads\/2025\/03\/cropped-Logo-Banner-Website-Jan-25_19.png","contentUrl":"https:\/\/planet-ka.de\/wp-content\/uploads\/2025\/03\/cropped-Logo-Banner-Website-Jan-25_19.png","width":225,"height":66,"caption":"PLANET KA"},"image":{"@id":"https:\/\/planet-ka.de\/#\/schema\/logo\/image\/"},"sameAs":["https:\/\/www.facebook.com\/people\/Planet-KA-Planetarium-Karlsruhe\/61573710254024\/","https:\/\/www.instagram.com\/planetarium_karlsruhe\/"]}]}},"_links":{"self":[{"href":"https:\/\/planet-ka.de\/en\/wp-json\/wp\/v2\/pages\/3230","targetHints":{"allow":["GET"]}}],"collection":[{"href":"https:\/\/planet-ka.de\/en\/wp-json\/wp\/v2\/pages"}],"about":[{"href":"https:\/\/planet-ka.de\/en\/wp-json\/wp\/v2\/types\/page"}],"author":[{"embeddable":true,"href":"https:\/\/planet-ka.de\/en\/wp-json\/wp\/v2\/users\/1"}],"replies":[{"embeddable":true,"href":"https:\/\/planet-ka.de\/en\/wp-json\/wp\/v2\/comments?post=3230"}],"version-history":[{"count":10,"href":"https:\/\/planet-ka.de\/en\/wp-json\/wp\/v2\/pages\/3230\/revisions"}],"predecessor-version":[{"id":3513,"href":"https:\/\/planet-ka.de\/en\/wp-json\/wp\/v2\/pages\/3230\/revisions\/3513"}],"wp:featuredmedia":[{"embeddable":true,"href":"https:\/\/planet-ka.de\/en\/wp-json\/wp\/v2\/media\/3488"}],"wp:attachment":[{"href":"https:\/\/planet-ka.de\/en\/wp-json\/wp\/v2\/media?parent=3230"}],"curies":[{"name":"wp","href":"https:\/\/api.w.org\/{rel}","templated":true}]}}