{"id":3242,"date":"2025-12-13T21:25:24","date_gmt":"2025-12-13T20:25:24","guid":{"rendered":"https:\/\/planet-ka.de\/?page_id=3242"},"modified":"2026-02-07T15:36:55","modified_gmt":"2026-02-07T14:36:55","slug":"stars-of-classic","status":"publish","type":"page","link":"https:\/\/planet-ka.de\/en\/stars-of-classic\/","title":{"rendered":"Stars of Classic"},"content":{"rendered":"<div class=\"wp-block-media-text is-stacked-on-mobile\" style=\"grid-template-columns:49% auto\"><figure class=\"wp-block-media-text__media\"><img loading=\"lazy\" decoding=\"async\" width=\"1024\" height=\"1024\" src=\"https:\/\/planet-ka.de\/wp-content\/uploads\/2026\/02\/Stars_of_Classic_upscaled-1024x1024.jpg\" alt=\"\" class=\"wp-image-3476 size-full\" srcset=\"https:\/\/planet-ka.de\/wp-content\/uploads\/2026\/02\/Stars_of_Classic_upscaled-1024x1024.jpg 1024w, https:\/\/planet-ka.de\/wp-content\/uploads\/2026\/02\/Stars_of_Classic_upscaled-300x300.jpg 300w, https:\/\/planet-ka.de\/wp-content\/uploads\/2026\/02\/Stars_of_Classic_upscaled-150x150.jpg 150w, https:\/\/planet-ka.de\/wp-content\/uploads\/2026\/02\/Stars_of_Classic_upscaled-768x767.jpg 768w, https:\/\/planet-ka.de\/wp-content\/uploads\/2026\/02\/Stars_of_Classic_upscaled-230x230.jpg 230w, https:\/\/planet-ka.de\/wp-content\/uploads\/2026\/02\/Stars_of_Classic_upscaled-365x365.jpg 365w, https:\/\/planet-ka.de\/wp-content\/uploads\/2026\/02\/Stars_of_Classic_upscaled.jpg 1440w\" sizes=\"auto, (max-width: 1024px) 100vw, 1024px\" \/><\/figure><div class=\"wp-block-media-text__content\">\n<h5 class=\"wp-block-heading\">Weihnachts-Premiere am 25.12.<\/h5>\n\n\n\n<div style=\"height:26px\" aria-hidden=\"true\" class=\"wp-block-spacer\"><\/div>\n\n\n\n<h2 class=\"wp-block-heading\">Stars of Classic &#8211;<br>Klassik unter Sternenhimmel<\/h2>\n\n\n\n<div style=\"height:35px\" aria-hidden=\"true\" class=\"wp-block-spacer\"><\/div>\n\n\n\n<p class=\"has-medium-font-size\"><em>Eine musikalische Zeitreise vom Beginn des Universums bis in die Zukunft. <\/em><br><br><em>Begleitet von den zeitlosen Kl\u00e4ngen von Beethoven, Vivaldi, Tschaikowsky, Strauss und anderen Meistern der klassischen Musik erleben wir gemeinsam einzigartige kosmische Ereignisse.<\/em><\/p>\n\n\n\n<div style=\"height:31px\" aria-hidden=\"true\" class=\"wp-block-spacer\"><\/div>\n\n\n\n<div style=\"height:20px\" aria-hidden=\"true\" class=\"wp-block-spacer\"><\/div>\n\n\n\n<div class=\"wp-block-buttons is-content-justification-center is-layout-flex wp-container-core-buttons-is-layout-16018d1d wp-block-buttons-is-layout-flex\">\n<div class=\"wp-block-button is-style-outline is-style-outline--1\"><a class=\"wp-block-button__link has-custom-font-size wp-element-button\" href=\"#darktic\" style=\"font-size:15px\">Jetzt Ticket buchen!<\/a><\/div>\n<\/div>\n<\/div><\/div>\n\n\n\n<div style=\"height:40px\" aria-hidden=\"true\" class=\"wp-block-spacer\"><\/div>\n\n\n\n<h2 class=\"wp-block-heading\">Stars of Classic &#8211; Klassische Musik unter Sternenhimmel<\/h2>\n\n\n\n<p><em>Eine musikalische Zeitreise vom Beginn des Universums bis in die Zukunft. Begleitet von den zeitlosen Kl\u00e4ngen von Beethoven, Vivaldi, Tschaikowsky, Strauss und anderen Meistern der klassischen Musik erleben wir gemeinsam einzigartige kosmische Ereignisse.<\/em><\/p>\n\n\n\n<p><strong>Vom Urknall bis in die Zukunft<br><\/strong>Wir sind Zeugen der Geburt und des Vergehens von Galaxien und Sternen \u2013 von ihrer glanzvollen Entstehung bis hin zu ihrer dramatischen Verwandlung in Supernovae und schwarze L\u00f6cher. Wir suchen nach Leben auf fremden Planeten \u2013 aber auch in unserem eigenen Sonnensystem. Wir beobachten die Entstehung unseres Heimatplaneten und das Wunder des Lebens.<br>Schlie\u00dflich werfen wir auch einen Blick auf kosmische Gefahren, wie Asteroideneinschl\u00e4ge, schwarze L\u00f6cher, Kometen und kollidierende Galaxien, enden aber hoffnungsvoll und tr\u00e4umen von neuen Entdeckungen und Abenteuern im unendlichen Universum.<\/p>\n\n\n\n<p><strong>Musik und Bildung<br><\/strong>Stars of Classic vereint Elemente aus Musikshow und Bildungsprogramm zu einem Erlebnis f\u00fcr alle Sinne. W\u00e4hrend Sie zu zeitlosen Meisterwerken der klassischen Musik durch die Weiten des Alls schweben, lernen Sie ganz nebenbei Interessantes \u00fcber unser Weltall.<\/p>\n\n\n\n<p>Mit St\u00fccken von: Beethoven, Strauss, Mussorgsky, Tschaikowsky, Smetana, Vivaldi, Grieg u.v.m.<\/p>\n\n\n\n<p>Empfohlen ab 10 Jahren.<\/p>\n\n\n\n<p>Dauer der Veranstaltung: ca. 60 Minuten<br>Zu Beginn pr\u00e4sentieren wir live den aktuellen Sternenhimmel \u00fcber Karlsruhe.<\/p>\n\n\n\n<p>Einlass: ca. 30 Min. vor Beginn.<br><em>Bitte beachten: Kein Nacheinlass m\u00f6glich!<br>Ungenutzte Tickets verfallen ersatzlos.<\/em><\/p>\n\n\n\n<div style=\"height:22px\" aria-hidden=\"true\" class=\"wp-block-spacer\"><\/div>\n\n\n\n<p><span style=\"text-decoration: underline;\">Weitere Infos:<\/span><\/p>\n\n\n<div class=\"wp-block-ub-tabbed-content wp-block-ub-tabbed-content-holder wp-block-ub-tabbed-content-horizontal-holder-mobile wp-block-ub-tabbed-content-horizontal-holder-tablet\" id=\"ub-tabbed-content-f347fd76-1dd7-465f-9d16-ba26539e5444\" style=\"\">\n\t\t\t<div class=\"wp-block-ub-tabbed-content-tab-holder horizontal-tab-width-mobile horizontal-tab-width-tablet\">\n\t\t\t\t<div role=\"tablist\" class=\"wp-block-ub-tabbed-content-tabs-title wp-block-ub-tabbed-content-tabs-title-mobile-horizontal-tab wp-block-ub-tabbed-content-tabs-title-tablet-horizontal-tab\" style=\"justify-content: flex-start; \"><div role=\"tab\" id=\"ub-tabbed-content-f347fd76-1dd7-465f-9d16-ba26539e5444-tab-0\" aria-controls=\"ub-tabbed-content-f347fd76-1dd7-465f-9d16-ba26539e5444-panel-0\" aria-selected=\"true\" class=\"wp-block-ub-tabbed-content-tab-title-wrap active\" style=\"--ub-tabbed-title-background-color: #fcb900; --ub-tabbed-active-title-color: inherit; --ub-tabbed-active-title-background-color: #fcb900; text-align: left; \" tabindex=\"-1\">\n\t\t\t\t<div class=\"wp-block-ub-tabbed-content-tab-title\">Kurzbeschreibung<\/div>\n\t\t\t<\/div><div role=\"tab\" id=\"ub-tabbed-content-f347fd76-1dd7-465f-9d16-ba26539e5444-tab-1\" aria-controls=\"ub-tabbed-content-f347fd76-1dd7-465f-9d16-ba26539e5444-panel-1\" aria-selected=\"false\" class=\"wp-block-ub-tabbed-content-tab-title-wrap\" style=\"--ub-tabbed-active-title-color: inherit; --ub-tabbed-active-title-background-color: #fcb900; text-align: left; \" tabindex=\"-1\">\n\t\t\t\t<div class=\"wp-block-ub-tabbed-content-tab-title\">Trailer<\/div>\n\t\t\t<\/div><div role=\"tab\" id=\"ub-tabbed-content-f347fd76-1dd7-465f-9d16-ba26539e5444-tab-2\" aria-controls=\"ub-tabbed-content-f347fd76-1dd7-465f-9d16-ba26539e5444-panel-2\" aria-selected=\"false\" class=\"wp-block-ub-tabbed-content-tab-title-wrap\" style=\"--ub-tabbed-active-title-color: inherit; --ub-tabbed-active-title-background-color: #fcb900; text-align: left; \" tabindex=\"-1\">\n\t\t\t\t<div class=\"wp-block-ub-tabbed-content-tab-title\">Playlist<\/div>\n\t\t\t<\/div><div role=\"tab\" id=\"ub-tabbed-content-f347fd76-1dd7-465f-9d16-ba26539e5444-tab-3\" aria-controls=\"ub-tabbed-content-f347fd76-1dd7-465f-9d16-ba26539e5444-panel-3\" aria-selected=\"false\" class=\"wp-block-ub-tabbed-content-tab-title-wrap\" style=\"--ub-tabbed-active-title-color: inherit; --ub-tabbed-active-title-background-color: #fcb900; text-align: left; \" tabindex=\"-1\">\n\t\t\t\t<div class=\"wp-block-ub-tabbed-content-tab-title\">Andere Musikshows<\/div>\n\t\t\t<\/div><\/div>\n\t\t\t<\/div>\n\t\t\t<div class=\"wp-block-ub-tabbed-content-tabs-content\" style=\"\"><div role=\"tabpanel\" class=\"wp-block-ub-tabbed-content-tab-content-wrap active\" id=\"ub-tabbed-content-f347fd76-1dd7-465f-9d16-ba26539e5444-panel-0\" aria-labelledby=\"ub-tabbed-content-f347fd76-1dd7-465f-9d16-ba26539e5444-tab-0\" tabindex=\"0\">\n\n<p>Klassische Musik unter der 360\u00b0-Sternenkuppel genie\u00dfen und dabei gleichzeitig viel \u00fcber die Geschichte und Ph\u00e4nomene des Weltalls lernen. <\/p>\n\n<\/div><div role=\"tabpanel\" class=\"wp-block-ub-tabbed-content-tab-content-wrap ub-hide\" id=\"ub-tabbed-content-f347fd76-1dd7-465f-9d16-ba26539e5444-panel-1\" aria-labelledby=\"ub-tabbed-content-f347fd76-1dd7-465f-9d16-ba26539e5444-tab-1\" tabindex=\"0\">\n\n<figure class=\"wp-block-embed is-type-video is-provider-youtube wp-block-embed-youtube wp-embed-aspect-16-9 wp-has-aspect-ratio\"><div class=\"wp-block-embed__wrapper\">\n<iframe loading=\"lazy\" title=\"Stars of Classic - Trailer (360\u00b0 Video)\" width=\"720\" height=\"405\" src=\"https:\/\/www.youtube.com\/embed\/uRcFlaP7Gm4?feature=oembed\" frameborder=\"0\" allow=\"accelerometer; autoplay; clipboard-write; encrypted-media; gyroscope; picture-in-picture; web-share\" referrerpolicy=\"strict-origin-when-cross-origin\" allowfullscreen><\/iframe>\n<\/div><\/figure>\n\n\n\n<p>Hinweis: Die Musik des Trailers ist nicht Teil des Musikprogramms in der Veranstaltung! Die Playlist finden Sie im Tab nebenan.<\/p>\n\n<\/div><div role=\"tabpanel\" class=\"wp-block-ub-tabbed-content-tab-content-wrap ub-hide\" id=\"ub-tabbed-content-f347fd76-1dd7-465f-9d16-ba26539e5444-panel-2\" aria-labelledby=\"ub-tabbed-content-f347fd76-1dd7-465f-9d16-ba26539e5444-tab-2\" tabindex=\"0\">\n\n<p><strong>Stars of Classic Playlist<\/strong><\/p>\n\n\n\n<ol class=\"wp-block-list\">\n<li>Aquarium (Karneval der Tiere) \u2013 Camille Saint-Sa\u00ebns<\/li>\n\n\n\n<li>Also sprach Zarathustra \u2013 Richard Strauss<\/li>\n\n\n\n<li>Der Schwan von Tuonela \u2013 Jean Sibelius<\/li>\n\n\n\n<li>Solveigs Lied \u2013 Edvard Grieg<\/li>\n\n\n\n<li>Schwanensee (Akt 2 Szene Nr. 10) \u2013 Pyotr Ilyich Tchaikovsky<\/li>\n\n\n\n<li>Scarborough Fair \u2013 Unbekannt<\/li>\n\n\n\n<li>Moldau \u2013 Bed\u0159ich Smetana<\/li>\n\n\n\n<li>Morgenstimmung \u2013 Edvard Grieg<\/li>\n\n\n\n<li>Promenade \u2013 Modest Mussorgsky<\/li>\n\n\n\n<li>Gnomus \u2013 Modest Mussorgsky<\/li>\n\n\n\n<li>Mars, the bringer of War \u2013 Gustav Holst<\/li>\n\n\n\n<li>Sommer \u2013 Antonio Vivaldi<\/li>\n\n\n\n<li>Mondscheinsonate \u2013 Ludwig van Beethoven<\/li>\n\n\n\n<li>Ave Generosa \u2013 Hildegard von Bingen<\/li>\n\n\n\n<li>Fantasia on a Theme by Thomas Tallis \u2013 Vaughan Williams<\/li>\n<\/ol>\n\n<\/div><div role=\"tabpanel\" class=\"wp-block-ub-tabbed-content-tab-content-wrap ub-hide\" id=\"ub-tabbed-content-f347fd76-1dd7-465f-9d16-ba26539e5444-panel-3\" aria-labelledby=\"ub-tabbed-content-f347fd76-1dd7-465f-9d16-ba26539e5444-tab-3\" tabindex=\"0\">\n\n<p>Andere Musikprogramme: <\/p>\n\n\n\n<p><strong><a href=\"https:\/\/planet-ka.de\/en\/the-dark-side-of-the-moon\/\" target=\"_blank\" rel=\"noreferrer noopener\">Pink Floyd &#8211; The Dark Side of the Moon<\/a><\/strong><\/p>\n\n\n\n<p>In Planung: Tribute to Queen<\/p>\n\n<\/div><\/div>\n\t\t<\/div>\n\n\n<div style=\"height:32px\" aria-hidden=\"true\" class=\"wp-block-spacer\"><\/div>\n\n\n\n<h3 class=\"wp-block-heading\" id=\"darktic\">Online-Ticketbuchung<\/h3>\n\n\n\n<p>Wir empfehlen die Buchung von Online-Tickets, da aufgrund der begrenzten Platzzahl nicht garantiert werden kann, dass es Restkarten an der Abendkasse gibt.<\/p>\n\n\n\n<p>Dauer der Veranstaltung: ca. 60 Minuten<\/p>\n\n\n\n<p>Empfohlen ab 10 Jahren.<\/p>\n\n\n\n<p><strong>Zeiten: s. Buchungskalender (Achtung: kein Nacheinlass!)<br>Ort: <a data-type=\"page\" data-id=\"154\" href=\"https:\/\/planet-ka.de\/en\/contact\/\" target=\"_blank\" rel=\"noreferrer noopener\">PLANET KA, Alter Schlachthof 4, 76131 Karlsruhe<\/a><\/strong><br><\/p>\n\n\n<noscript>\r\n\t<div class=\"pretix-widget-no-script\">\r\n        JavaScript is disabled in your browser. To access our ticket shop without JavaScript, please click <a target=\"_blank\" rel=\"noopener\" href=\"https:\/\/pretix.eu\/planetka\/soc\/\">here<\/a>.\t<\/div>\r\n<\/noscript>\r\n<pretix-widget event=\"https:\/\/pretix.eu\/planetka\/soc\/\" class=\"wp-block-pretix-widget\"><\/pretix-widget>\n\n\n<p>Sollte der Buchungskalender hier nicht richtig angezeigt werden, nutzen Sie bitte folgenden Link: <a href=\"https:\/\/pretix.eu\/planetka\" target=\"_blank\" rel=\"noreferrer noopener\">https:\/\/pretix.eu\/planetka<\/a><\/p>\n\n\n\n<p><\/p>\n\n\n\n<div style=\"height:20px\" aria-hidden=\"true\" class=\"wp-block-spacer\"><\/div>","protected":false},"excerpt":{"rendered":"<p>Stars of Classic &#8211; Klassische Musik unter Sternenhimmel Eine musikalische Zeitreise vom Beginn des Universums bis in die Zukunft. Begleitet von den zeitlosen Kl\u00e4ngen von Beethoven, Vivaldi, Tschaikowsky, Strauss und anderen Meistern der klassischen Musik erleben wir gemeinsam einzigartige kosmische<\/p>","protected":false},"author":1,"featured_media":3243,"parent":0,"menu_order":0,"comment_status":"closed","ping_status":"closed","template":"","meta":{"footnotes":""},"class_list":["post-3242","page","type-page","status-publish","has-post-thumbnail","hentry","","tg-column-two"],"featured_image_src":"https:\/\/planet-ka.de\/wp-content\/uploads\/2025\/12\/Star-of-Classic.jpg","yoast_head":"<!-- This site is optimized with the Yoast SEO plugin v27.3 - https:\/\/yoast.com\/product\/yoast-seo-wordpress\/ -->\n<title>Stars of Classic - PLANET KA<\/title>\n<meta name=\"robots\" content=\"index, follow, max-snippet:-1, max-image-preview:large, max-video-preview:-1\" \/>\n<link rel=\"canonical\" href=\"https:\/\/planet-ka.de\/en\/stars-of-classic\/\" \/>\n<meta property=\"og:locale\" content=\"en_US\" \/>\n<meta property=\"og:type\" content=\"article\" \/>\n<meta property=\"og:title\" content=\"Stars of Classic - PLANET KA\" \/>\n<meta property=\"og:description\" content=\"Stars of Classic &#8211; Klassische Musik unter Sternenhimmel Eine musikalische Zeitreise vom Beginn des Universums bis in die Zukunft. Begleitet von den zeitlosen Kl\u00e4ngen von Beethoven, Vivaldi, Tschaikowsky, Strauss und anderen Meistern der klassischen Musik erleben wir gemeinsam einzigartige kosmische\" \/>\n<meta property=\"og:url\" content=\"https:\/\/planet-ka.de\/en\/stars-of-classic\/\" \/>\n<meta property=\"og:site_name\" content=\"PLANET KA\" \/>\n<meta property=\"article:publisher\" content=\"https:\/\/www.facebook.com\/people\/Planet-KA-Planetarium-Karlsruhe\/61573710254024\/\" \/>\n<meta property=\"article:modified_time\" content=\"2026-02-07T14:36:55+00:00\" \/>\n<meta property=\"og:image\" content=\"https:\/\/planet-ka.de\/wp-content\/uploads\/2025\/12\/Star-of-Classic.jpg\" \/>\n\t<meta property=\"og:image:width\" content=\"900\" \/>\n\t<meta property=\"og:image:height\" content=\"899\" \/>\n\t<meta property=\"og:image:type\" content=\"image\/jpeg\" \/>\n<script type=\"application\/ld+json\" class=\"yoast-schema-graph\">{\"@context\":\"https:\\\/\\\/schema.org\",\"@graph\":[{\"@type\":\"WebPage\",\"@id\":\"https:\\\/\\\/planet-ka.de\\\/stars-of-classic\\\/\",\"url\":\"https:\\\/\\\/planet-ka.de\\\/stars-of-classic\\\/\",\"name\":\"Stars of Classic - PLANET KA\",\"isPartOf\":{\"@id\":\"https:\\\/\\\/planet-ka.de\\\/#website\"},\"primaryImageOfPage\":{\"@id\":\"https:\\\/\\\/planet-ka.de\\\/stars-of-classic\\\/#primaryimage\"},\"image\":{\"@id\":\"https:\\\/\\\/planet-ka.de\\\/stars-of-classic\\\/#primaryimage\"},\"thumbnailUrl\":\"https:\\\/\\\/planet-ka.de\\\/wp-content\\\/uploads\\\/2025\\\/12\\\/Star-of-Classic.jpg\",\"datePublished\":\"2025-12-13T20:25:24+00:00\",\"dateModified\":\"2026-02-07T14:36:55+00:00\",\"breadcrumb\":{\"@id\":\"https:\\\/\\\/planet-ka.de\\\/stars-of-classic\\\/#breadcrumb\"},\"inLanguage\":\"en-US\",\"potentialAction\":[{\"@type\":\"ReadAction\",\"target\":[\"https:\\\/\\\/planet-ka.de\\\/stars-of-classic\\\/\"]}]},{\"@type\":\"ImageObject\",\"inLanguage\":\"en-US\",\"@id\":\"https:\\\/\\\/planet-ka.de\\\/stars-of-classic\\\/#primaryimage\",\"url\":\"https:\\\/\\\/planet-ka.de\\\/wp-content\\\/uploads\\\/2025\\\/12\\\/Star-of-Classic.jpg\",\"contentUrl\":\"https:\\\/\\\/planet-ka.de\\\/wp-content\\\/uploads\\\/2025\\\/12\\\/Star-of-Classic.jpg\",\"width\":900,\"height\":899},{\"@type\":\"BreadcrumbList\",\"@id\":\"https:\\\/\\\/planet-ka.de\\\/stars-of-classic\\\/#breadcrumb\",\"itemListElement\":[{\"@type\":\"ListItem\",\"position\":1,\"name\":\"Startseite\",\"item\":\"https:\\\/\\\/planet-ka.de\\\/\"},{\"@type\":\"ListItem\",\"position\":2,\"name\":\"Stars of Classic\"}]},{\"@type\":\"WebSite\",\"@id\":\"https:\\\/\\\/planet-ka.de\\\/#website\",\"url\":\"https:\\\/\\\/planet-ka.de\\\/\",\"name\":\"PLANET KA\",\"description\":\"Faszination Kosmos\",\"publisher\":{\"@id\":\"https:\\\/\\\/planet-ka.de\\\/#organization\"},\"potentialAction\":[{\"@type\":\"SearchAction\",\"target\":{\"@type\":\"EntryPoint\",\"urlTemplate\":\"https:\\\/\\\/planet-ka.de\\\/?s={search_term_string}\"},\"query-input\":{\"@type\":\"PropertyValueSpecification\",\"valueRequired\":true,\"valueName\":\"search_term_string\"}}],\"inLanguage\":\"en-US\"},{\"@type\":\"Organization\",\"@id\":\"https:\\\/\\\/planet-ka.de\\\/#organization\",\"name\":\"PLANET KA\",\"url\":\"https:\\\/\\\/planet-ka.de\\\/\",\"logo\":{\"@type\":\"ImageObject\",\"inLanguage\":\"en-US\",\"@id\":\"https:\\\/\\\/planet-ka.de\\\/#\\\/schema\\\/logo\\\/image\\\/\",\"url\":\"https:\\\/\\\/planet-ka.de\\\/wp-content\\\/uploads\\\/2025\\\/03\\\/cropped-Logo-Banner-Website-Jan-25_19.png\",\"contentUrl\":\"https:\\\/\\\/planet-ka.de\\\/wp-content\\\/uploads\\\/2025\\\/03\\\/cropped-Logo-Banner-Website-Jan-25_19.png\",\"width\":225,\"height\":66,\"caption\":\"PLANET KA\"},\"image\":{\"@id\":\"https:\\\/\\\/planet-ka.de\\\/#\\\/schema\\\/logo\\\/image\\\/\"},\"sameAs\":[\"https:\\\/\\\/www.facebook.com\\\/people\\\/Planet-KA-Planetarium-Karlsruhe\\\/61573710254024\\\/\",\"https:\\\/\\\/www.instagram.com\\\/planetarium_karlsruhe\\\/\"]}]}<\/script>\n<!-- \/ Yoast SEO plugin. -->","yoast_head_json":{"title":"Stars of Classic - PLANET KA","robots":{"index":"index","follow":"follow","max-snippet":"max-snippet:-1","max-image-preview":"max-image-preview:large","max-video-preview":"max-video-preview:-1"},"canonical":"https:\/\/planet-ka.de\/en\/stars-of-classic\/","og_locale":"en_US","og_type":"article","og_title":"Stars of Classic - PLANET KA","og_description":"Stars of Classic &#8211; Klassische Musik unter Sternenhimmel Eine musikalische Zeitreise vom Beginn des Universums bis in die Zukunft. Begleitet von den zeitlosen Kl\u00e4ngen von Beethoven, Vivaldi, Tschaikowsky, Strauss und anderen Meistern der klassischen Musik erleben wir gemeinsam einzigartige kosmische","og_url":"https:\/\/planet-ka.de\/en\/stars-of-classic\/","og_site_name":"PLANET KA","article_publisher":"https:\/\/www.facebook.com\/people\/Planet-KA-Planetarium-Karlsruhe\/61573710254024\/","article_modified_time":"2026-02-07T14:36:55+00:00","og_image":[{"width":900,"height":899,"url":"https:\/\/planet-ka.de\/wp-content\/uploads\/2025\/12\/Star-of-Classic.jpg","type":"image\/jpeg"}],"schema":{"@context":"https:\/\/schema.org","@graph":[{"@type":"WebPage","@id":"https:\/\/planet-ka.de\/stars-of-classic\/","url":"https:\/\/planet-ka.de\/stars-of-classic\/","name":"Stars of Classic - PLANET KA","isPartOf":{"@id":"https:\/\/planet-ka.de\/#website"},"primaryImageOfPage":{"@id":"https:\/\/planet-ka.de\/stars-of-classic\/#primaryimage"},"image":{"@id":"https:\/\/planet-ka.de\/stars-of-classic\/#primaryimage"},"thumbnailUrl":"https:\/\/planet-ka.de\/wp-content\/uploads\/2025\/12\/Star-of-Classic.jpg","datePublished":"2025-12-13T20:25:24+00:00","dateModified":"2026-02-07T14:36:55+00:00","breadcrumb":{"@id":"https:\/\/planet-ka.de\/stars-of-classic\/#breadcrumb"},"inLanguage":"en-US","potentialAction":[{"@type":"ReadAction","target":["https:\/\/planet-ka.de\/stars-of-classic\/"]}]},{"@type":"ImageObject","inLanguage":"en-US","@id":"https:\/\/planet-ka.de\/stars-of-classic\/#primaryimage","url":"https:\/\/planet-ka.de\/wp-content\/uploads\/2025\/12\/Star-of-Classic.jpg","contentUrl":"https:\/\/planet-ka.de\/wp-content\/uploads\/2025\/12\/Star-of-Classic.jpg","width":900,"height":899},{"@type":"BreadcrumbList","@id":"https:\/\/planet-ka.de\/stars-of-classic\/#breadcrumb","itemListElement":[{"@type":"ListItem","position":1,"name":"Startseite","item":"https:\/\/planet-ka.de\/"},{"@type":"ListItem","position":2,"name":"Stars of Classic"}]},{"@type":"WebSite","@id":"https:\/\/planet-ka.de\/#website","url":"https:\/\/planet-ka.de\/","name":"PLANET KA","description":"Cosmic Fascination","publisher":{"@id":"https:\/\/planet-ka.de\/#organization"},"potentialAction":[{"@type":"SearchAction","target":{"@type":"EntryPoint","urlTemplate":"https:\/\/planet-ka.de\/?s={search_term_string}"},"query-input":{"@type":"PropertyValueSpecification","valueRequired":true,"valueName":"search_term_string"}}],"inLanguage":"en-US"},{"@type":"Organization","@id":"https:\/\/planet-ka.de\/#organization","name":"PLANET KA","url":"https:\/\/planet-ka.de\/","logo":{"@type":"ImageObject","inLanguage":"en-US","@id":"https:\/\/planet-ka.de\/#\/schema\/logo\/image\/","url":"https:\/\/planet-ka.de\/wp-content\/uploads\/2025\/03\/cropped-Logo-Banner-Website-Jan-25_19.png","contentUrl":"https:\/\/planet-ka.de\/wp-content\/uploads\/2025\/03\/cropped-Logo-Banner-Website-Jan-25_19.png","width":225,"height":66,"caption":"PLANET KA"},"image":{"@id":"https:\/\/planet-ka.de\/#\/schema\/logo\/image\/"},"sameAs":["https:\/\/www.facebook.com\/people\/Planet-KA-Planetarium-Karlsruhe\/61573710254024\/","https:\/\/www.instagram.com\/planetarium_karlsruhe\/"]}]}},"_links":{"self":[{"href":"https:\/\/planet-ka.de\/en\/wp-json\/wp\/v2\/pages\/3242","targetHints":{"allow":["GET"]}}],"collection":[{"href":"https:\/\/planet-ka.de\/en\/wp-json\/wp\/v2\/pages"}],"about":[{"href":"https:\/\/planet-ka.de\/en\/wp-json\/wp\/v2\/types\/page"}],"author":[{"embeddable":true,"href":"https:\/\/planet-ka.de\/en\/wp-json\/wp\/v2\/users\/1"}],"replies":[{"embeddable":true,"href":"https:\/\/planet-ka.de\/en\/wp-json\/wp\/v2\/comments?post=3242"}],"version-history":[{"count":7,"href":"https:\/\/planet-ka.de\/en\/wp-json\/wp\/v2\/pages\/3242\/revisions"}],"predecessor-version":[{"id":3477,"href":"https:\/\/planet-ka.de\/en\/wp-json\/wp\/v2\/pages\/3242\/revisions\/3477"}],"wp:featuredmedia":[{"embeddable":true,"href":"https:\/\/planet-ka.de\/en\/wp-json\/wp\/v2\/media\/3243"}],"wp:attachment":[{"href":"https:\/\/planet-ka.de\/en\/wp-json\/wp\/v2\/media?parent=3242"}],"curies":[{"name":"wp","href":"https:\/\/api.w.org\/{rel}","templated":true}]}}