{"id":3267,"date":"2025-12-13T22:32:24","date_gmt":"2025-12-13T21:32:24","guid":{"rendered":"https:\/\/planet-ka.de\/?page_id=3267"},"modified":"2026-02-07T14:54:37","modified_gmt":"2026-02-07T13:54:37","slug":"der-blaue-planet","status":"publish","type":"page","link":"https:\/\/planet-ka.de\/en\/der-blaue-planet\/","title":{"rendered":"The Blue Planet"},"content":{"rendered":"<div class=\"wp-block-media-text is-stacked-on-mobile\"><figure class=\"wp-block-media-text__media\"><img loading=\"lazy\" decoding=\"async\" width=\"1024\" height=\"683\" src=\"https:\/\/planet-ka.de\/wp-content\/uploads\/2026\/02\/BlauerPlanetHQ-1024x683.png\" alt=\"\" class=\"wp-image-3453 size-full\" srcset=\"https:\/\/planet-ka.de\/wp-content\/uploads\/2026\/02\/BlauerPlanetHQ-1024x683.png 1024w, https:\/\/planet-ka.de\/wp-content\/uploads\/2026\/02\/BlauerPlanetHQ-300x200.png 300w, https:\/\/planet-ka.de\/wp-content\/uploads\/2026\/02\/BlauerPlanetHQ-768x512.png 768w, https:\/\/planet-ka.de\/wp-content\/uploads\/2026\/02\/BlauerPlanetHQ.png 1536w\" sizes=\"auto, (max-width: 1024px) 100vw, 1024px\" \/><\/figure><div class=\"wp-block-media-text__content\">\n<h3 class=\"wp-block-heading\">The Blue Planet<\/h3>\n\n\n\n<div style=\"height:3px\" aria-hidden=\"true\" class=\"wp-block-spacer\"><\/div>\n\n\n\n<h6 class=\"wp-block-heading\">Eine &#8218;Hommage&#8216; an unsere Erde<br><br>mit den ber\u00fchmten Gedanken von Carl Sagan zum &#8222;<em>Pale Blue Dot<\/em>&#8222;<\/h6>\n\n\n\n<div style=\"height:27px\" aria-hidden=\"true\" class=\"wp-block-spacer\"><\/div>\n\n\n\n<div class=\"wp-block-buttons is-content-justification-center is-layout-flex wp-container-core-buttons-is-layout-16018d1d wp-block-buttons-is-layout-flex\">\n<div class=\"wp-block-button has-custom-width wp-block-button__width-50 is-style-outline is-style-outline--1\" id=\"flaptic\"><a class=\"wp-block-button__link has-white-color has-text-color has-background has-link-color has-text-align-center has-custom-font-size wp-element-button\" href=\"#bluetic\" style=\"border-radius:100px;background-color:#022647;font-size:17px\">Termine &amp; Tickets<\/a><\/div>\n<\/div>\n<\/div><\/div>\n\n\n\n<div style=\"height:20px\" aria-hidden=\"true\" class=\"wp-block-spacer\"><\/div>\n\n\n\n<h2 class=\"wp-block-heading\">The Blue Planet<\/h2>\n\n\n\n<p class=\"has-medium-font-size\"><strong>Eine Hommage an unsere kosmische Heimat &#8211; mit den ber\u00fchmten Gedanken Carl Sagans zum &#8222;<em>Pale Blue Dot<\/em>&#8222;<\/strong><\/p>\n\n\n\n<div style=\"height:12px\" aria-hidden=\"true\" class=\"wp-block-spacer\"><\/div>\n\n\n\n<p>Unsere Erde ist ein \u201eJuwel im All\u201c mit einer \u00e4u\u00dferst bewegten Vergangenheit.<\/p>\n\n\n\n<p>Die Fulldome-Show nimmt Sie 4,5 Milliarden Jahre zur\u00fcck in die Vergangenheit. Unser Heimatplanet zog damals als glutfl\u00fcssiger Gesteinsklumpen seine Bahn um eine noch junge Sonne, st\u00e4ndig einem unabl\u00e4ssigen Bombardement von Meteoroiden und Asteroiden ausgesetzt.<\/p>\n\n\n\n<p>Den Erdmond gab es damals noch gar nicht \u2013 er sollte erst sp\u00e4ter entstehen.<\/p>\n\n\n\n<p>Doch die Erde ist ein Ort des Wandels: in Jahrmillionen entwickelte sie sich zum \u201eBlauen Planeten\u201c, einem Hort des Lebens. Bis heute ist sie von st\u00e4ndigen Umgestaltungen gekennzeichnet: tiefgreifende geologische Ver\u00e4nderungen, Klima und Wetter zeichnen das Gesicht der Erde immer wieder neu.<\/p>\n\n\n\n<p>Auch der Wechsel der Jahreszeiten und Gezeiten sind typische Ph\u00e4nomene unseres Planeten, die mit der Planetariumstechnik erl\u00e4utert und anschaulich gemacht werden.<\/p>\n\n\n\n<p>Das Programm ist eine Hommage an unseren Heimatplaneten. Sie endet mit nachdenklich stimmenden Gedanken des ber\u00fchmten Astronomen Carl Sagan zu dem&nbsp;<em>Pale Blue Dot<\/em>, der unser aller einzige und alternativlose Heimstatt im gro\u00dfen, leeren und kalten Weltraum ist.<\/p>\n\n\n\n<p>Empfohlen ab 10 Jahren.<\/p>\n\n\n\n<p>Dauer der Veranstaltung: ca. 60 Minuten<br>Zu Beginn pr\u00e4sentieren wir live den aktuellen Sternenhimmel \u00fcber Karlsruhe.<\/p>\n\n\n\n<p>Einlass: ca. 30 Min. vor Beginn.<br><em>Bitte beachten: Kein Nacheinlass m\u00f6glich!<br>Ungenutzte Tickets verfallen ersatzlos.<\/em><\/p>\n\n\n\n<div style=\"height:37px\" aria-hidden=\"true\" class=\"wp-block-spacer\"><\/div>\n\n\n\n<h2 class=\"wp-block-heading\" id=\"bluetic\">Termine &amp; Tickets<\/h2>\n\n\n\n<p>Empfohlen ab 10 Jahren.<\/p>\n\n\n\n<p>Dauer der Veranstaltung: ca. 60 Minuten<br>Zu Beginn pr\u00e4sentieren wir live den aktuellen Sternenhimmel \u00fcber Karlsruhe.<\/p>\n\n\n\n<p>Einlass: ca. 30 Min. vor Beginn.<br><em>Bitte beachten: Kein Nacheinlass m\u00f6glich!<br>Ungenutzte Tickets verfallen ersatzlos.<\/em><\/p>\n\n\n<noscript>\r\n\t<div class=\"pretix-widget-no-script\">\r\n        JavaScript is disabled in your browser. To access our ticket shop without JavaScript, please click <a target=\"_blank\" rel=\"noopener\" href=\"https:\/\/pretix.eu\/planetka\/blue\/\">here<\/a>.\t<\/div>\r\n<\/noscript>\r\n<pretix-widget event=\"https:\/\/pretix.eu\/planetka\/blue\/\" class=\"wp-block-pretix-widget\"><\/pretix-widget>\n\n\n<p><\/p>","protected":false},"excerpt":{"rendered":"<p>Die Weisen aus dem Morgenland folgen dem Stern.<\/p>","protected":false},"author":1,"featured_media":3268,"parent":0,"menu_order":0,"comment_status":"closed","ping_status":"closed","template":"","meta":{"footnotes":""},"class_list":["post-3267","page","type-page","status-publish","has-post-thumbnail","hentry","","tg-column-two"],"featured_image_src":"https:\/\/planet-ka.de\/wp-content\/uploads\/2025\/12\/Bluebild1.jpg","yoast_head":"<!-- This site is optimized with the Yoast SEO plugin v27.3 - https:\/\/yoast.com\/product\/yoast-seo-wordpress\/ -->\n<title>Der Blaue Planet - PLANET KA<\/title>\n<meta name=\"robots\" content=\"index, follow, max-snippet:-1, max-image-preview:large, max-video-preview:-1\" \/>\n<link rel=\"canonical\" href=\"https:\/\/planet-ka.de\/en\/der-blaue-planet\/\" \/>\n<meta property=\"og:locale\" content=\"en_US\" \/>\n<meta property=\"og:type\" content=\"article\" \/>\n<meta property=\"og:title\" content=\"Der Blaue Planet - PLANET KA\" \/>\n<meta property=\"og:description\" content=\"Die Weisen aus dem Morgenland folgen dem Stern.\" \/>\n<meta property=\"og:url\" content=\"https:\/\/planet-ka.de\/en\/der-blaue-planet\/\" \/>\n<meta property=\"og:site_name\" content=\"PLANET KA\" \/>\n<meta property=\"article:publisher\" content=\"https:\/\/www.facebook.com\/people\/Planet-KA-Planetarium-Karlsruhe\/61573710254024\/\" \/>\n<meta property=\"article:modified_time\" content=\"2026-02-07T13:54:37+00:00\" \/>\n<meta property=\"og:image\" content=\"https:\/\/planet-ka.de\/wp-content\/uploads\/2025\/12\/Bluebild1.jpg\" \/>\n\t<meta property=\"og:image:width\" content=\"1309\" \/>\n\t<meta property=\"og:image:height\" content=\"871\" \/>\n\t<meta property=\"og:image:type\" content=\"image\/jpeg\" \/>\n<script type=\"application\/ld+json\" class=\"yoast-schema-graph\">{\"@context\":\"https:\\\/\\\/schema.org\",\"@graph\":[{\"@type\":\"WebPage\",\"@id\":\"https:\\\/\\\/planet-ka.de\\\/der-blaue-planet\\\/\",\"url\":\"https:\\\/\\\/planet-ka.de\\\/der-blaue-planet\\\/\",\"name\":\"Der Blaue Planet - PLANET KA\",\"isPartOf\":{\"@id\":\"https:\\\/\\\/planet-ka.de\\\/#website\"},\"primaryImageOfPage\":{\"@id\":\"https:\\\/\\\/planet-ka.de\\\/der-blaue-planet\\\/#primaryimage\"},\"image\":{\"@id\":\"https:\\\/\\\/planet-ka.de\\\/der-blaue-planet\\\/#primaryimage\"},\"thumbnailUrl\":\"https:\\\/\\\/planet-ka.de\\\/wp-content\\\/uploads\\\/2025\\\/12\\\/Bluebild1.jpg\",\"datePublished\":\"2025-12-13T21:32:24+00:00\",\"dateModified\":\"2026-02-07T13:54:37+00:00\",\"breadcrumb\":{\"@id\":\"https:\\\/\\\/planet-ka.de\\\/der-blaue-planet\\\/#breadcrumb\"},\"inLanguage\":\"en-US\",\"potentialAction\":[{\"@type\":\"ReadAction\",\"target\":[\"https:\\\/\\\/planet-ka.de\\\/der-blaue-planet\\\/\"]}]},{\"@type\":\"ImageObject\",\"inLanguage\":\"en-US\",\"@id\":\"https:\\\/\\\/planet-ka.de\\\/der-blaue-planet\\\/#primaryimage\",\"url\":\"https:\\\/\\\/planet-ka.de\\\/wp-content\\\/uploads\\\/2025\\\/12\\\/Bluebild1.jpg\",\"contentUrl\":\"https:\\\/\\\/planet-ka.de\\\/wp-content\\\/uploads\\\/2025\\\/12\\\/Bluebild1.jpg\",\"width\":1309,\"height\":871},{\"@type\":\"BreadcrumbList\",\"@id\":\"https:\\\/\\\/planet-ka.de\\\/der-blaue-planet\\\/#breadcrumb\",\"itemListElement\":[{\"@type\":\"ListItem\",\"position\":1,\"name\":\"Startseite\",\"item\":\"https:\\\/\\\/planet-ka.de\\\/\"},{\"@type\":\"ListItem\",\"position\":2,\"name\":\"Der Blaue Planet\"}]},{\"@type\":\"WebSite\",\"@id\":\"https:\\\/\\\/planet-ka.de\\\/#website\",\"url\":\"https:\\\/\\\/planet-ka.de\\\/\",\"name\":\"PLANET KA\",\"description\":\"Faszination Kosmos\",\"publisher\":{\"@id\":\"https:\\\/\\\/planet-ka.de\\\/#organization\"},\"potentialAction\":[{\"@type\":\"SearchAction\",\"target\":{\"@type\":\"EntryPoint\",\"urlTemplate\":\"https:\\\/\\\/planet-ka.de\\\/?s={search_term_string}\"},\"query-input\":{\"@type\":\"PropertyValueSpecification\",\"valueRequired\":true,\"valueName\":\"search_term_string\"}}],\"inLanguage\":\"en-US\"},{\"@type\":\"Organization\",\"@id\":\"https:\\\/\\\/planet-ka.de\\\/#organization\",\"name\":\"PLANET KA\",\"url\":\"https:\\\/\\\/planet-ka.de\\\/\",\"logo\":{\"@type\":\"ImageObject\",\"inLanguage\":\"en-US\",\"@id\":\"https:\\\/\\\/planet-ka.de\\\/#\\\/schema\\\/logo\\\/image\\\/\",\"url\":\"https:\\\/\\\/planet-ka.de\\\/wp-content\\\/uploads\\\/2025\\\/03\\\/cropped-Logo-Banner-Website-Jan-25_19.png\",\"contentUrl\":\"https:\\\/\\\/planet-ka.de\\\/wp-content\\\/uploads\\\/2025\\\/03\\\/cropped-Logo-Banner-Website-Jan-25_19.png\",\"width\":225,\"height\":66,\"caption\":\"PLANET KA\"},\"image\":{\"@id\":\"https:\\\/\\\/planet-ka.de\\\/#\\\/schema\\\/logo\\\/image\\\/\"},\"sameAs\":[\"https:\\\/\\\/www.facebook.com\\\/people\\\/Planet-KA-Planetarium-Karlsruhe\\\/61573710254024\\\/\",\"https:\\\/\\\/www.instagram.com\\\/planetarium_karlsruhe\\\/\"]}]}<\/script>\n<!-- \/ Yoast SEO plugin. -->","yoast_head_json":{"title":"Der Blaue Planet - PLANET KA","robots":{"index":"index","follow":"follow","max-snippet":"max-snippet:-1","max-image-preview":"max-image-preview:large","max-video-preview":"max-video-preview:-1"},"canonical":"https:\/\/planet-ka.de\/en\/der-blaue-planet\/","og_locale":"en_US","og_type":"article","og_title":"Der Blaue Planet - PLANET KA","og_description":"Die Weisen aus dem Morgenland folgen dem Stern.","og_url":"https:\/\/planet-ka.de\/en\/der-blaue-planet\/","og_site_name":"PLANET KA","article_publisher":"https:\/\/www.facebook.com\/people\/Planet-KA-Planetarium-Karlsruhe\/61573710254024\/","article_modified_time":"2026-02-07T13:54:37+00:00","og_image":[{"width":1309,"height":871,"url":"https:\/\/planet-ka.de\/wp-content\/uploads\/2025\/12\/Bluebild1.jpg","type":"image\/jpeg"}],"schema":{"@context":"https:\/\/schema.org","@graph":[{"@type":"WebPage","@id":"https:\/\/planet-ka.de\/der-blaue-planet\/","url":"https:\/\/planet-ka.de\/der-blaue-planet\/","name":"Der Blaue Planet - PLANET KA","isPartOf":{"@id":"https:\/\/planet-ka.de\/#website"},"primaryImageOfPage":{"@id":"https:\/\/planet-ka.de\/der-blaue-planet\/#primaryimage"},"image":{"@id":"https:\/\/planet-ka.de\/der-blaue-planet\/#primaryimage"},"thumbnailUrl":"https:\/\/planet-ka.de\/wp-content\/uploads\/2025\/12\/Bluebild1.jpg","datePublished":"2025-12-13T21:32:24+00:00","dateModified":"2026-02-07T13:54:37+00:00","breadcrumb":{"@id":"https:\/\/planet-ka.de\/der-blaue-planet\/#breadcrumb"},"inLanguage":"en-US","potentialAction":[{"@type":"ReadAction","target":["https:\/\/planet-ka.de\/der-blaue-planet\/"]}]},{"@type":"ImageObject","inLanguage":"en-US","@id":"https:\/\/planet-ka.de\/der-blaue-planet\/#primaryimage","url":"https:\/\/planet-ka.de\/wp-content\/uploads\/2025\/12\/Bluebild1.jpg","contentUrl":"https:\/\/planet-ka.de\/wp-content\/uploads\/2025\/12\/Bluebild1.jpg","width":1309,"height":871},{"@type":"BreadcrumbList","@id":"https:\/\/planet-ka.de\/der-blaue-planet\/#breadcrumb","itemListElement":[{"@type":"ListItem","position":1,"name":"Startseite","item":"https:\/\/planet-ka.de\/"},{"@type":"ListItem","position":2,"name":"Der Blaue Planet"}]},{"@type":"WebSite","@id":"https:\/\/planet-ka.de\/#website","url":"https:\/\/planet-ka.de\/","name":"PLANET KA","description":"Cosmic Fascination","publisher":{"@id":"https:\/\/planet-ka.de\/#organization"},"potentialAction":[{"@type":"SearchAction","target":{"@type":"EntryPoint","urlTemplate":"https:\/\/planet-ka.de\/?s={search_term_string}"},"query-input":{"@type":"PropertyValueSpecification","valueRequired":true,"valueName":"search_term_string"}}],"inLanguage":"en-US"},{"@type":"Organization","@id":"https:\/\/planet-ka.de\/#organization","name":"PLANET KA","url":"https:\/\/planet-ka.de\/","logo":{"@type":"ImageObject","inLanguage":"en-US","@id":"https:\/\/planet-ka.de\/#\/schema\/logo\/image\/","url":"https:\/\/planet-ka.de\/wp-content\/uploads\/2025\/03\/cropped-Logo-Banner-Website-Jan-25_19.png","contentUrl":"https:\/\/planet-ka.de\/wp-content\/uploads\/2025\/03\/cropped-Logo-Banner-Website-Jan-25_19.png","width":225,"height":66,"caption":"PLANET KA"},"image":{"@id":"https:\/\/planet-ka.de\/#\/schema\/logo\/image\/"},"sameAs":["https:\/\/www.facebook.com\/people\/Planet-KA-Planetarium-Karlsruhe\/61573710254024\/","https:\/\/www.instagram.com\/planetarium_karlsruhe\/"]}]}},"_links":{"self":[{"href":"https:\/\/planet-ka.de\/en\/wp-json\/wp\/v2\/pages\/3267","targetHints":{"allow":["GET"]}}],"collection":[{"href":"https:\/\/planet-ka.de\/en\/wp-json\/wp\/v2\/pages"}],"about":[{"href":"https:\/\/planet-ka.de\/en\/wp-json\/wp\/v2\/types\/page"}],"author":[{"embeddable":true,"href":"https:\/\/planet-ka.de\/en\/wp-json\/wp\/v2\/users\/1"}],"replies":[{"embeddable":true,"href":"https:\/\/planet-ka.de\/en\/wp-json\/wp\/v2\/comments?post=3267"}],"version-history":[{"count":8,"href":"https:\/\/planet-ka.de\/en\/wp-json\/wp\/v2\/pages\/3267\/revisions"}],"predecessor-version":[{"id":3454,"href":"https:\/\/planet-ka.de\/en\/wp-json\/wp\/v2\/pages\/3267\/revisions\/3454"}],"wp:featuredmedia":[{"embeddable":true,"href":"https:\/\/planet-ka.de\/en\/wp-json\/wp\/v2\/media\/3268"}],"wp:attachment":[{"href":"https:\/\/planet-ka.de\/en\/wp-json\/wp\/v2\/media?parent=3267"}],"curies":[{"name":"wp","href":"https:\/\/api.w.org\/{rel}","templated":true}]}}