{"id":333,"date":"2024-05-27T15:52:45","date_gmt":"2024-05-27T13:52:45","guid":{"rendered":"https:\/\/planet-ka.de\/?page_id=333"},"modified":"2025-12-12T13:29:25","modified_gmt":"2025-12-12T12:29:25","slug":"kinder","status":"publish","type":"page","link":"https:\/\/planet-ka.de\/en\/kinder\/","title":{"rendered":"Children &amp; Families"},"content":{"rendered":"\n<div class=\"wp-block-media-text is-stacked-on-mobile\"><figure class=\"wp-block-media-text__media\"><img loading=\"lazy\" decoding=\"async\" width=\"1024\" height=\"576\" src=\"https:\/\/planet-ka.de\/wp-content\/uploads\/2025\/02\/creative-paper-planets-assortment-1024x576.jpg\" alt=\"\" class=\"wp-image-1823 size-full\" srcset=\"https:\/\/planet-ka.de\/wp-content\/uploads\/2025\/02\/creative-paper-planets-assortment-1024x576.jpg 1024w, https:\/\/planet-ka.de\/wp-content\/uploads\/2025\/02\/creative-paper-planets-assortment-300x169.jpg 300w, https:\/\/planet-ka.de\/wp-content\/uploads\/2025\/02\/creative-paper-planets-assortment-768x432.jpg 768w, https:\/\/planet-ka.de\/wp-content\/uploads\/2025\/02\/creative-paper-planets-assortment-1536x864.jpg 1536w, https:\/\/planet-ka.de\/wp-content\/uploads\/2025\/02\/creative-paper-planets-assortment-2048x1152.jpg 2048w\" sizes=\"auto, (max-width: 1024px) 100vw, 1024px\" \/><\/figure><div class=\"wp-block-media-text__content\">\n<h2 class=\"wp-block-heading\">Auf ins All mit Flappi &amp; Co.!<\/h2>\n\n\n\n<p style=\"font-size:18px\">Wir bieten wechselnde Programme <br>f\u00fcr Kinder von 4-7 und von 8-12 Jahren. <br>G\u00fcnstige Familientarife unter der Woche.<\/p>\n\n\n\n<p style=\"font-size:18px\">Daneben individuell buchbare Angebot z.B. f\u00fcr Ihren Kindergeburtstag!<\/p>\n\n\n\n<div style=\"height:30px\" aria-hidden=\"true\" class=\"wp-block-spacer\"><\/div>\n\n\n\n<div class=\"wp-block-buttons is-content-justification-center is-layout-flex wp-container-core-buttons-is-layout-16018d1d wp-block-buttons-is-layout-flex\">\n<div class=\"wp-block-button has-custom-width wp-block-button__width-75 has-custom-font-size is-style-outline is-style-outline--1\" style=\"font-size:15px\"><a class=\"wp-block-button__link wp-element-button\" href=\"#kifatic\">Direkt zum Buchungskalender<\/a><\/div>\n<\/div>\n<\/div><\/div>\n\n\n\n<div style=\"height:49px\" aria-hidden=\"true\" class=\"wp-block-spacer\"><\/div>\n\n\n\n<h3 class=\"wp-block-heading\">\u00dcbersicht der Angebote f\u00fcr Kinder &amp; Familien<\/h3>\n\n\n\n<ul class=\"wp-block-list\">\n<li>F\u00fcr Kitas &amp; Schulen geht es <a href=\"https:\/\/planet-ka.de\/schulen-kitas\/\" data-type=\"page\" data-id=\"334\">bitte hier entlang&#8230; <\/a><br><\/li>\n\n\n\n<li><strong>Zu den <a data-type=\"page\" data-id=\"1842\" href=\"https:\/\/planet-ka.de\/?page_id=1842\"><span style=\"text-decoration: underline;\">regul\u00e4ren Familien-Vorstellungen<\/span> geht es hier&#8230; <\/a><br><\/strong><\/li>\n\n\n\n<li>&#8230; und hier geht es <a data-type=\"page\" data-id=\"1349\" href=\"https:\/\/planet-ka.de\/kindergeburtstag-im-planetarium\/\">zu individuell buchbaren Veranstaltungen wie z.B. Kindergeburtstagen<\/a><\/li>\n<\/ul>\n\n\n\n<div style=\"height:53px\" aria-hidden=\"true\" class=\"wp-block-spacer\"><\/div>\n\n\n\n<h3 class=\"wp-block-heading\" id=\"kifatic\">Online-Buchungskalender f\u00fcr Kinder- &amp; Familienprogramme<\/h3>\n\n\n<noscript>\r\n\t<div class=\"pretix-widget-no-script\">\r\n        JavaScript is disabled in your browser. To access our ticket shop without JavaScript, please click <a target=\"_blank\" rel=\"noopener\" href=\"https:\/\/pretix.eu\/planetka\/\">here<\/a>.\t<\/div>\r\n<\/noscript>\r\n<pretix-widget list-type=\"week\" event=\"https:\/\/pretix.eu\/planetka\/\" filter=\"attr[kinder]=1\" class=\"wp-block-pretix-widget\"><\/pretix-widget>\n\n\n<div style=\"height:25px\" aria-hidden=\"true\" class=\"wp-block-spacer\"><\/div>\n\n\n<div class=\"wp-block-ub-divider ub_divider ub-divider-orientation-horizontal\" id=\"ub_divider_1f067d12-5e91-428e-b153-6e1c47f22e71\"><div class=\"ub_divider_wrapper\" style=\"position: relative; margin-bottom: 2px; width: 100%; height: 2px; \" data-divider-alignment=\"center\"><div class=\"ub_divider_line\" style=\"border-top: 1px solid #ccc; margin-top: 2px; \"><\/div><\/div><\/div>\n\n\n<div style=\"height:33px\" aria-hidden=\"true\" class=\"wp-block-spacer\"><\/div>\n\n\n\n<h3 class=\"wp-block-heading\">Spezielle Termine im Jahr f\u00fcr Kinder &amp; Jugendliche<\/h3>\n\n\n\n<p>Neben den oben genannten dauerhaften Angeboten gibt es nat\u00fcrlich in jedem Jahr zahlreiche Highlights, die an einzelnen Daten stattfinden. <br>Hier geben wir eine \u00dcbersicht f\u00fcr das 1. Halbjahr 2025: <\/p>\n\n\n\n<ul class=\"wp-block-list\">\n<li><a href=\"https:\/\/planet-ka.de\/special-events\/#ad+sofi293\" target=\"_blank\" rel=\"noreferrer noopener\">bundesweiter Astronomietag mit partieller Sonnenfinsternis am 29. M\u00e4rz<\/a><br><\/li>\n\n\n\n<li><a href=\"https:\/\/planet-ka.de\/girls-day-im-planetarium\/\" target=\"_blank\" rel=\"noreferrer noopener\">Girls&#8216; Day 2025 am 3. April<\/a><\/li>\n\n\n\n<li><br><a href=\"https:\/\/planet-ka.de\/effekte-festival-2025\/\" data-type=\"page\" data-id=\"2135\">PLANET KA @ EFFEKTE-Festival am 19. Mai<\/a><a href=\"https:\/\/planet-ka.de\/girls-day-im-planetarium\/\" target=\"_blank\" rel=\"noreferrer noopener\"><br><\/a><\/li>\n\n\n\n<li><a href=\"https:\/\/planet-ka.de\/mintmachtage-2025\/\" target=\"_blank\" rel=\"noreferrer noopener\">MINTmachtage 2025 am 17. Juni<br><\/a><\/li>\n\n\n\n<li><a href=\"https:\/\/planet-ka.de\/special-events\/#aday625\" target=\"_blank\" rel=\"noreferrer noopener\">Internationaler Asteroidentag am 30. Juni<\/a><\/li>\n<\/ul>\n\n\n\n<p>Beim Astronomietag und Asteroidentag sind jeweils am Nachmittag Familienprogramme geplant.<br>Leider kann derzeit (Stand Mitte Februar 2025) noch nicht mit Sicherheit gesagt werden, ob PLANET KA bis zum 29. M\u00e4rz schon er\u00f6ffnet haben wird. Das steht, wie so vieles, gerade noch in den Sternen&#8230;<\/p>\n\n\n\n<p>Hier informieren wir, wie es weitergeht. Schaut also immer mal wieder rein!<\/p>\n","protected":false},"excerpt":{"rendered":"<p>Fledermaus Flappi, Pinguin James und Eisb\u00e4r Vladimir warten auf Euch f\u00fcr eine Reise ins All! <\/p>","protected":false},"author":1,"featured_media":442,"parent":0,"menu_order":0,"comment_status":"closed","ping_status":"closed","template":"","meta":{"footnotes":""},"class_list":["post-333","page","type-page","status-publish","has-post-thumbnail","hentry","","tg-column-two"],"featured_image_src":"https:\/\/planet-ka.de\/wp-content\/uploads\/2024\/05\/Flappi_Startseite_2.png","yoast_head":"<!-- This site is optimized with the Yoast SEO plugin v27.3 - https:\/\/yoast.com\/product\/yoast-seo-wordpress\/ -->\n<title>Kinder &amp; Familien - PLANET KA<\/title>\n<meta name=\"description\" content=\"Entdecken Sie spannende Shows f\u00fcr Kinder und die ganze Familie im Planetarium Karlsruhe (PLANET KA). Alle Infos zu kindgerechten Programmen, Tickets und \u00d6ffnungszeiten f\u00fcr Ihren Familienausflug.\" \/>\n<meta name=\"robots\" content=\"index, follow, max-snippet:-1, max-image-preview:large, max-video-preview:-1\" \/>\n<link rel=\"canonical\" href=\"https:\/\/planet-ka.de\/en\/kinder\/\" \/>\n<meta property=\"og:locale\" content=\"en_US\" \/>\n<meta property=\"og:type\" content=\"article\" \/>\n<meta property=\"og:title\" content=\"Kinder &amp; Familien - PLANET KA\" \/>\n<meta property=\"og:description\" content=\"Entdecken Sie spannende Shows f\u00fcr Kinder und die ganze Familie im Planetarium Karlsruhe (PLANET KA). Alle Infos zu kindgerechten Programmen, Tickets und \u00d6ffnungszeiten f\u00fcr Ihren Familienausflug.\" \/>\n<meta property=\"og:url\" content=\"https:\/\/planet-ka.de\/en\/kinder\/\" \/>\n<meta property=\"og:site_name\" content=\"PLANET KA\" \/>\n<meta property=\"article:publisher\" content=\"https:\/\/www.facebook.com\/people\/Planet-KA-Planetarium-Karlsruhe\/61573710254024\/\" \/>\n<meta property=\"article:modified_time\" content=\"2025-12-12T12:29:25+00:00\" \/>\n<meta property=\"og:image\" content=\"https:\/\/planet-ka.de\/wp-content\/uploads\/2024\/05\/Flappi_Startseite_2.png\" \/>\n\t<meta property=\"og:image:width\" content=\"1000\" \/>\n\t<meta property=\"og:image:height\" content=\"666\" \/>\n\t<meta property=\"og:image:type\" content=\"image\/png\" \/>\n<script type=\"application\/ld+json\" class=\"yoast-schema-graph\">{\"@context\":\"https:\\\/\\\/schema.org\",\"@graph\":[{\"@type\":\"WebPage\",\"@id\":\"https:\\\/\\\/planet-ka.de\\\/kinder\\\/\",\"url\":\"https:\\\/\\\/planet-ka.de\\\/kinder\\\/\",\"name\":\"Kinder &amp; Familien - PLANET KA\",\"isPartOf\":{\"@id\":\"https:\\\/\\\/planet-ka.de\\\/#website\"},\"primaryImageOfPage\":{\"@id\":\"https:\\\/\\\/planet-ka.de\\\/kinder\\\/#primaryimage\"},\"image\":{\"@id\":\"https:\\\/\\\/planet-ka.de\\\/kinder\\\/#primaryimage\"},\"thumbnailUrl\":\"https:\\\/\\\/planet-ka.de\\\/wp-content\\\/uploads\\\/2024\\\/05\\\/Flappi_Startseite_2.png\",\"datePublished\":\"2024-05-27T13:52:45+00:00\",\"dateModified\":\"2025-12-12T12:29:25+00:00\",\"description\":\"Entdecken Sie spannende Shows f\u00fcr Kinder und die ganze Familie im Planetarium Karlsruhe (PLANET KA). Alle Infos zu kindgerechten Programmen, Tickets und \u00d6ffnungszeiten f\u00fcr Ihren Familienausflug.\",\"breadcrumb\":{\"@id\":\"https:\\\/\\\/planet-ka.de\\\/kinder\\\/#breadcrumb\"},\"inLanguage\":\"en-US\",\"potentialAction\":[{\"@type\":\"ReadAction\",\"target\":[\"https:\\\/\\\/planet-ka.de\\\/kinder\\\/\"]}]},{\"@type\":\"ImageObject\",\"inLanguage\":\"en-US\",\"@id\":\"https:\\\/\\\/planet-ka.de\\\/kinder\\\/#primaryimage\",\"url\":\"https:\\\/\\\/planet-ka.de\\\/wp-content\\\/uploads\\\/2024\\\/05\\\/Flappi_Startseite_2.png\",\"contentUrl\":\"https:\\\/\\\/planet-ka.de\\\/wp-content\\\/uploads\\\/2024\\\/05\\\/Flappi_Startseite_2.png\",\"width\":1000,\"height\":666},{\"@type\":\"BreadcrumbList\",\"@id\":\"https:\\\/\\\/planet-ka.de\\\/kinder\\\/#breadcrumb\",\"itemListElement\":[{\"@type\":\"ListItem\",\"position\":1,\"name\":\"Startseite\",\"item\":\"https:\\\/\\\/planet-ka.de\\\/\"},{\"@type\":\"ListItem\",\"position\":2,\"name\":\"Kinder &amp; Familien\"}]},{\"@type\":\"WebSite\",\"@id\":\"https:\\\/\\\/planet-ka.de\\\/#website\",\"url\":\"https:\\\/\\\/planet-ka.de\\\/\",\"name\":\"PLANET KA\",\"description\":\"Faszination Kosmos\",\"publisher\":{\"@id\":\"https:\\\/\\\/planet-ka.de\\\/#organization\"},\"potentialAction\":[{\"@type\":\"SearchAction\",\"target\":{\"@type\":\"EntryPoint\",\"urlTemplate\":\"https:\\\/\\\/planet-ka.de\\\/?s={search_term_string}\"},\"query-input\":{\"@type\":\"PropertyValueSpecification\",\"valueRequired\":true,\"valueName\":\"search_term_string\"}}],\"inLanguage\":\"en-US\"},{\"@type\":\"Organization\",\"@id\":\"https:\\\/\\\/planet-ka.de\\\/#organization\",\"name\":\"PLANET KA\",\"url\":\"https:\\\/\\\/planet-ka.de\\\/\",\"logo\":{\"@type\":\"ImageObject\",\"inLanguage\":\"en-US\",\"@id\":\"https:\\\/\\\/planet-ka.de\\\/#\\\/schema\\\/logo\\\/image\\\/\",\"url\":\"https:\\\/\\\/planet-ka.de\\\/wp-content\\\/uploads\\\/2025\\\/03\\\/cropped-Logo-Banner-Website-Jan-25_19.png\",\"contentUrl\":\"https:\\\/\\\/planet-ka.de\\\/wp-content\\\/uploads\\\/2025\\\/03\\\/cropped-Logo-Banner-Website-Jan-25_19.png\",\"width\":225,\"height\":66,\"caption\":\"PLANET KA\"},\"image\":{\"@id\":\"https:\\\/\\\/planet-ka.de\\\/#\\\/schema\\\/logo\\\/image\\\/\"},\"sameAs\":[\"https:\\\/\\\/www.facebook.com\\\/people\\\/Planet-KA-Planetarium-Karlsruhe\\\/61573710254024\\\/\",\"https:\\\/\\\/www.instagram.com\\\/planetarium_karlsruhe\\\/\"]}]}<\/script>\n<!-- \/ Yoast SEO plugin. -->","yoast_head_json":{"title":"Kinder &amp; Familien - PLANET KA","description":"Entdecken Sie spannende Shows f\u00fcr Kinder und die ganze Familie im Planetarium Karlsruhe (PLANET KA). Alle Infos zu kindgerechten Programmen, Tickets und \u00d6ffnungszeiten f\u00fcr Ihren Familienausflug.","robots":{"index":"index","follow":"follow","max-snippet":"max-snippet:-1","max-image-preview":"max-image-preview:large","max-video-preview":"max-video-preview:-1"},"canonical":"https:\/\/planet-ka.de\/en\/kinder\/","og_locale":"en_US","og_type":"article","og_title":"Kinder &amp; Familien - PLANET KA","og_description":"Entdecken Sie spannende Shows f\u00fcr Kinder und die ganze Familie im Planetarium Karlsruhe (PLANET KA). Alle Infos zu kindgerechten Programmen, Tickets und \u00d6ffnungszeiten f\u00fcr Ihren Familienausflug.","og_url":"https:\/\/planet-ka.de\/en\/kinder\/","og_site_name":"PLANET KA","article_publisher":"https:\/\/www.facebook.com\/people\/Planet-KA-Planetarium-Karlsruhe\/61573710254024\/","article_modified_time":"2025-12-12T12:29:25+00:00","og_image":[{"width":1000,"height":666,"url":"https:\/\/planet-ka.de\/wp-content\/uploads\/2024\/05\/Flappi_Startseite_2.png","type":"image\/png"}],"schema":{"@context":"https:\/\/schema.org","@graph":[{"@type":"WebPage","@id":"https:\/\/planet-ka.de\/kinder\/","url":"https:\/\/planet-ka.de\/kinder\/","name":"Kinder &amp; Familien - PLANET KA","isPartOf":{"@id":"https:\/\/planet-ka.de\/#website"},"primaryImageOfPage":{"@id":"https:\/\/planet-ka.de\/kinder\/#primaryimage"},"image":{"@id":"https:\/\/planet-ka.de\/kinder\/#primaryimage"},"thumbnailUrl":"https:\/\/planet-ka.de\/wp-content\/uploads\/2024\/05\/Flappi_Startseite_2.png","datePublished":"2024-05-27T13:52:45+00:00","dateModified":"2025-12-12T12:29:25+00:00","description":"Entdecken Sie spannende Shows f\u00fcr Kinder und die ganze Familie im Planetarium Karlsruhe (PLANET KA). Alle Infos zu kindgerechten Programmen, Tickets und \u00d6ffnungszeiten f\u00fcr Ihren Familienausflug.","breadcrumb":{"@id":"https:\/\/planet-ka.de\/kinder\/#breadcrumb"},"inLanguage":"en-US","potentialAction":[{"@type":"ReadAction","target":["https:\/\/planet-ka.de\/kinder\/"]}]},{"@type":"ImageObject","inLanguage":"en-US","@id":"https:\/\/planet-ka.de\/kinder\/#primaryimage","url":"https:\/\/planet-ka.de\/wp-content\/uploads\/2024\/05\/Flappi_Startseite_2.png","contentUrl":"https:\/\/planet-ka.de\/wp-content\/uploads\/2024\/05\/Flappi_Startseite_2.png","width":1000,"height":666},{"@type":"BreadcrumbList","@id":"https:\/\/planet-ka.de\/kinder\/#breadcrumb","itemListElement":[{"@type":"ListItem","position":1,"name":"Startseite","item":"https:\/\/planet-ka.de\/"},{"@type":"ListItem","position":2,"name":"Kinder &amp; Familien"}]},{"@type":"WebSite","@id":"https:\/\/planet-ka.de\/#website","url":"https:\/\/planet-ka.de\/","name":"PLANET KA","description":"Cosmic Fascination","publisher":{"@id":"https:\/\/planet-ka.de\/#organization"},"potentialAction":[{"@type":"SearchAction","target":{"@type":"EntryPoint","urlTemplate":"https:\/\/planet-ka.de\/?s={search_term_string}"},"query-input":{"@type":"PropertyValueSpecification","valueRequired":true,"valueName":"search_term_string"}}],"inLanguage":"en-US"},{"@type":"Organization","@id":"https:\/\/planet-ka.de\/#organization","name":"PLANET KA","url":"https:\/\/planet-ka.de\/","logo":{"@type":"ImageObject","inLanguage":"en-US","@id":"https:\/\/planet-ka.de\/#\/schema\/logo\/image\/","url":"https:\/\/planet-ka.de\/wp-content\/uploads\/2025\/03\/cropped-Logo-Banner-Website-Jan-25_19.png","contentUrl":"https:\/\/planet-ka.de\/wp-content\/uploads\/2025\/03\/cropped-Logo-Banner-Website-Jan-25_19.png","width":225,"height":66,"caption":"PLANET KA"},"image":{"@id":"https:\/\/planet-ka.de\/#\/schema\/logo\/image\/"},"sameAs":["https:\/\/www.facebook.com\/people\/Planet-KA-Planetarium-Karlsruhe\/61573710254024\/","https:\/\/www.instagram.com\/planetarium_karlsruhe\/"]}]}},"_links":{"self":[{"href":"https:\/\/planet-ka.de\/en\/wp-json\/wp\/v2\/pages\/333","targetHints":{"allow":["GET"]}}],"collection":[{"href":"https:\/\/planet-ka.de\/en\/wp-json\/wp\/v2\/pages"}],"about":[{"href":"https:\/\/planet-ka.de\/en\/wp-json\/wp\/v2\/types\/page"}],"author":[{"embeddable":true,"href":"https:\/\/planet-ka.de\/en\/wp-json\/wp\/v2\/users\/1"}],"replies":[{"embeddable":true,"href":"https:\/\/planet-ka.de\/en\/wp-json\/wp\/v2\/comments?post=333"}],"version-history":[{"count":10,"href":"https:\/\/planet-ka.de\/en\/wp-json\/wp\/v2\/pages\/333\/revisions"}],"predecessor-version":[{"id":3239,"href":"https:\/\/planet-ka.de\/en\/wp-json\/wp\/v2\/pages\/333\/revisions\/3239"}],"wp:featuredmedia":[{"embeddable":true,"href":"https:\/\/planet-ka.de\/en\/wp-json\/wp\/v2\/media\/442"}],"wp:attachment":[{"href":"https:\/\/planet-ka.de\/en\/wp-json\/wp\/v2\/media?parent=333"}],"curies":[{"name":"wp","href":"https:\/\/api.w.org\/{rel}","templated":true}]}}