{"id":3495,"date":"2026-02-21T19:46:39","date_gmt":"2026-02-21T18:46:39","guid":{"rendered":"https:\/\/planet-ka.de\/?page_id=3495"},"modified":"2026-03-03T19:05:55","modified_gmt":"2026-03-03T18:05:55","slug":"charlies-geheimnis","status":"publish","type":"page","link":"https:\/\/planet-ka.de\/en\/charlies-geheimnis\/","title":{"rendered":"Charlie's Secret"},"content":{"rendered":"<div class=\"wp-block-media-text is-stacked-on-mobile\"><figure  class=\"wp-block-media-text__media\"><img loading=\"lazy\" decoding=\"async\" width=\"2000\" height=\"2000\" alt=\"\" src=\"https:\/\/planet-ka.de\/wp-content\/uploads\/2026\/02\/charlies-geheimnis-titeljpg.jpg\" class=\"wp-image-3496 size-full\" srcset=\"https:\/\/planet-ka.de\/wp-content\/uploads\/2026\/02\/charlies-geheimnis-titeljpg.jpg 2000w, https:\/\/planet-ka.de\/wp-content\/uploads\/2026\/02\/charlies-geheimnis-titeljpg-300x300.jpg 300w, https:\/\/planet-ka.de\/wp-content\/uploads\/2026\/02\/charlies-geheimnis-titeljpg-1024x1024.jpg 1024w, https:\/\/planet-ka.de\/wp-content\/uploads\/2026\/02\/charlies-geheimnis-titeljpg-150x150.jpg 150w, https:\/\/planet-ka.de\/wp-content\/uploads\/2026\/02\/charlies-geheimnis-titeljpg-768x768.jpg 768w, https:\/\/planet-ka.de\/wp-content\/uploads\/2026\/02\/charlies-geheimnis-titeljpg-1536x1536.jpg 1536w, https:\/\/planet-ka.de\/wp-content\/uploads\/2026\/02\/charlies-geheimnis-titeljpg-230x230.jpg 230w, https:\/\/planet-ka.de\/wp-content\/uploads\/2026\/02\/charlies-geheimnis-titeljpg-365x365.jpg 365w\" sizes=\"auto, (max-width: 2000px) 100vw, 2000px\" \/><\/figure><div class=\"wp-block-media-text__content\">\n<h6 class=\"wp-block-heading\">Das OSTERMONDPROGRAMM: <br>Zum Oster-Vollmond und zur ersten Mondlandung<\/h6>\n\n\n\n<h3 class=\"wp-block-heading\">Charlies Geheimnis \u2013<br>Luisa entdeckt den Mond<\/h3>\n\n\n\n<h6 class=\"wp-block-heading\">Ein Oster-Vollmondabenteuer f\u00fcr Kinder ab 5 und die ganze Familie<\/h6>\n\n\n\n<div class=\"wp-block-buttons is-content-justification-center is-layout-flex wp-container-core-buttons-is-layout-16018d1d wp-block-buttons-is-layout-flex\">\n<div class=\"wp-block-button has-custom-width wp-block-button__width-50 is-style-outline is-style-outline--1\" id=\"flaptic\"><a class=\"wp-block-button__link has-white-color has-text-color has-background has-link-color has-text-align-center has-custom-font-size wp-element-button\" href=\"#tut\" style=\"border-radius:100px;background-color:#022647;font-size:17px\">Termine &amp; Tickets<\/a><\/div>\n<\/div>\n<\/div><\/div>\n\n\n\n<div style=\"height:20px\" aria-hidden=\"true\" class=\"wp-block-spacer\"><\/div>\n\n\n\n<div style=\"height:20px\" aria-hidden=\"true\" class=\"wp-block-spacer\"><\/div>\n\n\n\n<div id=\"schnuptic\" class=\"wp-block-group\"><div class=\"wp-block-group__inner-container is-layout-constrained wp-block-group-is-layout-constrained\"><div class=\"wp-block-ub-tabbed-content wp-block-ub-tabbed-content-holder wp-block-ub-tabbed-content-horizontal-holder-mobile wp-block-ub-tabbed-content-horizontal-holder-tablet\" id=\"ub-tabbed-content-12d1a445-3fef-4396-9de6-1742480a2f6f\" style=\"\">\n\t\t\t<div class=\"wp-block-ub-tabbed-content-tab-holder horizontal-tab-width-mobile horizontal-tab-width-tablet\">\n\t\t\t\t<div role=\"tablist\" class=\"wp-block-ub-tabbed-content-tabs-title wp-block-ub-tabbed-content-tabs-title-mobile-horizontal-tab wp-block-ub-tabbed-content-tabs-title-tablet-horizontal-tab\" style=\"justify-content: flex-start; \"><div role=\"tab\" id=\"ub-tabbed-content-12d1a445-3fef-4396-9de6-1742480a2f6f-tab-0\" aria-controls=\"ub-tabbed-content-12d1a445-3fef-4396-9de6-1742480a2f6f-panel-0\" aria-selected=\"true\" class=\"wp-block-ub-tabbed-content-tab-title-wrap active\" style=\"--ub-tabbed-title-background-color: #dd9933; --ub-tabbed-title-color: #ffffff; --ub-tabbed-active-title-color: #ffffff; --ub-tabbed-active-title-background-color: #dd9933; text-align: left; \" tabindex=\"-1\">\n\t\t\t\t<div class=\"wp-block-ub-tabbed-content-tab-title\">Beschreibung<\/div>\n\t\t\t<\/div><div role=\"tab\" id=\"ub-tabbed-content-12d1a445-3fef-4396-9de6-1742480a2f6f-tab-1\" aria-controls=\"ub-tabbed-content-12d1a445-3fef-4396-9de6-1742480a2f6f-panel-1\" aria-selected=\"false\" class=\"wp-block-ub-tabbed-content-tab-title-wrap\" style=\"--ub-tabbed-title-background-color: #022647; --ub-tabbed-title-color: #ffffff; --ub-tabbed-active-title-color: #ffffff; --ub-tabbed-active-title-background-color: #dd9933; text-align: left; \" tabindex=\"-1\">\n\t\t\t\t<div class=\"wp-block-ub-tabbed-content-tab-title\">Trailer<\/div>\n\t\t\t<\/div><div role=\"tab\" id=\"ub-tabbed-content-12d1a445-3fef-4396-9de6-1742480a2f6f-tab-2\" aria-controls=\"ub-tabbed-content-12d1a445-3fef-4396-9de6-1742480a2f6f-panel-2\" aria-selected=\"false\" class=\"wp-block-ub-tabbed-content-tab-title-wrap\" style=\"--ub-tabbed-title-background-color: #022647; --ub-tabbed-title-color: #ffffff; --ub-tabbed-active-title-color: #ffffff; --ub-tabbed-active-title-background-color: #dd9933; text-align: left; \" tabindex=\"-1\">\n\t\t\t\t<div class=\"wp-block-ub-tabbed-content-tab-title\">Tickets &amp; Termine<\/div>\n\t\t\t<\/div><div role=\"tab\" id=\"ub-tabbed-content-12d1a445-3fef-4396-9de6-1742480a2f6f-tab-3\" aria-controls=\"ub-tabbed-content-12d1a445-3fef-4396-9de6-1742480a2f6f-panel-3\" aria-selected=\"false\" class=\"wp-block-ub-tabbed-content-tab-title-wrap\" style=\"--ub-tabbed-title-background-color: #022647; --ub-tabbed-title-color: #ffffff; --ub-tabbed-active-title-color: #ffffff; --ub-tabbed-active-title-background-color: #dd9933; text-align: left; \" tabindex=\"-1\">\n\t\t\t\t<div class=\"wp-block-ub-tabbed-content-tab-title\">Offers<\/div>\n\t\t\t<\/div><div role=\"tab\" id=\"ub-tabbed-content-12d1a445-3fef-4396-9de6-1742480a2f6f-tab-4\" aria-controls=\"ub-tabbed-content-12d1a445-3fef-4396-9de6-1742480a2f6f-panel-4\" aria-selected=\"false\" class=\"wp-block-ub-tabbed-content-tab-title-wrap\" style=\"--ub-tabbed-title-background-color: #022647; --ub-tabbed-title-color: #ffffff; --ub-tabbed-active-title-color: #ffffff; --ub-tabbed-active-title-background-color: #dd9933; text-align: left; \" tabindex=\"-1\">\n\t\t\t\t<div class=\"wp-block-ub-tabbed-content-tab-title\">\u00c4hnliche Programme<\/div>\n\t\t\t<\/div><\/div>\n\t\t\t<\/div>\n\t\t\t<div class=\"wp-block-ub-tabbed-content-tabs-content\" style=\"color: #abb8c3; background-color: #022647; \"><div role=\"tabpanel\" class=\"wp-block-ub-tabbed-content-tab-content-wrap active\" id=\"ub-tabbed-content-12d1a445-3fef-4396-9de6-1742480a2f6f-panel-0\" aria-labelledby=\"ub-tabbed-content-12d1a445-3fef-4396-9de6-1742480a2f6f-tab-0\" tabindex=\"0\" data-tab-anchor=\"charldesc\">\n\n<h4 class=\"wp-block-heading has-white-color has-text-color has-link-color wp-elements-feac5f4cc876b0ede83fa54bbb6b9cdc\"><strong>Charlies Geheimnis.<\/strong><br>Luisa entdeckt den Mond.<\/h4>\n\n\n\n<p class=\"has-white-color has-text-color has-link-color wp-elements-ef6174bcc8f9ffc7c7c64389d04a54b1\"><strong><em>Ein Oster-Vollmondabenteuer <\/em><\/strong><br><strong><em>f\u00fcr Kinder ab 5 und die ganze Familie<\/em><\/strong><\/p>\n\n\n\n<p class=\"has-white-color has-text-color has-link-color wp-elements-6297ce5d5c8ef1aa83a964302416fa46\">Luisa verbringt ihre Osterferien zum ersten Mal ohne Mama und Papa bei den Gro\u00dfeltern auf dem Land. Die geben sich gro\u00dfe M\u00fche, ihr anf\u00e4ngliches Heimweh zu vertreiben. Vor allem Opa Hannes versucht alles, um seine Lieblingsenkelin aufzumuntern. Er verspricht ihr viele Ausfl\u00fcge und spannende Geschichten aus der Natur, vom Nachthimmel, dem Mond und den Sternen. Als er schlie\u00dflich einen alten sch\u00e4bigen Teddyb\u00e4ren vom Speicher holt, beginnt f\u00fcr Luisa ein h\u00f6chst aufregendes Ferienabenteuer.<\/p>\n\n\n\n<p class=\"has-white-color has-text-color has-link-color wp-elements-560d7bd40395365eb1524de2e402e716\">Eine spannende Mondgeschichte f\u00fcr Kinder zwischen f\u00fcnf und acht Jahren \u00fcber die erste Mondlandung, die Mondphasen und den Ostervollmond. Und Sterne und Sternbilder gibt es nat\u00fcrlich auch jede Menge zu sehen.<\/p>\n\n\n\n<p class=\"has-white-color has-text-color has-link-color wp-elements-6e64729778f280565900624f99b94004\">Idee. Illustrationen und Grafik-Design: Angelika Grothues<br>Herausgeber: Illusions Bochum \/ Gesellschaft deutschsprachiger Planetarien e.V.<\/p>\n\n\n\n<p class=\"has-white-color has-text-color has-link-color wp-elements-1770d09618af1ecff508e9c1d4333ce6\">Dauer: ca. 60 Minuten. Empfohlen f\u00fcr Kinder von 5 bis 8 Jahren.<\/p>\n\n\n\n<p class=\"has-white-color has-text-color has-link-color wp-elements-0c741b73eb43490ad7216e350c214f96\">Einlass ins Geb\u00e4ude: ab 30 Min. vor Beginn.<br><strong>Kein Nacheinlass!<\/strong> Bitte seien Sie rechtzeitig vor Ort.<br>Ungenutzte Tickets verfallen ersatzlos.<\/p>\n\n\n\n<p class=\"has-white-color has-text-color has-link-color wp-elements-460ee23ee9b2ffbc0f98be6c0942340b\"><strong><span style=\"text-decoration: underline;\"><a href=\"#tut\">&#8211;&gt; Hier geht es zu Tickets &amp; Terminen<\/a><\/span><\/strong><\/p>\n\n<\/div><div role=\"tabpanel\" class=\"wp-block-ub-tabbed-content-tab-content-wrap ub-hide\" id=\"ub-tabbed-content-12d1a445-3fef-4396-9de6-1742480a2f6f-panel-1\" aria-labelledby=\"ub-tabbed-content-12d1a445-3fef-4396-9de6-1742480a2f6f-tab-1\" tabindex=\"0\" data-tab-anchor=\"schnuptic\">\n\n<figure class=\"wp-block-embed is-type-video is-provider-youtube wp-block-embed-youtube wp-embed-aspect-16-9 wp-has-aspect-ratio\"><div class=\"wp-block-embed__wrapper\">\n<iframe loading=\"lazy\" title=\"Charlies Geheimnis Trailer\" width=\"720\" height=\"405\" src=\"https:\/\/www.youtube.com\/embed\/XsUDV7XTsUI?feature=oembed\" frameborder=\"0\" allow=\"accelerometer; autoplay; clipboard-write; encrypted-media; gyroscope; picture-in-picture; web-share\" referrerpolicy=\"strict-origin-when-cross-origin\" allowfullscreen><\/iframe>\n<\/div><\/figure>\n\n\n\n<p>.<\/p>\n\n<\/div><div role=\"tabpanel\" class=\"wp-block-ub-tabbed-content-tab-content-wrap ub-hide\" id=\"ub-tabbed-content-12d1a445-3fef-4396-9de6-1742480a2f6f-panel-2\" aria-labelledby=\"ub-tabbed-content-12d1a445-3fef-4396-9de6-1742480a2f6f-tab-2\" tabindex=\"0\" data-tab-anchor=\"tut\">\n\n<p class=\"has-white-color has-text-color has-link-color wp-elements-9f13b921651a844bd5a72a730d626f92\">Wir empfehlen eine Online-Ticketbuchung vorab, da aufgrund der begrenzten Platzzahl nicht gew\u00e4hrleistet ist, dass es an der Tages-\/Abendkasse Restkarten gibt.<br>Bitte beachten Sie die unterschiedlichen Anfangszeiten, je nach gew\u00e4hltem Tag.<br><br><em>Tipp<\/em>: Unter der Woche gelten verg\u00fcnstigte Preise!<\/p>\n\n\n\n<p class=\"has-white-color has-text-color has-link-color wp-elements-89a2a8c89af19f6e57e25496f5ef96e1\">Einlass: ab ca. 30 Minuten vor Beginn.<br>Bitte beachten: <strong>Kein Nacheinlass!<\/strong> Aus technischen und organisatorischen Gr\u00fcnden ist nach Beginn der Vorf\u00fchrung kein Nacheinlass mehr m\u00f6glich. Planen Sie am besten so, dass Sie sp\u00e4testens 10 Min. vor Beginn da sind.<br>Ungenutzte Tickets verfallen ersatzlos.<\/p>\n\n\n<noscript>\r\n\t<div class=\"pretix-widget-no-script\">\r\n        JavaScript is disabled in your browser. To access our ticket shop without JavaScript, please click <a target=\"_blank\" rel=\"noopener\" href=\"https:\/\/pretix.eu\/planetka\/charlie\/\">here<\/a>.\t<\/div>\r\n<\/noscript>\r\n<pretix-widget event=\"https:\/\/pretix.eu\/planetka\/charlie\/\" class=\"wp-block-pretix-widget\"><\/pretix-widget>\n\n\n<p class=\"has-white-color has-text-color has-link-color wp-elements-c63da88a48ffc28766254b1fbea9c81e\">Sollte der Buchungskalender hier nicht richtig angezeigt werden, nutzen Sie bitte folgenden Link: <a href=\"https:\/\/pretix.eu\/planetka\" target=\"_blank\" rel=\"noreferrer noopener\">https:\/\/pretix.eu\/planetka\/<\/a><\/p>\n\n<\/div><div role=\"tabpanel\" class=\"wp-block-ub-tabbed-content-tab-content-wrap ub-hide\" id=\"ub-tabbed-content-12d1a445-3fef-4396-9de6-1742480a2f6f-panel-3\" aria-labelledby=\"ub-tabbed-content-12d1a445-3fef-4396-9de6-1742480a2f6f-tab-3\" tabindex=\"0\">\n\n<p class=\"has-white-color has-text-color has-link-color wp-elements-b7dd7d01c532ab8ae986fa68985faf86\">&#8220;Charlies Geheimnis&#8221; kann auch exklusiv gebucht werden im Rahmen z.B. eines Kita- oder Schul-Besuchs oder eines Kindergeburtstags &#8211; \u00fcbrigens ebenso wie alle anderen Kinderprogramme. Sprechen Sie uns an!<\/p>\n\n<\/div><div role=\"tabpanel\" class=\"wp-block-ub-tabbed-content-tab-content-wrap ub-hide\" id=\"ub-tabbed-content-12d1a445-3fef-4396-9de6-1742480a2f6f-panel-4\" aria-labelledby=\"ub-tabbed-content-12d1a445-3fef-4396-9de6-1742480a2f6f-tab-4\" tabindex=\"0\">\n\n<div class=\"wp-block-media-text is-stacked-on-mobile\"><figure class=\"wp-block-media-text__media\"><img loading=\"lazy\" decoding=\"async\" width=\"1024\" height=\"683\" src=\"https:\/\/planet-ka.de\/wp-content\/uploads\/2026\/02\/FlappiHQ-1-1024x683.png\" alt=\"\" class=\"wp-image-3462 size-full\" srcset=\"https:\/\/planet-ka.de\/wp-content\/uploads\/2026\/02\/FlappiHQ-1-1024x683.png 1024w, https:\/\/planet-ka.de\/wp-content\/uploads\/2026\/02\/FlappiHQ-1-300x200.png 300w, https:\/\/planet-ka.de\/wp-content\/uploads\/2026\/02\/FlappiHQ-1-768x512.png 768w, https:\/\/planet-ka.de\/wp-content\/uploads\/2026\/02\/FlappiHQ-1.png 1536w\" sizes=\"auto, (max-width: 1024px) 100vw, 1024px\" \/><\/figure><div class=\"wp-block-media-text__content\">\n<h2 class=\"wp-block-heading has-white-color has-text-color has-link-color wp-elements-78709a52d537c713e90a4ec16e376b02\"><a href=\"https:\/\/planet-ka.de\/en\/stars-of-classic\/\" target=\"_blank\" rel=\"noreferrer noopener\">A constellation for Flappi<\/a><\/h2>\n\n\n\n<p class=\"has-white-color has-text-color has-link-color wp-elements-8a7d19f26be5b3292c281b45b1309511\" style=\"font-size:20px\"><em><strong>Fledermaus Flappi sucht ihr eigenes Sternbild.<\/strong><\/em> <strong><em>Wird sie es finden?<\/em><\/strong> <\/p>\n\n\n\n<p class=\"has-white-color has-text-color has-link-color wp-elements-817b59152bc14554214149f655157949\" style=\"font-size:16px\">Auch hier scheint der Mond &#8211; es geht aber noch viel mehr um Sterne und Sternbilder.<\/p>\n\n\n\n<div style=\"height:38px\" aria-hidden=\"true\" class=\"wp-block-spacer\"><\/div>\n\n\n\n<div class=\"wp-block-buttons is-content-justification-center is-layout-flex wp-container-core-buttons-is-layout-16018d1d wp-block-buttons-is-layout-flex\">\n<div class=\"wp-block-button is-style-outline is-style-outline--3\"><a class=\"wp-block-button__link has-white-color has-text-color has-link-color wp-element-button\" href=\"https:\/\/planet-ka.de\/en\/kinderprogramme-flappi-co\/\" target=\"_blank\" rel=\"noreferrer noopener\">zu &#8220;Flappi&#8221;<\/a><\/div>\n<\/div>\n<\/div><\/div>\n\n<\/div><\/div>\n\t\t<\/div><\/div><\/div>\n\n\n\n<p><\/p>\n\n\n\n<div style=\"height:37px\" aria-hidden=\"true\" class=\"wp-block-spacer\"><\/div>","protected":false},"excerpt":{"rendered":"<p>Die Weisen aus dem Morgenland folgen dem Stern.<\/p>","protected":false},"author":1,"featured_media":3496,"parent":0,"menu_order":0,"comment_status":"closed","ping_status":"closed","template":"","meta":{"footnotes":""},"class_list":["post-3495","page","type-page","status-publish","has-post-thumbnail","hentry","","tg-column-two"],"featured_image_src":"https:\/\/planet-ka.de\/wp-content\/uploads\/2026\/02\/charlies-geheimnis-titeljpg.jpg","yoast_head":"<!-- This site is optimized with the Yoast SEO plugin v27.3 - https:\/\/yoast.com\/product\/yoast-seo-wordpress\/ -->\n<title>Charlies Geheimnis - PLANET KA<\/title>\n<meta name=\"robots\" content=\"index, follow, max-snippet:-1, max-image-preview:large, max-video-preview:-1\" \/>\n<link rel=\"canonical\" href=\"https:\/\/planet-ka.de\/en\/charlies-geheimnis\/\" \/>\n<meta property=\"og:locale\" content=\"en_US\" \/>\n<meta property=\"og:type\" content=\"article\" \/>\n<meta property=\"og:title\" content=\"Charlies Geheimnis - PLANET KA\" \/>\n<meta property=\"og:description\" content=\"Die Weisen aus dem Morgenland folgen dem Stern.\" \/>\n<meta property=\"og:url\" content=\"https:\/\/planet-ka.de\/en\/charlies-geheimnis\/\" \/>\n<meta property=\"og:site_name\" content=\"PLANET KA\" \/>\n<meta property=\"article:publisher\" content=\"https:\/\/www.facebook.com\/people\/Planet-KA-Planetarium-Karlsruhe\/61573710254024\/\" \/>\n<meta property=\"article:modified_time\" content=\"2026-03-03T18:05:55+00:00\" \/>\n<meta property=\"og:image\" content=\"https:\/\/planet-ka.de\/wp-content\/uploads\/2026\/02\/charlies-geheimnis-titeljpg.jpg\" \/>\n\t<meta property=\"og:image:width\" content=\"2000\" \/>\n\t<meta property=\"og:image:height\" content=\"2000\" \/>\n\t<meta property=\"og:image:type\" content=\"image\/jpeg\" \/>\n<script type=\"application\/ld+json\" class=\"yoast-schema-graph\">{\"@context\":\"https:\\\/\\\/schema.org\",\"@graph\":[{\"@type\":\"WebPage\",\"@id\":\"https:\\\/\\\/planet-ka.de\\\/charlies-geheimnis\\\/\",\"url\":\"https:\\\/\\\/planet-ka.de\\\/charlies-geheimnis\\\/\",\"name\":\"Charlies Geheimnis - PLANET KA\",\"isPartOf\":{\"@id\":\"https:\\\/\\\/planet-ka.de\\\/#website\"},\"primaryImageOfPage\":{\"@id\":\"https:\\\/\\\/planet-ka.de\\\/charlies-geheimnis\\\/#primaryimage\"},\"image\":{\"@id\":\"https:\\\/\\\/planet-ka.de\\\/charlies-geheimnis\\\/#primaryimage\"},\"thumbnailUrl\":\"https:\\\/\\\/planet-ka.de\\\/wp-content\\\/uploads\\\/2026\\\/02\\\/charlies-geheimnis-titeljpg.jpg\",\"datePublished\":\"2026-02-21T18:46:39+00:00\",\"dateModified\":\"2026-03-03T18:05:55+00:00\",\"breadcrumb\":{\"@id\":\"https:\\\/\\\/planet-ka.de\\\/charlies-geheimnis\\\/#breadcrumb\"},\"inLanguage\":\"en-US\",\"potentialAction\":[{\"@type\":\"ReadAction\",\"target\":[\"https:\\\/\\\/planet-ka.de\\\/charlies-geheimnis\\\/\"]}]},{\"@type\":\"ImageObject\",\"inLanguage\":\"en-US\",\"@id\":\"https:\\\/\\\/planet-ka.de\\\/charlies-geheimnis\\\/#primaryimage\",\"url\":\"https:\\\/\\\/planet-ka.de\\\/wp-content\\\/uploads\\\/2026\\\/02\\\/charlies-geheimnis-titeljpg.jpg\",\"contentUrl\":\"https:\\\/\\\/planet-ka.de\\\/wp-content\\\/uploads\\\/2026\\\/02\\\/charlies-geheimnis-titeljpg.jpg\",\"width\":2000,\"height\":2000},{\"@type\":\"BreadcrumbList\",\"@id\":\"https:\\\/\\\/planet-ka.de\\\/charlies-geheimnis\\\/#breadcrumb\",\"itemListElement\":[{\"@type\":\"ListItem\",\"position\":1,\"name\":\"Startseite\",\"item\":\"https:\\\/\\\/planet-ka.de\\\/\"},{\"@type\":\"ListItem\",\"position\":2,\"name\":\"Charlies Geheimnis\"}]},{\"@type\":\"WebSite\",\"@id\":\"https:\\\/\\\/planet-ka.de\\\/#website\",\"url\":\"https:\\\/\\\/planet-ka.de\\\/\",\"name\":\"PLANET KA\",\"description\":\"Faszination Kosmos\",\"publisher\":{\"@id\":\"https:\\\/\\\/planet-ka.de\\\/#organization\"},\"potentialAction\":[{\"@type\":\"SearchAction\",\"target\":{\"@type\":\"EntryPoint\",\"urlTemplate\":\"https:\\\/\\\/planet-ka.de\\\/?s={search_term_string}\"},\"query-input\":{\"@type\":\"PropertyValueSpecification\",\"valueRequired\":true,\"valueName\":\"search_term_string\"}}],\"inLanguage\":\"en-US\"},{\"@type\":\"Organization\",\"@id\":\"https:\\\/\\\/planet-ka.de\\\/#organization\",\"name\":\"PLANET KA\",\"url\":\"https:\\\/\\\/planet-ka.de\\\/\",\"logo\":{\"@type\":\"ImageObject\",\"inLanguage\":\"en-US\",\"@id\":\"https:\\\/\\\/planet-ka.de\\\/#\\\/schema\\\/logo\\\/image\\\/\",\"url\":\"https:\\\/\\\/planet-ka.de\\\/wp-content\\\/uploads\\\/2025\\\/03\\\/cropped-Logo-Banner-Website-Jan-25_19.png\",\"contentUrl\":\"https:\\\/\\\/planet-ka.de\\\/wp-content\\\/uploads\\\/2025\\\/03\\\/cropped-Logo-Banner-Website-Jan-25_19.png\",\"width\":225,\"height\":66,\"caption\":\"PLANET KA\"},\"image\":{\"@id\":\"https:\\\/\\\/planet-ka.de\\\/#\\\/schema\\\/logo\\\/image\\\/\"},\"sameAs\":[\"https:\\\/\\\/www.facebook.com\\\/people\\\/Planet-KA-Planetarium-Karlsruhe\\\/61573710254024\\\/\",\"https:\\\/\\\/www.instagram.com\\\/planetarium_karlsruhe\\\/\"]}]}<\/script>\n<!-- \/ Yoast SEO plugin. -->","yoast_head_json":{"title":"Charlies Geheimnis - PLANET KA","robots":{"index":"index","follow":"follow","max-snippet":"max-snippet:-1","max-image-preview":"max-image-preview:large","max-video-preview":"max-video-preview:-1"},"canonical":"https:\/\/planet-ka.de\/en\/charlies-geheimnis\/","og_locale":"en_US","og_type":"article","og_title":"Charlies Geheimnis - PLANET KA","og_description":"Die Weisen aus dem Morgenland folgen dem Stern.","og_url":"https:\/\/planet-ka.de\/en\/charlies-geheimnis\/","og_site_name":"PLANET KA","article_publisher":"https:\/\/www.facebook.com\/people\/Planet-KA-Planetarium-Karlsruhe\/61573710254024\/","article_modified_time":"2026-03-03T18:05:55+00:00","og_image":[{"width":2000,"height":2000,"url":"https:\/\/planet-ka.de\/wp-content\/uploads\/2026\/02\/charlies-geheimnis-titeljpg.jpg","type":"image\/jpeg"}],"schema":{"@context":"https:\/\/schema.org","@graph":[{"@type":"WebPage","@id":"https:\/\/planet-ka.de\/charlies-geheimnis\/","url":"https:\/\/planet-ka.de\/charlies-geheimnis\/","name":"Charlies Geheimnis - PLANET KA","isPartOf":{"@id":"https:\/\/planet-ka.de\/#website"},"primaryImageOfPage":{"@id":"https:\/\/planet-ka.de\/charlies-geheimnis\/#primaryimage"},"image":{"@id":"https:\/\/planet-ka.de\/charlies-geheimnis\/#primaryimage"},"thumbnailUrl":"https:\/\/planet-ka.de\/wp-content\/uploads\/2026\/02\/charlies-geheimnis-titeljpg.jpg","datePublished":"2026-02-21T18:46:39+00:00","dateModified":"2026-03-03T18:05:55+00:00","breadcrumb":{"@id":"https:\/\/planet-ka.de\/charlies-geheimnis\/#breadcrumb"},"inLanguage":"en-US","potentialAction":[{"@type":"ReadAction","target":["https:\/\/planet-ka.de\/charlies-geheimnis\/"]}]},{"@type":"ImageObject","inLanguage":"en-US","@id":"https:\/\/planet-ka.de\/charlies-geheimnis\/#primaryimage","url":"https:\/\/planet-ka.de\/wp-content\/uploads\/2026\/02\/charlies-geheimnis-titeljpg.jpg","contentUrl":"https:\/\/planet-ka.de\/wp-content\/uploads\/2026\/02\/charlies-geheimnis-titeljpg.jpg","width":2000,"height":2000},{"@type":"BreadcrumbList","@id":"https:\/\/planet-ka.de\/charlies-geheimnis\/#breadcrumb","itemListElement":[{"@type":"ListItem","position":1,"name":"Startseite","item":"https:\/\/planet-ka.de\/"},{"@type":"ListItem","position":2,"name":"Charlies Geheimnis"}]},{"@type":"WebSite","@id":"https:\/\/planet-ka.de\/#website","url":"https:\/\/planet-ka.de\/","name":"PLANET KA","description":"Cosmic Fascination","publisher":{"@id":"https:\/\/planet-ka.de\/#organization"},"potentialAction":[{"@type":"SearchAction","target":{"@type":"EntryPoint","urlTemplate":"https:\/\/planet-ka.de\/?s={search_term_string}"},"query-input":{"@type":"PropertyValueSpecification","valueRequired":true,"valueName":"search_term_string"}}],"inLanguage":"en-US"},{"@type":"Organization","@id":"https:\/\/planet-ka.de\/#organization","name":"PLANET KA","url":"https:\/\/planet-ka.de\/","logo":{"@type":"ImageObject","inLanguage":"en-US","@id":"https:\/\/planet-ka.de\/#\/schema\/logo\/image\/","url":"https:\/\/planet-ka.de\/wp-content\/uploads\/2025\/03\/cropped-Logo-Banner-Website-Jan-25_19.png","contentUrl":"https:\/\/planet-ka.de\/wp-content\/uploads\/2025\/03\/cropped-Logo-Banner-Website-Jan-25_19.png","width":225,"height":66,"caption":"PLANET KA"},"image":{"@id":"https:\/\/planet-ka.de\/#\/schema\/logo\/image\/"},"sameAs":["https:\/\/www.facebook.com\/people\/Planet-KA-Planetarium-Karlsruhe\/61573710254024\/","https:\/\/www.instagram.com\/planetarium_karlsruhe\/"]}]}},"_links":{"self":[{"href":"https:\/\/planet-ka.de\/en\/wp-json\/wp\/v2\/pages\/3495","targetHints":{"allow":["GET"]}}],"collection":[{"href":"https:\/\/planet-ka.de\/en\/wp-json\/wp\/v2\/pages"}],"about":[{"href":"https:\/\/planet-ka.de\/en\/wp-json\/wp\/v2\/types\/page"}],"author":[{"embeddable":true,"href":"https:\/\/planet-ka.de\/en\/wp-json\/wp\/v2\/users\/1"}],"replies":[{"embeddable":true,"href":"https:\/\/planet-ka.de\/en\/wp-json\/wp\/v2\/comments?post=3495"}],"version-history":[{"count":9,"href":"https:\/\/planet-ka.de\/en\/wp-json\/wp\/v2\/pages\/3495\/revisions"}],"predecessor-version":[{"id":3556,"href":"https:\/\/planet-ka.de\/en\/wp-json\/wp\/v2\/pages\/3495\/revisions\/3556"}],"wp:featuredmedia":[{"embeddable":true,"href":"https:\/\/planet-ka.de\/en\/wp-json\/wp\/v2\/media\/3496"}],"wp:attachment":[{"href":"https:\/\/planet-ka.de\/en\/wp-json\/wp\/v2\/media?parent=3495"}],"curies":[{"name":"wp","href":"https:\/\/api.w.org\/{rel}","templated":true}]}}