{"id":3505,"date":"2026-02-23T14:37:38","date_gmt":"2026-02-23T13:37:38","guid":{"rendered":"https:\/\/planet-ka.de\/?page_id=3505"},"modified":"2026-03-03T19:02:15","modified_gmt":"2026-03-03T18:02:15","slug":"cosmic-legacy-tribute-to-queen","status":"publish","type":"page","link":"https:\/\/planet-ka.de\/en\/cosmic-legacy-tribute-to-queen\/","title":{"rendered":"Cosmic Legacy: Tribute to QUEEN"},"content":{"rendered":"<div class=\"wp-block-media-text is-stacked-on-mobile\" style=\"grid-template-columns:49% auto\"><figure  class=\"wp-block-media-text__media\"><img loading=\"lazy\" decoding=\"async\" width=\"675\" height=\"1000\" alt=\"\" src=\"https:\/\/planet-ka.de\/wp-content\/uploads\/2026\/02\/vertical_8eb15c2b-ff9c-44da-9776-eea2671b49cc.jpg\" class=\"wp-image-3506 size-full\" srcset=\"https:\/\/planet-ka.de\/wp-content\/uploads\/2026\/02\/vertical_8eb15c2b-ff9c-44da-9776-eea2671b49cc.jpg 675w, https:\/\/planet-ka.de\/wp-content\/uploads\/2026\/02\/vertical_8eb15c2b-ff9c-44da-9776-eea2671b49cc-203x300.jpg 203w\" sizes=\"auto, (max-width: 675px) 100vw, 675px\" \/><\/figure><div class=\"wp-block-media-text__content\">\n<h5 class=\"wp-block-heading\">Premiere am 5.3. &#8211; ein halbes Jahr vor Freddie&#8217;s Achtzigstem<\/h5>\n\n\n\n<div style=\"height:26px\" aria-hidden=\"true\" class=\"wp-block-spacer\"><\/div>\n\n\n\n<h2 class=\"wp-block-heading\">Cosmic Legacy: <br>Tribute to QUEEN<\/h2>\n\n\n\n<div style=\"height:35px\" aria-hidden=\"true\" class=\"wp-block-spacer\"><\/div>\n\n\n\n<p class=\"has-medium-font-size\"><em>Los geht&#8217;s: Musik mit der Kraft, die Grundfesten des Universums zu ersch\u00fcttern und unsere Seelen zu piercen.<\/em><\/p>\n\n\n\n<p class=\"has-medium-font-size\"><em>Rushing headlong in einen Kosmos der spacig-hypnotischen Bilder und Emotionen <\/em><\/p>\n\n\n\n<p><\/p>\n\n\n\n<div style=\"height:31px\" aria-hidden=\"true\" class=\"wp-block-spacer\"><\/div>\n\n\n\n<div style=\"height:20px\" aria-hidden=\"true\" class=\"wp-block-spacer\"><\/div>\n\n\n\n<div class=\"wp-block-buttons is-content-justification-center is-layout-flex wp-container-core-buttons-is-layout-16018d1d wp-block-buttons-is-layout-flex\">\n<div class=\"wp-block-button is-style-outline is-style-outline--1\"><a class=\"wp-block-button__link has-custom-font-size wp-element-button\" href=\"#queentic\" style=\"font-size:15px\">Jetzt Ticket buchen!<\/a><\/div>\n<\/div>\n<\/div><\/div>\n\n\n\n<div style=\"height:11px\" aria-hidden=\"true\" class=\"wp-block-spacer\"><\/div>\n\n\n\n<h2 class=\"wp-block-heading\">Cosmic Legacy: Tribute to QUEEN<\/h2>\n\n\n\n<p><strong><em>Bereit zum Start in ein grenzenloses Klanguniversum?!<\/em><\/strong><\/p>\n\n\n\n<p>Wir pr\u00e4sentieren das Cosmic Legacy von Queen, der Band, deren Musik die Kraft hat, die Grundfesten des Kosmos zu ersch\u00fcttern und unsere Seelen zu&nbsp;<em>piercen<\/em>. Und deren Lead-Gitarrist Brian May zuf\u00e4llig promovierter Astrophysiker ist.<\/p>\n\n\n\n<p>Die Planetariumskuppel wird zur Projektionsfl\u00e4che einer hypnotischen Reise, die uns in einen Wirbelwind von Emotionen entf\u00fchrt, in dem \u201eLove of My Life\u201d den Auftakt gibt, \u201eWe Will Rock You\u201d den Beat in unseren Adern schafft und \u201eBohemian Rhapsody\u201d der Komet ist, der die Nacht erhellt.<\/p>\n\n\n<div class=\"wp-block-ub-content-toggle wp-block-ub-content-toggle-block\" id=\"ub-content-toggle-block-6806c7da-42dd-4219-b593-d02d0f06a0ab\" data-mobilecollapse=\"true\" data-desktopcollapse=\"true\" data-preventcollapse=\"false\" data-showonlyone=\"false\">\n<div class=\"wp-block-ub-content-toggle-accordion\" style=\"border-color: #f1f1f1; \" id=\"ub-content-toggle-panel-block-\">\n\t\t\t<div class=\"wp-block-ub-content-toggle-accordion-title-wrap\" style=\"background-color: #f1f1f1;\" aria-controls=\"ub-content-toggle-panel-0-6806c7da-42dd-4219-b593-d02d0f06a0ab\" tabindex=\"0\">\n\t\t\t<p class=\"wp-block-ub-content-toggle-accordion-title ub-content-toggle-title-6806c7da-42dd-4219-b593-d02d0f06a0ab\" style=\"color: #000000; \">Playlist<\/p>\n\t\t\t<div class=\"wp-block-ub-content-toggle-accordion-toggle-wrap left\" style=\"color: #000000;\"><span class=\"wp-block-ub-content-toggle-accordion-state-indicator wp-block-ub-chevron-down\"><\/span><\/div>\n\t\t<\/div>\n\t\t\t<div role=\"region\" aria-expanded=\"false\" class=\"wp-block-ub-content-toggle-accordion-content-wrap ub-hide\" id=\"ub-content-toggle-panel-0-6806c7da-42dd-4219-b593-d02d0f06a0ab\">\n\n<figure class=\"wp-block-image size-large\"><img loading=\"lazy\" decoding=\"async\" width=\"759\" height=\"1024\" src=\"https:\/\/planet-ka.de\/wp-content\/uploads\/2026\/03\/playlist-queen-IMG_20260228_225027-759x1024.jpg\" alt=\"\" class=\"wp-image-3545\" srcset=\"https:\/\/planet-ka.de\/wp-content\/uploads\/2026\/03\/playlist-queen-IMG_20260228_225027-759x1024.jpg 759w, https:\/\/planet-ka.de\/wp-content\/uploads\/2026\/03\/playlist-queen-IMG_20260228_225027-222x300.jpg 222w, https:\/\/planet-ka.de\/wp-content\/uploads\/2026\/03\/playlist-queen-IMG_20260228_225027-768x1036.jpg 768w, https:\/\/planet-ka.de\/wp-content\/uploads\/2026\/03\/playlist-queen-IMG_20260228_225027-1139x1536.jpg 1139w, https:\/\/planet-ka.de\/wp-content\/uploads\/2026\/03\/playlist-queen-IMG_20260228_225027-1518x2048.jpg 1518w, https:\/\/planet-ka.de\/wp-content\/uploads\/2026\/03\/playlist-queen-IMG_20260228_225027-scaled.jpg 1898w\" sizes=\"auto, (max-width: 759px) 100vw, 759px\" \/><\/figure>\n\n<\/div>\n\t\t<\/div>\n<\/div>\n\n\n<p><strong>Feiern wir das kosmische Verm\u00e4chtnis von Queen!<br><\/strong>&#8212; auch anl\u00e4sslich des bevorstehenden 80. Geburtstags von Freddie Mercury am 5. September 2026; daher die Premiere am 5. M\u00e4rz, genau ein halbes Jahr zuvor.<\/p>\n\n\n\n<p>Queen&#8217;s Musik ist eine Space Odyssee, die uns zu den Galaxien des emotionalen Kosmos entf\u00fchrt.<br>Mit ihren Hits macht Queen uns f\u00fchlbar, dass Musik eine Br\u00fccke zwischen Himmel und Erde sein kann.<\/p>\n\n\n\n<p>Mercurius mag versunken sein. Mercury strahlt weiter &#8211; denn: &#8222;Show must go on&#8220;<\/p>\n\n\n\n<p>Nicht geeignet f\u00fcr Kinder und Personen, die sensibel auf starke audiovisuelle Reize reagieren.<\/p>\n\n\n\n<p>Dauer der Veranstaltung: ca. 60 Minuten, Musikteil: ca. 45 Min.<br>Zu Beginn pr\u00e4sentieren wir live den aktuellen Sternenhimmel \u00fcber Karlsruhe.<\/p>\n\n\n\n<p>Einlass ins Geb\u00e4ude: ca. 30 Min. vor Vorstellungsbeginn.<br><em>Bitte beachten: Kein Nacheinlass m\u00f6glich!<br>Ungenutzte Tickets verfallen ersatzlos.<\/em><\/p>\n\n\n\n<div style=\"height:19px\" aria-hidden=\"true\" class=\"wp-block-spacer\"><\/div>\n\n\n\n<p class=\"has-black-color has-luminous-vivid-amber-background-color has-text-color has-background has-link-color wp-elements-5263b7e79f9087647506de0f5f90cc85\">Empfohlen ab 16 Jahren. Nicht f\u00fcr Kinder geeignet.<br><strong>Nicht empfohlen f\u00fcr Personen, die empfindlich auf starke audio-visuelle Reize reagieren.<\/strong><\/p>\n\n\n\n<div style=\"height:32px\" aria-hidden=\"true\" class=\"wp-block-spacer\"><\/div>\n\n\n\n<h3 class=\"wp-block-heading\" id=\"queentic\">Online-Ticketbuchung<\/h3>\n\n\n\n<p>Wir empfehlen die Buchung von Online-Tickets, da aufgrund der begrenzten Platzzahl nicht garantiert werden kann, dass es Restkarten an der Abendkasse gibt.<\/p>\n\n\n\n<p>Dauer der Veranstaltung: ca. 60 Minuten; Musikteil: ca. 45 Minuten<\/p>\n\n\n\n<p>Empfohlen ab 16 Jahren.<br>Nicht empfohlen f\u00fcr Personen, die empfindlich auf starke akustische oder visuelle Reize reagieren.<\/p>\n\n\n\n<p><strong>Zeiten: s. Buchungskalender (Achtung: kein Nacheinlass!)<br>Ort: <a data-type=\"page\" data-id=\"154\" href=\"https:\/\/planet-ka.de\/en\/contact\/\" target=\"_blank\" rel=\"noreferrer noopener\">PLANET KA, Alter Schlachthof 4, 76131 Karlsruhe<\/a><\/strong><br><\/p>\n\n\n<noscript>\r\n\t<div class=\"pretix-widget-no-script\">\r\n        JavaScript is disabled in your browser. To access our ticket shop without JavaScript, please click <a target=\"_blank\" rel=\"noopener\" href=\"https:\/\/pretix.eu\/planetka\/queen\/\">here<\/a>.\t<\/div>\r\n<\/noscript>\r\n<pretix-widget event=\"https:\/\/pretix.eu\/planetka\/queen\/\" class=\"wp-block-pretix-widget\"><\/pretix-widget>\n\n\n<p>Sollte der Buchungskalender hier nicht richtig angezeigt werden, nutzen Sie bitte folgenden Link: <a href=\"https:\/\/pretix.eu\/planetka\" target=\"_blank\" rel=\"noreferrer noopener\">https:\/\/pretix.eu\/planetka<\/a><\/p>\n\n\n\n<p><\/p>\n\n\n\n<div style=\"height:20px\" aria-hidden=\"true\" class=\"wp-block-spacer\"><\/div>","protected":false},"excerpt":{"rendered":"<p>Cosmic Legacy: Tribute to QUEEN Bereit zum Start in ein grenzenloses Klanguniversum?! Wir pr\u00e4sentieren das Cosmic Legacy von Queen, der Band, deren Musik die Kraft hat, die Grundfesten des Kosmos zu ersch\u00fcttern und unsere Seelen zu&nbsp;piercen. Und deren Lead-Gitarrist Brian<\/p>","protected":false},"author":1,"featured_media":3506,"parent":0,"menu_order":0,"comment_status":"closed","ping_status":"closed","template":"","meta":{"footnotes":""},"class_list":["post-3505","page","type-page","status-publish","has-post-thumbnail","hentry","","tg-column-two"],"featured_image_src":"https:\/\/planet-ka.de\/wp-content\/uploads\/2026\/02\/vertical_8eb15c2b-ff9c-44da-9776-eea2671b49cc.jpg","yoast_head":"<!-- This site is optimized with the Yoast SEO plugin v27.3 - https:\/\/yoast.com\/product\/yoast-seo-wordpress\/ -->\n<title>Cosmic Legacy: Tribute to QUEEN - PLANET KA<\/title>\n<meta name=\"robots\" content=\"index, follow, max-snippet:-1, max-image-preview:large, max-video-preview:-1\" \/>\n<link rel=\"canonical\" href=\"https:\/\/planet-ka.de\/en\/cosmic-legacy-tribute-to-queen\/\" \/>\n<meta property=\"og:locale\" content=\"en_US\" \/>\n<meta property=\"og:type\" content=\"article\" \/>\n<meta property=\"og:title\" content=\"Cosmic Legacy: Tribute to QUEEN - PLANET KA\" \/>\n<meta property=\"og:description\" content=\"Cosmic Legacy: Tribute to QUEEN Bereit zum Start in ein grenzenloses Klanguniversum?! Wir pr\u00e4sentieren das Cosmic Legacy von Queen, der Band, deren Musik die Kraft hat, die Grundfesten des Kosmos zu ersch\u00fcttern und unsere Seelen zu&nbsp;piercen. Und deren Lead-Gitarrist Brian\" \/>\n<meta property=\"og:url\" content=\"https:\/\/planet-ka.de\/en\/cosmic-legacy-tribute-to-queen\/\" \/>\n<meta property=\"og:site_name\" content=\"PLANET KA\" \/>\n<meta property=\"article:publisher\" content=\"https:\/\/www.facebook.com\/people\/Planet-KA-Planetarium-Karlsruhe\/61573710254024\/\" \/>\n<meta property=\"article:modified_time\" content=\"2026-03-03T18:02:15+00:00\" \/>\n<meta property=\"og:image\" content=\"https:\/\/planet-ka.de\/wp-content\/uploads\/2026\/02\/vertical_8eb15c2b-ff9c-44da-9776-eea2671b49cc.jpg\" \/>\n\t<meta property=\"og:image:width\" content=\"675\" \/>\n\t<meta property=\"og:image:height\" content=\"1000\" \/>\n\t<meta property=\"og:image:type\" content=\"image\/jpeg\" \/>\n<script type=\"application\/ld+json\" class=\"yoast-schema-graph\">{\"@context\":\"https:\\\/\\\/schema.org\",\"@graph\":[{\"@type\":\"WebPage\",\"@id\":\"https:\\\/\\\/planet-ka.de\\\/cosmic-legacy-tribute-to-queen\\\/\",\"url\":\"https:\\\/\\\/planet-ka.de\\\/cosmic-legacy-tribute-to-queen\\\/\",\"name\":\"Cosmic Legacy: Tribute to QUEEN - PLANET KA\",\"isPartOf\":{\"@id\":\"https:\\\/\\\/planet-ka.de\\\/#website\"},\"primaryImageOfPage\":{\"@id\":\"https:\\\/\\\/planet-ka.de\\\/cosmic-legacy-tribute-to-queen\\\/#primaryimage\"},\"image\":{\"@id\":\"https:\\\/\\\/planet-ka.de\\\/cosmic-legacy-tribute-to-queen\\\/#primaryimage\"},\"thumbnailUrl\":\"https:\\\/\\\/planet-ka.de\\\/wp-content\\\/uploads\\\/2026\\\/02\\\/vertical_8eb15c2b-ff9c-44da-9776-eea2671b49cc.jpg\",\"datePublished\":\"2026-02-23T13:37:38+00:00\",\"dateModified\":\"2026-03-03T18:02:15+00:00\",\"breadcrumb\":{\"@id\":\"https:\\\/\\\/planet-ka.de\\\/cosmic-legacy-tribute-to-queen\\\/#breadcrumb\"},\"inLanguage\":\"en-US\",\"potentialAction\":[{\"@type\":\"ReadAction\",\"target\":[\"https:\\\/\\\/planet-ka.de\\\/cosmic-legacy-tribute-to-queen\\\/\"]}]},{\"@type\":\"ImageObject\",\"inLanguage\":\"en-US\",\"@id\":\"https:\\\/\\\/planet-ka.de\\\/cosmic-legacy-tribute-to-queen\\\/#primaryimage\",\"url\":\"https:\\\/\\\/planet-ka.de\\\/wp-content\\\/uploads\\\/2026\\\/02\\\/vertical_8eb15c2b-ff9c-44da-9776-eea2671b49cc.jpg\",\"contentUrl\":\"https:\\\/\\\/planet-ka.de\\\/wp-content\\\/uploads\\\/2026\\\/02\\\/vertical_8eb15c2b-ff9c-44da-9776-eea2671b49cc.jpg\",\"width\":675,\"height\":1000},{\"@type\":\"BreadcrumbList\",\"@id\":\"https:\\\/\\\/planet-ka.de\\\/cosmic-legacy-tribute-to-queen\\\/#breadcrumb\",\"itemListElement\":[{\"@type\":\"ListItem\",\"position\":1,\"name\":\"Startseite\",\"item\":\"https:\\\/\\\/planet-ka.de\\\/\"},{\"@type\":\"ListItem\",\"position\":2,\"name\":\"Cosmic Legacy: Tribute to QUEEN\"}]},{\"@type\":\"WebSite\",\"@id\":\"https:\\\/\\\/planet-ka.de\\\/#website\",\"url\":\"https:\\\/\\\/planet-ka.de\\\/\",\"name\":\"PLANET KA\",\"description\":\"Faszination Kosmos\",\"publisher\":{\"@id\":\"https:\\\/\\\/planet-ka.de\\\/#organization\"},\"potentialAction\":[{\"@type\":\"SearchAction\",\"target\":{\"@type\":\"EntryPoint\",\"urlTemplate\":\"https:\\\/\\\/planet-ka.de\\\/?s={search_term_string}\"},\"query-input\":{\"@type\":\"PropertyValueSpecification\",\"valueRequired\":true,\"valueName\":\"search_term_string\"}}],\"inLanguage\":\"en-US\"},{\"@type\":\"Organization\",\"@id\":\"https:\\\/\\\/planet-ka.de\\\/#organization\",\"name\":\"PLANET KA\",\"url\":\"https:\\\/\\\/planet-ka.de\\\/\",\"logo\":{\"@type\":\"ImageObject\",\"inLanguage\":\"en-US\",\"@id\":\"https:\\\/\\\/planet-ka.de\\\/#\\\/schema\\\/logo\\\/image\\\/\",\"url\":\"https:\\\/\\\/planet-ka.de\\\/wp-content\\\/uploads\\\/2025\\\/03\\\/cropped-Logo-Banner-Website-Jan-25_19.png\",\"contentUrl\":\"https:\\\/\\\/planet-ka.de\\\/wp-content\\\/uploads\\\/2025\\\/03\\\/cropped-Logo-Banner-Website-Jan-25_19.png\",\"width\":225,\"height\":66,\"caption\":\"PLANET KA\"},\"image\":{\"@id\":\"https:\\\/\\\/planet-ka.de\\\/#\\\/schema\\\/logo\\\/image\\\/\"},\"sameAs\":[\"https:\\\/\\\/www.facebook.com\\\/people\\\/Planet-KA-Planetarium-Karlsruhe\\\/61573710254024\\\/\",\"https:\\\/\\\/www.instagram.com\\\/planetarium_karlsruhe\\\/\"]}]}<\/script>\n<!-- \/ Yoast SEO plugin. -->","yoast_head_json":{"title":"Cosmic Legacy: Tribute to QUEEN - PLANET KA","robots":{"index":"index","follow":"follow","max-snippet":"max-snippet:-1","max-image-preview":"max-image-preview:large","max-video-preview":"max-video-preview:-1"},"canonical":"https:\/\/planet-ka.de\/en\/cosmic-legacy-tribute-to-queen\/","og_locale":"en_US","og_type":"article","og_title":"Cosmic Legacy: Tribute to QUEEN - PLANET KA","og_description":"Cosmic Legacy: Tribute to QUEEN Bereit zum Start in ein grenzenloses Klanguniversum?! Wir pr\u00e4sentieren das Cosmic Legacy von Queen, der Band, deren Musik die Kraft hat, die Grundfesten des Kosmos zu ersch\u00fcttern und unsere Seelen zu&nbsp;piercen. Und deren Lead-Gitarrist Brian","og_url":"https:\/\/planet-ka.de\/en\/cosmic-legacy-tribute-to-queen\/","og_site_name":"PLANET KA","article_publisher":"https:\/\/www.facebook.com\/people\/Planet-KA-Planetarium-Karlsruhe\/61573710254024\/","article_modified_time":"2026-03-03T18:02:15+00:00","og_image":[{"width":675,"height":1000,"url":"https:\/\/planet-ka.de\/wp-content\/uploads\/2026\/02\/vertical_8eb15c2b-ff9c-44da-9776-eea2671b49cc.jpg","type":"image\/jpeg"}],"schema":{"@context":"https:\/\/schema.org","@graph":[{"@type":"WebPage","@id":"https:\/\/planet-ka.de\/cosmic-legacy-tribute-to-queen\/","url":"https:\/\/planet-ka.de\/cosmic-legacy-tribute-to-queen\/","name":"Cosmic Legacy: Tribute to QUEEN - PLANET KA","isPartOf":{"@id":"https:\/\/planet-ka.de\/#website"},"primaryImageOfPage":{"@id":"https:\/\/planet-ka.de\/cosmic-legacy-tribute-to-queen\/#primaryimage"},"image":{"@id":"https:\/\/planet-ka.de\/cosmic-legacy-tribute-to-queen\/#primaryimage"},"thumbnailUrl":"https:\/\/planet-ka.de\/wp-content\/uploads\/2026\/02\/vertical_8eb15c2b-ff9c-44da-9776-eea2671b49cc.jpg","datePublished":"2026-02-23T13:37:38+00:00","dateModified":"2026-03-03T18:02:15+00:00","breadcrumb":{"@id":"https:\/\/planet-ka.de\/cosmic-legacy-tribute-to-queen\/#breadcrumb"},"inLanguage":"en-US","potentialAction":[{"@type":"ReadAction","target":["https:\/\/planet-ka.de\/cosmic-legacy-tribute-to-queen\/"]}]},{"@type":"ImageObject","inLanguage":"en-US","@id":"https:\/\/planet-ka.de\/cosmic-legacy-tribute-to-queen\/#primaryimage","url":"https:\/\/planet-ka.de\/wp-content\/uploads\/2026\/02\/vertical_8eb15c2b-ff9c-44da-9776-eea2671b49cc.jpg","contentUrl":"https:\/\/planet-ka.de\/wp-content\/uploads\/2026\/02\/vertical_8eb15c2b-ff9c-44da-9776-eea2671b49cc.jpg","width":675,"height":1000},{"@type":"BreadcrumbList","@id":"https:\/\/planet-ka.de\/cosmic-legacy-tribute-to-queen\/#breadcrumb","itemListElement":[{"@type":"ListItem","position":1,"name":"Startseite","item":"https:\/\/planet-ka.de\/"},{"@type":"ListItem","position":2,"name":"Cosmic Legacy: Tribute to QUEEN"}]},{"@type":"WebSite","@id":"https:\/\/planet-ka.de\/#website","url":"https:\/\/planet-ka.de\/","name":"PLANET KA","description":"Cosmic Fascination","publisher":{"@id":"https:\/\/planet-ka.de\/#organization"},"potentialAction":[{"@type":"SearchAction","target":{"@type":"EntryPoint","urlTemplate":"https:\/\/planet-ka.de\/?s={search_term_string}"},"query-input":{"@type":"PropertyValueSpecification","valueRequired":true,"valueName":"search_term_string"}}],"inLanguage":"en-US"},{"@type":"Organization","@id":"https:\/\/planet-ka.de\/#organization","name":"PLANET KA","url":"https:\/\/planet-ka.de\/","logo":{"@type":"ImageObject","inLanguage":"en-US","@id":"https:\/\/planet-ka.de\/#\/schema\/logo\/image\/","url":"https:\/\/planet-ka.de\/wp-content\/uploads\/2025\/03\/cropped-Logo-Banner-Website-Jan-25_19.png","contentUrl":"https:\/\/planet-ka.de\/wp-content\/uploads\/2025\/03\/cropped-Logo-Banner-Website-Jan-25_19.png","width":225,"height":66,"caption":"PLANET KA"},"image":{"@id":"https:\/\/planet-ka.de\/#\/schema\/logo\/image\/"},"sameAs":["https:\/\/www.facebook.com\/people\/Planet-KA-Planetarium-Karlsruhe\/61573710254024\/","https:\/\/www.instagram.com\/planetarium_karlsruhe\/"]}]}},"_links":{"self":[{"href":"https:\/\/planet-ka.de\/en\/wp-json\/wp\/v2\/pages\/3505","targetHints":{"allow":["GET"]}}],"collection":[{"href":"https:\/\/planet-ka.de\/en\/wp-json\/wp\/v2\/pages"}],"about":[{"href":"https:\/\/planet-ka.de\/en\/wp-json\/wp\/v2\/types\/page"}],"author":[{"embeddable":true,"href":"https:\/\/planet-ka.de\/en\/wp-json\/wp\/v2\/users\/1"}],"replies":[{"embeddable":true,"href":"https:\/\/planet-ka.de\/en\/wp-json\/wp\/v2\/comments?post=3505"}],"version-history":[{"count":7,"href":"https:\/\/planet-ka.de\/en\/wp-json\/wp\/v2\/pages\/3505\/revisions"}],"predecessor-version":[{"id":3546,"href":"https:\/\/planet-ka.de\/en\/wp-json\/wp\/v2\/pages\/3505\/revisions\/3546"}],"wp:featuredmedia":[{"embeddable":true,"href":"https:\/\/planet-ka.de\/en\/wp-json\/wp\/v2\/media\/3506"}],"wp:attachment":[{"href":"https:\/\/planet-ka.de\/en\/wp-json\/wp\/v2\/media?parent=3505"}],"curies":[{"name":"wp","href":"https:\/\/api.w.org\/{rel}","templated":true}]}}