{"id":3564,"date":"2026-03-12T00:16:13","date_gmt":"2026-03-11T23:16:13","guid":{"rendered":"https:\/\/planet-ka.de\/?page_id=3564"},"modified":"2026-03-12T00:16:14","modified_gmt":"2026-03-11T23:16:14","slug":"einsteins-raumzeit","status":"publish","type":"page","link":"https:\/\/planet-ka.de\/en\/einsteins-raumzeit\/","title":{"rendered":"Einsteins Raumzeit"},"content":{"rendered":"<div class=\"wp-block-media-text is-stacked-on-mobile\" style=\"grid-template-columns:56% auto\"><figure  class=\"wp-block-media-text__media\"><img loading=\"lazy\" decoding=\"async\" width=\"2048\" height=\"1536\" alt=\"\" src=\"https:\/\/planet-ka.de\/wp-content\/uploads\/2026\/03\/sn-blackholeh_0-nasa-jpl.jpg\" class=\"wp-image-3565 size-full\" srcset=\"https:\/\/planet-ka.de\/wp-content\/uploads\/2026\/03\/sn-blackholeh_0-nasa-jpl.jpg 2048w, https:\/\/planet-ka.de\/wp-content\/uploads\/2026\/03\/sn-blackholeh_0-nasa-jpl-300x225.jpg 300w, https:\/\/planet-ka.de\/wp-content\/uploads\/2026\/03\/sn-blackholeh_0-nasa-jpl-1024x768.jpg 1024w, https:\/\/planet-ka.de\/wp-content\/uploads\/2026\/03\/sn-blackholeh_0-nasa-jpl-768x576.jpg 768w, https:\/\/planet-ka.de\/wp-content\/uploads\/2026\/03\/sn-blackholeh_0-nasa-jpl-1536x1152.jpg 1536w\" sizes=\"auto, (max-width: 2048px) 100vw, 2048px\" \/><\/figure><div class=\"wp-block-media-text__content\">\n<h2 class=\"wp-block-heading\">Einsteins Raumzeit<\/h2>\n\n\n\n<h4 class=\"wp-block-heading\" style=\"font-size:24px\"><em>&amp; das Mysterium der Schwarzen L\u00f6cher<\/em><\/h4>\n\n\n\n<p style=\"font-size:17px\">Zu Einsteins Geburtstag \/ Pi-Day am 14. M\u00e4rz 2026 starten wir unser neues Programm zu Schwarzen L\u00f6chern und den extremen Ph\u00e4nomenen der Raumzeit.<\/p>\n\n\n\n<p style=\"font-size:17px\"><br><br><\/p>\n\n\n\n<div style=\"height:0px\" aria-hidden=\"true\" class=\"wp-block-spacer\"><\/div>\n\n\n\n<div class=\"wp-block-buttons is-content-justification-center is-layout-flex wp-container-core-buttons-is-layout-16018d1d wp-block-buttons-is-layout-flex\">\n<div class=\"wp-block-button is-style-outline is-style-outline--1\"><a class=\"wp-block-button__link has-custom-font-size wp-element-button\" href=\"#sttic\" style=\"font-size:15px\">Hier Tickets buchen!<\/a><\/div>\n<\/div>\n<\/div><\/div>\n\n\n\n<div style=\"height:22px\" aria-hidden=\"true\" class=\"wp-block-spacer\"><\/div>\n\n\n\n<h3 class=\"wp-block-heading\">Beschreibung<\/h3>\n\n\n\n<p><strong>PREMIERE zu Einsteins Geburtstag am 14. M\u00e4rz \/ Pi-Day<\/strong><\/p>\n\n\n\n<p>Schwarze L\u00f6cher &#8211; die &#8220;Monster&#8221; der Schwerkraft &#8211; verlieren auch 110 Jahre, nachdem ihre Existenz aus Einsteins Gleichungen gefolgert und vorhergesagt wurde, nichts von ihrer Faszination. Zumal es seit der ersten best\u00e4tigten Entdeckung einer solchen raumzeitlichen Singularit\u00e4t im Jahr 1975 inzwischen mit Gravitationslinsen und Gravitationswellen viele weitere Indikatoren gibt. Dass Masse eine Kr\u00fcmmung des Raums bewirkt, erwies sich schon bei einer Sonnenfinsternis 1919.<br>In dem neuen Planetariumsprogramm folgen wir den Spuren und Ph\u00e4nomenen und begegnen (super)massereichen schwarzen L\u00f6chern aus der Urzeit des Universums und lernen neueste Forschungsinitiativen kennen, um immer weiter in Raum und Zeit zur\u00fcckzublicken.<\/p>\n\n\n\n<p>Gezeigt werden &#8211; neben live moderierten Teilen &#8211; u.a. die zwei Fulldome-Filme &#8220;Supermassive Black Holes &#8211; Uncovering the Invisible&#8221; (Bid4Best) und &#8220;SpaceTime&#8221; (DBHC, Bigpixel), jeweils in deutscher Sprache.<\/p>\n\n\n\n<p>Dauer: ca. 55 Minuten<br>F\u00fcr Erwachsene und Kinder ab ca. 12 Jahren<\/p>\n\n\n\n<p>Eingang ge\u00f6ffnet ab ca. 30 Min. vor Beginn.<br><em>Bitte beachten: Kein Nacheinlass m\u00f6glich! Bitte seien Sie p\u00fcnktlich.<br>Ungenutzte Tickets verfallen ersatzlos.<\/em><\/p>\n\n\n\n<p>Aufgrund der begrenzten Platzzahl empfehlen wir die Buchung vorab per Online-Ticket.<br>Restkarten an der Abendkasse nur nach Verf\u00fcgbarkeit &#8211; keine Einlassgarantie!<\/p>\n\n\n\n<div style=\"height:28px\" aria-hidden=\"true\" class=\"wp-block-spacer\"><\/div>\n\n\n\n<h3 class=\"wp-block-heading\" id=\"sttic\">Online-Ticketbuchung<\/h3>\n\n\n\n<p>\u00dcber folgendes Buchungstool k\u00f6nnen Sie ab sofort vorab Tickets buchen.<br>Wir empfehlen die Buchung von Online-Tickets, da aufgrund der begrenzten Platzzahl nicht garantiert werden kann, dass es Restkarten an der Abendkasse gibt.<\/p>\n\n\n\n<p><strong>Zeiten: s. Buchungskalender (Achtung: kein Nacheinlass!)<br>Ort: <a data-type=\"page\" data-id=\"154\" href=\"https:\/\/planet-ka.de\/en\/contact\/\" target=\"_blank\" rel=\"noreferrer noopener\">PLANET KA, Alter Schlachthof 4, 76131 Karlsruhe<\/a><\/strong><br><br>Einlass ins Geb\u00e4ude ab 30 Minuten vor Veranstaltungsbeginn. <br>Bitte beachten: <span style=\"text-decoration: underline;\">Kein Nacheinlass<\/span> m\u00f6glich!<\/p>\n\n\n\n<p><em><strong>NEU: Karten jetzt auch im Tourismus-B\u00fcro am Marktplatz kaufen!<\/strong><\/em><\/p>\n\n\n<noscript>\r\n\t<div class=\"pretix-widget-no-script\">\r\n        JavaScript is disabled in your browser. To access our ticket shop without JavaScript, please click <a target=\"_blank\" rel=\"noopener\" href=\"https:\/\/pretix.eu\/planetka\/spacetime\/\">here<\/a>.\t<\/div>\r\n<\/noscript>\r\n<pretix-widget event=\"https:\/\/pretix.eu\/planetka\/spacetime\/\" class=\"wp-block-pretix-widget\"><\/pretix-widget>\n\n\n<p>Sollte der Buchungskalender hier nicht richtig angezeigt werden, nutzen Sie bitte folgenden Link: <a href=\"https:\/\/pretix.eu\/planetka\" target=\"_blank\" rel=\"noreferrer noopener\">https:\/\/pretix.eu\/planetka<\/a><\/p>","protected":false},"excerpt":{"rendered":"<p>Beschreibung PREMIERE zu Einsteins Geburtstag am 14. M\u00e4rz \/ Pi-Day Schwarze L\u00f6cher &#8211; die &#8220;Monster&#8221; der Schwerkraft &#8211; verlieren auch 110 Jahre, nachdem ihre Existenz aus Einsteins Gleichungen gefolgert und vorhergesagt wurde, nichts von ihrer Faszination. Zumal es seit der<\/p>","protected":false},"author":1,"featured_media":3565,"parent":0,"menu_order":0,"comment_status":"closed","ping_status":"closed","template":"","meta":{"footnotes":""},"class_list":["post-3564","page","type-page","status-publish","has-post-thumbnail","hentry","","tg-column-two"],"featured_image_src":"https:\/\/planet-ka.de\/wp-content\/uploads\/2026\/03\/sn-blackholeh_0-nasa-jpl.jpg","yoast_head":"<!-- This site is optimized with the Yoast SEO plugin v27.3 - https:\/\/yoast.com\/product\/yoast-seo-wordpress\/ -->\n<title>Einsteins Raumzeit - PLANET KA<\/title>\n<meta name=\"robots\" content=\"index, follow, max-snippet:-1, max-image-preview:large, max-video-preview:-1\" \/>\n<link rel=\"canonical\" href=\"https:\/\/planet-ka.de\/en\/einsteins-raumzeit\/\" \/>\n<meta property=\"og:locale\" content=\"en_US\" \/>\n<meta property=\"og:type\" content=\"article\" \/>\n<meta property=\"og:title\" content=\"Einsteins Raumzeit - PLANET KA\" \/>\n<meta property=\"og:description\" content=\"Beschreibung PREMIERE zu Einsteins Geburtstag am 14. M\u00e4rz \/ Pi-Day Schwarze L\u00f6cher &#8211; die &#8220;Monster&#8221; der Schwerkraft &#8211; verlieren auch 110 Jahre, nachdem ihre Existenz aus Einsteins Gleichungen gefolgert und vorhergesagt wurde, nichts von ihrer Faszination. Zumal es seit der\" \/>\n<meta property=\"og:url\" content=\"https:\/\/planet-ka.de\/en\/einsteins-raumzeit\/\" \/>\n<meta property=\"og:site_name\" content=\"PLANET KA\" \/>\n<meta property=\"article:publisher\" content=\"https:\/\/www.facebook.com\/people\/Planet-KA-Planetarium-Karlsruhe\/61573710254024\/\" \/>\n<meta property=\"article:modified_time\" content=\"2026-03-11T23:16:14+00:00\" \/>\n<meta property=\"og:image\" content=\"https:\/\/planet-ka.de\/wp-content\/uploads\/2026\/03\/sn-blackholeh_0-nasa-jpl.jpg\" \/>\n\t<meta property=\"og:image:width\" content=\"2048\" \/>\n\t<meta property=\"og:image:height\" content=\"1536\" \/>\n\t<meta property=\"og:image:type\" content=\"image\/jpeg\" \/>\n<script type=\"application\/ld+json\" class=\"yoast-schema-graph\">{\"@context\":\"https:\\\/\\\/schema.org\",\"@graph\":[{\"@type\":\"WebPage\",\"@id\":\"https:\\\/\\\/planet-ka.de\\\/einsteins-raumzeit\\\/\",\"url\":\"https:\\\/\\\/planet-ka.de\\\/einsteins-raumzeit\\\/\",\"name\":\"Einsteins Raumzeit - PLANET KA\",\"isPartOf\":{\"@id\":\"https:\\\/\\\/planet-ka.de\\\/#website\"},\"primaryImageOfPage\":{\"@id\":\"https:\\\/\\\/planet-ka.de\\\/einsteins-raumzeit\\\/#primaryimage\"},\"image\":{\"@id\":\"https:\\\/\\\/planet-ka.de\\\/einsteins-raumzeit\\\/#primaryimage\"},\"thumbnailUrl\":\"https:\\\/\\\/planet-ka.de\\\/wp-content\\\/uploads\\\/2026\\\/03\\\/sn-blackholeh_0-nasa-jpl.jpg\",\"datePublished\":\"2026-03-11T23:16:13+00:00\",\"dateModified\":\"2026-03-11T23:16:14+00:00\",\"breadcrumb\":{\"@id\":\"https:\\\/\\\/planet-ka.de\\\/einsteins-raumzeit\\\/#breadcrumb\"},\"inLanguage\":\"en-US\",\"potentialAction\":[{\"@type\":\"ReadAction\",\"target\":[\"https:\\\/\\\/planet-ka.de\\\/einsteins-raumzeit\\\/\"]}]},{\"@type\":\"ImageObject\",\"inLanguage\":\"en-US\",\"@id\":\"https:\\\/\\\/planet-ka.de\\\/einsteins-raumzeit\\\/#primaryimage\",\"url\":\"https:\\\/\\\/planet-ka.de\\\/wp-content\\\/uploads\\\/2026\\\/03\\\/sn-blackholeh_0-nasa-jpl.jpg\",\"contentUrl\":\"https:\\\/\\\/planet-ka.de\\\/wp-content\\\/uploads\\\/2026\\\/03\\\/sn-blackholeh_0-nasa-jpl.jpg\",\"width\":2048,\"height\":1536},{\"@type\":\"BreadcrumbList\",\"@id\":\"https:\\\/\\\/planet-ka.de\\\/einsteins-raumzeit\\\/#breadcrumb\",\"itemListElement\":[{\"@type\":\"ListItem\",\"position\":1,\"name\":\"Startseite\",\"item\":\"https:\\\/\\\/planet-ka.de\\\/\"},{\"@type\":\"ListItem\",\"position\":2,\"name\":\"Einsteins Raumzeit\"}]},{\"@type\":\"WebSite\",\"@id\":\"https:\\\/\\\/planet-ka.de\\\/#website\",\"url\":\"https:\\\/\\\/planet-ka.de\\\/\",\"name\":\"PLANET KA\",\"description\":\"Faszination Kosmos\",\"publisher\":{\"@id\":\"https:\\\/\\\/planet-ka.de\\\/#organization\"},\"potentialAction\":[{\"@type\":\"SearchAction\",\"target\":{\"@type\":\"EntryPoint\",\"urlTemplate\":\"https:\\\/\\\/planet-ka.de\\\/?s={search_term_string}\"},\"query-input\":{\"@type\":\"PropertyValueSpecification\",\"valueRequired\":true,\"valueName\":\"search_term_string\"}}],\"inLanguage\":\"en-US\"},{\"@type\":\"Organization\",\"@id\":\"https:\\\/\\\/planet-ka.de\\\/#organization\",\"name\":\"PLANET KA\",\"url\":\"https:\\\/\\\/planet-ka.de\\\/\",\"logo\":{\"@type\":\"ImageObject\",\"inLanguage\":\"en-US\",\"@id\":\"https:\\\/\\\/planet-ka.de\\\/#\\\/schema\\\/logo\\\/image\\\/\",\"url\":\"https:\\\/\\\/planet-ka.de\\\/wp-content\\\/uploads\\\/2025\\\/03\\\/cropped-Logo-Banner-Website-Jan-25_19.png\",\"contentUrl\":\"https:\\\/\\\/planet-ka.de\\\/wp-content\\\/uploads\\\/2025\\\/03\\\/cropped-Logo-Banner-Website-Jan-25_19.png\",\"width\":225,\"height\":66,\"caption\":\"PLANET KA\"},\"image\":{\"@id\":\"https:\\\/\\\/planet-ka.de\\\/#\\\/schema\\\/logo\\\/image\\\/\"},\"sameAs\":[\"https:\\\/\\\/www.facebook.com\\\/people\\\/Planet-KA-Planetarium-Karlsruhe\\\/61573710254024\\\/\",\"https:\\\/\\\/www.instagram.com\\\/planetarium_karlsruhe\\\/\"]}]}<\/script>\n<!-- \/ Yoast SEO plugin. -->","yoast_head_json":{"title":"Einsteins Raumzeit - PLANET KA","robots":{"index":"index","follow":"follow","max-snippet":"max-snippet:-1","max-image-preview":"max-image-preview:large","max-video-preview":"max-video-preview:-1"},"canonical":"https:\/\/planet-ka.de\/en\/einsteins-raumzeit\/","og_locale":"en_US","og_type":"article","og_title":"Einsteins Raumzeit - PLANET KA","og_description":"Beschreibung PREMIERE zu Einsteins Geburtstag am 14. M\u00e4rz \/ Pi-Day Schwarze L\u00f6cher &#8211; die &#8220;Monster&#8221; der Schwerkraft &#8211; verlieren auch 110 Jahre, nachdem ihre Existenz aus Einsteins Gleichungen gefolgert und vorhergesagt wurde, nichts von ihrer Faszination. Zumal es seit der","og_url":"https:\/\/planet-ka.de\/en\/einsteins-raumzeit\/","og_site_name":"PLANET KA","article_publisher":"https:\/\/www.facebook.com\/people\/Planet-KA-Planetarium-Karlsruhe\/61573710254024\/","article_modified_time":"2026-03-11T23:16:14+00:00","og_image":[{"width":2048,"height":1536,"url":"https:\/\/planet-ka.de\/wp-content\/uploads\/2026\/03\/sn-blackholeh_0-nasa-jpl.jpg","type":"image\/jpeg"}],"schema":{"@context":"https:\/\/schema.org","@graph":[{"@type":"WebPage","@id":"https:\/\/planet-ka.de\/einsteins-raumzeit\/","url":"https:\/\/planet-ka.de\/einsteins-raumzeit\/","name":"Einsteins Raumzeit - PLANET KA","isPartOf":{"@id":"https:\/\/planet-ka.de\/#website"},"primaryImageOfPage":{"@id":"https:\/\/planet-ka.de\/einsteins-raumzeit\/#primaryimage"},"image":{"@id":"https:\/\/planet-ka.de\/einsteins-raumzeit\/#primaryimage"},"thumbnailUrl":"https:\/\/planet-ka.de\/wp-content\/uploads\/2026\/03\/sn-blackholeh_0-nasa-jpl.jpg","datePublished":"2026-03-11T23:16:13+00:00","dateModified":"2026-03-11T23:16:14+00:00","breadcrumb":{"@id":"https:\/\/planet-ka.de\/einsteins-raumzeit\/#breadcrumb"},"inLanguage":"en-US","potentialAction":[{"@type":"ReadAction","target":["https:\/\/planet-ka.de\/einsteins-raumzeit\/"]}]},{"@type":"ImageObject","inLanguage":"en-US","@id":"https:\/\/planet-ka.de\/einsteins-raumzeit\/#primaryimage","url":"https:\/\/planet-ka.de\/wp-content\/uploads\/2026\/03\/sn-blackholeh_0-nasa-jpl.jpg","contentUrl":"https:\/\/planet-ka.de\/wp-content\/uploads\/2026\/03\/sn-blackholeh_0-nasa-jpl.jpg","width":2048,"height":1536},{"@type":"BreadcrumbList","@id":"https:\/\/planet-ka.de\/einsteins-raumzeit\/#breadcrumb","itemListElement":[{"@type":"ListItem","position":1,"name":"Startseite","item":"https:\/\/planet-ka.de\/"},{"@type":"ListItem","position":2,"name":"Einsteins Raumzeit"}]},{"@type":"WebSite","@id":"https:\/\/planet-ka.de\/#website","url":"https:\/\/planet-ka.de\/","name":"PLANET KA","description":"Cosmic Fascination","publisher":{"@id":"https:\/\/planet-ka.de\/#organization"},"potentialAction":[{"@type":"SearchAction","target":{"@type":"EntryPoint","urlTemplate":"https:\/\/planet-ka.de\/?s={search_term_string}"},"query-input":{"@type":"PropertyValueSpecification","valueRequired":true,"valueName":"search_term_string"}}],"inLanguage":"en-US"},{"@type":"Organization","@id":"https:\/\/planet-ka.de\/#organization","name":"PLANET KA","url":"https:\/\/planet-ka.de\/","logo":{"@type":"ImageObject","inLanguage":"en-US","@id":"https:\/\/planet-ka.de\/#\/schema\/logo\/image\/","url":"https:\/\/planet-ka.de\/wp-content\/uploads\/2025\/03\/cropped-Logo-Banner-Website-Jan-25_19.png","contentUrl":"https:\/\/planet-ka.de\/wp-content\/uploads\/2025\/03\/cropped-Logo-Banner-Website-Jan-25_19.png","width":225,"height":66,"caption":"PLANET KA"},"image":{"@id":"https:\/\/planet-ka.de\/#\/schema\/logo\/image\/"},"sameAs":["https:\/\/www.facebook.com\/people\/Planet-KA-Planetarium-Karlsruhe\/61573710254024\/","https:\/\/www.instagram.com\/planetarium_karlsruhe\/"]}]}},"_links":{"self":[{"href":"https:\/\/planet-ka.de\/en\/wp-json\/wp\/v2\/pages\/3564","targetHints":{"allow":["GET"]}}],"collection":[{"href":"https:\/\/planet-ka.de\/en\/wp-json\/wp\/v2\/pages"}],"about":[{"href":"https:\/\/planet-ka.de\/en\/wp-json\/wp\/v2\/types\/page"}],"author":[{"embeddable":true,"href":"https:\/\/planet-ka.de\/en\/wp-json\/wp\/v2\/users\/1"}],"replies":[{"embeddable":true,"href":"https:\/\/planet-ka.de\/en\/wp-json\/wp\/v2\/comments?post=3564"}],"version-history":[{"count":1,"href":"https:\/\/planet-ka.de\/en\/wp-json\/wp\/v2\/pages\/3564\/revisions"}],"predecessor-version":[{"id":3567,"href":"https:\/\/planet-ka.de\/en\/wp-json\/wp\/v2\/pages\/3564\/revisions\/3567"}],"wp:featuredmedia":[{"embeddable":true,"href":"https:\/\/planet-ka.de\/en\/wp-json\/wp\/v2\/media\/3565"}],"wp:attachment":[{"href":"https:\/\/planet-ka.de\/en\/wp-json\/wp\/v2\/media?parent=3564"}],"curies":[{"name":"wp","href":"https:\/\/api.w.org\/{rel}","templated":true}]}}