{"id":3581,"date":"2026-03-19T11:40:49","date_gmt":"2026-03-19T10:40:49","guid":{"rendered":"https:\/\/planet-ka.de\/?page_id=3581"},"modified":"2026-03-27T12:27:18","modified_gmt":"2026-03-27T11:27:18","slug":"live-konzert-vibravoid","status":"publish","type":"page","link":"https:\/\/planet-ka.de\/en\/live-konzert-vibravoid\/","title":{"rendered":"LIVE CONCERT: Vibravoid"},"content":{"rendered":"<div class=\"wp-block-media-text is-stacked-on-mobile\" style=\"grid-template-columns:44% auto\"><figure  class=\"wp-block-media-text__media\"><img loading=\"lazy\" decoding=\"async\" width=\"1794\" height=\"2560\" alt=\"\" src=\"https:\/\/planet-ka.de\/wp-content\/uploads\/2026\/03\/PlanetKA1-scaled.jpg\" class=\"wp-image-3582 size-full\" srcset=\"https:\/\/planet-ka.de\/wp-content\/uploads\/2026\/03\/PlanetKA1-scaled.jpg 1794w, https:\/\/planet-ka.de\/wp-content\/uploads\/2026\/03\/PlanetKA1-210x300.jpg 210w, https:\/\/planet-ka.de\/wp-content\/uploads\/2026\/03\/PlanetKA1-718x1024.jpg 718w, https:\/\/planet-ka.de\/wp-content\/uploads\/2026\/03\/PlanetKA1-768x1096.jpg 768w, https:\/\/planet-ka.de\/wp-content\/uploads\/2026\/03\/PlanetKA1-1076x1536.jpg 1076w, https:\/\/planet-ka.de\/wp-content\/uploads\/2026\/03\/PlanetKA1-1435x2048.jpg 1435w\" sizes=\"auto, (max-width: 1794px) 100vw, 1794px\" \/><\/figure><div class=\"wp-block-media-text__content\">\n<h3 class=\"wp-block-heading has-text-align-center\">LIVE-Konzert: <strong>Vibravoid<\/strong><\/h3>\n\n\n\n<div style=\"height:50px\" aria-hidden=\"true\" class=\"wp-block-spacer\"><\/div>\n\n\n\n<p class=\"has-text-align-center has-medium-font-size\"><strong>&#8222;Fuel the Flame&#8220; Tour 2026<\/strong> <br><strong>NEUES Album: Release the Ties<\/strong> <br>(NEW Single-Release am 13. M\u00e4rz)<\/p>\n\n\n\n<p class=\"has-text-align-center has-medium-font-size\"><strong><em>psychedelisch &#8211; spacig &#8211; universal<\/em><\/strong><\/p>\n\n\n\n<div style=\"height:27px\" aria-hidden=\"true\" class=\"wp-block-spacer\"><\/div>\n\n\n<div class=\"wp-block-ub-divider ub_divider ub-divider-orientation-horizontal\" id=\"ub_divider_4ef9bb95-176b-4f54-8524-6642a52dd00e\"><div class=\"ub_divider_wrapper\" style=\"position: relative; margin-bottom: 2px; width: 100%; height: 2px; \" data-divider-alignment=\"center\"><div class=\"ub_divider_line\" style=\"border-top: 1px solid #ccc; margin-top: 2px; \"><\/div><\/div><\/div>\n\n\n<p class=\"has-text-align-center\"><strong>Zeit: Samstag, 11. April 2025, 21 Uhr<br>Ort: PLANET KA, Alter Schlachthof 4, Oststadt<\/strong><\/p>\n\n\n<div class=\"wp-block-ub-divider ub_divider ub-divider-orientation-horizontal\" id=\"ub_divider_51f22702-01ee-4c3e-abd7-0bfc48298166\"><div class=\"ub_divider_wrapper\" style=\"position: relative; margin-bottom: 2px; width: 100%; height: 2px; \" data-divider-alignment=\"center\"><div class=\"ub_divider_line\" style=\"border-top: 1px solid #ccc; margin-top: 2px; \"><\/div><\/div><\/div>\n\n\n<div style=\"height:29px\" aria-hidden=\"true\" class=\"wp-block-spacer\"><\/div>\n\n\n\n<p class=\"has-text-align-center\">Die Altmeister des Space- und Psychedelic Rock haben im PLANET KA ihren ultimativen Ort gefunden. <br><em>Sky is the limit. Space is the place.<\/em><\/p>\n\n\n\n<div style=\"height:27px\" aria-hidden=\"true\" class=\"wp-block-spacer\"><\/div>\n\n\n\n<p>Das Konzert findet im Gro\u00dfen Saal vor der Planetariums-Kuppel statt mit Stehpl\u00e4tzen statt. Abwechselnd kann ein Teil des Publikums das Konzert auch aus der Kuppel unter Sternenhimmel genie\u00dfen.<\/p>\n\n\n\n<div style=\"height:41px\" aria-hidden=\"true\" class=\"wp-block-spacer\"><\/div>\n\n\n\n<div class=\"wp-block-buttons is-content-justification-center is-layout-flex wp-container-core-buttons-is-layout-16018d1d wp-block-buttons-is-layout-flex\">\n<div class=\"wp-block-button is-style-outline is-style-outline--1\"><a class=\"wp-block-button__link has-custom-font-size wp-element-button\" href=\"#vibratics\" style=\"font-size:15px\">Jetzt Ticket buchen!<\/a><\/div>\n<\/div>\n<\/div><\/div>\n\n\n\n<div style=\"height:42px\" aria-hidden=\"true\" class=\"wp-block-spacer\"><\/div>\n\n\n\n<p style=\"font-size:25px\">* <strong><em>SPACE ROCKS<\/em><\/strong> *<\/p>\n\n\n\n<h2 class=\"wp-block-heading\">Live-Konzert am 11. April: <br><strong>Vibravoid<\/strong> &#8211; &#8222;Fuel The Flame&#8220; Tour<\/h2>\n\n\n\n<p class=\"has-medium-font-size\"><strong><em>psychedelisch &#8211; spacig &#8211; universal<\/em><\/strong><\/p>\n\n\n\n<p>Die D\u00fcsseldorfer Ausnahmeband Vibravoid wird zum Abschluss des ersten Teils ihrer aktuellen &#8222;Fuel The Flame&#8220; Promotion Tour (neue Single erschienen am 13.3.2026) in Zusammenarbeit mit PLANET KA, dem neuen Planetarium in Karlsruhe, ein sensationelles Konzert pr\u00e4sentieren, das ihrem Stellenwert als Meister des Space- und Psychedelic Rock gerecht wird.<\/p>\n\n\n\n<p>Limitiert auf nur 70 G\u00e4ste wird den willigen Astronauten eine Reise in den inneren und \u00e4u\u00dferen Kosmos bereitet, der als Resultat die absolute Gl\u00fcckseligkeit garantiert. <\/p>\n\n\n\n<p>Passend zu den Kl\u00e4ngen des aktuellen <strong>Vibravoid Albums \u201eRemove The Ties\u201c<\/strong>, das von der internationalen Presse als \u201e<strong>Meilenstein ihrer Generation<\/strong>\u201c und \u201eStatement, das den Ma\u00dfstab setzt&#8220; hoch gelobt wurde, wird im \u201eDome\u201c des Planetariums eine astronomische Reise in die Tiefen des Weltalls geboten.<\/p>\n\n\n\n<p>Das Publikum kann planetarium umherwandeln und abwechselnd w\u00e4hrend des Konzerts nah an der B\u00fchne stehen oder sich in die Lounge Chairs im Planetarium Dome von Sternen und den Konzert-Kl\u00e4ngen berieseln lassen. Ein einmalig experimentelles Erlebnis in Raum und Zeit, wo der Gast selbst zur <em>space probe<\/em> wird.<\/p>\n\n\n\n<p>Dazu begleitet die <strong>Lightshow Society D\u00fcsseldorf<\/strong> das Spektakel mit farbenfrohen <strong>\u201eLiquid Lights\u201c<\/strong>. Ein kosmischer Ausflug, den man sich nicht entgehen lassen sollte!<\/p>\n\n\n\n<p>Aktuelle Single &#8222;Release the Ties&#8220;:<\/p>\n\n\n\n<figure class=\"wp-block-embed is-type-video is-provider-youtube wp-block-embed-youtube wp-embed-aspect-16-9 wp-has-aspect-ratio\"><div class=\"wp-block-embed__wrapper\">\n<iframe loading=\"lazy\" title=\"Vibravoid - Fuel The Flame (official video)\" width=\"720\" height=\"405\" src=\"https:\/\/www.youtube.com\/embed\/2DwSWq9kteU?feature=oembed\" frameborder=\"0\" allow=\"accelerometer; autoplay; clipboard-write; encrypted-media; gyroscope; picture-in-picture; web-share\" referrerpolicy=\"strict-origin-when-cross-origin\" allowfullscreen><\/iframe>\n<\/div><\/figure>\n\n\n\n<div style=\"height:39px\" aria-hidden=\"true\" class=\"wp-block-spacer\"><\/div>\n\n\n<div class=\"wp-block-ub-divider ub_divider ub-divider-orientation-horizontal\" id=\"ub_divider_8743261d-293b-4636-80b4-ad0876c0b876\"><div class=\"ub_divider_wrapper\" style=\"position: relative; margin-bottom: 2px; width: 100%; height: 2px; \" data-divider-alignment=\"center\"><div class=\"ub_divider_line\" style=\"border-top: 1px solid #ccc; margin-top: 2px; \"><\/div><\/div><\/div>\n\n\n<p><\/p>\n\n\n\n<p><strong>Ort: PLANET KA, Alter Schlachthof 4, Oststadt<br>Zeit: Freitag, 26. September, 20:00 Uhr<\/strong><\/p>\n\n\n\n<p>Einlass: ab 30 Minuten vor Beginn (Eingangst\u00fcr offen ab 20:30 Uhr, vorher kein Zugang zum Geb\u00e4ude).<br>Hinweis: keine Garantie f\u00fcr Restkarten an der Abendkasse, bitte nutzen Sie den Vorverkauf.<br><\/p>\n\n\n\n<p><span style=\"text-decoration: underline;\">Weitere VVK-Stelle:<br><\/span>-Tourismus-Info am Marktplatz<\/p>\n\n\n\n<div style=\"height:28px\" aria-hidden=\"true\" class=\"wp-block-spacer\"><\/div>\n\n\n\n<h3 class=\"wp-block-heading\" id=\"vibratics\">Ticketbuchung f\u00fcr Live-Konzert mit Planetarium<\/h3>\n\n\n\n<p>Wir empfehlen die Buchung von Online-Tickets, da aufgrund der begrenzten Platzzahl nicht garantiert werden kann, dass es Restkarten an der Abendkasse gibt.<\/p>\n\n\n\n<p><strong>Ort: PLANET KA, Alter Schlachthof 4<br>Zeit: Samstag, 11. April 2026, 21 Uhr<\/strong> (Einlass \/ T\u00fcren offen ab 20:30 Uhr)<\/p>\n\n\n\n<p>Einlass: 30 Minuten vor Konzertbeginn; vorher kein Zugang zum Geb\u00e4ude.<\/p>\n\n\n\n<p><span style=\"text-decoration: underline;\">Weitere VVK-Stelle:<br><\/span>-Tourismus-Info am Marktplatz, KA<br><\/p>\n\n\n<noscript>\r\n\t<div class=\"pretix-widget-no-script\">\r\n        JavaScript is disabled in your browser. To access our ticket shop without JavaScript, please click <a target=\"_blank\" rel=\"noopener\" href=\"https:\/\/pretix.eu\/planetka\/vibravoid26\/\">here<\/a>.\t<\/div>\r\n<\/noscript>\r\n<pretix-widget event=\"https:\/\/pretix.eu\/planetka\/vibravoid26\/\" class=\"wp-block-pretix-widget\"><\/pretix-widget>\n\n\n<p>Sollte der Buchungskalender hier nicht richtig angezeigt werden, nutzen Sie bitte folgenden Link: <a href=\"https:\/\/pretix.eu\/planetka\/vibravoid26\" target=\"_blank\" rel=\"noreferrer noopener\">https:\/\/pretix.eu\/planetka\/vibravoid26<\/a><\/p>\n\n\n\n<div style=\"height:35px\" aria-hidden=\"true\" class=\"wp-block-spacer\"><\/div>\n\n\n\n<figure class=\"wp-block-image size-large\"><img loading=\"lazy\" decoding=\"async\" width=\"718\" height=\"1024\" src=\"https:\/\/planet-ka.de\/wp-content\/uploads\/2026\/03\/PlanetKA2-1-718x1024.jpg\" alt=\"\" class=\"wp-image-3644\" srcset=\"https:\/\/planet-ka.de\/wp-content\/uploads\/2026\/03\/PlanetKA2-1-718x1024.jpg 718w, https:\/\/planet-ka.de\/wp-content\/uploads\/2026\/03\/PlanetKA2-1-210x300.jpg 210w, https:\/\/planet-ka.de\/wp-content\/uploads\/2026\/03\/PlanetKA2-1-768x1096.jpg 768w, https:\/\/planet-ka.de\/wp-content\/uploads\/2026\/03\/PlanetKA2-1-1076x1536.jpg 1076w, https:\/\/planet-ka.de\/wp-content\/uploads\/2026\/03\/PlanetKA2-1-1435x2048.jpg 1435w, https:\/\/planet-ka.de\/wp-content\/uploads\/2026\/03\/PlanetKA2-1-scaled.jpg 1794w\" sizes=\"auto, (max-width: 718px) 100vw, 718px\" \/><figcaption class=\"wp-element-caption\">LEAD Technologies Inc. V1.01<\/figcaption><\/figure>","protected":false},"excerpt":{"rendered":"<p>In einer Zeit vor der Schrift war unser Sternenhimmel ein Kino der Nacht.<br \/>\n\u2013 Raoul Schrott<\/p>","protected":false},"author":1,"featured_media":3582,"parent":0,"menu_order":0,"comment_status":"closed","ping_status":"closed","template":"","meta":{"footnotes":""},"class_list":["post-3581","page","type-page","status-publish","has-post-thumbnail","hentry","","tg-column-two"],"featured_image_src":"https:\/\/planet-ka.de\/wp-content\/uploads\/2026\/03\/PlanetKA1-scaled.jpg","yoast_head":"<!-- This site is optimized with the Yoast SEO plugin v27.3 - https:\/\/yoast.com\/product\/yoast-seo-wordpress\/ -->\n<title>LIVE-Konzert: Vibravoid - PLANET KA<\/title>\n<meta name=\"description\" content=\"Space rocks. Am 11. April wird das erlebbar, wenn die D\u00fcsseldorfer Band Vibravoid zum Tournee-Abschluss im PLANET KA Planetarium Karlsruhe auftritt.\" \/>\n<meta name=\"robots\" content=\"index, follow, max-snippet:-1, max-image-preview:large, max-video-preview:-1\" \/>\n<link rel=\"canonical\" href=\"https:\/\/planet-ka.de\/en\/live-konzert-vibravoid\/\" \/>\n<meta property=\"og:locale\" content=\"en_US\" \/>\n<meta property=\"og:type\" content=\"article\" \/>\n<meta property=\"og:title\" content=\"LIVE-Konzert: Vibravoid - PLANET KA\" \/>\n<meta property=\"og:description\" content=\"Space rocks. Am 11. April wird das erlebbar, wenn die D\u00fcsseldorfer Band Vibravoid zum Tournee-Abschluss im PLANET KA Planetarium Karlsruhe auftritt.\" \/>\n<meta property=\"og:url\" content=\"https:\/\/planet-ka.de\/en\/live-konzert-vibravoid\/\" \/>\n<meta property=\"og:site_name\" content=\"PLANET KA\" \/>\n<meta property=\"article:publisher\" content=\"https:\/\/www.facebook.com\/people\/Planet-KA-Planetarium-Karlsruhe\/61573710254024\/\" \/>\n<meta property=\"article:modified_time\" content=\"2026-03-27T11:27:18+00:00\" \/>\n<meta property=\"og:image\" content=\"https:\/\/planet-ka.de\/wp-content\/uploads\/2026\/03\/PlanetKA1-scaled.jpg\" \/>\n\t<meta property=\"og:image:width\" content=\"1794\" \/>\n\t<meta property=\"og:image:height\" content=\"2560\" \/>\n\t<meta property=\"og:image:type\" content=\"image\/jpeg\" \/>\n<script type=\"application\/ld+json\" class=\"yoast-schema-graph\">{\"@context\":\"https:\\\/\\\/schema.org\",\"@graph\":[{\"@type\":\"WebPage\",\"@id\":\"https:\\\/\\\/planet-ka.de\\\/live-konzert-vibravoid\\\/\",\"url\":\"https:\\\/\\\/planet-ka.de\\\/live-konzert-vibravoid\\\/\",\"name\":\"LIVE-Konzert: Vibravoid - PLANET KA\",\"isPartOf\":{\"@id\":\"https:\\\/\\\/planet-ka.de\\\/#website\"},\"primaryImageOfPage\":{\"@id\":\"https:\\\/\\\/planet-ka.de\\\/live-konzert-vibravoid\\\/#primaryimage\"},\"image\":{\"@id\":\"https:\\\/\\\/planet-ka.de\\\/live-konzert-vibravoid\\\/#primaryimage\"},\"thumbnailUrl\":\"https:\\\/\\\/planet-ka.de\\\/wp-content\\\/uploads\\\/2026\\\/03\\\/PlanetKA1-scaled.jpg\",\"datePublished\":\"2026-03-19T10:40:49+00:00\",\"dateModified\":\"2026-03-27T11:27:18+00:00\",\"description\":\"Space rocks. Am 11. April wird das erlebbar, wenn die D\u00fcsseldorfer Band Vibravoid zum Tournee-Abschluss im PLANET KA Planetarium Karlsruhe auftritt.\",\"breadcrumb\":{\"@id\":\"https:\\\/\\\/planet-ka.de\\\/live-konzert-vibravoid\\\/#breadcrumb\"},\"inLanguage\":\"en-US\",\"potentialAction\":[{\"@type\":\"ReadAction\",\"target\":[\"https:\\\/\\\/planet-ka.de\\\/live-konzert-vibravoid\\\/\"]}]},{\"@type\":\"ImageObject\",\"inLanguage\":\"en-US\",\"@id\":\"https:\\\/\\\/planet-ka.de\\\/live-konzert-vibravoid\\\/#primaryimage\",\"url\":\"https:\\\/\\\/planet-ka.de\\\/wp-content\\\/uploads\\\/2026\\\/03\\\/PlanetKA1-scaled.jpg\",\"contentUrl\":\"https:\\\/\\\/planet-ka.de\\\/wp-content\\\/uploads\\\/2026\\\/03\\\/PlanetKA1-scaled.jpg\",\"width\":1794,\"height\":2560,\"caption\":\"LEAD Technologies Inc. V1.01\"},{\"@type\":\"BreadcrumbList\",\"@id\":\"https:\\\/\\\/planet-ka.de\\\/live-konzert-vibravoid\\\/#breadcrumb\",\"itemListElement\":[{\"@type\":\"ListItem\",\"position\":1,\"name\":\"Startseite\",\"item\":\"https:\\\/\\\/planet-ka.de\\\/\"},{\"@type\":\"ListItem\",\"position\":2,\"name\":\"LIVE-Konzert: Vibravoid\"}]},{\"@type\":\"WebSite\",\"@id\":\"https:\\\/\\\/planet-ka.de\\\/#website\",\"url\":\"https:\\\/\\\/planet-ka.de\\\/\",\"name\":\"PLANET KA\",\"description\":\"Faszination Kosmos\",\"publisher\":{\"@id\":\"https:\\\/\\\/planet-ka.de\\\/#organization\"},\"potentialAction\":[{\"@type\":\"SearchAction\",\"target\":{\"@type\":\"EntryPoint\",\"urlTemplate\":\"https:\\\/\\\/planet-ka.de\\\/?s={search_term_string}\"},\"query-input\":{\"@type\":\"PropertyValueSpecification\",\"valueRequired\":true,\"valueName\":\"search_term_string\"}}],\"inLanguage\":\"en-US\"},{\"@type\":\"Organization\",\"@id\":\"https:\\\/\\\/planet-ka.de\\\/#organization\",\"name\":\"PLANET KA\",\"url\":\"https:\\\/\\\/planet-ka.de\\\/\",\"logo\":{\"@type\":\"ImageObject\",\"inLanguage\":\"en-US\",\"@id\":\"https:\\\/\\\/planet-ka.de\\\/#\\\/schema\\\/logo\\\/image\\\/\",\"url\":\"https:\\\/\\\/planet-ka.de\\\/wp-content\\\/uploads\\\/2025\\\/03\\\/cropped-Logo-Banner-Website-Jan-25_19.png\",\"contentUrl\":\"https:\\\/\\\/planet-ka.de\\\/wp-content\\\/uploads\\\/2025\\\/03\\\/cropped-Logo-Banner-Website-Jan-25_19.png\",\"width\":225,\"height\":66,\"caption\":\"PLANET KA\"},\"image\":{\"@id\":\"https:\\\/\\\/planet-ka.de\\\/#\\\/schema\\\/logo\\\/image\\\/\"},\"sameAs\":[\"https:\\\/\\\/www.facebook.com\\\/people\\\/Planet-KA-Planetarium-Karlsruhe\\\/61573710254024\\\/\",\"https:\\\/\\\/www.instagram.com\\\/planetarium_karlsruhe\\\/\"]}]}<\/script>\n<!-- \/ Yoast SEO plugin. -->","yoast_head_json":{"title":"LIVE-Konzert: Vibravoid - PLANET KA","description":"Space rocks. Am 11. April wird das erlebbar, wenn die D\u00fcsseldorfer Band Vibravoid zum Tournee-Abschluss im PLANET KA Planetarium Karlsruhe auftritt.","robots":{"index":"index","follow":"follow","max-snippet":"max-snippet:-1","max-image-preview":"max-image-preview:large","max-video-preview":"max-video-preview:-1"},"canonical":"https:\/\/planet-ka.de\/en\/live-konzert-vibravoid\/","og_locale":"en_US","og_type":"article","og_title":"LIVE-Konzert: Vibravoid - PLANET KA","og_description":"Space rocks. Am 11. April wird das erlebbar, wenn die D\u00fcsseldorfer Band Vibravoid zum Tournee-Abschluss im PLANET KA Planetarium Karlsruhe auftritt.","og_url":"https:\/\/planet-ka.de\/en\/live-konzert-vibravoid\/","og_site_name":"PLANET KA","article_publisher":"https:\/\/www.facebook.com\/people\/Planet-KA-Planetarium-Karlsruhe\/61573710254024\/","article_modified_time":"2026-03-27T11:27:18+00:00","og_image":[{"width":1794,"height":2560,"url":"https:\/\/planet-ka.de\/wp-content\/uploads\/2026\/03\/PlanetKA1-scaled.jpg","type":"image\/jpeg"}],"schema":{"@context":"https:\/\/schema.org","@graph":[{"@type":"WebPage","@id":"https:\/\/planet-ka.de\/live-konzert-vibravoid\/","url":"https:\/\/planet-ka.de\/live-konzert-vibravoid\/","name":"LIVE-Konzert: Vibravoid - PLANET KA","isPartOf":{"@id":"https:\/\/planet-ka.de\/#website"},"primaryImageOfPage":{"@id":"https:\/\/planet-ka.de\/live-konzert-vibravoid\/#primaryimage"},"image":{"@id":"https:\/\/planet-ka.de\/live-konzert-vibravoid\/#primaryimage"},"thumbnailUrl":"https:\/\/planet-ka.de\/wp-content\/uploads\/2026\/03\/PlanetKA1-scaled.jpg","datePublished":"2026-03-19T10:40:49+00:00","dateModified":"2026-03-27T11:27:18+00:00","description":"Space rocks. Am 11. April wird das erlebbar, wenn die D\u00fcsseldorfer Band Vibravoid zum Tournee-Abschluss im PLANET KA Planetarium Karlsruhe auftritt.","breadcrumb":{"@id":"https:\/\/planet-ka.de\/live-konzert-vibravoid\/#breadcrumb"},"inLanguage":"en-US","potentialAction":[{"@type":"ReadAction","target":["https:\/\/planet-ka.de\/live-konzert-vibravoid\/"]}]},{"@type":"ImageObject","inLanguage":"en-US","@id":"https:\/\/planet-ka.de\/live-konzert-vibravoid\/#primaryimage","url":"https:\/\/planet-ka.de\/wp-content\/uploads\/2026\/03\/PlanetKA1-scaled.jpg","contentUrl":"https:\/\/planet-ka.de\/wp-content\/uploads\/2026\/03\/PlanetKA1-scaled.jpg","width":1794,"height":2560,"caption":"LEAD Technologies Inc. V1.01"},{"@type":"BreadcrumbList","@id":"https:\/\/planet-ka.de\/live-konzert-vibravoid\/#breadcrumb","itemListElement":[{"@type":"ListItem","position":1,"name":"Startseite","item":"https:\/\/planet-ka.de\/"},{"@type":"ListItem","position":2,"name":"LIVE-Konzert: Vibravoid"}]},{"@type":"WebSite","@id":"https:\/\/planet-ka.de\/#website","url":"https:\/\/planet-ka.de\/","name":"PLANET KA","description":"Cosmic Fascination","publisher":{"@id":"https:\/\/planet-ka.de\/#organization"},"potentialAction":[{"@type":"SearchAction","target":{"@type":"EntryPoint","urlTemplate":"https:\/\/planet-ka.de\/?s={search_term_string}"},"query-input":{"@type":"PropertyValueSpecification","valueRequired":true,"valueName":"search_term_string"}}],"inLanguage":"en-US"},{"@type":"Organization","@id":"https:\/\/planet-ka.de\/#organization","name":"PLANET KA","url":"https:\/\/planet-ka.de\/","logo":{"@type":"ImageObject","inLanguage":"en-US","@id":"https:\/\/planet-ka.de\/#\/schema\/logo\/image\/","url":"https:\/\/planet-ka.de\/wp-content\/uploads\/2025\/03\/cropped-Logo-Banner-Website-Jan-25_19.png","contentUrl":"https:\/\/planet-ka.de\/wp-content\/uploads\/2025\/03\/cropped-Logo-Banner-Website-Jan-25_19.png","width":225,"height":66,"caption":"PLANET KA"},"image":{"@id":"https:\/\/planet-ka.de\/#\/schema\/logo\/image\/"},"sameAs":["https:\/\/www.facebook.com\/people\/Planet-KA-Planetarium-Karlsruhe\/61573710254024\/","https:\/\/www.instagram.com\/planetarium_karlsruhe\/"]}]}},"_links":{"self":[{"href":"https:\/\/planet-ka.de\/en\/wp-json\/wp\/v2\/pages\/3581","targetHints":{"allow":["GET"]}}],"collection":[{"href":"https:\/\/planet-ka.de\/en\/wp-json\/wp\/v2\/pages"}],"about":[{"href":"https:\/\/planet-ka.de\/en\/wp-json\/wp\/v2\/types\/page"}],"author":[{"embeddable":true,"href":"https:\/\/planet-ka.de\/en\/wp-json\/wp\/v2\/users\/1"}],"replies":[{"embeddable":true,"href":"https:\/\/planet-ka.de\/en\/wp-json\/wp\/v2\/comments?post=3581"}],"version-history":[{"count":9,"href":"https:\/\/planet-ka.de\/en\/wp-json\/wp\/v2\/pages\/3581\/revisions"}],"predecessor-version":[{"id":3651,"href":"https:\/\/planet-ka.de\/en\/wp-json\/wp\/v2\/pages\/3581\/revisions\/3651"}],"wp:featuredmedia":[{"embeddable":true,"href":"https:\/\/planet-ka.de\/en\/wp-json\/wp\/v2\/media\/3582"}],"wp:attachment":[{"href":"https:\/\/planet-ka.de\/en\/wp-json\/wp\/v2\/media?parent=3581"}],"curies":[{"name":"wp","href":"https:\/\/api.w.org\/{rel}","templated":true}]}}