{"id":441,"date":"2024-05-28T19:47:52","date_gmt":"2024-05-28T17:47:52","guid":{"rendered":"https:\/\/planet-ka.de\/?page_id=441"},"modified":"2026-02-07T15:33:58","modified_gmt":"2026-02-07T14:33:58","slug":"flappi","status":"publish","type":"page","link":"https:\/\/planet-ka.de\/en\/flappi\/","title":{"rendered":"A constellation for Flappi"},"content":{"rendered":"<div class=\"wp-block-media-text is-stacked-on-mobile\"><figure class=\"wp-block-media-text__media\"><img loading=\"lazy\" decoding=\"async\" width=\"1024\" height=\"683\" src=\"https:\/\/planet-ka.de\/wp-content\/uploads\/2026\/02\/FlappiHQ-1-1024x683.png\" alt=\"\" class=\"wp-image-3462 size-full\" srcset=\"https:\/\/planet-ka.de\/wp-content\/uploads\/2026\/02\/FlappiHQ-1-1024x683.png 1024w, https:\/\/planet-ka.de\/wp-content\/uploads\/2026\/02\/FlappiHQ-1-300x200.png 300w, https:\/\/planet-ka.de\/wp-content\/uploads\/2026\/02\/FlappiHQ-1-768x512.png 768w, https:\/\/planet-ka.de\/wp-content\/uploads\/2026\/02\/FlappiHQ-1.png 1536w\" sizes=\"auto, (max-width: 1024px) 100vw, 1024px\" \/><\/figure><div class=\"wp-block-media-text__content\">\n<h6 class=\"wp-block-heading\">KINDER- &amp; FAMILIENPROGRAMM:<\/h6>\n\n\n\n<h3 class=\"wp-block-heading\"><strong>A constellation for Flappi<\/strong><\/h3>\n\n\n\n<h6 class=\"wp-block-heading\">Wird die junge Fledermaus Flappi ein eigenes Sternbild f\u00fcr Flederm\u00e4use finden? Ihr geheimnisvoller Freund Skybat kommt extra vom Mond herabgeflogen, um ihr zu helfen.<\/h6>\n\n\n\n<p><strong>F\u00fcr Kinder ab 4 Jahren &amp; die ganze Familie<\/strong><\/p>\n\n\n\n<div class=\"wp-block-buttons is-content-justification-center is-layout-flex wp-container-core-buttons-is-layout-16018d1d wp-block-buttons-is-layout-flex\">\n<div class=\"wp-block-button has-custom-width wp-block-button__width-50 is-style-outline is-style-outline--1\" id=\"flaptic\"><a class=\"wp-block-button__link has-white-color has-text-color has-background has-link-color has-text-align-center has-custom-font-size wp-element-button\" href=\"#flaptic\" style=\"border-radius:100px;background-color:#022647;font-size:17px\">Termine &amp; Tickets<\/a><\/div>\n<\/div>\n<\/div><\/div>\n\n\n\n<div style=\"height:16px\" aria-hidden=\"true\" class=\"wp-block-spacer\"><\/div>\n\n\n\n<p class=\"has-white-color has-text-color has-background has-link-color has-medium-font-size wp-elements-b77699fc4f95ee6843dbca5f66478e0e\" style=\"background-color:#022647\"><strong>Eine Fledermaus sucht ihr Sternbild<br><\/strong>Helft ihr beim Suchen und lernt viele neue Sternbilder kennen!<\/p>\n\n\n\n<div class=\"wp-block-group\"><div class=\"wp-block-group__inner-container is-layout-constrained wp-block-group-is-layout-constrained\"><div class=\"wp-block-ub-tabbed-content wp-block-ub-tabbed-content-holder wp-block-ub-tabbed-content-horizontal-holder-mobile wp-block-ub-tabbed-content-horizontal-holder-tablet\" id=\"ub-tabbed-content-7adccc4b-dcba-408c-8c4b-8dfcd6fa7233\" style=\"\">\n\t\t\t<div class=\"wp-block-ub-tabbed-content-tab-holder horizontal-tab-width-mobile horizontal-tab-width-tablet\">\n\t\t\t\t<div role=\"tablist\" class=\"wp-block-ub-tabbed-content-tabs-title wp-block-ub-tabbed-content-tabs-title-mobile-horizontal-tab wp-block-ub-tabbed-content-tabs-title-tablet-horizontal-tab\" style=\"justify-content: flex-start; \"><div role=\"tab\" id=\"ub-tabbed-content-7adccc4b-dcba-408c-8c4b-8dfcd6fa7233-tab-0\" aria-controls=\"ub-tabbed-content-7adccc4b-dcba-408c-8c4b-8dfcd6fa7233-panel-0\" aria-selected=\"false\" class=\"wp-block-ub-tabbed-content-tab-title-wrap\" style=\"--ub-tabbed-title-background-color: #022647; --ub-tabbed-title-color: #ffffff; --ub-tabbed-active-title-color: #ffffff; --ub-tabbed-active-title-background-color: #dd9933; text-align: left; \" tabindex=\"-1\">\n\t\t\t\t<div class=\"wp-block-ub-tabbed-content-tab-title\">Beschreibung<\/div>\n\t\t\t<\/div><div role=\"tab\" id=\"ub-tabbed-content-7adccc4b-dcba-408c-8c4b-8dfcd6fa7233-tab-1\" aria-controls=\"ub-tabbed-content-7adccc4b-dcba-408c-8c4b-8dfcd6fa7233-panel-1\" aria-selected=\"false\" class=\"wp-block-ub-tabbed-content-tab-title-wrap\" style=\"--ub-tabbed-title-background-color: #022647; --ub-tabbed-title-color: #ffffff; --ub-tabbed-active-title-color: #ffffff; --ub-tabbed-active-title-background-color: #dd9933; text-align: left; \" tabindex=\"-1\">\n\t\t\t\t<div class=\"wp-block-ub-tabbed-content-tab-title\">Trailer<\/div>\n\t\t\t<\/div><div role=\"tab\" id=\"ub-tabbed-content-7adccc4b-dcba-408c-8c4b-8dfcd6fa7233-tab-2\" aria-controls=\"ub-tabbed-content-7adccc4b-dcba-408c-8c4b-8dfcd6fa7233-panel-2\" aria-selected=\"true\" class=\"wp-block-ub-tabbed-content-tab-title-wrap active\" style=\"--ub-tabbed-title-background-color: #dd9933; --ub-tabbed-title-color: #ffffff; --ub-tabbed-active-title-color: #ffffff; --ub-tabbed-active-title-background-color: #dd9933; text-align: left; \" tabindex=\"-1\">\n\t\t\t\t<div class=\"wp-block-ub-tabbed-content-tab-title\">Tickets, Termine &amp; Eintrittspreise<\/div>\n\t\t\t<\/div><div role=\"tab\" id=\"ub-tabbed-content-7adccc4b-dcba-408c-8c4b-8dfcd6fa7233-tab-3\" aria-controls=\"ub-tabbed-content-7adccc4b-dcba-408c-8c4b-8dfcd6fa7233-panel-3\" aria-selected=\"false\" class=\"wp-block-ub-tabbed-content-tab-title-wrap\" style=\"--ub-tabbed-title-background-color: #022647; --ub-tabbed-title-color: #ffffff; --ub-tabbed-active-title-color: #ffffff; --ub-tabbed-active-title-background-color: #dd9933; text-align: left; \" tabindex=\"-1\">\n\t\t\t\t<div class=\"wp-block-ub-tabbed-content-tab-title\">Offers<\/div>\n\t\t\t<\/div><div role=\"tab\" id=\"ub-tabbed-content-7adccc4b-dcba-408c-8c4b-8dfcd6fa7233-tab-4\" aria-controls=\"ub-tabbed-content-7adccc4b-dcba-408c-8c4b-8dfcd6fa7233-panel-4\" aria-selected=\"false\" class=\"wp-block-ub-tabbed-content-tab-title-wrap\" style=\"--ub-tabbed-title-background-color: #022647; --ub-tabbed-title-color: #ffffff; --ub-tabbed-active-title-color: #ffffff; --ub-tabbed-active-title-background-color: #dd9933; text-align: left; \" tabindex=\"-1\">\n\t\t\t\t<div class=\"wp-block-ub-tabbed-content-tab-title\">\u00c4hnliche Programme<\/div>\n\t\t\t<\/div><\/div>\n\t\t\t<\/div>\n\t\t\t<div class=\"wp-block-ub-tabbed-content-tabs-content\" style=\"color: #abb8c3; background-color: #022647; \"><div role=\"tabpanel\" class=\"wp-block-ub-tabbed-content-tab-content-wrap ub-hide\" id=\"ub-tabbed-content-7adccc4b-dcba-408c-8c4b-8dfcd6fa7233-panel-0\" aria-labelledby=\"ub-tabbed-content-7adccc4b-dcba-408c-8c4b-8dfcd6fa7233-tab-0\" tabindex=\"0\" data-tab-anchor=\"flapdesc\">\n\n<h4 class=\"wp-block-heading has-white-color has-text-color has-link-color wp-elements-201bc5c4b7c72c408001e91c11f860d4\" id=\"flapdesc\">Sternbilder &amp; Fantasie<\/h4>\n\n\n\n<p class=\"has-white-color has-text-color has-link-color wp-elements-bd62dc113340f01caa39e0279769c4f1\">Seit vielen Jahrtausenden werden Sternbilder \u00fcberliefert. Jede Kultur und jede Epoche ihre eigenen Sternbilder. Denn die Sterne, die wir zu bestimmten Bildern zusammenfassen, bilden nicht wirklich eine Einheit untereinander (Ausnahmen wie Teile des &#8220;Gro\u00dfen Wagens&#8221; best\u00e4tigen die Regel!). <br>W\u00e4hrend manche Bilder noch recht eing\u00e4ngig sind und daher auch weitbekannt &#8212; wie das Himmels-W, der Gro\u00dfe Wagen und der Himmelsj\u00e4ger Orion &#8212; wird es bei L\u00f6we, Leier oder Pegasus schon schwieriger, ist aber mit einiger M\u00fche und ggf. Kopfverdrehen noch m\u00f6glich. Sp\u00e4testens beim Sch\u00fctzen ist es jedoch hilfreicher, sich einfach eine &#8220;Teekanne&#8221; vorzustellen. <\/p>\n\n\n\n<h5 class=\"wp-block-heading has-white-color has-text-color has-link-color wp-elements-81c19f601ee043b1fe9bf9fbe8c67db2\">Sonderling Flappi<\/h5>\n\n\n\n<p class=\"has-white-color has-text-color has-link-color wp-elements-e00ccc113168aa2c40c29920d4ebc1a9\">Flappi ist anders als die meisten Flederm\u00e4use. Das bekommt sie schon in ihrer Familie zu h\u00f6ren. Es f\u00e4ngt damit an, dass sie nicht wie &#8220;anst\u00e4ndige Flederm\u00e4use&#8221; \u00fcber Kopf h\u00e4ngend schl\u00e4ft, sondern aufrecht, mit dem Kopf nach oben&#8230;<br>Vielleicht bringt sie das dazu, dass sie nachts die &#8220;Gl\u00fchw\u00fcrmchen&#8221; am Himmel entdeckt, die aber so weit entfernt sind, dass man sie nicht fangen kann. Ob sie wohl schmecken? &#8211; Dass sie &#8220;Sterne&#8221; hei\u00dfen, und keine Gl\u00fchw\u00fcrmchen sind, erf\u00e4hrt sie von Skybat, einer Himmelsfledermaus mit blauglitzernden Fl\u00fcgeln, die extra vom Mond herabkommt, um der kleinen Flappi auf die Spr\u00fcnge zu helfen und ihr schon mal ein paar der wichtigsten Sternbilder beizubringen.<br>Ein Sternbild Fledermaus ist jedoch nicht darunter. Also macht sie sich auf die Suche durch die Nacht&#8230;<\/p>\n\n\n\n<p class=\"has-white-color has-text-color has-link-color wp-elements-b9b9070e7e8a27e5de6246bbad70a055\">Es sind alles nur die Sternbilder der Menschen. Aber wer sagt denn, dass es verboten ist, sich eigene neue Sternbilder am Himmel zu suchen? Man muss nur alte Sehgewohnheiten abwerfen &#8211; und schon geht sie los: die Entdeckungstour, den Himmel mit ganz neuen Augen sehen zu lernen. Ein Pl\u00e4doyer f\u00fcr Eigensinn und Fantasie!<br><strong><em>Und welches Sternbild wollt ihr entdecken (oder erfinden)?!<\/em><\/strong><\/p>\n\n\n\n<p><\/p>\n\n<\/div><div role=\"tabpanel\" class=\"wp-block-ub-tabbed-content-tab-content-wrap ub-hide\" id=\"ub-tabbed-content-7adccc4b-dcba-408c-8c4b-8dfcd6fa7233-panel-1\" aria-labelledby=\"ub-tabbed-content-7adccc4b-dcba-408c-8c4b-8dfcd6fa7233-tab-1\" tabindex=\"0\" data-tab-anchor=\"flaptrail\">\n\n<figure class=\"wp-block-embed is-type-video is-provider-youtube wp-block-embed-youtube wp-embed-aspect-16-9 wp-has-aspect-ratio\"><div class=\"wp-block-embed__wrapper\">\n<iframe loading=\"lazy\" title=\"Ein Sternbild f\u00fcr Flappi | Trailer\" width=\"720\" height=\"405\" src=\"https:\/\/www.youtube.com\/embed\/wRRw9dIbCB8?feature=oembed\" frameborder=\"0\" allow=\"accelerometer; autoplay; clipboard-write; encrypted-media; gyroscope; picture-in-picture; web-share\" referrerpolicy=\"strict-origin-when-cross-origin\" allowfullscreen><\/iframe>\n<\/div><figcaption class=\"wp-element-caption\">Trailer Flappi<\/figcaption><\/figure>\n\n<\/div><div role=\"tabpanel\" class=\"wp-block-ub-tabbed-content-tab-content-wrap active\" id=\"ub-tabbed-content-7adccc4b-dcba-408c-8c4b-8dfcd6fa7233-panel-2\" aria-labelledby=\"ub-tabbed-content-7adccc4b-dcba-408c-8c4b-8dfcd6fa7233-tab-2\" tabindex=\"0\" data-tab-anchor=\"flaptic\">\n\n<p class=\"has-white-color has-text-color has-link-color wp-elements-7bed3ecdccf2cff16abefb5e7bfbc588\">Wir empfehlen eine Online-Ticketbuchung vorab, da aufgrund der begrenzten Platzzahl nicht gew\u00e4hrleistet ist, dass es an der Tages-\/Abendkasse Restkarten gibt.<br>Bitte beachten Sie die unterschiedlichen Anfangszeiten, je nach gew\u00e4hltem Tag.<br><br><em>Tipp<\/em>: Unter der Woche (Mo-Do) gelten verg\u00fcnstigte Preise!<\/p>\n\n\n\n<p class=\"has-white-color has-text-color has-link-color wp-elements-be6059cf56d945336cfced8e46f493e1\">Einlass ins Geb\u00e4ude: ab ca. 30 Minuten vor Beginn. <br>Bitte beachten: <strong>Kein Nacheinlass!<\/strong> <br>Aus technischen und organisatorischen Gr\u00fcnden ist nach Beginn der Vorf\u00fchrung kein Nacheinlass mehr m\u00f6glich.<br>Ungenutzte Tickets verfallen ersatzlos.<\/p>\n\n\n<noscript>\r\n\t<div class=\"pretix-widget-no-script\">\r\n        JavaScript is disabled in your browser. To access our ticket shop without JavaScript, please click <a target=\"_blank\" rel=\"noopener\" href=\"https:\/\/pretix.eu\/planetka\/flappi\/\">here<\/a>.\t<\/div>\r\n<\/noscript>\r\n<pretix-widget event=\"https:\/\/pretix.eu\/planetka\/flappi\/\" class=\"wp-block-pretix-widget\"><\/pretix-widget>\n\n\n<p class=\"has-white-color has-text-color has-link-color wp-elements-c452d6230fc816e7fa3f57e35b5b8d3c\">Sollte der Buchungskalender hier nicht richtig angezeigt werden, nutzen Sie bitte folgenden Link: <a href=\"https:\/\/pretix.eu\/planetka\/flappi\/\" target=\"_blank\" rel=\"noreferrer noopener\">https:\/\/pretix.eu\/planetka\/flappi\/<\/a><\/p>\n\n<\/div><div role=\"tabpanel\" class=\"wp-block-ub-tabbed-content-tab-content-wrap ub-hide\" id=\"ub-tabbed-content-7adccc4b-dcba-408c-8c4b-8dfcd6fa7233-panel-3\" aria-labelledby=\"ub-tabbed-content-7adccc4b-dcba-408c-8c4b-8dfcd6fa7233-tab-3\" tabindex=\"0\">\n\n<p class=\"has-white-color has-text-color has-link-color wp-elements-c2d2972b2437d6c161230720d16f7e2f\">&#8220;Ein Sternbild f\u00fcr Flappi&#8221; kann auch exklusiv gebucht werden im Rahmen z.B. eines Kita-Besuchs oder eines Kindergeburtstags &#8211; \u00fcbrigens ebenso wie alle anderen Kinderprogramme. Sprechen Sie uns an!<\/p>\n\n<\/div><div role=\"tabpanel\" class=\"wp-block-ub-tabbed-content-tab-content-wrap ub-hide\" id=\"ub-tabbed-content-7adccc4b-dcba-408c-8c4b-8dfcd6fa7233-panel-4\" aria-labelledby=\"ub-tabbed-content-7adccc4b-dcba-408c-8c4b-8dfcd6fa7233-tab-4\" tabindex=\"0\">\n\n<div class=\"wp-block-media-text has-media-on-the-right is-stacked-on-mobile\"><div class=\"wp-block-media-text__content\">\n<h3 class=\"wp-block-heading has-white-color has-text-color has-link-color wp-elements-a2b626818367e100aa7bd339a636fa98\">Charlie's Secret<\/h3>\n\n\n\n<h4 class=\"wp-block-heading has-white-color has-text-color has-link-color wp-elements-640b378af9d549dfbe5f96b931290674\">Luisa entdeckt den Mond<\/h4>\n\n\n\n<p class=\"has-white-color has-text-color has-link-color has-medium-font-size wp-elements-d14c3d2b43eceb71543168d4dab76da6\">Ein Oster-Abenteuer mit spannender Apollo-Geschichte und Mondreise. Oder hat Opas alter Teddy &#8220;Charlie&#8221; nur geflunkert?<\/p>\n\n\n\n<p class=\"has-white-color has-text-color has-link-color has-medium-font-size wp-elements-b0d9add7dd715f198503e5ac65843a49\">Von Angelika Grothues, der Produzentin von Flappi! <\/p>\n\n\n\n<p class=\"has-white-color has-text-color has-link-color has-medium-font-size wp-elements-085952ccd9e71c71f73b74a030bc96f9\">F\u00fcr Kinder ab 4 Jahren<\/p>\n<\/div><figure class=\"wp-block-media-text__media\"><img loading=\"lazy\" decoding=\"async\" width=\"894\" height=\"894\" src=\"https:\/\/planet-ka.de\/wp-content\/uploads\/2025\/02\/81xI3ZQvh2L._UF8941000_QL80_.jpg\" alt=\"\" class=\"wp-image-1874 size-full\" srcset=\"https:\/\/planet-ka.de\/wp-content\/uploads\/2025\/02\/81xI3ZQvh2L._UF8941000_QL80_.jpg 894w, https:\/\/planet-ka.de\/wp-content\/uploads\/2025\/02\/81xI3ZQvh2L._UF8941000_QL80_-300x300.jpg 300w, https:\/\/planet-ka.de\/wp-content\/uploads\/2025\/02\/81xI3ZQvh2L._UF8941000_QL80_-150x150.jpg 150w, https:\/\/planet-ka.de\/wp-content\/uploads\/2025\/02\/81xI3ZQvh2L._UF8941000_QL80_-768x768.jpg 768w, https:\/\/planet-ka.de\/wp-content\/uploads\/2025\/02\/81xI3ZQvh2L._UF8941000_QL80_-230x230.jpg 230w, https:\/\/planet-ka.de\/wp-content\/uploads\/2025\/02\/81xI3ZQvh2L._UF8941000_QL80_-365x365.jpg 365w\" sizes=\"auto, (max-width: 894px) 100vw, 894px\" \/><\/figure><\/div>\n\n<\/div><\/div>\n\t\t<\/div><\/div><\/div>\n\n\n\n<div style=\"height:37px\" aria-hidden=\"true\" class=\"wp-block-spacer\"><\/div>","protected":false},"excerpt":{"rendered":"<p>Fledermaus Flappi sucht ihr Sternbild!<\/p>","protected":false},"author":1,"featured_media":442,"parent":0,"menu_order":0,"comment_status":"closed","ping_status":"closed","template":"","meta":{"footnotes":""},"class_list":["post-441","page","type-page","status-publish","has-post-thumbnail","hentry","","tg-column-two"],"featured_image_src":"https:\/\/planet-ka.de\/wp-content\/uploads\/2024\/05\/Flappi_Startseite_2.png","yoast_head":"<!-- This site is optimized with the Yoast SEO plugin v27.3 - https:\/\/yoast.com\/product\/yoast-seo-wordpress\/ -->\n<title>Ein Sternbild f\u00fcr Flappi - PLANET KA<\/title>\n<meta name=\"robots\" content=\"index, follow, max-snippet:-1, max-image-preview:large, max-video-preview:-1\" \/>\n<link rel=\"canonical\" href=\"https:\/\/planet-ka.de\/en\/flappi\/\" \/>\n<meta property=\"og:locale\" content=\"en_US\" \/>\n<meta property=\"og:type\" content=\"article\" \/>\n<meta property=\"og:title\" content=\"Ein Sternbild f\u00fcr Flappi - PLANET KA\" \/>\n<meta property=\"og:description\" content=\"Fledermaus Flappi sucht ihr Sternbild!\" \/>\n<meta property=\"og:url\" content=\"https:\/\/planet-ka.de\/en\/flappi\/\" \/>\n<meta property=\"og:site_name\" content=\"PLANET KA\" \/>\n<meta property=\"article:publisher\" content=\"https:\/\/www.facebook.com\/people\/Planet-KA-Planetarium-Karlsruhe\/61573710254024\/\" \/>\n<meta property=\"article:modified_time\" content=\"2026-02-07T14:33:58+00:00\" \/>\n<meta property=\"og:image\" content=\"https:\/\/planet-ka.de\/wp-content\/uploads\/2024\/05\/Flappi_Startseite_2.png\" \/>\n\t<meta property=\"og:image:width\" content=\"1000\" \/>\n\t<meta property=\"og:image:height\" content=\"666\" \/>\n\t<meta property=\"og:image:type\" content=\"image\/png\" \/>\n<script type=\"application\/ld+json\" class=\"yoast-schema-graph\">{\"@context\":\"https:\\\/\\\/schema.org\",\"@graph\":[{\"@type\":\"WebPage\",\"@id\":\"https:\\\/\\\/planet-ka.de\\\/flappi\\\/\",\"url\":\"https:\\\/\\\/planet-ka.de\\\/flappi\\\/\",\"name\":\"Ein Sternbild f\u00fcr Flappi - PLANET KA\",\"isPartOf\":{\"@id\":\"https:\\\/\\\/planet-ka.de\\\/#website\"},\"primaryImageOfPage\":{\"@id\":\"https:\\\/\\\/planet-ka.de\\\/flappi\\\/#primaryimage\"},\"image\":{\"@id\":\"https:\\\/\\\/planet-ka.de\\\/flappi\\\/#primaryimage\"},\"thumbnailUrl\":\"https:\\\/\\\/planet-ka.de\\\/wp-content\\\/uploads\\\/2024\\\/05\\\/Flappi_Startseite_2.png\",\"datePublished\":\"2024-05-28T17:47:52+00:00\",\"dateModified\":\"2026-02-07T14:33:58+00:00\",\"breadcrumb\":{\"@id\":\"https:\\\/\\\/planet-ka.de\\\/flappi\\\/#breadcrumb\"},\"inLanguage\":\"en-US\",\"potentialAction\":[{\"@type\":\"ReadAction\",\"target\":[\"https:\\\/\\\/planet-ka.de\\\/flappi\\\/\"]}]},{\"@type\":\"ImageObject\",\"inLanguage\":\"en-US\",\"@id\":\"https:\\\/\\\/planet-ka.de\\\/flappi\\\/#primaryimage\",\"url\":\"https:\\\/\\\/planet-ka.de\\\/wp-content\\\/uploads\\\/2024\\\/05\\\/Flappi_Startseite_2.png\",\"contentUrl\":\"https:\\\/\\\/planet-ka.de\\\/wp-content\\\/uploads\\\/2024\\\/05\\\/Flappi_Startseite_2.png\",\"width\":1000,\"height\":666},{\"@type\":\"BreadcrumbList\",\"@id\":\"https:\\\/\\\/planet-ka.de\\\/flappi\\\/#breadcrumb\",\"itemListElement\":[{\"@type\":\"ListItem\",\"position\":1,\"name\":\"Startseite\",\"item\":\"https:\\\/\\\/planet-ka.de\\\/\"},{\"@type\":\"ListItem\",\"position\":2,\"name\":\"Ein Sternbild f\u00fcr Flappi\"}]},{\"@type\":\"WebSite\",\"@id\":\"https:\\\/\\\/planet-ka.de\\\/#website\",\"url\":\"https:\\\/\\\/planet-ka.de\\\/\",\"name\":\"PLANET KA\",\"description\":\"Faszination Kosmos\",\"publisher\":{\"@id\":\"https:\\\/\\\/planet-ka.de\\\/#organization\"},\"potentialAction\":[{\"@type\":\"SearchAction\",\"target\":{\"@type\":\"EntryPoint\",\"urlTemplate\":\"https:\\\/\\\/planet-ka.de\\\/?s={search_term_string}\"},\"query-input\":{\"@type\":\"PropertyValueSpecification\",\"valueRequired\":true,\"valueName\":\"search_term_string\"}}],\"inLanguage\":\"en-US\"},{\"@type\":\"Organization\",\"@id\":\"https:\\\/\\\/planet-ka.de\\\/#organization\",\"name\":\"PLANET KA\",\"url\":\"https:\\\/\\\/planet-ka.de\\\/\",\"logo\":{\"@type\":\"ImageObject\",\"inLanguage\":\"en-US\",\"@id\":\"https:\\\/\\\/planet-ka.de\\\/#\\\/schema\\\/logo\\\/image\\\/\",\"url\":\"https:\\\/\\\/planet-ka.de\\\/wp-content\\\/uploads\\\/2025\\\/03\\\/cropped-Logo-Banner-Website-Jan-25_19.png\",\"contentUrl\":\"https:\\\/\\\/planet-ka.de\\\/wp-content\\\/uploads\\\/2025\\\/03\\\/cropped-Logo-Banner-Website-Jan-25_19.png\",\"width\":225,\"height\":66,\"caption\":\"PLANET KA\"},\"image\":{\"@id\":\"https:\\\/\\\/planet-ka.de\\\/#\\\/schema\\\/logo\\\/image\\\/\"},\"sameAs\":[\"https:\\\/\\\/www.facebook.com\\\/people\\\/Planet-KA-Planetarium-Karlsruhe\\\/61573710254024\\\/\",\"https:\\\/\\\/www.instagram.com\\\/planetarium_karlsruhe\\\/\"]}]}<\/script>\n<!-- \/ Yoast SEO plugin. -->","yoast_head_json":{"title":"Ein Sternbild f\u00fcr Flappi - PLANET KA","robots":{"index":"index","follow":"follow","max-snippet":"max-snippet:-1","max-image-preview":"max-image-preview:large","max-video-preview":"max-video-preview:-1"},"canonical":"https:\/\/planet-ka.de\/en\/flappi\/","og_locale":"en_US","og_type":"article","og_title":"Ein Sternbild f\u00fcr Flappi - PLANET KA","og_description":"Fledermaus Flappi sucht ihr Sternbild!","og_url":"https:\/\/planet-ka.de\/en\/flappi\/","og_site_name":"PLANET KA","article_publisher":"https:\/\/www.facebook.com\/people\/Planet-KA-Planetarium-Karlsruhe\/61573710254024\/","article_modified_time":"2026-02-07T14:33:58+00:00","og_image":[{"width":1000,"height":666,"url":"https:\/\/planet-ka.de\/wp-content\/uploads\/2024\/05\/Flappi_Startseite_2.png","type":"image\/png"}],"schema":{"@context":"https:\/\/schema.org","@graph":[{"@type":"WebPage","@id":"https:\/\/planet-ka.de\/flappi\/","url":"https:\/\/planet-ka.de\/flappi\/","name":"Ein Sternbild f\u00fcr Flappi - PLANET KA","isPartOf":{"@id":"https:\/\/planet-ka.de\/#website"},"primaryImageOfPage":{"@id":"https:\/\/planet-ka.de\/flappi\/#primaryimage"},"image":{"@id":"https:\/\/planet-ka.de\/flappi\/#primaryimage"},"thumbnailUrl":"https:\/\/planet-ka.de\/wp-content\/uploads\/2024\/05\/Flappi_Startseite_2.png","datePublished":"2024-05-28T17:47:52+00:00","dateModified":"2026-02-07T14:33:58+00:00","breadcrumb":{"@id":"https:\/\/planet-ka.de\/flappi\/#breadcrumb"},"inLanguage":"en-US","potentialAction":[{"@type":"ReadAction","target":["https:\/\/planet-ka.de\/flappi\/"]}]},{"@type":"ImageObject","inLanguage":"en-US","@id":"https:\/\/planet-ka.de\/flappi\/#primaryimage","url":"https:\/\/planet-ka.de\/wp-content\/uploads\/2024\/05\/Flappi_Startseite_2.png","contentUrl":"https:\/\/planet-ka.de\/wp-content\/uploads\/2024\/05\/Flappi_Startseite_2.png","width":1000,"height":666},{"@type":"BreadcrumbList","@id":"https:\/\/planet-ka.de\/flappi\/#breadcrumb","itemListElement":[{"@type":"ListItem","position":1,"name":"Startseite","item":"https:\/\/planet-ka.de\/"},{"@type":"ListItem","position":2,"name":"Ein Sternbild f\u00fcr Flappi"}]},{"@type":"WebSite","@id":"https:\/\/planet-ka.de\/#website","url":"https:\/\/planet-ka.de\/","name":"PLANET KA","description":"Cosmic Fascination","publisher":{"@id":"https:\/\/planet-ka.de\/#organization"},"potentialAction":[{"@type":"SearchAction","target":{"@type":"EntryPoint","urlTemplate":"https:\/\/planet-ka.de\/?s={search_term_string}"},"query-input":{"@type":"PropertyValueSpecification","valueRequired":true,"valueName":"search_term_string"}}],"inLanguage":"en-US"},{"@type":"Organization","@id":"https:\/\/planet-ka.de\/#organization","name":"PLANET KA","url":"https:\/\/planet-ka.de\/","logo":{"@type":"ImageObject","inLanguage":"en-US","@id":"https:\/\/planet-ka.de\/#\/schema\/logo\/image\/","url":"https:\/\/planet-ka.de\/wp-content\/uploads\/2025\/03\/cropped-Logo-Banner-Website-Jan-25_19.png","contentUrl":"https:\/\/planet-ka.de\/wp-content\/uploads\/2025\/03\/cropped-Logo-Banner-Website-Jan-25_19.png","width":225,"height":66,"caption":"PLANET KA"},"image":{"@id":"https:\/\/planet-ka.de\/#\/schema\/logo\/image\/"},"sameAs":["https:\/\/www.facebook.com\/people\/Planet-KA-Planetarium-Karlsruhe\/61573710254024\/","https:\/\/www.instagram.com\/planetarium_karlsruhe\/"]}]}},"_links":{"self":[{"href":"https:\/\/planet-ka.de\/en\/wp-json\/wp\/v2\/pages\/441","targetHints":{"allow":["GET"]}}],"collection":[{"href":"https:\/\/planet-ka.de\/en\/wp-json\/wp\/v2\/pages"}],"about":[{"href":"https:\/\/planet-ka.de\/en\/wp-json\/wp\/v2\/types\/page"}],"author":[{"embeddable":true,"href":"https:\/\/planet-ka.de\/en\/wp-json\/wp\/v2\/users\/1"}],"replies":[{"embeddable":true,"href":"https:\/\/planet-ka.de\/en\/wp-json\/wp\/v2\/comments?post=441"}],"version-history":[{"count":9,"href":"https:\/\/planet-ka.de\/en\/wp-json\/wp\/v2\/pages\/441\/revisions"}],"predecessor-version":[{"id":3463,"href":"https:\/\/planet-ka.de\/en\/wp-json\/wp\/v2\/pages\/441\/revisions\/3463"}],"wp:featuredmedia":[{"embeddable":true,"href":"https:\/\/planet-ka.de\/en\/wp-json\/wp\/v2\/media\/442"}],"wp:attachment":[{"href":"https:\/\/planet-ka.de\/en\/wp-json\/wp\/v2\/media?parent=441"}],"curies":[{"name":"wp","href":"https:\/\/api.w.org\/{rel}","templated":true}]}}